{"id":9,"date":"2012-06-29T14:02:34","date_gmt":"2012-06-29T14:02:34","guid":{"rendered":"http:\/\/churchope.themoholics.com\/?page_id=9"},"modified":"2018-09-21T01:28:18","modified_gmt":"2018-09-21T01:28:18","slug":"thong-diep-moi-tu-chua","status":"publish","type":"page","link":"https:\/\/www.v6.newmessage.org\/vi\/","title":{"rendered":"Th\u00f4ng \u0110i\u1ec7\u0323p M\u1edbi T\u1eeb Ch\u00faa"},"content":{"rendered":"<div class=\"two_third \" ><\/p>\n<div class=\"panel-20 border-rounded-12 background-color-gray-gallery\"><span class=\"text-color-pirate-gold font-size-36 \">Th\u00f4ng \u0110i\u1ec7p M\u1edbi l\u00e0 g\u00ec?<\/span><br \/>\n<span class=\"text-color-gray-5 font-size-20\">Th\u00f4ng \u0110i\u1ec7p M\u1edbi t\u1eeb Ch\u00faa<\/span> l\u00e0 m\u1ed9t s\u1ef1 truy\u1ec1n \u0111\u1ea1t ch\u00e2n th\u1eadt t\u1eeb \u0110\u1ea5ng T\u1ea1o H\u00f3a m\u00e0 \u0111\u00e3 \u0111\u01b0\u1ee3c g\u1eedi v\u00e0o trong th\u1ebf gi\u1edbi v\u00e0o th\u1eddi \u0111\u1ea1i c\u1ee7a s\u1ef1 \u0111\u1ed5i thay, m\u00e2u thu\u1eabn v\u00e0 bi\u1ebfn \u0111\u1ed9ng v\u0129 \u0111\u1ea1i.<br \/>\nTh\u00f4ng \u0110i\u1ec7p M\u1edbi kh\u00f4ng d\u1ef1a v\u00e0o b\u1ea5t k\u1ef3 truy\u1ec1n th\u1ed1ng t\u00edn ng\u01b0\u1ee1ng hay gi\u00e1o hu\u1ea5n th\u00e1nh linh \u0111ang t\u1ed3n t\u1ea1i n\u00e0o. N\u00f3 l\u00e0 m\u1ed9t m\u00f3n qu\u00e0 cho con ng\u01b0\u1eddi c\u1ee7a t\u1ea5t c\u1ea3 m\u1ecdi qu\u1ed1c gia v\u00e0 m\u1ecdi t\u00edn ng\u01b0\u1ee1ng. N\u00f3 t\u00f4n vinh ch\u00e2n l\u00fd lu\u00f4n t\u1ed3n t\u1ea1i trong t\u1ea5t c\u1ea3 nh\u1eefng Th\u00f4ng \u0110i\u1ec7p v\u0129 \u0111\u1ea1i m\u00e0 \u0110\u1ea5ng T\u1ea1o H\u00f3a \u0111\u00e3 t\u1eebng trao ban cho th\u1ebf gi\u1edbi, nh\u01b0ng n\u00f3 kh\u00f4ng nh\u01b0 b\u1ea5t c\u1ee9 \u0111i\u1ec1u g\u00ec \u0111\u00e3 t\u1eebng \u0111\u01b0\u1ee3c ti\u1ebft l\u1ed9 cho nh\u00e2n lo\u1ea1i tr\u01b0\u1edbc \u0111\u00e2y.<br \/>\nN\u00f3 l\u00e0 m\u1ed9t kh\u1ea3i huy\u1ec1n m\u1edbi v\u1ec1 M\u1ed9t Th\u00e1nh Linh c\u1ee7a nh\u00e2n lo\u1ea1i, s\u1ef1 b\u1ea3o t\u1ed3n th\u1ebf gi\u1edbi v\u00e0 t\u01b0\u01a1ng lai v\u00e0 \u0111\u1ecbnh m\u1ec7nh c\u1ee7a nh\u00e2n lo\u1ea1i trong m\u1ed9t C\u1ed9ng \u0110\u1ed3ng V\u0129 \u0110\u1ea1i c\u1ee7a s\u1ef1 s\u1ed1ng th\u00f4ng minh trong v\u0169 tr\u1ee5. <a href=\"https:\/\/www.newmessage.org\/vi\/introduction-new-message\/\"><em>H\u1ecdc th\u00eam&#8230;<\/em><\/a><\/div>\n<p><\/div>\n<div><\/div>\n<div class=\"one_third last\" >\n<div class=\"panel-20 border-rounded-12 background-color-gray-gallery\"><span class=\"text-color-pirate-gold font-size-36\">Tr\u1ea3i nghi\u1ec7m<\/span><br \/>\n<span class=\"text-color-gray-5 font-size-20\">Th\u00f4ng \u0110i\u1ec7\u0323p M\u1edbi<\/span><br \/>\n<iframe loading=\"lazy\" width=\"100%\" height=\"250px\" frameborder=\"0\" src=\"https:\/\/www.youtube.com\/embed\/AEdqi-ptobA\"><\/iframe><\/div>\n<p><\/div><br \/>\n<div class=\"two_third \" ><\/p>\n<div class=\"panel-20 border-rounded-12 background-color-gray-gallery\">\n<div class=\"home_feed_available_online\"><style>\nh3.hungryfeed_feed_title {}\r\ndiv.hungryfeed_feed_description {}\r\ndiv.hungryfeed_feed_content {}\r\ndiv.hungryfeed_items {}\r\ndiv.hungryfeed_item {margin-bottom: 10px;}\r\ndiv.hungryfeed_item_title {font-weight: bold;}\r\ndiv.hungryfeed_item_description {}\r\ndiv.hungryfeed_item_author {}\r\ndiv.hungryfeed_item_date {}\n<\/style>\n<script type=\"text\/javascript\">\r\n\/\/ Custom Javascript here...\r\n<\/script>\n<div style=\"margin:5px 0px 5px 0px;padding:10px;border: solid 1px red; background-color: #ff6666; color: black;\">\r\nHungryFEED can't get feed.  Don't be mad at HungryFEED. SimplePie reported: cURL error 22: The requested URL returned error: 403\r\n<\/div><\/div>\n<hr \/>\n<p><span class=\"text-color-pirate-gold font-size-32\"> Tr\u01b0\u1eddng H\u1ecdc Mi\u1ec5n Ph\u00ed <\/span><span class=\"text-color-gray-5 font-size-24 \">c\u1ee7a Th\u00f4ng \u0110i\u1ec7p M\u1edbi<\/span><\/p>\n<p>Tr\u01b0\u1eddng H\u1ecdc Mi\u1ec5n Ph\u00ed l\u00e0 m\u1ed9t c\u1ed9ng \u0111\u1ed3ng to\u00e0n c\u1ea7u c\u1ee7a nh\u1eefng ng\u01b0\u1eddi \u0111ang h\u1ecdc Th\u00f4ng \u0110i\u1ec7p M\u1edbi t\u1eeb Ch\u00faa v\u00e0 \u0111ang chia s\u1ebb n\u00f3 v\u1edbi ng\u01b0\u1eddi kh\u00e1c. Tr\u01b0\u1eddng H\u1ecdc \u0111\u01b0a cho m\u1ed9t m\u00f4i tr\u01b0\u1eddng tr\u1ef1c tuy\u1ebfn cho vi\u1ec7c h\u1ecdc m\u1ed9t m\u00ecnh, h\u1ecdc nh\u00f3m,<img loading=\"lazy\" decoding=\"async\" class=\"alignleft \" src=\"https:\/\/www.newmessage.org\/spanish-international\/wp-content\/uploads\/sites\/40\/2012\/06\/school-e1450302200653.jpg\" alt=\"\" width=\"452\" height=\"166\" \/> nh\u1eefng cu\u1ed9c t\u1ee5 h\u1ecdp qu\u1ed1c t\u1ebf, c\u00e1c s\u1ef1 ki\u1ec7n ph\u00e1t s\u00f3ng v\u00e0 s\u1ef1 t\u01b0\u01a1ng t\u00e1c trong c\u1ed9ng \u0111\u1ed3ng \u0111\u1ec3 l\u00e0m s\u00e2u s\u1eafc h\u01a1n tr\u1ea3i nghi\u1ec7m c\u1ee7a b\u1ea1n v\u1ec1 Th\u00f4ng \u0110i\u1ec7p M\u1edbi v\u00e0 li\u00ean k\u1ebft b\u1ea1n v\u1edbi nh\u1eefng h\u1ecdc sinh kh\u00e1c kh\u1eafp th\u1ebf gi\u1edbi.<\/p>\n<a class='simple_button_link ' style='background-color: #4f8fd6' href='\/free-school'   ><span>Nh\u1ea5p v\u00e0o \u0111\u00e2y \u0111\u1ec3 th\u00eam th\u00f4ng tin v\u1ec1 tr\u01b0\u1eddng h\u1ecdc mi\u1ec5n ph\u00ed<\/span><\/a>\n<\/div>\n<p><\/div>\n<div class=\"one_third last\" ><\/p>\n<div class=\"border-rounded-12 panel-20 background-color-gray-gallery\">\n<p style=\"text-align: center;\"><a href=\"https:\/\/www.newmessage.org\/vi\/the-message\/volume-1\/god-has-spoken-again\/\"><img loading=\"lazy\" decoding=\"async\" class=\"imgborder wp-image-27901 size-medium aligncenter\" src=\"https:\/\/www.newmessage.org\/vi\/wp-content\/uploads\/sites\/65\/2018\/09\/Vietnamese-GHS-front-cover-200x300.jpeg\" alt=\"\" width=\"200\" height=\"300\" srcset=\"https:\/\/www.v6.newmessage.org\/vi\/wp-content\/uploads\/sites\/65\/2018\/09\/Vietnamese-GHS-front-cover-200x300.jpeg 200w, https:\/\/www.v6.newmessage.org\/vi\/wp-content\/uploads\/sites\/65\/2018\/09\/Vietnamese-GHS-front-cover-400x600.jpeg 400w, https:\/\/www.v6.newmessage.org\/vi\/wp-content\/uploads\/sites\/65\/2018\/09\/Vietnamese-GHS-front-cover.jpeg 427w\" sizes=\"(max-width: 200px) 100vw, 200px\" \/><\/a><\/p>\n<p style=\"text-align: center;\">C\u00f3 ph\u1ea3i Ch\u00faa \u0111\u00e3 l\u1ea1i l\u00ean ti\u1ebfng? \u0110\u00e2y c\u00f3 ph\u1ea3i l\u00e0 Th\u00f4ng \u0110i\u1ec7p b\u1ea1n \u0111ang lu\u00f4n t\u00ecm? \u0110\u1ecdc nh\u1eefng l\u1eddi c\u1ee7a Kh\u1ea3i Huy\u1ec1n trong quy\u1ec3n s\u00e1ch n\u00e0y v\u00e0 \u1edf m\u1ed9t m\u1ee9c \u0111\u1ed9 s\u00e2u th\u1eb3m h\u01a1n b\u1ea1n s\u1ebd bi\u1ebft n\u1ebfu n\u00f3 l\u00e0 th\u1eadt, ch\u00e2n th\u1eadt v\u00e0 tinh khi\u1ebft, ngay c\u1ea3 n\u1ebfu n\u00f3 kh\u00e1c v\u1edbi \u0111i\u1ec1u b\u1ea1n c\u00f3 th\u1ec3 \u0111ang tin v\u00e0o. \u0110\u00f3 l\u00e0 nh\u1eadn th\u1ee9c v\u00e0 s\u1ef1 kh\u1eb3ng \u0111\u1ecbnh n\u1ed9i t\u00e2m n\u00e0y m\u00e0 c\u00f3 th\u1ec3 nh\u1eafc l\u1ea1i cho b\u1ea1n chi\u1ec1u s\u00e2u v\u00e0 quy\u1ec1n l\u1ef1c c\u1ee7a s\u1ef1 li\u00ean k\u1ebft c\u1ee7a b\u1ea1n v\u1edbi Ch\u00faa.<\/p>\n<p style=\"text-align: center;\"><a href=\"https:\/\/www.newmessage.org\/vi\/the-message\/volume-1\/god-has-spoken-again\/\">H\u1ecdc th\u00eam&#8230;<\/a><\/p>\n<p><\/div>\n<\/div>\n","protected":false},"excerpt":{"rendered":"Th\u00f4ng \u0110i\u1ec7p M\u1edbi l\u00e0 g\u00ec? Th\u00f4ng \u0110i\u1ec7p M\u1edbi t\u1eeb Ch\u00faa l\u00e0 m\u1ed9t s\u1ef1 truy\u1ec1n \u0111\u1ea1t ch\u00e2n th\u1eadt t\u1eeb \u0110\u1ea5ng T\u1ea1o H\u00f3a m\u00e0 \u0111\u00e3 \u0111\u01b0\u1ee3c g\u1eedi v\u00e0o trong th\u1ebf gi\u1edbi v\u00e0o th\u1eddi \u0111\u1ea1i c\u1ee7a s\u1ef1 \u0111\u1ed5i thay, m\u00e2u thu\u1eabn v\u00e0 bi\u1ebfn \u0111\u1ed9ng v\u0129 \u0111\u1ea1i. Th\u00f4ng \u0110i\u1ec7p M\u1edbi kh\u00f4ng d\u1ef1a v\u00e0o b\u1ea5t k\u1ef3 truy\u1ec1n th\u1ed1ng t\u00edn ng\u01b0\u1ee1ng\u2026 <a class=\"read-more\" href=\"https:\/\/www.v6.newmessage.org\/vi\/\"><span>Read More<\/span><\/a>","protected":false},"author":1,"featured_media":0,"parent":0,"menu_order":19,"comment_status":"closed","ping_status":"closed","template":"","meta":{"_monsterinsights_skip_tracking":false,"_monsterinsights_sitenote_active":false,"_monsterinsights_sitenote_note":"","_monsterinsights_sitenote_category":0,"footnotes":""},"categories":[],"tags":[656,657,653,652,658,648,655,654,649,754,650,651],"_links":{"self":[{"href":"https:\/\/www.v6.newmessage.org\/vi\/wp-json\/wp\/v2\/pages\/9"}],"collection":[{"href":"https:\/\/www.v6.newmessage.org\/vi\/wp-json\/wp\/v2\/pages"}],"about":[{"href":"https:\/\/www.v6.newmessage.org\/vi\/wp-json\/wp\/v2\/types\/page"}],"author":[{"embeddable":true,"href":"https:\/\/www.v6.newmessage.org\/vi\/wp-json\/wp\/v2\/users\/1"}],"replies":[{"embeddable":true,"href":"https:\/\/www.v6.newmessage.org\/vi\/wp-json\/wp\/v2\/comments?post=9"}],"version-history":[{"count":440,"href":"https:\/\/www.v6.newmessage.org\/vi\/wp-json\/wp\/v2\/pages\/9\/revisions"}],"predecessor-version":[{"id":27908,"href":"https:\/\/www.v6.newmessage.org\/vi\/wp-json\/wp\/v2\/pages\/9\/revisions\/27908"}],"wp:attachment":[{"href":"https:\/\/www.v6.newmessage.org\/vi\/wp-json\/wp\/v2\/media?parent=9"}],"wp:term":[{"taxonomy":"category","embeddable":true,"href":"https:\/\/www.v6.newmessage.org\/vi\/wp-json\/wp\/v2\/categories?post=9"},{"taxonomy":"post_tag","embeddable":true,"href":"https:\/\/www.v6.newmessage.org\/vi\/wp-json\/wp\/v2\/tags?post=9"}],"curies":[{"name":"wp","href":"https:\/\/api.w.org\/{rel}","templated":true}]}}