{"id":29540,"date":"2023-08-07T07:30:32","date_gmt":"2023-08-07T07:30:32","guid":{"rendered":"https:\/\/www.newmessage.org\/vi\/?page_id=29540"},"modified":"2023-08-31T05:42:16","modified_gmt":"2023-08-31T05:42:16","slug":"the-greater-darkness","status":"publish","type":"page","link":"https:\/\/www.v6.newmessage.org\/vi\/the-message\/volume-5\/the-greater-darkness\/","title":{"rendered":"B\u00f3ng \u0110en V\u0129 \u0110\u1ea1i"},"content":{"rendered":"<p><img decoding=\"async\" class=\"alignright size-large wp-image-49566 imgborder\" src=\"https:\/\/www.newmessage.org\/wp-content\/uploads\/2020\/07\/TGD-Gray-Cover-400x600.png\" alt=\"The Greater Darkness - The Alien Intervention in. the World - book front cover\" \/><\/p>\n<p><i><span style=\"font-weight: 400;\">B\u00f3ng \u0110en V\u0129 \u0110\u1ea1i <\/span><\/i><span style=\"font-weight: 400;\">l\u00e0 m\u1ed9t quy\u1ec3n s\u00e1ch s\u1eafp \u0111\u01b0\u1ee3c ph\u00e1t h\u00e0nh b\u1edfi H\u1ed9i (The Society) cho Th\u00f4ng \u0110i\u1ec7p M\u1edbi. Ph\u1ea7n c\u00f2n l\u1ea1i c\u1ee7a quy\u1ec3n s\u00e1ch s\u1ebd s\u1edbm \u0111\u01b0\u1ee3c ph\u00e1t h\u00e0nh. Ch\u00fang t\u00f4i s\u1ebd g\u1eedi th\u00f4ng b\u00e1o cho b\u1ea1n qua email ngay khi quy\u1ec3n s\u00e1ch n\u00e0y \u0111\u01b0\u1ee3c ph\u00e1t h\u00e0nh, v\u00e0 s\u1ebd c\u1eadp nh\u1eadt trang web quy\u1ec3n s\u00e1ch n\u00e0y \u0111\u1ec3 bao g\u1ed3m t\u1ea5t c\u1ea3 c\u00e1c ch\u01b0\u01a1ng.<\/span><\/p>\n<p><span style=\"font-weight: 400;\">N\u1ebfu b\u1ea1n ch\u01b0a \u0111\u0103ng k\u00fd Danh S\u00e1ch Email Th\u00f4ng \u0110i\u1ec7p M\u1edbi v\u00e0 mu\u1ed1n nh\u1eadn tin t\u1ee9c v\u00e0 c\u1eadp nh\u1eadt v\u1ec1 c\u00e1c ph\u00e1t h\u00e0nh m\u1edbi, xin vui l\u00f2ng \u0111\u0103ng k\u00fd b\u1eb1ng c\u00e1ch k\u00e9o chu\u1ed9t xu\u1ed1ng d\u01b0\u1edbi cu\u1ed1i trang v\u00e0 nh\u1eadp \u0111\u1ecba ch\u1ec9 email c\u1ee7a b\u1ea1n.<\/span><\/p>\n<div style=\"color: #525252; line-height: 1.5;\"><div class=\"toggle toggle-white\"><h4 class=\"trigger \"><span class=\"t_ico\"><\/span><a href=\"#\">H\u1ecdc th\u00eam\u2026<\/a><\/h4><div class=\"toggle_container \"><br \/>\n<div data-post-id='24520' class='insert-page insert-page-24520 '><\/div><\/div><\/div><\/div>\n<div class=\"background-color-bridesmaid padding-20\">\n<h2>M\u1ee5c l\u1ee5c<\/h2>\n<div style=\"line-height: 1.5;\">\n<p><a href=\"https:\/\/www.newmessage.org\/vi\/the-message\/volume-5\/the-greater-darkness\/protecting-yourself-from-the-intervention\/\">B\u1ea3o V\u1ec7 B\u1ea3n Th\u00e2n kh\u1ecfi S\u1ef1 Can Thi\u1ec7p<\/a><\/p>\n<p><a href=\"https:\/\/www.newmessage.org\/vi\/the-message\/volume-5\/the-greater-darkness\/resisting-the-intervention\/\">Ch\u1ed1ng L\u1ea1i S\u1ef1 Can Thi\u1ec7p<\/a><\/p>\n<p><a href=\"https:\/\/www.newmessage.org\/vi\/the-message\/volume-5\/the-greater-darkness\/the-problem-of-human-denial\/\">V\u1ea5n \u0110\u1ec1 c\u1ee7a S\u1ef1 Ph\u1ee7 Nh\u1eadn c\u1ee7a Con Ng\u01b0\u1eddi<\/a><\/p>\n<p><a href=\"https:\/\/www.newmessage.org\/vi\/the-message\/volume-5\/the-greater-darkness\/effects-of-the-pacification-program\/\">\u1ea2nh H\u01b0\u1edfng c\u1ee7a Ch\u01b0\u01a1ng Tr\u00ecnh B\u00ecnh \u0110\u1ecbnh<\/a><\/p>\n<p><a href=\"https:\/\/www.newmessage.org\/vi\/the-message\/volume-5\/the-greater-darkness\/understanding-the-intervention\/\">Hi\u1ec3u \u0110\u01b0\u1ee3c S\u1ef1 Can Thi\u1ec7p<\/a><\/p>\n<\/div>\n<\/div>\n","protected":false},"excerpt":{"rendered":"<p>B\u00f3ng \u0110en V\u0129 \u0110\u1ea1i l\u00e0 m\u1ed9t quy\u1ec3n s\u00e1ch s\u1eafp \u0111\u01b0\u1ee3c ph\u00e1t h\u00e0nh b\u1edfi H\u1ed9i (The Society) cho Th\u00f4ng \u0110i\u1ec7p M\u1edbi. Ph\u1ea7n c\u00f2n l\u1ea1i c\u1ee7a quy\u1ec3n s\u00e1ch s\u1ebd s\u1edbm \u0111\u01b0\u1ee3c ph\u00e1t h\u00e0nh. Ch\u00fang t\u00f4i s\u1ebd g\u1eedi th\u00f4ng b\u00e1o cho b\u1ea1n qua email ngay khi quy\u1ec3n s\u00e1ch n\u00e0y \u0111\u01b0\u1ee3c ph\u00e1t h\u00e0nh, v\u00e0 s\u1ebd c\u1eadp nh\u1eadt trang web\u2026 <a class=\"read-more\" href=\"https:\/\/www.v6.newmessage.org\/vi\/the-message\/volume-5\/the-greater-darkness\/\"><span>Read More<\/span><\/a><\/p>\n","protected":false},"author":62,"featured_media":0,"parent":27516,"menu_order":0,"comment_status":"closed","ping_status":"closed","template":"template-leftsidebar.php","meta":{"_monsterinsights_skip_tracking":false,"_monsterinsights_sitenote_active":false,"_monsterinsights_sitenote_note":"","_monsterinsights_sitenote_category":0,"footnotes":""},"categories":[1493,498],"tags":[1495,656,657,653,652,835,658,648,655,654,649,1494,677,629,650,651],"_links":{"self":[{"href":"https:\/\/www.v6.newmessage.org\/vi\/wp-json\/wp\/v2\/pages\/29540"}],"collection":[{"href":"https:\/\/www.v6.newmessage.org\/vi\/wp-json\/wp\/v2\/pages"}],"about":[{"href":"https:\/\/www.v6.newmessage.org\/vi\/wp-json\/wp\/v2\/types\/page"}],"author":[{"embeddable":true,"href":"https:\/\/www.v6.newmessage.org\/vi\/wp-json\/wp\/v2\/users\/62"}],"replies":[{"embeddable":true,"href":"https:\/\/www.v6.newmessage.org\/vi\/wp-json\/wp\/v2\/comments?post=29540"}],"version-history":[{"count":6,"href":"https:\/\/www.v6.newmessage.org\/vi\/wp-json\/wp\/v2\/pages\/29540\/revisions"}],"predecessor-version":[{"id":29690,"href":"https:\/\/www.v6.newmessage.org\/vi\/wp-json\/wp\/v2\/pages\/29540\/revisions\/29690"}],"up":[{"embeddable":true,"href":"https:\/\/www.v6.newmessage.org\/vi\/wp-json\/wp\/v2\/pages\/27516"}],"wp:attachment":[{"href":"https:\/\/www.v6.newmessage.org\/vi\/wp-json\/wp\/v2\/media?parent=29540"}],"wp:term":[{"taxonomy":"category","embeddable":true,"href":"https:\/\/www.v6.newmessage.org\/vi\/wp-json\/wp\/v2\/categories?post=29540"},{"taxonomy":"post_tag","embeddable":true,"href":"https:\/\/www.v6.newmessage.org\/vi\/wp-json\/wp\/v2\/tags?post=29540"}],"curies":[{"name":"wp","href":"https:\/\/api.w.org\/{rel}","templated":true}]}}