{"id":29081,"date":"2023-04-11T07:31:37","date_gmt":"2023-04-11T07:31:37","guid":{"rendered":"https:\/\/www.newmessage.org\/vi\/?page_id=29081"},"modified":"2024-12-26T23:53:57","modified_gmt":"2024-12-26T23:53:57","slug":"deepening-your-spiritual-practice","status":"publish","type":"page","link":"https:\/\/www.v6.newmessage.org\/vi\/the-message\/volume-3\/deepening-your-spiritual-practice\/","title":{"rendered":"L\u00e0m S\u00e2u S\u1eafc Th\u00eam Vi\u1ec7c Th\u1ef1c H\u00e0nh T\u00e2m Linh c\u1ee7a B\u1ea1n"},"content":{"rendered":"<p><img decoding=\"async\" class=\"alignright size-large wp-image-49750 imgborder\" src=\"https:\/\/www.newmessage.org\/wp-content\/uploads\/2020\/07\/DSP-Gray-Cover-399x600.png\" alt=\"Deepening you Spiritual Practice - temporary grey book front cover\" \/><\/p>\n<p><i><span style=\"font-weight: 400;\">L\u00e0m S\u00e2u S\u1eafc Th\u00eam Vi\u1ec7c Th\u1ef1c H\u00e0nh T\u00e2m Linh c\u1ee7a B\u1ea1n <\/span><\/i><span style=\"font-weight: 400;\">l\u00e0 m\u1ed9t quy\u1ec3n s\u00e1ch s\u1eafp xu\u1ea5t b\u1ea3n c\u1ee7a Kh\u1ea3i Huy\u1ec1n.<\/span><\/p>\n<p><span style=\"font-weight: 400;\">Quy\u1ec3n s\u00e1ch n\u00e0y ch\u1ee9a \u0111\u1ef1ng nh\u1eefng Kh\u1ea3i Huy\u1ec1n nguy\u00ean b\u1ea3n qua l\u1eddi n\u00f3i \u0111\u00e3 \u0111\u01b0\u1ee3c nh\u1eadn l\u00e3nh b\u1edfi S\u1ee9 Gi\u1ea3 <\/span><a href=\"https:\/\/www.newmessage.org\/vi\/who-is-marshall-vian-summers\/\"><span style=\"font-weight: 400;\">Marshall Vian Summers<\/span><\/a><span style=\"font-weight: 400;\">. S\u1ee9 Gi\u1ea3 \u0111\u00e3 \u0111\u01b0\u1ee3c ch\u1ec9 d\u1eabn b\u1edfi C\u1ed9i Ngu\u1ed3n c\u1ee7a Th\u00f4ng \u0110i\u1ec7p M\u1edbi \u0111\u1ec3 t\u1eadp h\u1ee3p nh\u1eefng kh\u1ea3i huy\u1ec1n c\u1ee7a Th\u00f4ng \u0110i\u1ec7p M\u1edbi v\u00e0o nh\u1eefng quy\u1ec3n s\u00e1ch v\u00e0 T\u1eadp S\u00e1ch thi\u00eang li\u00eang c\u1ee7a Th\u00f4ng \u0110i\u1ec7p M\u1edbi c\u1ee7a Ch\u00faa.<\/span><\/p>\n<p>&nbsp;<\/p>\n<p style=\"text-align: left;\"><div class=\"toggle toggle-white\"><h4 class=\"trigger \"><span class=\"t_ico\"><\/span><a href=\"#\">H\u1ecdc th\u00eam\u2026<\/a><\/h4><div class=\"toggle_container \"><br \/>\n<div data-post-id='24520' class='insert-page insert-page-24520 '><\/div><br \/>\n<\/div><\/div>\n<div class=\"background-color-bridesmaid padding-20\">\n<h2 style=\"text-align: left;\"><span style=\"color: #525252;\">M\u1ee5c l\u1ee5c<\/span><\/h2>\n<p><a href=\"https:\/\/www.newmessage.org\/vi\/the-message\/volume-3\/deepening-your-spiritual-practice\/still-mind\/\">T\u00e2m Tr\u00ed T\u0129nh L\u1eb7ng<\/a><br \/>\n<a href=\"https:\/\/www.newmessage.org\/vi\/the-message\/volume-3\/deepening-your-spiritual-practice\/the-inner-voice\/\">Ti\u1ebfng N\u00f3i N\u1ed9i T\u00e2m<\/a><br \/>\n<a href=\"https:\/\/www.newmessage.org\/vi\/the-message\/volume-3\/deepening-your-spiritual-practice\/the-still-mind\/\">T\u00e2m Tr\u00ed T\u0129nh L\u1eb7ng<\/a><br \/>\n<a href=\"https:\/\/www.newmessage.org\/vi\/the-message\/volume-3\/deepening-your-spiritual-practice\/spiritual-retreat\/\">\u0110\u1ee3t Tu D\u01b0\u1ee1ng T\u00e2m Linh<\/a><br \/>\n<a href=\"https:\/\/www.newmessage.org\/vi\/the-message\/volume-3\/deepening-your-spiritual-practice\/deepening-your-spiritual-practice\/\">L\u00e0m S\u00e2u S\u1eafc Th\u00eam Vi\u1ec7c Th\u1ef1c H\u00e0nh T\u00e2m Linh c\u1ee7a B\u1ea1n<\/a><br \/>\n<a href=\"https:\/\/www.newmessage.org\/vi\/the-message\/volume-3\/deepening-your-spiritual-practice\/going-beneath-the-surface-of-the-mind\/\">\u0110i Xu\u1ed1ng D\u01b0\u1edbi B\u1ec1 M\u1eb7t c\u1ee7a T\u00e2m Tr\u00ed<\/a><\/p>\n<\/div>\n","protected":false},"excerpt":{"rendered":"<p>L\u00e0m S\u00e2u S\u1eafc Th\u00eam Vi\u1ec7c Th\u1ef1c H\u00e0nh T\u00e2m Linh c\u1ee7a B\u1ea1n l\u00e0 m\u1ed9t quy\u1ec3n s\u00e1ch s\u1eafp xu\u1ea5t b\u1ea3n c\u1ee7a Kh\u1ea3i Huy\u1ec1n. Quy\u1ec3n s\u00e1ch n\u00e0y ch\u1ee9a \u0111\u1ef1ng nh\u1eefng Kh\u1ea3i Huy\u1ec1n nguy\u00ean b\u1ea3n qua l\u1eddi n\u00f3i \u0111\u00e3 \u0111\u01b0\u1ee3c nh\u1eadn l\u00e3nh b\u1edfi S\u1ee9 Gi\u1ea3 Marshall Vian Summers. S\u1ee9 Gi\u1ea3 \u0111\u00e3 \u0111\u01b0\u1ee3c ch\u1ec9 d\u1eabn b\u1edfi C\u1ed9i Ngu\u1ed3n c\u1ee7a Th\u00f4ng\u2026 <a class=\"read-more\" href=\"https:\/\/www.v6.newmessage.org\/vi\/the-message\/volume-3\/deepening-your-spiritual-practice\/\"><span>Read More<\/span><\/a><\/p>\n","protected":false},"author":62,"featured_media":0,"parent":16314,"menu_order":2,"comment_status":"closed","ping_status":"closed","template":"template-leftsidebar.php","meta":{"_monsterinsights_skip_tracking":false,"_monsterinsights_sitenote_active":false,"_monsterinsights_sitenote_note":"","_monsterinsights_sitenote_category":0,"footnotes":""},"categories":[1216,470],"tags":[1215,1519,1229],"_links":{"self":[{"href":"https:\/\/www.v6.newmessage.org\/vi\/wp-json\/wp\/v2\/pages\/29081"}],"collection":[{"href":"https:\/\/www.v6.newmessage.org\/vi\/wp-json\/wp\/v2\/pages"}],"about":[{"href":"https:\/\/www.v6.newmessage.org\/vi\/wp-json\/wp\/v2\/types\/page"}],"author":[{"embeddable":true,"href":"https:\/\/www.v6.newmessage.org\/vi\/wp-json\/wp\/v2\/users\/62"}],"replies":[{"embeddable":true,"href":"https:\/\/www.v6.newmessage.org\/vi\/wp-json\/wp\/v2\/comments?post=29081"}],"version-history":[{"count":8,"href":"https:\/\/www.v6.newmessage.org\/vi\/wp-json\/wp\/v2\/pages\/29081\/revisions"}],"predecessor-version":[{"id":29772,"href":"https:\/\/www.v6.newmessage.org\/vi\/wp-json\/wp\/v2\/pages\/29081\/revisions\/29772"}],"up":[{"embeddable":true,"href":"https:\/\/www.v6.newmessage.org\/vi\/wp-json\/wp\/v2\/pages\/16314"}],"wp:attachment":[{"href":"https:\/\/www.v6.newmessage.org\/vi\/wp-json\/wp\/v2\/media?parent=29081"}],"wp:term":[{"taxonomy":"category","embeddable":true,"href":"https:\/\/www.v6.newmessage.org\/vi\/wp-json\/wp\/v2\/categories?post=29081"},{"taxonomy":"post_tag","embeddable":true,"href":"https:\/\/www.v6.newmessage.org\/vi\/wp-json\/wp\/v2\/tags?post=29081"}],"curies":[{"name":"wp","href":"https:\/\/api.w.org\/{rel}","templated":true}]}}