{"id":28839,"date":"2022-06-04T23:56:10","date_gmt":"2022-06-04T23:56:10","guid":{"rendered":"https:\/\/www.newmessage.org\/vi\/?page_id=28839"},"modified":"2023-08-31T05:15:48","modified_gmt":"2023-08-31T05:15:48","slug":"building-the-foundation-for-a-new-life","status":"publish","type":"page","link":"https:\/\/www.v6.newmessage.org\/vi\/the-message\/volume-2\/building-the-foundation-for-a-new-life\/","title":{"rendered":"X\u00e2y D\u1ef1ng N\u1ec1n T\u1ea3ng cho m\u1ed9t Cu\u1ed9c S\u1ed1ng M\u1edbi"},"content":{"rendered":"<p><img loading=\"lazy\" decoding=\"async\" class=\"imgborder wp-image-53484 size-large alignright\" src=\"https:\/\/www.newmessage.org\/wp-content\/uploads\/2022\/03\/Vol-2-BTF-Grayscale-20220320-1-398x600.png\" alt=\"\" width=\"398\" height=\"600\" \/><\/p>\n<p><i><span style=\"font-weight: 400;\">X\u00e2y D\u1ef1ng N\u1ec1n T\u1ea3ng cho M\u1ed9t Cu\u1ed9c S\u1ed1ng M\u1edbi <\/span><\/i><span style=\"font-weight: 400;\">l\u00e0 m\u1ed9t quy\u1ec3n s\u00e1ch s\u1eafp \u0111\u01b0\u1ee3c ph\u00e1t h\u00e0nh b\u1edfi H\u1ed9i (The Society) cho Th\u00f4ng \u0110i\u1ec7p M\u1edbi. Ph\u1ea7n c\u00f2n l\u1ea1i c\u1ee7a quy\u1ec3n s\u00e1ch s\u1ebd s\u1edbm \u0111\u01b0\u1ee3c ph\u00e1t h\u00e0nh. Ch\u00fang t\u00f4i s\u1ebd g\u1eedi th\u00f4ng b\u00e1o cho b\u1ea1n qua email ngay khi quy\u1ec3n s\u00e1ch n\u00e0y \u0111\u01b0\u1ee3c ph\u00e1t h\u00e0nh, v\u00e0 s\u1ebd c\u1eadp nh\u1eadt trang web quy\u1ec3n s\u00e1ch n\u00e0y \u0111\u1ec3 bao g\u1ed3m t\u1ea5t c\u1ea3 c\u00e1c ch\u01b0\u01a1ng.<\/span><\/p>\n<p><span style=\"font-weight: 400;\">N\u1ebfu b\u1ea1n ch\u01b0a \u0111\u0103ng k\u00fd Danh S\u00e1ch Email Th\u00f4ng \u0110i\u1ec7p M\u1edbi v\u00e0 mu\u1ed1n nh\u1eadn tin t\u1ee9c v\u00e0 c\u1eadp nh\u1eadt v\u1ec1 c\u00e1c ph\u00e1t h\u00e0nh m\u1edbi, xin vui l\u00f2ng \u0111\u0103ng k\u00fd b\u1eb1ng c\u00e1ch k\u00e9o chu\u1ed9t xu\u1ed1ng d\u01b0\u1edbi cu\u1ed1i trang v\u00e0 nh\u1eadp \u0111\u1ecba ch\u1ec9 email c\u1ee7a b\u1ea1n.<\/span><\/p>\n<p><span style=\"font-weight: 400;\">Nh\u1eefng kh\u1ea3i huy\u1ec1n hi\u1ec7n t\u1ea1i \u0111\u01b0\u1ee3c ch\u1ecdn cho quy\u1ec3n s\u00e1ch n\u00e0y th\u00ec kh\u00f4ng ph\u1ea3i l\u00e0 cu\u1ed1i c\u00f9ng v\u00e0 c\u00f3 th\u1ec3 thay \u0111\u1ed5i khi quy\u1ec3n s\u00e1ch \u0111\u01b0\u1ee3c xu\u1ea5t b\u1ea3n.<\/span><\/p>\n<p><span style=\"font-weight: 400;\"><i>X\u00e2y D\u1ef1ng N\u1ec1n T\u1ea3ng cho M\u1ed9t Cu\u1ed9c S\u1ed1ng M\u1edbi <\/i>l\u00e0 quy\u1ec3n s\u00e1ch th\u1ee9 n\u0103m trong <\/span><a href=\"https:\/\/www.newmessage.org\/vi\/the-message\/volume-2\/\"><span style=\"font-weight: 400;\">T\u1eadp 2<\/span><\/a><span style=\"font-weight: 400;\"> c\u1ee7a Th\u00f4ng \u0110i\u1ec7p M\u1edbi t\u1eeb Ch\u00faa.<\/span><\/p>\n<div style=\"color: #525252; line-height: 1.5;\"><div class=\"toggle toggle-white\"><h4 class=\"trigger \"><span class=\"t_ico\"><\/span><a href=\"#\">H\u1ecdc th\u00eam\u2026<\/a><\/h4><div class=\"toggle_container \"><br \/>\n<div data-post-id='24520' class='insert-page insert-page-24520 '><\/div><\/div><\/div><\/div>\n<div class=\"background-color-bridesmaid padding-20\">\n<h2 style=\"text-align: left;\"><span style=\"color: #525252;\">Mu\u0323c lu\u0323c<\/span><\/h2>\n<div style=\"line-height: 1.5;\">\n<p><a href=\"https:\/\/www.newmessage.org\/vi\/the-message\/volume-2\/building-the-foundation-for-a-new-life\/self-confidence\/\">S\u1ef1 T\u1ef1 Tin<\/a><\/p>\n<p><a href=\"https:\/\/www.newmessage.org\/vi\/the-message\/volume-2\/building-the-foundation-for-a-new-life\/lunderstanding-money-wealth-and-power\/\">Hi\u1ec3u V\u1ec1 Ti\u1ec1n B\u1ea1c, C\u1ee7a C\u1ea3i v\u00e0 Quy\u1ec1n L\u1ef1c<\/a><\/p>\n<p><a href=\"https:\/\/www.newmessage.org\/vi\/the-message\/volume-2\/building-the-foundation-for-a-new-life\/faith-work-and-higher-purpose\/\">\u0110\u1ee9c Tin, C\u00f4ng Vi\u1ec7c v\u00e0 M\u1ee5c \u0110\u00edch Cao C\u1ea3<\/a><\/p>\n<p><a href=\"https:\/\/www.newmessage.org\/vi\/the-message\/volume-2\/building-the-foundation-for-a-new-life\/harmful-influences\/\">Nh\u1eefng \u1ea2nh H\u01b0\u1edfng C\u00f3 H\u1ea1i<\/a><\/p>\n<p><a href=\"https:\/\/www.newmessage.org\/vi\/the-message\/volume-2\/building-the-foundation-for-a-new-life\/illness-and-healing\/\">B\u1ec7nh T\u1eadt v\u00e0 Ch\u1eefa L\u00e0nh<\/a><\/p>\n<p><a href=\"https:\/\/www.newmessage.org\/vi\/the-message\/volume-2\/building-the-foundation-for-a-new-life\/simplicity\/\">S\u1ef1 \u0110\u01a1n Gi\u1ea3n<\/a><\/p>\n<p><a href=\"https:\/\/www.newmessage.org\/vi\/the-message\/volume-2\/building-the-foundation-for-a-new-life\/the-determination\/\">L\u00f2ng Quy\u1ebft T\u00e2m<\/a><\/p>\n<p><a href=\"https:\/\/www.newmessage.org\/vi\/the-message\/volume-2\/building-the-foundation-for-a-new-life\/the-ship\/\">Con T\u00e0u<\/a><\/p>\n<p><a href=\"https:\/\/www.newmessage.org\/vi\/the-message\/volume-2\/building-the-foundation-for-a-new-life\/suffering\/\">S\u1ef1 \u0110au Kh\u1ed5<\/a><\/p>\n<\/div>\n<\/div>\n","protected":false},"excerpt":{"rendered":"<p>X\u00e2y D\u1ef1ng N\u1ec1n T\u1ea3ng cho m\u1ed9t Cu\u1ed9c S\u1ed1ng M\u1edbi<\/p>\n","protected":false},"author":62,"featured_media":0,"parent":16312,"menu_order":0,"comment_status":"closed","ping_status":"closed","template":"template-leftsidebar.php","meta":{"_monsterinsights_skip_tracking":false,"_monsterinsights_sitenote_active":false,"_monsterinsights_sitenote_note":"","_monsterinsights_sitenote_category":0,"footnotes":""},"categories":[1103,467],"tags":[656,837,848,657,174,653,652,658,304,648,655,654,649,680,679,635,1492,650,651],"_links":{"self":[{"href":"https:\/\/www.v6.newmessage.org\/vi\/wp-json\/wp\/v2\/pages\/28839"}],"collection":[{"href":"https:\/\/www.v6.newmessage.org\/vi\/wp-json\/wp\/v2\/pages"}],"about":[{"href":"https:\/\/www.v6.newmessage.org\/vi\/wp-json\/wp\/v2\/types\/page"}],"author":[{"embeddable":true,"href":"https:\/\/www.v6.newmessage.org\/vi\/wp-json\/wp\/v2\/users\/62"}],"replies":[{"embeddable":true,"href":"https:\/\/www.v6.newmessage.org\/vi\/wp-json\/wp\/v2\/comments?post=28839"}],"version-history":[{"count":8,"href":"https:\/\/www.v6.newmessage.org\/vi\/wp-json\/wp\/v2\/pages\/28839\/revisions"}],"predecessor-version":[{"id":29682,"href":"https:\/\/www.v6.newmessage.org\/vi\/wp-json\/wp\/v2\/pages\/28839\/revisions\/29682"}],"up":[{"embeddable":true,"href":"https:\/\/www.v6.newmessage.org\/vi\/wp-json\/wp\/v2\/pages\/16312"}],"wp:attachment":[{"href":"https:\/\/www.v6.newmessage.org\/vi\/wp-json\/wp\/v2\/media?parent=28839"}],"wp:term":[{"taxonomy":"category","embeddable":true,"href":"https:\/\/www.v6.newmessage.org\/vi\/wp-json\/wp\/v2\/categories?post=28839"},{"taxonomy":"post_tag","embeddable":true,"href":"https:\/\/www.v6.newmessage.org\/vi\/wp-json\/wp\/v2\/tags?post=28839"}],"curies":[{"name":"wp","href":"https:\/\/api.w.org\/{rel}","templated":true}]}}