{"id":28756,"date":"2022-03-18T06:18:05","date_gmt":"2022-03-18T06:18:05","guid":{"rendered":"https:\/\/www.newmessage.org\/vi\/?page_id=28756"},"modified":"2024-07-25T01:56:36","modified_gmt":"2024-07-25T01:56:36","slug":"the-new-way-forward-for-humanity","status":"publish","type":"page","link":"https:\/\/www.v6.newmessage.org\/vi\/the-message\/volume-1\/the-new-way-forward-for-humanity\/","title":{"rendered":"Con \u0110\u01b0\u1eddng Ti\u1ebfn L\u00ean M\u1edbi cho Nh\u00e2n Lo\u1ea1i"},"content":{"rendered":"<p><img decoding=\"async\" class=\"alignright size-large wp-image-49918 imgborder\" src=\"https:\/\/www.newmessage.org\/wp-content\/uploads\/2020\/08\/NWF-Gray-Cover-398x600.png\" alt=\"The New Way Forward for Humanity - Grey book cover\" \/><\/p>\n<p><i><span style=\"font-weight: 400;\">Con \u0110\u01b0\u1eddng Ti\u1ebfn L\u00ean M\u1edbi cho Nh\u00e2n Lo\u1ea1i <\/span><\/i><span style=\"font-weight: 400;\">l\u00e0 m\u1ed9t quy\u1ec3n s\u00e1ch s\u1eafp \u0111\u01b0\u1ee3c ph\u00e1t h\u00e0nh b\u1edfi H\u1ed9i (The Society) cho Th\u00f4ng \u0110i\u1ec7p M\u1edbi. Ph\u1ea7n c\u00f2n l\u1ea1i c\u1ee7a quy\u1ec3n s\u00e1ch s\u1ebd s\u1edbm \u0111\u01b0\u1ee3c ph\u00e1t h\u00e0nh. Ch\u00fang t\u00f4i s\u1ebd g\u1eedi th\u00f4ng b\u00e1o cho b\u1ea1n qua email ngay khi quy\u1ec3n s\u00e1ch n\u00e0y \u0111\u01b0\u1ee3c ph\u00e1t h\u00e0nh, v\u00e0 s\u1ebd c\u1eadp nh\u1eadt trang web quy\u1ec3n s\u00e1ch n\u00e0y \u0111\u1ec3 bao g\u1ed3m t\u1ea5t c\u1ea3 c\u00e1c ch\u01b0\u01a1ng.<\/span><\/p>\n<p><span style=\"font-weight: 400;\">N\u1ebfu b\u1ea1n ch\u01b0a \u0111\u0103ng k\u00fd Danh S\u00e1ch Email Th\u00f4ng \u0110i\u1ec7p M\u1edbi v\u00e0 mu\u1ed1n nh\u1eadn tin t\u1ee9c v\u00e0 c\u1eadp nh\u1eadt v\u1ec1 c\u00e1c ph\u00e1t h\u00e0nh m\u1edbi, xin vui l\u00f2ng \u0111\u0103ng k\u00fd b\u1eb1ng c\u00e1ch k\u00e9o chu\u1ed9t xu\u1ed1ng d\u01b0\u1edbi cu\u1ed1i trang v\u00e0 nh\u1eadp \u0111\u1ecba ch\u1ec9 email c\u1ee7a b\u1ea1n.<\/span><\/p>\n<p><i><span style=\"font-weight: 400;\">Con \u0110\u01b0\u1eddng Ti\u1ebfn L\u00ean M\u1edbi cho Nh\u00e2n Lo\u1ea1i <\/span><\/i><span style=\"font-weight: 400;\">l\u00e0 quy\u1ec3n s\u00e1ch th\u1ee9 n\u0103m trong <a href=\"https:\/\/www.newmessage.org\/vi\/the-message\/volume-1\/\">T\u1eadp 1<\/a> c\u1ee7a Th\u00f4ng \u0110i\u1ec7p M\u1edbi t\u1eeb Ch\u00faa.<\/span><\/p>\n<div style=\"color: #525252; line-height: 1.5;\"><div class=\"toggle toggle-white\"><h4 class=\"trigger \"><span class=\"t_ico\"><\/span><a href=\"#\">H\u1ecdc th\u00eam\u2026<\/a><\/h4><div class=\"toggle_container \"><br \/>\n<div data-post-id='24520' class='insert-page insert-page-24520 '><\/div><\/div><\/div><\/div>\n<div class=\"background-color-bridesmaid padding-20\">\n<h2>M\u1ee5c l\u1ee5c<\/h2>\n<p><a href=\"https:\/\/www.newmessage.org\/vi\/the-message\/volume-1\/the-new-way-forward-for-humanity\/bringing-balance-and-security-to-the-world\/\">Mang S\u1ef1 C\u00e2n B\u1eb1ng v\u00e0 An Ninh v\u00e0o trong Th\u1ebf Gi\u1edbi<\/a><\/p>\n<p><a href=\"https:\/\/www.newmessage.org\/vi\/the-message\/volume-1\/the-new-way-forward-for-humanity\/the-importance-of-the-individual\/\">T\u1ea7m Quan Tr\u1ecdng C\u1ee7a C\u00e1 Nh\u00e2n<\/a><\/p>\n<p><a href=\"https:\/\/www.newmessage.org\/vi\/the-message\/volume-1\/the-new-way-forward-for-humanity\/the-new-way-forward-for-humanity\/\">Con \u0110\u01b0\u1eddng Ti\u1ebfn L\u00ean M\u1edbi cho Nh\u00e2n Lo\u1ea1i<\/a><\/p>\n<p><a href=\"https:\/\/www.newmessage.org\/vi\/the-message\/volume-1\/the-new-way-forward-for-humanity\/what-will-change-the-world\/\">\u0110i\u1ec1u G\u00ec s\u1ebd Thay \u0110\u1ed5i Th\u1ebf Gi\u1edbi<\/a><\/p>\n<p><a href=\"https:\/\/www.newmessage.org\/vi\/the-message\/volume-1\/the-new-way-forward-for-humanity\/facing-great-change-in-the-world\/\">\u0110\u1ed1i M\u1eb7t v\u1edbi S\u1ef1 Thay \u0110\u1ed5i V\u0129 \u0110\u1ea1i tr\u00ean Th\u1ebf Gi\u1edbi<\/a><\/p>\n<p><a href=\"https:\/\/www.newmessage.org\/vi\/the-message\/volume-1\/the-new-way-forward-for-humanity\/freedom\/\">T\u1ef1 Do<\/a><\/p>\n<p><a href=\"https:\/\/www.newmessage.org\/vi\/the-message\/volume-1\/the-new-way-forward-for-humanity\/what-god-wills-for-you\/\">\u0110i\u1ec1u Ch\u00faa Mu\u1ed1n cho B\u1ea1n<\/a><\/p>\n<p><a href=\"https:\/\/www.newmessage.org\/vi\/the-message\/other-revelations\/the-great-turning-point-for-humanity\/\">B\u01b0\u1edbc Ngo\u1eb7t V\u0129 \u0110\u1ea1i c\u1ee7a Nh\u00e2n Lo\u1ea1i<\/a><\/p>\n<p><a href=\"https:\/\/www.newmessage.org\/vi\/the-message\/volume-1\/the-new-way-forward-for-humanity\/forgiveness\/\">S\u1ef1 Tha Th\u1ee9<\/a><\/p>\n<p><a href=\"\/vi\/the-message\/volume-1\/the-new-way-forward-for-humanity\/end-war-human-unity\">\u0110i\u1ec1u G\u00ec s\u1ebd Ch\u1ea5m D\u1ee9t Chi\u1ebfn Tranh?<\/a><\/p>\n<p><a href=\"https:\/\/www.newmessage.org\/vi\/the-message\/volume-1\/the-new-way-forward-for-humanity\/what-will-save-humanity\/\">\u0110i\u1ec1u g\u00ec s\u1ebd C\u1ee9u Nh\u00e2n Lo\u1ea1i?<\/a><\/p>\n<\/div>\n","protected":false},"excerpt":{"rendered":"<p>Con \u0110\u01b0\u1eddng Ti\u1ebfn L\u00ean M\u1edbi cho Nh\u00e2n Lo\u1ea1i l\u00e0 m\u1ed9t quy\u1ec3n s\u00e1ch s\u1eafp \u0111\u01b0\u1ee3c ph\u00e1t h\u00e0nh b\u1edfi H\u1ed9i (The Society) cho Th\u00f4ng \u0110i\u1ec7p M\u1edbi. Ph\u1ea7n c\u00f2n l\u1ea1i c\u1ee7a quy\u1ec3n s\u00e1ch s\u1ebd s\u1edbm \u0111\u01b0\u1ee3c ph\u00e1t h\u00e0nh. Ch\u00fang t\u00f4i s\u1ebd g\u1eedi th\u00f4ng b\u00e1o cho b\u1ea1n qua email ngay khi quy\u1ec3n s\u00e1ch n\u00e0y \u0111\u01b0\u1ee3c ph\u00e1t h\u00e0nh, v\u00e0 s\u1ebd\u2026 <a class=\"read-more\" href=\"https:\/\/www.v6.newmessage.org\/vi\/the-message\/volume-1\/the-new-way-forward-for-humanity\/\"><span>Read More<\/span><\/a><\/p>\n","protected":false},"author":62,"featured_media":0,"parent":16287,"menu_order":1,"comment_status":"closed","ping_status":"closed","template":"template-leftsidebar.php","meta":{"_monsterinsights_skip_tracking":false,"_monsterinsights_sitenote_active":false,"_monsterinsights_sitenote_note":"","_monsterinsights_sitenote_category":0,"footnotes":""},"categories":[1070,460],"tags":[656,1439,657,653,652,658,648,655,654,649,1071,737,628,1061,650,651],"_links":{"self":[{"href":"https:\/\/www.v6.newmessage.org\/vi\/wp-json\/wp\/v2\/pages\/28756"}],"collection":[{"href":"https:\/\/www.v6.newmessage.org\/vi\/wp-json\/wp\/v2\/pages"}],"about":[{"href":"https:\/\/www.v6.newmessage.org\/vi\/wp-json\/wp\/v2\/types\/page"}],"author":[{"embeddable":true,"href":"https:\/\/www.v6.newmessage.org\/vi\/wp-json\/wp\/v2\/users\/62"}],"replies":[{"embeddable":true,"href":"https:\/\/www.v6.newmessage.org\/vi\/wp-json\/wp\/v2\/comments?post=28756"}],"version-history":[{"count":14,"href":"https:\/\/www.v6.newmessage.org\/vi\/wp-json\/wp\/v2\/pages\/28756\/revisions"}],"predecessor-version":[{"id":29728,"href":"https:\/\/www.v6.newmessage.org\/vi\/wp-json\/wp\/v2\/pages\/28756\/revisions\/29728"}],"up":[{"embeddable":true,"href":"https:\/\/www.v6.newmessage.org\/vi\/wp-json\/wp\/v2\/pages\/16287"}],"wp:attachment":[{"href":"https:\/\/www.v6.newmessage.org\/vi\/wp-json\/wp\/v2\/media?parent=28756"}],"wp:term":[{"taxonomy":"category","embeddable":true,"href":"https:\/\/www.v6.newmessage.org\/vi\/wp-json\/wp\/v2\/categories?post=28756"},{"taxonomy":"post_tag","embeddable":true,"href":"https:\/\/www.v6.newmessage.org\/vi\/wp-json\/wp\/v2\/tags?post=28756"}],"curies":[{"name":"wp","href":"https:\/\/api.w.org\/{rel}","templated":true}]}}