{"id":28736,"date":"2022-03-11T00:37:13","date_gmt":"2022-03-11T00:37:13","guid":{"rendered":"https:\/\/www.newmessage.org\/vi\/?page_id=28736"},"modified":"2024-11-04T01:51:53","modified_gmt":"2024-11-04T01:51:53","slug":"the-reformation","status":"publish","type":"page","link":"https:\/\/www.v6.newmessage.org\/vi\/the-message\/volume-1\/the-reformation\/","title":{"rendered":"Cu\u1ed9c C\u1ea3i C\u00e1ch"},"content":{"rendered":"<p><img decoding=\"async\" class=\"alignright size-large wp-image-49809 imgborder\" src=\"https:\/\/www.newmessage.org\/wp-content\/uploads\/2020\/08\/REF-Gray-Cover-402x600.png\" alt=\"The Reformation - grey book front cover\" \/><\/p>\n<p><i><span style=\"font-weight: 400;\">Cu\u1ed9c C\u1ea3i C\u00e1ch <\/span><\/i><span style=\"font-weight: 400;\">l\u00e0 m\u1ed9t quy\u1ec3n s\u00e1ch s\u1eafp \u0111\u01b0\u1ee3c ph\u00e1t h\u00e0nh b\u1edfi H\u1ed9i (The Society) cho Th\u00f4ng \u0110i\u1ec7p M\u1edbi. Ph\u1ea7n c\u00f2n l\u1ea1i c\u1ee7a quy\u1ec3n s\u00e1ch s\u1ebd s\u1edbm \u0111\u01b0\u1ee3c ph\u00e1t h\u00e0nh. Ch\u00fang t\u00f4i s\u1ebd g\u1eedi th\u00f4ng b\u00e1o cho b\u1ea1n qua email ngay khi quy\u1ec3n s\u00e1ch n\u00e0y \u0111\u01b0\u1ee3c ph\u00e1t h\u00e0nh, v\u00e0 s\u1ebd c\u1eadp nh\u1eadt trang web quy\u1ec3n s\u00e1ch n\u00e0y \u0111\u1ec3 bao g\u1ed3m t\u1ea5t c\u1ea3 c\u00e1c ch\u01b0\u01a1ng.<\/span><\/p>\n<p><span style=\"font-weight: 400;\">N\u1ebfu b\u1ea1n ch\u01b0a \u0111\u0103ng k\u00fd Danh S\u00e1ch Email Th\u00f4ng \u0110i\u1ec7p M\u1edbi v\u00e0 mu\u1ed1n nh\u1eadn tin t\u1ee9c v\u00e0 c\u1eadp nh\u1eadt v\u1ec1 c\u00e1c ph\u00e1t h\u00e0nh m\u1edbi, xin vui l\u00f2ng \u0111\u0103ng k\u00fd b\u1eb1ng c\u00e1ch k\u00e9o chu\u1ed9t xu\u1ed1ng d\u01b0\u1edbi cu\u1ed1i trang v\u00e0 nh\u1eadp \u0111\u1ecba ch\u1ec9 email c\u1ee7a b\u1ea1n.<\/span><\/p>\n<p><span style=\"font-weight: 400;\"><i>Cu\u1ed9c C\u1ea3i C\u00e1ch <\/i>l\u00e0 quy\u1ec3n s\u00e1ch th\u1ee9 n\u0103m trong <a href=\"https:\/\/www.newmessage.org\/vi\/the-message\/volume-1\/\">T\u1eadp 1<\/a> c\u1ee7a Th\u00f4ng \u0110i\u1ec7p M\u1edbi t\u1eeb Ch\u00faa.<\/span><\/p>\n<div style=\"color: #525252; line-height: 1.5;\"><div class=\"toggle toggle-white\"><h4 class=\"trigger \"><span class=\"t_ico\"><\/span><a href=\"#\">H\u1ecdc th\u00eam\u2026<\/a><\/h4><div class=\"toggle_container \"><br \/>\n<div data-post-id='24520' class='insert-page insert-page-24520 '><\/div><\/div><\/div><\/div>\n<div class=\"background-color-bridesmaid padding-20\">\n<h2 style=\"text-align: left; color: #525252;\">Mu\u0323c lu\u0323c<\/h2>\n<p><a href=\"https:\/\/www.newmessage.org\/vi\/the-message\/volume-1\/the-reformation\/the-reformation\/\">Cu\u1ed9c C\u1ea3i C\u00e1ch<\/a><br \/>\n<a href=\"https:\/\/www.newmessage.org\/vi\/the-message\/volume-1\/the-reformation\/the-new-message-for-the-impoverished-and-oppressed\/\">Th\u00f4ng \u0110i\u1ec7p M\u1edbi cho Ng\u01b0\u1eddi Ngh\u00e8o Kh\u1ed5 v\u00e0 Ng\u01b0\u1eddi B\u1ecb \u0110\u00e0n \u00c1p<\/a><br \/>\n<a href=\"https:\/\/www.newmessage.org\/vi\/the-message\/volume-1\/the-reformation\/restoring-the-world\/\">Kh\u00f4i Ph\u1ee5c Th\u1ebf Gi\u1edbi<\/a><br \/>\n<a href=\"https:\/\/www.newmessage.org\/vi\/the-message\/volume-1\/the-reformation\/poverty\/\">S\u1ef1 Ngh\u00e8o \u0110\u00f3i<\/a><br \/>\n<a href=\"\/the-message\/volume-1\/the-reformation\/real-change\/\">S\u1ef1 Thay \u0110\u1ed5i Th\u1eadt S\u1ef1<\/a><br \/>\n<a href=\"https:\/\/www.newmessage.org\/vi\/the-message\/volume-1\/the-reformation\/gods-new-message-for-political-leaders\">Th\u00f4ng \u0110i\u1ec7p M\u1edbi c\u1ee7a Ch\u00faa cho c\u00e1c Nh\u00e0 L\u00e3nh \u0110\u1ea1o Ch\u00ednh Tr\u1ecb<\/a><br \/>\n<a href=\"https:\/\/www.newmessage.org\/vi\/the-message\/volume-1\/the-reformation\/gods-new-message-for-the-islamic-world\/\">Th\u00f4ng \u0110i\u1ec7p M\u1edbi c\u1ee7a Ch\u00faa cho Th\u1ebf Gi\u1edbi H\u1ed3i Gi\u00e1o<\/a><br \/>\n<a href=\"https:\/\/www.newmessage.org\/vi\/the-message\/volume-1\/the-reformation\/the-age-of-women\/\">Th\u1eddi \u0110\u1ea1i c\u1ee7a Ph\u1ee5 N\u1eef<\/a><br \/>\n<a href=\"https:\/\/www.newmessage.org\/vi\/the-message\/volume-1\/the-reformation\/the-condition-of-the-world\/\">T\u00ecnh Tr\u1ea1ng c\u1ee7a Th\u1ebf Gi\u1edbi<\/a><br \/>\n<a href=\"https:\/\/www.newmessage.org\/vi\/the-message\/volume-1\/the-reformation\/the-engine-of-war\/\">\u0110\u1ed9ng C\u01a1 Chi\u1ebfn Tranh<\/a><br \/>\n<a href=\"https:\/\/www.newmessage.org\/vi\/the-message\/volume-1\/the-reformation\/religion-and-politics\/\">T\u00f4n Gi\u00e1o v\u00e0 Ch\u00ednh Tr\u1ecb<\/a><\/p>\n<\/div>\n","protected":false},"excerpt":{"rendered":"<p>Cu\u1ed9c C\u1ea3i C\u00e1ch l\u00e0 m\u1ed9t quy\u1ec3n s\u00e1ch s\u1eafp \u0111\u01b0\u1ee3c ph\u00e1t h\u00e0nh b\u1edfi H\u1ed9i (The Society) cho Th\u00f4ng \u0110i\u1ec7p M\u1edbi. Ph\u1ea7n c\u00f2n l\u1ea1i c\u1ee7a quy\u1ec3n s\u00e1ch s\u1ebd s\u1edbm \u0111\u01b0\u1ee3c ph\u00e1t h\u00e0nh. Ch\u00fang t\u00f4i s\u1ebd g\u1eedi th\u00f4ng b\u00e1o cho b\u1ea1n qua email ngay khi quy\u1ec3n s\u00e1ch n\u00e0y \u0111\u01b0\u1ee3c ph\u00e1t h\u00e0nh, v\u00e0 s\u1ebd c\u1eadp nh\u1eadt trang web quy\u1ec3n\u2026 <a class=\"read-more\" href=\"https:\/\/www.v6.newmessage.org\/vi\/the-message\/volume-1\/the-reformation\/\"><span>Read More<\/span><\/a><\/p>\n","protected":false},"author":62,"featured_media":0,"parent":16287,"menu_order":0,"comment_status":"closed","ping_status":"closed","template":"template-leftsidebar.php","meta":{"_monsterinsights_skip_tracking":false,"_monsterinsights_sitenote_active":false,"_monsterinsights_sitenote_note":"","_monsterinsights_sitenote_category":0,"footnotes":""},"categories":[1059,460],"tags":[1126,1060,1061],"_links":{"self":[{"href":"https:\/\/www.v6.newmessage.org\/vi\/wp-json\/wp\/v2\/pages\/28736"}],"collection":[{"href":"https:\/\/www.v6.newmessage.org\/vi\/wp-json\/wp\/v2\/pages"}],"about":[{"href":"https:\/\/www.v6.newmessage.org\/vi\/wp-json\/wp\/v2\/types\/page"}],"author":[{"embeddable":true,"href":"https:\/\/www.v6.newmessage.org\/vi\/wp-json\/wp\/v2\/users\/62"}],"replies":[{"embeddable":true,"href":"https:\/\/www.v6.newmessage.org\/vi\/wp-json\/wp\/v2\/comments?post=28736"}],"version-history":[{"count":14,"href":"https:\/\/www.v6.newmessage.org\/vi\/wp-json\/wp\/v2\/pages\/28736\/revisions"}],"predecessor-version":[{"id":29767,"href":"https:\/\/www.v6.newmessage.org\/vi\/wp-json\/wp\/v2\/pages\/28736\/revisions\/29767"}],"up":[{"embeddable":true,"href":"https:\/\/www.v6.newmessage.org\/vi\/wp-json\/wp\/v2\/pages\/16287"}],"wp:attachment":[{"href":"https:\/\/www.v6.newmessage.org\/vi\/wp-json\/wp\/v2\/media?parent=28736"}],"wp:term":[{"taxonomy":"category","embeddable":true,"href":"https:\/\/www.v6.newmessage.org\/vi\/wp-json\/wp\/v2\/categories?post=28736"},{"taxonomy":"post_tag","embeddable":true,"href":"https:\/\/www.v6.newmessage.org\/vi\/wp-json\/wp\/v2\/tags?post=28736"}],"curies":[{"name":"wp","href":"https:\/\/api.w.org\/{rel}","templated":true}]}}