{"id":28367,"date":"2021-01-21T01:08:45","date_gmt":"2021-01-21T01:08:45","guid":{"rendered":"https:\/\/www.newmessage.org\/vi\/?page_id=28367"},"modified":"2023-08-31T05:03:02","modified_gmt":"2023-08-31T05:03:02","slug":"the-time-of-revelation","status":"publish","type":"page","link":"https:\/\/www.v6.newmessage.org\/vi\/the-message\/volume-1\/the-time-of-revelation\/","title":{"rendered":"Th\u1eddi \u0110\u1ea1i c\u1ee7a Kh\u1ea3i Huy\u1ec1n"},"content":{"rendered":"<p><img decoding=\"async\" class=\"alignright size-large wp-image-49919 imgborder\" src=\"https:\/\/www.newmessage.org\/wp-content\/uploads\/2020\/08\/TOR-Gray-Cover-401x600.png\" alt=\"The Time of Revelation - Grey book cover\" \/><\/p>\n<p><i><span style=\"font-weight: 400;\">Th\u1eddi \u0110\u1ea1i c\u1ee7a Kh\u1ea3i Huy\u1ec1n <\/span><\/i><span style=\"font-weight: 400;\">l\u00e0 m\u1ed9t quy\u1ec3n s\u00e1ch s\u1eafp \u0111\u01b0\u1ee3c ph\u00e1t h\u00e0nh b\u1edfi H\u1ed9i (The Society) cho Th\u00f4ng \u0110i\u1ec7p M\u1edbi. Ph\u1ea7n c\u00f2n l\u1ea1i c\u1ee7a quy\u1ec3n s\u00e1ch s\u1ebd s\u1edbm \u0111\u01b0\u1ee3c ph\u00e1t h\u00e0nh. Ch\u00fang t\u00f4i s\u1ebd g\u1eedi th\u00f4ng b\u00e1o cho b\u1ea1n qua email ngay khi quy\u1ec3n s\u00e1ch n\u00e0y \u0111\u01b0\u1ee3c ph\u00e1t h\u00e0nh, v\u00e0 s\u1ebd c\u1eadp nh\u1eadt trang web quy\u1ec3n s\u00e1ch n\u00e0y \u0111\u1ec3 bao g\u1ed3m t\u1ea5t c\u1ea3 c\u00e1c ch\u01b0\u01a1ng.<\/span><\/p>\n<p><span style=\"font-weight: 400;\">N\u1ebfu b\u1ea1n ch\u01b0a \u0111\u0103ng k\u00fd Danh S\u00e1ch Email Th\u00f4ng \u0110i\u1ec7p M\u1edbi v\u00e0 mu\u1ed1n nh\u1eadn tin t\u1ee9c v\u00e0 c\u1eadp nh\u1eadt v\u1ec1 c\u00e1c ph\u00e1t h\u00e0nh m\u1edbi, xin vui l\u00f2ng \u0111\u0103ng k\u00fd b\u1eb1ng c\u00e1ch k\u00e9o chu\u1ed9t xu\u1ed1ng d\u01b0\u1edbi cu\u1ed1i trang v\u00e0 nh\u1eadp \u0111\u1ecba ch\u1ec9 email c\u1ee7a b\u1ea1n.<\/span><\/p>\n<p><i><span style=\"font-weight: 400;\">Th\u1eddi \u0110\u1ea1i c\u1ee7a Kh\u1ea3i Huy\u1ec1n <\/span><\/i><span style=\"font-weight: 400;\">l\u00e0 quy\u1ec3n s\u00e1ch th\u1ee9 n\u0103m trong <a href=\"https:\/\/www.newmessage.org\/vi\/the-message\/volume-1\/\">T\u1eadp 1<\/a> c\u1ee7a Th\u00f4ng \u0110i\u1ec7p M\u1edbi t\u1eeb Ch\u00faa.<\/span><\/p>\n<div style=\"color: #525252; line-height: 1.5;\"><div class=\"toggle toggle-white\"><h4 class=\"trigger \"><span class=\"t_ico\"><\/span><a href=\"#\">H\u1ecdc th\u00eam\u2026<\/a><\/h4><div class=\"toggle_container \"><br \/>\n<div data-post-id='24520' class='insert-page insert-page-24520 '><\/div><\/div><\/div><\/div>\n<div class=\"background-color-bridesmaid padding-20\">\n<h2 style=\"text-align: left; color: #525252;\">M\u1ee5c l\u1ee5c<\/h2>\n<p><a href=\"https:\/\/www.newmessage.org\/vi\/the-message\/volume-1\/the-time-of-revelation\/the-great-threshold\/\">Ng\u01b0\u1ee1ng C\u1eeda V\u0129 \u0110\u1ea1i<\/a><br \/>\n<a href=\"https:\/\/www.newmessage.org\/vi\/the-message\/volume-1\/the-time-of-revelation\/the-voice-of-the-revelation\/\">Ti\u00ea\u0301ng No\u0301i cu\u0309a Kha\u0309i Huy\u00ea\u0300n<\/a><br \/>\n<a href=\"https:\/\/www.newmessage.org\/vi\/the-message\/volume-1\/the-time-of-revelation\/buddha-and-the-new-message-from-god\/\">\u0110\u1ee9c Ph\u1eadt v\u00e0 Th\u00f4ng \u0110i\u1ec7p M\u1edbi t\u1eeb Ch\u00faa<\/a><br \/>\n<a href=\"https:\/\/www.newmessage.org\/vi\/the-message\/volume-1\/the-time-of-revelation\/jesus-and-the-new-message-from-god\/\">Gi\u00ea-su v\u00e0 Th\u00f4ng \u0110i\u1ec7p M\u1edbi t\u1eeb Ch\u00faa<\/a><br \/>\n<a href=\"https:\/\/www.newmessage.org\/vi\/the-message\/volume-1\/the-time-of-revelation\/muhammad-and-the-new-message-from-god\/\">Muhammad v\u00e0 Th\u00f4ng \u0110i\u1ec7p M\u1edbi t\u1eeb Ch\u00faa<\/a><br \/>\n<a href=\"https:\/\/www.newmessage.org\/vi\/the-message\/volume-1\/the-time-of-revelation\/the-message-and-the-messenger\/\">Th\u00f4ng \u0110i\u1ec7p v\u00e0 S\u1ee9 Gi\u1ea3<\/a><br \/>\n<a href=\"https:\/\/www.newmessage.org\/vi\/the-message\/volume-1\/the-time-of-revelation\/the-burden-of-the-messenger\/\">G\u00e1nh N\u1eb7ng c\u1ee7a S\u1ee9 Gi\u1ea3<\/a><br \/>\n<a href=\"https:\/\/www.newmessage.org\/vi\/the-message\/volume-1\/the-time-of-revelation\/destiny\/\">\u0110\u1ecbnh M\u1ec7nh<\/a><\/p>\n<\/div>\n","protected":false},"excerpt":{"rendered":"<p>Th\u1eddi \u0110\u1ea1i c\u1ee7a Kh\u1ea3i Huy\u1ec1n l\u00e0 m\u1ed9t quy\u1ec3n s\u00e1ch s\u1eafp \u0111\u01b0\u1ee3c ph\u00e1t h\u00e0nh b\u1edfi H\u1ed9i (The Society) cho Th\u00f4ng \u0110i\u1ec7p M\u1edbi. Ph\u1ea7n c\u00f2n l\u1ea1i c\u1ee7a quy\u1ec3n s\u00e1ch s\u1ebd s\u1edbm \u0111\u01b0\u1ee3c ph\u00e1t h\u00e0nh. Ch\u00fang t\u00f4i s\u1ebd g\u1eedi th\u00f4ng b\u00e1o cho b\u1ea1n qua email ngay khi quy\u1ec3n s\u00e1ch n\u00e0y \u0111\u01b0\u1ee3c ph\u00e1t h\u00e0nh, v\u00e0 s\u1ebd c\u1eadp nh\u1eadt trang\u2026 <a class=\"read-more\" href=\"https:\/\/www.v6.newmessage.org\/vi\/the-message\/volume-1\/the-time-of-revelation\/\"><span>Read More<\/span><\/a><\/p>\n","protected":false},"author":62,"featured_media":0,"parent":16287,"menu_order":3,"comment_status":"closed","ping_status":"closed","template":"template-leftsidebar.php","meta":{"_monsterinsights_skip_tracking":false,"_monsterinsights_sitenote_active":false,"_monsterinsights_sitenote_note":"","_monsterinsights_sitenote_category":0,"footnotes":""},"categories":[897,460],"tags":[656,760,657,601,653,652,658,648,655,654,649,898,903,650,651],"_links":{"self":[{"href":"https:\/\/www.v6.newmessage.org\/vi\/wp-json\/wp\/v2\/pages\/28367"}],"collection":[{"href":"https:\/\/www.v6.newmessage.org\/vi\/wp-json\/wp\/v2\/pages"}],"about":[{"href":"https:\/\/www.v6.newmessage.org\/vi\/wp-json\/wp\/v2\/types\/page"}],"author":[{"embeddable":true,"href":"https:\/\/www.v6.newmessage.org\/vi\/wp-json\/wp\/v2\/users\/62"}],"replies":[{"embeddable":true,"href":"https:\/\/www.v6.newmessage.org\/vi\/wp-json\/wp\/v2\/comments?post=28367"}],"version-history":[{"count":10,"href":"https:\/\/www.v6.newmessage.org\/vi\/wp-json\/wp\/v2\/pages\/28367\/revisions"}],"predecessor-version":[{"id":29678,"href":"https:\/\/www.v6.newmessage.org\/vi\/wp-json\/wp\/v2\/pages\/28367\/revisions\/29678"}],"up":[{"embeddable":true,"href":"https:\/\/www.v6.newmessage.org\/vi\/wp-json\/wp\/v2\/pages\/16287"}],"wp:attachment":[{"href":"https:\/\/www.v6.newmessage.org\/vi\/wp-json\/wp\/v2\/media?parent=28367"}],"wp:term":[{"taxonomy":"category","embeddable":true,"href":"https:\/\/www.v6.newmessage.org\/vi\/wp-json\/wp\/v2\/categories?post=28367"},{"taxonomy":"post_tag","embeddable":true,"href":"https:\/\/www.v6.newmessage.org\/vi\/wp-json\/wp\/v2\/tags?post=28367"}],"curies":[{"name":"wp","href":"https:\/\/api.w.org\/{rel}","templated":true}]}}