{"id":28257,"date":"2020-10-09T01:47:44","date_gmt":"2020-10-09T01:47:44","guid":{"rendered":"https:\/\/www.newmessage.org\/vi\/?page_id=28257"},"modified":"2025-01-09T06:57:27","modified_gmt":"2025-01-09T06:57:27","slug":"preparing-for-the-great-waves-of-change","status":"publish","type":"page","link":"https:\/\/www.v6.newmessage.org\/vi\/the-message\/volume-2\/preparing-for-the-great-waves-of-change\/","title":{"rendered":"Chu\u1ea9n B\u1ecb cho Nh\u1eefng \u0110\u1ee3t S\u00f3ng V\u0129 \u0110\u1ea1i c\u1ee7a \u0110\u1ed5i Thay"},"content":{"rendered":"<p><img decoding=\"async\" class=\"alignright size-large wp-image-49303 imgborder\" src=\"https:\/\/www.newmessage.org\/wp-content\/uploads\/2020\/07\/PGW-gray-cover-403x600.png\" alt=\"Preparing for the Great Waves of Change front cover\" \/><\/p>\n<p><i><span style=\"font-weight: 400;\">Chu\u1ea9n B\u1ecb cho Nh\u1eefng \u0110\u1ee3t S\u00f3ng V\u0129<\/span><\/i> <i><span style=\"font-weight: 400;\">\u0110\u1ea1i c\u1ee7a \u0110\u1ed5i Thay<\/span><\/i><span style=\"font-weight: 400;\"> l\u00e0 m\u1ed9t quy\u1ec3n s\u00e1ch s\u1eafp \u0111\u01b0\u1ee3c ph\u00e1t h\u00e0nh b\u1edfi H\u1ed9i (The Society) cho Th\u00f4ng \u0110i\u1ec7p M\u1edbi. Ph\u1ea7n c\u00f2n l\u1ea1i c\u1ee7a quy\u1ec3n s\u00e1ch s\u1ebd s\u1edbm \u0111\u01b0\u1ee3c ph\u00e1t h\u00e0nh. Ch\u00fang t\u00f4i s\u1ebd g\u1eedi th\u00f4ng b\u00e1o cho b\u1ea1n qua email ngay khi quy\u1ec3n s\u00e1ch n\u00e0y \u0111\u01b0\u1ee3c ph\u00e1t h\u00e0nh, v\u00e0 s\u1ebd c\u1eadp nh\u1eadt trang web quy\u1ec3n s\u00e1ch n\u00e0y \u0111\u1ec3 bao g\u1ed3m t\u1ea5t c\u1ea3 c\u00e1c ch\u01b0\u01a1ng.<\/span><\/p>\n<p><span style=\"font-weight: 400;\">N\u1ebfu b\u1ea1n ch\u01b0a \u0111\u0103ng k\u00fd Danh S\u00e1ch Email Th\u00f4ng \u0110i\u1ec7p M\u1edbi v\u00e0 mu\u1ed1n nh\u1eadn tin t\u1ee9c v\u00e0 c\u1eadp nh\u1eadt v\u1ec1 c\u00e1c ph\u00e1t h\u00e0nh m\u1edbi, xin vui l\u00f2ng \u0111\u0103ng k\u00fd b\u1eb1ng c\u00e1ch k\u00e9o chu\u1ed9t xu\u1ed1ng d\u01b0\u1edbi cu\u1ed1i trang v\u00e0 nh\u1eadp \u0111\u1ecba ch\u1ec9 email c\u1ee7a b\u1ea1n.<\/span><\/p>\n<p><span style=\"font-weight: 400;\"><em>Chu\u1ea9n B\u1ecb cho Nh\u1eefng \u0110\u1ee3t S\u00f3ng V\u0129 \u0110\u1ea1i c\u1ee7a \u0110\u1ed5i Thay<\/em>\u00a0l\u00e0 quy\u1ec3n s\u00e1ch th\u1ee9 n\u0103m trong <\/span><a href=\"https:\/\/www.newmessage.org\/vi\/the-message\/volume-2\/\"><span style=\"font-weight: 400;\">T\u1eadp 2<\/span><\/a><span style=\"font-weight: 400;\"> c\u1ee7a Th\u00f4ng \u0110i\u1ec7p M\u1edbi t\u1eeb Ch\u00faa.<\/span><\/p>\n<div style=\"color: #525252; line-height: 1.5;\"><div class=\"toggle toggle-white\"><h4 class=\"trigger \"><span class=\"t_ico\"><\/span><a href=\"#\">H\u1ecdc th\u00eam\u2026<\/a><\/h4><div class=\"toggle_container \"><br \/>\n<div data-post-id='24520' class='insert-page insert-page-24520 '><\/div><\/div><\/div><\/div>\n<div class=\"background-color-bridesmaid padding-20\">\n<h2 style=\"text-align: left;\"><span style=\"color: #525252;\">M\u1ee5c l\u1ee5c<\/span><\/h2>\n<div style=\"line-height: 1.5;\">\n<a href=\"https:\/\/www.v6.newmessage.org\/vi\/the-message\/volume-2\/preparing-for-the-great-waves-of-change\/preparing-for-the-future\/\">Chu\u1ea9n B\u1ecb cho T\u01b0\u01a1ng Lai<\/a><br \/>\n<a href=\"https:\/\/www.v6.newmessage.org\/vi\/the-message\/volume-2\/preparing-for-the-great-waves-of-change\/responding-to-great-change\/\">\u0110\u00e1p L\u1ea1i S\u1ef1 Thay \u0110\u1ed5i V\u0129 \u0110\u1ea1i<\/a><br \/>\n<a href=\"https:\/\/www.newmessage.org\/vi\/the-message\/volume-2\/preparing-for-the-great-waves-of-change\/how-to-live\/\">C\u00e1ch S\u1ed1ng<\/a><br \/>\n<a href=\"https:\/\/www.newmessage.org\/vi\/the-message\/volume-2\/preparing-for-the-great-waves-of-change\/how-will-you-know-what-to-do\/\">L\u00e0m Sao \u0111\u1ec3 B\u1ea1n s\u1ebd Bi\u1ebft Ph\u1ea3i L\u00e0m G\u00ec?<\/a><br \/>\n<a href=\"https:\/\/www.newmessage.org\/vi\/the-message\/volume-2\/preparing-for-the-great-waves-of-change\/facing-an-uncertain-and-difficult-world\/\">\u0110\u1ed1i M\u1eb7t v\u1edbi M\u1ed9t Th\u1ebf Gi\u1edbi B\u1ea5t Tr\u1eafc v\u00e0 Kh\u00f3 Kh\u0103n<\/a><br \/>\n<a href=\"https:\/\/www.newmessage.org\/vi\/the-message\/volume-2\/preparing-for-the-great-waves-of-change\/escaping-fear-confusion-and-hopelessness\/\">Tho\u00e1t Kh\u1ecfi S\u01b0\u0323 S\u1ee3 H\u00e3i, Hoang Mang v\u00e0 V\u00f4 V\u1ecdng<\/a><br \/>\n<a href=\"https:\/\/www.newmessage.org\/vi\/the-message\/volume-2\/preparing-for-the-great-waves-of-change\/facing-a-world-in-decline\/\">\u0110\u1ed1i M\u1eb7t v\u1edbi M\u1ed9t Th\u1ebf Gi\u1edbi \u0110ang Suy T\u00e0n<\/a><br \/>\n<a href=\"https:\/\/www.newmessage.org\/vi\/the-message\/volume-2\/preparing-for-the-great-waves-of-change\/building-your-ark\/\">\u0110\u00f3ng Con T\u00e0u c\u1ee7a B\u1ea1n<\/a><br \/>\n<a href=\"https:\/\/www.newmessage.org\/vi\/the-message\/volume-2\/preparing-for-the-great-waves-of-change\/self-reliance\/\">T\u1ef1 L\u1ef1c<\/a><br \/>\n<a href=\"https:\/\/www.newmessage.org\/vi\/the-message\/volume-2\/preparing-for-the-great-waves-of-change\/adapting-to-great-change\/\">Th\u00edch Nghi v\u1edbi S\u1ef1 Thay \u0110\u1ed5i V\u0129 \u0110\u1ea1i<\/a><br \/>\n<a href=\"https:\/\/www.newmessage.org\/vi\/the-message\/volume-2\/preparing-for-the-great-waves-of-change\/signs-from-the-world\">Nh\u1eefng D\u1ea5u Hi\u1ec7u t\u1eeb Th\u1ebf Gi\u1edbi<\/a><br \/>\n<a href=\"https:\/\/www.newmessage.org\/vi\/the-message\/volume-2\/preparing-for-the-great-waves-of-change\/seeing-what-is-coming\/\">Nh\u00ecn Th\u1ea5y \u0110i\u1ec1u G\u00ec S\u1eafp \u0110\u00ea\u0301n<\/a><br \/>\n<a href=\"https:\/\/www.newmessage.org\/vi\/the-message\/volume-2\/preparing-for-the-great-waves-of-change\/who-can-you-trust\/\">B\u1ea1n C\u00f3 Th\u1ec3 Tin T\u01b0\u1edfng Ai?<\/a>\n<\/div>\n<\/div>\n","protected":false},"excerpt":{"rendered":"<p>Chu\u1ea9n B\u1ecb cho Nh\u1eefng \u0110\u1ee3t S\u00f3ng V\u0129 \u0110\u1ea1i c\u1ee7a \u0110\u1ed5i Thay<\/p>\n","protected":false},"author":62,"featured_media":0,"parent":16312,"menu_order":0,"comment_status":"closed","ping_status":"closed","template":"template-leftsidebar.php","meta":{"_monsterinsights_skip_tracking":false,"_monsterinsights_sitenote_active":false,"_monsterinsights_sitenote_note":"","_monsterinsights_sitenote_category":0,"footnotes":""},"categories":[849,467],"tags":[656,837,848,657,174,653,652,658,304,648,655,654,649,680,679,635,650,651],"_links":{"self":[{"href":"https:\/\/www.v6.newmessage.org\/vi\/wp-json\/wp\/v2\/pages\/28257"}],"collection":[{"href":"https:\/\/www.v6.newmessage.org\/vi\/wp-json\/wp\/v2\/pages"}],"about":[{"href":"https:\/\/www.v6.newmessage.org\/vi\/wp-json\/wp\/v2\/types\/page"}],"author":[{"embeddable":true,"href":"https:\/\/www.v6.newmessage.org\/vi\/wp-json\/wp\/v2\/users\/62"}],"replies":[{"embeddable":true,"href":"https:\/\/www.v6.newmessage.org\/vi\/wp-json\/wp\/v2\/comments?post=28257"}],"version-history":[{"count":14,"href":"https:\/\/www.v6.newmessage.org\/vi\/wp-json\/wp\/v2\/pages\/28257\/revisions"}],"predecessor-version":[{"id":29782,"href":"https:\/\/www.v6.newmessage.org\/vi\/wp-json\/wp\/v2\/pages\/28257\/revisions\/29782"}],"up":[{"embeddable":true,"href":"https:\/\/www.v6.newmessage.org\/vi\/wp-json\/wp\/v2\/pages\/16312"}],"wp:attachment":[{"href":"https:\/\/www.v6.newmessage.org\/vi\/wp-json\/wp\/v2\/media?parent=28257"}],"wp:term":[{"taxonomy":"category","embeddable":true,"href":"https:\/\/www.v6.newmessage.org\/vi\/wp-json\/wp\/v2\/categories?post=28257"},{"taxonomy":"post_tag","embeddable":true,"href":"https:\/\/www.v6.newmessage.org\/vi\/wp-json\/wp\/v2\/tags?post=28257"}],"curies":[{"name":"wp","href":"https:\/\/api.w.org\/{rel}","templated":true}]}}