{"id":28254,"date":"2020-10-08T01:25:03","date_gmt":"2020-10-08T01:25:03","guid":{"rendered":"https:\/\/www.newmessage.org\/vi\/?page_id=28254"},"modified":"2020-10-08T01:25:58","modified_gmt":"2020-10-08T01:25:58","slug":"the-community-site","status":"publish","type":"page","link":"https:\/\/www.v6.newmessage.org\/vi\/worldwide-community-3\/the-community-site\/","title":{"rendered":"Trang C\u1ed9ng \u0110\u1ed3ng"},"content":{"rendered":"<p><a href=\"https:\/\/www.community.newmessage.org\"><img loading=\"lazy\" decoding=\"async\" class=\"imgborder aligncenter wp-image-28379 size-full\" src=\"https:\/\/www.newmessage.org\/ko\/wp-content\/uploads\/sites\/46\/2020\/10\/CS-logo-2.png\" alt=\"\" width=\"504\" height=\"127\" \/><\/a><\/p>\n<p>Trang C\u1ed9ng \u0110\u1ed3ng l\u00e0 m\u1ed9t ng\u00f4i nh\u00e0 to\u00e0n c\u1ea7u cho c\u00e1c ho\u0323c sinh c\u1ee7a Th\u00f4ng \u0110i\u1ec7p M\u1edbi kh\u1eafp th\u1ebf gi\u1edbi. \u0110\u01b0\u1ee3c t\u1ed5 ch\u1ee9c b\u1edfi H\u00f4\u0323i\/The Society cho Th\u00f4ng \u0110i\u00ea\u0323p M\u01a1\u0301i, Trang n\u00e0y cung c\u1ea5p n\u01a1i m\u00e0 b\u1ea1n c\u00f3 th\u1ec3 t\u1ee5 h\u1ecdp v\u1edbi nh\u1eefng ng\u01b0\u1eddi kh\u00e1c \u0111\u01b0\u01a1\u0323c lay \u0111\u1ed9ng b\u01a1\u0309i <a href=\"https:\/\/translate.google.com\/translate?hl=en&amp;prev=_t&amp;sl=auto&amp;tl=vi&amp;u=http:\/\/www.newmessage.org\/\">Th\u00f4ng \u0110i\u1ec7p M\u1edbi<\/a> , <a href=\"https:\/\/translate.google.com\/translate?hl=en&amp;prev=_t&amp;sl=auto&amp;tl=vi&amp;u=https:\/\/www.alliesofhumanity.org\/\">Nh\u01b0\u0303ng Ba\u0300i Chi\u0309 D\u00e2\u0303n b\u01a1\u0309i \u0110\u1ed3ng Minh cu\u0309a Nh\u00e2n Lo\u1ea1i<\/a> v\u00e0 <a href=\"https:\/\/translate.google.com\/translate?hl=en&amp;prev=_t&amp;sl=auto&amp;tl=vi&amp;u=https:\/\/www.newmessage.org\/gods-messenger\/the-messenger-speaks\">nh\u1eefng ba\u0300i gia\u0309ng c\u1ee7a Marshall Vian Summers<\/a> v\u00e0 x\u00e2y d\u1ef1ng c\u00e1c m\u1ed1i quan h\u1ec7 c\u00f3 m\u1ee5c \u0111\u00edch trong ph\u1ee5ng v\u1ee5 cho th\u1ebf gi\u1edbi v\u01a1\u0301i nhu c\u00e2\u0300u.<\/p>\n<p>Trang web n\u00e0y \u0111\u01b0\u1ee3c t\u1ea1o ra nh\u01b0 m\u1ed9t n\u01a1i duy nh\u1ea5t, \u0111a n\u0103ng cho c\u00e1c ho\u0323c sinh c\u1ee7a Th\u00f4ng \u0110i\u1ec7p M\u1edbi v\u00e0 nh\u1eefng ng\u01b0\u1eddi kh\u00e1c t\u01b0\u0300 kh\u1eafp th\u1ebf gi\u1edbi \u0111\u00ea\u0309 tham gia v\u01a1\u0301i c\u00e1c b\u00e0i gi\u1ea3ng Th\u00f4ng \u0110i\u1ec7p M\u1edbi, S\u1ee9 Gi\u1ea3 Marshall Vian Summers, <a href=\"https:\/\/translate.google.com\/translate?hl=en&amp;prev=_t&amp;sl=auto&amp;tl=vi&amp;u=http:\/\/www.newmessage.org\/society\">H\u1ed9i\/The Society cho Th\u00f4ng \u0110i\u1ec7p M\u1edbi<\/a> v\u00e0 c\u00e1c ho\u0323c sinh kh\u00e1c kh\u1eafp th\u1ebf gi\u1edbi.<\/p>\n<p>Trang web c\u0169ng l\u00e0 n\u01a1i \u0111\u1ec3 S\u01b0\u0301 Gia\u0309 v\u00e0 H\u1ed9i\/The Society li\u00ean l\u1ea1c tr\u1ef1c ti\u1ebfp v\u1edbi b\u1ea1n v\u00e0 nh\u1eefng ng\u01b0\u1eddi kh\u00e1c v\u1ec1 Th\u00f4ng \u0110i\u1ec7p M\u1edbi, s\u1ee9 m\u1ec7nh c\u1ee7a n\u00f3, nh\u1eefng l\u1eddi d\u1ea1y c\u1ee7a n\u00f3, va\u0300 minh tri\u00ea\u0301t cu\u0309a no\u0301 v\u00e0 s\u01b0\u0323 di chuy\u00ea\u0309n c\u1ee7a n\u00f3 tr\u00ean th\u1ebf gi\u1edbi. V\u00e0 n\u00f3 l\u00e0 n\u01a1i \u0111\u1ec3 b\u1ea1n trao \u0111\u1ed5i tr\u1ef1c ti\u1ebfp l\u1ea1i v\u1edbi ch\u00fang t\u00f4i v\u00e0 c\u00e1c h\u1ecdc sinh kh\u00e1c c\u1ee7a Th\u00f4ng \u0110i\u00ea\u0323p M\u1edbi.<\/p>\n<p>T\u1ea7m nh\u00ecn n\u00e0y bao g\u1ed3m vi\u1ec7c nghe tr\u1ef1c ti\u1ebfp t\u1eeb S\u01b0\u0301 Gia\u0309. H\u1ecdc h\u1ecfi tr\u1ef1c ti\u1ebfp t\u1eeb Patricia v\u00e0 Reed Summers v\u00e0 c\u00e1c th\u00e0nh vi\u00ean kh\u00e1c c\u1ee7a H\u1ed9i\/The Society. M\u1ed7i h\u1ecdc sinh l\u00e0 m\u1ed9t ph\u1ea7n c\u1ee7a chu\u1ed7i truy\u00ea\u0300n tin t\u1ee9c v\u00e0 s\u1ef1 ki\u1ec7n quan tr\u1ecdng khi ch\u00fang x\u1ea3y ra trong s\u1ee9 m\u1ec7nh c\u1ee7a Th\u00f4ng \u0110i\u1ec7p M\u1edbi\u2026 t\u1eeb nh\u1eefng Kha\u0309i Huy\u00ea\u0300n m\u1edbi \u0111\u01b0\u1ee3c nh\u00e2\u0323n la\u0303nh b\u01a1\u0309i S\u01b0\u0301 Gia\u0309, Afterglows \u0111\u01b0\u1ee3c chia s\u1ebb trong qu\u00e1 tr\u00ecnh n\u00e0y, nh\u1eefng B\u00e0i Gi\u1ea3ng, video v\u00e0 th\u00f4ng tin m\u1edbi \u0111\u01b0\u1ee3c ph\u00e1t h\u00e0nh \u0111\u1ec3 m\u1edf r\u1ed9ng h\u01a1n n\u1eefa s\u1ef1 hi\u1ec7n di\u1ec7n v\u00e0 quy\u00ea\u0300n l\u01b0\u0323c c\u1ee7a Th\u00f4ng \u0110i\u1ec7p M\u1edbi trong cu\u1ed9c s\u1ed1ng c\u1ee7a ch\u00fang ta v\u00e0 th\u1ebf gi\u1edbi. V\u00e0 t\u01b0\u01a1ng t\u00e1c v\u1edbi nhau trong vi\u00ea\u0323c v\u1eadt l\u1ed9n v\u00e0 tr\u1ea3i nghi\u00ea\u0323m nh\u1eefng th\u00e1ch th\u1ee9c v\u00e0 l\u1ee3i \u00edch c\u1ee7a Th\u00f4ng \u0110i\u1ec7p M\u1edbi trong cu\u1ed9c s\u1ed1ng c\u1ee7a ch\u00fang ta.<\/p>\n<p>B\u1ea1n v\u00e0 nh\u1eefng ng\u01b0\u1eddi kh\u00e1c mang l\u1ea1i cu\u00f4\u0323c s\u1ed1ng v\u00e0 s\u1ee9c s\u1ed1ng cho trang web n\u00e0y ma\u0300 s\u1ebd gi\u00fap n\u00f3 tr\u1edf th\u00e0nh m\u1ed9t m\u00f4i tr\u01b0\u1eddng c\u1ee7a m\u1ed1i quan h\u1ec7, h\u1ecdc h\u1ecfi v\u00e0 \u0111\u00f3ng g\u00f3p. B\u1ea1n c\u00e0ng tham gia nhi\u1ec1u v\u00e0o c\u1ed9ng \u0111\u1ed3ng n\u00e0y, b\u1ea1n c\u00e0ng c\u00f3 th\u1ec3 h\u01b0\u1edfng l\u1ee3i nhi\u1ec1u h\u01a1n t\u1eeb nh\u1eefng n\u1ed7 l\u1ef1c c\u1ee7a m\u00ecnh.<\/p>\n<p>M\u00f4\u0323t khi b\u1ea1n \u0111\u00e3 t\u1ea1o t\u00ean ta\u0300i khoa\u0309n, m\u1eadt kh\u1ea9u v\u00e0 h\u00f4\u0300 s\u01a1\/profile c\u1ee7a m\u00ecnh, b\u1ea1n c\u00f3 th\u1ec3 tham gia c\u00e1c nh\u00f3m m\u00e0 b\u1ea1n quan t\u00e2m. Trong \u0111\u00e2y, b\u1ea1n s\u1ebd c\u00f3 th\u1ec3 t\u01b0\u01a1ng t\u00e1c tr\u1ef1c ti\u1ebfp v\u1edbi nh\u1eefng ng\u01b0\u1eddi kh\u00e1c trong c\u00e1c nh\u00f3m n\u00e0y, nh\u1eadn th\u00f4ng b\u00e1o v\u1ec1 c\u00e1c c\u1eadp nh\u1eadt v\u00e0 ho\u1ea1t \u0111\u1ed9ng trong nh\u00f3m \u0111\u00f3, v\u00e0 \u0111\u0103ng suy ngh\u0129 v\u00e0 b\u00ecnh lu\u1eadn \u1edf \u0111\u00f3. B\u1ea1n c\u00f3 th\u1ec3 ghi danh v\u00e0 tham gia v\u00e0o Tr\u01b0\u1eddng H\u1ecdc cu\u0309a Th\u00f4ng \u0110i\u1ec7p M\u1edbi tr\u1ef1c tuy\u1ebfn mi\u1ec5n ph\u00ed tr\u00ean trang web, c\u0169ng nh\u01b0 \u0111o\u0323c c\u00e1c bu\u1ed5i H\u1ecdc tr\u01b0\u1edbc \u0111\u00f3. Di\u1ec5n \u0111\u00e0n Th\u00f4ng \u0110i\u1ec7p M\u1edbi \u0111ang \u1edf \u0111\u00e2y v\u00e0 s\u1ebd phu\u0323c vu\u0323 nh\u01b0 m\u1ed9t n\u01a1i c\u1edfi m\u1edf cho vi\u00ea\u0323c chia s\u1ebb suy ngh\u0129, hi\u1ec3u bi\u1ebft s\u00e2u s\u1eafc v\u00e0 \u00fd t\u01b0\u1edfng xung quanh c\u00e1c ch\u1ee7 \u0111\u1ec1 v\u00e0 l\u0129nh v\u1ef1c quan tr\u1ecdng c\u1ee7a Th\u00f4ng \u0110i\u1ec7p M\u1edbi, Vi\u00ea\u0323c Ho\u0323c, v\u00e0 \u1ee9ng d\u1ee5ng c\u1ee7a ch\u00fang tr\u00ean th\u1ebf gi\u1edbi. B\u1ea1n c\u00f3 th\u1ec3 t\u00ecm hi\u1ec3u th\u00eam v\u1ec1 H\u1ed9i\/The Society va\u0300 c\u01a1 c\u1ea5u v\u00e0 ch\u1ee9c n\u0103ng c\u1ee7a t\u1ed5 ch\u1ee9c n\u00e0y khi n\u00f3 ph\u1ee5c v\u1ee5 v\u00e0 h\u1ed7 tr\u1ee3 Th\u00f4ng \u0110i\u00ea\u0323p M\u1edbi v\u00e0 S\u01b0\u0301 Gia\u0309. B\u1ea1n c\u00f3 th\u1ec3 xem t\u00e0i li\u1ec7u v\u1ec1 c\u00e1c s\u1ef1 ki\u1ec7n trong qu\u00e1 kh\u1ee9 m\u00e0 H\u1ed9i\/The Society \u0111\u00e3 t\u1ed5 ch\u1ee9c, ch\u1eb3ng h\u1ea1n nh\u01b0 Encampment, \u0110\u00eam C\u1ea3nh Ti\u0309nh c\u1ee7a S\u1ee9 Gi\u1ea3 (Messenger\u2019s Vigil) v\u00e0 \u0110\u00eam C\u1ea3nh Ti\u0309nh cho Nh\u01b0\u0303ng B\u01b0\u01a1\u0301c \u0110i \u0111\u00ea\u0301n Tri Th\u01b0\u0301c (Steps to Knowledge Vigil).<\/p>\n<p><a href=\"https:\/\/www.community.newmessage.org\"><img loading=\"lazy\" decoding=\"async\" class=\"imgborder aligncenter wp-image-28379 size-full\" src=\"https:\/\/www.newmessage.org\/ko\/wp-content\/uploads\/sites\/46\/2020\/10\/CS-logo-2.png\" alt=\"\" width=\"504\" height=\"127\" \/><\/a><\/p>\n<h1 style=\"text-align: center;\"><strong>C\u00e1c c\u00e2u h\u1ecfi th\u01b0\u1eddng g\u1eb7p<\/strong><\/h1>\n<p>&nbsp;<\/p>\n<p><strong>C\u1ed9ng <\/strong><strong>\u0110<\/strong><strong>\u1ed3ng To\u00e0n <\/strong><strong>C<\/strong><strong>\u1ea7u <\/strong><strong>cu\u0309a<\/strong><strong> Th\u00f4ng <\/strong><strong>\u0110<\/strong><strong>i\u1ec7p M\u1edbi l\u00e0 g\u00ec?<\/strong><\/p>\n<p>Vui l\u00f2ng nh\u1ea5p v\u00e0o c\u00e1c li\u00ean k\u1ebft b\u00ean d\u01b0\u1edbi \u0111\u1ec3 xem th\u00eam v\u1ec1 C\u1ed9ng \u0110\u1ed3ng To\u00e0n C\u1ea7u cu\u0309a Th\u00f4ng \u0110i\u1ec7p M\u1edbi c\u1ee7a Ch\u00faa:<\/p>\n<ul>\n<li><a href=\"https:\/\/translate.google.com\/translate?hl=en&amp;prev=_t&amp;sl=auto&amp;tl=vi&amp;u=http:\/\/www.newmessage.org\/about-the-worldwide-community\">Gi\u1edbi thi\u1ec7u v\u1ec1 C\u1ed9ng \u0110\u1ed3ng To\u00e0n C\u1ea7u<\/a><\/li>\n<li>Kh\u1ea3i Huy\u1ec1n: <a href=\"https:\/\/translate.google.com\/translate?hl=en&amp;prev=_t&amp;sl=auto&amp;tl=vi&amp;u=http:\/\/www.newmessage.org\/the-message\/other-revelations\/worldwide-community-gods-new-message\">C\u1ed9ng \u0110\u1ed3ng To\u00e0n C\u1ea7u cu\u0309a Th\u00f4ng \u0110i\u1ec7p M\u1edbi c\u1ee7a Ch\u00faa<\/a><\/li>\n<li><a href=\"https:\/\/translate.google.com\/translate?hl=en&amp;prev=_t&amp;sl=auto&amp;tl=vi&amp;u=http:\/\/www.newmessage.org\/introduction-new-message\">Gi\u1edbi Thi\u1ec7u v\u1ec1 Th\u00f4ng \u0110i\u1ec7p M\u1edbi<\/a><\/li>\n<li><a href=\"https:\/\/translate.google.com\/translate?hl=en&amp;prev=_t&amp;sl=auto&amp;tl=vi&amp;u=http:\/\/www.newmessage.org\/gods-messenger\/who-is-marshallviansummers\">Marshall Vian Summers l\u00e0 Ai<\/a><\/li>\n<\/ul>\n<p>&nbsp;<\/p>\n<p><strong>Trang web C\u1ed9ng <\/strong><strong>\u0110<\/strong><strong>\u1ed3ng To\u00e0n <\/strong><strong>C<\/strong><strong>\u1ea7u (community.newmessage.org) l\u00e0 g\u00ec?<\/strong><\/p>\n<p>Trang C\u1ed9ng \u0110\u1ed3ng To\u00e0n C\u1ea7u l\u00e0 n\u01a1i \u0111\u1ec3 c\u00e1c ho\u0323c sinh c\u1ee7a Th\u00f4ng \u0110i\u1ec7p M\u1edbi t\u1eeb Ch\u00faa v\u00e0 nh\u1eefng ng\u01b0\u1eddi kh\u00e1c t\u01b0\u0300 kh\u1eafp th\u1ebf gi\u1edbi t\u01b0\u01a1ng t\u00e1c v\u1edbi S\u01b0\u0301 Gia\u0309, Marshall Vian Summers, H\u1ed9i\/The Society cho Th\u00f4ng \u0110i\u1ec7p M\u1edbi, v\u00e0 v\u01a1\u0301i nhau. \u0110\u00e2y l\u00e0 n\u01a1i \u0111\u1ec3 ho\u0323c sinh nghe v\u00e0 xem x\u00e9t s\u1ef1 kh\u00f4n ngoan, nh\u1eefng l\u1eddi d\u1ea1y v\u00e0 hi\u1ec3u bi\u1ebft s\u00e2u s\u1eafc v\u1ec1 Th\u00f4ng \u0110i\u1ec7p M\u1edbi v\u00e0 Con \u0110\u01b0\u1eddng cu\u0309a Tri Th\u1ee9c t\u1eeb ch\u00ednh S\u01b0\u0301 Gia\u0309, t\u1eeb c\u00e1c gi\u00e1o vi\u00ean c\u1ee7a Th\u00f4ng \u0110i\u1ec7p M\u1edbi Patricia v\u00e0 Reed Summers, t\u1eeb c\u00e1c th\u00e0nh vi\u00ean c\u1ee7a H\u1ed9i\/The Society v\u00e0 t\u1eeb nhau. \u0110\u00e2y l\u00e0 n\u01a1i \u0111\u1ec3 b\u1eaft \u0111\u1ea7u v\u00e0 \u0111\u00ea\u0309 ph\u00e1t tri\u1ec3n c\u00e1c m\u1ed1i quan h\u1ec7 c\u00f3 m\u1ee5c \u0111\u00edch nh\u1eb1m ph\u1ee5c v\u1ee5 s\u1ee9 m\u1ec7nh c\u1ee7a Th\u00f4ng \u0110i\u1ec7p M\u1edbi v\u00e0 S\u1ee9 Gi\u1ea3 c\u1ee7a n\u00f3 trong vi\u1ec7c mang T\u00e2n Kha\u0309i Huy\u00ea\u0300n t\u1eeb Ch\u00faa v\u00e0o trong th\u1ebf gi\u1edbi. \u0110\u00f3 l\u00e0 m\u1ed9t n\u01a1i c\u00f3 th\u1ec3 cung c\u1ea5p m\u00f4i tr\u01b0\u1eddng cho vi\u00ea\u0323c h\u1ecdc c\u1ee7a ri\u00eang ch\u00fang ta \u0111\u00ea\u0309 ph\u00e1t tri\u1ec3n v\u00e0 h\u01b0ng thi\u0323nh.<\/p>\n<p><strong>\u0110\u00e2y c\u00f3 ph\u1ea3i l\u00e0 m\u1ed9t trang m\u1ea1ng x\u00e3 h\u1ed9i kh\u00f4ng?<\/strong><\/p>\n<p>M\u1eb7c d\u00f9 c\u1ea5u tr\u00fac v\u00e0 ch\u1ee9c n\u0103ng c\u01a1 b\u1ea3n tr\u00ean trang web n\u00e0y la\u0300 t\u01b0\u01a1ng t\u1ef1 nh\u01b0 c\u00e1c trang web m\u1ea1ng x\u00e3 h\u1ed9i, nh\u01b0ng trang web n\u00e0y \u0111\u00f3ng vai tr\u00f2 nh\u01b0 m\u1ed9t n\u1ec1n t\u1ea3ng cho vi\u00ea\u0323c nghi\u00ean c\u1ee9u, h\u1ecdc h\u1ecfi, ho\u1eb7c h\u1ed7 tr\u1ee3 Th\u00f4ng \u0110i\u1ec7p M\u1edbi t\u1eeb Ch\u00faa. N\u00f3 d\u00e0nh cho t\u1ea5t c\u1ea3 nh\u1eefng ng\u01b0\u1eddi co\u0301 s\u01b0\u0323 quan t\u00e2m ch\u00e2n th\u00e2\u0323t \u0111\u00ea\u0301n vi\u1ec7c chia s\u1ebb kinh nghi\u1ec7m, c\u00e2u h\u1ecfi, v\u00e0 hi\u1ec3u bi\u1ebft s\u00e2u s\u1eafc c\u1ee7a h\u1ecd v\u1edbi nh\u1eefng ng\u01b0\u1eddi kh\u00e1c c\u0169ng \u0111ang tham gia trong qu\u00e1 tr\u00ecnh n\u00e0y. Trang web n\u00e0y v\u00e0 m\u00f4i tr\u01b0\u1eddng c\u1ee7a n\u00f3 t\u1eadp trung v\u00e0o s\u1ee9 m\u1ec7nh c\u1ee5 th\u1ec3 c\u1ee7a Th\u00f4ng \u0110i\u1ec7p M\u1edbi t\u1eeb Ch\u00faa, m\u1ed1i quan h\u1ec7 c\u1ee7a n\u00f3 v\u1edbi m\u1ed7i ch\u00fang ta v\u00e0 v\u1edbi th\u1ebf gi\u1edbi.<\/p>\n<p><strong>Nh\u1eefng lo\u1ea1i n\u1ed9i dung <\/strong><strong>na\u0300o <\/strong><strong>c\u00f3 tr\u00ean trang web n\u00e0y?<\/strong><\/p>\n<p>Nh\u1eefng ba\u0300i gia\u0309ng, l\u1eddi c\u1ea7u nguy\u1ec7n, hi\u1ec3u bi\u1ebft s\u00e2u s\u1eafc v\u00e0 th\u00f4ng \u0111i\u1ec7p t\u1eeb S\u01b0\u0301 Gia\u0309 Marshall Vian Summers. Tr\u01b0\u1eddng H\u1ecdc cu\u0309a Th\u00f4ng \u0110i\u1ec7p M\u1edbi tr\u1ef1c tuy\u1ebfn mi\u1ec5n ph\u00ed v\u00e0 live chat c\u00f3 t\u1ea1i \u0111\u00e2y. Th\u00f4ng tin c\u1eadp nh\u1eadt v\u00e0 th\u00f4ng \u0111i\u00ea\u0323p t\u1eeb S\u01b0\u0301 Gia\u0309, gia \u0111\u00ecnh cu\u0309a \u00f4ng, v\u00e0 H\u1ed9i\/The Society. C\u00e1c di\u1ec5n \u0111\u00e0n kh\u00e1c nhau cho Th\u00f4ng \u0110i\u00ea\u0323p M\u1edbi, v\u00e0 h\u01a1n th\u1ebf n\u1eefa\u2026<\/p>\n<p><strong>Trang C\u1ed9ng <\/strong><strong>\u0110<\/strong><strong>\u1ed3ng To\u00e0n <\/strong><strong>C<\/strong><strong>\u1ea7u c\u00f3 <\/strong><strong>trong<\/strong><strong> c\u00e1c ng\u00f4n ng\u1eef kh\u00e1c ngo\u00e0i ti\u1ebfng Anh kh\u00f4ng?<\/strong><\/p>\n<p>V\u1eabn ch\u01b0a hoa\u0300n toa\u0300n, nh\u01b0ng s\u1eafp t\u1edbi. Trong lu\u0301c \u0111o\u0301, c\u00e1c Nh\u00f3m ng\u00f4n ng\u1eef qu\u1ed1c t\u1ebf, n\u01a1i b\u1ea1n c\u00f3 th\u1ec3 t\u01b0\u01a1ng t\u00e1c v\u1edbi nh\u1eefng ng\u01b0\u1eddi n\u00f3i ng\u00f4n ng\u1eef c\u1ee7a m\u00ecnh, \u0111ang h\u00ecnh th\u00e0nh v\u00e0 ph\u00e1t tri\u1ec3n.<\/p>\n<p><strong>Ai c\u00f3 th\u1ec3 tham gia Trang C\u1ed9ng <\/strong><strong>\u0110<\/strong><strong>\u1ed3ng To\u00e0n <\/strong><strong>C<\/strong><strong>\u1ea7u?<\/strong><\/p>\n<p>B\u1ea5t c\u1ee9 ai quan t\u00e2m \u0111\u00ea\u0301n vi\u1ec7c h\u1ecdc v\u00e0 s\u1ed1ng Th\u00f4ng \u0110i\u1ec7p M\u1edbi t\u01b0\u0300 Ch\u00faa, va\u0300 vi\u00ea\u0323c t\u01b0\u01a1ng t\u00e1c v\u1edbi c\u1ed9ng \u0111\u1ed3ng \u0111ang ph\u00e1t tri\u1ec3n cu\u0309a ca\u0301c ho\u0323c sinh c\u1ee7a Th\u00f4ng \u0110i\u1ec7p M\u1edbi tr\u00ean to\u00e0n th\u1ebf gi\u1edbi.<\/p>\n<p><strong>C\u00f3 ph\u00ed \u0111\u1ec3 tham gia<\/strong><strong> hay kh\u00f4ng<\/strong><strong>?<\/strong><\/p>\n<p>Kh\u00f4ng t\u00f4\u0301n ph\u00ed \u0111\u1ec3 tham gia. N\u00f3 l\u00e0 mi\u1ec5n ph\u00ed nh\u1edd s\u1ef1 h\u1ed7 tr\u1ee3 t\u00e0i ch\u00ednh t\u1eeb t\u1ea5t c\u1ea3 nh\u1eefng ai c\u1ea3m th\u1ea5y \u0111\u01b0\u1ee3c k\u00eau g\u1ecdi \u0111\u00ea\u0309 \u0111\u00f3ng g\u00f3p t\u00e0i ch\u00ednh cho Th\u00f4ng \u0110i\u1ec7p M\u1edbi t\u1eeb Ch\u00faa.<\/p>\n<p><strong>L\u00e0m <\/strong><strong>sao \u0111\u00ea\u0309 t\u00f4i<\/strong><strong> t\u1ea1o t\u00e0i kho\u1ea3n?<\/strong><\/p>\n<p>B\u1eb1ng c\u00e1ch \u0111\u0103ng k\u00fd v\u00e0 \u0111\u0103ng nh\u1eadp, b\u1ea1n \u0111\u00e3 t\u1ea1o \u0111\u01b0\u1ee3c t\u00e0i kho\u1ea3n c\u1ee7a m\u00ecnh. N\u1ebfu b\u1ea1n \u0111\u00e3 l\u00e0 th\u00e0nh vi\u00ean c\u1ee7a Tr\u01b0\u1eddng H\u1ecdc Mi\u1ec5n ph\u00ed, t\u00e0i kho\u1ea3n c\u1ee7a b\u1ea1n \u0111\u00e3 \u0111\u01b0\u1ee3c chuy\u1ec3n \u0111\u1ebfn \u0111\u00e2y v\u1edbi c\u00f9ng t\u00ean ta\u0300i khoa\u0309n v\u00e0 m\u1eadt kh\u1ea9u. Ch\u00fang t\u00f4i m\u1eddi b\u1ea1n truy c\u1eadp trang \u201ch\u1ed3 s\u01a1\/profile\u201d c\u1ee7a m\u00ecnh v\u00e0 \u0111i\u1ec1n v\u00e0o b\u1ea5t k\u1ef3 th\u00f4ng tin n\u00e0o kh\u00e1c m\u00e0 b\u1ea1n mu\u1ed1n ng\u01b0\u1eddi kh\u00e1c xem t\u1eeb b\u1ea1n.<\/p>\n<p><strong>Nh\u00f3m l\u00e0 g\u00ec?<\/strong><\/p>\n<p>C\u00e1c nh\u00f3m cho ph\u00e9p ng\u01b0\u1eddi d\u00f9ng \u0111\u0103ng, t\u01b0\u01a1ng t\u00e1c, v\u00e0 b\u00ecnh lu\u1eadn v\u00e0 \u0111\u1ecdc t\u1eeb c\u00e1c li\u0303nh v\u1ef1c h\u1ecd quan t\u00e2m. Ba\u0323n c\u00f3 th\u1ec3 coi nh\u00f3m l\u00e0 m\u1ed9t c\u1ed9ng \u0111\u1ed3ng nh\u1ecf h\u01a1n v\u1edbi c\u00e1c l\u0129nh v\u1ef1c quan t\u00e2m ho\u1eb7c ho\u1ea1t \u0111\u1ed9ng c\u1ee5 th\u1ec3 trong trang c\u1ed9ng \u0111\u1ed3ng l\u1edbn h\u01a1n n\u00e0y.<\/p>\n<p><strong>Activity Stream<\/strong><strong> l\u00e0 g\u00ec?<\/strong><\/p>\n<p>Activity Stream l\u00e0 danh s\u00e1ch c\u00e1c ho\u1ea1t \u0111\u1ed9ng g\u1ea7n \u0111\u00e2y \u0111\u01b0\u1ee3c th\u1ef1c hi\u1ec7n b\u1edfi m\u1ed9t ho\u1eb7c nhi\u1ec1u c\u00e1 nh\u00e2n tr\u00ean trang web n\u00e0y, \u0111\u01b0\u01a1\u0323c hi\u1ec3n th\u1ecb cho b\u1ea1n khi b\u1ea1n \u0111\u0103ng nh\u1eadp v\u00e0o trang.<\/p>\n<p><strong>T\u00f4i c\u00f3 th\u1ec3 sao ch\u00e9p n\u1ed9i dung t\u1eeb trang n\u00e0y sang c\u00e1c trang kh\u00e1c (v\u00ed d\u1ee5: Facebook, Twitter)<\/strong><strong> kh\u00f4ng?<\/strong><\/p>\n<p>Ch\u00fang t\u00f4i y\u00eau c\u1ea7u r\u0103\u0300ng n\u1ed9i dung tr\u00ean trang web n\u00e0y v\u1eabn \u1edf \u0111\u00e2y v\u00e0 kh\u00f4ng nh\u1eb1m m\u1ee5c \u0111\u00edch chia s\u1ebb cho c\u00e1c trang web ho\u1eb7c \u0111\u1ecba \u0111i\u1ec3m kh\u00e1c. Tuy nhi\u00ean b\u1ea1n c\u00f3 th\u1ec3 li\u00ean k\u1ebft \u0111\u1ebfn b\u1ea5t k\u1ef3 trang n\u00e0o tr\u00ean trang C\u1ed9ng \u0110\u1ed3ng khi chia s\u1ebb tr\u00ean m\u1ea1ng x\u00e3 h\u1ed9i ho\u1eb7c c\u00e1c trang kh\u00e1c (l\u01b0u \u00fd: m\u1ecdi ng\u01b0\u1eddi s\u1ebd ph\u1ea3i \u0111\u0103ng k\u00fd \u0111\u1ec3 truy c\u1eadp link).<\/p>\n<p>&nbsp;<\/p>\n<p>&nbsp;<\/p>\n","protected":false},"excerpt":{"rendered":"<p>Trang C\u1ed9ng \u0110\u1ed3ng l\u00e0 m\u1ed9t ng\u00f4i nh\u00e0 to\u00e0n c\u1ea7u cho c\u00e1c ho\u0323c sinh c\u1ee7a Th\u00f4ng \u0110i\u1ec7p M\u1edbi kh\u1eafp th\u1ebf gi\u1edbi. \u0110\u01b0\u1ee3c t\u1ed5 ch\u1ee9c b\u1edfi H\u00f4\u0323i\/The Society cho Th\u00f4ng \u0110i\u00ea\u0323p M\u01a1\u0301i, Trang n\u00e0y cung c\u1ea5p n\u01a1i m\u00e0 b\u1ea1n c\u00f3 th\u1ec3 t\u1ee5 h\u1ecdp v\u1edbi nh\u1eefng ng\u01b0\u1eddi kh\u00e1c \u0111\u01b0\u01a1\u0323c lay \u0111\u1ed9ng b\u01a1\u0309i Th\u00f4ng \u0110i\u1ec7p M\u1edbi , Nh\u01b0\u0303ng Ba\u0300i\u2026 <a class=\"read-more\" href=\"https:\/\/www.v6.newmessage.org\/vi\/worldwide-community-3\/the-community-site\/\"><span>Read More<\/span><\/a><\/p>\n","protected":false},"author":64,"featured_media":0,"parent":22398,"menu_order":1,"comment_status":"closed","ping_status":"closed","template":"template-leftsidebar.php","meta":{"_monsterinsights_skip_tracking":false,"_monsterinsights_sitenote_active":false,"_monsterinsights_sitenote_note":"","_monsterinsights_sitenote_category":0,"footnotes":""},"categories":[],"tags":[847],"_links":{"self":[{"href":"https:\/\/www.v6.newmessage.org\/vi\/wp-json\/wp\/v2\/pages\/28254"}],"collection":[{"href":"https:\/\/www.v6.newmessage.org\/vi\/wp-json\/wp\/v2\/pages"}],"about":[{"href":"https:\/\/www.v6.newmessage.org\/vi\/wp-json\/wp\/v2\/types\/page"}],"author":[{"embeddable":true,"href":"https:\/\/www.v6.newmessage.org\/vi\/wp-json\/wp\/v2\/users\/64"}],"replies":[{"embeddable":true,"href":"https:\/\/www.v6.newmessage.org\/vi\/wp-json\/wp\/v2\/comments?post=28254"}],"version-history":[{"count":1,"href":"https:\/\/www.v6.newmessage.org\/vi\/wp-json\/wp\/v2\/pages\/28254\/revisions"}],"predecessor-version":[{"id":28255,"href":"https:\/\/www.v6.newmessage.org\/vi\/wp-json\/wp\/v2\/pages\/28254\/revisions\/28255"}],"up":[{"embeddable":true,"href":"https:\/\/www.v6.newmessage.org\/vi\/wp-json\/wp\/v2\/pages\/22398"}],"wp:attachment":[{"href":"https:\/\/www.v6.newmessage.org\/vi\/wp-json\/wp\/v2\/media?parent=28254"}],"wp:term":[{"taxonomy":"category","embeddable":true,"href":"https:\/\/www.v6.newmessage.org\/vi\/wp-json\/wp\/v2\/categories?post=28254"},{"taxonomy":"post_tag","embeddable":true,"href":"https:\/\/www.v6.newmessage.org\/vi\/wp-json\/wp\/v2\/tags?post=28254"}],"curies":[{"name":"wp","href":"https:\/\/api.w.org\/{rel}","templated":true}]}}