{"id":28225,"date":"2020-08-11T09:48:21","date_gmt":"2020-08-11T09:48:21","guid":{"rendered":"https:\/\/www.newmessage.org\/vi\/?page_id=28225"},"modified":"2024-02-06T05:50:08","modified_gmt":"2024-02-06T05:50:08","slug":"the-new-world-prophecy","status":"publish","type":"page","link":"https:\/\/www.v6.newmessage.org\/vi\/the-message\/volume-5\/the-new-world-prophecy\/","title":{"rendered":"L\u1eddi Ti\u00ean Tri v\u1ec1 Th\u1ebf Gi\u1edbi M\u1edbi"},"content":{"rendered":"<p><img decoding=\"async\" class=\"alignright size-large wp-image-49567 imgborder\" src=\"https:\/\/www.newmessage.org\/wp-content\/uploads\/2020\/07\/NWP-gray-cover-400x600.png\" alt=\"The New World Prophecy - book front cover\" \/><\/p>\n<p><i><span style=\"font-weight: 400;\">L\u1eddi Ti\u00ean Tri v\u1ec1 Th\u1ebf Gi\u1edbi M\u1edbi <\/span><\/i><span style=\"font-weight: 400;\">l\u00e0 m\u1ed9t quy\u1ec3n s\u00e1ch s\u1eafp \u0111\u01b0\u1ee3c ph\u00e1t h\u00e0nh b\u1edfi H\u1ed9i (The Society) cho Th\u00f4ng \u0110i\u1ec7p M\u1edbi. Ph\u1ea7n c\u00f2n l\u1ea1i c\u1ee7a quy\u1ec3n s\u00e1ch s\u1ebd s\u1edbm \u0111\u01b0\u1ee3c ph\u00e1t h\u00e0nh. Ch\u00fang t\u00f4i s\u1ebd g\u1eedi th\u00f4ng b\u00e1o cho b\u1ea1n qua email ngay khi quy\u1ec3n s\u00e1ch n\u00e0y \u0111\u01b0\u1ee3c ph\u00e1t h\u00e0nh, v\u00e0 s\u1ebd c\u1eadp nh\u1eadt trang web quy\u1ec3n s\u00e1ch n\u00e0y \u0111\u1ec3 bao g\u1ed3m t\u1ea5t c\u1ea3 c\u00e1c ch\u01b0\u01a1ng.<\/span><\/p>\n<p><span style=\"font-weight: 400;\">N\u1ebfu b\u1ea1n ch\u01b0a \u0111\u0103ng k\u00fd Danh S\u00e1ch Email Th\u00f4ng \u0110i\u1ec7p M\u1edbi v\u00e0 mu\u1ed1n nh\u1eadn tin t\u1ee9c v\u00e0 c\u1eadp nh\u1eadt v\u1ec1 c\u00e1c ph\u00e1t h\u00e0nh m\u1edbi, xin vui l\u00f2ng \u0111\u0103ng k\u00fd b\u1eb1ng c\u00e1ch k\u00e9o chu\u1ed9t xu\u1ed1ng d\u01b0\u1edbi cu\u1ed1i trang v\u00e0 nh\u1eadp \u0111\u1ecba ch\u1ec9 email c\u1ee7a b\u1ea1n.<\/span><\/p>\n<div style=\"color: #525252; line-height: 1.5;\"><div class=\"toggle toggle-white\"><h4 class=\"trigger \"><span class=\"t_ico\"><\/span><a href=\"#\">H\u1ecdc th\u00eam\u2026<\/a><\/h4><div class=\"toggle_container \"><br \/>\n<div data-post-id='24520' class='insert-page insert-page-24520 '><\/div><\/div><\/div><\/div>\n<div class=\"background-color-bridesmaid padding-20\">\n<h2>M\u1ee5c l\u1ee5c<\/h2>\n<div style=\"line-height: 1.5;\">\n<p><a href=\"https:\/\/www.newmessage.org\/vi\/the-message\/volume-5\/the-new-world-prophecy\/adapting-to-a-changing-world\/\">Th\u00edch Nghi v\u1edbi m\u1ed9t Th\u1ebf Gi\u1edbi \u0111ang Thay \u0110\u1ed5i<\/a><\/p>\n<p><a href=\"https:\/\/www.newmessage.org\/vi\/the-message\/volume-5\/the-new-world-prophecy\/food-water-and-energy\/\">L\u01b0\u01a1ng Th\u1ef1c, N\u01b0\u1edbc v\u00e0 N\u0103ng L\u01b0\u1ee3ng<\/a><\/p>\n<p><a href=\"https:\/\/www.newmessage.org\/vi\/the-message\/volume-5\/the-new-world-prophecy\/the-new-world-prophecy\/\">L\u1eddi Ti\u00ean Tri v\u1ec1 Th\u1ebf Gi\u1edbi M\u1edbi<\/a><\/p>\n<p><a href=\"https:\/\/www.newmessage.org\/vi\/the-message\/volume-5\/the-new-world-prophecy\/facing-the-pandemic-and-the-gwc\/\">\u0110\u1ed1i M\u1eb7t v\u1edbi \u0110\u1ea1i D\u1ecbch v\u00e0 Nh\u1eefng \u0110\u1ee3t S\u00f3ng c\u1ee7a \u0110\u1ed5i Thay<\/a><\/p>\n<p><a href=\"https:\/\/www.newmessage.org\/vi\/the-message\/volume-5\/the-new-world-prophecy\/the-coming-financial-storms\/\">Nh\u1eefng C\u01a1n B\u00e3o T\u00e0i Ch\u00ednh \u0110ang \u0110\u1ebfn<\/a><\/p>\n<p><a href=\"https:\/\/www.newmessage.org\/vi\/the-message\/volume-5\/the-new-world-prophecy\/navigating-the-difficult-times-ahead\/\">Ch\u00e8o L\u00e1i Nh\u1eefng Th\u1eddi K\u1ef3 Kh\u00f3 Kh\u0103n Ph\u00eda Tr\u01b0\u1edbc<\/a><\/p>\n<p><a href=\"https:\/\/www.newmessage.org\/vi\/the-message\/volume-5\/the-new-world-prophecy\/the-fate-of-nations\">S\u1ed1 Ph\u1eadn c\u1ee7a C\u00e1c Qu\u1ed1c Gia<\/a><\/p>\n<p><a href=\"https:\/\/www.newmessage.org\/vi\/the-message\/volume-5\/the-new-world-prophecy\/the-goal-and-purpose-of-the-revelation\/\">M\u1ee5c Ti\u00eau v\u00e0 M\u1ee5c \u0110\u00edch c\u1ee7a Kh\u1ea3i Huy\u1ec1n<\/a><\/p>\n<\/div>\n<\/div>\n","protected":false},"excerpt":{"rendered":"<p>L\u1eddi Ti\u00ean Tri v\u1ec1 Th\u1ebf Gi\u1edbi M\u1edbi l\u00e0 m\u1ed9t quy\u1ec3n s\u00e1ch s\u1eafp \u0111\u01b0\u1ee3c ph\u00e1t h\u00e0nh b\u1edfi H\u1ed9i (The Society) cho Th\u00f4ng \u0110i\u1ec7p M\u1edbi. Ph\u1ea7n c\u00f2n l\u1ea1i c\u1ee7a quy\u1ec3n s\u00e1ch s\u1ebd s\u1edbm \u0111\u01b0\u1ee3c ph\u00e1t h\u00e0nh. Ch\u00fang t\u00f4i s\u1ebd g\u1eedi th\u00f4ng b\u00e1o cho b\u1ea1n qua email ngay khi quy\u1ec3n s\u00e1ch n\u00e0y \u0111\u01b0\u1ee3c ph\u00e1t h\u00e0nh, v\u00e0 s\u1ebd c\u1eadp\u2026 <a class=\"read-more\" href=\"https:\/\/www.v6.newmessage.org\/vi\/the-message\/volume-5\/the-new-world-prophecy\/\"><span>Read More<\/span><\/a><\/p>\n","protected":false},"author":62,"featured_media":0,"parent":27516,"menu_order":0,"comment_status":"closed","ping_status":"closed","template":"template-leftsidebar.php","meta":{"_monsterinsights_skip_tracking":false,"_monsterinsights_sitenote_active":false,"_monsterinsights_sitenote_note":"","_monsterinsights_sitenote_category":0,"footnotes":""},"categories":[944,498],"tags":[656,657,653,652,835,689,658,648,655,654,649,677,629,650,651],"_links":{"self":[{"href":"https:\/\/www.v6.newmessage.org\/vi\/wp-json\/wp\/v2\/pages\/28225"}],"collection":[{"href":"https:\/\/www.v6.newmessage.org\/vi\/wp-json\/wp\/v2\/pages"}],"about":[{"href":"https:\/\/www.v6.newmessage.org\/vi\/wp-json\/wp\/v2\/types\/page"}],"author":[{"embeddable":true,"href":"https:\/\/www.v6.newmessage.org\/vi\/wp-json\/wp\/v2\/users\/62"}],"replies":[{"embeddable":true,"href":"https:\/\/www.v6.newmessage.org\/vi\/wp-json\/wp\/v2\/comments?post=28225"}],"version-history":[{"count":11,"href":"https:\/\/www.v6.newmessage.org\/vi\/wp-json\/wp\/v2\/pages\/28225\/revisions"}],"predecessor-version":[{"id":29703,"href":"https:\/\/www.v6.newmessage.org\/vi\/wp-json\/wp\/v2\/pages\/28225\/revisions\/29703"}],"up":[{"embeddable":true,"href":"https:\/\/www.v6.newmessage.org\/vi\/wp-json\/wp\/v2\/pages\/27516"}],"wp:attachment":[{"href":"https:\/\/www.v6.newmessage.org\/vi\/wp-json\/wp\/v2\/media?parent=28225"}],"wp:term":[{"taxonomy":"category","embeddable":true,"href":"https:\/\/www.v6.newmessage.org\/vi\/wp-json\/wp\/v2\/categories?post=28225"},{"taxonomy":"post_tag","embeddable":true,"href":"https:\/\/www.v6.newmessage.org\/vi\/wp-json\/wp\/v2\/tags?post=28225"}],"curies":[{"name":"wp","href":"https:\/\/api.w.org\/{rel}","templated":true}]}}