{"id":28065,"date":"2019-06-19T06:51:02","date_gmt":"2019-06-19T06:51:02","guid":{"rendered":"http:\/\/www.newmessage.org\/vi\/?page_id=28065"},"modified":"2023-08-31T04:57:38","modified_gmt":"2023-08-31T04:57:38","slug":"power-of-knowledge","status":"publish","type":"page","link":"https:\/\/www.v6.newmessage.org\/vi\/the-message\/volume-1\/power-of-knowledge\/","title":{"rendered":"Quy\u1ec1n L\u1ef1c c\u1ee7a Tri Th\u1ee9c"},"content":{"rendered":"<p><img loading=\"lazy\" decoding=\"async\" class=\"imgborder alignright wp-image-39719 size-medium\" src=\"https:\/\/www.newmessage.org\/wp-content\/uploads\/2019\/04\/POK-_cropped_cover_4.30.19-200x300.jpg\" alt=\"The Power of Knowledge - The Greater Intelligence within You\" width=\"200\" height=\"300\" \/><\/p>\n<p><i><span style=\"font-weight: 400;\">Quy\u1ec1n L\u1ef1c c\u1ee7a Tri Th\u1ee9c <\/span><\/i><span style=\"font-weight: 400;\">ti\u1ebft l\u1ed9 v\u1ec1 th\u1ef1c t\u1ebf c\u1ee7a \u201cTri Th\u1ee9c,\u201d t\u00e2m tr\u00ed t\u00e2m linh s\u00e2u th\u1eb3m b\u00ean trong b\u1ea1n m\u00e0 n\u1eafm gi\u1eef ch\u00eca kh\u00f3a \u0111\u1ec3 t\u00ecm th\u1ea5y m\u1ee5c \u0111\u00edch v\u00e0 h\u01b0\u1edbng \u0111i l\u1edbn lao c\u1ee7a b\u1ea1n trong cu\u1ed9c \u0111\u1eddi.<\/span><\/p>\n<p><span style=\"font-weight: 400;\">Quy\u1ec3n s\u00e1ch n\u00e0y c\u1ee7a Th\u00f4ng \u0110i\u1ec7p M\u1edbi t\u1eeb Ch\u00faa ch\u1ee9a \u0111\u1ef1ng 14 kh\u1ea3i huy\u1ec1n \u0111\u01b0\u1ee3c trao \u0111\u1ec3 tr\u00ecnh b\u00e0y th\u1ef1c t\u1ebf v\u1ec1 b\u1ea3n ch\u1ea5t t\u00e2m linh c\u1ee7a b\u1ea1n, cu\u1ed9c kh\u1ee7ng ho\u1ea3ng c\u1ee7a vi\u1ec7c s\u1ed1ng t\u00e1ch bi\u1ec7t kh\u1ecfi b\u1ea3n ch\u1ea5t s\u00e2u th\u1eb3m c\u1ee7a b\u1ea1n v\u00e0 c\u00e1ch b\u1ea1n c\u00f3 th\u1ec3 tho\u00e1t kh\u1ecfi kh\u1ee7ng ho\u1ea3ng n\u00e0y v\u00e0 b\u1eaft \u0111\u1ea7u h\u00e0nh tr\u00ecnh h\u00e0n g\u1eafn s\u1ef1 chia r\u1ebd gi\u1eefa t\u00e2m tr\u00ed suy ngh\u0129 c\u1ee7a b\u1ea1n v\u1edbi t\u00e2m tr\u00ed c\u1ee7a Tri Th\u1ee9c b\u00ean trong b\u1ea1n. C\u00f9ng v\u1edbi \u0111i\u1ec1u n\u00e0y l\u00e0 kh\u1ea3 n\u0103ng \u0111i theo Tri Th\u1ee9c trong hi\u1ec7n t\u1ea1i v\u00e0 trong t\u01b0\u01a1ng lai, \u0111\u01b0a b\u1ea1n \u0111\u1ebfn m\u1ed9t cu\u1ed9c s\u1ed1ng m\u1edbi, nh\u1eefng m\u1ed1i quan h\u1ec7 m\u1edbi v\u00e0 s\u1ef1 ho\u00e0n th\u00e0nh m\u1ee5c \u0111\u00edch c\u1ee7a b\u1ea1n khi \u1edf trong th\u1ebf gi\u1edbi.<\/span><\/p>\n<p><span style=\"font-weight: 400;\">Th\u00f4ng qua quy\u1ec3n s\u00e1ch n\u00e0y, b\u1ea1n c\u00f3 c\u01a1 h\u1ed9i hi\u1ec3u \u0111\u01b0\u1ee3c Tri Th\u1ee9c s\u1ed1ng \u1edf \u0111\u00e2u trong tr\u1ea3i nghi\u1ec7m c\u1ee7a b\u1ea1n v\u00e0 x\u00e2y d\u1ef1ng s\u1ef1 k\u1ebft n\u1ed1i l\u00e2u d\u00e0i v\u1edbi tr\u1ea3i nghi\u1ec7m s\u00e2u th\u1eb3m n\u00e0y m\u00e0 \u0111\u00e3 lu\u00f4n \u1edf b\u00ean b\u1ea1n. Quy\u1ec3n s\u00e1ch <\/span><a href=\"https:\/\/www.newmessage.org\/vi\/the-message\/volume-3\/steps-to-knowledge\/\"><i><span style=\"font-weight: 400;\">Nh\u1eefng B\u01b0\u1edbc \u0110i \u0111\u1ebfn Tri Th\u1ee9c<\/span><\/i><\/a><span style=\"font-weight: 400;\"> \u0111\u01b0a \u0111i\u1ec1u n\u00e0y \u0111i xa h\u01a1n d\u01b0\u1edbi d\u1ea1ng th\u1ef1c h\u00e0nh h\u00e0ng ng\u00e0y m\u00e0 b\u1ea1n c\u00f3 th\u1ec3 b\u1eaft \u0111\u1ea7u \u00e1p d\u1ee5ng trong cu\u1ed9c s\u1ed1ng c\u1ee7a m\u00ecnh.<\/span><\/p>\n<p><span style=\"font-weight: 400;\">H\u00e0nh tr\u00ecnh t\u00ecm ki\u1ebfm v\u00e0 \u0111i theo Tri Th\u1ee9c s\u1ebd \u0111\u01b0a b\u1ea1n tr\u1edf l\u1ea1i m\u1ee5c \u0111\u00edch ban \u0111\u1ea7u c\u1ee7a b\u1ea1n khi \u1edf trong th\u1ebf gi\u1edbi, k\u00fd \u1ee9c v\u1ec1 nh\u1eefng ng\u01b0\u1eddi \u0111\u00e3 g\u1eedi b\u1ea1n v\u00e0 s\u1ef1 \u0111\u00f3ng g\u00f3p l\u1edbn lao m\u00e0 b\u1ea1n \u0111\u01b0\u1ee3c \u0111\u1ecbnh \u0111\u1ec3 trao cho m\u1ed9t th\u1ebf gi\u1edbi \u0111ang \u0111\u1ed1i m\u1eb7t v\u1edbi s\u1ef1 thay \u0111\u1ed5i v\u0129 \u0111\u1ea1i v\u00e0 kh\u00f3 kh\u0103n trong t\u01b0\u01a1ng lai. \u1ede \u0111\u00e2y m\u1ed9t qu\u00e1 tr\u00ecnh thi\u00eang li\u00eang b\u1eaft \u0111\u1ea7u m\u00e0 c\u00f3 quy\u1ec1n l\u1ef1c \u0111\u1ec3 gi\u1ea3i ph\u00f3ng b\u1ea1n kh\u1ecfi qu\u00e1 kh\u1ee9 v\u00e0 chu\u1ea9n b\u1ecb b\u1ea1n cho m\u1ed9t cu\u1ed9c s\u1ed1ng m\u1edbi v\u00e0 v\u0129 \u0111\u1ea1i h\u01a1n trong t\u01b0\u01a1ng lai.<\/span><\/p>\n<p><span style=\"font-weight: 400;\">M\u1ed7i ch\u01b0\u01a1ng c\u1ee7a <\/span><i><span style=\"font-weight: 400;\">Quy\u1ec1n L\u1ef1c c\u1ee7a Tri Th\u1ee9c <\/span><\/i><span style=\"font-weight: 400;\">l\u00e0 m\u1ed9t kh\u1ea3i huy\u1ec1n \u0111\u01b0\u1ee3c ban t\u1eeb C\u1ed9i Ngu\u1ed3n, \u0111\u01b0\u1ee3c bi\u00ean so\u1ea1n th\u00e0nh v\u0103n b\u1ea3n n\u00e0y b\u1edfi S\u1ee9 Gi\u1ea3 <a href=\"https:\/\/www.newmessage.org\/vi\/who-is-marshall-vian-summers\/\">Marshall Vian Summers<\/a>.<\/span><\/p>\n<p><span style=\"font-weight: 400;\">M\u1ed9t Th\u00f4ng \u0110i\u1ec7p M\u1edbi t\u1eeb Ch\u00faa \u0111\u00e3 v\u00e0o trong th\u1ebf gi\u1edbi. N\u00f3 l\u00e0 bi\u1ec3u hi\u1ec7n c\u1ee7a s\u1ef1 k\u1ebft n\u1ed1i tinh khi\u1ebft v\u01b0\u1ee3t th\u1eddi gian v\u1edbi Ch\u00faa nh\u01b0 n\u00f3 \u0111\u00e3 t\u1ed3n t\u1ea1i trong su\u1ed1t l\u1ecbch s\u1eed lo\u00e0i ng\u01b0\u1eddi v\u00e0 k\u1ec3 t\u1eeb l\u00fac ban \u0111\u1ea7u c\u1ee7a v\u0169 tr\u1ee5 h\u1eefu h\u00ecnh. Nh\u00e2n lo\u1ea1i b\u00e2y gi\u1edd c\u00f3 s\u1ef1 ti\u1ebfp c\u1eadp tr\u1ef1c ti\u1ebfp v\u1edbi tr\u1ea3i nghi\u1ec7m tinh khi\u1ebft n\u00e0y, kh\u00f4ng b\u1ecb c\u1ea3n tr\u1edf b\u1edfi s\u1ef1 hi\u1ec3u l\u1ea7m, th\u1ea9m quy\u1ec1n v\u00e0 s\u1ef1 suy \u0111\u1ed3i c\u1ee7a con ng\u01b0\u1eddi. B\u00e2y gi\u1edd n\u00f3 \u0111\u00e3 b\u01b0\u1edbc v\u00e0o th\u1ebf gi\u1edbi m\u1ed9t l\u1ea7n n\u1eefa.<\/span><\/p>\n<p><i><span style=\"font-weight: 400;\">Quy\u1ec1n L\u1ef1c c\u1ee7a Tri Th\u1ee9c <\/span><\/i><span style=\"font-weight: 400;\">l\u00e0 quy\u1ec3n s\u00e1ch th\u1ee9 n\u0103m trong <a href=\"https:\/\/www.newmessage.org\/vi\/the-message\/volume-1\/\">T\u1eadp 1<\/a> c\u1ee7a Th\u00f4ng \u0110i\u1ec7p M\u1edbi t\u1eeb Ch\u00faa.<\/span><\/p>\n<div style=\"text-align: left;\"><div class=\"toggle toggle-white\"><h4 class=\"trigger \"><span class=\"t_ico\"><\/span><a href=\"#\">H\u1ecdc th\u00eam\u2026<\/a><\/h4><div class=\"toggle_container \"><br \/>\n<div data-post-id='24520' class='insert-page insert-page-24520 '><\/div><\/div><\/div><\/div>\n<div class=\"clearfix\"><\/div>\n<div class=\"background-color-bridesmaid padding-20\">\n<div class=\"background-color-bridesmaid padding-20\">\n<h2 style=\"text-align: left;\"><span style=\"color: #525252;\">Mu\u0323c lu\u0323c<\/span><\/h2>\n<p>Introduction<\/p>\n<p>Ch\u01b0\u01a1ng 1: <a href=\"https:\/\/www.newmessage.org\/vi\/the-message\/volume-1\/power-of-knowledge\/the-greater-power-within-you\/\">Quy\u1ec1n L\u1ef1c V\u0129 \u0110\u1ea1i b\u00ean trong B\u1ea1n<\/a><\/p>\n<p>Ch\u01b0\u01a1ng 2: <a href=\"https:\/\/www.newmessage.org\/vi\/the-message\/volume-1\/power-of-knowledge\/the-power-of-knowledge\/\">Quy\u1ec1n L\u1ef1c c\u1ee7a Tri Th\u1ee9c<\/a><\/p>\n<p>Ch\u01b0\u01a1ng 3: <a href=\"https:\/\/www.newmessage.org\/vi\/the-message\/volume-1\/power-of-knowledge\/the-souls-journey-on-earth\/\">H\u00e0nh Tr\u00ecnh c\u1ee7a Linh H\u1ed3n tr\u00ean Tr\u00e1i \u0110\u1ea5t<\/a><\/p>\n<p>Ch\u01b0\u01a1ng 4: <a href=\"https:\/\/www.newmessage.org\/vi\/the-message\/volume-1\/power-of-knowledge\/living-in-separation\/\">S\u1ed1ng trong S\u1ef1 T\u00e1ch Bi\u1ec7t<\/a><\/p>\n<p>Ch\u01b0\u01a1ng 5: <a href=\"https:\/\/www.newmessage.org\/vi\/the-message\/volume-1\/power-of-knowledge\/the-crisis\/\">Cu\u1ed9c Kh\u1ee7ng Ho\u1ea3ng<\/a><\/p>\n<p>Ch\u01b0\u01a1ng 6: <a href=\"https:\/\/www.newmessage.org\/vi\/the-message\/volume-1\/power-of-knowledge\/the-presence\/\">S\u1ef1 Hi\u1ec7n Di\u1ec7n<\/a><\/p>\n<p>Ch\u01b0\u01a1ng 7: <a href=\"https:\/\/www.newmessage.org\/vi\/the-message\/volume-1\/power-of-knowledge\/the-reconciliation\/\">S\u1ef1 H\u00f2a Gi\u1ea3i<\/a><\/p>\n<p>Ch\u01b0\u01a1ng 8: <a href=\"https:\/\/www.newmessage.org\/vi\/the-message\/volume-1\/power-of-knowledge\/who-you-are-is-not-your-mind\/\">B\u1ea1n Kh\u00f4ng Ph\u1ea3i l\u00e0 T\u00e2m Tri\u0301 c\u1ee7a B\u1ea1n<\/a><\/p>\n<p>Ch\u01b0\u01a1ng 9: <a href=\"https:\/\/www.newmessage.org\/vi\/the-message\/volume-1\/power-of-knowledge\/knowledge-and-the-limits-of-belief\/\">Tri Th\u1ee9c V\u00e0 Gi\u1edbi H\u1ea1n C\u1ee7a Ni\u1ec1m Tin<\/a><\/p>\n<p>Ch\u01b0\u01a1ng 10: <a href=\"https:\/\/www.newmessage.org\/vi\/the-message\/volume-1\/power-of-knowledge\/the-greater-intelligence\/\">Tr\u00ed Th\u00f4ng Minh V\u0129 \u0110\u1ea1i<\/a><\/p>\n<p>Ch\u01b0\u01a1ng 11: <a href=\"https:\/\/www.newmessage.org\/vi\/the-message\/volume-1\/power-of-knowledge\/the-bridge\/\">C\u00e2y C\u1ea7u<\/a><\/p>\n<p>Ch\u01b0\u01a1ng 12: <a href=\"https:\/\/www.newmessage.org\/vi\/the-message\/volume-1\/power-of-knowledge\/following-the-presence\/\">\u0110i Theo S\u1ef1 Hi\u1ec7n Di\u1ec7n<\/a><\/p>\n<p>Ch\u01b0\u01a1ng 13: <a href=\"https:\/\/www.newmessage.org\/vi\/the-message\/volume-1\/power-of-knowledge\/the-spiritual-fire\/\">Ngo\u0323n L\u01b0\u0309a Tha\u0301nh Linh<\/a><\/p>\n<p>Ch\u01b0\u01a1ng 14: <a href=\"https:\/\/www.newmessage.org\/vi\/the-message\/volume-1\/power-of-knowledge\/the-remembrance\/\">K\u00fd \u1ee8c<\/a><\/p>\n<\/div>\n<\/div>\n","protected":false},"excerpt":{"rendered":"<p>Quy\u1ec1n L\u1ef1c c\u1ee7a Tri Th\u1ee9c ti\u1ebft l\u1ed9 v\u1ec1 th\u1ef1c t\u1ebf c\u1ee7a \u201cTri Th\u1ee9c,\u201d t\u00e2m tr\u00ed t\u00e2m linh s\u00e2u th\u1eb3m b\u00ean trong b\u1ea1n m\u00e0 n\u1eafm gi\u1eef ch\u00eca kh\u00f3a \u0111\u1ec3 t\u00ecm th\u1ea5y m\u1ee5c \u0111\u00edch v\u00e0 h\u01b0\u1edbng \u0111i l\u1edbn lao c\u1ee7a b\u1ea1n trong cu\u1ed9c \u0111\u1eddi. Quy\u1ec3n s\u00e1ch n\u00e0y c\u1ee7a Th\u00f4ng \u0110i\u1ec7p M\u1edbi t\u1eeb Ch\u00faa ch\u1ee9a \u0111\u1ef1ng 14 kh\u1ea3i\u2026 <a class=\"read-more\" href=\"https:\/\/www.v6.newmessage.org\/vi\/the-message\/volume-1\/power-of-knowledge\/\"><span>Read More<\/span><\/a><\/p>\n","protected":false},"author":62,"featured_media":0,"parent":16287,"menu_order":3,"comment_status":"closed","ping_status":"closed","template":"template-leftsidebar.php","meta":{"_monsterinsights_skip_tracking":false,"_monsterinsights_sitenote_active":false,"_monsterinsights_sitenote_note":"","_monsterinsights_sitenote_category":0,"footnotes":""},"categories":[790,460],"tags":[656,760,657,653,209,652,658,1006,648,655,654,649,798,650,651],"_links":{"self":[{"href":"https:\/\/www.v6.newmessage.org\/vi\/wp-json\/wp\/v2\/pages\/28065"}],"collection":[{"href":"https:\/\/www.v6.newmessage.org\/vi\/wp-json\/wp\/v2\/pages"}],"about":[{"href":"https:\/\/www.v6.newmessage.org\/vi\/wp-json\/wp\/v2\/types\/page"}],"author":[{"embeddable":true,"href":"https:\/\/www.v6.newmessage.org\/vi\/wp-json\/wp\/v2\/users\/62"}],"replies":[{"embeddable":true,"href":"https:\/\/www.v6.newmessage.org\/vi\/wp-json\/wp\/v2\/comments?post=28065"}],"version-history":[{"count":16,"href":"https:\/\/www.v6.newmessage.org\/vi\/wp-json\/wp\/v2\/pages\/28065\/revisions"}],"predecessor-version":[{"id":29677,"href":"https:\/\/www.v6.newmessage.org\/vi\/wp-json\/wp\/v2\/pages\/28065\/revisions\/29677"}],"up":[{"embeddable":true,"href":"https:\/\/www.v6.newmessage.org\/vi\/wp-json\/wp\/v2\/pages\/16287"}],"wp:attachment":[{"href":"https:\/\/www.v6.newmessage.org\/vi\/wp-json\/wp\/v2\/media?parent=28065"}],"wp:term":[{"taxonomy":"category","embeddable":true,"href":"https:\/\/www.v6.newmessage.org\/vi\/wp-json\/wp\/v2\/categories?post=28065"},{"taxonomy":"post_tag","embeddable":true,"href":"https:\/\/www.v6.newmessage.org\/vi\/wp-json\/wp\/v2\/tags?post=28065"}],"curies":[{"name":"wp","href":"https:\/\/api.w.org\/{rel}","templated":true}]}}