{"id":27870,"date":"2018-09-14T02:03:15","date_gmt":"2018-09-14T02:03:15","guid":{"rendered":"http:\/\/www.newmessage.org\/vi\/?page_id=27870"},"modified":"2020-09-27T16:22:47","modified_gmt":"2020-09-27T16:22:47","slug":"the-messenger-speaks-2","status":"publish","type":"page","link":"https:\/\/www.v6.newmessage.org\/vi\/the-messenger-speaks-2\/","title":{"rendered":"S\u1ee9 Gi\u1ea3 N\u00f3i"},"content":{"rendered":"<div class=\"\">\n<div class=\"\"><img decoding=\"async\" class=\"size-medium wp-image-31200 imgborder alignright\" src=\"https:\/\/www.newmessage.org\/wp-content\/uploads\/2016\/12\/MVS-Kuala-Lumpur-small-300x222.jpg\" alt=\"\" \/><i><\/i><\/div>\n<p>S\u1ee9 Gi\u1ea3 c\u1ee7a Ch\u00faa <a href=\"https:\/\/www.newmessage.org\/vi\/gods-messenger\/who-is-marshall-vian-summers\">Marshall Vian Summers<\/a> \u0111ang s\u1ed1ng trong th\u1ebf gi\u1edbi v\u00e0 \u0111ang n\u00f3i v\u1edbi b\u1ea1n.<\/p>\n<p>\u00d4ng \u1ea5y \u0111ang trao t\u1eb7ng nh\u1eefng gi\u00e1o hu\u1ea5n, l\u1eddi nguy\u1ec7n c\u1ea7u v\u00e0 th\u00f4ng \u0111i\u1ec7p to\u00e0n c\u1ea7u cho t\u1ea5t c\u1ea3 nh\u00e2n lo\u1ea1i.<\/p>\n<p>D\u01b0\u1edbi \u0111\u00e2y b\u1ea1n s\u1ebd th\u1ea5y nh\u1eefng th\u00f4ng \u0111i\u1ec7p c\u1ee7a S\u1ee9 Gi\u1ea3 d\u01b0\u1edbi h\u00ecnh th\u1ee9c video, ghi \u00e2m v\u00e0 \u0111\u01b0\u1ee3c ghi ch\u00e9p l\u1ea1i cho b\u1ea1n v\u00e0 cho t\u1ea5t c\u1ea3 m\u1ecdi ng\u01b0\u1eddi c\u1ee7a m\u1ecdi truy\u1ec1n th\u1ed1ng, qu\u1ed1c gia v\u00e0 v\u0103n h\u00f3a tr\u00ean kh\u1eafp th\u1ebf gi\u1edbi.<\/p>\n<\/div>\n<div class=\"\"><div class=\"clearfix filters\">\t\t    <ul>\n\t\t\t<li><a href=\"#\" class=\"selected\">All<\/a><\/li>\n\t\t\t\t<li class=\"cat-item cat-item-580\"><a href=\"https:\/\/www.v6.newmessage.org\/vi\/th_gallery_cat\/global-messages\/\">Nh\u01b0\u0303ng Th\u00f4ng \u0110i\u00ea\u0323p Toa\u0300n C\u00e2\u0300u<\/a>\n<\/li>\n\t\t    <\/ul>\n\t\t<\/div>\n\t    \n\t    <div class=\"row\">\n\t        <div class=\"gallery_wrap\">\n    \n\t\t\t\t    <article class=\" cat-item-580 cat-item-579 gallery_listing grid_8 post-27929 th_galleries type-th_galleries status-publish hentry th_galleries_cat-global-messages th_galleries_cat-the-messenger-speaks\" id=\"post-27929\">\n\t\t\t\t\t\t\t\t\t\t<div class=\"postcontent  clearfix\">\n\t\t\t\t\t    <h2 class=\"entry-title\"><a href=\"https:\/\/www.v6.newmessage.org\/vi\/th_gallery\/messengers-prayer\/\" >L\u01a1\u0300i Nguy\u00ea\u0323n C\u00e2\u0300u cu\u0309a S\u01b0\u0301 Gia\u0309<\/a><\/h2>\n\t\t\t\t\t    <div class=\"entry-content\">\n\t\t\t\t\t\t&nbsp; T\u00d4I C\u1ea6U NGUY\u1ec6N R\u1eb1ng nh\u1eefng l\u1eddi nguy\u1ec7n c\u1ea7u c\u1ee7a t\u00f4i C\u00f3 th\u1ec3 c\u00f3 quy\u1ec1n l\u1ef1c v\u00e0 hi\u1ec7u qu\u1ea3 Trong th\u1ebf gi\u1edbi v\u00e0 trong m\u00f4i tr\u01b0\u1eddng tinh th\u1ea7n xung quanh t\u00f4i V\u00e0 trong m\u00f4i tr\u01b0\u1eddng tinh th\u1ea7n ngo\u00e0i nh\u1eadn th\u1ee9c c\u1ee7a t\u00f4i. T\u00d4I C\u1ea6U NGUY\u1ec6N R\u1eb1ng quy\u1ec1n l\u1ef1c n\u00e0y m\u00e0 c...\t\t\t\t\t    <\/div>\n\t\t\t\t\t    \t\t\t\t\t    <div class=\"buttons\">\n\t\t\t\t\t\t    \t\t\t\t\t\t    \t\t\t\t\t\t\t<a href=\"https:\/\/www.v6.newmessage.org\/vi\/th_gallery\/messengers-prayer\/\" class=\"simple_button_black clearfix\" >more info<\/a>\n\t\t\t\t\t\t    \t\t\t\t\t    <\/div>\n\t\t\t\t\t    \t\t\t\t\t<\/div>\n\t\t\t\t    <\/article>\n\n\t\t\t\t    \n\t\t\t\t    <article class=\" cat-item-580 cat-item-579 gallery_listing grid_8 post-27880 th_galleries type-th_galleries status-publish hentry th_galleries_cat-global-messages th_galleries_cat-the-messenger-speaks\" id=\"post-27880\">\n\t\t\t\t\t\t\t\t\t\t<div class=\"postcontent  clearfix\">\n\t\t\t\t\t    <h2 class=\"entry-title\"><a href=\"https:\/\/www.v6.newmessage.org\/vi\/th_gallery\/prophecy-of-the-greater-community\/\" >L\u1eddi ti\u00ean tri c\u1ee7a C\u00f4\u0323ng \u0110\u00f4\u0300ng Vi\u0303 \u0110a\u0323i<\/a><\/h2>\n\t\t\t\t\t    <div class=\"entry-content\">\n\t\t\t\t\t\t&#8211; L\u1eddi ti\u00ean tri c\u1ee7a C\u00f4\u0323ng \u0110\u00f4\u0300ng Vi\u0303 \u0110a\u0323i &#8211; N\u00ea\u0301u ba\u0323n ch\u00e2n th\u00e2\u0323t v\u01a1\u0301i ba\u0309n th\u00e2n, ba\u0323n pha\u0309i th\u00e2\u0301y r\u0103\u0300ng ba\u0323n kh\u00f4ng bi\u00ea\u0301t \u0111i\u00ea\u0300u b\u00ean ngoa\u0300i bi\u00ean gi\u01a1\u0301i cu\u0309a th\u00ea\u0301 gi\u01a1\u0301i na\u0300y Ba\u0323n pha\u0309i \u0111\u01b0\u01a1\u0323c chu\u00e2\u0309n bi\u0323 cho b\u00e2\u0301t c\u01b0\u0301 \u0111i\u00ea\u0300u gi\u0300 va\u0300 cho mo...\t\t\t\t\t    <\/div>\n\t\t\t\t\t    \t\t\t\t\t    <div class=\"buttons\">\n\t\t\t\t\t\t    \t\t\t\t\t\t    \t\t\t\t\t\t\t<a href=\"https:\/\/www.v6.newmessage.org\/vi\/th_gallery\/prophecy-of-the-greater-community\/\" class=\"simple_button_black clearfix\" >more info<\/a>\n\t\t\t\t\t\t    \t\t\t\t\t    <\/div>\n\t\t\t\t\t    \t\t\t\t\t<\/div>\n\t\t\t\t    <\/article>\n\n\t\t\t\t    \n\t\t\t\t    <article class=\" cat-item-580 cat-item-579 gallery_listing grid_8 post-27877 th_galleries type-th_galleries status-publish hentry th_galleries_cat-global-messages th_galleries_cat-the-messenger-speaks\" id=\"post-27877\">\n\t\t\t\t\t\t\t\t\t\t<div class=\"postcontent  clearfix\">\n\t\t\t\t\t    <h2 class=\"entry-title\"><a href=\"https:\/\/www.v6.newmessage.org\/vi\/th_gallery\/receive-this-gift-from-god\/\" >Ha\u0303y Nh\u00e2\u0323n La\u0303nh Mo\u0301n Qua\u0300 t\u01b0\u0300 Chu\u0301a<\/a><\/h2>\n\t\t\t\t\t    <div class=\"entry-content\">\n\t\t\t\t\t\t&#8211; Ha\u0303y Nh\u00e2\u0323n La\u0303nh Mo\u0301n Qua\u0300 t\u01b0\u0300 Chu\u0301a &#8211; Th\u00f4ng \u0110i\u00ea\u0323p m\u01a1\u0301i cu\u0309a Chu\u0301a no\u0301i v\u00ea\u0300 Mu\u0323c \u0110i\u0301ch Vi\u0303 \u0110a\u0323i ma\u0300 m\u00f4\u0303i ng\u01b0\u01a1\u0300i mang theo, va\u0300 Mu\u0323c \u0110i\u0301ch na\u0300y se\u0303 \u0111\u01b0\u01a1\u0323c kh\u01a1\u0309i x\u01b0\u01a1\u0301ng va\u0300 \u0111\u01b0\u01a1\u0323c go\u0323i ra t\u01b0\u0300 ho\u0323 nh\u01b0 th\u00ea\u0301 na\u0300o. Va\u0300 ca\u0301ch Kha\u0309i Huy\u00ea...\t\t\t\t\t    <\/div>\n\t\t\t\t\t    \t\t\t\t\t    <div class=\"buttons\">\n\t\t\t\t\t\t    \t\t\t\t\t\t    \t\t\t\t\t\t\t<a href=\"https:\/\/www.v6.newmessage.org\/vi\/th_gallery\/receive-this-gift-from-god\/\" class=\"simple_button_black clearfix\" >more info<\/a>\n\t\t\t\t\t\t    \t\t\t\t\t    <\/div>\n\t\t\t\t\t    \t\t\t\t\t<\/div>\n\t\t\t\t    <\/article>\n\n\t\t\t\t    \n\t\t\t\t    <article class=\" cat-item-580 cat-item-579 gallery_listing grid_8 post-27873 th_galleries type-th_galleries status-publish hentry th_galleries_cat-global-messages th_galleries_cat-the-messenger-speaks\" id=\"post-27873\">\n\t\t\t\t\t\t\t\t\t\t<div class=\"postcontent  clearfix\">\n\t\t\t\t\t    <h2 class=\"entry-title\"><a href=\"https:\/\/www.v6.newmessage.org\/vi\/th_gallery\/journey-to-power-of-spirit\/\" >Ha\u0300nh Tri\u0300nh Cu\u0309a Quy\u00ea\u0300n L\u01b0\u0323c Cu\u0309a Linh H\u00f4\u0300n<\/a><\/h2>\n\t\t\t\t\t    <div class=\"entry-content\">\n\t\t\t\t\t\t&#8211; Ha\u0300nh Tri\u0300nh Cu\u0309a Quy\u00ea\u0300n L\u01b0\u0323c Cu\u0309a Linh H\u00f4\u0300n &#8211; \u0110\u00e2\u0301ng ta\u0323o ho\u0301a cu\u0309a mo\u0323i s\u01b0\u0323 s\u00f4\u0301ng \u0111a\u0303 trao cho ba\u0323n m\u00f4\u0323t t\u00e2m tri\u0301 s\u00e2u th\u0103\u0309m; t\u00e2m tri\u0301 hi\u00ea\u0309u bi\u00ea\u0301t, t\u00e2m tri\u0301 kh\u00f4ng s\u01a1\u0323 ha\u0303i; t\u00e2m tri\u0301 sa\u0301ng to\u0309 va\u0300 nh\u00e2n t\u01b0\u0300, t\u00e2m tri\u0301 kh\u00f4ng lay ch...\t\t\t\t\t    <\/div>\n\t\t\t\t\t    \t\t\t\t\t    <div class=\"buttons\">\n\t\t\t\t\t\t    \t\t\t\t\t\t    \t\t\t\t\t\t\t<a href=\"https:\/\/www.v6.newmessage.org\/vi\/th_gallery\/journey-to-power-of-spirit\/\" class=\"simple_button_black clearfix\" >more info<\/a>\n\t\t\t\t\t\t    \t\t\t\t\t    <\/div>\n\t\t\t\t\t    \t\t\t\t\t<\/div>\n\t\t\t\t    <\/article>\n\n\t\t\t\t    \t        <\/div>\n\t\t\t    <\/div>\n\t    <\/div>\n","protected":false},"excerpt":{"rendered":"<p>S\u1ee9 Gi\u1ea3 c\u1ee7a Ch\u00faa Marshall Vian Summers \u0111ang s\u1ed1ng trong th\u1ebf gi\u1edbi v\u00e0 \u0111ang n\u00f3i v\u1edbi b\u1ea1n. \u00d4ng \u1ea5y \u0111ang trao t\u1eb7ng nh\u1eefng gi\u00e1o hu\u1ea5n, l\u1eddi nguy\u1ec7n c\u1ea7u v\u00e0 th\u00f4ng \u0111i\u1ec7p to\u00e0n c\u1ea7u cho t\u1ea5t c\u1ea3 nh\u00e2n lo\u1ea1i. D\u01b0\u1edbi \u0111\u00e2y b\u1ea1n s\u1ebd th\u1ea5y nh\u1eefng th\u00f4ng \u0111i\u1ec7p c\u1ee7a S\u1ee9 Gi\u1ea3 d\u01b0\u1edbi h\u00ecnh th\u1ee9c video, ghi \u00e2m\u2026 <a class=\"read-more\" href=\"https:\/\/www.v6.newmessage.org\/vi\/th_gallery\/journey-to-power-of-spirit\/\"><span>Read More<\/span><\/a><\/p>\n","protected":false},"author":8,"featured_media":0,"parent":0,"menu_order":0,"comment_status":"closed","ping_status":"closed","template":"template-leftsidebar.php","meta":{"_monsterinsights_skip_tracking":false,"_monsterinsights_sitenote_active":false,"_monsterinsights_sitenote_note":"","_monsterinsights_sitenote_category":0,"footnotes":""},"categories":[496,505,81],"tags":[656,657,653,652,729,658,648,844,655,654,649,757,650,651],"_links":{"self":[{"href":"https:\/\/www.v6.newmessage.org\/vi\/wp-json\/wp\/v2\/pages\/27870"}],"collection":[{"href":"https:\/\/www.v6.newmessage.org\/vi\/wp-json\/wp\/v2\/pages"}],"about":[{"href":"https:\/\/www.v6.newmessage.org\/vi\/wp-json\/wp\/v2\/types\/page"}],"author":[{"embeddable":true,"href":"https:\/\/www.v6.newmessage.org\/vi\/wp-json\/wp\/v2\/users\/8"}],"replies":[{"embeddable":true,"href":"https:\/\/www.v6.newmessage.org\/vi\/wp-json\/wp\/v2\/comments?post=27870"}],"version-history":[{"count":4,"href":"https:\/\/www.v6.newmessage.org\/vi\/wp-json\/wp\/v2\/pages\/27870\/revisions"}],"predecessor-version":[{"id":28247,"href":"https:\/\/www.v6.newmessage.org\/vi\/wp-json\/wp\/v2\/pages\/27870\/revisions\/28247"}],"wp:attachment":[{"href":"https:\/\/www.v6.newmessage.org\/vi\/wp-json\/wp\/v2\/media?parent=27870"}],"wp:term":[{"taxonomy":"category","embeddable":true,"href":"https:\/\/www.v6.newmessage.org\/vi\/wp-json\/wp\/v2\/categories?post=27870"},{"taxonomy":"post_tag","embeddable":true,"href":"https:\/\/www.v6.newmessage.org\/vi\/wp-json\/wp\/v2\/tags?post=27870"}],"curies":[{"name":"wp","href":"https:\/\/api.w.org\/{rel}","templated":true}]}}