{"id":27762,"date":"2018-08-20T00:06:16","date_gmt":"2018-08-20T00:06:16","guid":{"rendered":"http:\/\/www.newmessage.org\/vietnamese-international\/?page_id=27762"},"modified":"2021-02-01T01:40:47","modified_gmt":"2021-02-01T01:40:47","slug":"secrets-heaven","status":"publish","type":"page","link":"https:\/\/www.v6.newmessage.org\/vi\/the-message\/volume-6\/secrets-heaven\/","title":{"rendered":"Nh\u1eefng B\u00ed M\u1eadt c\u1ee7a Thi\u00ean \u0110\u00e0ng"},"content":{"rendered":"<div id=\"attachment_19365\" style=\"width: 210px\" class=\"wp-caption alignright\"><a href=\"\/\/www.newmessage.org\/wp-content\/uploads\/2015\/07\/volume6_book1.jpg\"><img loading=\"lazy\" decoding=\"async\" aria-describedby=\"caption-attachment-19365\" class=\"size-medium\" src=\"\/\/www.newmessage.org\/wp-content\/uploads\/2015\/07\/volume6_book1-200x300.jpg\" alt=\"Secrets Of Heaven\" width=\"200\" height=\"300\" \/><\/a><p id=\"caption-attachment-19365\" class=\"wp-caption-text\"><\/p>\n<p class=\"font-size-13\"><a href=\"http:\/\/newknowledgelibrary.org\/books\/\">C\u01b0\u0309a Ha\u0300ng C\u00f4\u0323ng \u0110\u00f4\u0300ng<\/a><\/p>\n<p><\/p><\/div>\n<p><em>Nh\u1eefng B\u00ed M\u1eadt c\u1ee7a Thi\u00ean \u0110\u00e0ng<\/em> \u0111\u1ebfn t\u1eeb n\u01a1i s\u00e2u th\u1eb3m c\u1ee7a B\u00ed \u1ea8n. Ch\u00fang \u0111\u00e3 \u0111\u1ebfn \u0111\u1ec3 \u0111\u01b0a b\u1ea1n \u0111i s\u00e2u v\u00e0o trong tr\u1ea3i nghi\u1ec7m c\u1ee7a b\u00ed \u1ea9n v\u00e0 m\u1ee5c \u0111\u00edch bao quanh s\u1ef1 hi\u1ec7n di\u1ec7n c\u1ee7a b\u1ea1n trong th\u1ebf gi\u1edbi. <\/p>\n<p>\u1ede \u0111\u00e2y H\u1ed9i \u0110\u1ed3ng Thi\u00ean Th\u1ea7n t\u00ecm c\u00e1ch \u0111\u1ec3 chia s\u1ebb v\u1edbi b\u1ea1n \u0111i\u1ec1u \u0111\u00e3 b\u1ecb l\u00e3ng qu\u00ean trong th\u1ebf gi\u1edbi\u2014nh\u1eefng ch\u00e2n l\u00fd m\u00e0 \u0111\u00e3 t\u1eebng d\u1eabn d\u1eaft nh\u1eefng nh\u00e0 ti\u00ean tri, nh\u1eefng nh\u00e0 th\u01a1, nh\u1eefng s\u1ee9 gi\u1ea3 v\u00e0 nh\u1eefng bi\u0301 \u00e2\u0309n xuy\u00ean su\u1ed1t c\u00e1c th\u1eddi \u0111\u1ea1i.<\/p>\n<p>\u1ede \u0111\u00e2y ky\u0301 \u01b0\u0301c v\u00e0 nh\u1eadn th\u1ee9c c\u1ed5 x\u01b0a n\u1eb1m b\u00ean trong b\u1ea1n c\u00f3 th\u1ec3 \u0111\u01b0\u1ee3c g\u1ee3i l\u00ean, ti\u1ebfc l\u1ed9 nh\u1eefng m\u00f3n qu\u00e0 v\u0129 \u0111\u1ea1i v\u00e0 m\u1ee5c \u0111\u00edch cao c\u1ea3 c\u1ee7a b\u1ea1n trong cu\u1ed9c s\u1ed1ng. <em>Nh\u1eefng B\u00ed M\u1eadt c\u1ee7a Thi\u00ean \u0110\u00e0ng<\/em> ch\u1ee9a \u0111\u1ef1ng quy\u1ec1n l\u1ef1c \u0111\u1ec3 m\u01a1\u0309 kho\u0301a nh\u1eefng m\u00f3n qu\u00e0 n\u00e0y, s\u00e2u th\u1eb3m trong tr\u00e1i tim c\u1ee7a nh\u00e2n lo\u1ea1i. V\u1edbi nh\u1eefng m\u00f3n qu\u00e0 n\u00e0y, c\u00f3 m\u1ed9t hi v\u1ecdng m\u1edbi cho th\u1ebf gi\u1edbi.<\/p>\n<p>Thi\u00ean \u0110\u00e0ng mong mu\u1ed1n b\u1ea1n nh\u1eadn l\u00e3nh nh\u1eefng b\u00ed m\u1eadt c\u1ee7a n\u00f3. M\u1ed7i b\u00ed m\u1eadt l\u00e0 m\u1ed9t c\u1eeda s\u1ed5 v\u00e0o trong m\u1ed9t th\u1ef1c t\u1ebf v\u0129 \u0111\u1ea1i h\u01a1n. M\u1ed7i b\u00ed m\u1eadt l\u00e0 m\u1ed9t c\u01a1 h\u1ed9i \u0111\u1ec3 nh\u00ecn xuy\u00ean qua t\u1ea5m g\u01b0\u01a1ng v\u00e0 th\u1ea5y b\u1ea3n th\u00e2n ch\u00fang ta nh\u01b0 ch\u00fang ta \u0111\u01b0\u1ee3c nh\u00ecn th\u1ea5y t\u1eeb tr\u00ean. B\u00e2y gi\u1edd ch\u00fang ta \u0111ang nh\u00ecn th\u00f4ng qua \u0111\u00f4i m\u1eaft c\u1ee7a Thi\u00ean \u0110\u00e0ng \u0111\u1ec3 th\u1ea5y b\u1ea3n th\u00e2n ch\u00fang ta, nh\u1eefng ng\u01b0\u1eddi kh\u00e1c v\u00e0 th\u1ebf gi\u1edbi nh\u01b0 ch\u01b0a t\u1eebng \u0111\u01b0\u1ee3c th\u1ea5y tr\u01b0\u1edbc \u0111\u00f3.<\/p>\n<div class=\"message-book-div more\"><a class=\"message-book-link-to-post\" title=\"More to Come\u2026\" href=\"\/vi\/the-message\/the-revelation-continues-to-this-day\" rel=\"bookmark\">S\u0103\u0301p Co\u0301 Th\u00eam&#8230;<\/a><\/div>\n<p><em>Nh\u1eefng B\u00ed M\u1eadt c\u1ee7a Thi\u00ean \u0110\u00e0ng<\/em> l\u00e0 quy\u1ec3n s\u00e1ch \u0111\u1ea7u ti\u00ean c\u1ee7a <a href=\"https:\/\/www.newmessage.org\/vi\/the-message\/volume-6\/\">T\u00e2\u0323p 6<\/a> c\u1ee7a Th\u00f4ng \u0110i\u1ec7p M\u1edbi t\u1eeb Ch\u00faa.<\/p>\n<div class=\"toggle toggle-white\"><h4 class=\"trigger \"><span class=\"t_ico\"><\/span><a href=\"#\">Ho\u0323c th\u00eam\u2026<\/a><\/h4><div class=\"toggle_container \"><br \/>\n<div data-post-id='24520' class='insert-page insert-page-24520 '><\/div><br \/>\n<\/div><\/div>\n<p style=\"text-align: left\"><span style=\"color: #525252;line-height: 1.5\">Mu\u0323c lu\u0323c<\/span><\/p>\n<div class=\"background-color-bridesmaid padding-20\">\n<p><a>  Gi\u01a1\u0301i Thi\u00ea\u0323u<\/a><br \/>\n<a href=\"https:\/\/www.newmessage.org\/vi\/the-message\/volume-6\/secrets-heaven\/the-secrets\/\">Nh\u01b0\u0303ng Bi\u0301 M\u00e2\u0323t cu\u0309a Thi\u00ean \u0110a\u0300ng<\/a><br \/>\n<a>  S\u01b0\u0323 K\u00ea\u0301t N\u00f4\u0301i<\/a><br \/>\n<a>  V\u00ea\u0300 Marshall Vian Summers<\/a><br \/>\n<a>  \u0110i S\u00e2u va\u0300o trong Bi\u0301 \u00c2\u0309n<\/a><br \/>\n<a>  Phong Tr\u00e0o \u0110ang Lan R\u1ed9ng<\/a>\n<\/div>\n<p class=\"paragraph_style_14\">\n","protected":false},"excerpt":{"rendered":"<p>Nh\u1eefng B\u00ed M\u1eadt c\u1ee7a Thi\u00ean \u0110\u00e0ng \u0111\u1ebfn t\u1eeb n\u01a1i s\u00e2u th\u1eb3m c\u1ee7a B\u00ed \u1ea8n. Ch\u00fang \u0111\u00e3 \u0111\u1ebfn \u0111\u1ec3 \u0111\u01b0a b\u1ea1n \u0111i s\u00e2u v\u00e0o trong tr\u1ea3i nghi\u1ec7m c\u1ee7a b\u00ed \u1ea9n v\u00e0 m\u1ee5c \u0111\u00edch bao quanh s\u1ef1 hi\u1ec7n di\u1ec7n c\u1ee7a b\u1ea1n trong th\u1ebf gi\u1edbi. \u1ede \u0111\u00e2y H\u1ed9i \u0110\u1ed3ng Thi\u00ean Th\u1ea7n t\u00ecm c\u00e1ch \u0111\u1ec3 chia s\u1ebb v\u1edbi b\u1ea1n\u2026 <a class=\"read-more\" href=\"https:\/\/www.v6.newmessage.org\/vi\/the-message\/volume-6\/secrets-heaven\/\"><span>Read More<\/span><\/a><\/p>\n","protected":false},"author":8,"featured_media":0,"parent":27519,"menu_order":0,"comment_status":"closed","ping_status":"closed","template":"template-leftsidebar.php","meta":{"_monsterinsights_skip_tracking":false,"_monsterinsights_sitenote_active":false,"_monsterinsights_sitenote_note":"","_monsterinsights_sitenote_category":0,"footnotes":""},"categories":[906,499],"tags":[656,657,653,652,741,658,648,740,655,654,649,678,650,651],"_links":{"self":[{"href":"https:\/\/www.v6.newmessage.org\/vi\/wp-json\/wp\/v2\/pages\/27762"}],"collection":[{"href":"https:\/\/www.v6.newmessage.org\/vi\/wp-json\/wp\/v2\/pages"}],"about":[{"href":"https:\/\/www.v6.newmessage.org\/vi\/wp-json\/wp\/v2\/types\/page"}],"author":[{"embeddable":true,"href":"https:\/\/www.v6.newmessage.org\/vi\/wp-json\/wp\/v2\/users\/8"}],"replies":[{"embeddable":true,"href":"https:\/\/www.v6.newmessage.org\/vi\/wp-json\/wp\/v2\/comments?post=27762"}],"version-history":[{"count":6,"href":"https:\/\/www.v6.newmessage.org\/vi\/wp-json\/wp\/v2\/pages\/27762\/revisions"}],"predecessor-version":[{"id":28393,"href":"https:\/\/www.v6.newmessage.org\/vi\/wp-json\/wp\/v2\/pages\/27762\/revisions\/28393"}],"up":[{"embeddable":true,"href":"https:\/\/www.v6.newmessage.org\/vi\/wp-json\/wp\/v2\/pages\/27519"}],"wp:attachment":[{"href":"https:\/\/www.v6.newmessage.org\/vi\/wp-json\/wp\/v2\/media?parent=27762"}],"wp:term":[{"taxonomy":"category","embeddable":true,"href":"https:\/\/www.v6.newmessage.org\/vi\/wp-json\/wp\/v2\/categories?post=27762"},{"taxonomy":"post_tag","embeddable":true,"href":"https:\/\/www.v6.newmessage.org\/vi\/wp-json\/wp\/v2\/tags?post=27762"}],"curies":[{"name":"wp","href":"https:\/\/api.w.org\/{rel}","templated":true}]}}