{"id":27754,"date":"2018-08-19T03:14:44","date_gmt":"2018-08-19T03:14:44","guid":{"rendered":"http:\/\/www.newmessage.org\/vietnamese-international\/?page_id=27754"},"modified":"2023-07-24T05:13:17","modified_gmt":"2023-07-24T05:13:17","slug":"wisdom-greater-community-volume-2","status":"publish","type":"page","link":"https:\/\/www.v6.newmessage.org\/vi\/the-message\/volume-5\/wisdom-greater-community-volume-2\/","title":{"rendered":"Minh Tri\u00ea\u0301t t\u01b0\u0300 C\u00f4\u0323ng \u0110\u00f4\u0300ng Vi\u0303 \u0110a\u0323i T\u00e2\u0323p Hai"},"content":{"rendered":"<p><a href=\"\/\/www.newmessage.org\/wp-content\/uploads\/2015\/07\/volume5_book2.jpg\"><img loading=\"lazy\" decoding=\"async\" class=\"size-medium alignright\" src=\"\/\/www.newmessage.org\/wp-content\/uploads\/2015\/07\/volume5_book2-211x300.jpg\" alt=\"\" width=\"211\" height=\"300\" \/><\/a><\/p>\n<p class=\"font-size-13\"><a href=\"http:\/\/newknowledgelibrary.org\/books\/\">C\u01b0\u0309a Ha\u0300ng C\u00f4\u0323ng \u0110\u00f4\u0300ng<\/a><\/p>\n<p>&nbsp;<\/p>\n<p><em>Minh Tri\u00ea\u0301t t\u01b0\u0300 C\u00f4\u0323ng \u0110\u00f4\u0300ng Vi\u0303 \u0110a\u0323i T\u00e2\u0323p II<\/em> t\u00e2\u0323p trung va\u0300o nh\u01b0\u0303ng nhu c\u00e2\u0300u cu\u0309a m\u00f4\u0323t th\u00ea\u0301 gi\u01a1\u0301i \u0111ang chuy\u00ea\u0309n \u0111\u00f4\u0309i nh\u01b0 la\u0300 b\u00f4\u0301i ca\u0309nh vi\u0303 \u0111a\u0323i cho vi\u00ea\u0323c ti\u0300m th\u00e2\u0301y mu\u0323c \u0111i\u0301ch cao ca\u0309 cu\u0309a ba\u0323n trong cu\u00f4\u0323c s\u00f4\u0301ng va\u0300 vi\u00ea\u0323c gia\u0309i quy\u00ea\u0301t nh\u01b0\u0303ng v\u00e2\u0301n \u0111\u00ea\u0300 ca\u0301 nh\u00e2n. No\u0301 no\u0301i v\u00ea\u0300 pha\u0323m vi l\u01a1\u0301n h\u01a1n cu\u0309a s\u01b0\u0323 s\u00f4\u0301ng th\u00f4ng minh \u0111\u01b0\u01a1\u0323c go\u0323i la\u0300 C\u00f4\u0323ng \u0110\u00f4\u0300ng Vi\u0303 \u0110a\u0323i (<a href=\"\/\/www.newmessage.org\/vi\/the-message\/volume-2\/greater-community-spirituality\/what-is-the-greater-community\">C\u00f4\u0323ng \u0110\u00f4\u0300ng Vi\u0303 \u0110a\u0323i la\u0300 gi\u0300?<\/a>) va\u0300 trao cho nh\u01b0\u0303ng s\u01b0\u0323 sa\u0301ng su\u00f4\u0301t va\u0300 ca\u0301ch nhi\u0300n c\u00e2\u0300n thi\u00ea\u0301t \u0111\u00ea\u0309 chu\u00e2\u0309n bi\u0323 cho m\u00f4\u0323t t\u01b0\u01a1ng lai ma\u0300 se\u0303 kh\u00f4ng nh\u01b0 b\u00e2\u0301t ky\u0300 \u0111i\u00ea\u0300u gi\u0300 chu\u0301ng ta t\u01b0\u0300ng bi\u00ea\u0301t.<\/p>\n<p>Trong Gia\u0301o Hu\u00e2\u0301n cu\u0309a Th\u00f4ng \u0110i\u00ea\u0323p M\u01a1\u0301i v\u00ea\u0300 nh\u01b0\u0303ng chu\u0309 \u0111\u00ea\u0300 t\u01b0\u0300 \u201cNh\u00e2\u0323n Th\u01b0\u0301c Ro\u0303\u201d va\u0300 \u201cNh\u01b0\u0303ng Th\u01b0\u0323c T\u00ea\u0301 trong C\u00f4\u0323ng \u0110\u00f4\u0300ng Vi\u0303 \u0110a\u0323i\u201d \u0111\u00ea\u0301n \u201cLo\u0300ng Can \u0110a\u0309m\u201d va\u0300 \u201cT\u00f4n Gia\u0301o nh\u01b0 la\u0300 Bi\u0301 \u00c2\u0309n,\u201d <em>Minh Tri\u00ea\u0301t Hai<\/em> m\u01a1\u0309 ra con \u0111\u01b0\u01a1\u0300ng cho vi\u00ea\u0323c s\u00f4\u0301ng m\u00f4\u0323t cu\u00f4\u0323c s\u00f4\u0301ng vi\u0303 \u0111a\u0323i h\u01a1n trong th\u00ea\u0301 gi\u01a1\u0301i. Ca\u0309 hai t\u00e2\u0323p cu\u0309a <em>Minh Tri\u00ea\u0301t t\u01b0\u0300 C\u00f4\u0323ng \u0110\u00f4\u0300ng Vi\u0303 \u0110a\u0323i<\/em> la\u0300 m\u00f4\u0323t ph\u00e2\u0300n b\u00f4\u0309 sung \u0111\u00e2\u0300y quy\u00ea\u0300n l\u01b0\u0323c cho ha\u0300nh tri\u0300nh trong <em> <a href=\"\/\/www.newmessage.org\/vi\/the-message\/volume-3\/steps-knowledge\"> Nh\u01b0\u0303ng B\u01b0\u01a1\u0301c \u0110i \u0111\u00ea\u0301n Tri Th\u01b0\u0301c<\/a> <\/em>.<\/p>\n<p>N\u01a1i \u0111\u00e2y tri\u0300nh ba\u0300y m\u00f4\u0323t chu\u00f4\u0303i nh\u01b0\u0303ng gia\u0301o hu\u00e2\u0301n v\u00ea\u0300 Con \u0110\u01b0\u01a1\u0300ng Tri Th\u01b0\u0301c trong C\u00f4\u0323ng \u0110\u00f4\u0300ng Vi\u0303 \u0110a\u0323i, con \u0111\u01b0\u01a1\u0300ng n\u00f4\u0323i t\u00e2m cho s\u01b0\u0323 chu\u00e2\u0309n bi\u0323 tha\u0301nh linh \u0111\u01b0\u01a1\u0323c ch\u01b0\u0301a \u0111\u01b0\u0323ng b\u00ean trong Th\u00f4ng \u0110i\u00ea\u0323p M\u01a1\u0301i t\u01b0\u0300 Chu\u0301a. \u0110\u00e2y la\u0300 m\u00f4\u0323t s\u01b0\u0323 chu\u00e2\u0309n bi\u0323 tha\u0301nh linh kh\u0103\u0301p vu\u0303 tru\u0323 l\u00e2\u0300n \u0111\u00e2\u0300u ti\u00ean \u0111\u01b0\u01a1\u0323c tri\u0300nh ba\u0300y cho th\u00ea\u0301 gi\u01a1\u0301i ngay lu\u0301c na\u0300y.<\/p>\n<p><em>Minh Tri\u00ea\u0301t t\u01b0\u0300 C\u00f4\u0323ng \u0110\u00f4\u0300ng Vi\u0303 \u0110a\u0323i T\u00e2\u0323p II<\/em> la\u0300 quy\u00ea\u0309n sa\u0301ch th\u01b0\u0301 hai cu\u0309a <a href=\"https:\/\/www.newmessage.org\/vi\/the-message\/volume-5\/\">T\u00e2\u0323p 5<\/a> cu\u0309a Th\u00f4ng \u0110i\u00ea\u0323p M\u01a1\u0301i t\u01b0\u0300 Chu\u0301a.<\/p>\n<div class=\"toggle toggle-white\"><h4 class=\"trigger \"><span class=\"t_ico\"><\/span><a href=\"#\">Ho\u0323c th\u00eam\u2026<\/a><\/h4><div class=\"toggle_container \"><br \/>\n<div data-post-id='24520' class='insert-page insert-page-24520 '><\/div><br \/>\n<\/div><\/div>\n<div class=\"background-color-bridesmaid padding-20\">\n<h2 style=\"text-align: left;\"><span style=\"color: #525252;\">Mu\u0323c lu\u0323c<\/span><\/h2>\n<p>1. <a href=\"https:\/\/www.newmessage.org\/vi\/the-message\/volume-5\/wisdom-greater-community-volume-2\/ambition\/\">Tham V\u1ecdng<\/a><br \/>\n2. <a href=\"https:\/\/www.newmessage.org\/vi\/the-message\/volume-5\/wisdom-greater-community-volume-2\/possessions\/\">V\u1eadt S\u1edf H\u1eefu<\/a><br \/>\n3. <a href=\"https:\/\/www.newmessage.org\/vi\/the-message\/volume-5\/wisdom-greater-community-volume-2\/pleasure\/\">Thu\u0301 Vui<\/a><br \/>\n4. <a href=\"https:\/\/www.newmessage.org\/vi\/the-message\/volume-5\/wisdom-greater-community-volume-2\/serving-others\/\">Ph\u1ee5c V\u1ee5 Ng\u01b0\u1eddi Kh\u00e1c<\/a><br \/>\n5. <a href=\"https:\/\/www.newmessage.org\/vi\/the-message\/volume-5\/wisdom-greater-community-volume-2\/working-with-the-mind\/\">L\u00e0m Vi\u1ec7c V\u1edbi T\u00e2m Tr\u00ed<\/a><br \/>\n6. <a href=\"https:\/\/www.newmessage.org\/vi\/the-message\/volume-5\/wisdom-greater-community-volume-2\/discernment\/\">Nh\u1eadn Bi\u1ebft<\/a><br \/>\n7. <a href=\"https:\/\/www.newmessage.org\/vi\/the-message\/volume-5\/wisdom-greater-community-volume-2\/discretion\/\">S\u01b0\u0323 Th\u00e2\u0323n Tro\u0323ng<\/a><br \/>\n8. <a href=\"https:\/\/www.newmessage.org\/vi\/the-message\/volume-5\/wisdom-greater-community-volume-2\/solving-problems\/\">Gi\u1ea3i Quy\u1ebft V\u1ea5n \u0110\u1ec1<\/a><br \/>\n9. <a href=\"https:\/\/www.newmessage.org\/vi\/the-message\/volume-5\/wisdom-greater-community-volume-2\/honesty\/\">S\u1ef1 Trung Th\u1ef1c<\/a><br \/>\n10. <a href=\"https:\/\/www.newmessage.org\/vi\/the-message\/volume-5\/wisdom-greater-community-volume-2\/greater-community-visitations\/\">Nh\u1eefng Chuy\u1ebfn Th\u0103m t\u1eeb C\u1ed9ng \u0110\u1ed3ng V\u0129 \u0110\u1ea1i<\/a><br \/>\n11. <a href=\"https:\/\/www.newmessage.org\/vi\/the-message\/volume-5\/wisdom-greater-community-volume-2\/spiritual-practice\/\">Th\u1ef1c H\u00e0nh T\u00e2m Linh<\/a><br \/>\n12. <a href=\"https:\/\/www.newmessage.org\/vi\/the-message\/volume-5\/wisdom-greater-community-volume-2\/self-expression-and-the-mental-environment\/\">Vi\u00ea\u0323c B\u00f4\u0323c L\u00f4\u0323 Ba\u0309n Th\u00e2n &amp; M\u00f4i Tr\u01b0\u01a1\u0300ng Tinh Th\u00e2\u0300n<\/a><br \/>\n13. <a href=\"https:\/\/www.newmessage.org\/vi\/the-message\/volume-5\/wisdom-greater-community-volume-2\/religion-as-mystery\/\">T\u00f4n Gi\u00e1o nh\u01b0 B\u00ed \u1ea8n<\/a><br \/>\n14. <a href=\"https:\/\/www.newmessage.org\/vi\/the-message\/volume-5\/wisdom-greater-community-volume-2\/intelligence\/\">Tr\u00ed Th\u00f4ng Minh<\/a><br \/>\n15. <a href=\"https:\/\/www.newmessage.org\/vi\/the-message\/volume-5\/wisdom-greater-community-volume-2\/responding-to-the-greater-community\/\">\u0110\u00e1p L\u1ea1i C\u1ed9ng \u0110\u1ed3ng V\u0129 \u0110\u1ea1i<\/a><br \/>\n16. <a href=\"https:\/\/www.newmessage.org\/vi\/the-message\/volume-5\/wisdom-greater-community-volume-2\/thresholds\/\">Ng\u01b0\u1ee1ng C\u1eeda<\/a><br \/>\n17. <a href=\"https:\/\/www.newmessage.org\/vi\/the-message\/volume-5\/wisdom-greater-community-volume-2\/visitors-perceptions-of-humanity\/\">Nh\u1eadn Th\u1ee9c c\u1ee7a C\u00e1c V\u1ecb Kh\u00e1ch v\u1ec1 Nh\u00e2n Lo\u1ea1i<\/a><br \/>\n18. <a href=\"https:\/\/www.newmessage.org\/vi\/the-message\/volume-5\/wisdom-greater-community-volume-2\/compassion\/\">Lo\u0300ng Nh\u00e2n T\u01b0\u0300<\/a><br \/>\n19. <a href=\"https:\/\/www.newmessage.org\/vi\/the-message\/volume-5\/wisdom-greater-community-volume-2\/courage\/\">Lo\u0300ng Can \u0110a\u0309m<\/a><br \/>\n20. <a href=\"https:\/\/www.newmessage.org\/vi\/the-message\/volume-5\/wisdom-greater-community-volume-2\/learning-from-others\/\">H\u1ecdc H\u1ecfi t\u1eeb Ng\u01b0\u1eddi Kh\u00e1c<\/a><br \/>\n21. <a href=\"https:\/\/www.newmessage.org\/vi\/the-message\/volume-5\/wisdom-greater-community-volume-2\/devotion-and-commitment\/\">S\u1ef1 T\u1eadn T\u00e2m v\u00e0 Cam K\u1ebft<\/a><br \/>\n22. <a href=\"https:\/\/www.newmessage.org\/vi\/the-message\/volume-5\/wisdom-greater-community-volume-2\/money\/\">Ti\u1ec1n B\u1ea1c<\/a><br \/>\n23. <a href=\"https:\/\/www.newmessage.org\/vi\/the-message\/volume-5\/wisdom-greater-community-volume-2\/becoming-wise\/\">Tr\u1edf N\u00ean Th\u00f4ng Th\u00e1i<\/a><br \/>\n24. <a href=\"https:\/\/www.newmessage.org\/vi\/the-message\/volume-5\/wisdom-greater-community-volume-2\/work\/\">C\u00f4ng Vi\u00ea\u0323c<\/a><br \/>\n25. <a href=\"https:\/\/www.newmessage.org\/vi\/the-message\/volume-5\/wisdom-greater-community-volume-2\/environments\/\">M\u00f4i Tr\u01b0\u1eddng<\/a><br \/>\n26. <a href=\"https:\/\/www.newmessage.org\/vi\/the-message\/volume-5\/wisdom-greater-community-volume-2\/conflict\/\">Xung \u0110\u1ed9t<\/a><br \/>\n27. <a href=\"https:\/\/www.newmessage.org\/vi\/the-message\/volume-5\/wisdom-greater-community-volume-2\/self-doubt\/\">S\u1ef1 Nghi Ng\u1edd B\u1ea3n Th\u00e2n<\/a><br \/>\n28. <a href=\"https:\/\/www.newmessage.org\/vi\/the-message\/volume-5\/wisdom-greater-community-volume-2\/greater-community-realities\/\">Th\u1ef1c T\u1ea1i c\u1ee7a C\u1ed9ng \u0110\u1ed3ng V\u0129 \u0110\u1ea1i<\/a><br \/>\n29. <a href=\"https:\/\/www.newmessage.org\/vi\/the-message\/volume-5\/wisdom-greater-community-volume-2\/inspiration\/\">Ngu\u1ed3n C\u1ea3m H\u1ee9ng<\/a><br \/>\n30. <a href=\"https:\/\/www.newmessage.org\/vi\/the-message\/volume-5\/wisdom-greater-community-volume-2\/kindness\/\">L\u00f2ng T\u1ed1t<\/a><br \/>\n31. <a href=\"https:\/\/www.newmessage.org\/vi\/the-message\/volume-5\/wisdom-greater-community-volume-2\/concentration\/\">S\u01b0\u0323 T\u00e2\u0323p Trung<\/a><br \/>\n32. <a href=\"https:\/\/www.newmessage.org\/vi\/the-message\/volume-5\/wisdom-greater-community-volume-2\/pride\/\">S\u1ef1 T\u1ef1 H\u00e0o<\/a><br \/>\n33. <a href=\"https:\/\/www.newmessage.org\/vi\/the-message\/volume-5\/wisdom-greater-community-volume-2\/perseverance\/\">S\u1ef1 Ki\u00ean Tr\u00ec<\/a><br \/>\n34. <a href=\"https:\/\/www.newmessage.org\/vi\/the-message\/volume-5\/wisdom-greater-community-volume-2\/walking-the-way-of-knowledge\/\">\u0110i Theo Con \u0110\u01b0\u1eddng c\u1ee7a Tri Th\u1ee9c<\/a><\/p>\n<\/div>\n","protected":false},"excerpt":{"rendered":"<p>C\u01b0\u0309a Ha\u0300ng C\u00f4\u0323ng \u0110\u00f4\u0300ng &nbsp; Minh Tri\u00ea\u0301t t\u01b0\u0300 C\u00f4\u0323ng \u0110\u00f4\u0300ng Vi\u0303 \u0110a\u0323i T\u00e2\u0323p II t\u00e2\u0323p trung va\u0300o nh\u01b0\u0303ng nhu c\u00e2\u0300u cu\u0309a m\u00f4\u0323t th\u00ea\u0301 gi\u01a1\u0301i \u0111ang chuy\u00ea\u0309n \u0111\u00f4\u0309i nh\u01b0 la\u0300 b\u00f4\u0301i ca\u0309nh vi\u0303 \u0111a\u0323i cho vi\u00ea\u0323c ti\u0300m th\u00e2\u0301y mu\u0323c \u0111i\u0301ch cao ca\u0309 cu\u0309a ba\u0323n trong cu\u00f4\u0323c s\u00f4\u0301ng va\u0300 vi\u00ea\u0323c gia\u0309i quy\u00ea\u0301t nh\u01b0\u0303ng v\u00e2\u0301n \u0111\u00ea\u0300 ca\u0301 nh\u00e2n.\u2026 <a class=\"read-more\" href=\"https:\/\/www.v6.newmessage.org\/vi\/the-message\/volume-5\/wisdom-greater-community-volume-2\/\"><span>Read More<\/span><\/a><\/p>\n","protected":false},"author":8,"featured_media":0,"parent":27516,"menu_order":0,"comment_status":"closed","ping_status":"closed","template":"template-leftsidebar.php","meta":{"_monsterinsights_skip_tracking":false,"_monsterinsights_sitenote_active":false,"_monsterinsights_sitenote_note":"","_monsterinsights_sitenote_category":0,"footnotes":""},"categories":[498,484],"tags":[656,657,653,652,739,658,648,655,654,649,677,629,650,651],"_links":{"self":[{"href":"https:\/\/www.v6.newmessage.org\/vi\/wp-json\/wp\/v2\/pages\/27754"}],"collection":[{"href":"https:\/\/www.v6.newmessage.org\/vi\/wp-json\/wp\/v2\/pages"}],"about":[{"href":"https:\/\/www.v6.newmessage.org\/vi\/wp-json\/wp\/v2\/types\/page"}],"author":[{"embeddable":true,"href":"https:\/\/www.v6.newmessage.org\/vi\/wp-json\/wp\/v2\/users\/8"}],"replies":[{"embeddable":true,"href":"https:\/\/www.v6.newmessage.org\/vi\/wp-json\/wp\/v2\/comments?post=27754"}],"version-history":[{"count":25,"href":"https:\/\/www.v6.newmessage.org\/vi\/wp-json\/wp\/v2\/pages\/27754\/revisions"}],"predecessor-version":[{"id":29482,"href":"https:\/\/www.v6.newmessage.org\/vi\/wp-json\/wp\/v2\/pages\/27754\/revisions\/29482"}],"up":[{"embeddable":true,"href":"https:\/\/www.v6.newmessage.org\/vi\/wp-json\/wp\/v2\/pages\/27516"}],"wp:attachment":[{"href":"https:\/\/www.v6.newmessage.org\/vi\/wp-json\/wp\/v2\/media?parent=27754"}],"wp:term":[{"taxonomy":"category","embeddable":true,"href":"https:\/\/www.v6.newmessage.org\/vi\/wp-json\/wp\/v2\/categories?post=27754"},{"taxonomy":"post_tag","embeddable":true,"href":"https:\/\/www.v6.newmessage.org\/vi\/wp-json\/wp\/v2\/tags?post=27754"}],"curies":[{"name":"wp","href":"https:\/\/api.w.org\/{rel}","templated":true}]}}