{"id":27636,"date":"2018-04-04T08:41:22","date_gmt":"2018-04-04T08:41:22","guid":{"rendered":"http:\/\/www.newmessage.org\/vietnamese-international\/?page_id=27636"},"modified":"2018-09-10T04:59:59","modified_gmt":"2018-09-10T04:59:59","slug":"the-story-of-marshall-vian-summers","status":"publish","type":"page","link":"https:\/\/www.v6.newmessage.org\/vi\/the-story-of-marshall-vian-summers\/","title":{"rendered":"C\u00e2u chuy\u1ec7n c\u1ee7a Marshall Vian Summers"},"content":{"rendered":"<p>[vc_row][vc_column][vc_column_text]<\/p>\n<div style=\"width: 310px\" class=\"wp-caption alignright\"><a href=\"\/wp-content\/uploads\/2014\/07\/Messenger-Angor-Cambodia-2-300x285.jpg\"><img loading=\"lazy\" decoding=\"async\" class=\"wpimagehover imgborder\" src=\"\/wp-content\/uploads\/2014\/07\/Messenger-Angor-Cambodia-2-300x285.jpg\" alt=\"The Story of Marshall Vian Summers\" width=\"300\" height=\"285\" \/><\/a><p class=\"wp-caption-text\">Marshall Vian Summers<\/p><\/div>\n<p>Marshall Vian Summers \u0111\u00e3 trao 43 n\u0103m cu\u1ed1i \u0111\u00e2y c\u1ee7a cu\u1ed9c \u0111\u1eddi c\u1ee7a \u00f4ng \u1ea5y \u0111\u1ec3 nh\u1eadn l\u00e3nh v\u00e0 \u0111\u1ec3 truy\u1ec1n d\u1ea1y m\u1ed9t c\u00e1ch l\u1eb7ng l\u1ebd <a href=\"https:\/\/www.newmessage.org\/vi\/the-message\/\">Th\u00f4ng \u0110i\u1ec7p M\u1edbi t\u1eeb Ch\u00faa<\/a>.<\/p>\n<p>H\u1ea7u h\u1ebft trong n\u0103m \u00f4ng \u1ea5y l\u00e0m vi\u1ec7c \u1edf Rocky Mountains \u1edf M\u1ef9 n\u01a1i \u00f4ng \u1ea5y s\u1ed1ng \u1ea9n d\u1eadt v\u00e2y quanh b\u1edfi gia \u0111\u00ecnh v\u00e0 nh\u1eefng ng\u01b0\u1eddi \u0111\u1ed3ng h\u00e0nh th\u00e2n c\u1eadn c\u1ee7a \u00f4ng \u1ea5y.<\/p>\n<p>V\u00e0o nh\u1eefng d\u1ecbp hi\u1ebfm hoi Marshall du h\u00e0nh \u0111\u1ebfn nh\u1eefng n\u01a1i kh\u00e1c \u1edf M\u1ef9 v\u00e0 n\u01b0\u1edbc ngo\u00e0i \u0111\u1ec3 ban t\u1eb7ng l\u1eddi c\u1ea3nh b\u00e1o, l\u1eddi ch\u00fac ph\u00fac v\u00e0 s\u1ef1 chu\u1ea9n b\u1ecb \u0111\u01b0\u1ee3c ch\u1ee9a \u0111\u1ef1ng trong Th\u00f4ng \u0110i\u1ec7p M\u1edbi.<\/p>\n<p>Nh\u1eefng N\u0103m \u0110\u1ea7u<\/p>\n<p>Marshall \u0111\u00e3 \u0111\u01b0\u1ee3c kh\u1ea3i t\u00e2m v\u1ec1 th\u00e1nh linh l\u00fac tr\u1ebb, \u0111\u1eb7c bi\u1ec7t l\u00e0 th\u00f4ng qua nh\u1eefng tr\u1ea3i nghi\u1ec7m c\u1ee7a \u00f4ng trong thi\u00ean nhi\u00ean. Khi l\u00e0 m\u1ed9t ch\u00e0ng trai tr\u1ebb, nh\u1eefng cu\u1ed9c h\u00e0nh tr\u00ecnh c\u1ee7a \u00f4ng qua n\u01a1i hoang d\u00e3 c\u1ee7a B\u1eafc M\u1ef9 \u0111\u00e3 g\u00f3p ph\u1ea7n v\u00e0o h\u1ecdc tr\u00ecnh b\u00ed \u1ea9n c\u1ee7a \u00f4ng.<\/p>\n<p>Sau khi t\u1ed1t nghi\u1ec7p \u0111\u1ea1i h\u1ecdc, \u00f4ng \u1ea5y tr\u1edf th\u00e0nh m\u1ed9t th\u1ea7y gi\u00e1o cho tr\u1ebb em m\u00f9. Trong th\u1eddi gian n\u00e0y \u00f4ng \u1ea5y b\u1eaft \u0111\u1ea7u tr\u1ea3i nghi\u1ec7m v\u00e0 d\u1ef1a v\u00e0o Ti\u1ebfng N\u00f3i B\u00ean Trong \u0111\u1ec3 d\u1eabn d\u1eaft \u00f4ng \u1ea5y trong c\u00f4ng vi\u1ec7c.<\/p>\n<p>\u0110\u01b0\u1ee3c c\u00f4ng nh\u1eadn v\u1ec1 nh\u1eefng t\u00e0i n\u0103ng c\u1ee7a \u00f4ng \u1ea5y trong l\u0129nh v\u1ef1c n\u00e0y, \u00f4ng \u1ea5y \u0111\u00e3 \u0111\u01b0\u1ee3c trao cho c\u01a1 h\u1ed9i \u0111\u1ec3 bi\u1ebfn \u0111i\u1ec1u n\u00e0y th\u00e0nh c\u00f4ng vi\u1ec7c c\u1ea3 \u0111\u1eddi c\u1ee7a m\u00ecnh. Nh\u01b0ng Ti\u1ebfng N\u00f3i B\u00ean Trong th\u00fac \u0111\u1ea9y \u00f4ng \u1ea5y t\u1eeb ch\u1ed1i v\u00e0 v\u00e0o l\u1ea1i hoang d\u00e3 nhi\u1ec1u th\u00e1ng li\u1ec1n. Sau giai \u0111o\u1ea1n xem x\u00e9t v\u00e0 t\u1eeb b\u1ecf n\u00e0y, \u00f4ng \u1ea5y quay tr\u1edf l\u1ea1i th\u1ebf gi\u1edbi c\u1ee7a con ng\u01b0\u1eddi v\u00e0 v\u0103n ho\u00e1 v\u00e0 b\u1eaft \u0111\u1ea7u gi\u1ea3ng d\u1ea1y nh\u1eefng nguy\u00ean  l\u00fd c\u1ee7a Tri Th\u1ee9c B\u1ea3n Th\u00e2n, \u0111i\u1ec1u m\u00e0 \u00f4ng \u1ea5y \u0111\u00e3 l\u00e0m trong b\u1ea3y n\u0103m.<\/p>\n<p>N\u0103m 1981, \u1edf tu\u1ed5i 32, \u00f4ng \u1ea5y c\u00f3 m\u1ed9t cu\u1ed9c g\u1eb7p g\u1ee1 tr\u1ef1c ti\u1ebfp v\u1edbi Nh\u1eefng Ng\u01b0\u1eddi V\u00f4 H\u00ecnh, s\u1ef1 <a href=\"https:\/\/www.newmessage.org\/vi\/the-message\/important-terms\/#aa\">Hi\u1ec7n Di\u1ec7n c\u1ee7a Thi\u00ean Th\u1ea7n<\/a> m\u00e0 \u0111\u00e3 lu\u00f4n d\u1eabn d\u1eaft v\u00e0 chu\u1ea9n b\u1ecb \u00f4ng \u1ea5y. Cu\u1ed9c g\u1eb7p g\u1ee1 n\u00e0y m\u00e3i m\u00e3i thay \u0111\u1ed5i h\u01b0\u1edbng \u0111i c\u1ee7a cu\u1ed9c s\u1ed1ng \u00f4ng \u1ea5y v\u00e0 kh\u1ea3i t\u00e2m \u00f4ng \u1ea5y v\u00e0o trong m\u1ed9t m\u1ed1i quan h\u1ec7 s\u00e2u th\u1eb3m h\u01a1n v\u1edbi h\u1ecd, \u0111\u00f2i h\u1ecfi r\u1eb1ng \u00f4ng \u1ea5y d\u00e2ng cu\u1ed9c s\u1ed1ng c\u1ee7a m\u00ecnh cho Ch\u00faa.<\/p>\n<p>Mau ch\u00f3ng sau cu\u1ed9c g\u1eb7p g\u1ee1 n\u00e0y, Marshall bi\u1ebft r\u1eb1ng \u00f4ng \u1ea5y ph\u1ea3i r\u1eddi nh\u1eefng h\u1ecdc sinh c\u1ee7a m\u00ecnh v\u00e0 qu\u00e1 tr\u00ecnh gi\u1ea3ng d\u1ea1y c\u1ee7a m\u00ecnh, nh\u1eefng m\u1ed1i quan h\u1ec7 c\u1ee7a m\u00ecnh v\u00e0 c\u0103n nh\u00e0 c\u1ee7a m\u00ecnh trong th\u00e0nh ph\u1ed1 \u0111\u1ec3 \u0111i lang thang m\u1ed9t l\u1ea7n n\u1eefa. \u0110\u00e2y l\u00e0 m\u1ed9t giai \u0111o\u1ea1n kh\u00f3 kh\u0103n, kh\u00f3 l\u00fd gi\u1ea3i \u0111\u01b0\u1ee3c v\u00e0 c\u00f4 \u0111\u01a1n \u0111\u1ed1i v\u1edbi \u00f4ng \u1ea5y. H\u00e0nh tr\u00ecnh lang thanh c\u1ee7a \u00f4ng \u1ea5y d\u1eabn \u00f4ng \u1ea5y \u0111\u1ebfn \u1ea9n d\u1eadt \u1edf sa m\u1ea1c c\u1ee7a T\u00e2y Nam M\u1ef9 khi s\u1ef1 <a href=\"https:\/\/www.newmessage.org\/vi\/the-message\/important-terms\/#aa\">Hi\u1ec7n Di\u1ec7n c\u1ee7a Thi\u00ean Th\u1ea7n<\/a> hi\u1ec7n ra v\u1edbi \u00f4ng m\u1ed9t l\u1ea7n n\u1eefa. V\u00e0 nh\u01b0 th\u1ebf b\u1eaft \u0111\u1ea7u qu\u00e1 tr\u00ecnh d\u00e0i v\u00e0 \u0111\u1ea7y b\u00ed \u1ea9n \u0111\u1ec3 nh\u1eadn l\u00e3nh Th\u00f4ng \u0110i\u1ec7p M\u1edbi c\u1ee7a Ch\u00faa cho nh\u00e2n lo\u1ea1i.<\/p>\n<p>M\u1ed8T CON \u0110\u01af\u1edcNG D\u00c0I<\/p>\n<p>Trong nh\u1eefng n\u0103m sau \u0111\u00f3, vai tr\u00f2 c\u1ee7a Marshall nh\u01b0 l\u00e0 m\u1ed9t th\u1ea7y gi\u00e1o ph\u1ea3i ti\u1ebfn ho\u00e1 \u0111\u1ec3 cho \u00f4ng \u1ea5y, ng\u01b0\u1eddi c\u00f3 \u0111\u1ecbnh m\u1ec7nh \u0111\u1ec3 tr\u1edf th\u00e0nh ng\u01b0\u1eddi nh\u1eadn l\u00e3nh Th\u00f4ng \u0110i\u1ec7p M\u1edbi v\u00e0 ng\u01b0\u1eddi S\u1ee9 Gi\u1ea3 c\u1ee7a n\u00f3, s\u1ebd s\u1eb5n s\u00e0ng. \u00d4ng \u1ea5y ph\u1ea3i c\u00f3 \u0111\u1ee7 s\u1ef1 kh\u00f4n ngoan tr\u1ea7n gian v\u00e0 \u0111\u1ee7 k\u1ef9 n\u0103ng v\u00e0 s\u1ef1 ch\u00ednh tr\u1ef1c nh\u01b0 m\u1ed9t ng\u01b0\u1eddi truy\u1ec1n tin, nh\u01b0 m\u1ed9t ng\u01b0\u1eddi th\u1ea7y v\u00e0 nh\u01b0 m\u1ed9t ng\u01b0\u1eddi nh\u00ecn xa tr\u00f4ng r\u1ed9ng v\u00e0 c\u00f3 s\u1ef1 s\u00e1ng su\u1ed1t, \u0111\u1ec3 c\u00f3 th\u1ec3 nh\u1eadn l\u00e3nh m\u1ed9t Th\u00f4ng \u0110i\u1ec7p \u1edf m\u1ee9c \u0111\u1ed9 v\u0129 \u0111\u1ea1i n\u00e0y \u0111\u01b0\u1ee3c trao ban trong m\u1ed9t th\u1eddi gian r\u1ea5t d\u00e0i. \u00d4ng \u1ea5y ph\u1ea3i h\u1ecdc v\u1ec1 th\u1ef1c t\u1ebf v\u00e0 th\u00e1nh linh c\u1ee7a s\u1ef1 s\u1ed1ng th\u00f4ng minh trong v\u0169 tr\u1ee5, \u0111i\u1ec1u m\u00e0 trong Th\u00f4ng \u0110i\u1ec7p m\u1edbi \u0111\u01b0\u1ee3c g\u1ecdi l\u00e0 <a href=\"https:\/\/www.newmessage.org\/vi\/the-message\/volume-1\/greater-community\/\">C\u1ed9ng \u0110\u1ed3ng V\u0129 \u0110\u1ea1i<\/a>. Th\u00eam n\u1eefa, \u00f4ng \u1ea5y ph\u1ea3i ch\u1ecbu \u0111\u1ef1ng h\u00e0ng ng\u00e0n gi\u1edd ti\u1ebfp x\u00fac tr\u1ef1c ti\u1ebfp v\u1edbi s\u1ef1 Hi\u1ec7n Di\u1ec7n c\u1ee7a Thi\u00ean Th\u1ea7n, nh\u1eadn l\u00e3nh v\u00e0 thu \u00e2m Th\u00f4ng \u0110i\u1ec7p M\u1edbi t\u1eeb Ch\u00faa. \u0110i\u1ec1u n\u00e0y t\u1ea1o ra m\u1ed9t s\u1ee9c \u00e9p to l\u1edbn l\u00ean \u00f4ng \u1ea5y, c\u1ea3 v\u1ec1 tinh th\u1ea7n l\u1eabn th\u1ec3 x\u00e1c. \u0110\u00f3 l\u00e0 m\u1ed9t qu\u00e1 tr\u00ecnh m\u00e0 ch\u1ec9 m\u1ed9t v\u00e0i ng\u01b0\u1eddi tr\u00ean th\u1ebf gi\u1edbi h\u00f4m nay hi\u1ec3u \u0111\u01b0\u1ee3c.<\/p>\n<p>M\u1eb7c d\u00f9 Marshall Vian Summers \u0111\u00e3 \u0111\u01b0\u1ee3c g\u1eedi \u0111\u1ebfn th\u1ebf gi\u1edbi, \u0111\u1ecbnh m\u1ec7nh \u0111\u1ec3 tr\u1edf th\u00e0nh S\u1ee9 Gi\u1ea3, \u00f4ng \u1ea5y s\u1ebd kh\u00f4ng bi\u1ebft \u0111i\u1ec1u n\u00e0y trong nhi\u1ec1u n\u0103m. N\u00f3 s\u1ebd ch\u1ec9 \u0111\u01b0\u1ee3c ti\u1ebft l\u1ed9 cho \u00f4ng \u1ea5y sau n\u00e0y, v\u00e0o nh\u1eefng giai \u0111o\u1ea1n cu\u1ed1i c\u1ee7a vi\u1ec7c nh\u1eadn l\u00e3nh Th\u00f4ng \u0110i\u1ec7p M\u1edbi. B\u1edfi v\u00ec l\u00fac n\u00e0o c\u0169ng c\u00f3 nguy c\u01a1 S\u1ee9 Gi\u1ea3 th\u1ea5t b\u1ea1i &#8211; b\u1eb1ng c\u00e1ch l\u00e0m h\u01b0 Th\u00f4ng \u0110i\u1ec7p, ph\u1ee7 nh\u1eadn Th\u00f4ng \u0110i\u1ec7p hay kh\u00f4ng th\u1ec3 ti\u1ebfp t\u1ee5c nh\u1eefng hi sinh lu\u00f4n c\u1ea7n c\u00f3 \u0111\u1ec3 nh\u1eadn l\u00e3nh v\u00e0 tr\u00ecnh b\u00e0y Th\u00f4ng \u0110i\u1ec7p. Do \u0111\u00f3, \u0111\u00f3 \u0111\u00e3 l\u00e0 c\u1ea7n thi\u1ebft r\u1eb1ng Marshall \u0111\u1ea1t t\u1edbi m\u1ed9t m\u1ee9c \u0111\u1ed9 c\u1ee7a s\u1ef1 ch\u1eefng ch\u1ea1c v\u00e0 kh\u00f4n ngoan c\u00e1 nh\u00e2n \u0111\u1ec3 nh\u1eadn l\u00e3nh s\u1ee9 m\u1ec7nh v\u00e0 ti\u1ebfng g\u1ecdi v\u0129 \u0111\u1ea1i m\u00e0 \u0111\u00e3 l\u00e0 c\u1ee7a \u00f4ng \u1ea5y \u0111\u1ec3 \u0111\u1ea1t l\u1ea5y.<\/p>\n<p>B\u00c2Y GI\u1edc, V\u00c0 H\u00c0NH TR\u00ccNH TR\u01af\u1edaC M\u1eaeT<\/p>\n<p>M\u1eb7c d\u00f9 \u00f4ng \u1ea5y \u0111\u00e3 mang g\u00e1nh n\u1eb7ng v\u00e0 tr\u00e1ch nhi\u1ec7m c\u1ee7a T\u00e2n Kh\u1ea3i Huy\u1ec1n n\u00e0y trong nhi\u1ec1u n\u0103m, Marshall Vian Summers v\u1eabn gi\u1eef l\u00f2ng khi\u00eam nh\u01b0\u1eddng v\u00e0 nh\u00e2n t\u00ednh c\u1ee7a \u00f4ng \u1ea5y xuy\u00ean su\u1ed1t h\u00e0nh tr\u00ecnh d\u00e0i v\u00e0 kh\u00f3 l\u00fd gi\u1ea3i c\u1ee7a \u00f4ng \u1ea5y \u0111\u1ec3 mang Th\u00f4ng \u0110i\u1ec7p M\u1edbi t\u1eeb Ch\u00faa \u0111\u1ebfn th\u1ebf gi\u1edbi. Kh\u00f4ng S\u1ee9 Gi\u1ea3 n\u00e0o \u0111\u00e3 c\u00f3 th\u1ec3 l\u00e0m \u0111\u01b0\u1ee3c \u0111i\u1ec1u n\u00e0y m\u1ed9t m\u00ecnh. Do \u0111\u00f3, m\u1ed9t chu\u1ed7i s\u1ef1 ki\u1ec7n b\u00ed \u1ea9n \u0111\u00e3 d\u1eabn nhi\u1ec1u ng\u01b0\u1eddi \u0111\u1ebfn v\u1edbi \u00f4ng. Ng\u01b0\u1eddi \u0111\u1ea7u ti\u00ean \u0111\u1ec3 t\u00ecm th\u1ea5y v\u00e0 gia nh\u1eadp v\u1edbi \u00f4ng \u1ea5y l\u00e0 v\u1ee3 \u00f4ng \u1ea5y, ng\u01b0\u1eddi \u0111\u00e3 \u1ee7ng h\u1ed9 \u00f4ng \u1ea5y t\u1eeb n\u0103m 1983 v\u00e0 \u0111\u00e3 d\u00e0nh nh\u1eefng s\u1ef1 hi sinh b\u1ea3n th\u00e2n \u0111\u1ec3 b\u1ea3o \u0111\u1ea3m r\u1eb1ng Th\u00f4ng \u0110i\u1ec7p M\u1edbi c\u00f3 th\u1ec3 \u0111\u01b0\u1ee3c trao ban. Qua nhi\u1ec1u n\u0103m, m\u1ed9t nh\u00f3m nh\u1ecf nh\u1eefng c\u00e1 nh\u00e2n, t\u1eebng ng\u01b0\u1eddi m\u1ed9t, \u0111i theo m\u1ed9t ti\u1ebfng g\u1ecdi m\u00e0 cu\u1ed1i c\u00f9ng \u0111\u00e3 d\u1eabn h\u1ecd \u0111\u1ebfn gi\u1eef vai tr\u00f2 c\u1ee7a h\u1ecd \u0111\u1ec3 \u1ee7ng h\u1ed9 c\u00f4ng vi\u1ec7c v\u0129 \u0111\u1ea1i n\u00e0y. \u00d4ng \u1ea5y c\u0169ng \u0111\u01b0\u1ee3c ban \u01a1n v\u1edbi m\u1ed9t ng\u01b0\u1eddi con trai, ng\u01b0\u1eddi \u0111\u00e3 ch\u1ecdn \u0111\u1ec3 tham gia v\u1edbi \u00f4ng \u1ea5y trong s\u1ee9 m\u1ec7nh c\u1ee7a \u00f4ng \u1ea5y.<\/p>\n<p>B\u00e2y gi\u1edd, sau nhi\u1ec1u n\u0103m l\u00e0m vi\u1ec7c m\u1ed9t c\u00e1ch l\u1eb7ng l\u1ebd kh\u00f4ng c\u00f3 s\u1ef1 c\u00f4ng nh\u1eadn c\u1ee7a th\u1ebf gi\u1edbi, th\u1eddi \u0111i\u1ec3m \u0111\u00e3 \u0111\u1ebfn \u0111\u1ec3 cho \u00f4ng \u1ea5y v\u00e0 nh\u1eefng ng\u01b0\u1eddi \u0111\u01b0\u1ee3c g\u1ecdi \u0111\u1ec3 gi\u00fap \u00f4ng \u1ea5y \u0111\u1ec3 mang m\u00f3n qu\u00e0 c\u1ee7a Th\u00f4ng \u0110i\u1ec7p M\u1edbi \u0111\u1ebfn nh\u00e2n lo\u1ea1i v\u00e0o th\u1eddi \u0111i\u1ec3m c\u1ee7a \u0111\u1ed5i thay v\u00e0 kh\u00f4ng ch\u1eafc ch\u1eafn l\u1edbn lao n\u00e0y.<\/p>\n<p><a href=\"\/\/www.newmessage.org\/vi\/the-message\/volume-1\/the-new-messenger\/\"><strong>\u0110o\u0323c th\u00eam: <em>Ng\u01b0\u01a1\u0300i S\u01b0\u0301 Gia\u0309 M\u01a1\u0301i<\/em><\/strong><\/a>[\/vc_column_text][\/vc_column][\/vc_row]<\/p>\n","protected":false},"excerpt":{"rendered":"<p>[vc_row][vc_column][vc_column_text] Marshall Vian Summers \u0111\u00e3 trao n\u0103m cu\u1ed1i \u0111\u00e2y c\u1ee7a cu\u1ed9c \u0111\u1eddi c\u1ee7a \u00f4ng \u1ea5y \u0111\u1ec3 nh\u1eadn l\u00e3nh v\u00e0 \u0111\u1ec3 truy\u1ec1n d\u1ea1y m\u1ed9t c\u00e1ch l\u1eb7ng l\u1ebd Th\u00f4ng \u0110i\u1ec7p M\u1edbi t\u1eeb Ch\u00faa. H\u1ea7u h\u1ebft trong n\u0103m \u00f4ng \u1ea5y l\u00e0m vi\u1ec7c \u1edf Rocky Mountains \u1edf M\u1ef9 n\u01a1i \u00f4ng \u1ea5y s\u1ed1ng \u1ea9n d\u1eadt v\u00e2y quanh b\u1edfi gia \u0111\u00ecnh\u2026 <a class=\"read-more\" href=\"https:\/\/www.v6.newmessage.org\/vi\/the-story-of-marshall-vian-summers\/\"><span>Read More<\/span><\/a><\/p>\n","protected":false},"author":8,"featured_media":0,"parent":0,"menu_order":0,"comment_status":"closed","ping_status":"closed","template":"template-leftsidebar.php","meta":{"_monsterinsights_skip_tracking":false,"_monsterinsights_sitenote_active":false,"_monsterinsights_sitenote_note":"","_monsterinsights_sitenote_category":0,"footnotes":""},"categories":[81],"tags":[656,725,657,653,652,658,648,655,654,649,726,650,651],"_links":{"self":[{"href":"https:\/\/www.v6.newmessage.org\/vi\/wp-json\/wp\/v2\/pages\/27636"}],"collection":[{"href":"https:\/\/www.v6.newmessage.org\/vi\/wp-json\/wp\/v2\/pages"}],"about":[{"href":"https:\/\/www.v6.newmessage.org\/vi\/wp-json\/wp\/v2\/types\/page"}],"author":[{"embeddable":true,"href":"https:\/\/www.v6.newmessage.org\/vi\/wp-json\/wp\/v2\/users\/8"}],"replies":[{"embeddable":true,"href":"https:\/\/www.v6.newmessage.org\/vi\/wp-json\/wp\/v2\/comments?post=27636"}],"version-history":[{"count":4,"href":"https:\/\/www.v6.newmessage.org\/vi\/wp-json\/wp\/v2\/pages\/27636\/revisions"}],"predecessor-version":[{"id":27844,"href":"https:\/\/www.v6.newmessage.org\/vi\/wp-json\/wp\/v2\/pages\/27636\/revisions\/27844"}],"wp:attachment":[{"href":"https:\/\/www.v6.newmessage.org\/vi\/wp-json\/wp\/v2\/media?parent=27636"}],"wp:term":[{"taxonomy":"category","embeddable":true,"href":"https:\/\/www.v6.newmessage.org\/vi\/wp-json\/wp\/v2\/categories?post=27636"},{"taxonomy":"post_tag","embeddable":true,"href":"https:\/\/www.v6.newmessage.org\/vi\/wp-json\/wp\/v2\/tags?post=27636"}],"curies":[{"name":"wp","href":"https:\/\/api.w.org\/{rel}","templated":true}]}}