{"id":27553,"date":"2018-03-30T07:27:01","date_gmt":"2018-03-30T07:27:01","guid":{"rendered":"http:\/\/www.newmessage.org\/vietnamese-international\/?page_id=27553"},"modified":"2023-06-05T06:23:25","modified_gmt":"2023-06-05T06:23:25","slug":"wisdom-greater-community-volume-1","status":"publish","type":"page","link":"https:\/\/www.v6.newmessage.org\/vi\/the-message\/volume-5\/wisdom-greater-community-volume-1\/","title":{"rendered":"Minh Tri\u00ea\u0301t t\u01b0\u0300 C\u00f4\u0323ng \u0110\u00f4\u0300ng Vi\u0303 \u0110a\u0323i T\u00e2\u0323p M\u00f4\u0323t"},"content":{"rendered":"<p class=\"style=\"><img loading=\"lazy\" decoding=\"async\" class=\"imgborder alignright wp-image-19363\" src=\"https:\/\/www.newmessage.org\/wp-content\/uploads\/2015\/07\/volume5_book1.jpg\" alt=\"\" width=\"400\" height=\"600\" \/><\/p>\n<p><em>Minh Tri\u00ea\u0301t t\u01b0\u0300 C\u00f4\u0323ng \u0110\u00f4\u0300ng Vi\u0303 \u0110a\u0323i T\u00e2\u0323p M\u00f4\u0323t<\/em> la\u0300 m\u00f4\u0323t chi\u0309 d\u00e2\u0303n th\u00f4ng tha\u0301i va\u0300 \u0111\u00e2\u0300y nh\u00e2n t\u01b0\u0300 cho vi\u00ea\u0323c kha\u0301m pha\u0301 gia\u0301o hu\u00e2\u0301n cu\u0309a Th\u00f4ng \u0110i\u00ea\u0323p M\u01a1\u0301i v\u00ea\u0300 quy\u00ea\u0300n l\u01b0\u0323c cu\u0309a m\u00f4\u0301i quan h\u00ea\u0323 va\u0300 s\u01b0\u0323 ch\u0103\u0301c ch\u0103\u0301n n\u00f4\u0323i t\u00e2m trong cu\u00f4\u0323c s\u00f4\u0301ng h\u0103\u0300ng nga\u0300y.<br \/>\n<em>Minh Tri\u00ea\u0301t t\u01b0\u0300 C\u00f4\u0323ng \u0110\u00f4\u0300ng Vi\u0303 \u0110a\u0323i T\u00e2\u0323p M\u00f4\u0323t<\/em> no\u0301i v\u01a1\u0301i ca\u0309m gia\u0301c dai d\u0103\u0309ng r\u0103\u0300ng co\u0301 \u0111i\u00ea\u0300u gi\u0300 \u0111o\u0301 quan tro\u0323ng \u0111\u00ea\u0309 la\u0300m trong cu\u00f4\u0323c s\u00f4\u0301ng. No\u0301 trao cho m\u00f4\u0323t ca\u0301i nhi\u0300n t\u01b0\u0300 C\u00f4\u0323ng \u0110\u00f4\u0300ng Vi\u0303 \u0110a\u0323i v\u00ea\u0300 nh\u01b0\u0303ng chu\u0309 \u0111\u00ea\u0300 t\u01b0\u0300 \u201cH\u00f4n Nh\u00e2n\u201d va\u0300 \u201c\u0110a\u0323t \u0110\u01b0\u01a1\u0323c Bi\u0300nh An\u201d cho \u0111\u00ea\u0301n \u201cThu\u0301c \u0110\u00e2\u0309y S\u01b0\u0323 Thay \u0110\u00f4\u0309i\u201d va\u0300 \u201cQua\u0301 Tri\u0300nh Ti\u00ea\u0301n Ho\u0301a cu\u0309a Th\u00ea\u0301 Gi\u01a1\u0301i.\u201d Minh Tri\u00ea\u0301t M\u00f4\u0323t c\u0103\u0301t xuy\u00ean qua s\u01b0\u0323 kh\u00f4ng ch\u0103\u0301c ch\u0103\u0301n va\u0300 l\u00e2\u0303n l\u00f4\u0323n cu\u0309a th\u01a1\u0300i \u0111a\u0323i chu\u0301ng ta va\u0300 giu\u0301p ba\u0323n ti\u0300m va\u0300 \u0111i theo \u0111i\u00ea\u0300u ba\u0323n \u0111a\u0303 lu\u00f4n bi\u00ea\u0301t m\u00f4\u0323t ca\u0301ch s\u00e2u s\u0103\u0301c.<\/p>\n<p><em>Minh Tri\u00ea\u0301t t\u01b0\u0300 C\u00f4\u0323ng \u0110\u00f4\u0300ng Vi\u0303 \u0110a\u0323i T\u00e2\u0323p M\u00f4\u0323t<\/em> la\u0300 quy\u00ea\u0309n sa\u0301ch \u0111\u00e2\u0300u ti\u00ean cu\u0309a <a href=\"https:\/\/www.newmessage.org\/vi\/the-message\/volume-5\/\">T\u00e2\u0323p 5<\/a> cu\u0309a Th\u00f4ng \u0110i\u00ea\u0323p M\u01a1\u0301i t\u01b0\u0300 Chu\u0301a.<\/p>\n<div class=\"toggle toggle-white\"><h4 class=\"trigger \"><span class=\"t_ico\"><\/span><a href=\"#\">Ho\u0323c th\u00eam\u2026<\/a><\/h4><div class=\"toggle_container \"><br \/>\n<div data-post-id='24520' class='insert-page insert-page-24520 '><\/div><br \/>\n<\/div><\/div>\n<div class=\"background-color-bridesmaid padding-20\">\n<h2 style=\"text-align: left;\"><span style=\"color: #525252;\"><br \/>\nMu\u0323c lu\u0323c<\/span><\/h2>\n<p><a href=\"https:\/\/www.newmessage.org\/vi\/the-message\/volume-5\/wisdom-greater-community-volume-1\/the-greater-religion\/\">T\u00f4n Gi\u00e1o V\u0129 \u0110\u1ea1i<\/a><br \/>\n<a href=\"https:\/\/www.newmessage.org\/vi\/the-message\/volume-5\/wisdom-greater-community-volume-1\/relationships-and-sexuality\/\">Nh\u1eefng M\u1ed1i Quan H\u1ec7 v\u00e0 T\u00ecnh D\u1ee5c<\/a><br \/>\n<a href=\"https:\/\/www.newmessage.org\/vi\/the-message\/volume-5\/wisdom-greater-community-volume-1\/greater-community\/\">C\u00f4\u0323ng \u0110\u00f4\u0300ng Vi\u0303 \u0110a\u0323i<\/a><br \/>\n<a href=\"https:\/\/www.newmessage.org\/vi\/the-message\/volume-5\/wisdom-greater-community-volume-1\/trust\/\">Ni\u00ea\u0300m Tin<\/a><br \/>\n<a href=\"https:\/\/www.newmessage.org\/vi\/the-message\/volume-5\/wisdom-greater-community-volume-1\/marriage\/\">H\u00f4n Nh\u00e2n<\/a><br \/>\n<a href=\"https:\/\/www.newmessage.org\/vi\/the-message\/volume-5\/wisdom-greater-community-volume-1\/health\/\">S\u01b0\u0301c Khoe\u0309<\/a><br \/>\n<a href=\"https:\/\/www.newmessage.org\/vi\/the-message\/volume-5\/wisdom-greater-community-volume-1\/freedom\/\">T\u01b0\u0323 Do<\/a><br \/>\n<a href=\"https:\/\/www.newmessage.org\/vi\/the-message\/volume-5\/wisdom-greater-community-volume-1\/preparing-for-the-future\/\">Chu\u00e2\u0309n Bi\u0323 cho T\u01b0\u01a1ng Lai<\/a><br \/>\n<a href=\"https:\/\/www.newmessage.org\/vi\/the-message\/volume-5\/wisdom-greater-community-volume-1\/spiritual-truths\/\">Ch\u00e2n L\u00fd T\u00e2m Linh<\/a><br \/>\n<a href=\"https:\/\/www.newmessage.org\/vi\/the-message\/volume-5\/wisdom-greater-community-volume-1\/service-in-the-world\/\">Ph\u1ee5ng S\u1ef1 tr\u00ean Th\u1ebf Gi\u1edbi<\/a><br \/>\n<a href=\"https:\/\/www.newmessage.org\/vi\/the-message\/volume-5\/wisdom-greater-community-volume-1\/power-and-responsibility\/\">Quy\u1ec1n L\u1ef1c v\u00e0 Tr\u00e1ch Nhi\u1ec7m<\/a><br \/>\n<a href=\"https:\/\/www.newmessage.org\/vi\/the-message\/volume-5\/wisdom-greater-community-volume-1\/love\/\">Ti\u0300nh Y\u00eau<\/a><br \/>\n<a href=\"https:\/\/www.newmessage.org\/vi\/the-message\/volume-5\/wisdom-greater-community-volume-1\/spiritual-community\/\">C\u1ed9ng \u0110\u1ed3ng T\u00e2m Linh<\/a><br \/>\n<a href=\"https:\/\/www.newmessage.org\/vi\/the-message\/volume-5\/wisdom-greater-community-volume-1\/world-evolution\/\">S\u1ef1 Ti\u1ebfn Ho\u00e1 c\u1ee7a Th\u1ebf Gi\u1edbi<\/a><br \/>\n<a href=\"https:\/\/www.newmessage.org\/vi\/the-message\/volume-5\/wisdom-greater-community-volume-1\/giving-1\/\">Cho \u0110i 1<\/a><br \/>\n<a href=\"https:\/\/www.newmessage.org\/vi\/the-message\/volume-5\/wisdom-greater-community-volume-1\/giving-2\/\">Cho \u0110i 2<\/a><br \/>\n<a href=\"https:\/\/www.newmessage.org\/vi\/the-message\/volume-5\/wisdom-greater-community-volume-1\/mastery\/\">S\u1ef1 Tinh Th\u00f4ng<\/a><br \/>\n<a href=\"https:\/\/www.newmessage.org\/vi\/the-message\/volume-5\/wisdom-greater-community-volume-1\/higher-education\/\">Gi\u00e1o D\u1ee5c Cao H\u01a1n<\/a><br \/>\n<a href=\"https:\/\/www.newmessage.org\/vi\/the-message\/volume-5\/wisdom-greater-community-volume-1\/fulfillment\/\">S\u1ef1 Vi\u00ean M\u00e3n<\/a><br \/>\n<a href=\"https:\/\/www.newmessage.org\/vi\/the-message\/volume-5\/wisdom-greater-community-volume-1\/inner-listening\/\">L\u0103\u0301ng Nghe N\u00f4\u0323i T\u00e2m<\/a><br \/>\n<a href=\"https:\/\/www.newmessage.org\/vi\/the-message\/volume-5\/wisdom-greater-community-volume-1\/enduring-happiness\/\">Ha\u0323nh Phu\u0301c B\u00ea\u0300n V\u01b0\u0303ng<\/a><br \/>\n<a href=\"https:\/\/www.newmessage.org\/vi\/the-message\/volume-5\/wisdom-greater-community-volume-1\/escaping-suffering\/\">Thoa\u0301t Kho\u0309i \u0110au Kh\u00f4\u0309<\/a><br \/>\n<a href=\"https:\/\/www.newmessage.org\/vi\/the-message\/volume-5\/wisdom-greater-community-volume-1\/forgiveness\/\">S\u01b0\u0323 Tha Th\u01b0\u0301<\/a><br \/>\n<a href=\"https:\/\/www.newmessage.org\/vi\/the-message\/volume-5\/wisdom-greater-community-volume-1\/happiness-in-the-world\/\">Ha\u0323nh Phu\u0301c trong Th\u00ea\u0301 Gi\u01a1\u0301i<\/a><br \/>\n<a href=\"https:\/\/www.newmessage.org\/vi\/the-message\/volume-5\/wisdom-greater-community-volume-1\/escaping-fear\/\">Thoa\u0301t Kho\u0309i S\u01b0\u0323 S\u01a1\u0323 Ha\u0303i<\/a><br \/>\n<a href=\"https:\/\/www.newmessage.org\/vi\/the-message\/volume-5\/wisdom-greater-community-volume-1\/stillness\/\">T\u00e2m L\u1eb7ng<\/a><br \/>\n<a href=\"https:\/\/www.newmessage.org\/vi\/the-message\/volume-5\/wisdom-greater-community-volume-1\/disappointment\/\">S\u01b0\u0323 Th\u00e2\u0301t Vo\u0323ng<\/a><br \/>\n<a href=\"https:\/\/www.newmessage.org\/vi\/the-message\/volume-5\/wisdom-greater-community-volume-1\/using-power-for-good\/\">S\u1eed D\u1ee5ng Quy\u1ec1n L\u1ef1c cho M\u1ee5c \u0110\u00edch T\u1ed1t<\/a><br \/>\n<a href=\"https:\/\/www.newmessage.org\/vi\/the-message\/volume-5\/wisdom-greater-community-volume-1\/faith-and-fear\/\">Ni\u00ea\u0300m Tin va\u0300 S\u01b0\u0323 S\u01a1\u0323 Ha\u0303i<\/a><br \/>\n<a href=\"https:\/\/www.newmessage.org\/vi\/the-message\/volume-5\/wisdom-greater-community-volume-1\/perception\/\">Nh\u1eadn Th\u1ee9c<\/a><br \/>\n<a href=\"https:\/\/www.newmessage.org\/vi\/the-message\/volume-5\/wisdom-greater-community-volume-1\/healing\/\">S\u1ef1 Ch\u1eefa L\u00e0nh<\/a><br \/>\n<a href=\"https:\/\/www.newmessage.org\/vi\/the-message\/volume-5\/wisdom-greater-community-volume-1\/achievement\/\">Th\u00e0nh T\u1ef1u<\/a><br \/>\n<a href=\"https:\/\/www.newmessage.org\/vi\/the-message\/volume-5\/wisdom-greater-community-volume-1\/provoking-change\/\">Th\u00fac \u0110\u1ea9y s\u1ef1 Thay \u0110\u1ed5i<\/a><br \/>\n<a href=\"https:\/\/www.newmessage.org\/vi\/the-message\/volume-5\/wisdom-greater-community-volume-1\/religion-as-education\/\">T\u00f4n Gi\u00e1o nh\u01b0 Gi\u00e1o D\u1ee5c<\/a><br \/>\n<a href=\"https:\/\/www.newmessage.org\/vi\/the-message\/volume-5\/wisdom-greater-community-volume-1\/achieving-peace\/\">\u0110a\u0323t \u0111\u01b0\u01a1\u0323c Bi\u0300nh An<\/a><\/p>\n<\/div>\n","protected":false},"excerpt":{"rendered":"<p>Minh Tri\u00ea\u0301t t\u01b0\u0300 C\u00f4\u0323ng \u0110\u00f4\u0300ng Vi\u0303 \u0110a\u0323i T\u00e2\u0323p M\u00f4\u0323t la\u0300 m\u00f4\u0323t chi\u0309 d\u00e2\u0303n th\u00f4ng tha\u0301i va\u0300 \u0111\u00e2\u0300y nh\u00e2n t\u01b0\u0300 cho vi\u00ea\u0323c kha\u0301m pha\u0301 gia\u0301o hu\u00e2\u0301n cu\u0309a Th\u00f4ng \u0110i\u00ea\u0323p M\u01a1\u0301i v\u00ea\u0300 quy\u00ea\u0300n l\u01b0\u0323c cu\u0309a m\u00f4\u0301i quan h\u00ea\u0323 va\u0300 s\u01b0\u0323 ch\u0103\u0301c ch\u0103\u0301n n\u00f4\u0323i t\u00e2m trong cu\u00f4\u0323c s\u00f4\u0301ng h\u0103\u0300ng nga\u0300y. Minh Tri\u00ea\u0301t t\u01b0\u0300 C\u00f4\u0323ng \u0110\u00f4\u0300ng Vi\u0303 \u0110a\u0323i T\u00e2\u0323p\u2026 <a class=\"read-more\" href=\"https:\/\/www.v6.newmessage.org\/vi\/the-message\/volume-5\/wisdom-greater-community-volume-1\/\"><span>Read More<\/span><\/a><\/p>\n","protected":false},"author":8,"featured_media":0,"parent":27516,"menu_order":0,"comment_status":"closed","ping_status":"closed","template":"template-leftsidebar.php","meta":{"_monsterinsights_skip_tracking":false,"_monsterinsights_sitenote_active":false,"_monsterinsights_sitenote_note":"","_monsterinsights_sitenote_category":0,"footnotes":""},"categories":[498,483],"tags":[656,657,653,652,689,658,648,655,654,649,677,629,650,651],"_links":{"self":[{"href":"https:\/\/www.v6.newmessage.org\/vi\/wp-json\/wp\/v2\/pages\/27553"}],"collection":[{"href":"https:\/\/www.v6.newmessage.org\/vi\/wp-json\/wp\/v2\/pages"}],"about":[{"href":"https:\/\/www.v6.newmessage.org\/vi\/wp-json\/wp\/v2\/types\/page"}],"author":[{"embeddable":true,"href":"https:\/\/www.v6.newmessage.org\/vi\/wp-json\/wp\/v2\/users\/8"}],"replies":[{"embeddable":true,"href":"https:\/\/www.v6.newmessage.org\/vi\/wp-json\/wp\/v2\/comments?post=27553"}],"version-history":[{"count":29,"href":"https:\/\/www.v6.newmessage.org\/vi\/wp-json\/wp\/v2\/pages\/27553\/revisions"}],"predecessor-version":[{"id":29228,"href":"https:\/\/www.v6.newmessage.org\/vi\/wp-json\/wp\/v2\/pages\/27553\/revisions\/29228"}],"up":[{"embeddable":true,"href":"https:\/\/www.v6.newmessage.org\/vi\/wp-json\/wp\/v2\/pages\/27516"}],"wp:attachment":[{"href":"https:\/\/www.v6.newmessage.org\/vi\/wp-json\/wp\/v2\/media?parent=27553"}],"wp:term":[{"taxonomy":"category","embeddable":true,"href":"https:\/\/www.v6.newmessage.org\/vi\/wp-json\/wp\/v2\/categories?post=27553"},{"taxonomy":"post_tag","embeddable":true,"href":"https:\/\/www.v6.newmessage.org\/vi\/wp-json\/wp\/v2\/tags?post=27553"}],"curies":[{"name":"wp","href":"https:\/\/api.w.org\/{rel}","templated":true}]}}