{"id":27548,"date":"2018-03-30T07:12:43","date_gmt":"2018-03-30T07:12:43","guid":{"rendered":"http:\/\/www.newmessage.org\/vietnamese-international\/?page_id=27548"},"modified":"2023-07-17T06:30:10","modified_gmt":"2023-07-17T06:30:10","slug":"preparing-for-the-greater-community","status":"publish","type":"page","link":"https:\/\/www.v6.newmessage.org\/vi\/the-message\/volume-2\/preparing-for-the-greater-community\/","title":{"rendered":"Chu\u1ea9n b\u1ecb cho C\u00f4\u0323ng \u0110\u00f4\u0300ng Vi\u0303 \u0110a\u0323i"},"content":{"rendered":"<div class=\"one_third last\" ><\/div>\n<h2><strong><img loading=\"lazy\" decoding=\"async\" class=\"alignright size-medium\" src=\"\/wp-content\/uploads\/2014\/10\/The-New-Message-from-God-Volume-4-215x300.png\" alt=\"\" width=\"215\" height=\"300\" \/><\/strong><\/h2>\n<p><em>Chu\u00e2\u0309n bi\u0323 cho C\u00f4\u0323ng \u0110\u00f4\u0300ng Vi\u0303 \u0110a\u0323i<\/em> la\u0300 quy\u00ea\u0309n sa\u0301ch s\u0103\u0301p \u0111\u01b0\u01a1\u0323c pha\u0301t ha\u0300nh b\u01a1\u0309i H\u00f4\u0323i cho Th\u00f4ng \u0110i\u00ea\u0323p M\u01a1\u0301i. B\u00e2y gi\u01a1\u0300 chu\u0301ng t\u00f4i bao g\u00f4\u0300m ba ch\u01b0\u01a1ng nh\u01b0 m\u00f4\u0323t ph\u00e2\u0300n cu\u0309a Ni\u00ean Kho\u0301a Tr\u01b0\u01a1\u0300ng Ho\u0323c Mi\u00ea\u0303n Phi\u0301 hi\u00ea\u0323n ta\u0323i. Ph\u00e2\u0300n co\u0300n la\u0323i cu\u0309a quy\u00ea\u0309n sa\u0301ch se\u0303 nhanh \u0111\u01b0\u01a1\u0323c pha\u0301t ha\u0300nh. Chu\u0301ng t\u00f4i se\u0303 g\u01b0\u0309i th\u00f4ng ba\u0301o cho ba\u0323n b\u0103\u0300ng email khi quy\u00ea\u0309n sa\u0301ch na\u0300y \u0111\u01b0\u01a1\u0323c pha\u0301t ha\u0300nh, va\u0300 se\u0303 c\u00e2\u0323p nh\u00e2\u0323t trang web na\u0300y \u0111\u00ea\u0309 bao g\u00f4\u0300m t\u00e2\u0301t ca\u0309 ca\u0301c ch\u01b0\u01a1ng.<\/p>\n<p>N\u00ea\u0301u ba\u0323n ch\u01b0a \u0111\u0103ng ky\u0301 cho Danh Sa\u0301ch Li\u00ean La\u0323c Th\u00f4ng \u0110i\u00ea\u0323p M\u01a1\u0301i va\u0300 mu\u00f4\u0301n nh\u00e2\u0323n tin va\u0300 c\u00e2\u0323p nh\u00e2\u0323t v\u00ea\u0300 nh\u01b0\u0303ng ba\u0300i pha\u0301t ha\u0300nh m\u01a1\u0301i, xin ha\u0303y ke\u0301o chu\u00f4\u0323t xu\u00f4\u0301ng \u0110\u0103ng Ky\u0301 cho Danh Sa\u0301ch Li\u00ean La\u0323c \u01a1\u0309 b\u00ean tra\u0301i va\u0300 nh\u00e2\u0323p va\u0300o \u0111i\u0323a chi\u0309 email cu\u0309a ba\u0323n.<\/p>\n<p><em>Chu\u00e2\u0309n bi\u0323 cho C\u00f4\u0323ng \u0110\u00f4\u0300ng Vi\u0303 \u0110a\u0323i<\/em> la\u0300 quy\u00ea\u0309n sa\u0301ch cu\u0309a <a href=\"https:\/\/www.newmessage.org\/vi\/the-message\/volume-2\/\">T\u00e2\u0323p 2<\/a> cu\u0309a Th\u00f4ng \u0110i\u00ea\u0323p M\u01a1\u0301i t\u01b0\u0300 Chu\u0301a.<\/p>\n<p><span style=\"color: #525252; line-height: 1.5;\"><div class=\"toggle toggle-white\"><h4 class=\"trigger \"><span class=\"t_ico\"><\/span><a href=\"#\">Ho\u0323c th\u00eam\u2026<\/a><\/h4><div class=\"toggle_container \"><br \/>\n<div data-post-id='24520' class='insert-page insert-page-24520 '><\/div><\/div><\/div><\/span><\/p>\n<div class=\"background-color-bridesmaid padding-20\">\n<h2 style=\"text-align: left;\"><span style=\"color: #525252;\">Mu\u0323c lu\u0323c<\/span><\/h2>\n<p>CH\u01af\u01a0NG 1: <a href=\"https:\/\/www.newmessage.org\/vi\/the-message\/volume-2\/preparing-for-the-greater-community\/what-is-the-greater-community\/\">C\u1ed9ng \u0110\u1ed3ng V\u0129 \u0110\u1ea1i l\u00e0 g\u00ec?<\/a><\/p>\n<p>CH\u01af\u01a0NG 2: <a href=\"https:\/\/www.newmessage.org\/vi\/the-message\/volume-2\/preparing-for-the-greater-community\/the-greater-community-presence-in-the-world\/\">S\u1ef1 Hi\u1ec7n Di\u1ec7n c\u1ee7a C\u1ed9ng \u0110\u1ed3ng V\u0129 \u0110\u1ea1i trong Th\u1ebf Gi\u1edbi<\/a><\/p>\n<p>CH\u01af\u01a0NG 3: <a href=\"https:\/\/www.newmessage.org\/vi\/the-message\/volume-2\/preparing-for-the-greater-community\/the-essential-truths-about-the-greater-community\">Nh\u1eefng S\u1ef1 Th\u1eadt Thi\u1ebft Y\u1ebfu v\u1ec1 C\u1ed9ng \u0110\u1ed3ng V\u0129 \u0110\u1ea1i<\/a><\/p>\n<p>CH\u01af\u01a0NG 4: <a href=\"https:\/\/www.newmessage.org\/vi\/the-message\/volume-2\/preparing-for-the-greater-community\/trade-and-competition-in-the-greater-community\/\">Tr\u00ed Tu\u1ec7 C\u1ed9ng \u0110\u1ed3ng V\u0129 \u0110\u1ea1i v\u00e0 M\u00f4i Tr\u01b0\u1eddng Tinh Th\u1ea7n<\/a><\/p>\n<p>CH\u01af\u01a0NG 5: <a href=\"https:\/\/www.newmessage.org\/vi\/the-message\/volume-2\/preparing-for-the-greater-community\/trade-and-competition-in-the-greater-community\/\">T\u00e0i Nguy\u00ean, Giao D\u1ecbch v\u00e0 C\u1ea1nh Tranh trong C\u1ed9ng \u0110\u1ed3ng V\u0129 \u0110\u1ea1i<\/a><\/p>\n<p>CH\u01af\u01a0NG 6: <a href=\"https:\/\/www.newmessage.org\/vi\/the-message\/volume-2\/preparing-for-the-greater-community\/spiritual-development-in-the-greater-community\/\">\u00dd Ngh\u0129a c\u1ee7a S\u1ef1 Ph\u00e1t Tri\u1ec3n T\u00e2m Linh trong C\u1ed9ng \u0110\u1ed3ng V\u0129 \u0110\u1ea1i<\/a><\/p>\n<p>CH\u01af\u01a0NG 7: <a href=\"https:\/\/www.newmessage.org\/vi\/the-message\/volume-2\/preparing-for-the-greater-community\/the-great-challenge-awaiting-humanity\/\">Th\u1eed th\u00e1ch v\u0129 \u0111\u1ea1i \u0111ang ch\u1edd \u0111\u1ee3i lo\u00e0i ng\u01b0\u1eddi<\/a><\/p>\n<p>CH\u01af\u01a0NG 8: <a href=\"https:\/\/www.newmessage.org\/vi\/the-message\/volume-2\/preparing-for-the-greater-community\/developing-a-greater-community-perspective\/\">Ph\u00e1t Tri\u1ec3n Quan \u0110i\u1ec3m v\u00e0 Hi\u1ec3u Bi\u1ebft c\u1ee7a C\u1ed9ng \u0110\u1ed3ng V\u0129 \u0110\u1ea1i<\/a><\/p>\n<p>CH\u01af\u01a0NG 9: <a href=\"https:\/\/www.newmessage.org\/vi\/the-message\/volume-2\/preparing-for-the-greater-community\/finding-knowledge\/\">T\u00ecm Tri Th\u1ee9c<\/a><\/p>\n<p>CH\u01af\u01a0NG 10: <a href=\"https:\/\/www.newmessage.org\/vi\/the-message\/volume-2\/preparing-for-the-greater-community\/gaining-strength-and-influence-in-the-mental-environment\/\">\u0110\u1ea1t \u0110\u01b0\u1ee3c S\u1ee9c M\u1ea1nh v\u00e0 \u1ea2nh H\u01b0\u1edfng trong M\u00f4i Tr\u01b0\u1eddng Tinh Th\u1ea7n<\/a><\/p>\n<p>CH\u01af\u01a0NG 11: <a href=\"https:\/\/www.newmessage.org\/vi\/the-message\/volume-2\/preparing-for-the-greater-community\/developing-clarity-and-discernment\/\">Ph\u00e1t Tri\u1ec3n S\u1ef1 S\u00e1ng Su\u1ed1t v\u00e0 Nh\u1eadn Bi\u1ebft<\/a><\/p>\n<p>CH\u01af\u01a0NG 12: <a href=\"https:\/\/www.newmessage.org\/vi\/the-message\/volume-2\/preparing-for-the-greater-community\/going-beyond-the-limits-of-human-religion-and-belief\/\">V\u01b0\u1ee3t Qua Gi\u1edbi H\u1ea1n T\u00f4n Gi\u00e1o v\u00e0 T\u00edn Ng\u01b0\u1ee1ng c\u1ee7a Con ng\u01b0\u1eddi<\/a><\/p>\n<p>CH\u01af\u01a0NG 13: <a href=\"https:\/\/www.newmessage.org\/vi\/the-message\/volume-2\/preparing-for-the-greater-community\/human-responses-to-the-greater-community\/\">Ph\u1ea3n \u1ee8ng c\u1ee7a Con Ng\u01b0\u1eddi \u0111\u1ed1i v\u1edbi C\u1ed9ng \u0110\u1ed3ng V\u0129 \u0110\u1ea1i<\/a><\/p>\n<p>CH\u01af\u01a0NG 14: <a href=\"https:\/\/www.newmessage.org\/vi\/the-message\/volume-2\/preparing-for-the-greater-community\/developing-certainty-strength-and-wisdom\/\">Ph\u00e1t Tri\u1ec3n S\u1ef1 Ch\u1eafc Ch\u1eafn, S\u1ee9c M\u1ea1nh v\u00e0 S\u1ef1 Kh\u00f4n Ngoan<\/a><\/p>\n<p>CH\u01af\u01a0NG 15: <a href=\"https:\/\/www.newmessage.org\/vi\/the-message\/volume-2\/preparing-for-the-greater-community\/developing-greater-honesty\/\">Ph\u00e1t Tri\u1ec3n S\u1ef1 Trung Th\u1ef1c L\u1edbn Lao<\/a><\/p>\n<p>CH\u01af\u01a0NG 16: <a href=\"https:\/\/www.newmessage.org\/vi\/the-message\/volume-2\/preparing-for-the-greater-community\/relationships-destiny-and-calling\/\">M\u1ed1i Quan H\u1ec7, \u0110\u1ecbnh M\u1ec7nh v\u00e0 Ti\u1ebfng G\u1ecdi<\/a><\/p>\n<p>CH\u01af\u01a0NG 17: <a href=\"https:\/\/www.newmessage.org\/vi\/the-message\/volume-2\/preparing-for-the-greater-community\/beginning-the-preparation\/\">B\u1eaft \u0110\u1ea7u Qu\u00e1 Tr\u00ecnh Chu\u1ea9n B\u1ecb<\/a><\/p>\n<p><a href=\"https:\/\/www.newmessage.org\/vi\/the-message\/volume-2\/preparing-for-the-greater-community\/guidelines-for-preparing-for-the-greater-community\/\">H\u01b0\u1edbng D\u1eabn \u0111\u1ec3 Chu\u1ea9n B\u1ecb cho C\u1ed9ng \u0110\u1ed3ng V\u0129 \u0110\u1ea1i<\/a>\n<\/div>\n","protected":false},"excerpt":{"rendered":"<p>Chu\u00e2\u0309n bi\u0323 cho C\u00f4\u0323ng \u0110\u00f4\u0300ng Vi\u0303 \u0110a\u0323i la\u0300 quy\u00ea\u0309n sa\u0301ch s\u0103\u0301p \u0111\u01b0\u01a1\u0323c pha\u0301t ha\u0300nh b\u01a1\u0309i H\u00f4\u0323i cho Th\u00f4ng \u0110i\u00ea\u0323p M\u01a1\u0301i. B\u00e2y gi\u01a1\u0300 chu\u0301ng t\u00f4i bao g\u00f4\u0300m ba ch\u01b0\u01a1ng nh\u01b0 m\u00f4\u0323t ph\u00e2\u0300n cu\u0309a Ni\u00ean Kho\u0301a Tr\u01b0\u01a1\u0300ng Ho\u0323c Mi\u00ea\u0303n Phi\u0301 hi\u00ea\u0323n ta\u0323i. Ph\u00e2\u0300n co\u0300n la\u0323i cu\u0309a quy\u00ea\u0309n sa\u0301ch se\u0303 nhanh \u0111\u01b0\u01a1\u0323c pha\u0301t ha\u0300nh. Chu\u0301ng t\u00f4i se\u0303 g\u01b0\u0309i\u2026 <a class=\"read-more\" href=\"https:\/\/www.v6.newmessage.org\/vi\/the-message\/volume-2\/preparing-for-the-greater-community\/\"><span>Read More<\/span><\/a><\/p>\n","protected":false},"author":8,"featured_media":0,"parent":16312,"menu_order":0,"comment_status":"closed","ping_status":"closed","template":"template-leftsidebar.php","meta":{"_monsterinsights_skip_tracking":false,"_monsterinsights_sitenote_active":false,"_monsterinsights_sitenote_note":"","_monsterinsights_sitenote_category":0,"footnotes":""},"categories":[822,467],"tags":[688,305,1032],"_links":{"self":[{"href":"https:\/\/www.v6.newmessage.org\/vi\/wp-json\/wp\/v2\/pages\/27548"}],"collection":[{"href":"https:\/\/www.v6.newmessage.org\/vi\/wp-json\/wp\/v2\/pages"}],"about":[{"href":"https:\/\/www.v6.newmessage.org\/vi\/wp-json\/wp\/v2\/types\/page"}],"author":[{"embeddable":true,"href":"https:\/\/www.v6.newmessage.org\/vi\/wp-json\/wp\/v2\/users\/8"}],"replies":[{"embeddable":true,"href":"https:\/\/www.v6.newmessage.org\/vi\/wp-json\/wp\/v2\/comments?post=27548"}],"version-history":[{"count":20,"href":"https:\/\/www.v6.newmessage.org\/vi\/wp-json\/wp\/v2\/pages\/27548\/revisions"}],"predecessor-version":[{"id":29449,"href":"https:\/\/www.v6.newmessage.org\/vi\/wp-json\/wp\/v2\/pages\/27548\/revisions\/29449"}],"up":[{"embeddable":true,"href":"https:\/\/www.v6.newmessage.org\/vi\/wp-json\/wp\/v2\/pages\/16312"}],"wp:attachment":[{"href":"https:\/\/www.v6.newmessage.org\/vi\/wp-json\/wp\/v2\/media?parent=27548"}],"wp:term":[{"taxonomy":"category","embeddable":true,"href":"https:\/\/www.v6.newmessage.org\/vi\/wp-json\/wp\/v2\/categories?post=27548"},{"taxonomy":"post_tag","embeddable":true,"href":"https:\/\/www.v6.newmessage.org\/vi\/wp-json\/wp\/v2\/tags?post=27548"}],"curies":[{"name":"wp","href":"https:\/\/api.w.org\/{rel}","templated":true}]}}