{"id":27529,"date":"2018-03-30T06:37:14","date_gmt":"2018-03-30T06:37:14","guid":{"rendered":"http:\/\/www.newmessage.org\/vietnamese-international\/?page_id=27529"},"modified":"2023-08-31T04:28:13","modified_gmt":"2023-08-31T04:28:13","slug":"relationships-higher-purpose","status":"publish","type":"page","link":"https:\/\/www.v6.newmessage.org\/vi\/the-message\/volume-2\/relationships-higher-purpose\/","title":{"rendered":"Nh\u01b0\u0303ng M\u00f4\u0301i Quan H\u00ea\u0323 va\u0300 Mu\u0323c \u0110i\u0301ch Cao Ca\u0309"},"content":{"rendered":"<p><img loading=\"lazy\" decoding=\"async\" class=\"alignright\" src=\"\/\/www.newmessage.org\/wp-content\/uploads\/2014\/07\/RHP-Cover-blk.jpg\" alt=\"Relationships and Higher Purpose\" width=\"234\" height=\"350\" \/><\/p>\n<p class=\"font-size-13\"><a href=\"\/\/newknowledgelibrary.org\/books\/relationships-and-higher-purpose\/ \">Order the Print Book <\/a> | Order the eBook<\/p>\n<p>&nbsp;<\/p>\n<p><i><span style=\"font-weight: 400;\">Nh\u01b0\u0303ng M\u00f4\u0301i Quan H\u00ea\u0323 va\u0300 Mu\u0323c \u0110i\u0301ch Cao Ca\u0309<\/span><\/i><span style=\"font-weight: 400;\"> \u0111em b\u1ea1n v\u01b0\u1ee3t kh\u1ecfi nh\u1eefng pha\u0323m vi b\u00ecnh th\u01b0\u1eddng c\u1ee7a m\u1ed1i quan h\u1ec7 con ng\u01b0\u1eddi \u0111\u1ebfn m\u1ed9t tr\u1ea3i nghi\u1ec7m s\u00e2u th\u1eb3m h\u01a1n c\u1ee7a s\u1ef1 h\u01a1\u0323p nh\u00e2\u0301t, m\u1ee5c \u0111\u00edch v\u00e0 \u00fd ngh\u0129a v\u1edbi nh\u1eefng c\u00e1 nh\u00e2n m\u00e0 b\u1ea1n chia s\u1ebb m\u1ed9t \u0111\u1ecbnh m\u1ec7nh v\u0129 \u0111\u1ea1i trong cu\u1ed9c s\u1ed1ng. N\u00f3 l\u00e0 gi\u00e1o hu\u1ea5n \u0111\u00f4\u0323c \u0111a\u0301o trong Th\u00f4ng \u0110i\u1ec7p M\u1edbi v\u1ec1 vi\u1ec7c kh\u00e1m ph\u00e1 m\u1ed1i quan h\u1ec7 v\u0129 \u0111\u1ea1i c\u1ee7a b\u1ea1n v\u1edbi b\u1ea3n th\u00e2n, v\u1edbi nh\u1eefng ng\u01b0\u1eddi kh\u00e1c v\u00e0 v\u1edbi th\u1ebf gi\u1edbi. <\/span><\/p>\n<p><em>Nh\u1eefng M\u1ed1i Quan H\u1ec7 v\u00e0 M\u1ee5c \u0110\u00edch Cao C\u1ea3<\/em> m\u1edf r\u1ed9ng b\u1ed1i c\u1ea3nh c\u1ee7a m\u1ed1i quan h\u1ec7 \u0111\u1ec3 bao g\u1ed3m m\u1ed1i quan h\u1ec7 c\u1ee7a b\u1ea1n v\u1edbi Tri Th\u1ee9c (<a href=\"\/\/www.newmessage.org\/vi\/the-message\/volume-2\/greater-community-spirituality\/what-is-knowledge\"> Tri Th\u1ee9c l\u00e0 g\u00ec?<\/a>), v\u1edbi Gia \u0110\u00ecnh Th\u00e1nh Linh c\u1ee7a b\u1ea1n (<a>M\u1ed1i Quan H\u1ec7 c\u1ee7a B\u1ea1n v\u1edbi Gia \u0110\u00ecnh Th\u00e1nh Linh c\u1ee7a b\u1ea1n<\/a>) v\u00e0 v\u1edbi Nh\u1eefng Th\u1ebf L\u1ef1c V\u0129 \u0110\u1ea1i \u0111ang \u0111\u1ecbnh h\u00ecnh cu\u1ed9c s\u1ed1ng c\u1ee7a b\u1ea1n v\u00e0 th\u1ebf gi\u1edbi.<\/p>\n<p><em>Nh\u1eefng M\u1ed1i Quan H\u1ec7 v\u00e0 M\u1ee5c \u0110\u00edch Cao C\u1ea3<\/em> l\u00e0 th\u00e0nh ph\u1ea7n thi\u1ebft y\u1ebfu \u0111\u1ec3 t\u00ecm v\u00e0 ho\u00e0n th\u00e0nh m\u1ed9t cu\u1ed9c s\u1ed1ng v\u0129 \u0111\u1ea1i c\u1ee7a m\u1ee5c \u0111\u00edch, \u00fd ngh\u0129a v\u00e0 \u0111\u1ecbnh m\u1ec7nh.<\/p>\n<p><em>Nh\u1eefng M\u1ed1i Quan H\u1ec7 v\u00e0 M\u1ee5c \u0110\u00edch Cao C\u1ea3<\/em> l\u00e0 quy\u1ec3n s\u00e1ch th\u1ee9 hai c\u1ee7a <a title=\"Volume 2\" href=\"\/vi\/the-message\/volume-2\">T\u1eadp 2<\/a> c\u1ee7a Th\u00f4ng \u0110i\u1ec7p M\u1edbi t\u1eeb Ch\u00faa.<\/p>\n<div class=\"toggle toggle-white\"><h4 class=\"trigger \"><span class=\"t_ico\"><\/span><a href=\"#\">Ho\u0323c th\u00eam\u2026<\/a><\/h4><div class=\"toggle_container \"><br \/>\n<div data-post-id='24520' class='insert-page insert-page-24520 '><\/div><br \/>\n<\/div><\/div>\n<div class=\"background-color-bridesmaid padding-20\">\n<h2 style=\"text-align: left;\"><span style=\"color: #525252;\">Mu\u0323c lu\u0323c<\/span><\/h2>\n<p>PH\u1ea6N M\u00d4\u0323T: NH\u1eeeNG M\u1ed0I QUAN H\u00ca\u0323 V\u00c0 M\u1ee4C \u0110\u00cdCH CAO C\u1ea2<br \/>\n<a class=\"font-size-15\" title=\"Your Most Primary Relationship\" href=\"\/the-message\/volume-2\/relationships-higher-purpose\/your-most-primary-relationship\">M\u1ed1i quan h\u1ec7 ch\u00ednh c\u1ee7a b\u1ea1n<\/a><br \/>\n<a class=\"font-size-15\" href=\"\/the-message\/volume-2\/relationships-higher-purpose\/your-relationship-with-yourself\">M\u1ed1i quan h\u1ec7 c\u1ee7a b\u1ea1n v\u1edbi B\u1ea3n Th\u00e2n<\/a><br \/>\n<a class=\"font-size-15\" href=\"\/the-message\/volume-2\/relationships-higher-purpose\/your-relationship-with-others\">M\u1ed1i quan h\u1ec7 c\u1ee7a b\u1ea1n v\u1edbi Nh\u1eefng Ng\u01b0\u1eddi Kh\u00e1c<\/a><br \/>\n<a class=\"font-size-15 padding_bottom_zero\" href=\"https:\/\/www.newmessage.org\/the-message\/volume-2\/relationships-higher-purpose\/your-relationship-with-the-world\">M\u1ed1i quan h\u1ec7 c\u1ee7a b\u1ea1n v\u1edbi Th\u1ebf Gi\u1edbi<\/a><br \/>\n<a href=\"https:\/\/www.newmessage.org\/vi\/the-message\/volume-2\/relationships-higher-purpose\/your-relationship-with-your-spiritual-family\">M\u1ed1i quan h\u1ec7 c\u1ee7a b\u1ea1n v\u1edbi Gia \u0110\u00ecnh Th\u00e1nh Linh c\u1ee7a B\u1ea1n<\/a><br \/>\n<a href=\"https:\/\/www.newmessage.org\/vi\/the-message\/volume-2\/relationships-higher-purpose\/your-relationship-with-knowledge\/\">M\u1ed1i Quan H\u1ec7 c\u1ee7a B\u1ea1n v\u1edbi Tri Th\u1ee9c<\/a><br \/>\n<a href=\"https:\/\/www.newmessage.org\/vi\/the-message\/volume-2\/relationships-higher-purpose\/your-relationship-with-the-unknown\/\">M\u1ed1i Quan H\u1ec7 c\u1ee7a B\u1ea1n v\u1edbi Nh\u1eefng G\u00ec Ch\u01b0a Bi\u1ebft<\/a><br \/>\n<a href=\"https:\/\/www.newmessage.org\/vi\/the-message\/volume-2\/relationships-higher-purpose\/the-problem-of-evil-and-the-forces-of-dissonance\/\">V\u1ea5n \u0110\u1ec1 v\u1ec1 C\u00e1i \u00c1c v\u00e0 C\u00e1c Th\u1ebf L\u1ef1c B\u1ea5t H\u00f2a<\/a><br \/>\n<a href=\"https:\/\/www.newmessage.org\/vi\/the-message\/volume-2\/relationships-higher-purpose\/stages-of-development\/\">C\u00e1c Giai \u0110o\u1ea1n Ph\u00e1t Tri\u1ec3n<\/a><br \/>\n<a class=\"font-size-15\" href=\"\/the-message\/volume-2\/relationships-higher-purpose\/marriage\">H\u00f4n Nh\u00e2n<\/a><br \/>\n<a class=\"font-size-15\" href=\"\/the-message\/volume-2\/relationships-higher-purpose\/your-purpose-and-spiritual-calling\">M\u1ee5c \u0110\u00edch v\u00e0 Ti\u1ebfng G\u1ecdi Th\u00e1nh Linh c\u1ee7a B\u1ea1n<\/a><\/p>\n<p>PH\u1ea6N HAI: NH\u1eeeNG C\u00c2U H\u1eceI TH\u1ef0C T\u00ca\u0301<br \/>\n<a href=\"https:\/\/www.newmessage.org\/vi\/the-message\/volume-2\/relationships-higher-purpose\/establishing-relationships\/\">Thi\u1ebft L\u1eadp M\u1ed1i Quan H\u1ec7<\/a><br \/>\n<a href=\"https:\/\/www.newmessage.org\/vi\/the-message\/volume-2\/relationships-higher-purpose\/maintaining-relationships\/\">Duy Tr\u00ec M\u1ed1i Quan H\u1ec7<\/a><br \/>\n<a href=\"https:\/\/www.newmessage.org\/vi\/the-message\/volume-2\/relationships-higher-purpose\/completing-relationships\/\">Ho\u00e0n Th\u00e0nh M\u1ed1i Quan H\u1ec7<\/a><br \/>\n<a href=\"https:\/\/www.newmessage.org\/vi\/the-message\/volume-2\/relationships-higher-purpose\/conclusion\/\">K\u1ebft Lu\u1eadn<\/a><\/p>\n<\/div>\n","protected":false},"excerpt":{"rendered":"<p>Order the Print Book | Order the eBook &nbsp; Nh\u01b0\u0303ng M\u00f4\u0301i Quan H\u00ea\u0323 va\u0300 Mu\u0323c \u0110i\u0301ch Cao Ca\u0309 \u0111em b\u1ea1n v\u01b0\u1ee3t kh\u1ecfi nh\u1eefng pha\u0323m vi b\u00ecnh th\u01b0\u1eddng c\u1ee7a m\u1ed1i quan h\u1ec7 con ng\u01b0\u1eddi \u0111\u1ebfn m\u1ed9t tr\u1ea3i nghi\u1ec7m s\u00e2u th\u1eb3m h\u01a1n c\u1ee7a s\u1ef1 h\u01a1\u0323p nh\u00e2\u0301t, m\u1ee5c \u0111\u00edch v\u00e0 \u00fd ngh\u0129a v\u1edbi nh\u1eefng c\u00e1 nh\u00e2n m\u00e0 b\u1ea1n\u2026 <a class=\"read-more\" href=\"https:\/\/www.v6.newmessage.org\/vi\/the-message\/volume-2\/relationships-higher-purpose\/\"><span>Read More<\/span><\/a><\/p>\n","protected":false},"author":8,"featured_media":0,"parent":16312,"menu_order":0,"comment_status":"closed","ping_status":"closed","template":"template-leftsidebar.php","meta":{"_monsterinsights_skip_tracking":false,"_monsterinsights_sitenote_active":false,"_monsterinsights_sitenote_note":"","_monsterinsights_sitenote_category":0,"footnotes":""},"categories":[469,467],"tags":[656,657,174,653,652,658,682,681,648,655,654,649,680,635,650,651],"_links":{"self":[{"href":"https:\/\/www.v6.newmessage.org\/vi\/wp-json\/wp\/v2\/pages\/27529"}],"collection":[{"href":"https:\/\/www.v6.newmessage.org\/vi\/wp-json\/wp\/v2\/pages"}],"about":[{"href":"https:\/\/www.v6.newmessage.org\/vi\/wp-json\/wp\/v2\/types\/page"}],"author":[{"embeddable":true,"href":"https:\/\/www.v6.newmessage.org\/vi\/wp-json\/wp\/v2\/users\/8"}],"replies":[{"embeddable":true,"href":"https:\/\/www.v6.newmessage.org\/vi\/wp-json\/wp\/v2\/comments?post=27529"}],"version-history":[{"count":14,"href":"https:\/\/www.v6.newmessage.org\/vi\/wp-json\/wp\/v2\/pages\/27529\/revisions"}],"predecessor-version":[{"id":29667,"href":"https:\/\/www.v6.newmessage.org\/vi\/wp-json\/wp\/v2\/pages\/27529\/revisions\/29667"}],"up":[{"embeddable":true,"href":"https:\/\/www.v6.newmessage.org\/vi\/wp-json\/wp\/v2\/pages\/16312"}],"wp:attachment":[{"href":"https:\/\/www.v6.newmessage.org\/vi\/wp-json\/wp\/v2\/media?parent=27529"}],"wp:term":[{"taxonomy":"category","embeddable":true,"href":"https:\/\/www.v6.newmessage.org\/vi\/wp-json\/wp\/v2\/categories?post=27529"},{"taxonomy":"post_tag","embeddable":true,"href":"https:\/\/www.v6.newmessage.org\/vi\/wp-json\/wp\/v2\/tags?post=27529"}],"curies":[{"name":"wp","href":"https:\/\/api.w.org\/{rel}","templated":true}]}}