{"id":27519,"date":"2018-03-30T06:07:12","date_gmt":"2018-03-30T06:07:12","guid":{"rendered":"http:\/\/www.newmessage.org\/vietnamese-international\/?page_id=27519"},"modified":"2021-02-01T01:43:29","modified_gmt":"2021-02-01T01:43:29","slug":"volume-6","status":"publish","type":"page","link":"https:\/\/www.v6.newmessage.org\/vi\/the-message\/volume-6\/","title":{"rendered":"T\u00e2\u0323p 6"},"content":{"rendered":"<h2><strong><img loading=\"lazy\" decoding=\"async\" class=\"imgborder alignright  size-medium\" src=\"\/\/www.newmessage.org\/wp-content\/uploads\/2014\/10\/The-New-Message-from-God-Volume-6-215x300.png\" alt=\"\" width=\"215\" height=\"300\" \/><\/strong>V\u00ea\u0300 T\u00e2\u0323p 6<\/h2>\n<p>T\u1eadp S\u00e1u s\u1ebd bao g\u1ed3m nh\u1eefng quy\u1ec3n s\u00e1ch kh\u00e1c c\u1ee7a Th\u00f4ng \u0110i\u1ec7p M\u1edbi t\u1eeb Ch\u00faa m\u00e0 kh\u00f4ng n\u1eb1m trong n\u0103m t\u1eadp \u0111\u1ea7u. M\u1eb7c d\u00f9 ch\u1ec9 c\u00f3 m\u1ed9t quy\u1ec3n s\u00e1ch hi\u1ec7n t\u1ea1i n\u1eb1m trong T\u1eadp S\u00e1u, <a href=\"\/\/www.newmessage.org\/vi\/the-message\/volume-6\/secrets-heaven\">Nh\u1eefng B\u00ed M\u1eadt c\u1ee7a Thi\u00ean \u0110\u00e0ng<\/a>, n\u00f3 s\u1ebd m\u1edf r\u1ed9ng khi S\u1ee9 Gi\u1ea3 chu\u1ea9n b\u1ecb v\u00e0 ph\u00e1t h\u00e0nh nh\u1eefng Quy\u1ec3n S\u00e1ch Kh\u1ea3i Huy\u1ec1n kh\u00e1c cho th\u1ebf gi\u1edbi.<\/p>\n<div class=\"toggle toggle-white\"><h4 class=\"trigger \"><span class=\"t_ico\"><\/span><a href=\"#\">Ho\u0323c th\u00eam\u2026<\/a><\/h4><div class=\"toggle_container \"><br \/>\n<div data-post-id='24520' class='insert-page insert-page-24520 '><\/div><br \/>\n<\/div><\/div>\n<div class=\"clearfix\"><\/div>\n<div class=\"the-message-books-volumes panel-30 background-tile-1 margin-bottom-20\">\n<h2 class=\"text-align-center margin-bottom-20\"><a class=\"text-color-gray-5 not-underlined\" title=\"Volume 6\" href=\"\/vi\/the-message\/volume-6\">T\u00e2\u0323p 6<\/a><\/h2>\n<div class=\"one_third \" ><\/p>\n<div class=\"message-book-div\"><a class=\"message-book-link-to-post\" href=\"\/vi\/the-message\/volume-6\/secrets-heaven\" rel=\"bookmark\">Nh\u01b0\u0303ng Bi\u0301 M\u00e2\u0323t<br \/>\n cu\u0309a<br \/>\nThi\u00ean \u0110a\u0300ng<br \/>\n<\/a><\/div>\n<div class=\"toggle toggle-gray\"><h4 class=\"trigger \"><span class=\"t_ico\"><\/span><a href=\"#\">Mu\u0323c lu\u0323c<\/a><\/h4><div class=\"toggle_container \"><br \/>\n<a>  Gi\u01a1\u0301i Thi\u00ea\u0323u<\/a><br \/>\n<a href=\"https:\/\/www.newmessage.org\/vi\/the-message\/volume-6\/secrets-heaven\/the-secrets\/\">Nh\u01b0\u0303ng Bi\u0301 M\u00e2\u0323t cu\u0309a Thi\u00ean \u0110a\u0300ng<\/a><br \/>\n<a>  S\u01b0\u0323 K\u00ea\u0301t N\u00f4\u0301i<\/a><br \/>\n<a>  V\u00ea\u0300 Marshall Vian Summers<\/a><br \/>\n<a>  \u0110i S\u00e2u va\u0300o trong Bi\u0301 \u00c2\u0309n<\/a><br \/>\n<a>  Phong Tr\u00e0o \u0110ang Lan R\u1ed9ng<\/a><br \/>\n<\/div><\/div><br \/>\n<\/div>\n<div class=\"one_third last\" ><\/p>\n<div class=\"message-book-div more\"><a class=\"message-book-link-to-post\" title=\"More to Come\u2026\" href=\"\/vi\/the-message\/the-revelation-continues-to-this-day\" rel=\"bookmark\">S\u0103\u0301p Co\u0301 Th\u00eam&#8230;<\/a><\/div>\n<p><\/div>\n<\/div>\n","protected":false},"excerpt":{"rendered":"<p>V\u00ea\u0300 T\u00e2\u0323p 6 T\u1eadp S\u00e1u s\u1ebd bao g\u1ed3m nh\u1eefng quy\u1ec3n s\u00e1ch kh\u00e1c c\u1ee7a Th\u00f4ng \u0110i\u1ec7p M\u1edbi t\u1eeb Ch\u00faa m\u00e0 kh\u00f4ng n\u1eb1m trong n\u0103m t\u1eadp \u0111\u1ea7u. M\u1eb7c d\u00f9 ch\u1ec9 c\u00f3 m\u1ed9t quy\u1ec3n s\u00e1ch hi\u1ec7n t\u1ea1i n\u1eb1m trong T\u1eadp S\u00e1u, Nh\u1eefng B\u00ed M\u1eadt c\u1ee7a Thi\u00ean \u0110\u00e0ng, n\u00f3 s\u1ebd m\u1edf r\u1ed9ng khi S\u1ee9 Gi\u1ea3 chu\u1ea9n b\u1ecb v\u00e0 ph\u00e1t\u2026 <a class=\"read-more\" href=\"https:\/\/www.v6.newmessage.org\/vi\/the-message\/volume-6\/\"><span>Read More<\/span><\/a><\/p>\n","protected":false},"author":8,"featured_media":0,"parent":26942,"menu_order":0,"comment_status":"closed","ping_status":"closed","template":"template-leftsidebar.php","meta":{"_monsterinsights_skip_tracking":false,"_monsterinsights_sitenote_active":false,"_monsterinsights_sitenote_note":"","_monsterinsights_sitenote_category":0,"footnotes":""},"categories":[499],"tags":[656,657,653,652,658,648,655,654,649,678,650,651],"_links":{"self":[{"href":"https:\/\/www.v6.newmessage.org\/vi\/wp-json\/wp\/v2\/pages\/27519"}],"collection":[{"href":"https:\/\/www.v6.newmessage.org\/vi\/wp-json\/wp\/v2\/pages"}],"about":[{"href":"https:\/\/www.v6.newmessage.org\/vi\/wp-json\/wp\/v2\/types\/page"}],"author":[{"embeddable":true,"href":"https:\/\/www.v6.newmessage.org\/vi\/wp-json\/wp\/v2\/users\/8"}],"replies":[{"embeddable":true,"href":"https:\/\/www.v6.newmessage.org\/vi\/wp-json\/wp\/v2\/comments?post=27519"}],"version-history":[{"count":7,"href":"https:\/\/www.v6.newmessage.org\/vi\/wp-json\/wp\/v2\/pages\/27519\/revisions"}],"predecessor-version":[{"id":28398,"href":"https:\/\/www.v6.newmessage.org\/vi\/wp-json\/wp\/v2\/pages\/27519\/revisions\/28398"}],"up":[{"embeddable":true,"href":"https:\/\/www.v6.newmessage.org\/vi\/wp-json\/wp\/v2\/pages\/26942"}],"wp:attachment":[{"href":"https:\/\/www.v6.newmessage.org\/vi\/wp-json\/wp\/v2\/media?parent=27519"}],"wp:term":[{"taxonomy":"category","embeddable":true,"href":"https:\/\/www.v6.newmessage.org\/vi\/wp-json\/wp\/v2\/categories?post=27519"},{"taxonomy":"post_tag","embeddable":true,"href":"https:\/\/www.v6.newmessage.org\/vi\/wp-json\/wp\/v2\/tags?post=27519"}],"curies":[{"name":"wp","href":"https:\/\/api.w.org\/{rel}","templated":true}]}}