{"id":27026,"date":"2017-01-23T17:11:41","date_gmt":"2017-01-23T17:11:41","guid":{"rendered":"http:\/\/www.newmessage.org\/bulgaria-international\/?page_id=27026"},"modified":"2023-06-12T07:17:42","modified_gmt":"2023-06-12T07:17:42","slug":"the-new-life","status":"publish","type":"page","link":"https:\/\/www.v6.newmessage.org\/vi\/the-message\/volume-1\/the-new-life\/","title":{"rendered":"Ha\u0300nh Tri\u0300nh \u0111\u00ea\u0301n m\u00f4\u0323t Cu\u00f4\u0323c S\u00f4\u0301ng M\u01a1\u0301i"},"content":{"rendered":"<p><img decoding=\"async\" class=\"alignright size-full wp-image-38318 imgborder\" src=\"https:\/\/www.newmessage.org\/wp-content\/uploads\/2019\/03\/Book-5_JNL_color.jpg\" alt=\"\" \/><br \/>\n<em>Ha\u0300nh Tri\u0300nh \u0111\u00ea\u0301n m\u00f4\u0323t Cu\u00f4\u0323c S\u00f4\u0301ng M\u01a1\u0301i<\/em> m\u01a1\u0309 ra tr\u01b0\u01a1\u0301c m\u0103\u0301t ba\u0323n m\u00f4\u0323t cu\u00f4\u0323c ha\u0300nh tri\u0300nh \u0111\u00ea\u0309 kha\u0301m pha\u0301 mu\u0323c \u0111i\u0301ch cao ca\u0309 va\u0300 nh\u01b0\u0303ng m\u00f4\u0301i quan h\u00ea\u0323 vi\u0303 \u0111a\u0323i cu\u0309a ba\u0323n trong cu\u00f4\u0323c s\u00f4\u0301ng. V\u01a1\u0301i \u0111i\u00ea\u0300u na\u0300y, Cu\u00f4\u0323c S\u00f4\u0301ng M\u01a1\u0301i ti\u00ea\u0301t l\u00f4\u0323 nguy\u00ean nh\u00e2n th\u00e2\u0323t s\u01b0\u0323 cho s\u01b0\u0323 b\u00f4\u0301i r\u00f4\u0301i b\u00ean trong ba\u0309n th\u00e2n, s\u01b0\u0323 c\u00f4 l\u00e2\u0323p va\u0300 s\u01b0\u0323 kh\u00f4\u0309 c\u01b0\u0323c ca\u0309m nh\u00e2\u0323n b\u01a1\u0309i con ng\u01b0\u01a1\u0300i tr\u00ean kh\u0103\u0301p th\u00ea\u0301 gi\u01a1\u0301i va\u0300 con \u0111\u01b0\u01a1\u0300ng cho gia\u0309i pha\u0301p ma\u0300 \u0110\u00e2\u0301ng Ta\u0323o Ho\u0301a cu\u0309a mo\u0323i s\u01b0\u0323 s\u00f4\u0301ng \u0111ang trao t\u0103\u0323ng ngay lu\u0301c na\u0300y.<\/p>\n<p>\u01a0\u0309 \u0111\u00e2y Chu\u0301a \u0111ang k\u00eau go\u0323i ba\u0323n \u0111\u00ea\u0309 th\u01b0\u0301c ti\u0309nh t\u01b0\u0300 gi\u00e2\u0301c m\u01a1 va\u0300 a\u0301c m\u00f4\u0323ng cu\u0309a S\u01b0\u0323 Ph\u00e2n Ly va\u0300 \u0111\u00ea\u0309 b\u0103\u0301t \u0111\u00e2\u0300u m\u00f4\u0323t ha\u0300nh tri\u0300nh m\u01a1\u0301i trong cu\u00f4\u0323c s\u00f4\u0301ng n\u01a1i ma\u0300 ba\u0323n kha\u0301m pha\u0301 va\u0300 x\u00e2y d\u01b0\u0323ng s\u01b0\u0323 li\u00ean k\u00ea\u0301t cu\u0309a ba\u0323n v\u01a1\u0301i Tri Th\u01b0\u0301c, t\u00e2m tri\u0301 tha\u0301nh linh s\u00e2u th\u0103\u0309m ma\u0300 Chu\u0301a \u0111a\u0303 \u0111\u0103\u0323t b\u00ean trong ba\u0323n \u0111\u00ea\u0309 d\u00e2\u0303n d\u0103\u0301t va\u0300 ba\u0309o v\u00ea\u0323 ba\u0323n. Ha\u0300nh tri\u0300nh cu\u0309a s\u01b0\u0323 th\u01b0\u0301c ti\u0309nh va\u0300 tr\u01a1\u0309 v\u00ea\u0300 na\u0300y se\u0303 \u0111em ba\u0323n v\u00ea\u0300 v\u01a1\u0301i mu\u0323c \u0111i\u0301ch ban \u0111\u00e2\u0300u cu\u0309a ba\u0323n khi \u0111i va\u0300o th\u00ea\u0301 gi\u01a1\u0301i, ky\u0301 \u01b0\u0301c v\u00ea\u0300 nh\u01b0\u0303ng ng\u01b0\u01a1\u0300i \u0111a\u0303 c\u01b0\u0309 ba\u0323n va\u0300 s\u01b0\u0323 \u0111o\u0301ng go\u0301p l\u01a1\u0301n lao h\u01a1n ma\u0300 ba\u0323n \u0111a\u0303 co\u0301 y\u0301 \u0111i\u0323nh \u0111\u00ea\u0309 la\u0300m.<\/p>\n<p>\u01a0\u0309 \u0111\u00e2y m\u00f4\u0323t qua\u0301 tri\u0300nh linh thi\u00eang b\u0103\u0301t \u0111\u00e2\u0300u ma\u0300 co\u0301 quy\u00ea\u0300n l\u01b0\u0323c \u0111\u00ea\u0309 gia\u0309i thoa\u0301t ba\u0323n kho\u0309i qua\u0301 kh\u01b0\u0301 va\u0300 chu\u00e2\u0309n bi\u0323 ba\u0323n cho m\u00f4\u0323t cu\u00f4\u0323c s\u00f4\u0301ng m\u01a1\u0301i va\u0300 vi\u0303 \u0111a\u0323i h\u01a1n trong t\u01b0\u01a1ng lai.<\/p>\n<p>M\u00f4\u0303i ch\u01b0\u01a1ng trong <em>Ha\u0300nh Tri\u0300nh \u0111\u00ea\u0301n m\u00f4\u0323t Cu\u00f4\u0323c S\u00f4\u0301ng M\u01a1\u0301i<\/em> la\u0300 m\u00f4\u0323t kha\u0309i huy\u00ea\u0300n \u0111\u01b0\u01a1\u0323c trao ban t\u01b0\u0300 C\u00f4\u0323i Ngu\u00f4\u0300n, \u0111\u01b0\u01a1\u0323c bi\u00ean soa\u0323n tha\u0300nh ba\u0300i vi\u00ea\u0301t na\u0300y b\u01a1\u0309i S\u01b0\u0301 Gia\u0309 <a href=\"https:\/\/www.newmessage.org\/vi\/who-is-marshall-vian-summers\/\">Marshall Vian Summers<\/a>.<\/p>\n<p><em>Ha\u0300nh Tri\u0300nh \u0111\u00ea\u0301n m\u00f4\u0323t Cu\u00f4\u0323c S\u00f4\u0301ng M\u01a1\u0301i<\/em> la\u0300 quy\u00ea\u0309n sa\u0301ch th\u01b0\u0301 n\u0103m trong <a href=\"https:\/\/www.newmessage.org\/vi\/the-message\/volume-1\/\">T\u00e2\u0323p 1<\/a> cu\u0309a Th\u00f4ng \u0110i\u00ea\u0323p M\u01a1\u0301i t\u01b0\u0300 Chu\u0301a.<\/p>\n<p style=\"text-align: left;\"><div class=\"toggle toggle-white\"><h4 class=\"trigger \"><span class=\"t_ico\"><\/span><a href=\"#\">Ho\u0323c th\u00eam...<\/a><\/h4><div class=\"toggle_container \"><br \/>\n<div data-post-id='24520' class='insert-page insert-page-24520 '><\/div><br \/>\n<\/div><\/div>\n<div class=\"background-color-bridesmaid padding-20\">\n<h2 style=\"text-align: left;\"><span style=\"color: #525252;\">Mu\u0323c lu\u0323c<\/span><\/h2>\n<p>Ch\u01b0\u01a1ng 1 <a href=\"https:\/\/www.newmessage.org\/vi\/the-message\/volume-1\/the-new-life\/the-awakening\/\">S\u01b0\u0323 Ti\u0309nh Th\u01b0\u0301c<\/a><br \/>\nCh\u01b0\u01a1ng 2 <a href=\"https:\/\/www.newmessage.org\/vi\/the-message\/volume-1\/the-new-life\/the-freedom-journey\/\">Ha\u0300nh Tri\u0300nh T\u01b0\u0323 Do<\/a><br \/>\nCh\u01b0\u01a1ng 3 <a href=\"https:\/\/www.newmessage.org\/vi\/the-message\/volume-1\/the-new-life\/the-prison\/\">Nh\u00e0 T\u00f9<\/a><br \/>\nCh\u01b0\u01a1ng 4 <a href=\"https:\/\/www.newmessage.org\/vi\/the-message\/volume-1\/the-new-life\/the-revolution\/\">Cu\u1ed9c C\u00e1ch M\u1ea1ng<\/a><br \/>\nCh\u01b0\u01a1ng 5 <a href=\"https:\/\/www.newmessage.org\/vi\/the-message\/volume-1\/the-new-life\/the-turning-point\/\">B\u01b0\u1edbc Ngo\u1eb7t<\/a><br \/>\nCh\u01b0\u01a1ng 6 <a href=\"https:\/\/www.newmessage.org\/vi\/the-message\/volume-1\/the-new-life\/the-gift-of-a-new-life\/\">M\u00f3n Qu\u00e0 c\u1ee7a m\u1ed9t Cu\u1ed9c S\u1ed1ng M\u1edbi<\/a><br \/>\nCh\u01b0\u01a1ng 7 <a href=\"https:\/\/www.newmessage.org\/vi\/the-message\/volume-1\/the-new-life\/the-journey-to-a-new-life\/\">H\u00e0nh Tr\u00ecnh \u0111\u1ebfn m\u1ed9t Cu\u1ed9c S\u1ed1ng M\u1edbi<\/a><br \/>\nCh\u01b0\u01a1ng 8 <a href=\"https:\/\/www.newmessage.org\/vi\/the-message\/volume-1\/the-new-life\/your-purpose-and-destiny\/\">Mu\u0323c \u0110i\u0301ch va\u0300 \u0110i\u0323nh M\u00ea\u0323nh cu\u0309a Ba\u0323n<\/a><br \/>\nCh\u01b0\u01a1ng 9 <a href=\"https:\/\/www.newmessage.org\/vi\/the-message\/volume-1\/the-new-life\/building-the-bridge-to-a-new-life\/\">X\u00e2y D\u1ef1ng C\u1ea7u N\u1ed1i \u0111\u1ebfn m\u1ed9t Cu\u1ed9c S\u1ed1ng M\u1edbi<\/a><br \/>\nCh\u01b0\u01a1ng 10 <a href=\"https:\/\/www.newmessage.org\/vi\/the-message\/volume-1\/the-new-life\/courage-and-the-will-to-prepare\/\">L\u00f2ng D\u0169ng C\u1ea3m v\u00e0 \u00dd Ch\u00ed \u0111\u1ec3 Chu\u1ea9n B\u1ecb<\/a><br \/>\nCh\u01b0\u01a1ng 11 <a href=\"https:\/\/www.newmessage.org\/vi\/the-message\/volume-1\/the-new-life\/building-strength-and-resilience\/\">X\u00e2y D\u01b0\u0323ng S\u01b0\u0301c Ma\u0323nh va\u0300 Lo\u0300ng Ki\u00ean Tri\u0300<\/a><br \/>\nCh\u01b0\u01a1ng 12 <a href=\"https:\/\/www.newmessage.org\/vi\/the-message\/volume-1\/the-new-life\/preparing-for-a-greater-role-in-the-world\/\">Chu\u1ea9n B\u1ecb cho M\u1ed9t Vai Tr\u00f2 L\u1edbn Lao tr\u00ean Th\u1ebf Gi\u1edbi<\/a><br \/>\nCh\u01b0\u01a1ng 13 <a href=\"https:\/\/www.newmessage.org\/vi\/the-message\/volume-1\/the-new-life\/the-great-truth\/\">Ch\u00e2n L\u00fd V\u0129 \u0110\u1ea1i<\/a><br \/>\nCh\u01b0\u01a1ng 14 <a href=\"https:\/\/www.newmessage.org\/vi\/the-message\/volume-1\/the-new-life\/you-are-here-for-a-greater-purpose\/\">B\u1ea1n \u0110ang \u1edf \u0110\u00e2y cho M\u1ed9t M\u1ee5c \u0110\u00edch L\u1edbn Lao<\/a><\/p>\n<\/div>\n","protected":false},"excerpt":{"rendered":"<p>Ha\u0300nh Tri\u0300nh \u0111\u00ea\u0301n m\u00f4\u0323t Cu\u00f4\u0323c S\u00f4\u0301ng M\u01a1\u0301i m\u01a1\u0309 ra tr\u01b0\u01a1\u0301c m\u0103\u0301t ba\u0323n m\u00f4\u0323t cu\u00f4\u0323c ha\u0300nh tri\u0300nh \u0111\u00ea\u0309 kha\u0301m pha\u0301 mu\u0323c \u0111i\u0301ch cao ca\u0309 va\u0300 nh\u01b0\u0303ng m\u00f4\u0301i quan h\u00ea\u0323 vi\u0303 \u0111a\u0323i cu\u0309a ba\u0323n trong cu\u00f4\u0323c s\u00f4\u0301ng. V\u01a1\u0301i \u0111i\u00ea\u0300u na\u0300y, Cu\u00f4\u0323c S\u00f4\u0301ng M\u01a1\u0301i ti\u00ea\u0301t l\u00f4\u0323 nguy\u00ean nh\u00e2n th\u00e2\u0323t s\u01b0\u0323 cho s\u01b0\u0323 b\u00f4\u0301i r\u00f4\u0301i b\u00ean trong ba\u0309n th\u00e2n,\u2026 <a class=\"read-more\" href=\"https:\/\/www.v6.newmessage.org\/vi\/the-message\/volume-1\/the-new-life\/\"><span>Read More<\/span><\/a><\/p>\n","protected":false},"author":22,"featured_media":0,"parent":16287,"menu_order":0,"comment_status":"closed","ping_status":"closed","template":"template-leftsidebar.php","meta":{"_monsterinsights_skip_tracking":false,"_monsterinsights_sitenote_active":false,"_monsterinsights_sitenote_note":"","_monsterinsights_sitenote_category":0,"footnotes":""},"categories":[462,460],"tags":[719,793,609],"_links":{"self":[{"href":"https:\/\/www.v6.newmessage.org\/vi\/wp-json\/wp\/v2\/pages\/27026"}],"collection":[{"href":"https:\/\/www.v6.newmessage.org\/vi\/wp-json\/wp\/v2\/pages"}],"about":[{"href":"https:\/\/www.v6.newmessage.org\/vi\/wp-json\/wp\/v2\/types\/page"}],"author":[{"embeddable":true,"href":"https:\/\/www.v6.newmessage.org\/vi\/wp-json\/wp\/v2\/users\/22"}],"replies":[{"embeddable":true,"href":"https:\/\/www.v6.newmessage.org\/vi\/wp-json\/wp\/v2\/comments?post=27026"}],"version-history":[{"count":34,"href":"https:\/\/www.v6.newmessage.org\/vi\/wp-json\/wp\/v2\/pages\/27026\/revisions"}],"predecessor-version":[{"id":28033,"href":"https:\/\/www.v6.newmessage.org\/vi\/wp-json\/wp\/v2\/pages\/27026\/revisions\/28033"}],"up":[{"embeddable":true,"href":"https:\/\/www.v6.newmessage.org\/vi\/wp-json\/wp\/v2\/pages\/16287"}],"wp:attachment":[{"href":"https:\/\/www.v6.newmessage.org\/vi\/wp-json\/wp\/v2\/media?parent=27026"}],"wp:term":[{"taxonomy":"category","embeddable":true,"href":"https:\/\/www.v6.newmessage.org\/vi\/wp-json\/wp\/v2\/categories?post=27026"},{"taxonomy":"post_tag","embeddable":true,"href":"https:\/\/www.v6.newmessage.org\/vi\/wp-json\/wp\/v2\/tags?post=27026"}],"curies":[{"name":"wp","href":"https:\/\/api.w.org\/{rel}","templated":true}]}}