{"id":22376,"date":"2015-08-21T04:41:41","date_gmt":"2015-08-21T04:41:41","guid":{"rendered":"http:\/\/www.newmessage.org\/?page_id=22376"},"modified":"2018-09-10T04:35:29","modified_gmt":"2018-09-10T04:35:29","slug":"about-the-process-of-revelation","status":"publish","type":"page","link":"https:\/\/www.v6.newmessage.org\/vi\/the-message\/about-the-process-of-revelation\/","title":{"rendered":"V\u00ea\u0300 Qua\u0301 Tri\u0300nh Kha\u0309i Huy\u00ea\u0300n"},"content":{"rendered":"<p><a href=\"https:\/\/www.newmessage.org\/wp-content\/uploads\/2015\/08\/Volume-1-CD-Cover1.jpg\"><img loading=\"lazy\" decoding=\"async\" class=\"imgborder alignright \" src=\"https:\/\/www.newmessage.org\/wp-content\/uploads\/2015\/08\/Volume-1-CD-Cover1-172x300.jpg\" alt=\"The New Message from God\" width=\"250\" height=\"435\" \/><\/a><\/p>\n<p>Nh\u01b0\u0303ng ba\u0300i vi\u00ea\u0301t cu\u0309a Th\u00f4ng \u0110i\u00ea\u0323p M\u01a1\u0301i t\u01b0\u0300 Chu\u0301a \u0111a\u0303 \u0111\u00e2\u0300u ti\u00ean \u0111\u01b0\u01a1\u0323c no\u0301i b\u01a1\u0309i Ti\u00ea\u0301ng No\u0301i cu\u0309a <a href=\"https:\/\/www.newmessage.org\/vi\/the-message\/important-terms#aa\">H\u00f4\u0323i \u0110\u00f4\u0300ng Thi\u00ean Th\u00e2\u0300n <\/a> th\u00f4ng qua S\u01b0\u0301 Gia\u0309, Marshall Vian Summers. Qua\u0301 tri\u0300nh na\u0300y cu\u0309a Kha\u0309i Huy\u00ea\u0300n Tha\u0301nh Linh \u0111a\u0303 di\u00ea\u0303n ra t\u01b0\u0300 n\u0103m 1983. Kha\u0309i Huy\u00ea\u0300n ti\u00ea\u0301p tu\u0323c cho \u0111\u00ea\u0301n nga\u0300y h\u00f4m nay.   <\/p>\n<p>\u01a0\u0309 \u0111\u00e2y, s\u01b0\u0323 truy\u00ea\u0300n \u0111a\u0323t ban \u0111\u00e2\u0300u cu\u0309a Chu\u0301a, \u0111i\u00ea\u0300u t\u00f4\u0300n ta\u0323i v\u01b0\u01a1\u0323t ngoa\u0300i l\u01a1\u0300i no\u0301i, \u0111\u01b0\u01a1\u0323c th\u00f4ng di\u0323ch va\u0300o trong ng\u00f4n ng\u01b0\u0303 va\u0300 s\u01b0\u0323 hi\u00ea\u0309u bi\u00ea\u0301t cu\u0309a con ng\u01b0\u01a1\u0300i b\u01a1\u0309i <a href=\"https:\/\/www.newmessage.org\/vi\/the-message\/important-terms#aa\">H\u00f4\u0323i \u0110\u00f4\u0300ng Thi\u00ean Th\u00e2\u0300n <\/a> ng\u01b0\u01a1\u0300i tr\u00f4ng coi th\u00ea\u0301 gi\u01a1\u0301i. H\u00f4\u0323i \u0110\u00f4\u0300ng sau \u0111o\u0301 no\u0301i Th\u00f4ng \u0110i\u00ea\u0323p cu\u0309a Chu\u0301a th\u00f4ng qua S\u01b0\u0301 Gia\u0309, \u0111i\u00ea\u0300u \u0111\u01b0\u01a1\u0323c thu \u00e2m la\u0323i, \u0111\u01b0\u01a1\u0323c sao che\u0301p va\u0300 b\u00e2y gi\u01a1\u0300 \u0111\u01b0\u01a1\u0323c pha\u0301t ha\u0300nh trong th\u01b0 vi\u00ea\u0323n r\u00f4\u0323ng l\u01a1\u0301n cu\u0309a nh\u01b0\u0303ng ba\u0300i vi\u00ea\u0301t kha\u0309i huy\u00ea\u0300n \u01a1\u0309 www.NewMessage.org. <\/p>\n<p>Ngoa\u0300i ra, l\u00e2\u0300n \u0111\u00e2\u0300u ti\u00ean trong li\u0323ch s\u01b0\u0309, ba\u0323n co\u0301 th\u00ea\u0309 nghe nh\u01b0\u0303ng ba\u0300i thu \u00e2m g\u00f4\u0301c cu\u0309a <a href=\"https:\/\/www.newmessage.org\/vi\/the-message\/important-terms#voice\"> Ti\u00ea\u0301ng No\u0301i cu\u0309a Kha\u0309i Huy\u00ea\u0300n <\/a>, cu\u0300ng m\u00f4\u0323t Ti\u00ea\u0301ng No\u0301i \u0111a\u0303 no\u0301i v\u01a1\u0301i nh\u01b0\u0303ng nha\u0300 ti\u00ean tri va\u0300 nh\u01b0\u0303ng S\u01b0\u0301 Gia\u0309 trong qua\u0301 kh\u01b0\u0301, va\u0300 b\u00e2y gi\u01a1\u0300 \u0111ang no\u0301i m\u00f4\u0323t l\u00e2\u0300n n\u01b0\u0303a th\u00f4ng qua m\u00f4\u0323t S\u01b0\u0301 Gia\u0309 M\u01a1\u0301i trong th\u00ea\u0301 gi\u01a1\u0301i nga\u0300y h\u00f4m nay. Ch\u01b0a bao gi\u01a1\u0300 tr\u01b0\u01a1\u0301c \u0111\u00e2y ba\u0309n thu \u00e2m g\u00f4\u0301c cu\u0309a Kha\u0309i Huy\u00ea\u0300n \u0111a\u0303 \u0111\u01b0\u01a1\u0323c thu la\u0323i va\u0300 \u0111\u01b0\u01a1\u0323c pha\u0301t ha\u0300nh trong hi\u0300nh da\u0323ng tinh khi\u00ea\u0301t cu\u0309a no\u0301. <\/p>\n<p>Ch\u01b0\u0303 Vi\u00ea\u0301t va\u0300 \u00c2m Thanh \u0111ang \u01a1\u0309 trong th\u00ea\u0301 gi\u01a1\u0301i. L\u00e2\u0300n \u0111\u00e2\u0300u ti\u00ean trong li\u0323ch s\u01b0\u0309, ba\u0323n va\u0300 t\u00e2\u0301t ca\u0309 mo\u0323i ng\u01b0\u01a1\u0300i co\u0301 th\u00ea\u0309 nghe ba\u0300i thu \u00e2m cu\u0309a ba\u0309n g\u00f4\u0301c <a href=\"https:\/\/www.newmessage.org\/vi\/the-message\/important-terms#voice\"> Ti\u00ea\u0301ng No\u0301i cu\u0309a Kha\u0309i Huy\u00ea\u0300n <\/a>. Ti\u00ea\u0301ng No\u0301i na\u0300y kh\u00f4ng pha\u0309i la\u0300 ti\u00ea\u0301ng no\u0301i cu\u0309a m\u00f4\u0323t ca\u0301 th\u00ea\u0309, nh\u01b0ng la\u0300 cu\u0309a toa\u0300n th\u00ea\u0309 <a href=\"https:\/\/www.newmessage.org\/vi\/the-message\/important-terms#aa\">H\u00f4\u0323i \u0110\u00f4\u0300ng Thi\u00ean Th\u00e2\u0300n <\/a> cu\u0300ng lu\u0301c no\u0301i, t\u00e2\u0301t ca\u0309 nh\u01b0 m\u00f4\u0323t. <\/p>\n<p>\u01a0\u0309 \u0111\u00e2y nh\u00e2n loa\u0323i co\u0301 th\u00ea\u0309 nh\u00e2\u0323n la\u0303nh ba\u0309n g\u00f4\u0301c tha\u0301nh kinh cu\u0309a <a href=\"https:\/\/www.newmessage.org\/vi\/the-revelation-continues-to-this-day\/\">Kha\u0309i Huy\u00ea\u0300n cu\u0309a Chu\u0301a <\/a>, \u0111i\u00ea\u0300u \u0111a\u0303 \u0111\u01b0\u01a1\u0323c thu la\u0323i trong hi\u0300nh da\u0323ng thu \u00e2m, \u0111\u01b0\u01a1\u0323c sao che\u0301p, \u0111\u01b0\u01a1\u0323c bi\u00ean soa\u0323n b\u01a1\u0309i S\u01b0\u0301 Gia\u0309 cu\u0309a no\u0301 va\u0300 b\u00e2y gi\u01a1\u0300 \u0111\u01b0\u01a1\u0323c tri\u0300nh ba\u0300y cho th\u00ea\u0301 gi\u01a1\u0301i.<\/p>\n<p>\u0110\u00ea\u0309 nghe <a href=\"https:\/\/www.newmessage.org\/vi\/the-message\/important-terms#voice\"> Ti\u00ea\u0301ng No\u0301i cu\u0309a Kha\u0309i Huy\u00ea\u0300n <\/a>, \u0111i\u00ea\u0300u la\u0300 ngu\u00f4\u0300n cu\u0309a ba\u0300i vi\u00ea\u0301t \u0111\u01b0\u01a1\u0323c ch\u01b0\u0301a \u0111\u01b0\u0323ng trong t\u00e2\u0301t ca\u0309 nh\u01b0\u0303ng cu\u00f4\u0301n sa\u0301ch cu\u0309a Th\u00f4ng \u0110i\u00ea\u0323p M\u01a1\u0301i, xin ha\u0303y ghe\u0301 th\u0103m <a href=\"https:\/\/www.newmessage.org\/experience\">www.NewMessage.org\/experience<\/a>. Nh\u01b0\u0303ng ba\u0309n g\u00f4\u0301c thu \u00e2m cu\u0309a Ti\u00ea\u0301ng No\u0301i b\u00e2y gi\u01a1\u0300 \u0111\u01b0\u01a1\u0323c pha\u0301t ha\u0300nh \u0111\u00ea\u0301n cho mo\u0323i ng\u01b0\u01a1\u0300i.<\/p>\n<p>Chu\u0301c ba\u0323n la\u0300 ng\u01b0\u01a1\u0300i nh\u00e2\u0323n la\u0303nh mo\u0301n qua\u0300 na\u0300y cu\u0309a Kha\u0309i Huy\u00ea\u0300n va\u0300 chu\u0301c ba\u0323n r\u00f4\u0323ng m\u01a1\u0309 \u0111\u00ea\u0309 nh\u00e2\u0323n la\u0303nh Th\u00f4ng \u0110i\u00ea\u0323p quy\u00ea\u0300n l\u01b0\u0323c cu\u0309a no\u0301 cho ba\u0323n va\u0300 cho cu\u00f4\u0323c s\u00f4\u0301ng cu\u0309a ba\u0323n.<\/p>\n","protected":false},"excerpt":{"rendered":"<p>Nh\u01b0\u0303ng ba\u0300i vi\u00ea\u0301t cu\u0309a Th\u00f4ng \u0110i\u00ea\u0323p M\u01a1\u0301i t\u01b0\u0300 Chu\u0301a \u0111a\u0303 \u0111\u00e2\u0300u ti\u00ean \u0111\u01b0\u01a1\u0323c no\u0301i b\u01a1\u0309i Ti\u00ea\u0301ng No\u0301i cu\u0309a H\u00f4\u0323i \u0110\u00f4\u0300ng Thi\u00ean Th\u00e2\u0300n th\u00f4ng qua S\u01b0\u0301 Gia\u0309, Marshall Vian Summers. Qua\u0301 tri\u0300nh na\u0300y cu\u0309a Kha\u0309i Huy\u00ea\u0300n Tha\u0301nh Linh \u0111a\u0303 di\u00ea\u0303n ra t\u01b0\u0300 n\u0103m 1983. Kha\u0309i Huy\u00ea\u0300n ti\u00ea\u0301p tu\u0323c cho \u0111\u00ea\u0301n nga\u0300y h\u00f4m nay. \u01a0\u0309 \u0111\u00e2y, s\u01b0\u0323\u2026 <a class=\"read-more\" href=\"https:\/\/www.v6.newmessage.org\/vi\/the-message\/about-the-process-of-revelation\/\"><span>Read More<\/span><\/a><\/p>\n","protected":false},"author":32,"featured_media":0,"parent":26942,"menu_order":5,"comment_status":"closed","ping_status":"closed","template":"template-leftsidebar.php","meta":{"_monsterinsights_skip_tracking":false,"_monsterinsights_sitenote_active":false,"_monsterinsights_sitenote_note":"","_monsterinsights_sitenote_category":0,"footnotes":""},"categories":[],"tags":[618,656,657,653,652,658,648,655,654,649,665,650,651],"_links":{"self":[{"href":"https:\/\/www.v6.newmessage.org\/vi\/wp-json\/wp\/v2\/pages\/22376"}],"collection":[{"href":"https:\/\/www.v6.newmessage.org\/vi\/wp-json\/wp\/v2\/pages"}],"about":[{"href":"https:\/\/www.v6.newmessage.org\/vi\/wp-json\/wp\/v2\/types\/page"}],"author":[{"embeddable":true,"href":"https:\/\/www.v6.newmessage.org\/vi\/wp-json\/wp\/v2\/users\/32"}],"replies":[{"embeddable":true,"href":"https:\/\/www.v6.newmessage.org\/vi\/wp-json\/wp\/v2\/comments?post=22376"}],"version-history":[{"count":17,"href":"https:\/\/www.v6.newmessage.org\/vi\/wp-json\/wp\/v2\/pages\/22376\/revisions"}],"predecessor-version":[{"id":27833,"href":"https:\/\/www.v6.newmessage.org\/vi\/wp-json\/wp\/v2\/pages\/22376\/revisions\/27833"}],"up":[{"embeddable":true,"href":"https:\/\/www.v6.newmessage.org\/vi\/wp-json\/wp\/v2\/pages\/26942"}],"wp:attachment":[{"href":"https:\/\/www.v6.newmessage.org\/vi\/wp-json\/wp\/v2\/media?parent=22376"}],"wp:term":[{"taxonomy":"category","embeddable":true,"href":"https:\/\/www.v6.newmessage.org\/vi\/wp-json\/wp\/v2\/categories?post=22376"},{"taxonomy":"post_tag","embeddable":true,"href":"https:\/\/www.v6.newmessage.org\/vi\/wp-json\/wp\/v2\/tags?post=22376"}],"curies":[{"name":"wp","href":"https:\/\/api.w.org\/{rel}","templated":true}]}}