{"id":16489,"date":"2014-10-29T23:51:33","date_gmt":"2014-10-29T23:51:33","guid":{"rendered":"http:\/\/www.newmessage.org\/?page_id=16489"},"modified":"2023-06-20T01:54:45","modified_gmt":"2023-06-20T01:54:45","slug":"the-new-messenger","status":"publish","type":"page","link":"https:\/\/www.v6.newmessage.org\/vi\/the-message\/volume-1\/the-new-messenger\/","title":{"rendered":"Ng\u01b0\u01a1\u0300i S\u01b0\u0301 Gia\u0309 M\u01a1\u0301i"},"content":{"rendered":"<p><em><img loading=\"lazy\" decoding=\"async\" width=\"200\" height=\"300\" class=\"size-medium wp-image-27155 imgborder alignright\" src=\"https:\/\/www.newmessage.org\/bulgaria-international\/wp-content\/uploads\/sites\/49\/2017\/03\/The-New-Messenger-ebook-cover-200x300.jpg\" alt=\"\" srcset=\"https:\/\/www.v6.newmessage.org\/vi\/wp-content\/uploads\/sites\/65\/2017\/03\/The-New-Messenger-ebook-cover-200x300.jpg 200w, https:\/\/www.v6.newmessage.org\/vi\/wp-content\/uploads\/sites\/65\/2017\/03\/The-New-Messenger-ebook-cover-400x600.jpg 400w, https:\/\/www.v6.newmessage.org\/vi\/wp-content\/uploads\/sites\/65\/2017\/03\/The-New-Messenger-ebook-cover-500x750.jpg 500w, https:\/\/www.v6.newmessage.org\/vi\/wp-content\/uploads\/sites\/65\/2017\/03\/The-New-Messenger-ebook-cover.jpg 600w\" sizes=\"(max-width: 200px) 100vw, 200px\" \/>Ng\u01b0\u01a1\u0300i S\u01b0\u0301 Gia\u0309 M\u01a1\u0301i<\/em> la\u0300 m\u00f4\u0323t quy\u00ea\u0309n sa\u0301ch kha\u0309i huy\u00ea\u0300n v\u00ea\u0300 ngu\u00f4\u0300n g\u00f4\u0301c, do\u0300ng do\u0303i va\u0300 s\u01b0\u0301 m\u00ea\u0323nh cu\u0309a Nh\u01b0\u0303ng S\u01b0\u0301 Gia\u0309 cu\u0309a Chu\u0301a ng\u01b0\u01a1\u0300i ma\u0300, va\u0300o nh\u01b0\u0303ng th\u01a1\u0300i \u0111a\u0323i kha\u0301c nhau trong li\u0323ch s\u01b0\u0309 loa\u0300i ng\u01b0\u01a1\u0300i, \u0111a\u0303 va\u0300o trong th\u00ea\u0301 gi\u01a1\u0301i \u0111\u00ea\u0309 nh\u00e2\u0323n la\u0303nh va\u0300 tri\u0300nh ba\u0300y nh\u01b0\u0303ng T\u00e2n Kha\u0309i Huy\u00ea\u0300n cho nh\u00e2n loa\u0323i.<\/p>\n<p>Th\u00f4ng \u0110i\u00ea\u0323p M\u01a1\u0301i da\u0323y r\u0103\u0300ng t\u00e2\u0301t ca\u0309 nh\u01b0\u0303ng S\u01b0\u0301 Gia\u0309 cu\u0309a Chu\u0301a tr\u01b0\u01a1\u0301c \u0111\u00e2y \u0111a\u0303 la\u0300 tha\u0300nh vi\u00ean cu\u0309a H\u00f4\u0323i \u0110\u00f4\u0300ng Thi\u00ean Th\u00e2\u0300n tr\u00f4ng coi th\u00ea\u0301 gi\u01a1\u0301i. Xuy\u00ean su\u00f4\u0301t li\u0323ch s\u01b0\u0309, H\u00f4\u0323i \u0110\u00f4\u0300ng na\u0300y, khi \u0111a\u0301p la\u0323i Y\u0301 Mu\u00f4\u0301n cu\u0309a Chu\u0301a, \u0111a\u0303 g\u01b0\u0309i va\u0300o trong th\u00ea\u0301 gi\u01a1\u0301i m\u00f4\u0323t ng\u01b0\u01a1\u0300i trong s\u00f4\u0301 ho\u0323 \u01a1\u0309 nh\u01b0\u0303ng th\u01a1\u0300i \u0111i\u00ea\u0309m va\u0300 \u0111i\u0323a \u0111i\u00ea\u0309m cu\u0323 th\u00ea\u0309 \u0111\u00ea\u0309 phu\u0323c vu\u0323 nh\u01b0\u0303ng nhu c\u00e2\u0300u \u0111ang gia t\u0103ng cu\u0309a nh\u00e2n loa\u0323i. <\/p>\n<p>Vi\u00ea\u0323c ng\u01b0\u01a1\u0300i S\u01b0\u0301 Gia\u0309 M\u01a1\u0301i \u0111\u00ea\u0301n \u0111\u00e2y \u0111a\u0323i di\u00ea\u0323n cho ch\u01b0\u01a1ng k\u00ea\u0301 ti\u00ea\u0301p trong Kha\u0309i Huy\u00ea\u0300n \u0111ang t\u0103ng tr\u01b0\u01a1\u0309ng v\u00ea\u0300 Y\u0301 Mu\u00f4\u0301n va\u0300 K\u00ea\u0301 Hoa\u0323ch cu\u0309a Chu\u0301a cho nh\u00e2n loa\u0323i. B\u00e2y gi\u01a1\u0300 Chu\u0301a \u0111a\u0303 no\u0301i m\u00f4\u0323t l\u00e2\u0300n n\u01b0\u0303a, ti\u00ea\u0301t l\u00f4\u0323 \u0111i\u00ea\u0300u ch\u01b0a t\u01b0\u0300ng \u0111\u01b0\u01a1\u0323c ti\u00ea\u0301t l\u00f4\u0323 tr\u01b0\u01a1\u0301c \u0111\u00e2y, no\u0301i th\u00f4ng qua m\u00f4\u0323t ng\u01b0\u01a1\u0300i S\u01b0\u0301 Gia\u0309 M\u01a1\u0301i, m\u00f4\u0323t ng\u01b0\u01a1\u0300i \u0111a\u0300n \u00f4ng t\u00ean la\u0300 <a href=\"https:\/\/www.newmessage.org\/vi\/who-is-marshall-vian-summers\/\">Marshall Vian Summers<\/a>. <\/p>\n<p><em>Ng\u01b0\u01a1\u0300i S\u01b0\u0301 Gia\u0309 M\u01a1\u0301i<\/em> ch\u01b0\u0301a \u0111\u01b0\u0323ng nh\u01b0\u0303ng kha\u0309i huy\u00ea\u0300n \u0111o\u0301 t\u01b0\u0300 C\u00f4\u0323i Ngu\u00f4\u0300n v\u00ea\u0300 chi\u0301nh ng\u01b0\u01a1\u0300i S\u01b0\u0301 Gia\u0309. \u00d4ng \u00e2\u0301y la\u0300 ai? Ta\u0323i sao \u00f4ng \u00e2\u0301y \u0111a\u0303 \u0111\u01b0\u01a1\u0323c cho\u0323n? La\u0300m sao ba\u0323n co\u0301 th\u00ea\u0309 bi\u00ea\u0301t \u00f4ng \u00e2\u0301y la\u0300 co\u0301 th\u00e2\u0323t va\u0300 ch\u00e2n th\u00e2\u0323t? Va\u0300 \u00f4ng \u00e2\u0301y k\u00ea\u0301t n\u00f4\u0301i v\u01a1\u0301i nh\u01b0\u0303ng S\u01b0\u0301 Gia\u0309 trong qua\u0301 kh\u01b0\u0301 nh\u01b0 th\u00ea\u0301 na\u0300o? <\/p>\n<p>\u0110\u00e2y la\u0300 nh\u01b0\u0303ng c\u00e2u ho\u0309i ma\u0300 mo\u0323i ng\u01b0\u01a1\u0300i v\u01a1\u0301i y\u0301 t\u00f4\u0301t co\u0301 th\u00ea\u0309 ho\u0309i. B\u00e2y gi\u01a1\u0300 Chu\u0301a \u0111a\u0303 la\u0323i l\u00ean ti\u00ea\u0301ng v\u01a1\u0301i m\u00f4\u0323t chu\u00f4\u0303i nh\u01b0\u0303ng kha\u0309i huy\u00ea\u0300n \u0111\u00ea\u0309 n\u00e2ng cao s\u01b0\u0323 hi\u00ea\u0309u bi\u00ea\u0301t cu\u0309a chu\u0301ng ta v\u00ea\u0300 Nh\u01b0\u0303ng S\u01b0\u0301 Gia\u0309 cu\u0309a Chu\u0301a, vi\u00ea\u0323c l\u01b0\u0323a cho\u0323n ho\u0323, danh ti\u0301nh vi\u0303 \u0111a\u0323i cu\u0309a ho\u0323, m\u00f4\u0301i quan h\u00ea\u0323 cu\u0309a ho\u0323 v\u01a1\u0301i nhau va\u0300 h\u00e2\u0323u qua\u0309 cu\u0309a s\u01b0\u0323 hi\u00ea\u0323n di\u00ea\u0323n va\u0300 tr\u00f4\u0303i d\u00e2\u0323y cu\u0309a ho\u0323 trong th\u00ea\u0301 gi\u01a1\u0301i. <\/p>\n<p>M\u00f4\u0303i ch\u01b0\u01a1ng trong <em>Ng\u01b0\u01a1\u0300i S\u01b0\u0301 Gia\u0309 M\u01a1\u0301i<\/em> la\u0300 m\u00f4\u0323t kha\u0309i huy\u00ea\u0300n \u0111\u00f4\u0323c l\u00e2\u0323p \u0111\u01b0\u01a1\u0323c trao t\u0103\u0323ng t\u01b0\u0300 Chu\u0301a cho nh\u00e2n loa\u0323i. \u01a0\u0309 \u0111\u00e2y ba\u0323n co\u0301 c\u01a1 h\u00f4\u0323i \u0111\u00ea\u0309 th\u00e2\u0323t s\u01b0\u0323 hi\u00ea\u0309u \u00f4ng \u00e2\u0301y, Marshall Vian Summers, ng\u01b0\u01a1\u0300i \u0111a\u0303 nh\u00e2\u0323n la\u0303nh h\u01a1n 9000 trang kha\u0309i huy\u00ea\u0300n cu\u0309a Th\u00f4ng \u0110i\u00ea\u0323p M\u01a1\u0301i t\u01b0\u0300 Chu\u0301a. <a href=\"https:\/\/www.newmessage.org\/vi\/the-message\/volume-1\/pure-religion\/the-voice-of-the-revelation\">Ti\u00ea\u0301ng No\u0301i cu\u0309a Kha\u0309i Huy\u00ea\u0300n<\/a> ti\u00ea\u0301p tu\u0323c no\u0301i th\u00f4ng qua S\u01b0\u0301 Gia\u0309 va\u0300 Ch\u01b0\u0303 Vi\u00ea\u0301t va\u0300 \u00c2m Thanh cu\u0309a s\u01b0\u0323 truy\u00ea\u0300n \u0111a\u0323t cu\u0309a Chu\u0301a \u0111ang \u0111\u01b0\u01a1\u0323c l\u0103\u0301ng nghe kh\u0103\u0301p th\u00ea\u0301 gi\u01a1\u0301i. Kha\u0309i Huy\u00ea\u0300n ti\u00ea\u0301p tu\u0323c cho \u0111\u00ea\u0301n nga\u0300y h\u00f4m nay.  <\/p>\n<p><em>Ng\u01b0\u01a1\u0300i S\u01b0\u0301 Gia\u0309 M\u01a1\u0301i<\/em> la\u0300 quy\u00ea\u0309n sa\u0301ch th\u01b0\u0301 ba trong <a href=\"https:\/\/www.newmessage.org\/vi\/the-message\/volume-1\/\">T\u00e2\u0323p 1<\/a> cu\u0309a Th\u00f4ng \u0110i\u00ea\u0323p M\u01a1\u0301i t\u01b0\u0300 Chu\u0301a.<\/p>\n<p style=\"text-align: left\"><div class=\"toggle toggle-white\"><h4 class=\"trigger \"><span class=\"t_ico\"><\/span><a href=\"#\">Ho\u0323c th\u00eam...<\/a><\/h4><div class=\"toggle_container \"><br \/>\n<div data-post-id='24520' class='insert-page insert-page-24520 '><\/div><br \/>\n<\/div><\/div>\n<div class=\"background-color-bridesmaid padding-20\">\n<h2 style=\"text-align: left\"><span style=\"color: #525252\"> Mu\u0323c lu\u0323c<\/span><\/h2>\n<p>Ch\u01b0\u01a1ng 1: <a href=\"https:\/\/www.newmessage.org\/vi\/the-message\/volume-1\/the-new-messenger\/the-will-of-heaven\/\">Y\u0301 Mu\u00f4\u0301n cu\u0309a Thi\u00ean \u0110a\u0300ng<\/a><br \/>\nCh\u01b0\u01a1ng 2: <a href=\"https:\/\/www.newmessage.org\/vi\/the-message\/volume-1\/the-new-messenger\/origin-of-the-messenger\/\">C\u1ed9i Ngu\u1ed3n c\u1ee7a S\u1ee9 Gi\u1ea3<\/a><br \/>\nCh\u01b0\u01a1ng 3: <a href=\"https:\/\/www.newmessage.org\/vi\/the-message\/volume-1\/the-new-messenger\/lineage-messenger\/\">Do\u0300ng Do\u0303i cu\u0309a S\u01b0\u0301 Gia\u0309<\/a><br \/>\nCh\u01b0\u01a1ng 4: <a href=\"https:\/\/www.newmessage.org\/vi\/the-message\/volume-1\/the-new-messenger\/the-story-of-the-messenger\/\">C\u00e2u chuy\u00ea\u0323n v\u1ec1 S\u01b0\u0301 Gia\u0309<\/a><br \/>\nCh\u01b0\u01a1ng 5: <a href=\"https:\/\/www.newmessage.org\/vi\/the-message\/volume-1\/the-new-messenger\/the-requirements-of-the-messenger\/\">Nh\u01b0\u0303ng \u0110i\u00ea\u0300u Ki\u00ea\u0323n cho S\u01b0\u0301 Gia\u0309<\/a><br \/>\nCh\u01b0\u01a1ng 6: <a href=\"https:\/\/www.newmessage.org\/vi\/the-message\/volume-1\/the-new-messenger\/the-veil-of-the-messenger\/\">T\u00e2\u0301m Ma\u0300n Che cu\u0309a S\u01b0\u0301 Gia\u0309<\/a><br \/>\nCh\u01b0\u01a1ng 7: <a href=\"https:\/\/www.newmessage.org\/vi\/the-message\/volume-1\/the-new-messenger\/understanding-the-new-messenger\/\">Hi\u1ec3u V\u1ec1 S\u1ee9 Gi\u1ea3 M\u1edbi<\/a><br \/>\nCh\u01b0\u01a1ng 8: <a href=\"https:\/\/www.newmessage.org\/vi\/the-message\/volume-1\/the-new-messenger\/facing-light-revelation\/\">\u0110\u00f4\u0301i M\u0103\u0323t v\u01a1\u0301i A\u0301nh Sa\u0301ng cu\u0309a Kha\u0309i Huy\u00ea\u0300n<\/a><br \/>\nCh\u01b0\u01a1ng 9: <a href=\"https:\/\/www.newmessage.org\/vi\/the-message\/volume-1\/the-new-messenger\/the-journey-of-the-messenger\/\">H\u00e0nh Tr\u00ecnh c\u1ee7a S\u1ee9 Gi\u1ea3<\/a><br \/>\nCh\u01b0\u01a1ng 10: <a href=\"https:\/\/www.newmessage.org\/vi\/the-message\/volume-1\/the-new-messenger\/the-prophet\/\">Nh\u00e0 Ti\u00ean Tri<\/a><br \/>\nCh\u01b0\u01a1ng 11: <a href=\"https:\/\/www.newmessage.org\/vi\/the-message\/volume-1\/the-new-messenger\/the-consequence-of-revelation\/\">H\u1ec7 Qu\u1ea3 c\u1ee7a Kh\u1ea3i Huy\u1ec1n<\/a><br \/>\nCh\u01b0\u01a1ng 12: <a href=\"https:\/\/www.newmessage.org\/vi\/the-message\/volume-1\/the-new-messenger\/the-messengers-calling\/\">Ti\u1ebfng G\u1ecdi c\u1ee7a S\u1ee9 Gi\u1ea3<\/a><br \/>\nCh\u01b0\u01a1ng 13: <a href=\"https:\/\/www.newmessage.org\/vi\/the-message\/volume-1\/the-new-messenger\/walking-with-the-messenger\/\">\u0110\u1ed3ng H\u00e0nh c\u00f9ng S\u1ee9 Gi\u1ea3<\/a>\n<\/div>\n","protected":false},"excerpt":{"rendered":"<p>Ng\u01b0\u01a1\u0300i S\u01b0\u0301 Gia\u0309 M\u01a1\u0301i la\u0300 m\u00f4\u0323t quy\u00ea\u0309n sa\u0301ch kha\u0309i huy\u00ea\u0300n v\u00ea\u0300 ngu\u00f4\u0300n g\u00f4\u0301c, do\u0300ng do\u0303i va\u0300 s\u01b0\u0301 m\u00ea\u0323nh cu\u0309a Nh\u01b0\u0303ng S\u01b0\u0301 Gia\u0309 cu\u0309a Chu\u0301a ng\u01b0\u01a1\u0300i ma\u0300, va\u0300o nh\u01b0\u0303ng th\u01a1\u0300i \u0111a\u0323i kha\u0301c nhau trong li\u0323ch s\u01b0\u0309 loa\u0300i ng\u01b0\u01a1\u0300i, \u0111a\u0303 va\u0300o trong th\u00ea\u0301 gi\u01a1\u0301i \u0111\u00ea\u0309 nh\u00e2\u0323n la\u0303nh va\u0300 tri\u0300nh ba\u0300y nh\u01b0\u0303ng T\u00e2n Kha\u0309i Huy\u00ea\u0300n cho nh\u00e2n loa\u0323i.\u2026 <a class=\"read-more\" href=\"https:\/\/www.v6.newmessage.org\/vi\/the-message\/volume-1\/the-new-messenger\/\"><span>Read More<\/span><\/a><\/p>\n","protected":false},"author":1,"featured_media":0,"parent":16287,"menu_order":6,"comment_status":"closed","ping_status":"closed","template":"template-leftsidebar.php","meta":{"_monsterinsights_skip_tracking":false,"_monsterinsights_sitenote_active":false,"_monsterinsights_sitenote_note":"","_monsterinsights_sitenote_category":0,"footnotes":""},"categories":[465,460],"tags":[735,736,606],"_links":{"self":[{"href":"https:\/\/www.v6.newmessage.org\/vi\/wp-json\/wp\/v2\/pages\/16489"}],"collection":[{"href":"https:\/\/www.v6.newmessage.org\/vi\/wp-json\/wp\/v2\/pages"}],"about":[{"href":"https:\/\/www.v6.newmessage.org\/vi\/wp-json\/wp\/v2\/types\/page"}],"author":[{"embeddable":true,"href":"https:\/\/www.v6.newmessage.org\/vi\/wp-json\/wp\/v2\/users\/1"}],"replies":[{"embeddable":true,"href":"https:\/\/www.v6.newmessage.org\/vi\/wp-json\/wp\/v2\/comments?post=16489"}],"version-history":[{"count":51,"href":"https:\/\/www.v6.newmessage.org\/vi\/wp-json\/wp\/v2\/pages\/16489\/revisions"}],"predecessor-version":[{"id":29301,"href":"https:\/\/www.v6.newmessage.org\/vi\/wp-json\/wp\/v2\/pages\/16489\/revisions\/29301"}],"up":[{"embeddable":true,"href":"https:\/\/www.v6.newmessage.org\/vi\/wp-json\/wp\/v2\/pages\/16287"}],"wp:attachment":[{"href":"https:\/\/www.v6.newmessage.org\/vi\/wp-json\/wp\/v2\/media?parent=16489"}],"wp:term":[{"taxonomy":"category","embeddable":true,"href":"https:\/\/www.v6.newmessage.org\/vi\/wp-json\/wp\/v2\/categories?post=16489"},{"taxonomy":"post_tag","embeddable":true,"href":"https:\/\/www.v6.newmessage.org\/vi\/wp-json\/wp\/v2\/tags?post=16489"}],"curies":[{"name":"wp","href":"https:\/\/api.w.org\/{rel}","templated":true}]}}