{"id":16486,"date":"2014-10-29T23:48:58","date_gmt":"2014-10-29T23:48:58","guid":{"rendered":"http:\/\/www.newmessage.org\/?page_id=16486"},"modified":"2023-05-30T00:25:26","modified_gmt":"2023-05-30T00:25:26","slug":"greater-community","status":"publish","type":"page","link":"https:\/\/www.v6.newmessage.org\/vi\/the-message\/volume-1\/greater-community\/","title":{"rendered":"C\u00f4\u0323ng \u0110\u00f4\u0300ng Vi\u0303 \u0110a\u0323i"},"content":{"rendered":"<p><img loading=\"lazy\" decoding=\"async\" class=\"alignright wp-image-32642\" src=\"https:\/\/www.newmessage.org\/wp-content\/uploads\/2014\/10\/The-Greater-Community-UFOs-Alien-Contact-400x600.png\" alt=\"\" width=\"225\" height=\"338\" \/><\/p>\n<p>Th\u00ea\u0301 gi\u01a1\u0301i cu\u0309a chu\u0301ng ta \u0111ang tr\u00f4\u0303i va\u0300o m\u00f4\u0323t C\u00f4\u0323ng \u0110\u00f4\u0300ng Vi\u0303 \u0110a\u0323i cu\u0309a s\u01b0\u0323 s\u00f4\u0301ng th\u00f4ng minh trong vu\u0303 tru\u0323. Nh\u00e2n loa\u0323i \u0111ang tr\u00f4\u0303i va\u0300o m\u00f4\u0323t C\u00f4\u0323ng \u0110\u00f4\u0300ng Vi\u0303 \u0110a\u0323i cu\u0309a nh\u01b0\u0303ng th\u00ea\u0301 gi\u01a1\u0301i. S\u01b0\u0323 cha\u0323m tra\u0301n \u0111a\u0303 b\u0103\u0301t \u0111\u00e2\u0300u va\u0300 s\u01b0\u0323 c\u00f4 l\u00e2\u0323p cu\u0309a chu\u0301ng ta trong vu\u0303 tru\u0323 \u0111a\u0303 h\u00ea\u0301t. \u0110\u00e2y la\u0300 s\u01b0\u0323 ki\u00ea\u0323n vi\u0303 \u0111a\u0323i nh\u00e2\u0301t trong li\u0323ch s\u01b0\u0309 loa\u0300i ng\u01b0\u01a1\u0300i, nh\u01b0ng chu\u0301ng ta ch\u01b0a nh\u00e2\u0323n bi\u00ea\u0301t va\u0300 ch\u01b0a chu\u00e2\u0309n bi\u0323.<\/p>\n<p>Nh\u00e2n loa\u0323i \u0111a\u0303 \u0111a\u0323t t\u01a1\u0301i m\u00f4\u0323t m\u01b0\u0301c \u0111\u00f4\u0323 nguy c\u00e2\u0301p trong qua\u0301 tri\u0300nh ti\u00ea\u0301n hoa\u0301 cu\u0309a no\u0301, m\u00f4\u0323t th\u01a1\u0300i \u0111i\u00ea\u0309m cu\u0309a s\u01b0\u0323 h\u00f4\u0323i tu\u0323 khi nh\u01b0\u0303ng th\u00ea\u0301 l\u01b0\u0323c kh\u00f4\u0309ng l\u00f4\u0300 v\u00ea\u0300 chi\u0301nh tri\u0323, xa\u0303 h\u00f4\u0323i va\u0300 m\u00f4i tr\u01b0\u01a1\u0300ng \u0111ang va cha\u0323m v\u01a1\u0301i th\u01b0\u0323c t\u00ea\u0301 co\u0301 th\u00ea\u0309 thay \u0111\u00f4\u0309i th\u00ea\u0301 gi\u01a1\u0301i v\u00ea\u0300 s\u01b0\u0323 cha\u0323m tra\u0301n v\u01a1\u0301i ng\u01b0\u01a1\u0300i ngoa\u0300i ha\u0300nh tinh.<\/p>\n<p><em>C\u00f4\u0323ng \u0110\u00f4\u0300ng Vi\u0303 \u0110a\u0323i<\/em> tri\u0300nh ba\u0300y m\u00f4\u0323t nho\u0301m nh\u01b0\u0303ng gia\u0301o hu\u00e2\u0301n co\u0301 ti\u0301nh ca\u0301ch ma\u0323ng \u0111\u00ea\u0309 chu\u00e2\u0309n bi\u0323 con ng\u01b0\u01a1\u0300i kh\u0103\u0301p n\u01a1i cho s\u01b0\u0323 \u0111\u00f4\u0309i thay vi\u0303 \u0111a\u0323i \u0111ang di\u00ea\u0303n ra ngay lu\u0301c na\u0300y, va\u0300 \u0111\u00ea\u0309 trao t\u0103\u0323ng s\u01b0\u0323 th\u00e2\u0323t ro\u0303 ra\u0300ng va\u0300 kh\u00f4ng bi\u0323 sai la\u0323c v\u00ea\u0300 th\u01b0\u0323c t\u00ea\u0301 cu\u0309a s\u01b0\u0323 cha\u0323m tra\u0301n \u0111ang di\u00ea\u0303n ra trong th\u00ea\u0301 gi\u01a1\u0301i nga\u0300y h\u00f4m nay.<\/p>\n<p><em>C\u00f4\u0323ng \u0110\u00f4\u0300ng Vi\u0303 \u0110a\u0323i<\/em> ti\u00ea\u0301t l\u00f4\u0323:<br \/>\n&#8211; Ai \u0111ang vi\u00ea\u0301ng th\u0103m th\u00ea\u0301 gi\u01a1\u0301i chu\u0301ng ta, ta\u0323i sao ho\u0323 \u01a1\u0309 \u0111\u00e2y va\u0300 ho\u0323 mu\u00f4\u0301n gi\u0300<br \/>\n&#8211; Ch\u01b0\u01a1ng tri\u0300nh cu\u0309a ng\u01b0\u01a1\u0300i ngoa\u0300i ha\u0300nh tinh \u0111ang di\u00ea\u0303n ra trong th\u00ea\u0301 gi\u01a1\u0301i va\u0300 no\u0301 \u0111ang a\u0309nh h\u01b0\u01a1\u0309ng con ng\u01b0\u01a1\u0300i kh\u0103\u0301p n\u01a1i nh\u01b0 th\u00ea\u0301 na\u0300o<br \/>\n&#8211; Nh\u01b0\u0303ng \u0111\u00f4\u0300ng minh th\u00e2\u0323t s\u01b0\u0323 cu\u0309a nh\u00e2n loa\u0323i la\u0300 ai va\u0300 ho\u0323 kha\u0301c v\u01a1\u0301i nh\u01b0\u0303ng th\u00ea\u0301 l\u01b0\u0323c \u0111ang can thi\u00ea\u0323p va\u0300o th\u00ea\u0301 gi\u01a1\u0301i chu\u0301ng ta nh\u01b0 th\u00ea\u0301 na\u0300o<br \/>\n&#8211; M\u00f4\u0301i quan h\u00ea\u0323 gi\u01b0\u0303a tha\u0301nh linh c\u00f4\u0301t lo\u0303i cu\u0309a chu\u0301ng ta va\u0300 s\u01b0\u0323 cha\u0323m tra\u0301n v\u01a1\u0301i nh\u01b0\u0303ng hi\u0300nh th\u00ea\u0309 kha\u0301c cu\u0309a s\u01b0\u0323 s\u00f4\u0301ng th\u00f4ng minh<br \/>\n&#8211; La\u0300m sao \u0111\u00ea\u0309 chu\u00e2\u0309n bi\u0323 cho th\u01b0\u0323c t\u00ea\u0301 cu\u0309a s\u01b0\u0323 cha\u0323m tra\u0301n b\u0103\u0300ng ca\u0301ch s\u01b0\u0309 du\u0323ng quy\u00ea\u0300n l\u01b0\u0323c b\u00e2\u0309m sinh cu\u0309a Tri Th\u01b0\u0301c \u0111ang s\u00f4\u0301ng b\u00ean trong chu\u0301ng ta.<\/p>\n<p>S\u01b0\u0323 cha\u0323m tra\u0301n v\u01a1\u0301i s\u01b0\u0323 s\u00f4\u0301ng th\u00f4ng minh trong vu\u0303 tru\u0323 la\u0300 m\u00f4\u0323t s\u01b0\u0323 ki\u00ea\u0323n th\u00ea\u0301 gi\u01a1\u0301i kh\u00f4ng nh\u01b0 b\u00e2\u0301t ky\u0300 vi\u00ea\u0323c na\u0300o kha\u0301c. No\u0301 la\u0300 b\u01b0\u01a1\u0301c vi\u0303 \u0111a\u0323i k\u00ea\u0301 ti\u00ea\u0301p trong s\u01b0\u0323 pha\u0301t tri\u00ea\u0309n va\u0300 qua\u0301 tri\u0300nh ti\u00ea\u0301n ho\u0301a cu\u0309a gia \u0111i\u0300nh loa\u0300i ng\u01b0\u01a1\u0300i. No\u0301 la\u0300 kh\u00f4ng th\u00ea\u0309 ng\u0103n ca\u0309n \u0111\u01b0\u01a1\u0323c. No\u0301 la\u0300 ch\u0103\u0301c ch\u0103\u0301n xa\u0309y ra. No\u0301 \u0111ang xa\u0309y ra ngay lu\u0301c na\u0300y. Va\u0300 co\u0301 nhi\u00ea\u0300u ng\u01b0\u01a1\u0300i kh\u0103\u0301p th\u00ea\u0301 gi\u01a1\u0301i bi\u00ea\u0301t \u0111i\u00ea\u0300u na\u0300y la\u0300 s\u01b0\u0323 th\u00e2\u0323t \u2013 r\u0103\u0300ng s\u01b0\u0323 s\u00f4\u0301ng ngoa\u0300i ha\u0300nh tinh la\u0300 th\u01b0\u0323c t\u00ea\u0301 va\u0300 r\u0103\u0300ng chu\u0301ng ta kh\u00f4ng pha\u0309i m\u00f4\u0323t mi\u0300nh trong vu\u0303 tru\u0323, hay ngay ca\u0309 trong th\u00ea\u0301 gi\u01a1\u0301i ri\u00eang cu\u0309a chu\u0301ng ta.<\/p>\n<p>Quy\u00ea\u0309n sa\u0301ch na\u0300y \u01a1\u0309 \u0111\u00e2y la\u0300 \u0111\u00ea\u0309 trao cho ba\u0323n m\u00f4\u0323t b\u01b0\u0301c tranh hoa\u0300n thi\u00ea\u0323n va\u0300 m\u00f4\u0323t quan \u0111i\u00ea\u0309m r\u00f4\u0323ng h\u01a1n v\u00ea\u0300 ti\u0300nh tra\u0323ng cu\u0309a th\u00ea\u0301 gi\u01a1\u0301i chu\u0301ng ta, th\u01b0\u0323c t\u00ea\u0301 cu\u0309a s\u01b0\u0323 cha\u0323m tra\u0301n va\u0300 y\u0301 nghi\u0303a l\u01a1\u0301n lao h\u01a1n cu\u0309a cu\u00f4\u0323c s\u00f4\u0301ng cu\u0309a ba\u0323n \u01a1\u0309 b\u01b0\u01a1\u0301c ngo\u0103\u0323c nguy c\u00e2\u0301p na\u0300y trong li\u0323ch s\u01b0\u0309. Nh\u01b0\u0303ng kha\u0309i huy\u00ea\u0300n \u0111\u01b0\u01a1\u0323c tri\u0300nh ba\u0300y \u01a1\u0309 \u0111\u00e2y \u0111a\u0303 \u0111\u01b0\u01a1\u0323c bi\u00ean soa\u0323n tha\u0300nh quy\u00ea\u0309n sa\u0301ch na\u0300y b\u01a1\u0309i S\u01b0\u0301 Gia\u0309 <a href=\"https:\/\/www.newmessage.org\/vi\/who-is-marshall-vian-summers\/\">Marshall Vian Summers<\/a>. Kha\u0309i huy\u00ea\u0300n va\u0300 l\u01a1\u0300i ti\u00ean tri kha\u0301c v\u00ea\u0300 C\u00f4\u0323ng \u0110\u00f4\u0300ng Vi\u0303 \u0110a\u0323i \u0111\u01b0\u01a1\u0323c tri\u0300nh ba\u0300y trong quy\u00ea\u0309n sa\u0301ch <a href=\"https:\/\/www.newmessage.org\/vi\/the-message\/volume-4\/life-universe\/\">S\u01b0\u0323 S\u00f4\u0301ng trong Vu\u0303 Tru\u0323<\/a> va\u0300 trong nhi\u00ea\u0300u ba\u0300i vi\u00ea\u0301t kha\u0301c xuy\u00ean su\u00f4\u0301t Th\u00f4ng \u0110i\u00ea\u0323p M\u01a1\u0301i.<\/p>\n<p><em>C\u00f4\u0323ng \u0110\u00f4\u0300ng Vi\u0303 \u0110a\u0323i<\/em> la\u0300 quy\u00ea\u0309n sa\u0301ch th\u01b0\u0301 t\u01b0 trong <a href=\"https:\/\/www.newmessage.org\/vi\/the-message\/volume-1\/\">T\u00e2\u0323p 1<\/a> cu\u0309a Th\u00f4ng \u0110i\u00ea\u0323p M\u01a1\u0301i t\u01b0\u0300 Chu\u0301a.<\/p>\n<p style=\"text-align: left;\"><div class=\"toggle toggle-white\"><h4 class=\"trigger \"><span class=\"t_ico\"><\/span><a href=\"#\">Ho\u0323c th\u00eam...<\/a><\/h4><div class=\"toggle_container \"><br \/>\n<div data-post-id='24520' class='insert-page insert-page-24520 '><\/div><br \/>\n<\/div><\/div>\n<div class=\"background-color-bridesmaid padding-20\">\n<h2 style=\"text-align: left;\"><span style=\"color: #525252;\">Mu\u0323c lu\u0323c<\/span><\/h2>\n<p>Gi\u01a1\u0301i thi\u00ea\u0323u<\/p>\n<p>Ch\u01b0\u01a1ng 1: <a href=\"https:\/\/www.newmessage.org\/vi\/the-message\/volume-1\/greater-community\/ humanitys-emergence-into-the-greater-community\">S\u01b0\u0323 Tr\u00f4\u0303i L\u00ean cu\u0309a Nh\u00e2n Loa\u0323i va\u0300o C\u00f4\u0323ng \u0110\u00f4\u0300ng Vi\u0303 \u0110a\u0323i<\/a><br \/>\nCh\u01b0\u01a1ng 2: <a href=\"https:\/\/www.newmessage.org\/vi\/the-message\/volume-1\/greater-community\/contact-with-intelligent-life-in-the-universe\/\">Vi\u1ec7c Ti\u1ebfp X\u00fac v\u1edbi S\u1ef1 S\u1ed1ng Th\u00f4ng Minh trong V\u0169 Tr\u1ee5<\/a><br \/>\nCh\u01b0\u01a1ng 3: <a href=\"https:\/\/www.newmessage.org\/vi\/the-message\/volume-1\/greater-community\/facing-the-greater-community\/\">\u0110\u1ed1i M\u1eb7t V\u1edbi C\u1ed9ng \u0110\u1ed3ng V\u0129 \u0110\u1ea1i<\/a><br \/>\nCh\u01b0\u01a1ng 4: <a href=\"https:\/\/www.newmessage.org\/vi\/the-message\/volume-1\/greater-community\/entering-the-greater-community\/\">Ti\u00ea\u0301n va\u0300o C\u00f4\u0323ng \u0110\u00f4\u0300ng Vi\u0303 \u0110a\u0323i<\/a><br \/>\nCh\u01b0\u01a1ng 5: <a href=\"https:\/\/www.newmessage.org\/vi\/the-message\/volume-1\/greater-community\/who-are-the-allies-of-humanity\/\">Ai la\u0300 \u0110\u00f4\u0300ng Minh cu\u0309a Nh\u00e2n Loa\u0323i?<\/a><br \/>\nCh\u01b0\u01a1ng 6: <a href=\"https:\/\/www.newmessage.org\/vi\/the-message\/volume-1\/greater-community\/the-enemies-of-humanity\/\">Ke\u0309 Thu\u0300 cu\u0309a Nh\u00e2n Loa\u0323i<\/a><br \/>\nCh\u01b0\u01a1ng 7: <a href=\"https:\/\/www.newmessage.org\/vi\/the-message\/volume-1\/greater-community\/humanitys-destiny-in-the-greater-community\/\">\u0110i\u0323nh M\u00ea\u0323nh cu\u0309a Nh\u00e2n Loa\u0323i trong C\u00f4\u0323ng \u0110\u00f4\u0300ng Vi\u0303 \u0110a\u0323i<\/a><br \/>\nCh\u01b0\u01a1ng 8: <a href=\"https:\/\/www.newmessage.org\/vi\/the-message\/volume-1\/greater-community\/preparing-for-the-greater-community\/\">Chu\u00e2\u0309n Bi\u0323 cho C\u00f4\u0323ng \u0110\u00f4\u0300ng Vi\u0303 \u0110a\u0323i<\/a><br \/>\nCh\u01b0\u01a1ng 9: <a href=\"https:\/\/www.newmessage.org\/vi\/the-message\/volume-1\/greater-community\/protecting-the-world\/\">B\u1ea3o V\u1ec7 Th\u1ebf Gi\u1edbi<\/a><br \/>\nCh\u01b0\u01a1ng 10: <a href=\"https:\/\/www.newmessage.org\/vi\/the-message\/volume-1\/greater-community\/the-importance-of-the-greater-community\/\">T\u1ea7m Quan Tr\u1ecdng c\u1ee7a C\u1ed9ng \u0110\u1ed3ng V\u0129 \u0110\u1ea1i<\/a><br \/>\nCh\u01b0\u01a1ng 11: <a href=\"https:\/\/www.newmessage.org\/vi\/the-message\/volume-1\/greater-community\/the-new-revelation\/\">T\u00e2n Kh\u1ea3i Huy\u1ec1n<\/a><\/p>\n<\/div>\n","protected":false},"excerpt":{"rendered":"<p>Th\u00ea\u0301 gi\u01a1\u0301i cu\u0309a chu\u0301ng ta \u0111ang tr\u00f4\u0303i va\u0300o m\u00f4\u0323t C\u00f4\u0323ng \u0110\u00f4\u0300ng Vi\u0303 \u0110a\u0323i cu\u0309a s\u01b0\u0323 s\u00f4\u0301ng th\u00f4ng minh trong vu\u0303 tru\u0323. Nh\u00e2n loa\u0323i \u0111ang tr\u00f4\u0303i va\u0300o m\u00f4\u0323t C\u00f4\u0323ng \u0110\u00f4\u0300ng Vi\u0303 \u0110a\u0323i cu\u0309a nh\u01b0\u0303ng th\u00ea\u0301 gi\u01a1\u0301i. S\u01b0\u0323 cha\u0323m tra\u0301n \u0111a\u0303 b\u0103\u0301t \u0111\u00e2\u0300u va\u0300 s\u01b0\u0323 c\u00f4 l\u00e2\u0323p cu\u0309a chu\u0301ng ta trong vu\u0303 tru\u0323 \u0111a\u0303 h\u00ea\u0301t. \u0110\u00e2y la\u0300\u2026 <a class=\"read-more\" href=\"https:\/\/www.v6.newmessage.org\/vi\/the-message\/volume-1\/greater-community\/\"><span>Read More<\/span><\/a><\/p>\n","protected":false},"author":1,"featured_media":0,"parent":16287,"menu_order":0,"comment_status":"closed","ping_status":"closed","template":"template-leftsidebar.php","meta":{"_monsterinsights_skip_tracking":false,"_monsterinsights_sitenote_active":false,"_monsterinsights_sitenote_note":"","_monsterinsights_sitenote_category":0,"footnotes":""},"categories":[110,464,460],"tags":[727,616,599],"_links":{"self":[{"href":"https:\/\/www.v6.newmessage.org\/vi\/wp-json\/wp\/v2\/pages\/16486"}],"collection":[{"href":"https:\/\/www.v6.newmessage.org\/vi\/wp-json\/wp\/v2\/pages"}],"about":[{"href":"https:\/\/www.v6.newmessage.org\/vi\/wp-json\/wp\/v2\/types\/page"}],"author":[{"embeddable":true,"href":"https:\/\/www.v6.newmessage.org\/vi\/wp-json\/wp\/v2\/users\/1"}],"replies":[{"embeddable":true,"href":"https:\/\/www.v6.newmessage.org\/vi\/wp-json\/wp\/v2\/comments?post=16486"}],"version-history":[{"count":55,"href":"https:\/\/www.v6.newmessage.org\/vi\/wp-json\/wp\/v2\/pages\/16486\/revisions"}],"predecessor-version":[{"id":29201,"href":"https:\/\/www.v6.newmessage.org\/vi\/wp-json\/wp\/v2\/pages\/16486\/revisions\/29201"}],"up":[{"embeddable":true,"href":"https:\/\/www.v6.newmessage.org\/vi\/wp-json\/wp\/v2\/pages\/16287"}],"wp:attachment":[{"href":"https:\/\/www.v6.newmessage.org\/vi\/wp-json\/wp\/v2\/media?parent=16486"}],"wp:term":[{"taxonomy":"category","embeddable":true,"href":"https:\/\/www.v6.newmessage.org\/vi\/wp-json\/wp\/v2\/categories?post=16486"},{"taxonomy":"post_tag","embeddable":true,"href":"https:\/\/www.v6.newmessage.org\/vi\/wp-json\/wp\/v2\/tags?post=16486"}],"curies":[{"name":"wp","href":"https:\/\/api.w.org\/{rel}","templated":true}]}}