{"id":16482,"date":"2014-10-29T23:47:55","date_gmt":"2014-10-29T23:47:55","guid":{"rendered":"http:\/\/www.newmessage.org\/?page_id=16482"},"modified":"2023-05-23T04:34:54","modified_gmt":"2023-05-23T04:34:54","slug":"new-world","status":"publish","type":"page","link":"https:\/\/www.v6.newmessage.org\/vi\/the-message\/volume-1\/new-world\/","title":{"rendered":"Th\u00ea\u0301 Gi\u01a1\u0301i M\u01a1\u0301i"},"content":{"rendered":"<div id=\"attachment_23183\" style=\"width: 241px\" class=\"wp-caption alignright\"><img loading=\"lazy\" decoding=\"async\" aria-describedby=\"caption-attachment-23183\" class=\"imgborder\" src=\"\/wp-content\/uploads\/2014\/10\/the-new-world-205x300.jpg\" alt=\"The New World\" width=\"231\" height=\"339\" \/><p id=\"caption-attachment-23183\" class=\"wp-caption-text\"><\/p>\n<p><\/p><\/div>\n<p><em>Th\u00ea\u0301 Gi\u01a1\u0301i M\u01a1\u0301i<\/em> ti\u00ea\u0301t l\u00f4\u0323 m\u00f4\u0323t l\u01a1\u0300i ca\u0309nh ba\u0301o v\u00ea\u0300 s\u01b0\u0323 \u0111\u00f4\u0309i thay vi\u0303 \u0111a\u0323i \u0111ang ti\u00ea\u0301n \u0111\u00ea\u0301n th\u00ea\u0301 gi\u01a1\u0301i cu\u0309a chu\u0301ng ta va\u0300 m\u00f4\u0323t ca\u0301i nhi\u0300n ti\u00ean tri v\u00ea\u0300 m\u00f4\u0323t th\u00ea\u0301 gi\u01a1\u0301i t\u01b0\u01a1ng lai ma\u0300 chu\u0301ng ta pha\u0309i chu\u00e2\u0309n bi\u0323.<\/p>\n<p><em>Th\u00ea\u0301 Gi\u01a1\u0301i M\u01a1\u0301i<\/em> la\u0300 m\u00f4\u0323t l\u01a1\u0300i ca\u0309nh ba\u0301o t\u01b0\u0300 Chu\u0301a v\u00ea\u0300 vi\u00ea\u0323c la\u0300m ca\u0323n ki\u00ea\u0323t va\u0300 suy thoa\u0301i nhanh Tra\u0301i \u0110\u00e2\u0301t, khi\u0301 h\u00e2\u0323u cu\u0309a no\u0301 va\u0300 m\u00f4i tr\u01b0\u01a1\u0300ng cu\u0309a no\u0301, va\u0300 ha\u0300nh \u0111\u00f4\u0323ng kh\u00e2\u0309n c\u00e2\u0301p ma\u0300 chu\u0301ng ta pha\u0309i la\u0300m, m\u00f4\u0323t mi\u0300nh va\u0300 t\u00e2\u0323p th\u00ea\u0309, \u0111\u00ea\u0309 phu\u0323c h\u00f4\u0300i ha\u0300nh tinh cu\u0309a chu\u0301ng ta va\u0300 chu\u00e2\u0309n bi\u0323 cho m\u00f4\u0323t ti\u0300nh tra\u0323ng th\u00ea\u0301 gi\u01a1\u0301i m\u01a1\u0301i trong t\u01b0\u01a1ng lai.<\/p>\n<p>Quy\u00ea\u0309n sa\u0301ch na\u0300y ti\u00ea\u0301t l\u00f4\u0323 v\u00ea\u0300 ti\u0300nh tra\u0323ng nghi\u00eam tro\u0323ng cu\u0309a nh\u00e2n loa\u0323i va\u0300 nh\u01b0\u0303ng nguy\u00ean nh\u00e2n s\u00e2u xa h\u01a1n cu\u0309a bi ki\u0323ch toa\u0300n c\u00e2\u0300u v\u00ea\u0300 s\u01b0\u0323 m\u00e2u thu\u00e2\u0303n, nghe\u0300o \u0111o\u0301i va\u0300 s\u01b0\u0323 a\u0301p b\u01b0\u0301c \u0111ang lan r\u00f4\u0323ng kh\u0103\u0301p th\u00ea\u0301 gi\u01a1\u0301i. V\u01a1\u0301i \u0111i\u00ea\u0300u na\u0300y, no\u0301 tri\u0300nh ba\u0300y K\u00ea\u0301 Hoa\u0323ch cu\u0309a Chu\u0301a cho th\u00ea\u0301 gi\u01a1\u0301i va\u0300 \u0111i\u00ea\u0300u co\u0301 th\u00ea\u0309 gia\u0309i c\u01b0\u0301u nh\u00e2n loa\u0323i khi no\u0301 \u0111\u00f4\u0301i m\u0103\u0323t v\u01a1\u0301i nh\u01b0\u0303ng th\u01b0\u0309 tha\u0301ch to l\u01a1\u0301n nh\u00e2\u0301t cu\u0309a no\u0301 trong t\u01b0\u01a1ng lai.<\/p>\n<p><em>Th\u00ea\u0301 Gi\u01a1\u0301i M\u01a1\u0301i<\/em> la\u0300 ba\u0300i m\u01a1\u0309 \u0111\u00e2\u0300u ti\u00ean \u0111oa\u0301n cho <a href=\"https:\/\/www.newmessage.org\/vi\/the-message\/volume-4\/great-waves-change\">Nh\u01b0\u0303ng \u0110\u01a1\u0323t So\u0301ng Vi\u0303 \u0110a\u0323i cu\u0309a \u0110\u00f4\u0309i Thay<\/a>, quy\u00ea\u0309n sa\u0301ch m\u00f4 ta\u0309 chi ti\u00ea\u0301t h\u01a1n nh\u01b0\u0303ng th\u01b0\u0309 tha\u0301ch m\u00f4\u0303i ca\u0301 nh\u00e2n chu\u0301ng ta se\u0303 \u0111\u00f4\u0301i m\u0103\u0323t va\u0300 con \u0111\u01b0\u01a1\u0300ng cu\u0309a s\u01b0\u0323 chu\u00e2\u0309n bi\u0323 b\u00ean trong va\u0300 b\u00ean ngoa\u0300i cho t\u01b0\u0300ng ng\u01b0\u01a1\u0300i co\u0301 ngay b\u00e2y gi\u01a1\u0300 th\u00f4ng qua Th\u00f4ng \u0110i\u00ea\u0323p M\u01a1\u0301i.<\/p>\n<p>M\u00f4\u0303i ch\u01b0\u01a1ng cu\u0309a <em>Th\u00ea\u0301 Gi\u01a1\u0301i M\u01a1\u0301i<\/em> la\u0300 m\u00f4\u0323t kha\u0309i huy\u00ea\u0300n \u0111\u01b0\u01a1\u0323c trao ban t\u01b0\u0300 C\u00f4\u0323i Ngu\u00f4\u0300n, \u0111\u01b0\u01a1\u0323c bi\u00ean soa\u0323n tha\u0300nh ba\u0300i vi\u00ea\u0301t na\u0300y b\u01a1\u0309i S\u01b0\u0301 Gia\u0309, <a href=\"https:\/\/www.newmessage.org\/vi\/who-is-marshall-vian-summers\/\">Marshall Vian Summers<\/a>. Nhi\u00ea\u0300u ch\u01b0\u01a1ng trong <em>Th\u00ea\u0301 Gi\u01a1\u0301i M\u01a1\u0301i<\/em> \u0111a\u0303 \u0111\u01b0\u01a1\u0323c nh\u00e2\u0323n la\u0303nh \u01a1\u0309 nh\u01b0\u0303ng vu\u0300ng v\u01a1\u0301i s\u01b0\u0323 m\u00e2u thu\u00e2\u0303n va\u0300 b\u00e2\u0301t \u00f4\u0309n \u0111ang gia t\u0103ng, bao g\u00f4\u0300m Beirut, Aleppo va\u0300 Tehran.<\/p>\n<p><em>Th\u00ea\u0301 Gi\u01a1\u0301i M\u01a1\u0301i<\/em> la\u0300 quy\u00ea\u0309n sa\u0301ch th\u01b0\u0301 ba\u0309y trong <a href=\"https:\/\/www.newmessage.org\/vi\/the-message\/volume-1\/\">T\u00e2\u0323p 1<\/a> cu\u0309a Th\u00f4ng \u0110i\u00ea\u0323p M\u01a1\u0301i t\u01b0\u0300 Chu\u0301a.<\/p>\n<p style=\"text-align: left;\"><span style=\"color: #525252; line-height: 1.5;\"><div class=\"toggle toggle-white\"><h4 class=\"trigger \"><span class=\"t_ico\"><\/span><a href=\"#\">Ho\u0323c th\u00eam\u2026<\/a><\/h4><div class=\"toggle_container \"><br \/>\n<div data-post-id='24520' class='insert-page insert-page-24520 '><\/div><br \/>\n<\/div><\/div><\/span><\/p>\n<div class=\"background-color-bridesmaid padding-20\">\n<h2 style=\"text-align: left;\"><span style=\"color: #525252;\">Mu\u0323c lu\u0323c<\/span><\/h2>\n<p>Introduction<\/p>\n<p>Ch\u01b0\u01a1ng 1: <a href=\"https:\/\/www.newmessage.org\/vi\/the-message\/volume-1\/new-world\/entering-the-new-world\/\">B\u01b0\u1edbc v\u00e0o Th\u1ebf Gi\u1edbi M\u1edbi<\/a><\/p>\n<p>Ch\u01b0\u01a1ng 2: <a href=\"https:\/\/www.newmessage.org\/vi\/the-message\/volume-1\/new-world\/the-great-warning\/\">L\u1eddi C\u1ea3nh B\u00e1o V\u0129 \u0110\u1ea1i<\/a><\/p>\n<p>Ch\u01b0\u01a1ng 3: <a href=\"https:\/\/www.newmessage.org\/vi\/the-message\/volume-1\/new-world\/global-emergency\/\">T\u00ecnh Tr\u1ea1ng Kh\u1ea9n C\u1ea5p To\u00e0n C\u1ea7u<\/a><\/p>\n<p>Ch\u01b0\u01a1ng 4: <a href=\"https:\/\/www.newmessage.org\/vi\/the-message\/volume-1\/new-world\/the-plight-of-humanity\/\">T\u00ecnh C\u1ea3nh Kh\u00f3 Kh\u0103n c\u1ee7a Nh\u00e2n Lo\u1ea1i<\/a><\/p>\n<p>Ch\u01b0\u01a1ng 5: <a href=\"https:\/\/www.newmessage.org\/vi\/the-message\/volume-1\/new-world\/the-race-to-save-human-civilization\/\">Cu\u00f4\u0323c Cha\u0323y \u0110ua \u0111\u00ea\u0309 C\u01b0\u0301u N\u00ea\u0300n V\u0103n Minh cu\u0309a Loa\u0300i Ng\u01b0\u01a1\u0300i<\/a><\/p>\n<p>Ch\u01b0\u01a1ng 6: <a href=\"https:\/\/www.newmessage.org\/vi\/the-message\/volume-1\/new-world\/standing-at-the-precipice\/\">\u0110\u1ee9ng B\u00ean B\u1edd V\u1ef1c Th\u1eb3m<\/a><\/p>\n<p>Ch\u01b0\u01a1ng 7: <a href=\"https:\/\/www.newmessage.org\/vi\/the-message\/volume-1\/new-world\/facing-planetary-instability\/\">\u0110\u1ed1i M\u1eb7t v\u1edbi S\u1ef1 B\u1ea5t \u1ed4n H\u00e0nh Tinh<\/a><\/p>\n<p>Ch\u01b0\u01a1ng 8: <a href=\"https:\/\/www.newmessage.org\/vi\/the-message\/volume-1\/new-world\/the-battleground\/\">Chi\u1ebfn Tr\u01b0\u1eddng<\/a><\/p>\n<p>Ch\u01b0\u01a1ng 9: <a href=\"https:\/\/www.newmessage.org\/vi\/the-message\/volume-1\/new-world\/building-global-security\/\">X\u00e2y D\u1ef1ng An Ninh To\u00e0n C\u1ea7u<\/a><\/p>\n<p>Ch\u01b0\u01a1ng 10: <a href=\"https:\/\/www.newmessage.org\/vi\/the-message\/volume-1\/new-world\/preventing-collapse-and-the-wars-of-desperation\/\">Ng\u0103n Ch\u1eb7n S\u1ef1 S\u1ee5p \u0110\u1ed5 v\u00e0 Chi\u1ebfn Tranh c\u1ee7a Tuy\u1ec7t V\u1ecdng<\/a><\/p>\n<p>Ch\u01b0\u01a1ng 11: <a href=\"https:\/\/www.newmessage.org\/vi\/the-message\/volume-1\/new-world\/the-great-transition\/\">S\u1ef1 Chuy\u1ec3n \u0110\u1ed5i V\u0129 \u0110\u1ea1i<\/a><\/p>\n<p>Ch\u01b0\u01a1ng 12: <a href=\"http:\/\/www.newmessage.org\/vi\/the-message\/volume-1\/new-world\/the-shock-of-the-future\/\">C\u00fa S\u1ed1c c\u1ee7a T\u01b0\u01a1ng Lai<\/a><\/p>\n<p>Ch\u01b0\u01a1ng 13: <a href=\"https:\/\/www.newmessage.org\/vi\/the-message\/volume-1\/new-world\/being-centered-in-a-crashing-world\/\">Tr\u1ee5 V\u1eefng Trong m\u1ed9t Th\u1ebf Gi\u1edbi \u0111ang S\u1ee5p \u0110\u1ed5<\/a><\/p>\n<p>Ch\u01b0\u01a1ng 14: <a href=\"https:\/\/www.newmessage.org\/vi\/the-message\/volume-1\/new-world\/resilience\/\">S\u1ef1 Ki\u00ean C\u01b0\u1eddng<\/a><\/p>\n<p>Ch\u01b0\u01a1ng 15: <a href=\"https:\/\/www.newmessage.org\/vi\/the-message\/volume-1\/new-world\/the-vision\/\">T\u1ea7m Nh\u00ecn<\/a><\/p>\n<p>Ch\u01b0\u01a1ng 16: <a href=\"https:\/\/www.newmessage.org\/vi\/the-message\/volume-1\/new-world\/the-future-of-humanity\/\">T\u01b0\u01a1ng Lai c\u1ee7a Nh\u00e2n Lo\u1ea1i<\/a><\/p>\n<\/div>\n","protected":false},"excerpt":{"rendered":"<p>Th\u00ea\u0301 Gi\u01a1\u0301i M\u01a1\u0301i ti\u00ea\u0301t l\u00f4\u0323 m\u00f4\u0323t l\u01a1\u0300i ca\u0309nh ba\u0301o v\u00ea\u0300 s\u01b0\u0323 \u0111\u00f4\u0309i thay vi\u0303 \u0111a\u0323i \u0111ang ti\u00ea\u0301n \u0111\u00ea\u0301n th\u00ea\u0301 gi\u01a1\u0301i cu\u0309a chu\u0301ng ta va\u0300 m\u00f4\u0323t ca\u0301i nhi\u0300n ti\u00ean tri v\u00ea\u0300 m\u00f4\u0323t th\u00ea\u0301 gi\u01a1\u0301i t\u01b0\u01a1ng lai ma\u0300 chu\u0301ng ta pha\u0309i chu\u00e2\u0309n bi\u0323. Th\u00ea\u0301 Gi\u01a1\u0301i M\u01a1\u0301i la\u0300 m\u00f4\u0323t l\u01a1\u0300i ca\u0309nh ba\u0301o t\u01b0\u0300 Chu\u0301a v\u00ea\u0300 vi\u00ea\u0323c la\u0300m ca\u0323n\u2026 <a class=\"read-more\" href=\"https:\/\/www.v6.newmessage.org\/vi\/the-message\/volume-1\/new-world\/\"><span>Read More<\/span><\/a><\/p>\n","protected":false},"author":1,"featured_media":0,"parent":16287,"menu_order":5,"comment_status":"closed","ping_status":"closed","template":"template-leftsidebar.php","meta":{"_monsterinsights_skip_tracking":false,"_monsterinsights_sitenote_active":false,"_monsterinsights_sitenote_note":"","_monsterinsights_sitenote_category":0,"footnotes":""},"categories":[463,460],"tags":[656,657,653,652,658,648,655,654,649,715,627,650,651],"_links":{"self":[{"href":"https:\/\/www.v6.newmessage.org\/vi\/wp-json\/wp\/v2\/pages\/16482"}],"collection":[{"href":"https:\/\/www.v6.newmessage.org\/vi\/wp-json\/wp\/v2\/pages"}],"about":[{"href":"https:\/\/www.v6.newmessage.org\/vi\/wp-json\/wp\/v2\/types\/page"}],"author":[{"embeddable":true,"href":"https:\/\/www.v6.newmessage.org\/vi\/wp-json\/wp\/v2\/users\/1"}],"replies":[{"embeddable":true,"href":"https:\/\/www.v6.newmessage.org\/vi\/wp-json\/wp\/v2\/comments?post=16482"}],"version-history":[{"count":61,"href":"https:\/\/www.v6.newmessage.org\/vi\/wp-json\/wp\/v2\/pages\/16482\/revisions"}],"predecessor-version":[{"id":29192,"href":"https:\/\/www.v6.newmessage.org\/vi\/wp-json\/wp\/v2\/pages\/16482\/revisions\/29192"}],"up":[{"embeddable":true,"href":"https:\/\/www.v6.newmessage.org\/vi\/wp-json\/wp\/v2\/pages\/16287"}],"wp:attachment":[{"href":"https:\/\/www.v6.newmessage.org\/vi\/wp-json\/wp\/v2\/media?parent=16482"}],"wp:term":[{"taxonomy":"category","embeddable":true,"href":"https:\/\/www.v6.newmessage.org\/vi\/wp-json\/wp\/v2\/categories?post=16482"},{"taxonomy":"post_tag","embeddable":true,"href":"https:\/\/www.v6.newmessage.org\/vi\/wp-json\/wp\/v2\/tags?post=16482"}],"curies":[{"name":"wp","href":"https:\/\/api.w.org\/{rel}","templated":true}]}}