{"id":16316,"date":"2014-10-25T22:27:50","date_gmt":"2014-10-25T22:27:50","guid":{"rendered":"http:\/\/www.newmessage.org\/?page_id=16316"},"modified":"2023-06-05T06:12:47","modified_gmt":"2023-06-05T06:12:47","slug":"volume-4","status":"publish","type":"page","link":"https:\/\/www.v6.newmessage.org\/vi\/the-message\/volume-4\/","title":{"rendered":"T\u00e2\u0323p 4"},"content":{"rendered":"<h2><strong><img loading=\"lazy\" decoding=\"async\" class=\"alignright size-medium\" src=\"https:\/\/www.newmessage.org\/wp-content\/uploads\/2014\/10\/The-New-Message-from-God-Volume-4-215x300.png\" alt=\"\" width=\"215\" height=\"300\" \/><\/strong>V\u00ea\u0300 T\u00e2\u0323p 4<\/h2>\n<p>T\u1eadp B\u1ed1n bao g\u1ed3m nh\u1eefng quy\u1ec3n s\u00e1ch v\u00ea\u0300 l\u01a1\u0300i ti\u00ean tri v\u00e0 ti\u1ebfc l\u1ed9 kh\u00e1c c\u1ee7a Th\u00f4ng \u0110i\u1ec7p M\u1edbi t\u1eeb Ch\u00faa.<\/p>\n<p>C\u1ed1t l\u00f5i trong nh\u01b0\u0303ng quy\u00ea\u0309n sa\u0301ch cu\u0309a t\u00e2\u0323p sa\u0301ch na\u0300y la\u0300 hai s\u01b0\u0323 ki\u00ea\u0323n vi\u0303 \u0111a\u0323i cu\u0309a th\u01a1\u0300i \u0111a\u0323i cu\u0309a chu\u0301ng ta: <a href=\"\/vi\/the-message\/volume-1\/greater-community\/humanitys-emergence-into-the-greater-community\"> S\u01b0\u0323 Tr\u00f4\u0303i L\u00ean cu\u0309a Nh\u00e2n Loa\u0323i va\u0300o trong C\u00f4\u0323ng \u0110\u00f4\u0300ng Vi\u0303 \u0110a\u0323i <\/a> (Quy\u00ea\u0309n 4 \u2013 <a href=\"\/vi\/the-message\/volume-1\/greater-community\"> C\u00f4\u0323ng \u0110\u00f4\u0300ng Vi\u0303 \u0110a\u0323i<\/a>) va\u0300 <a href=\"\/\/www.newmessage.org\/vi\/the-message\/volume-4\/great-waves-change\"> Nh\u01b0\u0303ng \u0110\u01a1\u0323t So\u0301ng Vi\u0303 \u0110a\u0323i cu\u0309a s\u01b0\u0323 \u0111\u00f4\u0309i thay <\/a> \u0111ang h\u00f4\u0323i tu\u0323 va\u0300 \u0111ang \u0111a\u0301nh va\u0300o th\u00ea\u0301 gi\u01a1\u0301i ngay lu\u0301c na\u0300y. Hai s\u01b0\u0323 ki\u00ea\u0323n \u0111ang h\u00f4\u0323i tu\u0323 na\u0300y co\u0301 quy\u00ea\u0300n l\u01b0\u0323c \u0111\u00ea\u0309 \u0111i\u0323nh hi\u0300nh la\u0323i th\u00ea\u0301 gi\u01a1\u0301i cu\u0309a chu\u0301ng ta va\u0300 se\u0303 a\u0309nh h\u01b0\u01a1\u0309ng l\u00ean cu\u00f4\u0323c s\u00f4\u0301ng cu\u0309a m\u00f4\u0303i ng\u01b0\u01a1\u0300i nam, ng\u01b0\u01a1\u0300i n\u01b0\u0303 va\u0300 tre\u0309 nho\u0309 tr\u00ean Tra\u0301i \u0110\u00e2\u0301t, ngay lu\u0301c na\u0300y va\u0300 trong t\u01b0\u01a1ng lai.<\/p>\n<p>Nh\u01b0\u0303ng quy\u00ea\u0309n sa\u0301ch cu\u0309a T\u00e2\u0323p B\u00f4\u0301n, <a href=\"\/\/www.newmessage.org\/vi\/the-message\/volume-4\/great-waves-change\"> Nh\u01b0\u0303ng \u0110\u01a1\u0323t So\u0301ng Vi\u0303 \u0110a\u0323i cu\u0309a s\u01b0\u0323 \u0110\u00f4\u0309i Thay<\/a> va\u0300 <a href=\"\/\/www.newmessage.org\/vi\/the-message\/volume-4\/life-universe\">Cu\u00f4\u0323c S\u00f4\u0301ng trong Vu\u0303 Tru\u0323<\/a>, la\u0300 m\u00f4\u0323t mo\u0301n qua\u0300 tr\u01b0\u0323c ti\u00ea\u0301p t\u01b0\u0300 Chu\u0301a \u0111\u00ea\u0309 th\u01b0\u0301c ti\u0309nh, ca\u0309nh ba\u0301o va\u0300 chu\u00e2\u0309n bi\u0323 gia \u0111i\u0300nh loa\u0300i ng\u01b0\u01a1\u0300i cho S\u01b0\u0323 \u0110\u00f4\u0309i Thay Vi\u0303 \u0110a\u0323i \u0111ang \u0111\u00ea\u0301n.<\/p>\n<p>\u01a0\u0309 \u0111\u00e2y Chu\u0301a \u0111ang ti\u00ea\u0301c l\u00f4\u0323 \u0111i\u00ea\u0300u nh\u00e2n loa\u0323i kh\u00f4ng th\u00ea\u0309 t\u01b0\u0323 th\u00e2\u0301y hay bi\u00ea\u0301t. Chi\u0309 co\u0301 Kha\u0309i Huy\u00ea\u0300n Tha\u0301nh Th\u00e2\u0300n co\u0301 th\u00ea\u0309 th\u01b0\u0301c ti\u0309nh nh\u00e2n loa\u0323i t\u01a1\u0301i nh\u01b0\u0303ng hi\u00ea\u0309m nguy cu\u0309a hoa\u0300n ca\u0309nh hi\u00ea\u0323n ta\u0323i va\u0300 trong t\u01b0\u01a1ng lai cu\u0309a no\u0301. Chi\u0309 co\u0301 m\u00f4\u0323t t\u00e2\u0300m nhi\u0300n ti\u00ean tri co\u0301 th\u00ea\u0309 h\u01b0\u01a1\u0301ng m\u0103\u0301t chu\u0301ng ta \u0111\u00ea\u0301n hi vo\u0323ng va\u0300 ti\u00ea\u0300m n\u0103ng vi\u0303 \u0111a\u0323i cu\u0309a gia \u0111i\u0300nh loa\u0300i ng\u01b0\u01a1\u0300i, ngay ca\u0309 khi chu\u0301ng ta \u0111\u00f4\u0301i m\u0103\u0323t v\u01a1\u0301i nh\u01b0\u0303ng th\u01b0\u0309 tha\u0301ch vi\u0303 \u0111a\u0323i nh\u00e2\u0301t cu\u0309a chu\u0301ng ta.<\/p>\n<div class=\"toggle toggle-white\"><h4 class=\"trigger \"><span class=\"t_ico\"><\/span><a href=\"#\">Ho\u0323c th\u00eam\u2026<\/a><\/h4><div class=\"toggle_container \"><br \/>\n<div data-post-id='24520' class='insert-page insert-page-24520 '><\/div><br \/>\n<\/div><\/div>\n<div class=\"clearfix\"><\/div>\n<div class=\"the-message-books-volumes panel-30 background-tile-1 margin-bottom-20\">\n<h2 class=\"text-align-center margin-bottom-20\"><a class=\"text-color-gray-5 not-underlined\" title=\"Volume 4\" href=\"\/vi\/the-message\/volume-4\">T\u00e2\u0323p 4<\/a><\/h2>\n<div class=\"one_third \" ><\/p>\n<div class=\"message-book-div\"><a class=\"message-book-link-to-post\" href=\"\/vi\/the-message\/volume-4\/great-waves-change\" rel=\"bookmark\">Nh\u01b0\u0303ng \u0110\u01a1\u0323t So\u0301ng Vi\u0303 \u0110a\u0323i cu\u0309a \u0110\u00f4\u0309i Thay<\/a><\/div>\n<div class=\"toggle toggle-gray\"><h4 class=\"trigger \"><span class=\"t_ico\"><\/span><a href=\"#\">Mu\u0323c lu\u0323c<\/a><\/h4><div class=\"toggle_container \"><\/p>\n<p><a href=\"https:\/\/www.newmessage.org\/vi\/the-message\/volume-4\/great-waves-change\/the-great-waves-of-change\/\">Nh\u1eefng \u0110\u1ee3t S\u00f3ng V\u0129 \u0110\u1ea1i c\u1ee7a \u0110\u1ed5i Thay<\/a><br \/>\n<a href=\"https:\/\/www.newmessage.org\/vi\/the-message\/volume-4\/great-waves-change\/the-great-waves-and-your-life\/\">Nh\u1eefng \u0110\u1ee3t S\u00f3ng V\u0129 \u0110\u1ea1i v\u00e0 Cu\u1ed9c \u0110\u1eddi B\u1ea1n<\/a><br \/>\n<a href=\"https:\/\/www.newmessage.org\/vi\/the-message\/volume-4\/great-waves-change\/escaping-the-past\/\">Tho\u00e1t Kh\u1ecfi Qu\u00e1 Kh\u1ee9<\/a><br \/>\n<a href=\"https:\/\/www.newmessage.org\/vi\/the-message\/volume-4\/great-waves-change\/the-freedom-to-move-with-knowledge\/\">T\u1ef1 Do \u0111\u1ec3 Di Chuy\u1ec3n v\u1edbi Tri Th\u01b0\u0301c<\/a><br \/>\n<a href=\"https:\/\/www.newmessage.org\/vi\/the-message\/volume-4\/great-waves-change\/the-deep-evaluation\/\">Vi\u00ea\u0323c \u0110a\u0301nh Gia\u0301 S\u00e2u S\u0103\u0301c<\/a><br \/>\n<a href=\"https:\/\/www.newmessage.org\/vi\/the-message\/volume-4\/great-waves-change\/relationships-and-the-great-waves\/\">M\u1ed1i Quan H\u1ec7 v\u00e0 Nh\u1eefng \u0110\u1ee3t S\u00f3ng V\u0129 \u0110\u1ea1i<\/a><br \/>\n<a href=\"https:\/\/www.newmessage.org\/vi\/the-message\/volume-4\/great-waves-change\/preparing-your-family\/\">Chu\u1ea9n b\u1ecb gia \u0111\u00ecnh c\u1ee7a b\u1ea1n<\/a><br \/>\n<a href=\"https:\/\/www.newmessage.org\/vi\/the-message\/volume-4\/great-waves-change\/the-danger-of-isolation\/\">Nguy Hi\u1ec3m c\u1ee7a S\u1ef1 C\u00f4 L\u1eadp<\/a><br \/>\n<a href=\"https:\/\/www.newmessage.org\/vi\/the-message\/volume-4\/great-waves-change\/the-great-waves-prophecy\/\">L\u1eddi Ti\u00ean Tri v\u1ec1 Nh\u01b0\u0303ng \u0110\u01a1\u0323t So\u0301ng Vi\u0303 \u0110a\u0323i<\/a><br \/>\n<a href=\"https:\/\/www.newmessage.org\/vi\/the-message\/volume-4\/great-waves-change\/the-great-waves-and-the-hidden-reality-of-contact\/\">Nh\u1eefng \u0110\u1ee3t S\u00f3ng V\u0129 \u0110\u1ea1i v\u00e0 Th\u1ef1c T\u1ebf Ti\u1ec1m \u1ea8n c\u1ee7a S\u1ef1 Ti\u1ebfp X\u00fac<\/a><br \/>\n<a href=\"https:\/\/www.newmessage.org\/vi\/the-message\/volume-4\/great-waves-change\/where-will-you-place-your-faith\/\">B\u1ea1n S\u1ebd \u0110\u1eb7t Ni\u1ec1m Tin C\u1ee7a M\u00ecnh V\u00e0o \u0110\u00e2u?<\/a><br \/>\n<a href=\"https:\/\/www.newmessage.org\/vi\/the-message\/volume-4\/great-waves-change\/your-purpose-and-destiny-in-a-changing-world\/\">M\u1ee5c \u0110\u00edch v\u00e0 \u0110\u1ecbnh M\u1ec7nh c\u1ee7a B\u1ea1n trong m\u1ed9t Th\u1ebf Gi\u1edbi Thay \u0110\u1ed5i<\/a><br \/>\n<a href=\"https:\/\/www.newmessage.org\/vi\/the-message\/volume-4\/great-waves-change\/a-new-message-of-hope\/\">M\u1ed9t Th\u00f4ng \u0110i\u1ec7p M\u1edbi c\u1ee7a Hy V\u1ecdng<\/a><br \/>\n<a href=\"https:\/\/www.newmessage.org\/vi\/the-message\/volume-4\/great-waves-change\/seeing-knowing-and-taking-action\/\">Th\u1ea5y, Bi\u1ebft v\u00e0 H\u00e0nh \u0110\u1ed9ng<\/a><br \/>\n<a href=\"https:\/\/www.newmessage.org\/vi\/the-message\/volume-4\/great-waves-change\/recommendations-for-living-in-a-great-waves-world\">Nh\u1eefng L\u1eddi Khuy\u00ean cho Vi\u1ec7c S\u1ed1ng trong Th\u1ebf Gi\u1edbi c\u1ee7a Nh\u1eefng \u0110\u1ee3t S\u00f3ng V\u0129 \u0110\u1ea1i<\/a><br \/>\n<a href=\"https:\/\/www.newmessage.org\/vi\/the-message\/volume-4\/great-waves-change\/great-waves-of-change-practices\">Nh\u1eefng B\u00e0i Th\u1ef1c H\u00e0nh cho Nh\u1eefng \u0110\u1ee3t S\u00f3ng V\u0129 \u0110\u1ea1i c\u1ee7a \u0110\u1ed5i Thay<\/a><\/p>\n<p><\/div><\/div><br \/>\n<\/div>\n<div class=\"one_third \" ><\/p>\n<div class=\"message-book-div\"><a class=\"message-book-link-to-post\" href=\"\/vi\/the-message\/volume-4\/life-universe\" rel=\"bookmark\">Cu\u00f4\u0323c S\u00f4\u0301ng trong Vu\u0303 Tru\u0323<\/a><\/div>\n<div class=\"toggle toggle-gray\"><h4 class=\"trigger \"><span class=\"t_ico\"><\/span><a href=\"#\">Mu\u0323c lu\u0323c<\/a><\/h4><div class=\"toggle_container \"><br \/>\nPh\u00e2\u0300n M\u00f4\u0323t: Th\u01b0\u0323c T\u00ea\u0301 cu\u0309a S\u01b0\u0323 S\u00f4\u0301ng Th\u00f4ng Minh trong Vu\u0303 Tru\u0323<\/p>\n<p><a href=\"https:\/\/www.newmessage.org\/vi\/the-message\/volume-4\/life-universe\/facing-a-greater-community-of-life\/\">\u0110\u1ed1i M\u1eb7t v\u1edbi C\u1ed9ng \u0110\u1ed3ng V\u0129 \u0110\u1ea1i c\u1ee7a S\u1ef1 S\u1ed1ng<\/a><br \/>\n<a href=\"https:\/\/www.newmessage.org\/vi\/the-message\/volume-4\/life-universe\/a-brief-history-of-visitation-to-earth\/\">Li\u0323ch S\u01b0\u0309 Ng\u0103\u0301n Go\u0323n cu\u0309a Vi\u00ea\u0323c Vi\u00ea\u0301ng Th\u0103m Tra\u0301i \u0110\u00e2\u0301t<\/a><br \/>\n<a href=\"https:\/\/www.newmessage.org\/vi\/the-message\/volume-4\/life-universe\/the-limits-of-space-travel\/\">Nh\u01b0\u0303ng Gi\u01a1\u0301i Ha\u0323n cu\u0309a Du Ha\u0300nh Kh\u00f4ng Gian<\/a><br \/>\n<a href=\"https:\/\/www.newmessage.org\/vi\/the-message\/volume-4\/life-universe\/trade-and-commerce-in-this-region-of-space\/\">Giao Di\u0323ch v\u00e0 Th\u01b0\u01a1ng M\u1ea1i trong Khu V\u01b0\u0323c Kh\u00f4ng Gian n\u00e0y<\/a><br \/>\n<a href=\"https:\/\/www.newmessage.org\/vi\/the-message\/volume-4\/life-universe\/technology-and-the-different-paths-to-stability\/\">C\u00f4ng Ngh\u00ea\u0323 va\u0300 Nh\u01b0\u0303ng Con \u0110\u01b0\u01a1\u0300ng Kha\u0301c Nhau \u0111i \u0111\u00ea\u0301n S\u01b0\u0323 \u00d4\u0309n \u0110i\u0323nh<\/a><br \/>\n<a href=\"https:\/\/www.newmessage.org\/vi\/the-message\/volume-4\/life-universe\/families-and-genetic-manipulation\/\">Gia \u0110\u00ecnh v\u00e0 S\u1ef1 Thao T\u00fang Gien<\/a><br \/>\n<a href=\"https:\/\/www.newmessage.org\/vi\/the-message\/volume-4\/life-universe\/competition-influence-and-the-mental-environment\/\">C\u1ea1nh Tranh, \u1ea2nh H\u01b0\u1edfng v\u00e0 M\u00f4i Tr\u01b0\u1eddng Tinh Th\u1ea7n<\/a><br \/>\n<a href=\"https:\/\/www.newmessage.org\/vi\/the-message\/volume-4\/life-universe\/freedom-in-the-greater-community\/\">T\u1ef1 Do trong C\u1ed9ng \u0110\u1ed3ng V\u0129 \u0110\u1ea1i<\/a><\/p>\n<p>Ph\u00e2\u0300n Hai: Tha\u0301nh Linh cu\u0309a S\u01b0\u0323 S\u00f4\u0301ng Th\u00f4ng Minh trong Vu\u0303 Tru\u0323<\/p>\n<p><a href=\"https:\/\/www.newmessage.org\/vi\/the-message\/volume-4\/life-universe\/religion-in-the-greater-community\/\">T\u00f4n Gi\u00e1o trong C\u1ed9ng \u0110\u1ed3ng V\u0129 \u0110\u1ea1i<\/a><br \/>\n<a href=\"https:\/\/www.newmessage.org\/vi\/the-message\/volume-4\/life-universe\/the-power-of-knowledge\/\">Quy\u1ec1n L\u1ef1c c\u1ee7a Tri Th\u1ee9c<\/a><br \/>\n<a href=\"https:\/\/www.newmessage.org\/vi\/the-message\/volume-4\/life-universe\/unseen-forces-in-the-universe\/\">C\u00e1c Th\u1ebf L\u1ef1c V\u00f4 H\u00ecnh trong V\u0169 Tr\u1ee5<\/a><br \/>\n<a href=\"https:\/\/www.newmessage.org\/vi\/the-message\/volume-4\/life-universe\/creation-and-destiny\/\">T\u1ea1o Ho\u00e1 V\u00e0 \u0110\u1ecbnh M\u1ec7nh<\/a><br \/>\n<a href=\"https:\/\/www.newmessage.org\/vi\/the-message\/volume-4\/life-universe\/god-of-the-greater-community\/\">Ch\u00faa c\u1ee7a C\u1ed9ng \u0110\u1ed3ng V\u0129 \u0110\u1ea1i<\/a><br \/>\n<a href=\"https:\/\/www.newmessage.org\/vi\/the-message\/volume-4\/life-universe\/your-relationship-with-the-greater-community\/\">M\u1ed1i Quan H\u1ec7 c\u1ee7a B\u1ea1n v\u1edbi C\u1ed9ng \u0110\u1ed3ng V\u0129 \u0110\u1ea1i<\/a><\/p>\n<p><\/div><\/div><br \/>\n<\/div>\n<div class=\"one_third \" ><\/p>\n<div class=\"message-book-div\"><a class=\"message-book-link-to-post\" href=\"\/vi\/the-message\/volume-4\/preparing-for-the-greater-community\/\" rel=\"bookmark\">Chu\u00e2\u0309n Bi\u0323 cho C\u00f4\u0323ng \u0110\u00f4\u0300ng Vi\u0303 \u0110a\u0323i<\/a><\/div>\n<div class=\"toggle toggle-gray\"><h4 class=\"trigger \"><span class=\"t_ico\"><\/span><a href=\"#\">Mu\u0323c lu\u0323c<\/a><\/h4><div class=\"toggle_container \"><\/p>\n<p>CH\u01af\u01a0NG 1: <a href=\"https:\/\/www.newmessage.org\/vi\/the-message\/volume-2\/preparing-for-the-greater-community\/what-is-the-greater-community\/\">C\u1ed9ng \u0110\u1ed3ng V\u0129 \u0110\u1ea1i l\u00e0 g\u00ec?<\/a><\/p>\n<p>CH\u01af\u01a0NG 2: <a href=\"https:\/\/www.newmessage.org\/vi\/the-message\/volume-2\/preparing-for-the-greater-community\/the-greater-community-presence-in-the-world\/\">S\u1ef1 Hi\u1ec7n Di\u1ec7n c\u1ee7a C\u1ed9ng \u0110\u1ed3ng V\u0129 \u0110\u1ea1i trong Th\u1ebf Gi\u1edbi<\/a><\/p>\n<p>CH\u01af\u01a0NG 3: <a href=\"https:\/\/www.newmessage.org\/vi\/the-message\/volume-2\/preparing-for-the-greater-community\/the-essential-truths-about-the-greater-community\">Nh\u1eefng S\u1ef1 Th\u1eadt Thi\u1ebft Y\u1ebfu v\u1ec1 C\u1ed9ng \u0110\u1ed3ng V\u0129 \u0110\u1ea1i<\/a><\/p>\n<p>CH\u01af\u01a0NG 4: <a href=\"https:\/\/www.newmessage.org\/vi\/the-message\/volume-2\/preparing-for-the-greater-community\/trade-and-competition-in-the-greater-community\/\">Tr\u00ed Tu\u1ec7 C\u1ed9ng \u0110\u1ed3ng V\u0129 \u0110\u1ea1i v\u00e0 M\u00f4i Tr\u01b0\u1eddng Tinh Th\u1ea7n<\/a><\/p>\n<p>CH\u01af\u01a0NG 5: <a href=\"https:\/\/www.newmessage.org\/vi\/the-message\/volume-2\/preparing-for-the-greater-community\/trade-and-competition-in-the-greater-community\/\">T\u00e0i Nguy\u00ean, Giao D\u1ecbch v\u00e0 C\u1ea1nh Tranh trong C\u1ed9ng \u0110\u1ed3ng V\u0129 \u0110\u1ea1i<\/a><\/p>\n<p>CH\u01af\u01a0NG 7: <a href=\"https:\/\/www.newmessage.org\/vi\/the-message\/volume-2\/preparing-for-the-greater-community\/the-great-challenge-awaiting-humanity\/\">Th\u1eed th\u00e1ch v\u0129 \u0111\u1ea1i \u0111ang ch\u1edd \u0111\u1ee3i lo\u00e0i ng\u01b0\u1eddi<\/a><\/p>\n<p>CH\u01af\u01a0NG 9: <a href=\"https:\/\/www.newmessage.org\/vi\/the-message\/volume-2\/preparing-for-the-greater-community\/finding-knowledge\/\">T\u00ecm Tri Th\u1ee9c<\/a><\/p>\n<p>CH\u01af\u01a0NG 10: <a href=\"https:\/\/www.newmessage.org\/vi\/the-message\/volume-2\/preparing-for-the-greater-community\/gaining-strength-and-influence-in-the-mental-environment\/\">\u0110\u1ea1t \u0110\u01b0\u1ee3c S\u1ee9c M\u1ea1nh v\u00e0 \u1ea2nh H\u01b0\u1edfng trong M\u00f4i Tr\u01b0\u1eddng Tinh Th\u1ea7n<\/a><\/p>\n<p>CH\u01af\u01a0NG 11: <a href=\"https:\/\/www.newmessage.org\/vi\/the-message\/volume-2\/preparing-for-the-greater-community\/developing-clarity-and-discernment\/\">Ph\u00e1t Tri\u1ec3n S\u1ef1 S\u00e1ng Su\u1ed1t v\u00e0 Nh\u1eadn Bi\u1ebft<\/a><\/p>\n<p>CH\u01af\u01a0NG 13: Nh\u01b0\u0303ng Pha\u0309n H\u00f4\u0300i cu\u0309a Nh\u00e2n Loa\u0323i cho C\u00f4\u0323ng \u0110\u00f4\u0300ng Vi\u0303 \u0110a\u0323i<\/p>\n<p>CH\u01af\u01a0NG 14: <a href=\"https:\/\/www.newmessage.org\/vi\/the-message\/volume-2\/preparing-for-the-greater-community\/developing-certainty-strength-and-wisdom\/\">Ph\u00e1t Tri\u1ec3n S\u1ef1 Ch\u1eafc Ch\u1eafn, S\u1ee9c M\u1ea1nh v\u00e0 S\u1ef1 Kh\u00f4n Ngoan<\/a><\/p>\n<p>CH\u01af\u01a0NG 15: <a href=\"https:\/\/www.newmessage.org\/vi\/the-message\/volume-2\/preparing-for-the-greater-community\/developing-greater-honesty\/\">Ph\u00e1t Tri\u1ec3n S\u1ef1 Trung Th\u1ef1c L\u1edbn Lao<\/a><\/p>\n<p>CH\u01af\u01a0NG 16: <a href=\"https:\/\/www.newmessage.org\/vi\/the-message\/volume-2\/preparing-for-the-greater-community\/relationships-destiny-and-calling\/\">M\u1ed1i Quan H\u1ec7, \u0110\u1ecbnh M\u1ec7nh v\u00e0 Ti\u1ebfng G\u1ecdi<\/a><br \/>\n<\/div><\/div><br \/>\n<\/div>\n<div class=\"one_third last\" ><\/p>\n<div class=\"message-book-div more\"><a class=\"message-book-link-to-post\" title=\"More to Come\u2026\" href=\"\/vi\/the-message\/the-revelation-continues-to-this-day\" rel=\"bookmark\">S\u0103\u0301p Co\u0301 Th\u00eam&#8230;<\/a><\/div>\n<p><\/div>\n<\/div>\n","protected":false},"excerpt":{"rendered":"<p>V\u00ea\u0300 T\u00e2\u0323p 4 T\u1eadp B\u1ed1n bao g\u1ed3m nh\u1eefng quy\u1ec3n s\u00e1ch v\u00ea\u0300 l\u01a1\u0300i ti\u00ean tri v\u00e0 ti\u1ebfc l\u1ed9 kh\u00e1c c\u1ee7a Th\u00f4ng \u0110i\u1ec7p M\u1edbi t\u1eeb Ch\u00faa. C\u1ed1t l\u00f5i trong nh\u01b0\u0303ng quy\u00ea\u0309n sa\u0301ch cu\u0309a t\u00e2\u0323p sa\u0301ch na\u0300y la\u0300 hai s\u01b0\u0323 ki\u00ea\u0323n vi\u0303 \u0111a\u0323i cu\u0309a th\u01a1\u0300i \u0111a\u0323i cu\u0309a chu\u0301ng ta: S\u01b0\u0323 Tr\u00f4\u0303i L\u00ean cu\u0309a Nh\u00e2n Loa\u0323i va\u0300o trong C\u00f4\u0323ng\u2026 <a class=\"read-more\" href=\"https:\/\/www.v6.newmessage.org\/vi\/the-message\/volume-4\/\"><span>Read More<\/span><\/a><\/p>\n","protected":false},"author":1,"featured_media":0,"parent":26942,"menu_order":16,"comment_status":"closed","ping_status":"closed","template":"template-leftsidebar.php","meta":{"_monsterinsights_skip_tracking":false,"_monsterinsights_sitenote_active":false,"_monsterinsights_sitenote_note":"","_monsterinsights_sitenote_category":0,"footnotes":""},"categories":[471],"tags":[674,631],"_links":{"self":[{"href":"https:\/\/www.v6.newmessage.org\/vi\/wp-json\/wp\/v2\/pages\/16316"}],"collection":[{"href":"https:\/\/www.v6.newmessage.org\/vi\/wp-json\/wp\/v2\/pages"}],"about":[{"href":"https:\/\/www.v6.newmessage.org\/vi\/wp-json\/wp\/v2\/types\/page"}],"author":[{"embeddable":true,"href":"https:\/\/www.v6.newmessage.org\/vi\/wp-json\/wp\/v2\/users\/1"}],"replies":[{"embeddable":true,"href":"https:\/\/www.v6.newmessage.org\/vi\/wp-json\/wp\/v2\/comments?post=16316"}],"version-history":[{"count":72,"href":"https:\/\/www.v6.newmessage.org\/vi\/wp-json\/wp\/v2\/pages\/16316\/revisions"}],"predecessor-version":[{"id":29224,"href":"https:\/\/www.v6.newmessage.org\/vi\/wp-json\/wp\/v2\/pages\/16316\/revisions\/29224"}],"up":[{"embeddable":true,"href":"https:\/\/www.v6.newmessage.org\/vi\/wp-json\/wp\/v2\/pages\/26942"}],"wp:attachment":[{"href":"https:\/\/www.v6.newmessage.org\/vi\/wp-json\/wp\/v2\/media?parent=16316"}],"wp:term":[{"taxonomy":"category","embeddable":true,"href":"https:\/\/www.v6.newmessage.org\/vi\/wp-json\/wp\/v2\/categories?post=16316"},{"taxonomy":"post_tag","embeddable":true,"href":"https:\/\/www.v6.newmessage.org\/vi\/wp-json\/wp\/v2\/tags?post=16316"}],"curies":[{"name":"wp","href":"https:\/\/api.w.org\/{rel}","templated":true}]}}