{"id":16314,"date":"2014-10-25T22:27:22","date_gmt":"2014-10-25T22:27:22","guid":{"rendered":"http:\/\/www.newmessage.org\/?page_id=16314"},"modified":"2023-03-03T00:19:20","modified_gmt":"2023-03-03T00:19:20","slug":"volume-3","status":"publish","type":"page","link":"https:\/\/www.v6.newmessage.org\/vi\/the-message\/volume-3\/","title":{"rendered":"T\u00e2\u0323p 3"},"content":{"rendered":"<h2><strong><img loading=\"lazy\" decoding=\"async\" class=\"imgborder alignright size-medium\" src=\"https:\/\/www.newmessage.org\/wp-content\/uploads\/2014\/10\/The-New-Message-from-God-Volume-3-215x300.png\" alt=\"\" width=\"215\" height=\"300\" \/><\/strong>V\u00ea\u0300 T\u00e2\u0323p 3<\/h2>\n<p>T\u1eadp Ba bao g\u1ed3m nh\u1eefng quy\u1ec3n s\u00e1ch c\u1ee7a b\u00e0i th\u1ef1c t\u1eadp th\u00e1nh linh c\u1ee7a Th\u00f4ng \u0110i\u1ec7p M\u1edbi t\u1eeb Ch\u00faa. \u0110\u01b0\u1ee3c t\u00ecm th\u1ea5y \u1edf \u0111\u00e2y l\u00e0 b\u00e0i vi\u1ebft <a href=\"https:\/\/www.newmessage.org\/vi\/the-message\/volume-3\/steps-to-knowledge\/\"><em>Nh\u1eefng B\u01b0\u1edbc \u0110i \u0111\u1ebfn Tri Th\u1ee9c<\/em><\/a>, m\u1ed9t trong nh\u1eefng quy\u1ec3n s\u00e1ch \u0111\u1ea7u ti\u00ean c\u1ee7a Kh\u1ea3i Huy\u1ec1n, \u0111\u01b0\u1ee3c trao cho S\u1ee9 Gi\u1ea3 t\u1eeb c\u1ed9i ngu\u1ed3n v\u00e0o n\u0103m 1989. B\u00e2y gi\u1edd Nh\u1eefng B\u01b0\u1edbc l\u00e0 n\u1ec1n t\u1ea3ng cho m\u1ed9t con \u0111\u01b0\u1eddng m\u1edbi cho b\u00e0i th\u1ef1c t\u1eadp, s\u1ef1 c\u1ee9u r\u1ed7i v\u00e0 quay tr\u1edf v\u1ec1 \u0111\u01b0\u1ee3c trao t\u1eb7ng b\u1edfi Ch\u00faa cho nh\u00e2n lo\u1ea1i ngay l\u00fac n\u00e0y.<\/p>\n<p>Theo sau b\u00e0i h\u1ecdc trong <a href=\"https:\/\/www.newmessage.org\/vi\/the-message\/volume-3\/steps-to-knowledge\/\"><em>Nh\u1eefng B\u01b0\u1edbc \u0110i \u0111\u1ebfn Tri Th\u1ee9c<\/em><\/a> l\u00e0 <a href=\"https:\/\/www.newmessage.org\/vi\/the-message\/volume-3\/steps-knowledge-continuation-training\"><em>Ti\u1ebfp T\u1ee5c R\u00e8n Luy\u1ec7n Nh\u1eefng B\u01b0\u1edbc<\/em><\/a>, m\u1edf r\u1ed9ng h\u00e0nh tr\u00ecnh c\u1ee7a Nh\u1eefng B\u01b0\u1edbc v\u00e0o nh\u1eefng khu v\u1ef1c m\u1edbi v\u00e0 quan tr\u1ecdng. Hai quy\u1ec3n s\u00e1ch n\u00e0y trao cho con \u0111\u01b0\u1eddng thi\u1ebft y\u1ebfu \u0111\u1ec3 s\u1ed1ng m\u1ed9t cu\u1ed9c s\u1ed1ng \u0111\u1ea7y c\u1ea3m h\u1ee9ng v\u00e0 tr\u1ecdn v\u1eb9n.<\/p>\n<p>C\u0169ng trong T\u1eadp Ba l\u00e0 quy\u1ec3n s\u00e1ch <a href=\"https:\/\/www.newmessage.org\/vi\/the-message\/volume-3\/living-way-knowledge\/\"><em>S\u1ed1ng theo Con \u0110\u01b0\u1eddng Tri Th\u1ee9c<\/em><\/a>, quy\u1ec3n s\u00e1ch \u0111em \u0111\u1ebfn gi\u00e1o hu\u1ea5n c\u1ee7a B\u1ed1n Tr\u1ee5 C\u1ed9t c\u1ee7a cu\u1ed9c s\u1ed1ng: Tr\u1ee5 C\u1ed9t c\u1ee7a Nh\u1eefng M\u1ed1i Quan H\u1ec7, Tr\u1ee5 C\u1ed9t c\u1ee7a C\u00f4ng Vi\u1ec7c, Tr\u1ee5 C\u1ed9t c\u1ee7a S\u1ee9c Kho\u1ebb v\u00e0 Tr\u1ee5 C\u1ed9t c\u1ee7a S\u1ef1 Ph\u00e1t Tri\u1ec3n Th\u00e1nh Linh.<\/p>\n<p>Trong t\u01b0\u01a1ng lai, nh\u1eefng quy\u1ec3n s\u00e1ch kh\u00e1c s\u1ebd \u0111\u01b0\u1ee3c \u0111\u1eb7t v\u00e0o t\u1eadp s\u00e1ch n\u00e0y khi S\u1ee9 Gi\u1ea3 bi\u00ean so\u1ea1n v\u00e0 chu\u1ea9n b\u1ecb cu\u0309a ca\u0309i s\u00e2u th\u1eb3m c\u1ee7a nh\u1eefng gi\u00e1o hu\u1ea5n v\u00e0 b\u00e0i vi\u1ebft v\u1ec1 con \u0111\u01b0\u1eddng cho th\u1ebf gi\u1edbi.<\/p>\n<p><em>Nh\u1eefng B\u01b0\u1edbc \u0110i \u0111\u1ebfn Tri Th\u1ee9c<\/em> \u0111em b\u1ea1n \u0111\u1ebfn cu\u1ed9c h\u00e0nh tr\u00ecnh kh\u00e1m ph\u00e1 Tri Th\u1ee9c, c\u1ed9i ngu\u1ed3n b\u00ed \u1ea9n c\u1ee7a quy\u1ec1n l\u1ef1c v\u00e0 uy quy\u1ec1n n\u1ed9i t\u00e2m c\u1ee7a b\u1ea1n, \u0111\u01b0\u1ee3c trao cho b\u1ea1n b\u1edfi Ch\u00faa \u0111\u1ec3 d\u1eabn d\u1eaft v\u00e0 \u0111\u1ec3 b\u1ea3o v\u1ec7 b\u1ea1n. \u0110i theo Tri Th\u1ee9c n\u00e0y d\u1eabn b\u1ea1n \u0111\u1ebfn nh\u1eefng m\u1ed1i quan h\u1ec7 thi\u1ebft y\u1ebfu m\u00e0 b\u1ea1n s\u1ebd c\u1ea7n \u0111\u1ec3 t\u00ecm v\u00e0 \u0111\u1ec3 ho\u00e0n th\u00e0nh m\u1ee5c \u0111\u00edch cao c\u1ea3 h\u01a1n c\u1ee7a b\u1ea1n trong cu\u1ed9c s\u1ed1ng.<\/p>\n<div class=\"toggle toggle-white\"><h4 class=\"trigger \"><span class=\"t_ico\"><\/span><a href=\"#\">Ho\u0323c th\u00eam\u2026<\/a><\/h4><div class=\"toggle_container \"><br \/>\n<div data-post-id='24520' class='insert-page insert-page-24520 '><\/div><br \/>\n<\/div><\/div>\n<div class=\"clearfix\"><\/div>\n<div class=\"the-message-books-volumes panel-30 background-tile-1 margin-bottom-20\">\n<h2 class=\"text-align-center margin-bottom-20\"><a class=\"text-color-gray-5 not-underlined\" title=\"Volume 3\" href=\"\/vi\/the-message\/volume-3\">T\u00e2\u0323p 3<\/a><\/h2>\n<div class=\"one_third \" ><\/p>\n<div class=\"message-book-div\"><a class=\"message-book-link-to-post\" title=\"Steps to Knowledge\" href=\"\/vi\/the-message\/volume-3\/steps-knowledge\" rel=\"bookmark\">Nh\u1eefng B\u01b0\u1edbc \u0110i \u0111\u1ebfn Tri Th\u1ee9c<\/a><\/div>\n<p><\/div>\n<div class=\"one_third \" ><\/p>\n<div class=\"message-book-div\"><a class=\"message-book-link-to-post\" title=\"Steps to Knowledge Continuation Training\" href=\"\/vi\/the-message\/volume-3\/steps-knowledge-continuation-training\" rel=\"bookmark\">Ti\u1ebfp T\u1ee5c R\u00e8n Luy\u1ec7n Nh\u1eefng B\u01b0\u1edbc<\/a><\/div>\n<p><\/div>\n<div class=\"one_third last\" ><\/p>\n<div class=\"message-book-div\"><a class=\"message-book-link-to-post\" title=\"Living the Way of Knowledge\" href=\"\/vi\/the-message\/volume-3\/living-way-knowledge\" rel=\"bookmark\">S\u1ed1ng theo Con \u0110\u01b0\u1eddng Tri Th\u1ee9c<\/a><\/div>\n<div class=\"toggle toggle-gray\"><h4 class=\"trigger \"><span class=\"t_ico\"><\/span><a href=\"#\">Mu\u0323c lu\u0323c<\/a><\/h4><div class=\"toggle_container \"><br \/>\n<a href=\"https:\/\/www.newmessage.org\/vi\/the-message\/volume-3\/living-way-knowledge\/living-in-an-emerging-world\/\">S\u1ed1ng trong m\u1ed9t Th\u1ebf Gi\u1edbi \u0111ang Tr\u1ed7i L\u00ean<\/a><br \/>\n<a href=\"https:\/\/www.newmessage.org\/vi\/the-message\/volume-3\/living-way-knowledge\/the-four-pillars-of-life\/\">B\u1ed1n Tr\u1ee5 C\u1ed9t c\u1ee7a Cu\u1ed9c S\u1ed1ng<\/a><br \/>\n<a href=\"https:\/\/www.newmessage.org\/vi\/the-message\/volume-3\/living-way-knowledge\/the-pillar-of-relationships\/\">Tr\u1ee5 C\u1ed9t c\u1ee7a M\u1ed1i Quan H\u1ec7<\/a><br \/>\n<a href=\"https:\/\/www.newmessage.org\/vi\/the-message\/volume-3\/living-way-knowledge\/the-pillar-of-health\/\">Tr\u1ee5 C\u1ed9t S\u1ee9c Kh\u1ecfe<\/a><br \/>\n<a href=\"https:\/\/www.newmessage.org\/vi\/the-message\/volume-3\/living-way-knowledge\/the-pillar-of-work\/\">Tr\u1ee5 C\u1ed9t c\u1ee7a C\u00f4ng Vi\u1ec7c<\/a><br \/>\n<a href=\"https:\/\/www.newmessage.org\/vi\/the-message\/volume-3\/living-way-knowledge\/the-pillar-of-spiritual-development\/\">Tr\u1ee5 C\u1ed9t c\u1ee7a S\u1ef1 Ph\u00e1t Tri\u1ec3n T\u00e2m Linh<\/a><br \/>\n<a href=\"https:\/\/www.newmessage.org\/vi\/the-message\/volume-3\/living-way-knowledge\/your-relationship-with-your-spiritual-family\/\">M\u1ed1i Quan H\u1ec7 C\u1ee7a B\u1ea1n V\u1edbi Gia \u0110\u00ecnh Th\u00e1nh Linh c\u1ee7a B\u1ea1n<\/a><br \/>\n<a href=\"https:\/\/www.newmessage.org\/vi\/the-message\/volume-3\/living-way-knowledge\/building-spiritual-community\/\">X\u00e2y D\u1ef1ng C\u1ed9ng \u0110\u1ed3ng T\u00e2m Linh<\/a><br \/>\n<a href=\"https:\/\/www.newmessage.org\/vi\/the-message\/volume-3\/living-way-knowledge\/sharing-the-way-of-knowledge-with-others\/\">Chia S\u1ebb Con \u0110\u01b0\u1eddng Tri Th\u1ee9c v\u1edbi Ng\u01b0\u1eddi Kh\u00e1c<\/a><br \/>\n<a href=\"https:\/\/www.newmessage.org\/vi\/the-message\/volume-3\/living-way-knowledge\/being-present-in-the-world\/\">Hi\u1ec7n Di\u1ec7n trong Th\u1ebf Gi\u1edbi<\/a><br \/>\n<a href=\"https:\/\/www.newmessage.org\/vi\/the-message\/volume-3\/living-way-knowledge\/preparing-for-the-future\/\">Chu\u00e2\u0309n Bi\u0323 cho T\u01b0\u01a1ng Lai<\/a><br \/>\n<\/div><\/div><br \/>\n<\/div>\n<div class=\"one_third last\" ><\/p>\n<div class=\"message-book-div more\"><a class=\"message-book-link-to-post\" title=\"More to Come\u2026\" href=\"\/vi\/the-message\/the-revelation-continues-to-this-day\" rel=\"bookmark\">S\u0103\u0301p Co\u0301 Th\u00eam&#8230;<\/a><\/div>\n<p><\/div>\n<\/div>\n","protected":false},"excerpt":{"rendered":"<p>V\u00ea\u0300 T\u00e2\u0323p 3 T\u1eadp Ba bao g\u1ed3m nh\u1eefng quy\u1ec3n s\u00e1ch c\u1ee7a b\u00e0i th\u1ef1c t\u1eadp th\u00e1nh linh c\u1ee7a Th\u00f4ng \u0110i\u1ec7p M\u1edbi t\u1eeb Ch\u00faa. \u0110\u01b0\u1ee3c t\u00ecm th\u1ea5y \u1edf \u0111\u00e2y l\u00e0 b\u00e0i vi\u1ebft Nh\u1eefng B\u01b0\u1edbc \u0110i \u0111\u1ebfn Tri Th\u1ee9c, m\u1ed9t trong nh\u1eefng quy\u1ec3n s\u00e1ch \u0111\u1ea7u ti\u00ean c\u1ee7a Kh\u1ea3i Huy\u1ec1n, \u0111\u01b0\u1ee3c trao cho S\u1ee9 Gi\u1ea3 t\u1eeb c\u1ed9i ngu\u1ed3n v\u00e0o\u2026 <a class=\"read-more\" href=\"https:\/\/www.v6.newmessage.org\/vi\/the-message\/volume-3\/\"><span>Read More<\/span><\/a><\/p>\n","protected":false},"author":1,"featured_media":0,"parent":26942,"menu_order":8,"comment_status":"closed","ping_status":"closed","template":"template-leftsidebar.php","meta":{"_monsterinsights_skip_tracking":false,"_monsterinsights_sitenote_active":false,"_monsterinsights_sitenote_note":"","_monsterinsights_sitenote_category":0,"footnotes":""},"categories":[470],"tags":[676,602],"_links":{"self":[{"href":"https:\/\/www.v6.newmessage.org\/vi\/wp-json\/wp\/v2\/pages\/16314"}],"collection":[{"href":"https:\/\/www.v6.newmessage.org\/vi\/wp-json\/wp\/v2\/pages"}],"about":[{"href":"https:\/\/www.v6.newmessage.org\/vi\/wp-json\/wp\/v2\/types\/page"}],"author":[{"embeddable":true,"href":"https:\/\/www.v6.newmessage.org\/vi\/wp-json\/wp\/v2\/users\/1"}],"replies":[{"embeddable":true,"href":"https:\/\/www.v6.newmessage.org\/vi\/wp-json\/wp\/v2\/comments?post=16314"}],"version-history":[{"count":47,"href":"https:\/\/www.v6.newmessage.org\/vi\/wp-json\/wp\/v2\/pages\/16314\/revisions"}],"predecessor-version":[{"id":29039,"href":"https:\/\/www.v6.newmessage.org\/vi\/wp-json\/wp\/v2\/pages\/16314\/revisions\/29039"}],"up":[{"embeddable":true,"href":"https:\/\/www.v6.newmessage.org\/vi\/wp-json\/wp\/v2\/pages\/26942"}],"wp:attachment":[{"href":"https:\/\/www.v6.newmessage.org\/vi\/wp-json\/wp\/v2\/media?parent=16314"}],"wp:term":[{"taxonomy":"category","embeddable":true,"href":"https:\/\/www.v6.newmessage.org\/vi\/wp-json\/wp\/v2\/categories?post=16314"},{"taxonomy":"post_tag","embeddable":true,"href":"https:\/\/www.v6.newmessage.org\/vi\/wp-json\/wp\/v2\/tags?post=16314"}],"curies":[{"name":"wp","href":"https:\/\/api.w.org\/{rel}","templated":true}]}}