{"id":16312,"date":"2014-10-25T22:25:11","date_gmt":"2014-10-25T22:25:11","guid":{"rendered":"http:\/\/www.newmessage.org\/?page_id=16312"},"modified":"2023-08-31T04:34:54","modified_gmt":"2023-08-31T04:34:54","slug":"volume-2","status":"publish","type":"page","link":"https:\/\/www.v6.newmessage.org\/vi\/the-message\/volume-2\/","title":{"rendered":"T\u00e2\u0323p 2"},"content":{"rendered":"<p><strong><img loading=\"lazy\" decoding=\"async\" class=\"imgborder alignright size-medium\" src=\"https:\/\/www.newmessage.org\/wp-content\/uploads\/2014\/10\/The-New-Message-from-God-Volume-2-214x300.png\" alt=\"\" width=\"214\" height=\"300\" \/><\/strong><\/p>\n<h3>V\u00ea\u0300 T\u00e2\u0323p 2<\/h3>\n<p>T\u1eadp Hai c\u1ee7a Th\u00f4ng \u0110i\u1ec7p M\u1edbi t\u1eeb Ch\u00faa ch\u1ee9a \u0111\u1ef1ng truy\u1ec1n th\u1ed1ng t\u00f4n gi\u00e1o s\u00e2u th\u1eb3m h\u01a1n \u1edf trong c\u1ed1t l\u00f5i c\u1ee7a T\u00e2n Kh\u1ea3i Huy\u1ec1n cho nh\u00e2n lo\u1ea1i.<\/p>\n<p>\u1ede \u0111\u00e2y ch\u1ee9a \u0111\u1ef1ng nh\u1eefng b\u00e0i vi\u1ebft n\u1ec1n t\u1ea3ng cho th\u1ea7n h\u1ecdc v\u00e0 th\u00e1nh linh c\u1ee7a Th\u00f4ng \u0110i\u1ec7p M\u1edbi c\u1ee7a Ch\u00faa. \u0110i\u1ec1u n\u00e0y bao g\u1ed3m nh\u1eefng quy\u1ec3n s\u00e1ch trong Th\u00f4ng \u0110i\u1ec7p M\u1edbi: <a href=\"https:\/\/www.newmessage.org\/vi\/the-message\/volume-2\/greater-community-spirituality\/\">Th\u00e1nh Linh trong C\u1ed9ng \u0110\u1ed3ng V\u0129 \u0110\u1ea1i<\/a> v\u00e0 <a href=\"https:\/\/www.newmessage.org\/vi\/the-message\/volume-2\/relationships-higher-purpose\/\">Nh\u1eefng M\u1ed1i Quan H\u1ec7 v\u00e0 M\u1ee5c \u0110\u00edch Cao C\u1ea3<\/a>. Nh\u1eefng b\u00e0i vi\u1ebft thi\u00ean li\u00eang v\u00e0 \u0111\u1ed9c nh\u1ea5t n\u00e0y \u0111\u00e3 \u0111\u01b0\u1ee3c nh\u1eadn l\u00e3nh trong m\u1ed9t qu\u00e1 tr\u00ecnh Kh\u1ea3i Huy\u1ec1n kh\u00f4ng ng\u01b0\u0300ng b\u1edfi S\u1ee9 Gi\u1ea3.<\/p>\n<p>Nh\u1eefng b\u00e0i vi\u1ebft n\u00e0y b\u0103\u0301t \u0111\u00e2\u0300u ha\u0300nh tri\u0300nh cu\u0309a Kh\u1ea3i Huy\u1ec1n c\u0103n b\u1ea3n c\u1ee7a Ch\u00faa cho th\u1ebf gi\u1edbi v\u1ec1 Tri Th\u1ee9c, (<a href=\"https:\/\/www.newmessage.org\/the-message\/volume-2\/greater-community-spirituality\/what-is-knowledge\">Tri Th\u1ee9c l\u00e0 g\u00ec<\/a>), C\u1ed9ng \u0110\u1ed3ng V\u0129 \u0110\u1ea1i (<a href=\"https:\/\/www.newmessage.org\/the-message\/volume-2\/greater-community-spirituality\/what-is-the-greater-community\">C\u1ed9ng \u0110\u1ed3ng V\u0129 \u0110\u1ea1i l\u00e0 g\u00ec<\/a>) v\u00e0 <a href=\"https:\/\/www.newmessage.org\/vi\/the-message\/volume-2\/relationships-higher-purpose\/\">Nh\u1eefng M\u1ed1i Quan H\u1ec7 v\u00e0 M\u1ee5c \u0110\u00edch Cao C\u1ea3<\/a>, c\u0169ng nh\u01b0 nh\u1eefng gi\u00e1o hu\u1ea5n \u0111\u00e2\u0300u ti\u00ean v\u1ec1 b\u1ea3n ch\u1ea5t c\u1ee7a S\u1ef1 Hi\u1ec7n Di\u1ec7n v\u00e0 M\u1ee5c \u0110\u00edch c\u1ee7a Ch\u00faa trong th\u1ebf gi\u1edbi v\u00e0 trong v\u0169 tr\u1ee5 b\u00ean ngo\u00e0i.<\/p>\n<p>Trong nh\u1eefng b\u00e0i vi\u1ebft n\u00e0y, nh\u00e2n lo\u1ea1i \u0111\u01b0\u1ee3c gi\u1edbi thi\u1ec7u \u0111\u1ebfn Con \u0110\u01b0\u1eddng Tri Th\u1ee9c trong C\u1ed9ng \u0110\u1ed3ng V\u0129 \u0110\u1ea1i, con \u0111\u01b0\u1eddng c\u1ee7a vi\u1ec7c th\u1ef1c t\u1eadp th\u00e1nh linh v\u00e0 s\u1ef1 ph\u00e1t tri\u1ec3n n\u1ed9i t\u00e2m \u0111\u01b0\u1ee3c th\u1ef1c t\u1eadp kh\u1eafp c\u1ea3 v\u0169 tr\u1ee5 t\u1eeb th\u01b0\u1edf ban \u0111\u1ea7u. Con \u0110\u01b0\u1eddng Tri Th\u1ee9c trong C\u1ed9ng \u0110\u1ed3ng V\u0129 \u0110\u1ea1i ngay l\u00fac n\u00e0y \u0111ang \u0111\u01b0\u1ee3c tr\u00ecnh b\u00e0y \u0111\u1ebfn cho th\u1ebf gi\u1edbi ch\u00fang ta l\u1ea7n \u0111\u1ea7u ti\u00ean.<\/p>\n<p>Trong khi nh\u1eefng b\u00e0i vi\u1ebft n\u00e0y ti\u1ebfp t\u1ee5c thi\u1ebft l\u1eadp n\u1ec1n t\u1ea3ng th\u00e1nh linh c\u1ee7a Th\u00f4ng \u0110i\u1ec7p M\u1edbi, ch\u00fang c\u0169ng vang l\u00ean m\u1ed9t ti\u1ebfng g\u1ecdi th\u00e2n m\u00e2\u0323t s\u00e2u th\u1eb3m t\u1eeb Ch\u00faa \u0111\u1ebfn cho c\u00e1 nh\u00e2n &#8211; m\u1ed9t ti\u1ebfng g\u1ecdi c\u1ee7a quy\u1ec1n l\u1ef1c v\u0129 \u0111\u1ea1i v\u00e0 s\u1ef1 b\u00ed \u1ea9n. Ti\u1ebfng g\u1ecdi n\u00e0y k\u00eau g\u1ecdi b\u1ea1n, g\u1ecdi v\u1ecdng xu\u1ed1ng nh\u1eefng h\u00e0nh lang c\u1ed5 \u0111\u1ea1i c\u1ee7a t\u00e2m tr\u00ed c\u1ee7a b\u1ea1n, g\u1ecdi \u0111\u1ebfn m\u1ed9t Tri Th\u1ee9c s\u00e2u th\u1eb3m h\u01a1n v\u00e0 m\u1ed9t ky\u0301 \u01b0\u0301c c\u1ed5 \u0111\u1ea1i \u0111ang s\u1ed1ng b\u00ean trong b\u1ea1n, \u0111ang ch\u1edd \u0111\u1ee3i \u0111\u1ec3 \u0111\u01b0\u1ee3c kh\u00e1m ph\u00e1.<\/p>\n<div class=\"toggle toggle-white\"><h4 class=\"trigger \"><span class=\"t_ico\"><\/span><a href=\"#\">Ho\u0323c th\u00eam\u2026<\/a><\/h4><div class=\"toggle_container \"><br \/>\n<\/p>\n<p><\/div><\/div>\n<div class=\"clearfix\"><\/div>\n<div class=\"the-message-books-volumes panel-30 background-tile-1 margin-bottom-20\">\n<h2 class=\"text-align-center margin-bottom-20\"><a class=\"text-color-gray-5 not-underlined\" title=\"Volume 2\" href=\"\/the-message\/volume-2\">T\u00e2\u0323p 2<\/a><\/h2>\n<div class=\"one_third \" ><\/p>\n<div class=\"message-book-div\"><a class=\"message-book-link-to-post\" title=\"Th\u00e1nh Linh trong C\u1ed9ng \u0110\u1ed3ng V\u0129 \u0110\u1ea1i \" href=\"\/vi\/the-message\/volume-2\/greater-community-spirituality\" rel=\"bookmark\">Th\u00e1nh Linh trong C\u1ed9ng \u0110\u1ed3ng V\u0129 \u0110\u1ea1i<\/a><\/div>\n<div class=\"toggle toggle-gray\"><h4 class=\"trigger \"><span class=\"t_ico\"><\/span><a href=\"#\">Mu\u0323c lu\u0323c<\/a><\/h4><div class=\"toggle_container \"><br \/>\n1. <a href=\"https:\/\/www.newmessage.org\/vi\/the-message\/volume-2\/greater-community-spirituality\/what-is-god\/\">Ch\u00faa l\u00e0 g\u00ec?<\/a><br \/>\n2. <a href=\"https:\/\/www.newmessage.org\/vi\/the-message\/volume-2\/greater-community-spirituality\/what-is-the-world\">Th\u1ebf Gi\u1edbi l\u00e0 G\u00ec?<\/a><br \/>\n3. <a href=\"https:\/\/www.newmessage.org\/vi\/the-message\/volume-2\/greater-community-spirituality\/what-is-life-force\/\">Sinh L\u1ef1c l\u00e0 g\u00ec?<\/a><br \/>\n4. <a class=\"font-size-15\" href=\"https:\/\/www.newmessage.org\/vi\/the-message\/volume-2\/greater-community-spirituality\/what-is-knowledge\/\">Tri Th\u1ee9c l\u00e0 g\u00ec?<\/a><br \/>\n5. <a class=\"font-size-15\" href=\"https:\/\/www.newmessage.org\/vi\/the-message\/volume-2\/greater-community-spirituality\/what-is-human-purpose\">M\u1ee5c \u0110\u00edch c\u1ee7a Con Ng\u01b0\u1eddi l\u00e0 G\u00ec?<\/a><br \/>\n6. <a class=\"font-size-15\" href=\"https:\/\/www.newmessage.org\/vi\/the-message\/volume-2\/greater-community-spirituality\/what-is-the-greater-community\">C\u1ed9ng \u0110\u1ed3ng V\u0129 \u0110\u1ea1i l\u00e0 g\u00ec?<\/a><br \/>\n7. <a class=\"font-size-15\" href=\"https:\/\/www.newmessage.org\/vi\/the-message\/volume-2\/greater-community-spirituality\/how-is-wisdom-achieved-in-life\/\">L\u00e0m sao Minh Tri\u1ebft \u0111\u01b0\u01a1\u0323c \u0111a\u0323t \u0111\u01b0\u01a1\u0323c trong cu\u1ed9c s\u1ed1ng?<\/a><br \/>\n8. <a class=\"font-size-15\" href=\"https:\/\/www.newmessage.org\/vi\/the-message\/volume-2\/greater-community-spirituality\/who-is-wisdom-meant-for\/\">Minh Tri\u1ebft \u0111\u01b0\u1ee3c d\u00e0nh cho ai?<\/a><br \/>\n9. <a class=\"font-size-15\" href=\"https:\/\/www.newmessage.org\/vi\/the-message\/volume-2\/greater-community-spirituality\/how-does-god-participate-in-the-world\/\">Ch\u00faa Tham Gia trong Th\u1ebf Gi\u1edbi Nh\u01b0 Th\u1ebf N\u00e0o?<\/a><br \/>\n10. <a class=\"font-size-15\" href=\"https:\/\/www.newmessage.org\/vi\/the-message\/volume-2\/greater-community-spirituality\/how-do-you-prepare\">La\u0300m sao \u0111\u00ea\u0309 b\u1ea1n chu\u1ea9n b\u1ecb?<\/a><br \/>\n11. <a href=\"https:\/\/www.newmessage.org\/vi\/the-message\/volume-2\/greater-community-spirituality\/what-is-your-preparation-for\/\">B\u1ea1n \u0111ang Chu\u1ea9n B\u1ecb cho \u0110i\u1ec1u G\u00ec?<\/a><br \/>\n12. <a class=\"font-size-15\" href=\"https:\/\/www.newmessage.org\/vi\/the-message\/volume-2\/greater-community-spirituality\/whom-will-you-meet\">B\u1ea1n s\u1ebd g\u1eb7p ai?<\/a><br \/>\n13. <a href=\"https:\/\/www.newmessage.org\/vi\/the-message\/volume-2\/greater-community-spirituality\/what-must-be-unlearned\/\">\u0110i\u1ec1u G\u00ec Ph\u1ea3i \u0110\u01b0\u1ee3c Qu\u00ean \u0110i?<\/a><br \/>\n14. <a href=\"https:\/\/www.newmessage.org\/vi\/the-message\/volume-2\/greater-community-spirituality\/what-must-be-avoided\/\">\u0110i\u1ec1u G\u00ec Ph\u1ea3i \u0110\u01b0\u1ee3c Tr\u00e1nh?<\/a><br \/>\n15. <a href=\"https:\/\/www.newmessage.org\/vi\/the-message\/volume-2\/greater-community-spirituality\/who-serves-humanity\/\">Ai Ph\u1ee5c V\u1ee5 Nh\u00e2n Lo\u1ea1i?<\/a><br \/>\n16. <a class=\"font-size-15\" href=\"\/vi\/the-message\/volume-2\/greater-community-spirituality\/who-are-the-unseen-ones\">Nh\u1eefng Ng\u01b0\u1eddi V\u00f4 H\u00ecnh la\u0300 ai?<\/a><br \/>\n17. <a href=\"https:\/\/www.newmessage.org\/vi\/the-message\/volume-2\/greater-community-spirituality\/how-does-revelation-occur-in-human-life\/\">M\u1eb7c Kh\u1ea3i X\u1ea3y Ra trong Cu\u1ed9c S\u1ed1ng Con Ng\u01b0\u1eddi Nh\u01b0 Th\u1ebf N\u00e0o?<\/a><br \/>\n18. <a href=\"https:\/\/www.newmessage.org\/vi\/the-message\/volume-2\/greater-community-spirituality\/what-is-human-destiny\/\">\u0110i\u0323nh M\u00ea\u0323nh Loa\u0300i Ng\u01b0\u1eddi l\u00e0 G\u00ec?<\/a><br \/>\n19. <a href=\"https:\/\/www.newmessage.org\/vi\/the-message\/volume-2\/greater-community-spirituality\/what-is-religion\">T\u00f4n Gi\u00e1o l\u00e0 G\u00ec?<\/a><br \/>\n20. <a href=\"https:\/\/www.newmessage.org\/vi\/the-message\/volume-2\/greater-community-spirituality\/what-is-religious-education-and-who-is-it-for\/\">Gi\u00e1o D\u1ee5c T\u00f4n Gi\u00e1o l\u00e0 G\u00ec v\u00e0 N\u00f3 D\u00e0nh Cho Ai?<\/a><br \/>\n21. <a href=\"https:\/\/www.newmessage.org\/vi\/the-message\/volume-2\/greater-community-spirituality\/what-is-the-greater-community-way-of-knowledge\/\">Con \u0110\u01b0\u1eddng Tri Th\u1ee9c trong C\u1ed9ng \u0110\u1ed3ng V\u0129 \u0110\u1ea1i l\u00e0 G\u00ec?<\/a><br \/>\n22. <a href=\"https:\/\/www.newmessage.org\/vi\/the-message\/volume-2\/greater-community-spirituality\/where-can-knowledge-be-found\/\">Tri Th\u1ee9c C\u00f3 Th\u1ec3 \u0111\u01b0\u1ee3c T\u00ecm Th\u1ea5y \u1edf \u0110\u00e2u?<\/a><br \/>\n23. <a href=\"https:\/\/www.newmessage.org\/vi\/the-message\/volume-2\/greater-community-spirituality\/how-is-knowledge-translated-in-the-greater-community\/\">Tri Th\u1ee9c \u0111\u01b0\u1ee3c Truy\u1ec1n T\u1ea3i Nh\u01b0 Th\u1ebf N\u00e0o trong C\u1ed9ng \u0110\u1ed3ng V\u0129 \u0110\u1ea1i?<\/a><br \/>\n24. <a class=\"font-size-15\" href=\"\/vi\/the-message\/volume-2\/greater-community-spirituality\/what-is-steps-to-knowledge\">Nh\u1eefng B\u01b0\u1edbc \u0110i \u0111\u1ebfn Tri Th\u1ee9c l\u00e0 g\u00ec?<\/a><br \/>\n25. <a href=\"https:\/\/www.newmessage.org\/vi\/the-message\/volume-2\/greater-community-spirituality\/what-is-grace\/\">\u00c2n S\u1ee7ng l\u00e0 g\u00ec?<\/a><br \/>\n26. <a href=\"https:\/\/www.newmessage.org\/vi\/the-message\/volume-2\/greater-community-spirituality\/who-is-jesus\/\">Gi\u00easu l\u00e0 Ai?<\/a><br \/>\n27. <a href=\"https:\/\/www.newmessage.org\/vi\/the-message\/volume-2\/greater-community-spirituality\/what-is-the-evolution-of-religion-in-the-world\/\">S\u1ef1 Ti\u1ebfn H\u00f3a c\u1ee7a T\u00f4n Gi\u00e1o tr\u00ean Th\u1ebf Gi\u1edbi l\u00e0 G\u00ec?<\/a><\/p>\n<h4 class=\"text-color-gray-6\"><\/h4>\n<p><\/div><\/div><br \/>\n<\/div>\n<div class=\"one_third \" ><\/p>\n<div class=\"message-book-div\"><a class=\"message-book-link-to-post\" title=\"Nh\u1eefng M\u1ed1i Quan H\u1ec7 v\u00e0 M\u1ee5c \u0110\u00edch Cao C\u1ea3\" href=\"\/vi\/the-message\/volume-2\/relationships-higher-purpose\" rel=\"bookmark\">Nh\u1eefng M\u1ed1i Quan H\u1ec7 v\u00e0 M\u1ee5c \u0110\u00edch Cao C\u1ea3<\/a><\/div>\n<div class=\"toggle toggle-gray\"><h4 class=\"trigger \"><span class=\"t_ico\"><\/span><a href=\"#\">Mu\u0323c lu\u0323c<\/a><\/h4><div class=\"toggle_container \"><\/p>\n<p>PH\u1ea6N M\u00d4\u0323T: NH\u1eeeNG M\u1ed0I QUAN H\u00ca\u0323 V\u00c0 M\u1ee4C \u0110\u00cdCH CAO C\u1ea2<br \/>\n<a class=\"font-size-15\" title=\"Your Most Primary Relationship\" href=\"\/the-message\/volume-2\/relationships-higher-purpose\/your-most-primary-relationship\">M\u1ed1i quan h\u1ec7 ch\u00ednh c\u1ee7a b\u1ea1n<\/a><br \/>\n<a class=\"font-size-15\" href=\"\/the-message\/volume-2\/relationships-higher-purpose\/your-relationship-with-yourself\">M\u1ed1i quan h\u1ec7 c\u1ee7a b\u1ea1n v\u1edbi B\u1ea3n Th\u00e2n<\/a><br \/>\n<a class=\"font-size-15\" href=\"\/the-message\/volume-2\/relationships-higher-purpose\/your-relationship-with-others\">M\u1ed1i quan h\u1ec7 c\u1ee7a b\u1ea1n v\u1edbi Nh\u1eefng Ng\u01b0\u1eddi Kh\u00e1c<\/a><br \/>\n<a class=\"font-size-15 padding_bottom_zero\" href=\"https:\/\/www.newmessage.org\/the-message\/volume-2\/relationships-higher-purpose\/your-relationship-with-the-world\">M\u1ed1i quan h\u1ec7 c\u1ee7a b\u1ea1n v\u1edbi Th\u1ebf Gi\u1edbi<\/a><br \/>\n<a href=\"https:\/\/www.newmessage.org\/vi\/the-message\/volume-2\/relationships-higher-purpose\/your-relationship-with-your-spiritual-family\">M\u1ed1i quan h\u1ec7 c\u1ee7a b\u1ea1n v\u1edbi Gia \u0110\u00ecnh Th\u00e1nh Linh c\u1ee7a B\u1ea1n<\/a><br \/>\n<a href=\"https:\/\/www.newmessage.org\/vi\/the-message\/volume-2\/relationships-higher-purpose\/your-relationship-with-knowledge\/\">M\u1ed1i Quan H\u1ec7 c\u1ee7a B\u1ea1n v\u1edbi Tri Th\u1ee9c<\/a><br \/>\n<a href=\"https:\/\/www.newmessage.org\/vi\/the-message\/volume-2\/relationships-higher-purpose\/your-relationship-with-the-unknown\/\">M\u1ed1i Quan H\u1ec7 c\u1ee7a B\u1ea1n v\u1edbi Nh\u1eefng G\u00ec Ch\u01b0a Bi\u1ebft<\/a><br \/>\n<a href=\"https:\/\/www.newmessage.org\/vi\/the-message\/volume-2\/relationships-higher-purpose\/the-problem-of-evil-and-the-forces-of-dissonance\/\">V\u1ea5n \u0110\u1ec1 v\u1ec1 C\u00e1i \u00c1c v\u00e0 C\u00e1c Th\u1ebf L\u1ef1c B\u1ea5t H\u00f2a<\/a><br \/>\n<a href=\"https:\/\/www.newmessage.org\/vi\/the-message\/volume-2\/relationships-higher-purpose\/stages-of-development\/\">C\u00e1c Giai \u0110o\u1ea1n Ph\u00e1t Tri\u1ec3n<\/a><br \/>\n<a class=\"font-size-15\" href=\"\/the-message\/volume-2\/relationships-higher-purpose\/marriage\">H\u00f4n Nh\u00e2n<\/a><br \/>\n<a class=\"font-size-15\" href=\"\/the-message\/volume-2\/relationships-higher-purpose\/your-purpose-and-spiritual-calling\">M\u1ee5c \u0110\u00edch v\u00e0 Ti\u1ebfng G\u1ecdi Th\u00e1nh Linh c\u1ee7a B\u1ea1n<\/a><\/p>\n<p>PH\u1ea6N HAI: NH\u1eeeNG C\u00c2U H\u1eceI TH\u1ef0C T\u00ca\u0301<br \/>\n<a href=\"https:\/\/www.newmessage.org\/vi\/the-message\/volume-2\/relationships-higher-purpose\/establishing-relationships\/\">Thi\u1ebft L\u1eadp M\u1ed1i Quan H\u1ec7<\/a><br \/>\n<a href=\"https:\/\/www.newmessage.org\/vi\/the-message\/volume-2\/relationships-higher-purpose\/maintaining-relationships\/\">Duy Tr\u00ec M\u1ed1i Quan H\u1ec7<\/a><br \/>\n<a href=\"https:\/\/www.newmessage.org\/vi\/the-message\/volume-2\/relationships-higher-purpose\/completing-relationships\/\">Ho\u00e0n Th\u00e0nh M\u1ed1i Quan H\u1ec7<\/a><br \/>\n<a href=\"https:\/\/www.newmessage.org\/vi\/the-message\/volume-2\/relationships-higher-purpose\/conclusion\/\">K\u1ebft Lu\u1eadn<\/a><br \/>\n<\/div><\/div><br \/>\n<\/div>\n<div class=\"one_third last\" ><\/p>\n<div class=\"message-book-div more\"><a class=\"message-book-link-to-post\" title=\"More to Come\u2026\" href=\"\/vi\/the-message\/the-revelation-continues-to-this-day\" rel=\"bookmark\">S\u0103\u0301p Co\u0301 Th\u00eam&#8230;<\/a><\/div>\n<p><\/div>\n<\/div>\n","protected":false},"excerpt":{"rendered":"<p>V\u00ea\u0300 T\u00e2\u0323p 2 T\u1eadp Hai c\u1ee7a Th\u00f4ng \u0110i\u1ec7p M\u1edbi t\u1eeb Ch\u00faa ch\u1ee9a \u0111\u1ef1ng truy\u1ec1n th\u1ed1ng t\u00f4n gi\u00e1o s\u00e2u th\u1eb3m h\u01a1n \u1edf trong c\u1ed1t l\u00f5i c\u1ee7a T\u00e2n Kh\u1ea3i Huy\u1ec1n cho nh\u00e2n lo\u1ea1i. \u1ede \u0111\u00e2y ch\u1ee9a \u0111\u1ef1ng nh\u1eefng b\u00e0i vi\u1ebft n\u1ec1n t\u1ea3ng cho th\u1ea7n h\u1ecdc v\u00e0 th\u00e1nh linh c\u1ee7a Th\u00f4ng \u0110i\u1ec7p M\u1edbi c\u1ee7a Ch\u00faa. \u0110i\u1ec1u n\u00e0y bao\u2026 <a class=\"read-more\" href=\"https:\/\/www.v6.newmessage.org\/vi\/the-message\/volume-2\/\"><span>Read More<\/span><\/a><\/p>\n","protected":false},"author":1,"featured_media":0,"parent":26942,"menu_order":7,"comment_status":"closed","ping_status":"closed","template":"template-leftsidebar.php","meta":{"_monsterinsights_skip_tracking":false,"_monsterinsights_sitenote_active":false,"_monsterinsights_sitenote_note":"","_monsterinsights_sitenote_category":0,"footnotes":""},"categories":[],"tags":[675,635],"_links":{"self":[{"href":"https:\/\/www.v6.newmessage.org\/vi\/wp-json\/wp\/v2\/pages\/16312"}],"collection":[{"href":"https:\/\/www.v6.newmessage.org\/vi\/wp-json\/wp\/v2\/pages"}],"about":[{"href":"https:\/\/www.v6.newmessage.org\/vi\/wp-json\/wp\/v2\/types\/page"}],"author":[{"embeddable":true,"href":"https:\/\/www.v6.newmessage.org\/vi\/wp-json\/wp\/v2\/users\/1"}],"replies":[{"embeddable":true,"href":"https:\/\/www.v6.newmessage.org\/vi\/wp-json\/wp\/v2\/comments?post=16312"}],"version-history":[{"count":68,"href":"https:\/\/www.v6.newmessage.org\/vi\/wp-json\/wp\/v2\/pages\/16312\/revisions"}],"predecessor-version":[{"id":29671,"href":"https:\/\/www.v6.newmessage.org\/vi\/wp-json\/wp\/v2\/pages\/16312\/revisions\/29671"}],"up":[{"embeddable":true,"href":"https:\/\/www.v6.newmessage.org\/vi\/wp-json\/wp\/v2\/pages\/26942"}],"wp:attachment":[{"href":"https:\/\/www.v6.newmessage.org\/vi\/wp-json\/wp\/v2\/media?parent=16312"}],"wp:term":[{"taxonomy":"category","embeddable":true,"href":"https:\/\/www.v6.newmessage.org\/vi\/wp-json\/wp\/v2\/categories?post=16312"},{"taxonomy":"post_tag","embeddable":true,"href":"https:\/\/www.v6.newmessage.org\/vi\/wp-json\/wp\/v2\/tags?post=16312"}],"curies":[{"name":"wp","href":"https:\/\/api.w.org\/{rel}","templated":true}]}}