{"id":16297,"date":"2014-10-25T22:08:36","date_gmt":"2014-10-25T22:08:36","guid":{"rendered":"http:\/\/www.newmessage.org\/?page_id=16297"},"modified":"2021-01-21T01:52:55","modified_gmt":"2021-01-21T01:52:55","slug":"the-one-god","status":"publish","type":"page","link":"https:\/\/www.v6.newmessage.org\/vi\/the-message\/volume-1\/the-one-god\/","title":{"rendered":"M\u00f4\u0323t Chu\u0301a"},"content":{"rendered":"<p><img loading=\"lazy\" decoding=\"async\" class=\"alignright wp-image-28924\" src=\"https:\/\/www.newmessage.org\/wp-content\/uploads\/2016\/07\/TOG_v.7.0_ebook-cover-1-200x300.jpg\" alt=\"Only One God\" width=\"225\" height=\"338\" \/><\/p>\n<p><em>M\u00f4\u0323t Chu\u0301a<\/em> la\u0300 m\u00f4\u0323t quy\u00ea\u0309n sa\u0301ch kha\u0309i huy\u00ea\u0300n ma\u0300 trao ban cho m\u00f4\u0323t hi\u00ea\u0309u bi\u00ea\u0301t m\u01a1\u0301i v\u00ea\u0300 ba\u0309n ch\u00e2\u0301t va\u0300 th\u01b0\u0323c t\u00ea\u0301 cu\u0309a Chu\u0301a va\u0300 K\u00ea\u0301 Hoa\u0323ch va\u0300 Mu\u0323c \u0110i\u0301ch cu\u0309a Chu\u0301a trong th\u00ea\u0301 gi\u01a1\u0301i va\u0300 trong C\u00f4\u0323ng \u0110\u00f4\u0300ng Vi\u0303 \u0110a\u0323i cu\u0309a s\u01b0\u0323 s\u00f4\u0301ng trong vu\u0303 tru\u0323. \u01a0\u0309 \u0111\u00e2y b\u0103\u0301t \u0111\u00e2\u0300u ch\u01b0\u01a1ng k\u00ea\u0301 ti\u00ea\u0301p trong Kha\u0309i Huy\u00ea\u0300n \u0111ang t\u0103ng tr\u01b0\u01a1\u0309ng v\u00ea\u0300 s\u01b0\u0323 Hi\u00ea\u0323n Di\u00ea\u0323n va\u0300 Y\u0301 Mu\u00f4\u0301n cu\u0309a Chu\u0301a cho nh\u00e2n loa\u0323i.<\/p>\n<p>Th\u00f4ng qua nh\u01b0\u0303ng S\u01b0\u0301 Gia\u0309 vi\u0303 \u0111a\u0323i va\u0300 nh\u01b0\u0303ng Gia\u0301o Hu\u00e2\u0301n cu\u0309a qua\u0301 kh\u01b0\u0301, Kha\u0309i Huy\u00ea\u0300n \u0111ang di\u00ea\u0303n ra na\u0300y \u0111a\u0303 cha\u0309y xuy\u00ean su\u00f4\u0301t th\u01a1\u0300i gian, ti\u00ea\u0301n tri\u00ea\u0309n s\u01b0\u0323 hi\u00ea\u0309u bi\u00ea\u0301t cu\u0309a chu\u0301ng ta v\u00ea\u0300 <em>M\u00f4\u0323t Chu\u0301a<\/em> va\u0300 s\u01b0\u0323 th\u01b0\u0301c ti\u0309nh cu\u0309a m\u00f4\u0301i quan h\u00ea\u0323 ca\u0301 nh\u00e2n cu\u0309a chu\u0301ng ta v\u01a1\u0301i s\u01b0\u0323 Hi\u00ea\u0323n Di\u00ea\u0323n Tha\u0301nh Linh trong cu\u00f4\u0323c s\u00f4\u0301ng chu\u0301ng ta. B\u00e2y gi\u01a1\u0300 Kha\u0309i Huy\u00ea\u0300n \u0111ang t\u0103ng tr\u01b0\u01a1\u0309ng na\u0300y ti\u00ea\u0301p tu\u0323c theo m\u00f4\u0323t ca\u0301ch m\u01a1\u0301i th\u00f4ng qua m\u00f4\u0323t Th\u00f4ng \u0110i\u00ea\u0323p M\u01a1\u0301i t\u01b0\u0300 Chu\u0301a.<\/p>\n<p>Ch\u01b0\u0303 Vi\u00ea\u0301t va\u0300 \u00c2m Thanh \u0111ang \u01a1\u0309 trong th\u00ea\u0301 gi\u01a1\u0301i ngay lu\u0301c na\u0300y. M\u00f4\u0303i ch\u01b0\u01a1ng cu\u0309a <em>M\u00f4\u0323t Chu\u0301a<\/em> la\u0300 m\u00f4\u0323t kha\u0309i huy\u00ea\u0300n \u0111\u01b0\u01a1\u0323c trao ban \u0111\u00ea\u0309 \u0111\u01b0a cho m\u00f4\u0323t gia\u0301o hu\u00e2\u0301n m\u01a1\u0301i v\u00ea\u0300 C\u00f4\u0323i Ngu\u00f4\u0300n cu\u0309a s\u01b0\u0323 s\u00f4\u0301ng cu\u0309a chu\u0301ng ta va\u0300 mu\u0323c \u0111i\u0301ch chu\u0301ng ta \u01a1\u0309 trong th\u00ea\u0301 gi\u01a1\u0301i trong th\u01a1\u0300i \u0111a\u0323i na\u0300y. M\u00f4\u0303i ch\u01b0\u01a1ng m\u01a1\u0309 ra tr\u01b0\u01a1\u0301c m\u0103\u0301t ba\u0323n m\u00f4\u0323t \u0111i\u00ea\u0309m quan sa\u0301t m\u01a1\u0301i ma\u0300 ba\u0323n co\u0301 th\u00ea\u0309 nhi\u0300n thoa\u0301ng va\u0300o tra\u0301i tim cu\u0309a Chu\u0301a, quay v\u00ea\u0300 nga\u0300y kh\u01a1\u0309i \u0111\u00e2\u0300u cu\u0309a vu\u0303 tru\u0323 va\u0300 \u0111i tr\u01b0\u01a1\u0301c \u0111\u00ea\u0301n s\u01b0\u0323 m\u01a1\u0309 ra cu\u0309a K\u00ea\u0301 Hoa\u0323ch cu\u0309a Chu\u0301a cho th\u01a1\u0300i \u0111a\u0323i na\u0300y va\u0300 cho nh\u01b0\u0303ng th\u01a1\u0300i \u0111a\u0323i s\u0103\u0301p t\u01a1\u0301i.<\/p>\n<p>M\u00f4\u0303i ch\u01b0\u01a1ng cu\u0309a <em>M\u00f4\u0323t Chu\u0301a<\/em> la\u0300 m\u00f4\u0323t kha\u0309i huy\u00ea\u0300n \u0111\u01b0\u01a1\u0323c trao ban t\u01b0\u0300 C\u00f4\u0323i Ngu\u00f4\u0300n, \u0111\u01b0\u01a1\u0323c bi\u00ean soa\u0323n tha\u0300nh ba\u0300i vi\u00ea\u0301t na\u0300y b\u01a1\u0309i S\u01b0\u0301 Gia\u0309 Marshall Vian Summers.<\/p>\n<p><em>M\u00f4\u0323t Chu\u0301a la\u0300 quy\u00ea\u0309n sa\u0301ch th\u01b0\u0301 hai cu\u0309a <a href=\"https:\/\/www.newmessage.org\/vi\/the-message\/volume-1\/\">T\u00e2\u0323p 1<\/a> cu\u0309a Th\u00f4ng \u0110i\u00ea\u0323p M\u01a1\u0301i t\u01b0\u0300 Chu\u0301a. <\/em><\/p>\n<div class=\"toggle toggle-white\"><h4 class=\"trigger \"><span class=\"t_ico\"><\/span><a href=\"#\">Ho\u0323c th\u00eam...<\/a><\/h4><div class=\"toggle_container \"><br \/>\n<div data-post-id='24520' class='insert-page insert-page-24520 '><\/div><br \/>\n<\/div><\/div>\n<div class=\"background-color-bridesmaid padding-20\">\n<h2 style=\"text-align: left;\"><span style=\"color: #525252;\">Mu\u0323c lu\u0323c<\/span><\/h2>\n<p><a href=\"\/vi\/the-message\/volume-1\/one-god\/the-one-god-book-intro\">Gi\u01a1\u0301i thi\u00ea\u0323u<\/a><\/p>\n<p><a href=\"https:\/\/www.newmessage.org\/vi\/the-message\/volume-1\/the-one-god\/comprehending-god\/\">Nh\u00e2\u0323n Th\u01b0\u0301c Chu\u0301a<\/a><br \/>\n<a href=\"https:\/\/www.newmessage.org\/vi\/the-message\/volume-1\/the-one-god\/the-new-god\/\">T\u00e2n Kh\u1ea3i Huy\u1ec1n c\u1ee7a Ch\u00faa<\/a><br \/>\n<a href=\"https:\/\/www.newmessage.org\/vi\/the-message\/volume-1\/the-one-god\/the-origin\/\">C\u00f4\u0323i Ngu\u00f4\u0300n<\/a><br \/>\n<a href=\"https:\/\/www.newmessage.org\/vi\/the-message\/volume-1\/the-one-god\/the-separation\/\">S\u01b0\u0323 Ph\u00e2n Ly<\/a><br \/>\n<a href=\"https:\/\/www.newmessage.org\/vi\/the-message\/volume-1\/the-one-god\/what-is-creation\/\">Ta\u0323o Ho\u0301a la\u0300 Gi\u0300?<\/a><br \/>\n<a href=\"https:\/\/www.newmessage.org\/vi\/the-message\/volume-1\/the-one-god\/the-soul\/\">Linh H\u00f4\u0300n<\/a><br \/>\n<a href=\"https:\/\/www.newmessage.org\/vi\/the-message\/volume-1\/the-one-god\/what-creates-evil\/\">\u0110i\u00ea\u0300u Gi\u0300 Ta\u0323o Ra Ca\u0301i A\u0301c?<\/a><br \/>\n<a href=\"https:\/\/www.newmessage.org\/vi\/the-message\/volume-1\/the-one-god\/the-redemption\/\">S\u01b0\u0323 C\u01b0\u0301u R\u00f4\u0303i<\/a><br \/>\n<a href=\"https:\/\/www.newmessage.org\/vi\/the-message\/volume-1\/the-one-god\/god-knowledge-and-the-angelic-presence\/\">Chu\u0301a, Tri Th\u01b0\u0301c va\u0300 S\u01b0\u0323 Hi\u00ea\u0323n Di\u00ea\u0323n cu\u0309a Thi\u00ean Th\u00e2\u0300n<\/a><br \/>\n<a href=\"https:\/\/www.newmessage.org\/vi\/the-message\/volume-1\/the-one-god\/how-god-speaks-to-the-world\/\">Ca\u0301ch Chu\u0301a No\u0301i v\u01a1\u0301i Th\u00ea\u0301 Gi\u01a1\u0301i<\/a><br \/>\n<a href=\"https:\/\/www.newmessage.org\/vi\/the-message\/volume-1\/the-one-god\/gods-plan-is-to-save-everyone\/\">K\u00ea\u0301 Hoa\u0323ch cu\u0309a Chu\u0301a la\u0300 \u0111\u00ea\u0309 C\u01b0\u0301u Mo\u0323i Ng\u01b0\u01a1\u0300i<\/a><br \/>\n<a href=\"https:\/\/www.newmessage.org\/vi\/the-message\/volume-1\/the-one-god\/the-heart-of-god\/\">Tra\u0301i Tim cu\u0309a Chu\u0301a<\/a><\/p>\n<\/div>\n","protected":false},"excerpt":{"rendered":"<p>M\u00f4\u0323t Chu\u0301a la\u0300 m\u00f4\u0323t quy\u00ea\u0309n sa\u0301ch kha\u0309i huy\u00ea\u0300n ma\u0300 trao ban cho m\u00f4\u0323t hi\u00ea\u0309u bi\u00ea\u0301t m\u01a1\u0301i v\u00ea\u0300 ba\u0309n ch\u00e2\u0301t va\u0300 th\u01b0\u0323c t\u00ea\u0301 cu\u0309a Chu\u0301a va\u0300 K\u00ea\u0301 Hoa\u0323ch va\u0300 Mu\u0323c \u0110i\u0301ch cu\u0309a Chu\u0301a trong th\u00ea\u0301 gi\u01a1\u0301i va\u0300 trong C\u00f4\u0323ng \u0110\u00f4\u0300ng Vi\u0303 \u0110a\u0323i cu\u0309a s\u01b0\u0323 s\u00f4\u0301ng trong vu\u0303 tru\u0323. \u01a0\u0309 \u0111\u00e2y b\u0103\u0301t \u0111\u00e2\u0300u ch\u01b0\u01a1ng k\u00ea\u0301 ti\u00ea\u0301p trong\u2026 <a class=\"read-more\" href=\"https:\/\/www.v6.newmessage.org\/vi\/the-message\/volume-1\/the-one-god\/\"><span>Read More<\/span><\/a><\/p>\n","protected":false},"author":1,"featured_media":0,"parent":16287,"menu_order":2,"comment_status":"closed","ping_status":"closed","template":"template-leftsidebar.php","meta":{"_monsterinsights_skip_tracking":false,"_monsterinsights_sitenote_active":false,"_monsterinsights_sitenote_note":"","_monsterinsights_sitenote_category":0,"footnotes":""},"categories":[379,460],"tags":[656,657,653,652,668,658,648,655,654,649,573,605,650,651],"_links":{"self":[{"href":"https:\/\/www.v6.newmessage.org\/vi\/wp-json\/wp\/v2\/pages\/16297"}],"collection":[{"href":"https:\/\/www.v6.newmessage.org\/vi\/wp-json\/wp\/v2\/pages"}],"about":[{"href":"https:\/\/www.v6.newmessage.org\/vi\/wp-json\/wp\/v2\/types\/page"}],"author":[{"embeddable":true,"href":"https:\/\/www.v6.newmessage.org\/vi\/wp-json\/wp\/v2\/users\/1"}],"replies":[{"embeddable":true,"href":"https:\/\/www.v6.newmessage.org\/vi\/wp-json\/wp\/v2\/comments?post=16297"}],"version-history":[{"count":86,"href":"https:\/\/www.v6.newmessage.org\/vi\/wp-json\/wp\/v2\/pages\/16297\/revisions"}],"predecessor-version":[{"id":28387,"href":"https:\/\/www.v6.newmessage.org\/vi\/wp-json\/wp\/v2\/pages\/16297\/revisions\/28387"}],"up":[{"embeddable":true,"href":"https:\/\/www.v6.newmessage.org\/vi\/wp-json\/wp\/v2\/pages\/16287"}],"wp:attachment":[{"href":"https:\/\/www.v6.newmessage.org\/vi\/wp-json\/wp\/v2\/media?parent=16297"}],"wp:term":[{"taxonomy":"category","embeddable":true,"href":"https:\/\/www.v6.newmessage.org\/vi\/wp-json\/wp\/v2\/categories?post=16297"},{"taxonomy":"post_tag","embeddable":true,"href":"https:\/\/www.v6.newmessage.org\/vi\/wp-json\/wp\/v2\/tags?post=16297"}],"curies":[{"name":"wp","href":"https:\/\/api.w.org\/{rel}","templated":true}]}}