{"id":16290,"date":"2014-10-25T01:17:35","date_gmt":"2014-10-25T01:17:35","guid":{"rendered":"http:\/\/www.newmessage.org\/?page_id=16290"},"modified":"2023-08-31T04:56:01","modified_gmt":"2023-08-31T04:56:01","slug":"god-has-spoken-again","status":"publish","type":"page","link":"https:\/\/www.v6.newmessage.org\/vi\/the-message\/volume-1\/god-has-spoken-again\/","title":{"rendered":"Ch\u00faa \u0110\u00e3 L\u1ea1i L\u00ean Ti\u1ebfng"},"content":{"rendered":"<p><img loading=\"lazy\" decoding=\"async\" width=\"200\" height=\"300\" class=\"alignright size-medium wp-image-27901 imgborder\" src=\"https:\/\/www.newmessage.org\/vi\/wp-content\/uploads\/sites\/65\/2018\/09\/Vietnamese-GHS-front-cover-200x300.jpeg\" alt=\"\" srcset=\"https:\/\/www.v6.newmessage.org\/vi\/wp-content\/uploads\/sites\/65\/2018\/09\/Vietnamese-GHS-front-cover-200x300.jpeg 200w, https:\/\/www.v6.newmessage.org\/vi\/wp-content\/uploads\/sites\/65\/2018\/09\/Vietnamese-GHS-front-cover-400x600.jpeg 400w, https:\/\/www.v6.newmessage.org\/vi\/wp-content\/uploads\/sites\/65\/2018\/09\/Vietnamese-GHS-front-cover.jpeg 427w\" sizes=\"(max-width: 200px) 100vw, 200px\" \/>Ch\u00faa \u0110\u00e3 L\u1ea1i L\u00ean Ti\u1ebfng l\u00e0 s\u1ef1 b\u1eaft \u0111\u1ea7u c\u1ee7a m\u1ed9t Th\u00f4ng \u0110i\u1ec7p M\u1edbi t\u1eeb Ch\u00faa cho nh\u00e2n lo\u1ea1i. Trong nh\u1eefng tranh s\u00e1ch v\u00e0 ch\u01b0\u01a1ng s\u00e1ch c\u1ee7a quy\u1ec3n s\u00e1ch n\u00e0y, Ch\u00faa \u0111ang n\u00f3i v\u1edbi nh\u00e2n lo\u1ea1i theo m\u1ed9t c\u00e1ch m\u1edbi, tuy\u00ean b\u1ed1 m\u1ed9t l\u1eddi c\u1ea3nh b\u00e1o, m\u1ed9t l\u1eddi ch\u00fac ph\u00fac v\u00e0 m\u1ed9t s\u1ef1 chu\u1ea9n b\u1ecb cho m\u1ed9t th\u1ef1c t\u1ebf th\u1ebf gi\u1edbi m\u1edbi, l\u00e0m r\u00f5 v\u1ec1 th\u1ef1c t\u1ebf c\u1ee7a s\u1ef1 Hi\u1ec7n Di\u1ec7n c\u1ee7a Ch\u00faa v\u00e0 trao ban m\u1ed9t c\u00e2u tr\u1ea3 l\u1eddi Th\u00e1nh Linh cho nh\u1eefng kh\u1ee7ng ho\u1ea3ng \u0111ang gia t\u0103ng v\u1ec1 chi\u1ebfn tranh, ph\u00e1 ho\u1ea1i m\u00f4i tr\u01b0\u1eddng, m\u00e2u thu\u1eabn t\u00f4n gi\u00e1o, s\u1ef1 c\u1ef1c kh\u1ed5 v\u00e0 ngh\u00e8o \u0111\u00f3i c\u1ee7a con ng\u01b0\u1eddi \u0111ang gia t\u0103ng kh\u1eafp th\u1ebf gi\u1edbi.<\/p>\n<p>\u0110\u00e2y l\u00e0 m\u1ed9t Th\u00f4ng \u0110i\u1ec7p M\u1edbi t\u1eeb Ch\u00faa. N\u00f3 kh\u00f4ng d\u00e0nh cho ch\u1ec9 m\u1ed9t b\u1ed9 t\u1ed9c, qu\u1ed1c gia hay m\u1ed9t nh\u00f3m t\u00edn ng\u01b0\u1ee1ng. N\u00f3 l\u00e0 s\u1ef1 truy\u1ec1n \u0111\u1ea1t sinh \u0111\u1ed9ng t\u1eeb Ch\u00faa \u0111\u1ebfn tr\u00e1i tim c\u1ee7a m\u1ed7i ng\u01b0\u1eddi nam, ng\u01b0\u1eddi n\u1eef v\u00e0 tr\u1ebb nh\u1ecf tr\u00ean Tr\u00e1i \u0110\u1ea5t cho nh\u1eefng th\u1eddi \u0111i\u1ec3m n\u00e0y v\u00e0 nh\u1eefng th\u1eddi \u0111i\u1ec3m s\u1eafp t\u1edbi. N\u00f3 l\u00e0 s\u1ef1 truy\u1ec1n \u0111\u1ea1t g\u1ed1c t\u1eeb s\u1ef1 Hi\u1ec7n Di\u1ec7n Th\u00e1nh Linh m\u00e0 \u0111ang tr\u00f4ng coi th\u1ebf gi\u1edbi v\u00e0 \u0111\u00e3 d\u1eabn d\u1eaft nh\u00e2n lo\u1ea1i t\u1eeb ng\u00e0n x\u01b0a.<\/p>\n<p>M\u1eb7c d\u00f9 n\u00f3 hi\u1ec7n di\u1ec7n nh\u01b0 m\u1ed9t quy\u1ec3n s\u00e1ch trong tay, Ch\u00faa \u0110\u00e3 L\u1ea1i L\u00ean Ti\u1ebfng l\u00e0 m\u1ed9t \u0111i\u1ec1u v\u0129 \u0111\u1ea1i h\u01a1n r\u1ea5t nhi\u1ec1u. N\u00f3 l\u00e0 s\u1ef1 b\u1eaft \u0111\u1ea7u c\u1ee7a s\u1ef1 truy\u1ec1n \u0111\u1ea1t sinh \u0111\u1ed9ng t\u1eeb Ch\u00faa \u0111\u1ebfn b\u1ea1n. Trong quy\u1ec3n s\u00e1ch n\u00e0y, s\u1ef1 Hi\u1ec7n Di\u1ec7n c\u1ee7a Ch\u00faa k\u00eau g\u1ecdi \u0111\u1ebfn b\u1ea1n v\u00e0 \u0111\u1ebfn t\u1ea5t c\u1ea3 m\u1ecdi ng\u01b0\u1eddi, k\u00eau g\u1ecdi xu\u1ed1ng nh\u1eefng h\u00e0nh lang c\u1ed5 x\u01b0a c\u1ee7a t\u00e2m tr\u00ed b\u1ea1n, \u0111\u1ebfn s\u1ef1 hi\u1ec7n di\u1ec7n th\u00e1nh linh s\u1ed1ng trong b\u1ea1n. \u0110\u00e2y l\u00e0 m\u1ed9t Th\u00f4ng \u0110i\u1ec7p c\u1ee7a s\u1eafc \u0111\u1eb9p, s\u1ee9c m\u1ea1nh v\u00e0 quy\u1ec1n l\u1ef1c lu\u00f4n t\u1ed3n t\u1ea1i cho s\u1ef1 ph\u1ee5c h\u1ed3i l\u1ea1i c\u1ee7a t\u1ea5t c\u1ea3 nh\u1eefng ai c\u00f3 th\u1ec3 nh\u1eadn l\u00e3nh n\u00f3. B\u1edfi v\u00ec Ch\u00faa bi\u1ebft \u0111i\u1ec1u g\u00ec s\u1eafp \u0111\u1ebfn cho th\u1ebf gi\u1edbi, v\u00e0 Ch\u00faa bi\u1ebft t\u1ea1i sao b\u1ea1n v\u00e0 t\u1ea5t c\u1ea3 nh\u1eefng ng\u01b0\u1eddi kh\u00e1c \u0111\u00e3 \u0111\u01b0\u1ee3c g\u1eedi v\u00e0o th\u1ebf gi\u1edbi \u1edf th\u1eddi \u0111i\u1ec3m n\u00e0y \u0111\u1ec3 chu\u1ea9n b\u1ecb cho m\u1ed9t t\u01b0\u01a1ng lai m\u00e0 s\u1ebd kh\u00f4ng nh\u01b0 qu\u00e1 kh\u1ee9.<\/p>\n<p>Ch\u00faa \u0110\u00e3 L\u1ea1i L\u00ean Ti\u1ebfng l\u00e0 quy\u1ec3n s\u00e1ch \u0111\u1ea7u ti\u00ean c\u1ee7a <a href=\"https:\/\/www.newmessage.org\/vi\/the-message\/volume-1\/\">T\u1eadp 1<\/a> c\u1ee7a Th\u00f4ng \u0110i\u1ec7p M\u1edbi t\u1eeb Ch\u00faa.<\/p>\n<div class=\"toggle toggle-white\"><h4 class=\"trigger \"><span class=\"t_ico\"><\/span><a href=\"#\">H\u1ecdc th\u00eam\u2026<\/a><\/h4><div class=\"toggle_container \"><br \/>\n<div data-post-id='24520' class='insert-page insert-page-24520 '><\/div><\/div><\/div><\/div>\n<div class=\"background-color-bridesmaid padding-20\">\n<h2 style=\"text-align: left;\"><span style=\"color: #525252;\">M\u1ee5c l\u1ee5c<\/span><\/h2>\n<p><a href=\"\/the-message\/volume-1\/god-spoken-again\/god-has-spoken-again-intro\">Gi\u1edbi thi\u1ec7u<\/a><\/p>\n<p>Ch\u01b0\u01a1ng 1: <a href=\"https:\/\/www.newmessage.org\/vi\/the-message\/volume-1\/god-has-spoken-again\/the-proclamation\/\">Tuy\u00ean Ng\u00f4n<\/a><\/p>\n<p>Ch\u01b0\u01a1ng 2: <a href=\"https:\/\/www.newmessage.org\/vi\/the-message\/volume-1\/god-has-spoken-again\/the-recitation\/\">Chuy\u1ec7n k\u1ec3 r\u1eb1ng<\/a><\/p>\n<p>Ch\u01b0\u01a1ng 3: <a href=\"https:\/\/www.newmessage.org\/vi\/the-message\/volume-1\/god-has-spoken-again\/the-engagement\">S\u1ef1 K\u1ebft N\u1ed1i<\/a><\/p>\n<p>Ch\u01b0\u01a1ng 4: <a href=\"https:\/\/www.newmessage.org\/vi\/the-message\/volume-1\/god-has-spoken-again\/god-has-spoken\">Ch\u00faa \u0111\u00e3 l\u1ea1i l\u00ean ti\u1ebfng<\/a><\/p>\n<p>Ch\u01b0\u01a1ng 5: <a href=\"https:\/\/www.newmessage.org\/vi\/the-message\/volume-1\/god-has-spoken-again\/seal-of-the-prophets\">\u1ea4n ni\u00eam phong c\u1ee7a c\u00e1c Nh\u00e0 Ti\u00ean Tri<\/a><\/p>\n<p>Ch\u01b0\u01a1ng 6: <a href=\"https:\/\/www.newmessage.org\/vi\/the-message\/volume-1\/god-has-spoken-again\/mission-of-the-messenger\">S\u1ee9 M\u1ec7nh c\u1ee7a S\u1ee9 Gi\u1ea3<\/a><\/p>\n<p>Ch\u01b0\u01a1ng 7: <a href=\"https:\/\/www.newmessage.org\/vi\/the-message\/volume-1\/god-has-spoken-again\/the-initiation\">S\u1ef1 Khai T\u00e2m<\/a><\/p>\n<p>Ch\u01b0\u01a1ng 8: <a href=\"https:\/\/www.newmessage.org\/vi\/the-message\/volume-1\/god-has-spoken-again\/the-blessing\">\u00c2n Ph\u01b0\u1edbc<\/a><\/p>\n<p>Ch\u01b0\u01a1ng 9: <a href=\"https:\/\/www.newmessage.org\/vi\/the-message\/volume-1\/god-has-spoken-again\/living-at-a-time-of-revelation\">S\u1ed1ng trong Th\u1eddi \u0110\u1ea1i c\u1ee7a Kh\u1ea3i Huy\u1ec1n<\/a><\/p>\n<p>Ch\u01b0\u01a1ng 10: <a href=\"https:\/\/www.newmessage.org\/vi\/the-message\/volume-1\/god-has-spoken-again\/the-assembly\">H\u1ed9i \u0110\u1ed3ng<\/a><\/p>\n<p>Ch\u01b0\u01a1ng 11: <a href=\"https:\/\/www.newmessage.org\/vi\/the-message\/volume-1\/god-has-spoken-again\/gods-new-message-for-the-world\">Th\u00f4ng \u0110i\u1ec7p M\u1edbi t\u1eeb Th\u01b0\u1ee3ng \u0110\u1ebf cho th\u1ebf gi\u1edbi<\/a><\/p>\n<p>Ch\u01b0\u01a1ng 12: <a href=\"https:\/\/www.newmessage.org\/vi\/the-message\/volume-1\/god-has-spoken-again\/god-is-moving-humanity-in-a-new-direction\">Th\u01b0\u1ee3ng \u0110\u1ebf \u0111ang h\u01b0\u1edbng Nh\u00e2n Lo\u1ea1i \u0111i the m\u1ed9t \u0110\u01b0\u1eddng H\u01b0\u1edbng M\u1edbi<\/a><\/p>\n<p>Ch\u01b0\u01a1ng 13: <a href=\"https:\/\/www.newmessage.org\/vi\/the-message\/volume-1\/god-has-spoken-again\/the-world-must-receive-gods-new-message\">Th\u1ebf gi\u1edbi ph\u1ea3i nh\u1eadn l\u00e3nh Th\u00f4ng \u0110i\u1ec7p M\u1edbi t\u1eeb Th\u01b0\u1ee3ng \u0110\u1ebf<\/a><\/p>\n<p>Ch\u01b0\u01a1ng 14: <a href=\"https:\/\/www.newmessage.org\/vi\/the-message\/volume-1\/god-has-spoken-again\/the-calling\">Ti\u1ebfng G\u1ecdi<\/a><\/p>\n<\/div>\n","protected":false},"excerpt":{"rendered":"<p>Ch\u00faa \u0110\u00e3 L\u1ea1i L\u00ean Ti\u1ebfng l\u00e0 s\u1ef1 b\u1eaft \u0111\u1ea7u c\u1ee7a m\u1ed9t Th\u00f4ng \u0110i\u1ec7p M\u1edbi t\u1eeb Ch\u00faa cho nh\u00e2n lo\u1ea1i. Trong nh\u1eefng tranh s\u00e1ch v\u00e0 ch\u01b0\u01a1ng s\u00e1ch c\u1ee7a quy\u1ec3n s\u00e1ch n\u00e0y, Ch\u00faa \u0111ang n\u00f3i v\u1edbi nh\u00e2n lo\u1ea1i theo m\u1ed9t c\u00e1ch m\u1edbi, tuy\u00ean b\u1ed1 m\u1ed9t l\u1eddi c\u1ea3nh b\u00e1o, m\u1ed9t l\u1eddi ch\u00fac ph\u00fac v\u00e0 m\u1ed9t s\u1ef1 chu\u1ea9n b\u1ecb\u2026 <a class=\"read-more\" href=\"https:\/\/www.v6.newmessage.org\/vi\/the-message\/volume-1\/god-has-spoken-again\/\"><span>Read More<\/span><\/a><\/p>\n","protected":false},"author":1,"featured_media":0,"parent":16287,"menu_order":3,"comment_status":"closed","ping_status":"closed","template":"template-leftsidebar.php","meta":{"_monsterinsights_skip_tracking":false,"_monsterinsights_sitenote_active":false,"_monsterinsights_sitenote_note":"","_monsterinsights_sitenote_category":0,"footnotes":""},"categories":[461,460],"tags":[656,760,657,601,653,209,652,658,648,655,654,649,650,651],"_links":{"self":[{"href":"https:\/\/www.v6.newmessage.org\/vi\/wp-json\/wp\/v2\/pages\/16290"}],"collection":[{"href":"https:\/\/www.v6.newmessage.org\/vi\/wp-json\/wp\/v2\/pages"}],"about":[{"href":"https:\/\/www.v6.newmessage.org\/vi\/wp-json\/wp\/v2\/types\/page"}],"author":[{"embeddable":true,"href":"https:\/\/www.v6.newmessage.org\/vi\/wp-json\/wp\/v2\/users\/1"}],"replies":[{"embeddable":true,"href":"https:\/\/www.v6.newmessage.org\/vi\/wp-json\/wp\/v2\/comments?post=16290"}],"version-history":[{"count":134,"href":"https:\/\/www.v6.newmessage.org\/vi\/wp-json\/wp\/v2\/pages\/16290\/revisions"}],"predecessor-version":[{"id":29676,"href":"https:\/\/www.v6.newmessage.org\/vi\/wp-json\/wp\/v2\/pages\/16290\/revisions\/29676"}],"up":[{"embeddable":true,"href":"https:\/\/www.v6.newmessage.org\/vi\/wp-json\/wp\/v2\/pages\/16287"}],"wp:attachment":[{"href":"https:\/\/www.v6.newmessage.org\/vi\/wp-json\/wp\/v2\/media?parent=16290"}],"wp:term":[{"taxonomy":"category","embeddable":true,"href":"https:\/\/www.v6.newmessage.org\/vi\/wp-json\/wp\/v2\/categories?post=16290"},{"taxonomy":"post_tag","embeddable":true,"href":"https:\/\/www.v6.newmessage.org\/vi\/wp-json\/wp\/v2\/tags?post=16290"}],"curies":[{"name":"wp","href":"https:\/\/api.w.org\/{rel}","templated":true}]}}