{"id":14756,"date":"2014-08-23T22:51:24","date_gmt":"2014-08-23T22:51:24","guid":{"rendered":"http:\/\/www.newmessage.org\/?page_id=14756"},"modified":"2018-04-04T09:52:44","modified_gmt":"2018-04-04T09:52:44","slug":"supporting-new-message","status":"publish","type":"page","link":"https:\/\/www.v6.newmessage.org\/vi\/worldwide-community-3\/society\/supporting-new-message\/","title":{"rendered":"U\u0309ng H\u00f4\u0323 Th\u00f4ng \u0110i\u00ea\u0323p M\u01a1\u0301i"},"content":{"rendered":"<p>[vc_row][vc_column][vc_column_text]<div class=\"one_half \" ><\/p>\n<h2>One-time Donations<\/h2>\n<p><img loading=\"lazy\" decoding=\"async\" class=\"aligncenter\" src=\"\/\/cdn2.bigcommerce.com\/server2100\/932c8\/products\/106\/images\/170\/productimage-frienddonation.001__48553.1405379429.1280.1280.jpg?c=2\" alt=\"Support the New Message with a Donation\" width=\"240\" height=\"240\" \/><\/p>\n<p>Donations can be made online via the New Knowledge Library bookstore, or via Paypal:<\/p>\n<p><a class='simple_button_link ' style='background-color: #4f8fd6' href='http:\/\/www.newknowledgelibrary.org\/products\/Donation-to-the-New-Message-%2410.html'   ><span>Give $10<\/span><\/a> <a class='simple_button_link ' style='background-color: #4f8fd6' href='http:\/\/www.newknowledgelibrary.org\/products\/Donation-to-the-New-Message-%2425.html'   ><span>Give $25<\/span><\/a> <a class='simple_button_link ' style='background-color: #4f8fd6' href='http:\/\/www.newknowledgelibrary.org\/products\/Donation-to-the-New-Message-%2450.html'   ><span>Give $50<\/span><\/a> <a class='simple_button_link ' style='background-color: #4f8fd6' href='http:\/\/www.newknowledgelibrary.org\/products\/Donation-to-the-New-Message-%24100.html'   ><span>Give $100<\/span><\/a> <a class='simple_button_link ' style='background-color: #4f8fd6' href='http:\/\/www.newknowledgelibrary.org\/products\/Donation-to-the-New-Message-%24500.html'   ><span>Give $500<\/span><\/a> <a class='simple_button_link ' style='background-color: #4f8fd6' href='http:\/\/www.newknowledgelibrary.org\/products\/Donation-to-the-New-Message-%241000.html'   ><span>Give $1,000<\/span><\/a> <a class='simple_button_link ' style='background-color: #4f8fd6' href='http:\/\/www.newknowledgelibrary.org\/products\/Donation-to-the-New-Message-%2410%2C000.html'   ><span>Give $10,000<\/span><\/a><\/p>\n<p><em>All donations are in U.S. Dollars and are tax-deductible where applicable by law.<\/em><\/p>\n<h2>Donate Monthly<\/h2>\n<p><strong>Friends of the New Message<\/strong> contribute on a monthly basis to the core work of The Society. For years, the Friends have provided a solid foundation for The Society&#8217;s growing endeavors. Friends of the New Message are individuals who commit to giving at what ever level is possible for them. <a href=\"\/\/newknowledgelibrary.org\/friends\/\">Become a Friend<\/a>.<\/p>\n<p style=\"text-align: center\"><a class='simple_button_link ' style='background-color: #4f8fd6' href='http:\/\/newknowledgelibrary.org\/donate\/friends-of-the-new-message-give-monthly-10\/'   ><span>Become a Friend of the New Message by Giving $10\/month<\/span><\/a><\/p>\n<p style=\"text-align: center\"><a class='simple_button_link ' style='background-color: #4f8fd6' href='http:\/\/newknowledgelibrary.org\/donate\/friends-of-the-new-message-give-monthly-25\/'   ><span>Become a Friend of the New Message by Giving $25\/month<\/span><\/a><\/p>\n<p style=\"text-align: center\"><a class='simple_button_link ' style='background-color: #4f8fd6' href='http:\/\/newknowledgelibrary.org\/donate\/friends-of-the-new-message-give-monthly-50\/'   ><span>Become a Friend of the New Message by Giving $50\/month<\/span><\/a><\/p>\n<p style=\"text-align: center\"><a class='simple_button_link ' style='background-color: #4f8fd6' href='http:\/\/newknowledgelibrary.org\/donate\/friends-of-the-new-message-give-monthly-75\/'   ><span>Become a Friend of the New Message by Giving $75\/month<\/span><\/a><\/p>\n<p><strong>Pillars of the New Message<\/strong> are an integral part of the foundation for the education and outreach mission of The Society. A Pillar of the New Message commits to giving $100 or more every month. 300 Pillars are needed to meet annual costs.<\/p>\n<p>Being a Pillar is an expression of your relationship with the New Message, its Messenger and its urgent gift for the world. Become a forerunner in the world and a way shower for others who are seeking to live an inspired life and carry out their purpose in an emerging world. <a href=\"\/\/newknowledgelibrary.org\/pillars\/\">Become a Pillar<\/a>.<\/p>\n<p style=\"text-align: center\"><a class='simple_button_link ' style='background-color: #4f8fd6' href='http:\/\/newknowledgelibrary.org\/donate\/a-pillar-of-the-new-message-give-monthly-100\/'   ><span>Become a Pillar of the New Message by Giving $100\/month<\/span><\/a><\/p>\n<p style=\"text-align: center\"><a class='simple_button_link ' style='background-color: #4f8fd6' href='http:\/\/newknowledgelibrary.org\/donate\/a-pillar-of-the-new-message-give-monthly-150\/'   ><span>Become a Pillar of the New Message by Giving $150\/month<\/span><\/a><\/p>\n<p style=\"text-align: center\"><a class='simple_button_link ' style='background-color: #4f8fd6' href='http:\/\/newknowledgelibrary.org\/donate\/a-pillar-of-the-new-message-give-monthly-200\/'   ><span>Become a Pillar of the New Message by Giving $200\/month<\/span><\/a><\/p>\n<p style=\"text-align: center\"><a class='simple_button_link ' style='background-color: #4f8fd6' href='http:\/\/newknowledgelibrary.org\/donate\/a-pillar-of-the-new-message-give-monthly-300\/'   ><span>Become a Pillar of the New Message by Giving $300\/month<\/span><\/a><\/p>\n<p>Join the Worldwide Community of people who recognize the immense value of God\u2019s New Message and commit a portion of their resources to support the ongoing work of bringing this Revelation to humanity.<\/p>\n<h3>Donate Bitcoin&#8230;<a href=\"https:\/\/www.newmessage.org\/wp-content\/uploads\/2017\/07\/btc.png\"><img loading=\"lazy\" decoding=\"async\" class=\"alignright wp-image-33227\" src=\"https:\/\/www.newmessage.org\/wp-content\/uploads\/2017\/07\/btc-150x150.png\" alt=\"\" width=\"100\" height=\"95\" \/><\/a><\/h3>\n<p>Send bitcoin donations to The Society for the New Message here:<\/p>\n<p><span style=\"color: #000000\">12HE4k8erJBvd7zjCqzrFHQpmhUD4YKQ9h<\/span><\/p>\n<p>For a receipt and to confirm that your donation was received, please contact\u00a0<strong><a href=\"mailto:society@greatercommunity.org\">The Society<\/a><\/strong>\u00a0after sending bitcoins.<\/p>\n<p style=\"text-align: center\"><a href=\"https:\/\/www.newmessage.org\/wp-content\/uploads\/2017\/08\/btc-donations-icon.jpg\"><img loading=\"lazy\" decoding=\"async\" class=\"imgborder aligncenter wp-image-33218\" src=\"https:\/\/www.newmessage.org\/wp-content\/uploads\/2017\/08\/btc-donations-icon-298x300.jpg\" alt=\"\" width=\"200\" height=\"202\" \/><\/a><\/p>\n<h3><\/h3>\n<p>&nbsp;<\/p>\n<h3>Donate Ethereum&#8230;<a href=\"https:\/\/www.newmessage.org\/wp-content\/uploads\/2017\/07\/ethereum-logo.png\"><img loading=\"lazy\" decoding=\"async\" class=\"alignright wp-image-33630\" src=\"https:\/\/www.newmessage.org\/wp-content\/uploads\/2017\/07\/ethereum-logo-150x150.png\" alt=\"\" width=\"100\" height=\"100\" \/><\/a><\/h3>\n<p>Send ethereum donations to The Society for the New Message here:<\/p>\n<p><span style=\"color: #000000\">0x2aBe894Dc922E9Bb5537f4bc31d5C01BA7f380c2<\/span><\/p>\n<p>For a receipt and to confirm that your donation was received, please contact\u00a0<strong><a href=\"mailto:society@greatercommunity.org\">The Society<\/a><\/strong>\u00a0after sending ethereum.<\/p>\n<p style=\"text-align: center\"><a href=\"https:\/\/www.newmessage.org\/wp-content\/uploads\/2017\/07\/eth-donations-icon.png\"><img loading=\"lazy\" decoding=\"async\" class=\"aligncenter wp-image-33631\" title=\"imgborder\" src=\"https:\/\/www.newmessage.org\/wp-content\/uploads\/2017\/07\/eth-donations-icon-150x150.png\" alt=\"\" width=\"200\" height=\"199\" \/><\/a><\/p>\n<p>&nbsp;<\/p>\n<h2>Legacy Giving<\/h2>\n<p>If life has given you the financial means to become a Benefactor, you may have a historic role in assuring the success and preservation of the New Message from God into the deep future. Legacy Giving can be done progressively in single donations, or through these mediums of giving:<\/p>\n<ul class=\"list-vertical diamond\">\n<li>Establishment of an Endowment<\/li>\n<li>Gift of stock or real estate<\/li>\n<li>Charitable Bequests in your will<\/li>\n<li>Designating The Society as a beneficiary of an insurance policy or a retirement plan<\/li>\n<\/ul>\n<p><strong>To discuss these and other options for benefactor giving, please contact Will Burrows at (800) 938-3891.<\/strong><\/p>\n<p class=\"font-size-12\">The Society for The New Message from God is a religious non-profit 501(c)(3) organization registered in the United States, dedicated to presenting and preserving the sacred texts and recordings of The New Message from God.<\/p>\n<h2>Volunteer your time<\/h2>\n<p>The Mission of the New Message is being accomplished by the members of The Society alongside a dedicated team of volunteers that span the globe. If you would like to offer your skills and join this great endeavor, please fill out the <a href=\"\/\/www.newmessage.org\/volunteer\">Volunteer form<\/a>.<\/p>\n<h2>Community Fundraising<\/h2>\n<p>Do you shop online and are you interested in raising funds for The Society for the New Message? Use the links below and The Society will receive between 2%-12% of the value of your purchase at the following stores and retailers. In this way students of the New Message can benefit The Society through their normal shopping activities.<\/p>\n<h4><strong>Visit <\/strong><a href=\"\/\/www.newmessage.org\/shop\"><strong>www.newmessage.org\/shop<\/strong><\/a><\/h4>\n<h2>Other ways to fundraise for The Society<\/h2>\n<p>Just through your regular browsing and shopping habits online, you can give money to The Society at <strong>no extra cost<\/strong> to you! Here&#8217;s how:<\/p>\n<table class=\" aligncenter\" style=\"height: 100%\" width=\"100%;\">\n<tbody>\n<tr>\n<td width=\"40%\"><\/td>\n<td width=\"60%\"><strong>AMAZON&#8217;S AFFILIATE PROGRAM<\/strong><br \/>\nClick on the Amazon icon to the left to enter Amazon.com and <em>any<\/em> purchase you make over the next 24 hours will enable The Society to earn 4 to 7% commission.<\/td>\n<\/tr>\n<\/tbody>\n<\/table>\n<ul>\n<li style=\"list-style-type: none\">\n<ul>\n<li><a href=\"\/\/www.goodsearch.com\/nonprofit\/society-for-the-greater-community-way-of-knowledge.aspx\"><img loading=\"lazy\" decoding=\"async\" class=\"imgborder alignleft size-full\" src=\"\/\/www.newmessage.org\/wp-content\/uploads\/2014\/08\/goodsearch.png\" alt=\"GoodSearch\" width=\"207\" height=\"31\" \/><\/a>Use the <a href=\"\/\/www.goodsearch.com\/nonprofit\/society-for-the-greater-community-way-of-knowledge.aspx\">GoodSearch Search Engine<\/a>. Every search you perform gives $0.01 to The Society. See a <a href=\"\/\/www.goodsearch.com\/causes\/society-for-the-greater-community-way-of-knowledge\/supporters\">list of all the supporters using GoodSearch<\/a>.<\/li>\n<\/ul>\n<\/li>\n<\/ul>\n<p>&nbsp;<\/p>\n<ul>\n<li style=\"list-style-type: none\">\n<ul>\n<li><a href=\"\/\/www.goodsearch.com\/goodshop.aspx\"><img loading=\"lazy\" decoding=\"async\" class=\"imgborder alignleft size-full\" src=\"\/\/www.newmessage.org\/wp-content\/uploads\/2014\/08\/goodshop.png\" alt=\"GoodShop\" width=\"207\" height=\"36\" \/><\/a><a href=\"\/\/www.goodsearch.com\/goodshop.aspx\">Shop online from the goodshop site<\/a> which gives a percentage of many online purchases to The Society.<\/li>\n<\/ul>\n<\/li>\n<\/ul>\n<p>&nbsp;<\/p>\n<ul>\n<li><a href=\"\/\/smile.amazon.com\"><img loading=\"lazy\" decoding=\"async\" class=\"alignleft size-full imgborder\" src=\"\/\/www.newmessage.org\/wp-content\/uploads\/2014\/08\/amazon-smile.jpg\" alt=\"amazon smile\" width=\"207\" height=\"51\" \/><\/a>Visit\u00a0Amazon.com, sign up for the SMILE program and choose &#8220;SOCIETY FOR THE GREATER COMMUNITY WAY OF KNOWLEDGE&#8221; as your charitable organization. For more information, see <a href=\"\/\/smile.amazon.com\/about\">Amazon Smile<\/a><\/li>\n<\/ul>\n<p>&nbsp;<\/p>\n<h2>Donate by phone, mail or fax<\/h2>\n<p>To contribute with a credit card by telephone, please <strong>call 1-800-938-3891<\/strong><\/p>\n<p>To donate by check, please send your check in a sealed envelope to:<\/p>\n<p style=\"text-align: center\"><strong>THE SOCIETY FOR THE NEW MESSAGE FROM GOD<\/strong><br \/>\n<strong> P.O. Box 1724<\/strong><br \/>\n<strong> Boulder, CO 80306-1724<\/strong><\/p>\n<p>Checks may also be written to \u201cSociety for the GCWK.\u201d<\/p>\n<p>Donations can also be <strong>faxed to us at 303-938-1214<\/strong>. Please include your name, address and phone number, as well as the amount you would like to give, your card number and its expiration date.<\/p>\n<p>For information on other methods of donating, please contact The Society at <a href=\"mailto:society@greatercommunity.org?subject=\">society@greatercommunity.org<\/a> 303-938-8401.<\/p>\n<p class=\"font-size-12\">All contributions are tax-deductible where applicable under law.<\/p>\n<h2>Blessings and Gratitude from<\/h2>\n<p><span class=\"text-color-pirate-gold font-size-18 font-weight-bold\"><em>Marshall and Patricia Summers<\/em><br \/>\n<em> Reed Summers<\/em><br \/>\n<em> Ayesha Summers<\/em><br \/>\n<em> Darlene Mitchell<\/em><br \/>\n<em> Carol Coffey<\/em><br \/>\n<em> Jeanine Butler<\/em><br \/>\n<em> Ellen Mitchell<\/em><br \/>\n<em> Will Burrows<\/em><br \/>\n<em> Tyyne Andrews<\/em><br \/>\n<em> Robert Busbey<\/em><br \/>\n<\/span><br \/>\n<\/div><br \/>\n<div class=\"one_half last\" ><\/p>\n<div class=\"panel-10 background-color-spanish-white border-rounded-8\"><strong>Join a worldwide community<\/strong> of people who are financially supporting\u00a0<a title=\"The Society\" href=\"\/\/www.newmessage.org\/worldwide-community\/society\">The Society<\/a> in its mission to bring the New Message from God to humanity. Your gift will forge the foundation for all that we are doing currently and beyond.<\/div>\n<div class=\"panel-10 background-color-spanish-white border-rounded-8\">\n<h3>With your support, we can:<\/h3>\n<ul class=\"list-vertical diamond\">\n<li>Bring the New Message to hundreds of thousands of people worldwide through our grassroots outreach and work with the media.<\/li>\n<\/ul>\n<ul class=\"list-vertical diamond\">\n<li>Publish and distribute the <a title=\"Sacred Texts\" href=\"\/the-message\">sacred texts<\/a> of the New Message in countries around the world.<\/li>\n<\/ul>\n<ul class=\"list-vertical diamond\">\n<li>Offer free books, CDs and online texts through our <a title=\"free book Project\" href=\"\/the-message\/free-book-project\">Free Book Project<\/a>.<\/li>\n<\/ul>\n<ul class=\"list-vertical diamond\">\n<li>Translate thousands of pages of the New Message into dozens of languages.<\/li>\n<\/ul>\n<ul class=\"list-vertical diamond\">\n<li>Enable the Messenger and his companions to <a href=\"\/gods-messenger\/journeys-messenger\">visit places of critical need<\/a> to bring God\u2019s New Message there and also to meet those individuals who are responding to the Message worldwide.<\/li>\n<\/ul>\n<ul class=\"list-vertical diamond\">\n<li>Reach out to people who are interested in God\u2019s New Message through educational events.<\/li>\n<\/ul>\n<ul class=\"list-vertical diamond\">\n<li>Prepare hundreds of audio revelations, texts and videos to be released free online.<\/li>\n<\/ul>\n<ul class=\"list-vertical diamond\">\n<li>Build the environment of <a title=\"The Free School\" href=\"\/\/www.newmessage.org\/free-school\">The Free School<\/a> and bring the vital education of the New Message to people everywhere.<\/li>\n<\/ul>\n<ul class=\"list-vertical diamond\">\n<li>Grow <a title=\"The Sanctuary\" href=\"\/\/www.newmessage.org\/worldwide-community\/society\/sanctuary\">the Sanctuary<\/a> of the New Message as a place where people from all walks of life and from around the world can come to study, take retreat and experience for themselves the New Message and its Messenger.<\/li>\n<\/ul>\n<p style=\"text-align: center\"><strong>With your financial gift, we can bring the New Message from God into the world, to people in all nations and all cultures. You are the vital link in the transmission of God\u2019s Revelation to humanity.<\/strong><\/p>\n<p>The New Message is here to protect humanity in the difficult times ahead and call forth the spiritual gifts that we the human family possess and must bring forth in order to survive in a radically changing world. Your giving will enable New Message Wisdom and <a href=\"\/the-message\/important-terms#knowledge\">Knowledge<\/a> to infuse our world. Ultimately, it is this giving that will ensure the purity and accessibility of God&#8217;s New Revelation down through time.<\/p>\n<p>Your financial support is a vital indication that you have found the New Message and wish to contribute to <a title=\"Our Work and Mission\" href=\"\/worldwide-community\/society\">this Mission<\/a> now, as we head into a formidable future.<\/p>\n<p>Whether it be your financial support, your time, energy, prayers and\/or studenthood, you are the vital link in helping us to accomplish all that we are setting out to do. We invite you to join us in this great undertaking in service to the Creator. May all that we have been asked to do be accomplished.<\/p>\n<p><\/div>\n<\/div>\n<p>[\/vc_column_text][\/vc_column][\/vc_row]<\/p>\n","protected":false},"excerpt":{"rendered":"<p>[vc_row][vc_column][vc_column_text] [\/vc_column_text][\/vc_column][\/vc_row]<\/p>\n","protected":false},"author":1,"featured_media":0,"parent":12810,"menu_order":5,"comment_status":"closed","ping_status":"closed","template":"","meta":{"_monsterinsights_skip_tracking":false,"_monsterinsights_sitenote_active":false,"_monsterinsights_sitenote_note":"","_monsterinsights_sitenote_category":0,"footnotes":""},"categories":[],"tags":[634,731],"_links":{"self":[{"href":"https:\/\/www.v6.newmessage.org\/vi\/wp-json\/wp\/v2\/pages\/14756"}],"collection":[{"href":"https:\/\/www.v6.newmessage.org\/vi\/wp-json\/wp\/v2\/pages"}],"about":[{"href":"https:\/\/www.v6.newmessage.org\/vi\/wp-json\/wp\/v2\/types\/page"}],"author":[{"embeddable":true,"href":"https:\/\/www.v6.newmessage.org\/vi\/wp-json\/wp\/v2\/users\/1"}],"replies":[{"embeddable":true,"href":"https:\/\/www.v6.newmessage.org\/vi\/wp-json\/wp\/v2\/comments?post=14756"}],"version-history":[{"count":90,"href":"https:\/\/www.v6.newmessage.org\/vi\/wp-json\/wp\/v2\/pages\/14756\/revisions"}],"predecessor-version":[{"id":27657,"href":"https:\/\/www.v6.newmessage.org\/vi\/wp-json\/wp\/v2\/pages\/14756\/revisions\/27657"}],"up":[{"embeddable":true,"href":"https:\/\/www.v6.newmessage.org\/vi\/wp-json\/wp\/v2\/pages\/12810"}],"wp:attachment":[{"href":"https:\/\/www.v6.newmessage.org\/vi\/wp-json\/wp\/v2\/media?parent=14756"}],"wp:term":[{"taxonomy":"category","embeddable":true,"href":"https:\/\/www.v6.newmessage.org\/vi\/wp-json\/wp\/v2\/categories?post=14756"},{"taxonomy":"post_tag","embeddable":true,"href":"https:\/\/www.v6.newmessage.org\/vi\/wp-json\/wp\/v2\/tags?post=14756"}],"curies":[{"name":"wp","href":"https:\/\/api.w.org\/{rel}","templated":true}]}}