{"id":13099,"date":"2014-07-24T22:13:19","date_gmt":"2014-07-24T22:13:19","guid":{"rendered":"http:\/\/www.newmessage.org\/?page_id=13099"},"modified":"2022-07-17T12:41:44","modified_gmt":"2022-07-17T12:41:44","slug":"great-waves-change","status":"publish","type":"page","link":"https:\/\/www.v6.newmessage.org\/vi\/the-message\/volume-4\/great-waves-change\/","title":{"rendered":"Nh\u01b0\u0303ng \u0110\u01a1\u0323t So\u0301ng Vi\u0303 \u0110a\u0323i cu\u0309a \u0110\u00f4\u0309i Thay"},"content":{"rendered":"<p><a href=\"https:\/\/www.newmessage.org\/wp-content\/uploads\/2014\/07\/GWC-cover.jpg\"><img loading=\"lazy\" decoding=\"async\" class=\"alignright\" src=\"https:\/\/www.newmessage.org\/wp-content\/uploads\/2014\/07\/GWC-cover-200x300.jpg\" alt=\"\" width=\"234\" height=\"351\" \/><\/a><\/p>\n<p class=\"font-size-13\"><a href=\"http:\/\/newknowledgelibrary.org\/books\/\">C\u01b0\u0309a Ha\u0300ng C\u00f4\u0323ng \u0110\u00f4\u0300ng<\/a><\/p>\n<p>&nbsp;<\/p>\n<p><em>Nh\u01b0\u0303ng \u0110\u01a1\u0323t So\u0301ng Vi\u0303 \u0110a\u0323i cu\u0309a \u0110\u00f4\u0309i Thay<\/em> \u0111em \u0111\u00ea\u0301n l\u01a1\u0300i ti\u00ean tri v\u00ea\u0300 nh\u01b0\u0303ng th\u01a1\u0300i gian kho\u0301 kh\u0103n tr\u01b0\u01a1\u0301c m\u0103\u0323t va\u0300 nh\u01b0\u0303ng b\u01b0\u01a1\u0301c ba\u0323n co\u0301 th\u00ea\u0309 la\u0300m \u0111\u00ea\u0309 che\u0300o la\u0301i m\u00f4\u0323t t\u01b0\u01a1ng lai nga\u0300y ca\u0300ng xa\u0301o tr\u00f4\u0323n va\u0300 kh\u00f4ng ch\u0103\u0301c ch\u0103\u0301n.<\/p>\n<p>Khi \u0111\u00f4\u0301i m\u0103\u0323t v\u01a1\u0301i s\u01b0\u0323 kh\u00f4ng ch\u0103\u0301c ch\u0103\u0301n nh\u01b0 v\u00e2\u0323y, <em>Nh\u01b0\u0303ng \u0110\u01a1\u0323t So\u0301ng Vi\u0303 \u0110a\u0323i cu\u0309a \u0110\u00f4\u0309i Thay<\/em> \u0111em \u0111\u00ea\u0301n m\u00f4\u0323t con \u0111\u01b0\u01a1\u0300ng ca\u0301ch ma\u0323ng m\u01a1\u0301i \u0111\u00ea\u0309 \u0111a\u0323t \u0111\u01b0\u01a1\u0323c s\u01b0\u0323 ch\u0103\u0301c ch\u0103\u0301n va\u0300 ph\u01b0\u01a1ng h\u01b0\u01a1\u0301ng trong cu\u00f4\u0323c s\u00f4\u0301ng, m\u00f4\u0323t qua\u0301 tri\u0300nh \u0111\u00f4\u0323c nh\u00e2\u0301t ma\u0300 co\u0301 th\u00ea\u0309 \u0111\u01b0\u01a1\u0323c a\u0301p du\u0323ng b\u01a1\u0309i con ng\u01b0\u01a1\u0300i \u01a1\u0309 mo\u0323i n\u01a1i. B\u0103\u0300ng vi\u00ea\u0323c hi\u00ea\u0309u bi\u00ea\u0301t v\u00ea\u0300 Nh\u01b0\u0303ng \u0110\u01a1\u0323t So\u0301ng Vi\u0303 \u0110a\u0323i va\u0300 b\u0103\u0300ng ca\u0301ch k\u00ea\u0301t n\u00f4\u0301i v\u01a1\u0301i Tri Th\u01b0\u0301c, uy quy\u00ea\u0300n s\u00e2u th\u0103\u0309m h\u01a1n b\u00ean trong, ba\u0323n co\u0301 th\u00ea\u0309 ti\u0300m th\u00e2\u0301y s\u01b0\u0301c ma\u0323nh, lo\u0300ng can \u0111a\u0309m va\u0300 s\u01b0\u0323 ch\u0103\u0301c ch\u0103\u0301n b\u00ean trong \u0111\u00ea\u0309 thi\u0301ch \u01b0\u0301ng va\u0300 \u0111\u00ea\u0309 tr\u01a1\u0309 tha\u0300nh m\u00f4\u0323t ng\u01b0\u01a1\u0300i \u0111o\u0301ng go\u0301p, kh\u00f4ng pha\u0309i m\u00f4\u0323t na\u0323n nh\u00e2n, cho m\u00f4\u0323t th\u00ea\u0301 gi\u01a1\u0301i \u0111ang thay \u0111\u00f4\u0309i nhanh cho\u0301ng.<\/p>\n<p><em>Nh\u01b0\u0303ng \u0110\u01a1\u0323t So\u0301ng Vi\u0303 \u0110a\u0323i<\/em> la\u0300 ta\u0300i li\u00ea\u0323u thi\u00ea\u0301t y\u00ea\u0301u ma\u0300 m\u00f4\u0303i ng\u01b0\u01a1\u0300i c\u00e2\u0300n \u0111\u00ea\u0309 chu\u00e2\u0309n bi\u0323 ba\u0309n th\u00e2n v\u00ea\u0300 tinh th\u00e2\u0300n, ca\u0309m xu\u0301c va\u0300 m\u00f4\u0323t ca\u0301ch th\u01b0\u0323c t\u00ea\u0301 cho s\u01b0\u0323 thay \u0111\u00f4\u0309i vi\u0303 \u0111a\u0323i \u0111ang \u0111\u00ea\u0301n. N\u00ea\u0301u \u0111u\u0309 ng\u01b0\u01a1\u0300i co\u0301 th\u00ea\u0309 th\u01b0\u0323c hi\u00ea\u0323n vi\u00ea\u0323c chu\u00e2\u0309n bi\u0323 na\u0300y, nh\u00e2n loa\u0323i se\u0303 co\u0301 s\u01b0\u0301c ma\u0323nh, lo\u0300ng nh\u00e2n t\u01b0\u0300 va\u0300 s\u01b0\u0323 ki\u00ean tri\u0300 \u0111\u00ea\u0309 v\u01b0\u01a1\u0323t qua giai \u0111oa\u0323n kho\u0301 kh\u0103n s\u0103\u0301p \u0111\u00ea\u0301n va\u0300 va\u0300o trong m\u00f4\u0323t th\u01b0\u0323c t\u00ea\u0301 Th\u00ea\u0301 Gi\u01a1\u0301i M\u01a1\u0301i.<\/p>\n<p><em>Nh\u01b0\u0303ng \u0110\u01a1\u0323t So\u0301ng Vi\u0303 \u0110a\u0323i cu\u0309a \u0110\u00f4\u0309i Thay<\/em> la\u0300 quy\u00ea\u0309n sa\u0301ch \u0111\u00e2\u0300u ti\u00ean cu\u0309a <a href=\"https:\/\/www.newmessage.org\/vi\/the-message\/volume-4\/\">T\u00e2\u0323p 4<\/a> cu\u0309a Th\u00f4ng \u0110i\u00ea\u0323p M\u01a1\u0301i t\u01b0\u0300 Chu\u0301a.<\/p>\n<p style=\"text-align: left;\"><span style=\"color: #525252; line-height: 1.5;\"><div class=\"toggle toggle-white\"><h4 class=\"trigger \"><span class=\"t_ico\"><\/span><a href=\"#\">Ho\u0323c th\u00eam\u2026<\/a><\/h4><div class=\"toggle_container \"><br \/>\n<div data-post-id='24520' class='insert-page insert-page-24520 '><\/div><br \/>\n<\/div><\/div><\/span><\/p>\n<div class=\"background-color-bridesmaid padding-20\">\n<h2 style=\"text-align: left;\"><span style=\"color: #525252;\">Mu\u0323c lu\u0323c<\/span><\/h2>\n<div class=\"background-color-bridesmaid padding-20\">\n<p><a href=\"https:\/\/www.newmessage.org\/vi\/the-message\/volume-4\/great-waves-change\/the-great-waves-of-change\/\">Nh\u1eefng \u0110\u1ee3t S\u00f3ng V\u0129 \u0110\u1ea1i c\u1ee7a \u0110\u1ed5i Thay<\/a><br \/>\n<a href=\"https:\/\/www.newmessage.org\/vi\/the-message\/volume-4\/great-waves-change\/the-great-waves-and-your-life\/\">Nh\u1eefng \u0110\u1ee3t S\u00f3ng V\u0129 \u0110\u1ea1i v\u00e0 Cu\u1ed9c \u0110\u1eddi B\u1ea1n<\/a><br \/>\n<a href=\"https:\/\/www.newmessage.org\/vi\/the-message\/volume-4\/great-waves-change\/escaping-the-past\/\">Tho\u00e1t Kh\u1ecfi Qu\u00e1 Kh\u1ee9<\/a><br \/>\n<a href=\"https:\/\/www.newmessage.org\/vi\/the-message\/volume-4\/great-waves-change\/the-freedom-to-move-with-knowledge\/\">T\u1ef1 Do \u0111\u1ec3 Di Chuy\u1ec3n v\u1edbi Tri Th\u01b0\u0301c<\/a><br \/>\n<a href=\"https:\/\/www.newmessage.org\/vi\/the-message\/volume-4\/great-waves-change\/the-deep-evaluation\/\">Vi\u00ea\u0323c \u0110a\u0301nh Gia\u0301 S\u00e2u S\u0103\u0301c<\/a><br \/>\n<a href=\"https:\/\/www.newmessage.org\/vi\/the-message\/volume-4\/great-waves-change\/relationships-and-the-great-waves\/\">M\u1ed1i Quan H\u1ec7 v\u00e0 Nh\u1eefng \u0110\u1ee3t S\u00f3ng V\u0129 \u0110\u1ea1i<\/a><br \/>\n<a href=\"https:\/\/www.newmessage.org\/vi\/the-message\/volume-4\/great-waves-change\/preparing-your-family\/\">Chu\u1ea9n b\u1ecb gia \u0111\u00ecnh c\u1ee7a b\u1ea1n<\/a><br \/>\n<a href=\"https:\/\/www.newmessage.org\/vi\/the-message\/volume-4\/great-waves-change\/the-danger-of-isolation\/\">Nguy Hi\u1ec3m c\u1ee7a S\u1ef1 C\u00f4 L\u1eadp<\/a><br \/>\n<a href=\"https:\/\/www.newmessage.org\/vi\/the-message\/volume-4\/great-waves-change\/the-great-waves-prophecy\/\">L\u1eddi Ti\u00ean Tri v\u1ec1 Nh\u01b0\u0303ng \u0110\u01a1\u0323t So\u0301ng Vi\u0303 \u0110a\u0323i<\/a><br \/>\n<a href=\"https:\/\/www.newmessage.org\/vi\/the-message\/volume-4\/great-waves-change\/the-great-waves-and-the-hidden-reality-of-contact\/\">Nh\u1eefng \u0110\u1ee3t S\u00f3ng V\u0129 \u0110\u1ea1i v\u00e0 Th\u1ef1c T\u1ebf Ti\u1ec1m \u1ea8n c\u1ee7a S\u1ef1 Ti\u1ebfp X\u00fac<\/a><br \/>\n<a href=\"https:\/\/www.newmessage.org\/vi\/the-message\/volume-4\/great-waves-change\/where-will-you-place-your-faith\/\">B\u1ea1n S\u1ebd \u0110\u1eb7t Ni\u1ec1m Tin C\u1ee7a M\u00ecnh V\u00e0o \u0110\u00e2u?<\/a><br \/>\n<a href=\"https:\/\/www.newmessage.org\/vi\/the-message\/volume-4\/great-waves-change\/your-purpose-and-destiny-in-a-changing-world\/\">M\u1ee5c \u0110\u00edch v\u00e0 \u0110\u1ecbnh M\u1ec7nh c\u1ee7a B\u1ea1n trong m\u1ed9t Th\u1ebf Gi\u1edbi Thay \u0110\u1ed5i<\/a><br \/>\n<a href=\"https:\/\/www.newmessage.org\/vi\/the-message\/volume-4\/great-waves-change\/a-new-message-of-hope\/\">M\u1ed9t Th\u00f4ng \u0110i\u1ec7p M\u1edbi c\u1ee7a Hy V\u1ecdng<\/a><br \/>\n<a href=\"https:\/\/www.newmessage.org\/vi\/the-message\/volume-4\/great-waves-change\/seeing-knowing-and-taking-action\/\">Th\u1ea5y, Bi\u1ebft v\u00e0 H\u00e0nh \u0110\u1ed9ng<\/a><br \/>\n<a href=\"https:\/\/www.newmessage.org\/vi\/the-message\/volume-4\/great-waves-change\/recommendations-for-living-in-a-great-waves-world\">Nh\u1eefng L\u1eddi Khuy\u00ean cho Vi\u1ec7c S\u1ed1ng trong Th\u1ebf Gi\u1edbi c\u1ee7a Nh\u1eefng \u0110\u1ee3t S\u00f3ng V\u0129 \u0110\u1ea1i<\/a><br \/>\n<a href=\"https:\/\/www.newmessage.org\/vi\/the-message\/volume-4\/great-waves-change\/great-waves-of-change-practices\">Nh\u1eefng B\u00e0i Th\u1ef1c H\u00e0nh cho Nh\u1eefng \u0110\u1ee3t S\u00f3ng V\u0129 \u0110\u1ea1i c\u1ee7a \u0110\u1ed5i Thay<\/a><\/p>\n<\/div>\n<\/div>\n","protected":false},"excerpt":{"rendered":"<p>C\u01b0\u0309a Ha\u0300ng C\u00f4\u0323ng \u0110\u00f4\u0300ng &nbsp; Nh\u01b0\u0303ng \u0110\u01a1\u0323t So\u0301ng Vi\u0303 \u0110a\u0323i cu\u0309a \u0110\u00f4\u0309i Thay \u0111em \u0111\u00ea\u0301n l\u01a1\u0300i ti\u00ean tri v\u00ea\u0300 nh\u01b0\u0303ng th\u01a1\u0300i gian kho\u0301 kh\u0103n tr\u01b0\u01a1\u0301c m\u0103\u0323t va\u0300 nh\u01b0\u0303ng b\u01b0\u01a1\u0301c ba\u0323n co\u0301 th\u00ea\u0309 la\u0300m \u0111\u00ea\u0309 che\u0300o la\u0301i m\u00f4\u0323t t\u01b0\u01a1ng lai nga\u0300y ca\u0300ng xa\u0301o tr\u00f4\u0323n va\u0300 kh\u00f4ng ch\u0103\u0301c ch\u0103\u0301n. Khi \u0111\u00f4\u0301i m\u0103\u0323t v\u01a1\u0301i s\u01b0\u0323 kh\u00f4ng ch\u0103\u0301c ch\u0103\u0301n\u2026 <a class=\"read-more\" href=\"https:\/\/www.v6.newmessage.org\/vi\/the-message\/volume-4\/great-waves-change\/\"><span>Read More<\/span><\/a><\/p>\n","protected":false},"author":1,"featured_media":0,"parent":16316,"menu_order":0,"comment_status":"closed","ping_status":"closed","template":"template-leftsidebar.php","meta":{"_monsterinsights_skip_tracking":false,"_monsterinsights_sitenote_active":false,"_monsterinsights_sitenote_note":"","_monsterinsights_sitenote_category":0,"footnotes":""},"categories":[473,471],"tags":[686,572],"_links":{"self":[{"href":"https:\/\/www.v6.newmessage.org\/vi\/wp-json\/wp\/v2\/pages\/13099"}],"collection":[{"href":"https:\/\/www.v6.newmessage.org\/vi\/wp-json\/wp\/v2\/pages"}],"about":[{"href":"https:\/\/www.v6.newmessage.org\/vi\/wp-json\/wp\/v2\/types\/page"}],"author":[{"embeddable":true,"href":"https:\/\/www.v6.newmessage.org\/vi\/wp-json\/wp\/v2\/users\/1"}],"replies":[{"embeddable":true,"href":"https:\/\/www.v6.newmessage.org\/vi\/wp-json\/wp\/v2\/comments?post=13099"}],"version-history":[{"count":40,"href":"https:\/\/www.v6.newmessage.org\/vi\/wp-json\/wp\/v2\/pages\/13099\/revisions"}],"predecessor-version":[{"id":28859,"href":"https:\/\/www.v6.newmessage.org\/vi\/wp-json\/wp\/v2\/pages\/13099\/revisions\/28859"}],"up":[{"embeddable":true,"href":"https:\/\/www.v6.newmessage.org\/vi\/wp-json\/wp\/v2\/pages\/16316"}],"wp:attachment":[{"href":"https:\/\/www.v6.newmessage.org\/vi\/wp-json\/wp\/v2\/media?parent=13099"}],"wp:term":[{"taxonomy":"category","embeddable":true,"href":"https:\/\/www.v6.newmessage.org\/vi\/wp-json\/wp\/v2\/categories?post=13099"},{"taxonomy":"post_tag","embeddable":true,"href":"https:\/\/www.v6.newmessage.org\/vi\/wp-json\/wp\/v2\/tags?post=13099"}],"curies":[{"name":"wp","href":"https:\/\/api.w.org\/{rel}","templated":true}]}}