{"id":13079,"date":"2014-07-24T21:54:21","date_gmt":"2014-07-24T21:54:21","guid":{"rendered":"http:\/\/www.newmessage.org\/?page_id=13079"},"modified":"2023-06-05T06:06:38","modified_gmt":"2023-06-05T06:06:38","slug":"life-universe","status":"publish","type":"page","link":"https:\/\/www.v6.newmessage.org\/vi\/the-message\/volume-4\/life-universe\/","title":{"rendered":"S\u01b0\u0323 S\u00f4\u0301ng trong Vu\u0303 Tru\u0323"},"content":{"rendered":"<p><a href=\"\/\/www.newmessage.org\/wp-content\/uploads\/2015\/07\/volume4_book2.jpg\"><img loading=\"lazy\" decoding=\"async\" class=\"alignright\" src=\"\/\/www.newmessage.org\/wp-content\/uploads\/2015\/07\/volume4_book2-199x300.jpg\" alt=\"Life in the Universe\" width=\"234\" height=\"353\" \/><\/a><\/p>\n<p class=\"font-size-13\"><a href=\"http:\/\/newknowledgelibrary.org\/books\/\">C\u01b0\u0309a Ha\u0300ng C\u00f4\u0323ng \u0110\u00f4\u0300ng<\/a><\/p>\n<p>&nbsp;<\/p>\n<p>M\u00e2\u0301y nga\u0300n n\u0103m qua, nh\u00e2n loa\u0323i nhi\u0300n l\u00ean b\u00e2\u0300u tr\u01a1\u0300i \u0111\u00eam va\u0300 suy ng\u00e2\u0303m: ai \u01a1\u0309 ngoa\u0300i kia?<\/p>\n<p>B\u00e2y gi\u01a1\u0300 ba\u0323n co\u0301 c\u01a1 h\u00f4\u0323i \u0111\u00ea\u0309 du ha\u0300nh va\u0300o trong b\u00e2\u0300u tr\u01a1\u0300i \u0111\u00eam \u0111o\u0301, \u0111\u00ea\u0309 v\u01b0\u01a1\u0323t qua vi\u00ea\u0323c suy ng\u00e2\u0303m va\u0300 tra\u0309i nghi\u00ea\u0323m cho ba\u0309n th\u00e2n th\u01b0\u0323c t\u00ea\u0301 va\u0300 tha\u0301nh linh cu\u0309a s\u01b0\u0323 s\u00f4\u0301ng b\u00ean ngoa\u0300i th\u00ea\u0301 gi\u01a1\u0301i chu\u0301ng ta.<\/p>\n<p><em>S\u01b0\u0323 S\u00f4\u0301ng trong Vu\u0303 Tru\u0323<\/em> la\u0300 c\u01b0\u0309a s\u00f4\u0309 va\u0300o trong c\u00e2u chuy\u00ea\u0323n \u0111ang di\u00ea\u0303n ra cu\u0309a vu\u0303 tru\u0323 chu\u0301ng ta: nh\u01b0\u0303ng th\u01b0\u0323c t\u00ea\u0301 v\u00ea\u0300 giao di\u0323ch, du ha\u0300nh va\u0300 m\u00e2u thu\u00e2\u0303n trong m\u00f4\u0323t C\u00f4\u0323ng \u0110\u00f4\u0300ng Vi\u0303 \u0110a\u0323i cu\u0309a s\u01b0\u0323 s\u00f4\u0301ng th\u00f4ng minh; s\u01b0\u0323 ra \u0111\u01a1\u0300i va\u0300 ch\u00e2\u0301m d\u01b0\u0301t cu\u0309a nh\u01b0\u0303ng n\u00ea\u0300n v\u0103n minh kh\u0103\u0301p ca\u0309 ca\u0301c vi\u0300 sao; K\u00ea\u0301 Hoa\u0323ch va\u0300 Mu\u0323c \u0110i\u0301ch vi\u0303 \u0111a\u0323i cu\u0309a \u0110\u00e2\u0301ng Ta\u0323o Ho\u0301a ng\u01b0\u01a1\u0300i tr\u00f4ng coi qua\u0301 tri\u0300nh tha\u0301nh linh cu\u0309a s\u01b0\u0323 s\u00f4\u0301ng trong t\u00e2\u0301t ca\u0309 ca\u0301c thi\u00ean ha\u0300.<\/p>\n<p>Chu\u0301a b\u00e2y gi\u01a1\u0300 \u0111ang ca\u0309nh ba\u0301o va\u0300 chu\u00e2\u0309n bi\u0323 chu\u0301ng ta cho \u0111i\u0323nh m\u00ea\u0323nh cu\u0309a chu\u0301ng ta trong C\u00f4\u0323ng \u0110\u00f4\u0300ng Vi\u0303 \u0110a\u0323i. Chi\u0309 th\u00f4ng qua kha\u0309i huy\u00ea\u0300n Tha\u0301nh Th\u00e2\u0300n ma\u0300 chu\u0301ng ta co\u0301 th\u00ea\u0309 hi\u00ea\u0309u nh\u01b0\u0303ng \u0111i\u00ea\u0300u na\u0300y va\u0300 ho\u0323c v\u00ea\u0300 th\u01b0\u0323c t\u00ea\u0301 va\u0300 tha\u0301nh linh cu\u0309a s\u01b0\u0323 s\u00f4\u0301ng trong vu\u0303 tru\u0323. B\u00e2y gi\u01a1\u0300 l\u00e2\u0300n \u0111\u00e2\u0300u ti\u00ean, ba\u0323n co\u0301 th\u00ea\u0309 \u0111i ra kho\u0309i nh\u01b0\u0303ng gi\u01a1\u0301i ha\u0323n cu\u0309a th\u00ea\u0301 gi\u01a1\u0301i chu\u0301ng ta va\u0300 va\u0300o trong khu v\u01b0\u0323c bao la cu\u0309a s\u01b0\u0323 s\u00f4\u0301ng ma\u0300 nh\u00e2n loa\u0323i \u0111ang tr\u00f4\u0303i va\u0300o.<\/p>\n<p><em>S\u01b0\u0323 S\u00f4\u0301ng trong Vu\u0303 Tru\u0323<\/em> la\u0300 m\u00f4\u0323t ca\u0301nh c\u01b0\u0309a m\u01a1\u0309 r\u00f4\u0323ng cho m\u00f4\u0323t tra\u0309i nghi\u00ea\u0323m vi\u0303 \u0111a\u0323i h\u01a1n cu\u0309a loa\u0300i ng\u01b0\u01a1\u0300i. \u0110ang m\u01a1\u0309 ra tr\u01b0\u01a1\u0301c m\u0103\u0301t ba\u0323n la\u0300 m\u00f4\u0323t c\u00e2u chuy\u00ea\u0323n va\u0300 m\u00f4\u0323t vi\u00ea\u0303n ca\u0309nh v\u00ea\u0300 vu\u0303 tru\u0323 \u0111\u00e2\u0300y s\u01b0\u0323 s\u00f4\u0301ng, s\u01b0\u0323 ph\u01b0\u0301c ta\u0323p cu\u0309a t\u01b0\u01a1ng ta\u0301c gi\u01b0\u0303a ca\u0301c th\u00ea\u0301 gi\u01a1\u0301i va\u0300 t\u01b0\u01a1ng lai \u0111ang ch\u01a1\u0300 chu\u0301ng ta khi chu\u0301ng ta ti\u00ea\u0301n va\u0300o khu v\u01b0\u0323c r\u00f4\u0323ng l\u01a1\u0301n na\u0300y cu\u0309a s\u01b0\u0323 s\u00f4\u0301ng. Ha\u0303y v\u01b0\u01a1\u0323t kho\u0309i nh\u01b0\u0303ng gi\u01a1\u0301i ha\u0323n cu\u0309a m\u00f4\u0323t t\u00e2\u0300m nhi\u0300n chi\u0309 t\u01b0\u0300 loa\u0300i ng\u01b0\u01a1\u0300i va\u0300 \u0111\u0103\u0301m mi\u0300nh va\u0300o trong \u201cC\u00f4\u0323ng \u0110\u00f4\u0300ng Vi\u0303 \u0110a\u0323i\u201d na\u0300y, m\u00f4\u0323t khu v\u01b0\u0323c vi\u0303 \u0111a\u0323i cu\u0309a s\u01b0\u0323 s\u00f4\u0301ng ma\u0300 \u0111a\u0303 lu\u00f4n k\u00eau go\u0323i ba\u0323n.<\/p>\n<p><em>S\u01b0\u0323 S\u00f4\u0301ng trong Vu\u0303 Tru\u0323<\/em> la\u0300 quy\u00ea\u0309n sa\u0301ch th\u01b0\u0301 hai cu\u0309a <a href=\"https:\/\/www.newmessage.org\/vi\/the-message\/volume-4\/\">T\u00e2\u0323p 4<\/a> cu\u0309a Th\u00f4ng \u0110i\u00ea\u0323p M\u01a1\u0301i t\u01b0\u0300 Chu\u0301a.<\/p>\n<p><span style=\"color: #525252; line-height: 1.5;\"><div class=\"toggle toggle-white\"><h4 class=\"trigger \"><span class=\"t_ico\"><\/span><a href=\"#\">Ho\u0323c th\u00eam\u2026<\/a><\/h4><div class=\"toggle_container \"><br \/>\n<div data-post-id='24520' class='insert-page insert-page-24520 '><\/div><\/div><\/div><br \/>\n<\/span><\/p>\n<div class=\"background-color-bridesmaid padding-20\">\n<h2 style=\"text-align: left;\"><span style=\"color: #525252;\">Mu\u0323c lu\u0323c<\/span><\/h2>\n<p>Ph\u00e2\u0300n M\u00f4\u0323t: Th\u01b0\u0323c T\u00ea\u0301 cu\u0309a S\u01b0\u0323 S\u00f4\u0301ng Th\u00f4ng Minh trong Vu\u0303 Tru\u0323<\/p>\n<p><a href=\"https:\/\/www.newmessage.org\/vi\/the-message\/volume-4\/life-universe\/facing-a-greater-community-of-life\/\">\u0110\u1ed1i M\u1eb7t v\u1edbi C\u1ed9ng \u0110\u1ed3ng V\u0129 \u0110\u1ea1i c\u1ee7a S\u1ef1 S\u1ed1ng<\/a><br \/>\n<a href=\"https:\/\/www.newmessage.org\/vi\/the-message\/volume-4\/life-universe\/a-brief-history-of-visitation-to-earth\/\">Li\u0323ch S\u01b0\u0309 Ng\u0103\u0301n Go\u0323n cu\u0309a Vi\u00ea\u0323c Vi\u00ea\u0301ng Th\u0103m Tra\u0301i \u0110\u00e2\u0301t<\/a><br \/>\n<a href=\"https:\/\/www.newmessage.org\/vi\/the-message\/volume-4\/life-universe\/the-limits-of-space-travel\/\">Nh\u01b0\u0303ng Gi\u01a1\u0301i Ha\u0323n cu\u0309a Du Ha\u0300nh Kh\u00f4ng Gian<\/a><br \/>\n<a href=\"https:\/\/www.newmessage.org\/vi\/the-message\/volume-4\/life-universe\/trade-and-commerce-in-this-region-of-space\/\">Giao Di\u0323ch v\u00e0 Th\u01b0\u01a1ng M\u1ea1i trong Khu V\u01b0\u0323c Kh\u00f4ng Gian n\u00e0y<\/a><br \/>\n<a href=\"https:\/\/www.newmessage.org\/vi\/the-message\/volume-4\/life-universe\/technology-and-the-different-paths-to-stability\/\">C\u00f4ng Ngh\u00ea\u0323 va\u0300 Nh\u01b0\u0303ng Con \u0110\u01b0\u01a1\u0300ng Kha\u0301c Nhau \u0111i \u0111\u00ea\u0301n S\u01b0\u0323 \u00d4\u0309n \u0110i\u0323nh<\/a><br \/>\n<a href=\"https:\/\/www.newmessage.org\/vi\/the-message\/volume-4\/life-universe\/families-and-genetic-manipulation\/\">Gia \u0110\u00ecnh v\u00e0 S\u1ef1 Thao T\u00fang Gien<\/a><br \/>\n<a href=\"https:\/\/www.newmessage.org\/vi\/the-message\/volume-4\/life-universe\/competition-influence-and-the-mental-environment\/\">C\u1ea1nh Tranh, \u1ea2nh H\u01b0\u1edfng v\u00e0 M\u00f4i Tr\u01b0\u1eddng Tinh Th\u1ea7n<\/a><br \/>\n<a href=\"https:\/\/www.newmessage.org\/vi\/the-message\/volume-4\/life-universe\/freedom-in-the-greater-community\/\">T\u1ef1 Do trong C\u1ed9ng \u0110\u1ed3ng V\u0129 \u0110\u1ea1i<\/a><\/p>\n<p>Ph\u00e2\u0300n Hai: Tha\u0301nh Linh cu\u0309a S\u01b0\u0323 S\u00f4\u0301ng Th\u00f4ng Minh trong Vu\u0303 Tru\u0323<\/p>\n<p><a href=\"https:\/\/www.newmessage.org\/vi\/the-message\/volume-4\/life-universe\/religion-in-the-greater-community\/\">T\u00f4n Gi\u00e1o trong C\u1ed9ng \u0110\u1ed3ng V\u0129 \u0110\u1ea1i<\/a><br \/>\n<a href=\"https:\/\/www.newmessage.org\/vi\/the-message\/volume-4\/life-universe\/the-power-of-knowledge\/\">Quy\u1ec1n L\u1ef1c c\u1ee7a Tri Th\u1ee9c<\/a><br \/>\n<a href=\"https:\/\/www.newmessage.org\/vi\/the-message\/volume-4\/life-universe\/unseen-forces-in-the-universe\/\">C\u00e1c Th\u1ebf L\u1ef1c V\u00f4 H\u00ecnh trong V\u0169 Tr\u1ee5<\/a><br \/>\n<a href=\"https:\/\/www.newmessage.org\/vi\/the-message\/volume-4\/life-universe\/creation-and-destiny\/\">T\u1ea1o Ho\u00e1 V\u00e0 \u0110\u1ecbnh M\u1ec7nh<\/a><br \/>\n<a href=\"https:\/\/www.newmessage.org\/vi\/the-message\/volume-4\/life-universe\/god-of-the-greater-community\/\">Ch\u00faa c\u1ee7a C\u1ed9ng \u0110\u1ed3ng V\u0129 \u0110\u1ea1i<\/a><br \/>\n<a href=\"https:\/\/www.newmessage.org\/vi\/the-message\/volume-4\/life-universe\/your-relationship-with-the-greater-community\/\">M\u1ed1i Quan H\u1ec7 c\u1ee7a B\u1ea1n v\u1edbi C\u1ed9ng \u0110\u1ed3ng V\u0129 \u0110\u1ea1i<\/a><\/p>\n<div><\/div>\n<\/div>\n","protected":false},"excerpt":{"rendered":"<p>C\u01b0\u0309a Ha\u0300ng C\u00f4\u0323ng \u0110\u00f4\u0300ng &nbsp; M\u00e2\u0301y nga\u0300n n\u0103m qua, nh\u00e2n loa\u0323i nhi\u0300n l\u00ean b\u00e2\u0300u tr\u01a1\u0300i \u0111\u00eam va\u0300 suy ng\u00e2\u0303m: ai \u01a1\u0309 ngoa\u0300i kia? B\u00e2y gi\u01a1\u0300 ba\u0323n co\u0301 c\u01a1 h\u00f4\u0323i \u0111\u00ea\u0309 du ha\u0300nh va\u0300o trong b\u00e2\u0300u tr\u01a1\u0300i \u0111\u00eam \u0111o\u0301, \u0111\u00ea\u0309 v\u01b0\u01a1\u0323t qua vi\u00ea\u0323c suy ng\u00e2\u0303m va\u0300 tra\u0309i nghi\u00ea\u0323m cho ba\u0309n th\u00e2n th\u01b0\u0323c t\u00ea\u0301 va\u0300 tha\u0301nh linh\u2026 <a class=\"read-more\" href=\"https:\/\/www.v6.newmessage.org\/vi\/the-message\/volume-4\/life-universe\/\"><span>Read More<\/span><\/a><\/p>\n","protected":false},"author":1,"featured_media":0,"parent":16316,"menu_order":1,"comment_status":"closed","ping_status":"closed","template":"template-leftsidebar.php","meta":{"_monsterinsights_skip_tracking":false,"_monsterinsights_sitenote_active":false,"_monsterinsights_sitenote_note":"","_monsterinsights_sitenote_category":0,"footnotes":""},"categories":[472,471],"tags":[632,687],"_links":{"self":[{"href":"https:\/\/www.v6.newmessage.org\/vi\/wp-json\/wp\/v2\/pages\/13079"}],"collection":[{"href":"https:\/\/www.v6.newmessage.org\/vi\/wp-json\/wp\/v2\/pages"}],"about":[{"href":"https:\/\/www.v6.newmessage.org\/vi\/wp-json\/wp\/v2\/types\/page"}],"author":[{"embeddable":true,"href":"https:\/\/www.v6.newmessage.org\/vi\/wp-json\/wp\/v2\/users\/1"}],"replies":[{"embeddable":true,"href":"https:\/\/www.v6.newmessage.org\/vi\/wp-json\/wp\/v2\/comments?post=13079"}],"version-history":[{"count":155,"href":"https:\/\/www.v6.newmessage.org\/vi\/wp-json\/wp\/v2\/pages\/13079\/revisions"}],"predecessor-version":[{"id":29221,"href":"https:\/\/www.v6.newmessage.org\/vi\/wp-json\/wp\/v2\/pages\/13079\/revisions\/29221"}],"up":[{"embeddable":true,"href":"https:\/\/www.v6.newmessage.org\/vi\/wp-json\/wp\/v2\/pages\/16316"}],"wp:attachment":[{"href":"https:\/\/www.v6.newmessage.org\/vi\/wp-json\/wp\/v2\/media?parent=13079"}],"wp:term":[{"taxonomy":"category","embeddable":true,"href":"https:\/\/www.v6.newmessage.org\/vi\/wp-json\/wp\/v2\/categories?post=13079"},{"taxonomy":"post_tag","embeddable":true,"href":"https:\/\/www.v6.newmessage.org\/vi\/wp-json\/wp\/v2\/tags?post=13079"}],"curies":[{"name":"wp","href":"https:\/\/api.w.org\/{rel}","templated":true}]}}