{"id":12766,"date":"2014-07-19T02:33:59","date_gmt":"2014-07-19T02:33:59","guid":{"rendered":"http:\/\/www.newmessage.org\/?page_id=12766"},"modified":"2018-09-10T04:28:17","modified_gmt":"2018-09-10T04:28:17","slug":"who-is-marshall-vian-summers","status":"publish","type":"page","link":"https:\/\/www.v6.newmessage.org\/vi\/who-is-marshall-vian-summers\/","title":{"rendered":"Marshall Vian Summers la\u0300 ai?"},"content":{"rendered":"<p><a href=\"\/wp-content\/uploads\/2015\/08\/DSC_0146-copy.jpg\"><img decoding=\"async\" class=\"alignright size-medium imgborder\" src=\"\/wp-content\/uploads\/2015\/08\/DSC_0146-copy-300x200.jpg\" alt=\"DSC_0146 copy\" \/><\/a><\/p>\n<p>Marshall Vian Summers la\u0300 S\u01b0\u0301 Gia\u0309 cho Th\u00f4ng \u0110i\u00ea\u0323p M\u01a1\u0301i t\u01b0\u0300 Chu\u0301a. Trong h\u01a1n 3 th\u00e2\u0323p ky\u0309 \u00f4ng \u00e2\u0301y \u0111a\u0303 la\u0300 ng\u01b0\u01a1\u0300i nh\u00e2\u0323n la\u0303nh cu\u0309a m\u00f4\u0323t T\u00e2n Kha\u0309i Huy\u00ea\u0300n r\u00f4\u0323ng l\u01a1\u0301n, \u0111\u01b0\u01a1\u0323c trao ban \u0111\u00ea\u0309 chu\u00e2\u0309n bi\u0323 nh\u00e2n loa\u0323i cho s\u01b0\u0323 \u0111\u00f4\u0309i thay vi\u0303 \u0111a\u0323i v\u00ea\u0300 kinh t\u00ea\u0301, xa\u0303 h\u00f4\u0323i va\u0300 m\u00f4i tr\u01b0\u01a1\u0300ng \u0111ang \u0111\u00ea\u0301n t\u01a1\u0301i th\u00ea\u0301 gi\u01a1\u0301i va\u0300 cho s\u01b0\u0323 n\u00f4\u0309i l\u00ean cu\u0309a nh\u00e2n loa\u0323i va\u0300o m\u00f4\u0323t vu\u0303 tru\u0323 cu\u0309a cu\u00f4\u0323c s\u00f4\u0301ng th\u00f4ng minh.<\/p>\n<p>Va\u0300o mu\u0300a thu n\u0103m 1981, \u01a1\u0309 tu\u00f4\u0309i 32, Marshall Vian Summers co\u0301 cu\u00f4\u0323c g\u0103\u0323p g\u01a1\u0303 tr\u01b0\u0323c ti\u00ea\u0301p v\u01a1\u0301i <a href=\"https:\/\/www.newmessage.org\/vi\/the-message\/important-terms#aa\">H\u00f4\u0323i \u0110\u00f4\u0300ng Thi\u00ean Th\u00e2\u0300n<\/a> tr\u00f4ng coi th\u00ea\u0301 gi\u01a1\u0301i. Cu\u00f4\u0323c g\u0103\u0323p g\u01a1\u0303 na\u0300y ma\u0303i ma\u0303i thay \u0111\u00f4\u0309i h\u01b0\u1edbng \u0111i cu\u0309a cu\u00f4\u0323c s\u00f4\u0301ng \u00f4ng \u00e2\u0301y va\u0300 \u0111a\u0303 khai t\u00e2m \u00f4ng \u00e2\u0301y va\u0300o trong m\u00f4\u0323t m\u00f4\u0301i quan h\u00ea\u0323 s\u00e2u th\u0103\u0309m h\u01a1n v\u01a1\u0301i H\u00f4\u0323i \u0110\u00f4\u0300ng, \u0111o\u0300i ho\u0309i r\u0103\u0300ng \u00f4ng \u00e2\u0301y d\u00e2ng cu\u00f4\u0323c s\u00f4\u0301ng mi\u0300nh cho Chu\u0301a. Va\u0300 th\u00ea\u0301 la\u0300 b\u0103\u0301t \u0111\u00e2\u0300u qua\u0301 tri\u0300nh da\u0300i, bi\u0301 \u00e2\u0309n \u0111\u00ea\u0309 nh\u00e2\u0323n la\u0303nh Th\u00f4ng \u0110i\u00ea\u0323p M\u01a1\u0301i cu\u0309a Chu\u0301a cho nh\u00e2n loa\u0323i.  <\/p>\n<p>Sau s\u01b0\u0323 khai t\u00e2m bi\u0301 \u00e2\u0309n na\u0300y, \u01a1\u0309 tu\u00f4\u0309i 33, \u00f4ng \u00e2\u0301y co\u0301 m\u00f4\u0323t cu\u00f4\u0323c g\u1eb7p g\u1ee1 th\u01b0\u0301 hai v\u01a1\u0301i <a href=\"https:\/\/www.newmessage.org\/vi\/the-message\/important-terms#aa\">H\u00f4\u0323i \u0110\u00f4\u0300ng Thi\u00ean Th\u00e2\u0300n<\/a> khi \u00f4ng \u00e2\u0301y \u0111\u01b0\u01a1\u0323c chi\u0309 d\u00e2\u0303n \u0111\u00ea\u0309 b\u0103\u0301t \u0111\u00e2\u0300u nh\u00e2\u0323n la\u0303nh va\u0300 \u201cthu \u00e2m\u201d Th\u00f4ng \u0110i\u00ea\u0323p cu\u0309a ho\u0323 cho th\u00ea\u0301 gi\u01a1\u0301i.<\/p>\n<p>Qua nh\u01b0\u0303ng th\u00e2\u0323p ni\u00ean sau \u0111o\u0301, m\u00f4\u0323t Kha\u0309i Huy\u00ea\u0300n r\u00f4\u0323ng l\u01a1\u0301n cho nh\u00e2n loa\u0323i \u0111a\u0303 \u0111\u01b0\u01a1\u0323c m\u01a1\u0309 ra, \u0111\u00f4i khi m\u00f4\u0323t ca\u0301ch ch\u00e2\u0323m cha\u0323p va\u0300 \u0111\u00f4i khi nh\u01b0 do\u0300ng n\u01b0\u01a1\u0301c lu\u0303. Trong nhi\u00ea\u0300u n\u0103m da\u0300i na\u0300y, \u00f4ng \u00e2\u0301y pha\u0309i ti\u00ea\u0301n b\u01b0\u01a1\u0301c v\u01a1\u0301i s\u01b0\u0323 u\u0309ng h\u00f4\u0323 cu\u0309a chi\u0309 m\u00f4\u0323t va\u0300i ca\u0301 nh\u00e2n, kh\u00f4ng bi\u00ea\u0301t Kha\u0309i Huy\u00ea\u0300n nga\u0300y ca\u0300ng l\u01a1\u0301n na\u0300y se\u0303 co\u0301 nghi\u0303a gi\u0300 va\u0300 no\u0301 se\u0303 d\u00e2\u0303n \u0111\u00ea\u0301n \u0111\u00e2u.<\/p>\n<p>H\u00e2\u0300u h\u00ea\u0301t trong n\u0103m, Marshall s\u00f4\u0301ng \u01a1\u0309 Rocky Mountains \u01a1\u0309 n\u01b0\u01a1\u0301c My\u0303 n\u01a1i ma\u0300 \u00f4ng \u00e2\u0301y s\u00f4\u0301ng kha\u0301 \u00e2\u0309n d\u00e2\u0323t \u0111\u01b0\u01a1\u0323c h\u00f4\u0303 tr\u01a1\u0323 b\u01a1\u0309i gia \u0111i\u0300nh cu\u0309a \u00f4ng \u00e2\u0301y va\u0300 nh\u01b0\u0303ng tha\u0300nh vi\u00ean cu\u0309a <a href=\"https:\/\/www.newmessage.org\/vi\/worldwide-community\/society\">H\u00f4\u0323i cho Th\u00f4ng \u0110i\u00ea\u0323p M\u01a1\u0301i<\/a>. Chi\u0301nh la\u0300 \u01a1\u0309 \u0111o\u0301 ma\u0300 \u00f4ng \u00e2\u0301y ti\u00ea\u0301p tu\u0323c s\u01b0\u0301 m\u00ea\u0323nh cu\u0309a \u00f4ng \u00e2\u0301y trong vi\u00ea\u0323c nh\u00e2\u0323n la\u0303nh, chu\u00e2\u0309n bi\u0323 va\u0300 tri\u0300nh ba\u0300y Th\u00f4ng \u0110i\u00ea\u0323p M\u01a1\u0301i t\u01b0\u0300 Chu\u0301a cho th\u00ea\u0301 gi\u01a1\u0301i.<\/p>\n<p>Trong nh\u01b0\u0303ng di\u0323p hi\u00ea\u0301m hoi Marshall \u0111\u01b0\u01a1\u0323c chi\u0309 d\u00e2\u0303n b\u01a1\u0309i Ngu\u00f4\u0300n G\u00f4\u0301c cu\u0309a Th\u00f4ng \u0110i\u00ea\u0323p M\u01a1\u0301i \u0111\u00ea\u0309 du ha\u0300nh \u0111\u00ea\u0301n m\u00f4\u0323t va\u0300i n\u01a1i tr\u00ean th\u00ea\u0301 gi\u01a1\u0301i (<a href=\"https:\/\/www.newmessage.org\/gods-messenger\/journeys-messenger\">Nh\u01b0\u0303ng Cu\u00f4\u0323c Ha\u0300nh Tri\u0300nh<\/a>) \u0111\u00ea\u0309 nh\u00e2\u0323n la\u0303nh Kha\u0309i Huy\u00ea\u0300n cu\u0309a Chu\u0301a cho th\u01a1\u0300i \u0111i\u00ea\u0309m va\u0300 ch\u00f4\u0303 \u00e2\u0301y va\u0300 \u0111\u00ea\u0309 ti\u00ea\u0301c l\u00f4\u0323 ch\u00e2n ly\u0301 s\u00e2u th\u0103\u0309m h\u01a1n \u0111\u01b0\u01a1\u0323c ch\u01b0\u0301a \u0111\u01b0\u0323ng trong Th\u00f4ng \u0110i\u00ea\u0323p M\u01a1\u0301i cu\u0309a Chu\u0301a \u01a1\u0309 nh\u01b0\u0303ng cu\u00f4\u0323c tu\u0323 ho\u0323p \u0111\u0103\u0323c bi\u00ea\u0323t cu\u0309a C\u00f4\u0323ng \u0110\u00f4\u0300ng Toa\u0300n C\u00e2\u0300u (<a href=\"https:\/\/www.newmessage.org\/worldwide-community\/events-2\"> S\u01b0\u0323 Ki\u00ea\u0323n <\/a>).<\/p>\n<p>Ng\u01b0\u01a1\u0300i S\u01b0\u0301 Gia\u0309 \u0111a\u0303 \u0111i m\u00f4\u0323t con \u0111\u01b0\u01a1\u0300ng da\u0300i va\u0300 \u0111\u00e2\u0300y kho\u0301 kh\u0103n \u0111\u00ea\u0309 nh\u00e2\u0323n la\u0303nh va\u0300 tri\u0300nh ba\u0300y Kha\u0309i Huy\u00ea\u0300n l\u01a1\u0301n nh\u00e2\u0301t t\u01b0\u0300ng \u0111\u01b0\u01a1\u0323c trao ban cho gia \u0111i\u0300nh loa\u0300i ng\u01b0\u01a1\u0300i. Ngay ca\u0309 nga\u0300y h\u00f4m nay <a href=\"https:\/\/www.newmessage.org\/vi\/the-message\/important-terms#voice\">Ti\u00ea\u0301ng No\u0301i cu\u0309a Kha\u0309i Huy\u00ea\u0300n<\/a> ti\u00ea\u0301p tu\u0323c cha\u0309y qua \u00f4ng \u00e2\u0301y khi \u00f4ng \u00e2\u0301y \u0111\u00f4\u0301i m\u0103\u0323t v\u01a1\u0301i th\u01b0\u0309 tha\u0301ch vi\u0303 \u0111a\u0323i \u0111\u00ea\u0309 mang T\u00e2n Kha\u0309i Huy\u00ea\u0300n cu\u0309a Chu\u0301a \u0111\u00ea\u0301n m\u00f4\u0323t th\u00ea\u0301 gi\u01a1\u0301i r\u0103\u0301c r\u00f4\u0301i va\u0300 chia re\u0303.<\/p>\n","protected":false},"excerpt":{"rendered":"<p>Marshall Vian Summers la\u0300 S\u01b0\u0301 Gia\u0309 cho Th\u00f4ng \u0110i\u00ea\u0323p M\u01a1\u0301i t\u01b0\u0300 Chu\u0301a. Trong h\u01a1n 3 th\u00e2\u0323p ky\u0309 \u00f4ng \u00e2\u0301y \u0111a\u0303 la\u0300 ng\u01b0\u01a1\u0300i nh\u00e2\u0323n la\u0303nh cu\u0309a m\u00f4\u0323t T\u00e2n Kha\u0309i Huy\u00ea\u0300n r\u00f4\u0323ng l\u01a1\u0301n, \u0111\u01b0\u01a1\u0323c trao ban \u0111\u00ea\u0309 chu\u00e2\u0309n bi\u0323 nh\u00e2n loa\u0323i cho s\u01b0\u0323 \u0111\u00f4\u0309i thay vi\u0303 \u0111a\u0323i v\u00ea\u0300 kinh t\u00ea\u0301, xa\u0303 h\u00f4\u0323i va\u0300 m\u00f4i tr\u01b0\u01a1\u0300ng \u0111ang \u0111\u00ea\u0301n\u2026 <a class=\"read-more\" href=\"https:\/\/www.v6.newmessage.org\/vi\/who-is-marshall-vian-summers\/\"><span>Read More<\/span><\/a><\/p>\n","protected":false},"author":1,"featured_media":0,"parent":0,"menu_order":3,"comment_status":"closed","ping_status":"closed","template":"template-leftsidebar.php","meta":{"_monsterinsights_skip_tracking":false,"_monsterinsights_sitenote_active":false,"_monsterinsights_sitenote_note":"","_monsterinsights_sitenote_category":0,"footnotes":""},"categories":[81],"tags":[656,657,653,652,670,658,648,655,654,649,430,650,651],"_links":{"self":[{"href":"https:\/\/www.v6.newmessage.org\/vi\/wp-json\/wp\/v2\/pages\/12766"}],"collection":[{"href":"https:\/\/www.v6.newmessage.org\/vi\/wp-json\/wp\/v2\/pages"}],"about":[{"href":"https:\/\/www.v6.newmessage.org\/vi\/wp-json\/wp\/v2\/types\/page"}],"author":[{"embeddable":true,"href":"https:\/\/www.v6.newmessage.org\/vi\/wp-json\/wp\/v2\/users\/1"}],"replies":[{"embeddable":true,"href":"https:\/\/www.v6.newmessage.org\/vi\/wp-json\/wp\/v2\/comments?post=12766"}],"version-history":[{"count":23,"href":"https:\/\/www.v6.newmessage.org\/vi\/wp-json\/wp\/v2\/pages\/12766\/revisions"}],"predecessor-version":[{"id":27830,"href":"https:\/\/www.v6.newmessage.org\/vi\/wp-json\/wp\/v2\/pages\/12766\/revisions\/27830"}],"wp:attachment":[{"href":"https:\/\/www.v6.newmessage.org\/vi\/wp-json\/wp\/v2\/media?parent=12766"}],"wp:term":[{"taxonomy":"category","embeddable":true,"href":"https:\/\/www.v6.newmessage.org\/vi\/wp-json\/wp\/v2\/categories?post=12766"},{"taxonomy":"post_tag","embeddable":true,"href":"https:\/\/www.v6.newmessage.org\/vi\/wp-json\/wp\/v2\/tags?post=12766"}],"curies":[{"name":"wp","href":"https:\/\/api.w.org\/{rel}","templated":true}]}}