{"id":940,"date":"2011-10-19T11:45:58","date_gmt":"2011-10-19T11:45:58","guid":{"rendered":"http:\/\/wp.www.newmessage.org\/?p=940"},"modified":"2019-01-30T05:33:37","modified_gmt":"2019-01-30T05:33:37","slug":"the-proclamation","status":"publish","type":"page","link":"https:\/\/www.v6.newmessage.org\/tr\/the-message\/volume-1\/god-spoken-again\/the-proclamation\/","title":{"rendered":"Bildiri"},"content":{"rendered":"<div><!-- 4.1 Verse --><\/div>\n\n<div class=\"tabgroup \"><ul class=\"tabs\"><li><a href=\"#tabs-1\">Dinleyin<\/a><\/li>\n<li><a href=\"#tabs-2\">\u0130zleyin<\/a><\/li>\n<li><a href=\"#tabs-3\">Not<\/a><\/li><\/ul>\n <div id=\"tabs-1\"><\/p>\n<p>\u0130ngilizce konu\u015fulan orjininal vahyi dinleyin:<\/p>\n<div id=\"jquery_jplayer_1\" class=\"jp-jplayer\"><\/div>\n\t\t\t\t<div id=\"jp_container_1\" class=\"jp-audio\">\n\t\t\t\t<div class=\"jp-type-single\"><div class=\"jp-control\"><a href=\"javascript:;\" class=\"jp-play\" tabindex=\"1\">play<\/a><a href=\"javascript:;\" class=\"jp-pause\" tabindex=\"1\">pause<\/a><\/div> <div class=\"jp-gui jp-interface\"><div class=\"jp-volume\"><div class=\"jp-volume-bar\"><div class=\"jp-volume-bar-value\"><\/div><\/div><\/div><div class=\"jp-progress\"><div class=\"jp-seek-bar\"><div class=\"jp-play-bar\"><\/div><\/div><\/div><\/div>\t\t\t\t\t<div class=\"jp-no-solution\"><span>Update Required<\/span>To play the media you will need to either update your browser to a recent version or update your <a href=\"http:\/\/get.adobe.com\/flashplayer\/\" target=\"_blank\">Flash plugin<\/a>.<\/div><\/div><\/div>\n\t\t\t<script type='text\/javascript'>\n\t\t\t\tjQuery(document).ready(function() {\n\t\t\t\t\tif (typeof (sermonMedia) == 'function') {\n\t\t\t\t\t\tsermonMedia.addAudio('', \"jquery_jplayer_1\");\n\t\t\t\t\t}\n\t\t\t\t\tjQuery.jPlayer.timeFormat.showHour = true;\n\t\t\t\t\tjQuery(\"#jquery_jplayer_1\").jPlayer({\n\t\t\t\t\t\tready: function(event) {\n\t\t\t\t\t\t\tjQuery(this).jPlayer(\"setMedia\", {mp3: 'https:\/\/newmessage.org\/av\/embed\/the-proclamation.mp3'});\n\t\t\t\t\t\t},\n\t\t\t\t\t\tplay: function() {\n\t\t\t\t\t\t\tjQuery(this).jPlayer(\"pauseOthers\");\n\t\t\t\t\t\t},\n\t\t\t\t\t\tswfPath: ThemeData.directory_uri+\"\/swf\",\n\t\t\t\t\t\tsolution: \"html, flash\",\n\t\t\t\t\t\tpreload: \"metadata\",\n\t\t\t\t\t\twmode: \"window\",\n\t\t\t\t\t\tsupplied: \"mp3\",\n\t\t\t\t\t\tcssSelectorAncestor: '#jp_container_1'\n\t\t\t\t\t});\n\t\t\t\t});\n\t\t\t<\/script><\/p>\n<p><a title=\"The Proclamation\" href=\"\/\/www.newmessage.org\/av\/embed\/the-proclamation.mp3\">\u0130ndirin<\/a> (indirmek i\u00e7in sa\u011fa t\u0131klay\u0131n)<\/p>\n<p class=\"revelation_details\"><em>Marshall Vian Summers\u2019a<br \/>\n7 Temmuz 2006\u2019da<br \/>\nBoulder, Colorado\u2019da<br \/>\nVahiy edildi\u011fi \u015fekilde<\/em><\/p>\n<div class=\"toggle toggle-white\"><h4 class=\"trigger \"><span class=\"t_ico\"><\/span><a href=\"#\">Bu kay\u0131t hakk\u0131nda<\/a><\/h4><div class=\"toggle_container \"><br \/>\n<p>Bu ses kayd\u0131nda duydu\u011funuz <a href=\"\/tr\/the-message\/important-terms#aa\"\">Melekler Meclisinin<\/a> <a href=\"https:\/\/www.newmessage.org\/tr\/who-is-marshall-vian-summers\/\">Marshall Vian Summers<\/a> vas\u0131tas\u0131yla konu\u015fmas\u0131d\u0131r.<\/p>\n<p>Burada,  kelimelerin \u00f6tesinde var olan, Tanr\u0131\u2019n\u0131n orjinal ileti\u015fimi, d\u00fcnyay\u0131 g\u00f6zeten Melekler Meclisi taraf\u0131ndan insan diline ve anlay\u0131\u015f\u0131na \u00e7evrilmi\u015ftir. Melekler Meclisi daha sonra Tanr\u0131\u2019n\u0131n mesaj\u0131n\u0131 El\u00e7i arac\u0131l\u0131\u011f\u0131yla iletir.<\/p>\n<p>Bu harikulade s\u00fcre\u00e7te Vahyin Sesi tekrar konu\u015fuyor. Kelime ve <a href=\"\/tr\/the-message\/important-terms#voice\"\">Ses<\/a> d\u00fcnyada. Tarihte ilk kez sizin ve d\u00fcnyan\u0131n tecr\u00fcbe edebilmesi i\u00e7in s\u00f6zl\u00fc vahyin \u00f6zg\u00fcn kay\u0131tlar\u0131 mevcut.<\/p>\n<p>Vahiy arma\u011fan\u0131n\u0131 alanlardan olas\u0131n\u0131z ve O\u2019nun benzersiz Mesaj\u0131\u2019n\u0131 kendinize ve hayat\u0131n\u0131za kabul edecek kadar a\u00e7\u0131k olas\u0131n\u0131z.<\/p>\n<br \/>\n<\/div><\/div>\n<p><\/div>\n<div id=\"tabs-2\"><\/p>\n<p><iframe loading=\"lazy\" width=\"275\" height=\"155\" src=\"https:\/\/www.youtube.com\/embed\/PPYcU9GpgfM?feature=oembed&#038;enablejsapi=1&#038;origin=https:\/\/www.newmessage.org\/turkish\" frameborder=\"0\" allow=\"accelerometer; autoplay; encrypted-media; gyroscope; picture-in-picture\" allowfullscreen><\/iframe><\/p>\n<p><\/div>\n<div id=\"tabs-3\"><br \/>\nOkuyucuya not:<br \/>\nBu \u00e7eviri, orijinal \u0130ngilizce metni \u00e7evirmek i\u00e7in g\u00f6n\u00fcll\u00fc olan Yeni Mesaj \u00f6\u011frencileri taraf\u0131ndan Derne\u011fe sa\u011flanm\u0131\u015ft\u0131r. Bu \u00e7eviriyi, insanlar\u0131n bu yeni formda kendi dillerinde bir araya getirme \u015fans\u0131 bulabilmeleri i\u00e7in bu ilk haliyle d\u00fcnyaya sunuyoruz.<br \/>\n<\/div>\n\t\t\t\t<div align=\"right\">\n\t\t\t<div class=\"fb-like\" data-href=\"\" data-layout=\"button_count\" data-action=\"like\" data-show-faces=\"false\" data-share=\"false\"><\/div>\n\t\t\t<div class=\"fb-share-button\" data-layout=\"button_count\"> <\/div>\n\t\t\t<div class=\"fb_iframe_widget\"><a href=\"https:\/\/twitter.com\/godsnewmessage?ref_src=twsrc%5Etfw\" class=\"twitter-follow-button\" data-show-count=\"false\">Follow @godsnewmessage<\/a><script async src=\"https:\/\/platform.twitter.com\/widgets.js\" charset=\"utf-8\"><\/script><\/div>\n\t\t\t<\/div> <\/div> \n\n<p><em>D\u00fcnya\u2019da Tanr\u0131\u2019dan<\/em> yeni bir mesaj var. Bu mesaj, t\u00fcm hayat\u0131n Yarat\u0131c\u0131s\u0131ndan geliyor.<\/p>\n<p>Bu d\u00fcnyay\u0131 g\u00f6zeten Melekler Varl\u0131\u011f\u0131 arac\u0131l\u0131\u011f\u0131yla insan diline ve anlay\u0131\u015f\u0131na d\u00f6n\u00fc\u015ft\u00fcr\u00fcld\u00fc.<\/p>\n<p>Y\u00fczy\u0131llard\u0131r ve bin y\u0131ld\u0131r Yarat\u0131c\u0131dan gelmekte olan y\u00fcce ileti\u015fim dizisini devam ettiriyor.<\/p>\n<p>Bu zaman ve gelecek zamanlar i\u00e7in bir Yeni Mesaj\u2019d\u0131r bu.<\/p>\n<p>\u0130nsanl\u0131\u011fa verilmi\u015f olan \u00f6nceki Mesajlar\u0131 tamaml\u0131yor ve ayn\u0131 zamanda insanl\u0131\u011fa daha \u00f6nce hi\u00e7 g\u00f6sterilmemi\u015f \u015feyleri vahiy ediyor. \u00c7\u00fcnk\u00fc insanl\u0131k \u015fu anda hem d\u00fcnyan\u0131n i\u00e7inden hem de d\u00fcnyan\u0131n \u00f6tesinden, tehlikeli ve vahim zorluklar dizisiyle kar\u015f\u0131 kar\u015f\u0131ya.<\/p>\n<p>Tanr\u0131\u2019dan gelen bu Yeni Mesaj insan ailesini, t\u00fcm uluslardan, dinsel geleneklerden, t\u00fcm kabilelerden, gruplardan ve y\u00f6nelimlerden gelen insanlar\u0131 uyarmak, g\u00fc\u00e7lendirmek ve haz\u0131rlamak i\u00e7in burada.<\/p>\n<p>B\u00fcy\u00fck bir ihtiya\u00e7, b\u00fcy\u00fck bir serencam zaman\u0131nda geldi. \u0130nsanlar\u0131 fark bile edilmemi\u015f \u015feylere haz\u0131rl\u0131yor.<\/p>\n<p>\u0130nsanlar\u0131 d\u00fcnyaya yakla\u015fmakta olan B\u00fcy\u00fck De\u011fi\u015fim Dalgalar\u0131na, insanl\u0131\u011f\u0131n evrendeki konumuna, \u00f6zellikle de evrendeki di\u011fer \u0131rklarla olan ileti\u015fimine kar\u015f\u0131 uyaran kehanetlerdir.<\/p>\n<p>Her insan\u0131n i\u00e7inde yer alan y\u00fcce manevi varl\u0131\u011f\u0131, t\u00fcm insan ailesine verilmi\u015f ve art\u0131k i\u015flenmesi, g\u00fc\u00e7lendirilmesi ve \u00f6ne \u00e7\u0131kar\u0131lmas\u0131 gereken bah\u015fedilmi\u015f y\u00fcce \u0130limi \u00e7a\u011f\u0131r\u0131yor.<\/p>\n<p>Bireyin en b\u00fcy\u00fck ruhsal ihtiyac\u0131na; ama\u00e7, anlam ve y\u00f6n ihtiyac\u0131na sesleniyor.<\/p>\n<p>\u0130nsanlar\u0131n birbirleriyle kurabilece\u011fi muhte\u015fem ili\u015fkilere, hayatlar\u0131ndaki daha y\u00fcksek amac\u0131 temsil eden ili\u015fkilere sesleniyor.<\/p>\n<p>D\u00fcnyan\u0131n ihtiya\u00e7lar\u0131na ve gelece\u011fin ihtiya\u00e7lar\u0131na sesleniyor. Bunu yaparak onu alabilecek, onu \u00f6\u011frenebilecek, ad\u0131mlar\u0131n\u0131 takip edebilecek, onu ba\u015fkalar\u0131na sunabilecek ve onun bilgeli\u011fini ba\u015fka insanlara, ailelere, topluluklara, uluslara ve t\u00fcm d\u00fcnyaya hizmet etmek i\u00e7in payla\u015fabilecek herkese ama\u00e7 ve fark\u0131ndal\u0131k, birlik ve beraberlik, bilgelik ve g\u00fc\u00e7 getiriyor.<\/p>\n<p>Bu l\u00fctfu kabul edin. Tanr\u0131\u2019dan Gelen Yeni Mesaj\u0131 \u00f6\u011frenin. Onun mevcut geleneklerinizde do\u011fru olan her \u015feyi onaylayaca\u011f\u0131n\u0131 ve zaten sahip oldu\u011funuz daha derin bilgeli\u011fe seslenece\u011fini fark edin. D\u00fc\u015f\u00fcnce ve inan\u00e7lar\u0131n\u0131z\u0131n bile \u00f6tesine, k\u00fclt\u00fcr\u00fcn\u00fcz\u00fcn veya ulusunuzun d\u00fc\u015f\u00fcnce ve inan\u00e7lar\u0131n\u0131n bile \u00f6tesine kalbinize seslenecekdir.<\/p>\n<p>Bu arma\u011fan\u0131 kabul edin ve onu sab\u0131rla \u00f6\u011frenin, \u0130lime Giden Ad\u0131mlar\u0131 atarak, B\u00fcy\u00fck Toplulu\u011fun bilgeli\u011finden \u00f6\u011frenerek ve insanl\u0131\u011f\u0131n tek maneviyat\u0131n\u0131n insanl\u0131\u011f\u0131 birle\u015ftirmedeki, insanl\u0131\u011f\u0131 g\u00fc\u00e7lendirmedeki ve insanl\u0131\u011f\u0131 \u00f6n\u00fcndeki zor zamanlar\u0131 fark etmeye ve onlar\u0131n i\u00e7inde hareket etmeye haz\u0131rlamadaki g\u00fcc\u00fcn\u00fc fark edin.<\/p>\n<p>Yeni Mesaj\u0131 insan \u00f6zg\u00fcrl\u00fc\u011f\u00fcn\u00fcn, beraberli\u011finin ve sorumlulu\u011funun korunmas\u0131 ve g\u00fc\u00e7lendirilmesi \u00e7a\u011fr\u0131s\u0131yla al\u0131n.<\/p>\n<p>\u00c7\u00fcnk\u00fc Yeni Mesaj olmadan insanl\u0131k tehlikeli ve sert bir d\u00fc\u015f\u00fc\u015f\u00fcn e\u015fi\u011findedir.<\/p>\n<p>\u0130nsanl\u0131k bu d\u00fcnyadaki \u00f6zg\u00fcrl\u00fck ve \u00f6zerkli\u011fini etraf\u0131n\u0131zdaki evrende ya\u015fayan, m\u00fcdahaleci g\u00fc\u00e7lere kaybetmekle kar\u015f\u0131 kar\u015f\u0131ya.<\/p>\n<p>Bu Yeni Mesaj olmadan insanl\u0131\u011f\u0131n ruhu uykuda kalmaya devam edecek ve insanlar \u00e7aresizlik, rekabet ve \u00e7at\u0131\u015fma dolu hayatlar ya\u015fayacak.<\/p>\n<p>\u0130nsanl\u0131\u011f\u0131n \u00f6zg\u00fcr ve \u00f6zerk bir \u0131rk olarak, g\u00fc\u00e7l\u00fc bir \u0131rk olarak, birle\u015fmi\u015f bir \u0131rk olarak, bir yandan k\u00fclt\u00fcrel \u00e7e\u015fitlili\u011fini korurken bir yandan da d\u00fcnyay\u0131 g\u00fc\u00e7l\u00fc, insan ailesini canl\u0131, aktif ve yarat\u0131c\u0131 tutacak, gelecekteki ilerlemeye yeni bir f\u0131rsat sunacak daha derin g\u00fc\u00e7 ve amac\u0131 onurland\u0131ran bir \u0131rk olarak evrendeki B\u00fcy\u00fck Toplulukla birle\u015fmesi Yarat\u0131c\u0131n\u0131n \u0130ste\u011fidir.<\/p>\n<p>Ama ilerlemek i\u00e7in \u00f6nce hayatta kalmal\u0131s\u0131n\u0131z. \u00d6n\u00fcn\u00fczdeki zor zamanlardan sa\u011f \u00e7\u0131kmal\u0131, bu d\u00fcnyay\u0131 ve kaderini kimin kontrol edece\u011fine dair d\u00fcnya \u00f6tesinden gelen rekabetten sa\u011f \u00e7\u0131kmal\u0131s\u0131n\u0131z.<\/p>\n<p>Her birey Tanr\u0131\u2019n\u0131n kendisine vermi\u015f oldu\u011fu derin \u0130limi, kendi amac\u0131n\u0131, anlam\u0131n\u0131, y\u00f6n\u00fcn\u00fc ve t\u00fcm anlaml\u0131 ili\u015fkilerine dair kriterleri i\u00e7eren bu \u0130limi ke\u015ffetmek i\u00e7in b\u00fcy\u00fck bir f\u0131rsata sahip oldu\u011funu fark etmelidir.<\/p>\n<p>Bu y\u00fczden Tanr\u0131\u2019dan Gelen Yeni Mesaj birey i\u00e7in var, bu y\u00fczden Tanr\u0131\u2019dan gelen Yeni Mesaj t\u00fcm d\u00fcnya i\u00e7in var. O art\u0131k burada.<\/p>\n<p>El\u00e7inin onu almas\u0131 \u00e7ok uzun s\u00fcrd\u00fc \u00e7\u00fcnk\u00fc Mesaj \u00e7ok b\u00fcy\u00fck.<\/p>\n<p>Bu y\u00fczden d\u00fcnyaya Yeni Mesaj\u0131 getirmeye gelmi\u015f ki\u015fiyi onurland\u0131r\u0131n.<\/p>\n<p>O al\u00e7akg\u00f6n\u00fcll\u00fc biri. B\u00f6yle b\u00fcy\u00fck bir rol\u00fc \u00fcstlenmek i\u00e7in gereken bilgeli\u011fe sahip ve d\u00fcnyaya bu ama\u00e7la g\u00f6nderildi.<br \/>\nOnu kabul edin. Anlay\u0131n. Onu y\u00fcceltmeyin. O bir tanr\u0131 de\u011fil. Tanr\u0131\u2019dan Yeni Mesaj\u0131 d\u00fcnyaya getiren bir el\u00e7i.<\/p>\n<p>Art\u0131k zaman\u0131 geldi. Bu b\u00fcy\u00fck bir f\u0131rsat. Bu d\u00fcnyan\u0131n her taraf\u0131ndaki insanlar\u0131n dualar\u0131n\u0131n, t\u00fcm inan\u00e7 geleneklerinin, t\u00fcm ulus ve k\u00fclt\u00fcrlerin bilgelik, g\u00fc\u00e7, birlik, \u00f6zg\u00fcrl\u00fck ve kurtulu\u015f i\u00e7in ettikleri dualar\u0131n yan\u0131t\u0131d\u0131r.<\/p>\n<p>Bu Yeni Mesaj\u0131 \u015fimdi al\u0131n. O geldi ve tam zaman\u0131nda geldi.<\/p>\n<\/div>\n","protected":false},"excerpt":{"rendered":"<p>D\u00fcnya\u2019da Tanr\u0131\u2019dan yeni bir mesaj var. Bu mesaj, t\u00fcm hayat\u0131n Yarat\u0131c\u0131s\u0131ndan geliyor. Bu d\u00fcnyay\u0131 g\u00f6zeten Melekler Varl\u0131\u011f\u0131 arac\u0131l\u0131\u011f\u0131yla insan diline ve anlay\u0131\u015f\u0131na d\u00f6n\u00fc\u015ft\u00fcr\u00fcld\u00fc. Y\u00fczy\u0131llard\u0131r ve bin y\u0131ld\u0131r Yarat\u0131c\u0131dan gelmekte olan y\u00fcce ileti\u015fim dizisini devam ettiriyor. Bu zaman ve gelecek zamanlar i\u00e7in bir Yeni Mesaj\u2019d\u0131r bu. \u0130nsanl\u0131\u011fa verilmi\u015f olan \u00f6nceki Mesajlar\u0131 tamaml\u0131yor ve ayn\u0131 zamanda insanl\u0131\u011fa\u2026 <a class=\"read-more\" href=\"https:\/\/www.v6.newmessage.org\/tr\/about-recording-shortcode\/\"><span>Read More<\/span><\/a><\/p>\n","protected":false},"author":1,"featured_media":27046,"parent":16290,"menu_order":0,"comment_status":"closed","ping_status":"closed","template":"template-leftsidebar.php","meta":{"_monsterinsights_skip_tracking":false,"_monsterinsights_sitenote_active":false,"_monsterinsights_sitenote_note":"","_monsterinsights_sitenote_category":0,"footnotes":""},"categories":[30,461,76,460],"tags":[818,568],"_links":{"self":[{"href":"https:\/\/www.v6.newmessage.org\/tr\/wp-json\/wp\/v2\/pages\/940"}],"collection":[{"href":"https:\/\/www.v6.newmessage.org\/tr\/wp-json\/wp\/v2\/pages"}],"about":[{"href":"https:\/\/www.v6.newmessage.org\/tr\/wp-json\/wp\/v2\/types\/page"}],"author":[{"embeddable":true,"href":"https:\/\/www.v6.newmessage.org\/tr\/wp-json\/wp\/v2\/users\/1"}],"replies":[{"embeddable":true,"href":"https:\/\/www.v6.newmessage.org\/tr\/wp-json\/wp\/v2\/comments?post=940"}],"version-history":[{"count":59,"href":"https:\/\/www.v6.newmessage.org\/tr\/wp-json\/wp\/v2\/pages\/940\/revisions"}],"predecessor-version":[{"id":27794,"href":"https:\/\/www.v6.newmessage.org\/tr\/wp-json\/wp\/v2\/pages\/940\/revisions\/27794"}],"up":[{"embeddable":true,"href":"https:\/\/www.v6.newmessage.org\/tr\/wp-json\/wp\/v2\/pages\/16290"}],"wp:featuredmedia":[{"embeddable":true,"href":"https:\/\/www.v6.newmessage.org\/tr\/wp-json\/wp\/v2\/media\/27046"}],"wp:attachment":[{"href":"https:\/\/www.v6.newmessage.org\/tr\/wp-json\/wp\/v2\/media?parent=940"}],"wp:term":[{"taxonomy":"category","embeddable":true,"href":"https:\/\/www.v6.newmessage.org\/tr\/wp-json\/wp\/v2\/categories?post=940"},{"taxonomy":"post_tag","embeddable":true,"href":"https:\/\/www.v6.newmessage.org\/tr\/wp-json\/wp\/v2\/tags?post=940"}],"curies":[{"name":"wp","href":"https:\/\/api.w.org\/{rel}","templated":true}]}}