{"id":9,"date":"2012-06-29T14:02:34","date_gmt":"2012-06-29T14:02:34","guid":{"rendered":"http:\/\/churchope.themoholics.com\/?page_id=9"},"modified":"2019-05-26T17:31:27","modified_gmt":"2019-05-26T17:31:27","slug":"tanridan-gelen-yeni-mesaj","status":"publish","type":"page","link":"https:\/\/www.v6.newmessage.org\/tr\/","title":{"rendered":"TANRI&#8217;DAN GELEN YEN\u0130 MESAJ"},"content":{"rendered":"<div class=\"two_third \" ><\/p>\n<div class=\"panel-20 border-rounded-12 background-color-gray-gallery\"><span class=\"text-color-pirate-gold font-size-36 \">Yeni Mesaj nedir?<\/span><br \/>\n<span class=\"text-color-gray-5 font-size-20\">Yarat\u0131c\u0131 taraf\u0131ndan b\u00fcy\u00fck de\u011fi\u015fim, \u00e7at\u0131\u015fma ve \u00e7alkant\u0131 zaman\u0131nda olan d\u00fcnyaya g\u00f6nderdi\u011fi hakiki bir bildirimdir. Yeni Mesaj var olan hi\u00e7bir dini gelene\u011fe ya da ruhani \u00f6\u011fretiye dayanmamaktad\u0131r. O t\u00fcm uluslardan ve inan\u00e7lardan gelen insanlara bir hediyedir. O Tanr\u0131n\u0131n d\u00fcnyaya \u015fimdiye kadar verdi\u011fi t\u00fcm b\u00fcy\u00fck Mesajlardaki ebedi ger\u00e7e\u011fi onurland\u0131rmaktad\u0131r, bununla beraber \u015fimdiye kadar insanl\u0131\u011fa vahiy edilen hi\u00e7bir\u015fey gibi de\u011fildir. Yeni Mesaj insaniyetin Tek Maneviyat\u0131, d\u00fcnyan\u0131n muhafaza edilmesi ve insanl\u0131\u011f\u0131n gelece\u011fi ve evrendeki ak\u0131ll\u0131 canl\u0131lar aras\u0131ndaki B\u00fcy\u00fck Camia&#8217;daki kaderi hakk\u0131nda yeni bir vahiydir. <a href=\"https:\/\/www.newmessage.org\/tr\/introduction-new-message\/\">Daha fazla \u00f6\u011frenin&#8230;<\/a><\/span><\/div>\n<p><\/div>\n<div><\/div>\n<div class=\"one_third last\" >\n<div class=\"panel-20 border-rounded-12 background-color-gray-gallery\"><span class=\"text-color-pirate-gold font-size-36\">Yeni Mesaj&#8217;\u0131 tecr\u00fcbe edin.<\/span><\/p>\n<p><iframe loading=\"lazy\" width=\"100%\" height=\"250px\" src=\"https:\/\/www.youtube.com\/embed\/5VECHP5qywY\" frameborder=\"0\" allow=\"accelerometer; autoplay; encrypted-media; gyroscope; picture-in-picture\" allowfullscreen><\/iframe><\/p>\n<\/div>\n<p><\/div><br \/>\n<div class=\"two_third \" ><\/p>\n<div class=\"panel-20 border-rounded-12 background-color-gray-gallery\">\n<div class=\"home_feed_available_online\"><style>\nh3.hungryfeed_feed_title {}\r\ndiv.hungryfeed_feed_description {}\r\ndiv.hungryfeed_feed_content {}\r\ndiv.hungryfeed_items {}\r\ndiv.hungryfeed_item {margin-bottom: 10px;}\r\ndiv.hungryfeed_item_title {font-weight: bold;}\r\ndiv.hungryfeed_item_description {}\r\ndiv.hungryfeed_item_author {}\r\ndiv.hungryfeed_item_date {}\n<\/style>\n<script type=\"text\/javascript\">\r\n\/\/ Custom Javascript here...\r\n<\/script>\n<div style=\"margin:5px 0px 5px 0px;padding:10px;border: solid 1px red; background-color: #ff6666; color: black;\">\r\nHungryFEED can't get feed.  Don't be mad at HungryFEED. SimplePie reported: cURL error 22: The requested URL returned error: 403\r\n<\/div><\/div>\n<hr \/>\n<p><span class=\"text-color-pirate-gold font-size-32\"> Yeni Mesaj Serbest Okulu <\/span><\/p>\n<p>Serbest Okul Tanr\u0131\u2019dan gelen Yeni Mesaj\u0131 \u00f6\u011frenen ve di\u011ferleri ile payla\u015fan k\u00fcresel insanlar toplulu\u011fudur. <img loading=\"lazy\" decoding=\"async\" class=\"imgborder alignleft wp-image-27041 size-full\" src=\"https:\/\/www.newmessage.org\/turkish\/wp-content\/uploads\/sites\/71\/2012\/06\/school-e1450302200653.jpeg\" width=\"452\" height=\"166\" srcset=\"https:\/\/www.v6.newmessage.org\/tr\/wp-content\/uploads\/sites\/71\/2012\/06\/school-e1450302200653.jpeg 452w, https:\/\/www.v6.newmessage.org\/tr\/wp-content\/uploads\/sites\/71\/2012\/06\/school-e1450302200653-300x110.jpeg 300w\" sizes=\"(max-width: 452px) 100vw, 452px\" \/>Okul Yeni Mesaj tecr\u00fcbenizi derinle\u015ftirmek i\u00e7in sizi di\u011fer t\u00fcm d\u00fcnyadaki di\u011fer \u00f6\u011frencilerle birle\u015ftiren, bireysel \u00f6\u011frenim, \u00e7al\u0131\u015fma gruplar\u0131, uluslararas\u0131 organizasyonlar, organizasyon yay\u0131mlar\u0131 ve topluluk etkile\u015fimleri imkanlar\u0131 sa\u011flamaktad\u0131r.<\/p>\n<a class='simple_button_link ' style='background-color: #4f8fd6' href='https:\/\/www.community.newmessage.org\/'   ><span>Serbest Okul hakk\u0131nda daha fazla bilgi edinmek i\u00e7in buraya t\u0131klay\u0131n.<\/span><\/a>\n<\/div>\n<p><\/div>\n<div class=\"one_third last\" ><\/p>\n<div class=\"border-rounded-12 panel-20 background-color-gray-gallery\">\n<p><a href=\"https:\/\/www.newmessage.org\/tr\/the-message\/volume-3\/steps-knowledge\/\"><img loading=\"lazy\" decoding=\"async\" class=\"imgborder aligncenter wp-image-27046\" src=\"https:\/\/www.newmessage.org\/turkish\/wp-content\/uploads\/sites\/71\/2018\/12\/Turkish-STK-462x600.jpg\" alt=\"\" width=\"300\" height=\"450\" \/><\/a>\u0130lime Do\u011fru Ad\u0131mlar Manevi Bili\u015f Kitab\u0131d\u0131r. 365 ad\u0131m ya da dersten ibaret olan bir y\u0131ll\u0131k m\u00fcfredat\u0131, \u00f6\u011frencilere \u0130lim yani her birimizde ya\u015fayan manevi g\u00fcc\u00fcn deneyimini kazand\u0131rmak ve onu d\u00fcnyaya hizmet etmek amac\u0131yla vermek i\u00e7indir.<\/p>\n<p><a href=\"https:\/\/www.newmessage.org\/tr\/the-message\/volume-3\/steps-knowledge\/\">Uygulamay\u0131 ke\u015ffedin&#8230;<\/a><\/p>\n<p><\/div>\n<\/div>\n","protected":false},"excerpt":{"rendered":"Yeni Mesaj nedir? Yarat\u0131c\u0131 taraf\u0131ndan b\u00fcy\u00fck de\u011fi\u015fim, \u00e7at\u0131\u015fma ve \u00e7alkant\u0131 zaman\u0131nda olan d\u00fcnyaya g\u00f6nderdi\u011fi hakiki bir bildirimdir. Yeni Mesaj var olan hi\u00e7bir dini gelene\u011fe ya da ruhani \u00f6\u011fretiye dayanmamaktad\u0131r. O t\u00fcm uluslardan ve inan\u00e7lardan gelen insanlara bir hediyedir. O Tanr\u0131n\u0131n d\u00fcnyaya \u015fimdiye kadar verdi\u011fi t\u00fcm b\u00fcy\u00fck Mesajlardaki ebedi ger\u00e7e\u011fi onurland\u0131rmaktad\u0131r, bununla beraber \u015fimdiye kadar insanl\u0131\u011fa\u2026 <a class=\"read-more\" href=\"https:\/\/www.v6.newmessage.org\/tr\/\"><span>Read More<\/span><\/a>","protected":false},"author":1,"featured_media":0,"parent":0,"menu_order":19,"comment_status":"closed","ping_status":"closed","template":"","meta":{"_monsterinsights_skip_tracking":false,"_monsterinsights_sitenote_active":false,"_monsterinsights_sitenote_note":"","_monsterinsights_sitenote_category":0,"footnotes":""},"categories":[],"tags":[774],"_links":{"self":[{"href":"https:\/\/www.v6.newmessage.org\/tr\/wp-json\/wp\/v2\/pages\/9"}],"collection":[{"href":"https:\/\/www.v6.newmessage.org\/tr\/wp-json\/wp\/v2\/pages"}],"about":[{"href":"https:\/\/www.v6.newmessage.org\/tr\/wp-json\/wp\/v2\/types\/page"}],"author":[{"embeddable":true,"href":"https:\/\/www.v6.newmessage.org\/tr\/wp-json\/wp\/v2\/users\/1"}],"replies":[{"embeddable":true,"href":"https:\/\/www.v6.newmessage.org\/tr\/wp-json\/wp\/v2\/comments?post=9"}],"version-history":[{"count":426,"href":"https:\/\/www.v6.newmessage.org\/tr\/wp-json\/wp\/v2\/pages\/9\/revisions"}],"predecessor-version":[{"id":27933,"href":"https:\/\/www.v6.newmessage.org\/tr\/wp-json\/wp\/v2\/pages\/9\/revisions\/27933"}],"wp:attachment":[{"href":"https:\/\/www.v6.newmessage.org\/tr\/wp-json\/wp\/v2\/media?parent=9"}],"wp:term":[{"taxonomy":"category","embeddable":true,"href":"https:\/\/www.v6.newmessage.org\/tr\/wp-json\/wp\/v2\/categories?post=9"},{"taxonomy":"post_tag","embeddable":true,"href":"https:\/\/www.v6.newmessage.org\/tr\/wp-json\/wp\/v2\/tags?post=9"}],"curies":[{"name":"wp","href":"https:\/\/api.w.org\/{rel}","templated":true}]}}