{"id":617,"date":"2011-08-19T13:07:27","date_gmt":"2011-08-19T20:07:27","guid":{"rendered":"http:\/\/wp.www.newmessage.org\/?p=617"},"modified":"2019-01-17T11:37:12","modified_gmt":"2019-01-17T11:37:12","slug":"the-shock-of-the-future","status":"publish","type":"page","link":"https:\/\/www.v6.newmessage.org\/tr\/the-message\/volume-1\/new-world\/the-shock-of-the-future\/","title":{"rendered":"Gelecekte \u015eok"},"content":{"rendered":"<div><!-- Master Archive version 4.1--><\/div>\n\n<div class=\"tabgroup \"><ul class=\"tabs\"><li><a href=\"#tabs-1\">Dinleyin<\/a><\/li>\n<li><a href=\"#tabs-2\">Not<\/a><\/li><\/ul>\n <div id=\"tabs-1\"><br \/>\n\u0130ngilizce konu\u015fulan orjininal vahyi dinleyin:<br \/>\n\t\t\t\t<div id=\"jquery_jplayer_1\" class=\"jp-jplayer\"><\/div>\n\t\t\t\t<div id=\"jp_container_1\" class=\"jp-audio\">\n\t\t\t\t<div class=\"jp-type-single\"><div class=\"jp-control\"><a href=\"javascript:;\" class=\"jp-play\" tabindex=\"1\">play<\/a><a href=\"javascript:;\" class=\"jp-pause\" tabindex=\"1\">pause<\/a><\/div> <div class=\"jp-gui jp-interface\"><div class=\"jp-volume\"><div class=\"jp-volume-bar\"><div class=\"jp-volume-bar-value\"><\/div><\/div><\/div><div class=\"jp-progress\"><div class=\"jp-seek-bar\"><div class=\"jp-play-bar\"><\/div><\/div><\/div><\/div>\t\t\t\t\t<div class=\"jp-no-solution\"><span>Update Required<\/span>To play the media you will need to either update your browser to a recent version or update your <a href=\"http:\/\/get.adobe.com\/flashplayer\/\" target=\"_blank\">Flash plugin<\/a>.<\/div><\/div><\/div>\n\t\t\t<script type='text\/javascript'>\n\t\t\t\tjQuery(document).ready(function() {\n\t\t\t\t\tif (typeof (sermonMedia) == 'function') {\n\t\t\t\t\t\tsermonMedia.addAudio('', \"jquery_jplayer_1\");\n\t\t\t\t\t}\n\t\t\t\t\tjQuery.jPlayer.timeFormat.showHour = true;\n\t\t\t\t\tjQuery(\"#jquery_jplayer_1\").jPlayer({\n\t\t\t\t\t\tready: function(event) {\n\t\t\t\t\t\t\tjQuery(this).jPlayer(\"setMedia\", {mp3: 'https:\/\/newmessage.org\/av\/the-shock-of-the-future.mp3'});\n\t\t\t\t\t\t},\n\t\t\t\t\t\tplay: function() {\n\t\t\t\t\t\t\tjQuery(this).jPlayer(\"pauseOthers\");\n\t\t\t\t\t\t},\n\t\t\t\t\t\tswfPath: ThemeData.directory_uri+\"\/swf\",\n\t\t\t\t\t\tsolution: \"html, flash\",\n\t\t\t\t\t\tpreload: \"metadata\",\n\t\t\t\t\t\twmode: \"window\",\n\t\t\t\t\t\tsupplied: \"mp3\",\n\t\t\t\t\t\tcssSelectorAncestor: '#jp_container_1'\n\t\t\t\t\t});\n\t\t\t\t});\n\t\t\t<\/script><\/p>\n<p><a title=\"The Shock of the Future\" href=\"\/av\/the-shock-of-the-future.mp3\">\u0130ndirin<\/a> (indirmek i\u00e7in sa\u011fa t\u0131klay\u0131n)<\/p>\n<p class=\"revelation_details\"><em> Marshall Vian Summers\u2019a<br \/>\n30, Nisan 2011\u2019de<br \/>\nBoulder, Colorado\u2019da<br \/>\nVahiy edildi\u011fi \u015fekilde <\/em><\/p>\n<div class=\"toggle toggle-white\"><h4 class=\"trigger \"><span class=\"t_ico\"><\/span><a href=\"#\">Bu kay\u0131t hakk\u0131nda<\/a><\/h4><div class=\"toggle_container \"><br \/>\n<p>Bu ses kayd\u0131nda duydu\u011funuz <a href=\"\/tr\/the-message\/important-terms#aa\"\">Melekler Meclisinin<\/a> <a href=\"https:\/\/www.newmessage.org\/tr\/who-is-marshall-vian-summers\/\">Marshall Vian Summers<\/a> vas\u0131tas\u0131yla konu\u015fmas\u0131d\u0131r.<\/p>\n<p>Burada,  kelimelerin \u00f6tesinde var olan, Tanr\u0131\u2019n\u0131n orjinal ileti\u015fimi, d\u00fcnyay\u0131 g\u00f6zeten Melekler Meclisi taraf\u0131ndan insan diline ve anlay\u0131\u015f\u0131na \u00e7evrilmi\u015ftir. Melekler Meclisi daha sonra Tanr\u0131\u2019n\u0131n mesaj\u0131n\u0131 El\u00e7i arac\u0131l\u0131\u011f\u0131yla iletir.<\/p>\n<p>Bu harikulade s\u00fcre\u00e7te Vahyin Sesi tekrar konu\u015fuyor. Kelime ve <a href=\"\/tr\/the-message\/important-terms#voice\"\">Ses<\/a> d\u00fcnyada. Tarihte ilk kez sizin ve d\u00fcnyan\u0131n tecr\u00fcbe edebilmesi i\u00e7in s\u00f6zl\u00fc vahyin \u00f6zg\u00fcn kay\u0131tlar\u0131 mevcut.<\/p>\n<p>Vahiy arma\u011fan\u0131n\u0131 alanlardan olas\u0131n\u0131z ve O\u2019nun benzersiz Mesaj\u0131\u2019n\u0131 kendinize ve hayat\u0131n\u0131za kabul edecek kadar a\u00e7\u0131k olas\u0131n\u0131z.<\/p>\n<br \/>\n<\/div><\/div><br \/>\n<\/div>\n<div id=\"tabs-2\"><br \/>\nOkuyucuya not:<br \/>\nBu \u00e7eviri, orijinal \u0130ngilizce metni \u00e7evirmek i\u00e7in g\u00f6n\u00fcll\u00fc olan Yeni Mesaj \u00f6\u011frencileri taraf\u0131ndan Derne\u011fe sa\u011flanm\u0131\u015ft\u0131r. Bu \u00e7eviriyi, insanlar\u0131n bu yeni formda kendi dillerinde bir araya getirme \u015fans\u0131 bulabilmeleri i\u00e7in bu ilk haliyle d\u00fcnyaya sunuyoruz.<br \/>\n<\/div>\n\t\t\t\t<div align=\"right\">\n\t\t\t<div class=\"fb-like\" data-href=\"\" data-layout=\"button_count\" data-action=\"like\" data-show-faces=\"false\" data-share=\"false\"><\/div>\n\t\t\t<div class=\"fb-share-button\" data-layout=\"button_count\"> <\/div>\n\t\t\t<div class=\"fb_iframe_widget\"><a href=\"https:\/\/twitter.com\/godsnewmessage?ref_src=twsrc%5Etfw\" class=\"twitter-follow-button\" data-show-count=\"false\">Follow @godsnewmessage<\/a><script async src=\"https:\/\/platform.twitter.com\/widgets.js\" charset=\"utf-8\"><\/script><\/div>\n\t\t\t<\/div> <\/div> \n\n<p>Tanr\u0131 insanl\u0131\u011f\u0131 yeni bir d\u00fcnyaya, yeni bir ger\u00e7eklik, bir de\u011fi\u015fim ve evrende ya\u015fam ile insanl\u0131\u011f\u0131n gelece\u011fi ve kaderini belirleyecek bir kar\u015f\u0131la\u015fma i\u00e7in haz\u0131rlamak istiyor.<\/p>\n<p>Yeni bir d\u00fcnya girmektesiniz. \u00c7evre de\u011fi\u015fimi, \u015fiddetli hava ko\u015fullar\u0131, b\u00fcy\u00fck bir siyasi ve ekonomik zorluklar, dengesiz olacak tahmin edilemez bir d\u00fcnya olacakt\u0131r.<br \/>\nMilletlerin devrimle sars\u0131laca\u011f\u0131 ve ulusal ekonomilerin ba\u015far\u0131s\u0131z olaca\u011f\u0131 bir d\u00fcnyad\u0131r.<\/p>\n<p>Bu bir s\u00fcredir i\u015f ba\u015f\u0131nda olan \u00e7ok say\u0131da \u00e7al\u0131\u015fan g\u00fc\u00e7lerin sonucudur. Bunu \u00f6ng\u00f6rebiliriz. Bu herkes i\u00e7in, b\u00fcy\u00fck bir \u015fok-gelece\u011fin \u015foku olacakt\u0131r.<\/p>\n<p>Buna ihmal, inkar \u00f6nlemek i\u00e7in bir \u015fey, b\u00fcy\u00fck bir trajedi olarak bakmay\u0131n. Bunun ad\u0131 vard\u0131r.<br \/>\nSiz bu \u015fartlar alt\u0131nda d\u00fcnyaya hizmet etmek i\u00e7in d\u00fcnyaya g\u00f6nderildiniz.<\/p>\n<p>Belki de de\u011fi\u015fimin b\u00fcy\u00fck dalgalar\u0131na \u00f6nem vermemenize ra\u011fmen o d\u00fcnya \u00e7ap\u0131nda s\u00fcp\u00fcrmeye ba\u015flamaktad\u0131r. Yine de hareket ediyor. Bu kay\u0131ts\u0131zl\u0131k zaman\u0131 de\u011fildir. Bu fikir veya inan\u00e7lar i\u00e7in proje zaman\u0131 de\u011fildir. Bu iddiala\u015fma ve sonsuz tart\u0131\u015fman\u0131n zaman\u0131 de\u011fildir.<\/p>\n<p>Bu, bir s\u00fcre bakarak g\u00f6rme ve izleme zaman\u0131d\u0131r. Etraf\u0131n\u0131zdaki de\u011fi\u015fen ya\u015fam ko\u015fullar\u0131n\u0131n ufu\u011funda, hayat\u0131n normal parametrelerinin \u00f6tesinde, insanlar\u0131n hayatlar\u0131nda beklenmedik de\u011fi\u015fimin, ezici bir de\u011fi\u015fimin zaman\u0131d\u0131r.<\/p>\n<p>Tanr\u0131, insanlar\u0131n ya\u015fad\u0131\u011f\u0131 zihin y\u00fczeyi alt\u0131nda size rehberlik etmek ve haz\u0131rlamak i\u00e7in size Bilgi i\u015flevleri verdi.<br \/>\nBu daha b\u00fcy\u00fck bir zekad\u0131r. Bu, d\u00fcnyan\u0131n hareketine ve Yarat\u0131c\u0131ya bilin\u00e7li yan\u0131t verdi\u011fi yerdir.<\/p>\n<p>Tanr\u0131&#8217;n\u0131n yeni Vahiy&#8217;i sizin entellekt\u00fcel taraf\u0131n\u0131zdan daha \u00e7ok, bu y\u00f6n\u00fcn\u00fcze konu\u015facakt\u0131r Bu b\u00f6l\u00fcm\u00fcn\u00fcz Tanr\u0131 &#8216;dan hi\u00e7 ayr\u0131lmad\u0131.<br \/>\nBu nedenle, ger\u00e7ekten cevap verebilir. Bu sizin bir par\u00e7an\u0131z olan akl\u0131n\u0131zd\u0131r ve \u00e7at\u0131\u015fmaz. D\u00fcnyadan korkmaz ve yok edilemez.<br \/>\nZihninizin y\u00fczeyinde, her k\u00fc\u00e7\u00fck \u015fey de ac\u0131 \u00e7ekmekte, gelecekle ilgili b\u00fcy\u00fck kayg\u0131lar\u0131n\u0131z olmakta ve her zaman gelecek kayb\u0131yla, ba\u015f\u0131n\u0131za say\u0131s\u0131z \u015feyler gelebilir korkusu ta\u015f\u0131maktas\u0131n\u0131z.<\/p>\n<p>Bu d\u00fczeyde korku ve h\u0131rs doluyken, bu kadar kolayca dikkati da\u011f\u0131labilen, \u00e7ok kolayca manip\u00fcle edilebilen, kontrol edilebilen,<br \/>\nbu kadar kolay d\u00fc\u015f\u00fcncelerle h\u00fckmedilen, ba\u015fkalar\u0131n\u0131n tespitleriyle nas\u0131l bir \u015fey \u00f6\u011frenilebilir?<\/p>\n<p>Gelece\u011fin \u015foku bir \u015fok olacakt\u0131r \u00e7\u00fcnk\u00fc haz\u0131rl\u0131ks\u0131zs\u0131n\u0131z. Dikkat edilmemi\u015ftir. Bu, az ya da hi\u00e7 \u00f6nemi olmayan \u015feylere ba\u015fka \u015feylere saplant\u0131l\u0131s\u0131n\u0131z. G\u00fcnl\u00fck i\u015flerle, kendi duygular\u0131n\u0131z, an\u0131lar\u0131n\u0131z, pi\u015fmanl\u0131klar\u0131n\u0131zla oyalan\u0131p, etraf\u0131n\u0131zdaki d\u00fcnyaya dikkatinizi vermediniz.<\/p>\n<p>Haz\u0131rl\u0131kla, herhangi bir \u015fok yoktur. Sadece onay vard\u0131r. Hatta herhangi bir \u015fok edici sizi bunaltmaz. Bu s\u00fcrpriz olabilir ve belki o an deh\u015fete d\u00fc\u015f\u00fcrebilir, ama bunun gerisinde sizi bunaltmayacakt\u0131r. Ne yapaca\u011f\u0131n\u0131z hakk\u0131nda herhangi bir fikriniz olmadan korku i\u00e7inde donmu\u015f, fel\u00e7 olmayacaks\u0131n\u0131z. Gemi su almaya ba\u015flad\u0131\u011f\u0131nda siz haz\u0131r olacak, donmayacak yada gemiyle batmayacaks\u0131n\u0131z.<\/p>\n<p>Bir\u00e7ok \u015fey i\u00e7in Tanr\u0131&#8217;ya dua edebilirsiniz. Korunmak i\u00e7in, avantajlar i\u00e7in, mutlu bir sonu\u00e7 i\u00e7in ama Tanr\u0131 size m\u00fcmk\u00fcn olan en b\u00fcy\u00fck hediyeyi verdi.<br \/>\nAma e\u011fer bilinmiyor ise ya da direndiniz veya ihmal ettinizse, Tanr\u0131 sizin i\u00e7in ba\u015fka ne yapabilir?<\/p>\n<p>Tanr\u0131&#8217;n\u0131n i\u015fi g\u00fcnl\u00fck i\u015fleri y\u00f6netmek de\u011fildir. Tanr\u0131, kan damarlar\u0131 arac\u0131l\u0131\u011f\u0131yla hareket halinde de\u011fildir. Allah, r\u00fczgarlar\u0131 kam\u00e7\u0131lamakta veya \u0131s\u0131 ayarlar\u0131nda de\u011fildir. Bu basamakl\u0131 olaylar\u0131n bir d\u00fcnyas\u0131d\u0131r. Bu g\u00f6r\u00fcnen bir d\u00fczene sahip de\u011fildir.<\/p>\n<p>D\u00fcnyan\u0131n jeolojik ve biyolojik g\u00fc\u00e7leri zaman\u0131n ba\u015f\u0131ndan beri hareket etmektedirler. Bunlar kendi ba\u015flar\u0131na hareket etmektedirler. D\u00fcnya&#8217;n\u0131n hassas dengesini bozan insanl\u0131\u011f\u0131n, derecesi, b\u00fcy\u00fck olaylar \u00fcretecektir ve \u015fu anda bile b\u00fcy\u00fck olaylar \u00fcretmektedir.<\/p>\n<p>Buna kim dikkat etmektedir? Ger\u00e7ekten nedeni ve sonucu kim fark etmektedir? Onlar\u0131n i\u00e7inde bulundu\u011fu g\u00fc\u00e7 ve varl\u0131\u011f\u0131 kim dinlemektedir?<\/p>\n<p>Onlar a\u015fk\u0131 arayarak, s\u00fcrekli y\u00fckten ve zehirden \u00f6zg\u00fcr bir t\u00fcr ka\u00e7\u0131\u015f ve onlar\u0131 g\u00f6lgede b\u0131rakan korku ve pi\u015fmanl\u0131k gibi , ,<br \/>\nonlar i\u00e7in ger\u00e7ek a\u015fk bir s\u0131r olmaya devam ederken, ger\u00e7ek a\u015fk Bilgi&#8217;den kaynaklanarak gelir.<\/p>\n<p>D\u00fcnya b\u00fcy\u00fck bir de\u011fi\u015fimle, do\u011fru bir yakla\u015f\u0131mla size hizmet edebilir. D\u00fcnyan\u0131n \u015foku sizi haz\u0131rlayabilir. Bu mutluluk ve felaket hayallerinizin d\u0131\u015f\u0131nda sizi sallayabilir. Bu size duygular\u0131n\u0131z\u0131 getirebilir.<br \/>\nBu g\u00fcc\u00fc, azmi ve kesinlikle insanlar i\u00e7in merhameti \u00e7a\u011f\u0131r\u0131r.<\/p>\n<p>Sorumluluk ve i\u015fbirli\u011fi \u00e7a\u011f\u0131na giriyoruz. Bunun bir par\u00e7as\u0131 olmal\u0131, ya da \u00f6mr\u00fcn\u00fcz bo\u015fa olacakt\u0131r. Hayat\u0131n\u0131z her zaman tehdit alt\u0131nda olacakt\u0131r.<\/p>\n<p>\u0130nsanlar i\u00e7ine bakmadan kay\u0131ts\u0131z bir mutlulukla emekli olmak istiyorlar, bunu g\u00f6rmek ac\u0131kl\u0131d\u0131r. Bu \u00e7ok \u00fcz\u00fcc\u00fcd\u00fcr. Herhangi bir ak\u0131l, ilham, d\u00fcr\u00fcstl\u00fck ve di\u011ferleriyle aralar\u0131nda ger\u00e7ek ba\u011f yoktur. Hizmet ve katk\u0131 yoktur. Onlara hayat\u0131n anlam\u0131nda s\u00fcrekli dinlenmek \u00fczerine ve hayattan kendilerini d\u0131\u015flamak vard\u0131r.<br \/>\nBu sizin i\u00e7in de\u011fildir. Bu d\u00fcnyada b\u00fcy\u00fcme a\u015famalar\u0131n\u0131 ge\u00e7erek ve bir ki\u015fi olarak geli\u015ferek t\u00fcm zorluklar\u0131n sadece bir yerde mera konulmas\u0131 ile uzun bir yolculuk yapmad\u0131n\u0131z .<\/p>\n<p>Sizi D\u00fcnyaya g\u00f6nderenler kendinizi geli\u015ftirmenize ve haz\u0131rl\u0131\u011f\u0131n\u0131za g\u00fcveniyor.<br \/>\nOnlar, bu kayna\u011f\u0131n anlam\u0131 hayat\u0131n\u0131zda mutluluk ve memnuniyet olaca\u011f\u0131n\u0131 biliyorlar.<\/p>\n<p>D\u00fcnyan\u0131n zenginli\u011fi, kalkacak, bu bir\u00e7ok ki\u015fi taraf\u0131ndan kaybedilecektir.<br \/>\nInsan ihtiyac\u0131 \u00e7ok b\u00fcy\u00fck olacak her yerde hizmet etmek i\u00e7in insanlar\u0131n kat\u0131l\u0131m\u0131 aranacak.<\/p>\n<p>Geminin su ald\u0131\u011f\u0131n\u0131 g\u00f6r\u00fcyorsunuz. Zaten bir tarafta liste ba\u015fl\u0131yor. Bunlar\u0131n, kendilerini haz\u0131rlamak ve b\u00fcy\u00fck yarar\u0131 olabilecek katk\u0131lar\u0131n\u0131n nerede oldu\u011funu g\u00f6rmek,cevap vermek i\u00e7in \u00e7a\u011fr\u0131ld\u0131\u011f\u0131n\u0131 biliyoruz.<\/p>\n<p>Gelecek \u015fok \u015fimdi onlar i\u00e7indir \u015foku farkedecekler, \u015fokla hayat\u0131n\u0131za yeni bir y\u00f6n a\u00e7mak zorunda olacaks\u0131n\u0131z, \u015fokun fark edilmesiyle, daha \u00f6nce hayat\u0131n\u0131zda ne kadar az anlam ve ama\u00e7 ger\u00e7ekle\u015ftirdi\u011finiz, kendinizi zaman\u0131n\u0131z\u0131 ve de\u011ferli enerjinizi k\u00fc\u00e7\u00fck \u015feylere nas\u0131l bo\u015fa harcad\u0131\u011f\u0131n\u0131z olacakt\u0131r.<\/p>\n<p>Bu, gelece\u011fin \u015fokudur, gelecek \u015foku, siz dikkat etmeye ba\u015flad\u0131\u011f\u0131n\u0131zda bu anda ger\u00e7ekle\u015fiyor ve d\u00fcnyan\u0131n i\u015faretlerine cevap verecektir.<\/p>\n<p>Tanr\u0131 bu i\u015faretler arac\u0131l\u0131\u011f\u0131yla sizi \u00e7a\u011f\u0131r\u0131yor. Tanr\u0131 sizi g\u00f6ksel cennetine d\u00f6nmek i\u00e7in davet etmiyor, ama bir ama\u00e7 i\u00e7in geldi\u011finiz d\u00fcnyas\u0131na girmek i\u00e7in \u00e7a\u011f\u0131rmaktad\u0131r.<\/p>\n<p>Bu de\u011ferlerinizi ve \u00f6nceliklerinizi de\u011fi\u015fecektir. Bu di\u011ferleri i\u00e7inde ne arad\u0131\u011f\u0131n\u0131z\u0131 da de\u011fi\u015ftirecektir. Bu kendi de\u011ferinizi de\u011fi\u015ftirecektir. Bu zaman ile ili\u015fkinizi de\u011fi\u015ftirecektir. Bu ili\u015fkilerinizi de\u011fi\u015ftirecektir. Bu, zihniniz ve v\u00fccudunuz ile ili\u015fkisini de\u011fi\u015ftirecektir. Bu her \u015fey ile ili\u015fkinizi de\u011fi\u015ftirecektir. Bu \u015foktur.<\/p>\n<p>Bir kez bu k\u00f6\u015feyi d\u00f6nd\u00fc\u011f\u00fcn\u00fczde, d\u00f6nebildi\u011finizde, neredeyse her\u015feyle y\u00fczle\u015febileceksiniz. Ve an i\u00e7inde \u015foklar bir deneyim olsa da sizi ele ge\u00e7iremeyeceklerdir. Bilgi temel haline gelecek ve d\u00fcnyada, d\u00fcnya taraf\u0131ndan \u015fok edilemiyecektir. Bu d\u00fcnyaya hizmet etmek i\u00e7in buradad\u0131r.<\/p>\n<p>\u0130nsanlara y\u00f6nelik olacak ger\u00e7ekten sizinle kat\u0131l\u0131mda bulunmak yerine bunlar hi\u00e7bir gelece\u011fi ve kaderi olmayanlard\u0131r.<\/p>\n<p>Zihnin y\u00fczeyinde bir tak\u0131m \u015feyler y\u00fcz\u00fcnden ac\u0131 \u00e7ekmeye devam edeceksiniz, ama onlar, daha b\u00fcy\u00fck \u00f6nemli \u015feyler olacakt\u0131r. Sonu\u00e7 olarak, k\u00fc\u00e7\u00fck \u015feylerin gelece\u011fi ve kaderi yoktur.<\/p>\n<p>A\u015fk otantik ve daha sanr\u0131sal hale gelecektir. Ger\u00e7ekten hi\u00e7bir gelece\u011fi ve kaderi kimin yerine kat\u0131labilir insanlara y\u00f6nelik olacakt\u0131r.<\/p>\n<p>Tanr\u0131, kendi i\u00e7inizde ve d\u00fcnyan\u0131n i\u015faretlerine yan\u0131t vermeniz i\u00e7in \u00e7a\u011f\u0131r\u0131yor. \u0130\u015faretleri g\u00f6rmek i\u00e7in,burada ve orada, ama s\u00fcrekli olarak bakmal\u0131 ve dikkat edilmelidir. Havadaki ku\u015flar ve hayvanlar gibi, ortam\u0131n\u0131z\u0131 izleyin. T\u0131pk\u0131 onlar gibi, bunu yapman\u0131z gereklidir.<\/p>\n<p>De\u011fer verdi\u011finiz her \u015fey, gelece\u011finiz, sevdi\u011finiz insanlar, hatta ya\u015fam\u0131n\u0131z bile buna ba\u011fl\u0131 olacakt\u0131r. Korku yada deh\u015fet i\u00e7inde ya\u015famak de\u011fildir.<\/p>\n<p>D\u00fcnyaya korku ve anksiyete ile ya da merhamet ve kararl\u0131l\u0131kla bakabilirsiniz g\u00f6r\u00fcp yada g\u00f6rememeniz d\u00fcnyada fark yaratacakt\u0131r.<\/p>\n<p>\u0130lk sorumlulu\u011funuz Bilgiyle ba\u011flant\u0131n\u0131zd\u0131r. \u00c7\u00fcnk\u00fc bu Tanr\u0131 ile birincil taahh\u00fct ve ba\u011f\u0131n\u0131zd\u0131r. E\u011fer ba\u011f\u0131n\u0131z ger\u00e7ek ve kendi emel ve fikirleriniz ile dolu de\u011filse, o zaman kayna\u011f\u0131n g\u00fcc\u00fc, amac\u0131 ve di\u011ferleri i\u00e7in g\u00fcvence sa\u011flayacak bir temele sahip olacakt\u0131r. \u015eu anda g\u00fcvence ihtiyac\u0131 \u00e7ok fazlad\u0131r ve her ge\u00e7en g\u00fcn b\u00fcy\u00fcmektedir.<\/p>\n<p>Aptal\u0131n aptal olmas\u0131na izin verin. Cahil cahil olsun. Kendini aldatm\u0131\u015f, kendi kendini aldatm\u0131\u015ft\u0131r. KJendi fikirlerinde kaybolanlar kendi fikirlerinde kaybolsunlar. Ger\u00e7e\u011fe yan\u0131t verebilenleri aray\u0131n. G\u00fc\u00e7l\u00fc bir birli\u011fe ihtiyac\u0131n\u0131z olacakt\u0131r. \u0130lerlemeye korkan zay\u0131f zihinlere s\u0131n\u0131rl\u0131 olamazs\u0131n\u0131z.<br \/>\nBu, sizin i\u00e7in her \u015feyi de\u011fi\u015ftirecektir, de\u011fi\u015fmesi gerekti\u011fi gibi de\u011fi\u015fmelidir. Bu de\u011fi\u015fim bir nimettir. Bu zor de\u011fi\u015fimdir. Bu sizi g\u00fc\u00e7lendirecektir. Kolay olaca\u011f\u0131n\u0131 d\u00fc\u015f\u00fcnmeyin kolay olmayacakt\u0131r.<br \/>\n\u00e7\u00fcnk\u00fc hemen olaca\u011f\u0131n\u0131 sanmay\u0131n, bir\u00e7ok a\u015famalardan ve ad\u0131mlardan olu\u015fan bir s\u00fcre\u00e7tir. Orada oldu\u011funuzu d\u00fc\u015f\u00fcnmeyin. Neyle y\u00fczle\u015fece\u011finizi bilmiyorsunuz.<\/p>\n<p>Gelece\u011fin \u015foku \u015fimdi sizinledir. Bilge olaylar ger\u00e7ekle\u015fmeden \u00f6nce ona haz\u0131rlan\u0131r. Onlar son anda yakalanmay\u0131 beklemezler. Onlar d\u00fcnya da belirtilerini g\u00f6r\u00fcyorlar. Onlar atmosferdeki hava de\u011fi\u015fimini belirliyorlar sadece insanlar\u0131n tepkisini de\u011fil bir \u00e7ok \u015feyin hareketini izliyorlar. Onlar izliyorlar.<\/p>\n<p>Onlar kendi hobilerinde veya romanslar\u0131nda ya da kendi tak\u0131nt\u0131lar\u0131nda ancak son anda kendilerini kaybetmi\u015f de\u011filerdirl. Onlar fikir birli\u011fi inanc\u0131n\u0131 takip etmiyorlar. Onlar h\u00fck\u00fcmet liderlerini veya dinleri taraf\u0131ndan s\u00f6yleneni takip etmiyorlar. Genel g\u00f6r\u00fc\u015fleri takip etmiyorlar \u00e7\u00fcnk\u00fc insanlar k\u00f6r ve dikkatsizdir. Onlar zorluklar kar\u015f\u0131s\u0131nda korkmuyorlar ve bu y\u00fczden yanl\u0131\u015f varsay\u0131mlar ile kendilerini rahatlatm\u0131yorlar. Onlar ipu\u00e7lar\u0131n\u0131 zay\u0131fl\u0131ktan ve korkudan alm\u0131yorlar.<\/p>\n<p>Tanr\u0131&#8217;n\u0131n arma\u011fan\u0131 herkes i\u00e7indir. Bilgi g\u00fcc\u00fc herkes i\u00e7indir, ama kim cevap verebilir?. Felaket ve zor bir d\u00fcnyada ya\u015fayan herkes i\u00e7in bile, cennetin hediyeleri herkes i\u00e7indir ama onlar\u0131 kim alabilir? Kim ya\u015famlar\u0131n\u0131 ve bunu deneyimlemek i\u00e7in bir konumda olup de\u011fi\u015ftirebilir?<\/p>\n<p>Burada bile gelece\u011fin \u015fok hediyesi itfa bir hediye.<\/p>\n<p>Muazzam olay, ki\u015finin kendi korkudan ay\u0131rarak fark\u0131na varmas\u0131yla ba\u015flar. Uyan\u0131kl\u0131k ba\u015fl\u0131yor, Cennetin g\u00fc\u00e7leri sizi \u00e7a\u011f\u0131rmaktad\u0131r.<\/p>\n<p>Bilginin rehberiniz olmas\u0131na izin verin d\u00fcnyan\u0131n nereye gitti\u011fini size s\u00f6ylemesine ufukta ne oldu\u011funu s\u00f6ylemesine izin verin. Tetikte olun. Yine de zihninizi. Bilgi i\u00e7in Ad\u0131mlar alarak arzuyla ve s\u00fcrekli bir korkuyu bir kenara koyun.Vahiy&#8217;i, insanl\u0131k \u0130\u00e7in Yeni Mesaj\u0131 al\u0131n. Bunu bilmeniz bile kutsald\u0131r.<\/p>\n<p>Sesimizi duyarak kutsand\u0131n\u0131z. Hayal k\u0131r\u0131kl\u0131\u011f\u0131nda bile kutsand\u0131n\u0131z, ge\u00e7mi\u015ften gelen hayal k\u0131r\u0131kl\u0131\u011f\u0131 sizi \u00f6zg\u00fcrle\u015ftirebilir. \u00d6zg\u00fcr olmak i\u00e7in kutsand\u0131n\u0131z. Insanlar sizi terk ederken, kutsand\u0131n\u0131z. \u0130lahi olan ile,kendinizle ve ba\u015fkalar\u0131yla birlikte daha b\u00fcy\u00fck bir ba\u011fl\u0131l\u0131k ve ili\u015fki i\u00e7in yeni bir hayat ve sahne ba\u015flar.<\/p>\n<p>Bu d\u00fcnya hizmet etmek i\u00e7in geldiniz yerdir, bu hizmet sizin i\u00e7in ger\u00e7ek anlaml\u0131 ve ger\u00e7ek ili\u015fkiler haline gelmi\u015ftir. Bunu anlay\u0131n\u0131z ve daha b\u00fcy\u00fck bir anlam ve ke\u015ffedilmeyi bekleyen daha b\u00fcy\u00fck bir amac\u0131, daha fazla mutluluk s\u0131rr\u0131 ve anahtar\u0131 bulacaks\u0131n\u0131z.<\/p>\n","protected":false},"excerpt":{"rendered":"<p>Tanr\u0131 insanl\u0131\u011f\u0131 yeni bir d\u00fcnyaya, yeni bir ger\u00e7eklik, bir de\u011fi\u015fim ve evrende ya\u015fam ile insanl\u0131\u011f\u0131n gelece\u011fi ve kaderini belirleyecek bir kar\u015f\u0131la\u015fma i\u00e7in haz\u0131rlamak istiyor. Yeni bir d\u00fcnya girmektesiniz. \u00c7evre de\u011fi\u015fimi, \u015fiddetli hava ko\u015fullar\u0131, b\u00fcy\u00fck bir siyasi ve ekonomik zorluklar, dengesiz olacak tahmin edilemez bir d\u00fcnya olacakt\u0131r. Milletlerin devrimle sars\u0131laca\u011f\u0131 ve ulusal ekonomilerin ba\u015far\u0131s\u0131z olaca\u011f\u0131 bir\u2026 <a class=\"read-more\" href=\"https:\/\/www.v6.newmessage.org\/tr\/about-recording-shortcode\/\"><span>Read More<\/span><\/a><\/p>\n","protected":false},"author":1,"featured_media":0,"parent":16482,"menu_order":0,"comment_status":"closed","ping_status":"closed","template":"template-leftsidebar.php","meta":{"_monsterinsights_skip_tracking":false,"_monsterinsights_sitenote_active":false,"_monsterinsights_sitenote_note":"","_monsterinsights_sitenote_category":0,"footnotes":""},"categories":[118,30,463,76,460],"tags":[145,146,883,287,397],"_links":{"self":[{"href":"https:\/\/www.v6.newmessage.org\/tr\/wp-json\/wp\/v2\/pages\/617"}],"collection":[{"href":"https:\/\/www.v6.newmessage.org\/tr\/wp-json\/wp\/v2\/pages"}],"about":[{"href":"https:\/\/www.v6.newmessage.org\/tr\/wp-json\/wp\/v2\/types\/page"}],"author":[{"embeddable":true,"href":"https:\/\/www.v6.newmessage.org\/tr\/wp-json\/wp\/v2\/users\/1"}],"replies":[{"embeddable":true,"href":"https:\/\/www.v6.newmessage.org\/tr\/wp-json\/wp\/v2\/comments?post=617"}],"version-history":[{"count":14,"href":"https:\/\/www.v6.newmessage.org\/tr\/wp-json\/wp\/v2\/pages\/617\/revisions"}],"predecessor-version":[{"id":27751,"href":"https:\/\/www.v6.newmessage.org\/tr\/wp-json\/wp\/v2\/pages\/617\/revisions\/27751"}],"up":[{"embeddable":true,"href":"https:\/\/www.v6.newmessage.org\/tr\/wp-json\/wp\/v2\/pages\/16482"}],"wp:attachment":[{"href":"https:\/\/www.v6.newmessage.org\/tr\/wp-json\/wp\/v2\/media?parent=617"}],"wp:term":[{"taxonomy":"category","embeddable":true,"href":"https:\/\/www.v6.newmessage.org\/tr\/wp-json\/wp\/v2\/categories?post=617"},{"taxonomy":"post_tag","embeddable":true,"href":"https:\/\/www.v6.newmessage.org\/tr\/wp-json\/wp\/v2\/tags?post=617"}],"curies":[{"name":"wp","href":"https:\/\/api.w.org\/{rel}","templated":true}]}}