{"id":28314,"date":"2024-04-17T06:34:59","date_gmt":"2024-04-17T06:34:59","guid":{"rendered":"https:\/\/www.v6.newmessage.org\/tr\/?page_id=28314"},"modified":"2024-04-17T06:34:59","modified_gmt":"2024-04-17T06:34:59","slug":"the-night-meditation","status":"publish","type":"page","link":"https:\/\/www.v6.newmessage.org\/tr\/the-message\/other-revelations\/the-night-meditation\/","title":{"rendered":"Gece Meditasyonu"},"content":{"rendered":"<div><!-- Master Archive version 4.1--><\/div>\n\n<div class=\"tabgroup \"><ul class=\"tabs\"><li><a href=\"#tabs-1\">Dinleyin<\/a><\/li>\n<li><a href=\"#tabs-2\">Not<\/a><\/li><\/ul>\n <div id=\"tabs-1\"><br \/>\n\u0130ngilizce konu\u015fulan orjininal vahyi dinleyin:<br \/>\n\t\t\t\t<div id=\"jquery_jplayer_1\" class=\"jp-jplayer\"><\/div>\n\t\t\t\t<div id=\"jp_container_1\" class=\"jp-audio\">\n\t\t\t\t<div class=\"jp-type-single\"><div class=\"jp-control\"><a href=\"javascript:;\" class=\"jp-play\" tabindex=\"1\">play<\/a><a href=\"javascript:;\" class=\"jp-pause\" tabindex=\"1\">pause<\/a><\/div> <div class=\"jp-gui jp-interface\"><div class=\"jp-volume\"><div class=\"jp-volume-bar\"><div class=\"jp-volume-bar-value\"><\/div><\/div><\/div><div class=\"jp-progress\"><div class=\"jp-seek-bar\"><div class=\"jp-play-bar\"><\/div><\/div><\/div><\/div>\t\t\t\t\t<div class=\"jp-no-solution\"><span>Update Required<\/span>To play the media you will need to either update your browser to a recent version or update your <a href=\"http:\/\/get.adobe.com\/flashplayer\/\" target=\"_blank\">Flash plugin<\/a>.<\/div><\/div><\/div>\n\t\t\t<script type='text\/javascript'>\n\t\t\t\tjQuery(document).ready(function() {\n\t\t\t\t\tif (typeof (sermonMedia) == 'function') {\n\t\t\t\t\t\tsermonMedia.addAudio('', \"jquery_jplayer_1\");\n\t\t\t\t\t}\n\t\t\t\t\tjQuery.jPlayer.timeFormat.showHour = true;\n\t\t\t\t\tjQuery(\"#jquery_jplayer_1\").jPlayer({\n\t\t\t\t\t\tready: function(event) {\n\t\t\t\t\t\t\tjQuery(this).jPlayer(\"setMedia\", {mp3: 'https:\/\/newmessage.org\/av\/the-night-meditation.mp3'});\n\t\t\t\t\t\t},\n\t\t\t\t\t\tplay: function() {\n\t\t\t\t\t\t\tjQuery(this).jPlayer(\"pauseOthers\");\n\t\t\t\t\t\t},\n\t\t\t\t\t\tswfPath: ThemeData.directory_uri+\"\/swf\",\n\t\t\t\t\t\tsolution: \"html, flash\",\n\t\t\t\t\t\tpreload: \"metadata\",\n\t\t\t\t\t\twmode: \"window\",\n\t\t\t\t\t\tsupplied: \"mp3\",\n\t\t\t\t\t\tcssSelectorAncestor: '#jp_container_1'\n\t\t\t\t\t});\n\t\t\t\t});\n\t\t\t<\/script><\/p>\n<p><a title=\"The Night Meditation\" href=\"https:\/\/www.newmessage.org\/av\/the-night-meditation.mp3\">\u0130ndirin<\/a> (indirmek i\u00e7in sa\u011fa t\u0131klay\u0131n)<\/p>\n<p><a href=\"https:\/\/www.community.newmessage.org\/the-night-meditation\/\"><img loading=\"lazy\" decoding=\"async\" class=\"aligncenter size-medium wp-image-37683 imgborder\" src=\"https:\/\/www.newmessage.org\/wp-content\/uploads\/2019\/02\/nightmed-300x156.png\" alt=\"\" width=\"300\" height=\"156\" \/><\/a><\/p>\n<p class=\"revelation_details\"><em>Marshall Vian Summers<br \/>\nTaraf\u0131ndan al\u0131nd\u0131\u011f\u0131 gibi<br \/>\n8 Nisan 2011 tarihinde<br \/>\nBoulder, Colorado&#8217;da<br \/>\nVahiy edildi\u011fi \u015fekilde <\/em><\/p>\n<div class=\"toggle toggle-white\"><h4 class=\"trigger \"><span class=\"t_ico\"><\/span><a href=\"#\">Bu kay\u0131t hakk\u0131nda<\/a><\/h4><div class=\"toggle_container \"><br \/>\n<p>Bu ses kayd\u0131nda duydu\u011funuz <a href=\"\/tr\/the-message\/important-terms#aa\"\">Melekler Meclisinin<\/a> <a href=\"https:\/\/www.newmessage.org\/tr\/who-is-marshall-vian-summers\/\">Marshall Vian Summers<\/a> vas\u0131tas\u0131yla konu\u015fmas\u0131d\u0131r.<\/p>\n<p>Burada,  kelimelerin \u00f6tesinde var olan, Tanr\u0131\u2019n\u0131n orjinal ileti\u015fimi, d\u00fcnyay\u0131 g\u00f6zeten Melekler Meclisi taraf\u0131ndan insan diline ve anlay\u0131\u015f\u0131na \u00e7evrilmi\u015ftir. Melekler Meclisi daha sonra Tanr\u0131\u2019n\u0131n mesaj\u0131n\u0131 El\u00e7i arac\u0131l\u0131\u011f\u0131yla iletir.<\/p>\n<p>Bu harikulade s\u00fcre\u00e7te Vahyin Sesi tekrar konu\u015fuyor. Kelime ve <a href=\"\/tr\/the-message\/important-terms#voice\"\">Ses<\/a> d\u00fcnyada. Tarihte ilk kez sizin ve d\u00fcnyan\u0131n tecr\u00fcbe edebilmesi i\u00e7in s\u00f6zl\u00fc vahyin \u00f6zg\u00fcn kay\u0131tlar\u0131 mevcut.<\/p>\n<p>Vahiy arma\u011fan\u0131n\u0131 alanlardan olas\u0131n\u0131z ve O\u2019nun benzersiz Mesaj\u0131\u2019n\u0131 kendinize ve hayat\u0131n\u0131za kabul edecek kadar a\u00e7\u0131k olas\u0131n\u0131z.<\/p>\n<br \/>\n<\/div><\/div><br \/>\n<\/div>\n<div id=\"tabs-2\"><br \/>\nOkuyucuya not:<br \/>\nBu \u00e7eviri, orijinal \u0130ngilizce metni \u00e7evirmek i\u00e7in g\u00f6n\u00fcll\u00fc olan Yeni Mesaj \u00f6\u011frencileri taraf\u0131ndan Derne\u011fe sa\u011flanm\u0131\u015ft\u0131r. Bu \u00e7eviriyi, insanlar\u0131n bu yeni formda kendi dillerinde bir araya getirme \u015fans\u0131 bulabilmeleri i\u00e7in bu ilk haliyle d\u00fcnyaya sunuyoruz.<br \/>\n<\/div>\n\t\t\t\t<div align=\"right\">\n\t\t\t<div class=\"fb-like\" data-href=\"\" data-layout=\"button_count\" data-action=\"like\" data-show-faces=\"false\" data-share=\"false\"><\/div>\n\t\t\t<div class=\"fb-share-button\" data-layout=\"button_count\"> <\/div>\n\t\t\t<div class=\"fb_iframe_widget\"><a href=\"https:\/\/twitter.com\/godsnewmessage?ref_src=twsrc%5Etfw\" class=\"twitter-follow-button\" data-show-count=\"false\">Follow @godsnewmessage<\/a><script async src=\"https:\/\/platform.twitter.com\/widgets.js\" charset=\"utf-8\"><\/script><\/div>\n\t\t\t<\/div> <\/div> \n\n<p>\u0130\u00e7inizdeki G\u00fcce ve Varl\u0131\u011fa yakla\u015f\u0131n. Zihninizin hareketsiz kalmas\u0131na izin verirseniz o kadar yak\u0131nd\u0131r ki.<\/p>\n<p>Varl\u0131k burada. Sizinle birlikte. Her zaman sizinle, \u00e7\u00fcnk\u00fc Kayna\u011f\u0131n\u0131zdan ve ya\u015fam\u0131n ger\u00e7ekli\u011finden ka\u00e7amazs\u0131n\u0131z.<\/p>\n<p>Yarat\u0131c\u0131 sizinle, Varl\u0131kla birlikte. Bu Varl\u0131\u011fa gelin. Bu G\u00fcce gelin. Burada ferahlay\u0131n. Burada rahatlay\u0131n. Burada huzur ve g\u00fc\u00e7 bulun, \u00e7\u00fcnk\u00fc bu Varl\u0131k d\u00fcnya taraf\u0131ndan tehdit edilmez ve yok edilemez.<\/p>\n<p>O yenilmezdir ve siz deneyiminizde ona yakla\u015ft\u0131k\u00e7a, onun yenilmezli\u011fi sizi g\u00fc\u00e7lendirmeye, kuvvetlendirmeye ve haz\u0131rlamaya ba\u015flayacakt\u0131r.<\/p>\n<p>D\u00fcnya sessizken, yenilmez olana gelin. Bu sizin akl\u0131n\u0131z de\u011fildir. Fiziksel bedeniniz de de\u011fildir. O Varl\u0131\u011f\u0131n\u0131z\u0131n kayna\u011f\u0131 ve merkezidir. O, Tanr\u0131&#8217;y\u0131 hi\u00e7 terk etmemi\u015f olan par\u00e7an\u0131zd\u0131r.<\/p>\n<p>Bu Varl\u0131\u011fa ve bu G\u00fcce gelin. Zihninizi tazelemesine izin verin. B\u0131rak\u0131n size \u00f6zg\u00fcrl\u00fck versin ve s\u00fcrekli d\u00fc\u015f\u00fcnmekten ve endi\u015felenmekten sizi kurtars\u0131n. \u00c7\u00fcnk\u00fc Varl\u0131kla birlikte oldu\u011funuzda, kayg\u0131 duyman\u0131za gerek yoktur.<\/p>\n<p>Tanr\u0131 sizi d\u00fcnyada hizmet etmeye \u00e7a\u011f\u0131r\u0131yor ve bu nedenle geldiniz. Tanr\u0131 ayn\u0131 zamanda size Varl\u0131\u011f\u0131 da vermi\u015ftir.<\/p>\n<p>D\u00fcnya sessizken, bu Varl\u0131\u011fa gelin ki d\u00fcnya sessiz olmad\u0131\u011f\u0131nda g\u00fc\u00e7l\u00fc ve net olabilesiniz. \u00c7alkant\u0131, zorluk, \u00e7at\u0131\u015fma ve hareketlilik kar\u015f\u0131s\u0131nda Varl\u0131\u011f\u0131 hat\u0131rlayabilirsiniz.<\/p>\n<p>Gecenin sessiz saatlerinde zihninizin dingin olmas\u0131na izin verin ve Varl\u0131\u011f\u0131n i\u00e7inde olun. Bu size uykudan daha fazla huzur verecektir. Gece uyan\u0131rsan\u0131z, yenilmez olana gelin.<\/p>\n<p>Sabah ilk uyand\u0131\u011f\u0131n\u0131zda, d\u00fcnyayla me\u015fgul olmadan \u00f6nce, bu anlar\u0131 Varl\u0131kla birlikte olmak i\u00e7in ay\u0131r\u0131n. Onun hakk\u0131nda d\u00fc\u015f\u00fcn\u00fcn. Odan\u0131n atmosferinde onu hissedin. Onu dinleyin. Zihninizin hareketsiz olmas\u0131na izin verin. Zihninizin dinlemekle me\u015fgul olmas\u0131na izin verin.<\/p>\n<p>D\u00fcnyadaki y\u00fcce i\u015finizi ke\u015ffetme ya da ke\u015ffetmeye ba\u015flama noktas\u0131na geldi\u011finizde, size g\u00fc\u00e7 ve g\u00fcven vermesi i\u00e7in bu Varl\u0131\u011f\u0131n g\u00fcc\u00fcne ihtiya\u00e7 duyacaks\u0131n\u0131z. Size cesaret ve daha b\u00fcy\u00fck bir kararl\u0131l\u0131k vermesi i\u00e7in onun rahatlamas\u0131na, huzuruna, derinli\u011fine ve sizinle olan ili\u015fkisinin g\u00fcc\u00fcne ihtiyac\u0131n\u0131z olacak.<\/p>\n<p>Varl\u0131\u011f\u0131 hissedin. Varl\u0131\u011f\u0131 d\u00fc\u015f\u00fcn\u00fcn. Varl\u0131\u011f\u0131 alg\u0131lay\u0131n. Varl\u0131\u011fa a\u00e7\u0131k olmak i\u00e7in zihninizin ve bedeninizin muhte\u015fem arac\u0131n\u0131 kullan\u0131n.<\/p>\n<p>Etkilenmez olanla ili\u015fki i\u00e7indesiniz; bu da \u00f6ncelikle d\u00fcnyayla ilgilenen ak\u0131l aleminin ve burada bulunma arac\u0131n\u0131z olan fiziksel bedenin \u00f6tesinde daha b\u00fcy\u00fck bir kal\u0131c\u0131l\u0131\u011fa sahip oldu\u011funuz anlam\u0131na gelir.<\/p>\n<p>Siz bu d\u00fcnyaya ba\u015fka bir ger\u00e7eklikten geldiniz. Ve bir sonraki g\u00f6revinizi beklemek \u00fczere o ger\u00e7ekli\u011fe geri d\u00f6neceksiniz.<\/p>\n<p>Bu tamamen gizemli ve hayal g\u00fcc\u00fcn\u00fcz\u00fcn \u00f6tesinde bir \u015feydir \u00e7\u00fcnk\u00fc bu farkl\u0131 bir ger\u00e7ekliktir ve hayal g\u00fcc\u00fcn\u00fcz yaln\u0131zca duyular\u0131n\u0131z\u0131n burada, D\u00fcnya&#8217;da bildirdi\u011fi \u015feyler dahilinde i\u015fleyebilir. Yaln\u0131zca en eski an\u0131lar\u0131n\u0131z size Varl\u0131\u011fa do\u011fru bir his, bir e\u011filim verebilir.<\/p>\n<p>Varl\u0131\u011f\u0131n i\u00e7inde sesler vard\u0131r. \u0130li\u015fkiler vard\u0131r. Manevi Aileniz vard\u0131r. \u00c7ok eski an\u0131lar vard\u0131r. Daha b\u00fcy\u00fck bir ger\u00e7eklik vard\u0131r. Kal\u0131c\u0131l\u0131k vard\u0131r. Yenilmezlik vard\u0131r.<\/p>\n<p>Bunu her zaman deneyimlemeyeceksiniz \u00e7\u00fcnk\u00fc cazibesi \u00e7ok b\u00fcy\u00fckt\u00fcr. Size bu deneyimden \u00e7ok fazla verilirse, bu sizi d\u00fcnyada olmaktan al\u0131koyabilir, sadece zor bir d\u00fcnyada izlemeniz gereken yolu takip etmek i\u00e7in size cesaret ve g\u00fc\u00e7 vermeye yetecek kadar.<\/p>\n<p>Buradaki amac\u0131n\u0131za ve buradaki ili\u015fkilerinize odaklanabilmeniz i\u00e7in Manevi Ailenizle ara s\u0131ra d\u0131\u015f\u0131nda temas\u0131n\u0131z olmayacak.<\/p>\n<p>\u00c7ok nadir durumlar d\u0131\u015f\u0131nda \u00d6\u011fretmenlerinizi deneyimlemeyeceksiniz. Ve \u00e7o\u011fu durumda, onlar size kendilerini g\u00f6stermeyecekler \u00e7\u00fcnk\u00fc odaklanman\u0131z gereken \u015fey d\u00fcnyadaki ili\u015fkileriniz olmal\u0131 &#8211; burada ittifaklar\u0131n\u0131z\u0131 kurmak, burada m\u00fcttefiklerinizi bulmak, \u00f6nemli olan ve buradaki daha b\u00fcy\u00fck i\u015finizin ve misyonunuzun bir par\u00e7as\u0131 olacak ki\u015fileri bulmak.<\/p>\n<p>Burada Varl\u0131k, neden geldi\u011finizi ve yan\u0131n\u0131zda getirdi\u011finiz \u0130lmin g\u00fcc\u00fcn\u00fc hat\u0131rlat\u0131r.<\/p>\n<p>Varl\u0131\u011fa gelin. Sesimizi dinleyin. Bu tek bir bireyin Sesi de\u011fil, daha y\u00fcce bir birli\u011fin Sesi. S\u00f6zlerimize kulak verin. Onlar\u0131 sizin kullan\u0131m\u0131n\u0131za sunuyoruz.<\/p>\n<p>O zaman G\u00fcc\u00fcn zihninizi tazelemesine izin verin &#8211; sorular\u0131n\u0131z\u0131 bir kenara koyun, ihtiya\u00e7lar\u0131n\u0131z\u0131 bir kenara koyun, korkular\u0131n\u0131z\u0131 ve endi\u015felerinizi bu de\u011ferli temas an\u0131 i\u00e7in bir kenara koyun.<\/p>\n<p>B\u0131rak\u0131n her \u015fey oldu\u011fu gibi olsun. B\u0131rak\u0131n d\u00fcnya oldu\u011fu gibi olsun. Bu dinlenme anlar\u0131 i\u00e7in hayat\u0131n\u0131z\u0131n oldu\u011fu gibi olmas\u0131na izin verin.<\/p>\n<p>\u00c7\u00f6zmeniz gereken hi\u00e7bir sorun, yapman\u0131z gereken hi\u00e7bir plan, d\u00fc\u015f\u00fcnmeniz gereken hi\u00e7bir an\u0131, memnun etmeniz gereken hi\u00e7bir insan yok.<\/p>\n<p>Sadece Varl\u0131kla birlikte olman\u0131z gerekir. Ona soru sormak zorunda de\u011filsiniz. Mecbur hissetmedi\u011finiz s\u00fcrece ona bir \u015feyler s\u00f6ylemek zorunda de\u011filsiniz. Ve e\u011fer \u00f6yleyse, sorun de\u011fil. D\u00fc\u015f\u00fcncelerinizi, hayal k\u0131r\u0131kl\u0131klar\u0131n\u0131z\u0131, her \u015feyi Varl\u0131kla payla\u015fabilirsiniz ve zihniniz tekrar sessizle\u015fene kadar o sadece Varl\u0131k olacakt\u0131r.<\/p>\n<p>Hatta Varl\u0131\u011fa \u015fikayette bile bulunabilirsiniz. O sizi yarg\u0131lamayacakt\u0131r.<\/p>\n<p>Sadece kendinizi a\u00e7maya devam edin. Zihninizin konu\u015fmas\u0131 gereken \u015feyi konu\u015fmas\u0131na izin verin. Ama sonra tekrar sessizle\u015fecektir, \u00e7\u00fcnk\u00fc Varl\u0131k konu\u015fmaya kat\u0131lmaz. Dokunulmaz olan endi\u015fe duymaz. O sadece bu de\u011ferli anda, kutsal bir etkile\u015fimin de\u011ferli an\u0131nda sizin i\u00e7in buradad\u0131r.<\/p>\n<p>Her \u015feyin oldu\u011fu gibi olmas\u0131na izin verin. Tanr\u0131 her \u015feyin oldu\u011fu gibi olmas\u0131na izin verir.<\/p>\n<p>Her \u015feyi de\u011fi\u015fmeye ve geli\u015fmeye, onar\u0131lmaya ve kurtar\u0131lmaya sevk eden Tanr\u0131&#8217;n\u0131n \u0130radesidir. Bu zaten hareket halindedir. Sizin onu yaratman\u0131za gerek yoktur. O zaten yarat\u0131lm\u0131\u015ft\u0131r.<\/p>\n<p>Her yere yay\u0131lm\u0131\u015ft\u0131r. Burada, bu d\u00fcnyadad\u0131r. Di\u011fer d\u00fcnyalardad\u0131r. Uzayda bir yerde bir gemide olsayd\u0131n\u0131z, o da orada olurdu. \u0130\u00e7inizde ve etraf\u0131n\u0131zda olurdu.<\/p>\n<p>Yolculu\u011funuz s\u0131ras\u0131nda herhangi bir d\u00fcnyadan uzakta olsan\u0131z bile, Varl\u0131k mevcut olacakt\u0131r. Evinizden uzakta olsan\u0131z bile, yabanc\u0131 bir d\u00fcnyada, \u00e7ok yabanc\u0131 bir yerde olsan\u0131z bile, Varl\u0131k orada olurdu.<\/p>\n<p>Kendinizi yenilemeniz ve Kayna\u011f\u0131n\u0131zla yeniden ba\u011flant\u0131 kurman\u0131z i\u00e7in size bu par\u0131lt\u0131lar ve bu kutsal anlar veriliyor.<\/p>\n<p>\u0130nanmak zorunda de\u011filsiniz. Bu anlarda dininizin re\u00e7etelerini takip etmenize gerek yok. Belirli bir \u015fekilde davranman\u0131z gerekmez, \u00e7\u00fcnk\u00fc kutsal anda yaln\u0131zca mevcut olman\u0131z, almaya a\u00e7\u0131k olman\u0131z, ili\u015fkiye a\u00e7\u0131k olman\u0131z gerekir.<\/p>\n<p>\u0130lk ba\u015fta korkacak, kayg\u0131lanacak, gerilecek ve Varl\u0131\u011f\u0131 yaln\u0131zca anl\u0131k olarak deneyimleyebileceksiniz. Ancak geri d\u00f6nd\u00fck\u00e7e, ilerledik\u00e7e Varl\u0131kla biraz daha uzun s\u00fcre birlikte kalabileceksiniz. Sakinle\u015fip kendinizi endi\u015feli ve g\u00fcvensiz zihin durumunuzdan kurtarabildi\u011finizde, Varl\u0131kla birlikte kalabileceksiniz.<\/p>\n<p>Varl\u0131k kendisini size verecek, kendisini sizinle kayna\u015ft\u0131racakt\u0131r. Bu kutsal bir kar\u015f\u0131la\u015fmad\u0131r, ba\u015fkalar\u0131yla tart\u0131\u015f\u0131lmamal\u0131, analiz edilmemeli ve sonras\u0131nda hakk\u0131nda spek\u00fclasyon yap\u0131lmamal\u0131, yarg\u0131lamadan ve de\u011ferlendirmeden h\u00fcrmetle tutulmal\u0131d\u0131r.<\/p>\n<p>Sadece bir anl\u0131\u011f\u0131na bile olsa e\u015fsiz bir arma\u011fand\u0131r.<\/p>\n<p>D\u00fcnya sessizken, bu daha kolay olabilir. B\u00fcy\u00fck \u015fehir uyudu\u011funda ve di\u011ferleri uyan\u0131k olmad\u0131\u011f\u0131nda, bu daha kolay olabilir.<\/p>\n<p>Bu sizin kutsal kar\u015f\u0131la\u015fman\u0131zd\u0131r. Bizimle olun. Onunla olun. Hepimiz orada birbirimize ba\u011fl\u0131y\u0131z.<\/p>\n<p>Burada do\u011fan\u0131z\u0131n ve ger\u00e7ekli\u011finizin farkl\u0131 bir par\u00e7as\u0131n\u0131 deneyimleyeceksiniz ki bunu d\u00fcnyada bulamazs\u0131n\u0131z, ancak \u00f6zverili eylem anlar\u0131nda L\u00fctfu deneyimledi\u011finizde, \u015f\u00fckran duydu\u011funuzda ve ba\u015fkalar\u0131n\u0131 takdir etti\u011finizde L\u00fctfu deneyimleyebilirsiniz.<\/p>\n<p>Bu L\u00fctuftur &#8211; bir deneyim, bir fikir de\u011fil, bir kavram de\u011fil, bir inan\u00e7 de\u011fil. \u0130\u015fte budur. Bizimle birlikte olmaya gelin. Biz Varl\u0131kta ya\u015f\u0131yor olsak da, siz Varl\u0131\u011f\u0131n d\u0131\u015f\u0131nda ya\u015f\u0131yorsunuz, ama Varl\u0131k sizin i\u00e7in orada.<\/p>\n<p>\u015eimdi gelin. Gelin ve zihninizin a\u00e7\u0131k ve \u00f6zg\u00fcr olmas\u0131na izin verin. Kalbinizin beslenmesine izin verin. D\u0131\u015f d\u00fcnyadaki i\u015flerinize ve u\u011fra\u015flar\u0131n\u0131za geri d\u00f6nebilmeniz i\u00e7in ya\u015fam\u0131n\u0131z\u0131n yenilenmesine ve onar\u0131lmas\u0131na izin verin.<\/p>\n<p>\u015eimdi burada olun. Kendinizi buna getirin. Kendinizi buna geri \u00e7a\u011f\u0131r\u0131n.<\/p>\n<p>Bunu kabul edin, \u00e7\u00fcnk\u00fc bunu almaya lay\u0131ks\u0131n\u0131z. Ya\u015fam\u0131n\u0131zda ne yapm\u0131\u015f ya da yapmam\u0131\u015f olursan\u0131z olun, L\u00fctfu almaya lay\u0131ks\u0131n\u0131z.<\/p>\n<p>Neye lay\u0131k oldu\u011funuza ya da de\u011ferinizin ne oldu\u011funa karar vermek size d\u00fc\u015fmez. Ger\u00e7ek de\u011ferinizi, d\u00fcnyadaki daha b\u00fcy\u00fck amac\u0131n\u0131z\u0131 hen\u00fcz bilmiyorsunuz.<\/p>\n<p>Bu size bir arma\u011fand\u0131r. Tanr\u0131 sizi bast\u0131rmadan bu \u015fekilde onar\u0131r.<\/p>\n<p>Tanr\u0131 b\u00fcy\u00fck bir kafa kar\u0131\u015f\u0131kl\u0131\u011f\u0131 yaratmadan sizinle bu \u015fekilde ba\u011flant\u0131 kurar.<\/p>\n<p>Tanr\u0131 sizi bu \u015fekilde besler.<\/p>\n<p>Bu beslenmeye \u015fimdi ihtiyac\u0131n\u0131z var.<\/p>\n<p>Bunun do\u011fru oldu\u011funu biliyorsunuz.<\/p>\n<p>L\u00fctufla birlikte olmaya gel.<\/p>\n<p>Mavran, Mavran, Couria Sy.<\/p>\n<p>Ontaya Lok No.<\/p>\n<p>\u0130\u00e7 d\u00fcnyan\u0131n kadim dilinin sizi yank\u0131land\u0131r\u0131p mahcup etmesine izin verin.<\/p>\n<p>Sanki bir \u00e7anm\u0131\u015fs\u0131n\u0131z ve sizi nazik\u00e7e \u00e7al\u0131yormu\u015f gibi size \u00e7arpmas\u0131na izin verin. B\u0131rak\u0131n r\u00fczg\u00e2r\u0131n tanelerin aras\u0131ndan ge\u00e7mesi gibi i\u00e7inizden ge\u00e7sin.<\/p>\n<p>L\u00fctfa \u00f6yle a\u00e7\u0131k olun ki, d\u0131\u015f d\u00fcnyaya d\u00f6nd\u00fc\u011f\u00fcn\u00fczde bu L\u00fctuf sizin arac\u0131l\u0131\u011f\u0131n\u0131zla onu \u00e7a\u011f\u0131ran, arayan ve arzulayan di\u011ferlerine ge\u00e7ebilsin.<\/p>\n<p>Gecenin durgun saatlerinde d\u00fcnya sessizken, Varl\u0131kla birlikte olmaya gelin.<\/p>\n<p>Bu sizin gece meditasyonunuzdur-arayacak bir \u015fey yok, kazanacak bir \u015fey yok, kontrol edecek bir \u015fey yok, \u00e7\u00f6zecek bir sorun yok. Sadece Varl\u0131kla birlikte olmak yeterlidir.<\/p>\n<p>\u0130\u015finiz bitti\u011finde, geri d\u00f6n\u00fcn, dinlenmeye gidin, ne gerekiyorsa yap\u0131n. Ancak spek\u00fclasyon yapmay\u0131n, de\u011ferlendirmeyin ve bu kutsal deneyim hakk\u0131nda ba\u015fkalar\u0131yla konu\u015fmay\u0131n.<\/p>\n<p>Topra\u011f\u0131n derinliklerindeki bir tohum gibi i\u00e7inizde b\u00fcy\u00fcmesine izin verin. B\u0131rak\u0131n i\u00e7inizde kendi ya\u015fam\u0131na sahip olsun. B\u0131rak\u0131n sayg\u0131n\u0131z ve ihtiyat\u0131n\u0131zla beslensin. Onu yaln\u0131zca en yak\u0131n m\u00fcttefikinizle ve nadiren payla\u015f\u0131n.<\/p>\n<p>D\u00fcnya bunu fark etmeyecektir. Di\u011ferleri k\u00f6r ve aptal olacakt\u0131r. Bunun fark\u0131na var\u0131n.<\/p>\n<p>D\u00fcnyada net olmal\u0131s\u0131n\u0131z. Ay\u0131rt edici ve sa\u011fduyulu olmal\u0131s\u0131n\u0131z. Ama kutsal deneyimdeki Varl\u0131k ile kendinizi tamamen a\u00e7abilirsiniz.<\/p>\n<p>Kutsal olan\u0131n bi\u00e7imi yoktur. Bir kitap de\u011fildir. Bir yer de\u011fildir. Bir put de\u011fildir. Bir nesne de\u011fildir. Bir hikaye de\u011fildir.<\/p>\n<p>Bu \u015feyler sizi daha b\u00fcy\u00fck bir deneyime \u00e7a\u011f\u0131rabilir ama kutsal olan bunlar\u0131n \u00f6tesindedir. Kavray\u0131\u015f\u0131n \u00f6tesindedir. Duyular\u0131n \u00f6tesindedir. \u0130nanc\u0131n \u00f6tesindedir.<\/p>\n<p>D\u00fcnyadaki ya\u015fam\u0131n\u0131zdan \u00f6nce ve sonra ve siz buradayken her an var olan \u015feydir.<\/p>\n<p>Kutsal deneyimi kutsal tutun. Kalbinizin i\u00e7inde bir alev olarak kals\u0131n. Belirli zamanlarda belirli \u015feyleri s\u00f6ylemek ya da belirli \u015feyleri yapmak i\u00e7in sizi harekete ge\u00e7irsin.<\/p>\n<p>Onun rehberli\u011fine a\u00e7\u0131k olun ve bunu yaparken sizi daha b\u00fcy\u00fck bir ya\u015fama ba\u015flatan kutsal deneyimi hat\u0131rlay\u0131n.<\/p>\n","protected":false},"excerpt":{"rendered":"<p>\u0130\u00e7inizdeki G\u00fcce ve Varl\u0131\u011fa yakla\u015f\u0131n. Zihninizin hareketsiz kalmas\u0131na izin verirseniz o kadar yak\u0131nd\u0131r ki.<\/p>\n<p>Varl\u0131k burada. Sizinle birlikte. Her zaman sizinle, \u00e7\u00fcnk\u00fc Kayna\u011f\u0131n\u0131zdan ve ya\u015fam\u0131n ger\u00e7ekli\u011finden ka\u00e7amazs\u0131n\u0131z.<\/p>\n<p>Yarat\u0131c\u0131 sizinle, Varl\u0131kla birlikte. Bu Varl\u0131\u011fa gelin. Bu G\u00fcce gelin. Burada ferahlay\u0131n. Burada rahatlay\u0131n. Burada huzur ve g\u00fc\u00e7 bulun, \u00e7\u00fcnk\u00fc bu Varl\u0131k d\u00fcnya taraf\u0131ndan tehdit edilmez ve yok edilemez.<\/p>\n<p>O yenilmezdir ve siz deneyiminizde ona yakla\u015ft\u0131k\u00e7a, onun yenilmezli\u011fi sizi g\u00fc\u00e7lendirmeye, kuvvetlendirmeye ve haz\u0131rlamaya ba\u015flayacakt\u0131r.<\/p>\n<p>D\u00fcnya sessizken, yenilmez olana gelin. Bu sizin akl\u0131n\u0131z de\u011fildir. Fiziksel bedeniniz de de\u011fildir. O Varl\u0131\u011f\u0131n\u0131z\u0131n kayna\u011f\u0131 ve merkezidir. O, Tanr\u0131&#8217;y\u0131 hi\u00e7 terk etmemi\u015f olan par\u00e7an\u0131zd\u0131r.<\/p>\n<p>Bu Varl\u0131\u011fa ve bu G\u00fcce gelin. Zihninizi tazelemesine izin verin. B\u0131rak\u0131n size \u00f6zg\u00fcrl\u00fck versin ve s\u00fcrekli d\u00fc\u015f\u00fcnmekten ve endi\u015felenmekten sizi kurtars\u0131n. \u00c7\u00fcnk\u00fc Varl\u0131kla birlikte oldu\u011funuzda, kayg\u0131 duyman\u0131za gerek yoktur.<\/p>\n<p>Tanr\u0131 sizi d\u00fcnyada hizmet etmeye \u00e7a\u011f\u0131r\u0131yor ve bu nedenle geldiniz. Tanr\u0131 ayn\u0131 zamanda size Varl\u0131\u011f\u0131 da vermi\u015ftir.<\/p>\n<p>D\u00fcnya sessizken, bu Varl\u0131\u011fa gelin ki d\u00fcnya sessiz olmad\u0131\u011f\u0131nda g\u00fc\u00e7l\u00fc ve net olabilesiniz. \u00c7alkant\u0131, zorluk, \u00e7at\u0131\u015fma ve hareketlilik kar\u015f\u0131s\u0131nda Varl\u0131\u011f\u0131 hat\u0131rlayabilirsiniz.<\/p>\n<p>Gecenin sessiz saatlerinde zihninizin dingin olmas\u0131na izin verin ve Varl\u0131\u011f\u0131n i\u00e7inde olun. Bu size uykudan daha fazla huzur verecektir. Gece uyan\u0131rsan\u0131z, yenilmez olana gelin.<\/p>\n<p>Sabah ilk uyand\u0131\u011f\u0131n\u0131zda, d\u00fcnyayla me\u015fgul olmadan \u00f6nce, bu anlar\u0131 Varl\u0131kla birlikte olmak i\u00e7in ay\u0131r\u0131n. Onun hakk\u0131nda d\u00fc\u015f\u00fcn\u00fcn. Odan\u0131n atmosferinde onu hissedin. Onu dinleyin. Zihninizin hareketsiz olmas\u0131na izin verin. Zihninizin dinlemekle me\u015fgul olmas\u0131na izin verin.<\/p>\n","protected":false},"author":62,"featured_media":0,"parent":16358,"menu_order":0,"comment_status":"closed","ping_status":"closed","template":"template-leftsidebar.php","meta":{"_monsterinsights_skip_tracking":false,"_monsterinsights_sitenote_active":false,"_monsterinsights_sitenote_note":"","_monsterinsights_sitenote_category":0,"footnotes":""},"categories":[501,30,76],"tags":[996,385],"_links":{"self":[{"href":"https:\/\/www.v6.newmessage.org\/tr\/wp-json\/wp\/v2\/pages\/28314"}],"collection":[{"href":"https:\/\/www.v6.newmessage.org\/tr\/wp-json\/wp\/v2\/pages"}],"about":[{"href":"https:\/\/www.v6.newmessage.org\/tr\/wp-json\/wp\/v2\/types\/page"}],"author":[{"embeddable":true,"href":"https:\/\/www.v6.newmessage.org\/tr\/wp-json\/wp\/v2\/users\/62"}],"replies":[{"embeddable":true,"href":"https:\/\/www.v6.newmessage.org\/tr\/wp-json\/wp\/v2\/comments?post=28314"}],"version-history":[{"count":4,"href":"https:\/\/www.v6.newmessage.org\/tr\/wp-json\/wp\/v2\/pages\/28314\/revisions"}],"predecessor-version":[{"id":28318,"href":"https:\/\/www.v6.newmessage.org\/tr\/wp-json\/wp\/v2\/pages\/28314\/revisions\/28318"}],"up":[{"embeddable":true,"href":"https:\/\/www.v6.newmessage.org\/tr\/wp-json\/wp\/v2\/pages\/16358"}],"wp:attachment":[{"href":"https:\/\/www.v6.newmessage.org\/tr\/wp-json\/wp\/v2\/media?parent=28314"}],"wp:term":[{"taxonomy":"category","embeddable":true,"href":"https:\/\/www.v6.newmessage.org\/tr\/wp-json\/wp\/v2\/categories?post=28314"},{"taxonomy":"post_tag","embeddable":true,"href":"https:\/\/www.v6.newmessage.org\/tr\/wp-json\/wp\/v2\/tags?post=28314"}],"curies":[{"name":"wp","href":"https:\/\/api.w.org\/{rel}","templated":true}]}}