{"id":28100,"date":"2021-12-23T01:56:06","date_gmt":"2021-12-23T01:56:06","guid":{"rendered":"https:\/\/www.newmessage.org\/tr\/?page_id=28100"},"modified":"2021-12-23T02:00:10","modified_gmt":"2021-12-23T02:00:10","slug":"the-new-world-prophecy","status":"publish","type":"page","link":"https:\/\/www.v6.newmessage.org\/tr\/the-message\/volume-5\/the-new-world-prophecy\/","title":{"rendered":"The New World Prophecy"},"content":{"rendered":"<p><img decoding=\"async\" class=\"alignright size-large wp-image-49567 imgborder\" src=\"https:\/\/www.newmessage.org\/wp-content\/uploads\/2020\/07\/NWP-gray-cover-400x600.png\" alt=\"The New World Prophecy - book front cover\" \/><em>The New World Prophecy<\/em> is an upcoming new book to be released by The Society for the New Message. The remainder of the book will be available soon. We will send an announcement to you by email as soon as this book is released, and will update this book web page to include all chapters.<\/p>\n<p>If you haven&#8217;t already subscribed to the New Message Mailing List and would like to receive news and updates about new releases, please do so by <a href=\"#anchor\">scrolling down<\/a> to the <strong>Signup to Mailing List<\/strong> on the left sidebar and enter your email address.<\/p>\n<p><em>The New World Prophecy<\/em> is a book of <a title=\"Volume 5\" href=\"\/the-message\/volume-5\">Volume 5<\/a>\u00a0of the New Message from God.<\/p>\n<div style=\"color: #525252; line-height: 1.5;\"><div class=\"toggle toggle-white\"><h4 class=\"trigger \"><span class=\"t_ico\"><\/span><a href=\"#\">More about the volumes of the New Message from God<\/a><\/h4><div class=\"toggle_container \"><br \/>\n<div data-post-id='24520' class='insert-page insert-page-24520 '><\/div><\/div><\/div><\/div>\n<div class=\"background-color-bridesmaid padding-20\">\n<h2 style=\"text-align: left;\"><span style=\"color: #525252;\">Table of Contents<\/span><\/h2>\n<div style=\"line-height: 1.5;\">\n<a href=\"\/tr\/the-message\/volume-5\/the-new-world-prophecy\/facing-pandemic-today\">Pandemi ve De\u011fi\u015fimin B\u00fcy\u00fck Dalgalar\u0131yla Y\u00fczle\u015fmek<\/a><br \/>\n<a href=\"\/the-message\/volume-5\/the-new-world-prophecy\/avoiding-disaster\">Avoiding Disaster<\/a><br \/>\n<a href=\"\/the-message\/volume-5\/the-new-world-prophecy\/financial-storms\">The Coming Financial Storms<\/a><br \/>\n<a href=\"\/the-message\/volume-5\/the-new-world-prophecy\/navigating-difficult-times-ahead\">Navigating the Difficult Times Ahead<\/a><br \/>\n<a href=\"\/the-message\/volume-5\/the-new-world-prophecy\/the-fate-of-nations\">The Fate of Nations<\/a><br \/>\n<a href=\"\/the-message\/volume-5\/the-new-world-prophecy\/the-goal-and-purpose-of-the-revelation\">The Goal and Purpose of the Revelation<\/a><br \/>\n<a href=\"\/the-message\/volume-5\/the-new-world-prophecy\/the-upheaval\">The Upheaval<\/a>\n<\/div>\n<\/div>\n","protected":false},"excerpt":{"rendered":"<p>The New World Prophecy is an upcoming new book to be released by The Society for the New Message. The remainder of the book will be available soon. We will send an announcement to you by email as soon as this book is released, and will update this book web page to include all chapters.\u2026 <a class=\"read-more\" href=\"https:\/\/www.v6.newmessage.org\/tr\/the-message\/volume-5\/the-new-world-prophecy\/\"><span>Read More<\/span><\/a><\/p>\n","protected":false},"author":62,"featured_media":0,"parent":16320,"menu_order":0,"comment_status":"closed","ping_status":"closed","template":"template-leftsidebar.php","meta":{"_monsterinsights_skip_tracking":false,"_monsterinsights_sitenote_active":false,"_monsterinsights_sitenote_note":"","_monsterinsights_sitenote_category":0,"footnotes":""},"categories":[927,498],"tags":[925,926],"_links":{"self":[{"href":"https:\/\/www.v6.newmessage.org\/tr\/wp-json\/wp\/v2\/pages\/28100"}],"collection":[{"href":"https:\/\/www.v6.newmessage.org\/tr\/wp-json\/wp\/v2\/pages"}],"about":[{"href":"https:\/\/www.v6.newmessage.org\/tr\/wp-json\/wp\/v2\/types\/page"}],"author":[{"embeddable":true,"href":"https:\/\/www.v6.newmessage.org\/tr\/wp-json\/wp\/v2\/users\/62"}],"replies":[{"embeddable":true,"href":"https:\/\/www.v6.newmessage.org\/tr\/wp-json\/wp\/v2\/comments?post=28100"}],"version-history":[{"count":3,"href":"https:\/\/www.v6.newmessage.org\/tr\/wp-json\/wp\/v2\/pages\/28100\/revisions"}],"predecessor-version":[{"id":28103,"href":"https:\/\/www.v6.newmessage.org\/tr\/wp-json\/wp\/v2\/pages\/28100\/revisions\/28103"}],"up":[{"embeddable":true,"href":"https:\/\/www.v6.newmessage.org\/tr\/wp-json\/wp\/v2\/pages\/16320"}],"wp:attachment":[{"href":"https:\/\/www.v6.newmessage.org\/tr\/wp-json\/wp\/v2\/media?parent=28100"}],"wp:term":[{"taxonomy":"category","embeddable":true,"href":"https:\/\/www.v6.newmessage.org\/tr\/wp-json\/wp\/v2\/categories?post=28100"},{"taxonomy":"post_tag","embeddable":true,"href":"https:\/\/www.v6.newmessage.org\/tr\/wp-json\/wp\/v2\/tags?post=28100"}],"curies":[{"name":"wp","href":"https:\/\/api.w.org\/{rel}","templated":true}]}}