{"id":27765,"date":"2019-01-17T23:56:03","date_gmt":"2019-01-17T23:56:03","guid":{"rendered":"http:\/\/www.newmessage.org\/turkish\/?page_id=27765"},"modified":"2019-04-08T04:51:20","modified_gmt":"2019-04-08T04:51:20","slug":"the-messenger-speaks","status":"publish","type":"page","link":"https:\/\/www.v6.newmessage.org\/tr\/gods-messenger\/the-messenger-speaks\/","title":{"rendered":"El\u00e7i Konu\u015fuyor"},"content":{"rendered":"<div class=\"\">\n<div class=\"\"><img decoding=\"async\" class=\"size-medium wp-image-31200 imgborder alignright\" src=\"https:\/\/www.newmessage.org\/wp-content\/uploads\/2016\/12\/MVS-Kuala-Lumpur-small-300x222.jpg\" alt=\"\" \/><i><\/i><\/div>\n<\/div>\n<div class=\"\">\n<p>Tanr\u0131\u2019n\u0131n El\u00e7isi <a href=\"https:\/\/www.newmessage.org\/tr\/gods-messenger\/who-is-marshallviansummers\">Marshall Vian Summers<\/a> \u015fu an hayatta, d\u00fcnyada ve sizinle konu\u015fuyor. <\/p>\n<p>T\u00fcm insanl\u0131k i\u00e7in \u00f6\u011fretiler, dualar ve global mesajlar sunuyor.<\/p>\n<p>A\u015fa\u011f\u0131da t\u00fcm dini geleneklerden, milletlerden ve k\u00fclt\u00fcrlerden gelen insanlar i\u00e7in El\u00e7i\u2019nin video, sesli ve yaz\u0131l\u0131 mesajlar\u0131n\u0131 bulabilirsiniz.<\/p>\n<\/div>\n<div class=\"\"><div class=\"clearfix filters\">\t\t    <ul>\n\t\t\t<li><a href=\"#\" class=\"selected\">All<\/a><\/li>\n\t\t\t\t\t    <\/ul>\n\t\t<\/div>\n\t    \n\t    <div class=\"row\">\n\t        <div class=\"gallery_wrap\">\n    \n\t\t\t\t    <article class=\" cat-item-579 gallery_listing grid_8 post-27767 th_galleries type-th_galleries status-publish hentry th_galleries_cat-the-messenger-speaks\" id=\"post-27767\">\n\t\t\t\t\t\t\t\t\t\t<div class=\"postcontent  clearfix\">\n\t\t\t\t\t    <h2 class=\"entry-title\"><a href=\"https:\/\/www.v6.newmessage.org\/tr\/th_gallery\/prayer-for-japan\/\" >Japonya i\u00e7in Dua<\/a><\/h2>\n\t\t\t\t\t    <div class=\"entry-content\">\n\t\t\t\t\t\tJaponya i\u00e7in Dua 14 Mart 2011 B\u00fcy\u00fck bir y\u0131k\u0131m ve s\u0131nav zaman\u0131nda Japon halk\u0131 i\u00e7in dua ediyorum. Onlar\u0131n kar\u015f\u0131 kar\u015f\u0131ya kald\u0131\u011f\u0131 bu kritik durum kar\u015f\u0131s\u0131nda cesaret ve dayan\u0131kl\u0131l\u0131klar\u0131 i\u00e7in dua ediyorum. Aralar\u0131nda var olan farklar ne olursa ols...\t\t\t\t\t    <\/div>\n\t\t\t\t\t    \t\t\t\t\t    <div class=\"buttons\">\n\t\t\t\t\t\t    \t\t\t\t\t\t    \t\t\t\t\t\t\t<a href=\"https:\/\/www.v6.newmessage.org\/tr\/th_gallery\/prayer-for-japan\/\" class=\"simple_button_black clearfix\" >more info<\/a>\n\t\t\t\t\t\t    \t\t\t\t\t    <\/div>\n\t\t\t\t\t    \t\t\t\t\t<\/div>\n\t\t\t\t    <\/article>\n\n\t\t\t\t    \t        <\/div>\n\t\t\t    <\/div>\n\t    <\/div>\n<\/div>\n","protected":false},"excerpt":{"rendered":"<p>Tanr\u0131\u2019n\u0131n El\u00e7isi Marshall Vian Summers \u015fu an hayatta, d\u00fcnyada ve sizinle konu\u015fuyor. T\u00fcm insanl\u0131k i\u00e7in \u00f6\u011fretiler, dualar ve global mesajlar sunuyor. A\u015fa\u011f\u0131da t\u00fcm dini geleneklerden, milletlerden ve k\u00fclt\u00fcrlerden gelen insanlar i\u00e7in El\u00e7i\u2019nin video, sesli ve yaz\u0131l\u0131 mesajlar\u0131n\u0131 bulabilirsiniz.<\/p>\n","protected":false},"author":62,"featured_media":0,"parent":14016,"menu_order":0,"comment_status":"closed","ping_status":"closed","template":"template-leftsidebar.php","meta":{"_monsterinsights_skip_tracking":false,"_monsterinsights_sitenote_active":false,"_monsterinsights_sitenote_note":"","_monsterinsights_sitenote_category":0,"footnotes":""},"categories":[],"tags":[887,886],"_links":{"self":[{"href":"https:\/\/www.v6.newmessage.org\/tr\/wp-json\/wp\/v2\/pages\/27765"}],"collection":[{"href":"https:\/\/www.v6.newmessage.org\/tr\/wp-json\/wp\/v2\/pages"}],"about":[{"href":"https:\/\/www.v6.newmessage.org\/tr\/wp-json\/wp\/v2\/types\/page"}],"author":[{"embeddable":true,"href":"https:\/\/www.v6.newmessage.org\/tr\/wp-json\/wp\/v2\/users\/62"}],"replies":[{"embeddable":true,"href":"https:\/\/www.v6.newmessage.org\/tr\/wp-json\/wp\/v2\/comments?post=27765"}],"version-history":[{"count":6,"href":"https:\/\/www.v6.newmessage.org\/tr\/wp-json\/wp\/v2\/pages\/27765\/revisions"}],"predecessor-version":[{"id":27922,"href":"https:\/\/www.v6.newmessage.org\/tr\/wp-json\/wp\/v2\/pages\/27765\/revisions\/27922"}],"up":[{"embeddable":true,"href":"https:\/\/www.v6.newmessage.org\/tr\/wp-json\/wp\/v2\/pages\/14016"}],"wp:attachment":[{"href":"https:\/\/www.v6.newmessage.org\/tr\/wp-json\/wp\/v2\/media?parent=27765"}],"wp:term":[{"taxonomy":"category","embeddable":true,"href":"https:\/\/www.v6.newmessage.org\/tr\/wp-json\/wp\/v2\/categories?post=27765"},{"taxonomy":"post_tag","embeddable":true,"href":"https:\/\/www.v6.newmessage.org\/tr\/wp-json\/wp\/v2\/tags?post=27765"}],"curies":[{"name":"wp","href":"https:\/\/api.w.org\/{rel}","templated":true}]}}