{"id":27735,"date":"2019-01-17T09:50:30","date_gmt":"2019-01-17T09:50:30","guid":{"rendered":"http:\/\/www.newmessage.org\/turkish\/?page_id=27735"},"modified":"2019-01-17T09:52:32","modified_gmt":"2019-01-17T09:52:32","slug":"the-watchtower","status":"publish","type":"page","link":"https:\/\/www.v6.newmessage.org\/tr\/the-message\/other-revelations\/the-watchtower\/","title":{"rendered":"Seyir Kulesi"},"content":{"rendered":"<div><!-- 4.1 Verse --><\/div>\n\n<div class=\"tabgroup \"><ul class=\"tabs\"><li><a href=\"#tabs-1\">Vahiy<\/a><\/li>\n<li><a href=\"#tabs-2\">Not<\/a><\/li><\/ul>\n <div id=\"tabs-1\"><\/p>\n<p class=\"revelation_details\"><em> Marshall Vian Summers\u2019a<br \/>\n17 \u015eubat 2009\u2019de<br \/>\nBoulder, Colorado\u2019da<br \/>\nVahiy edildi\u011fi \u015fekilde <\/em><\/p>\n<div class=\"toggle toggle-white\"><h4 class=\"trigger \"><span class=\"t_ico\"><\/span><a href=\"#\">Bu metin hakk\u0131nda<\/a><\/h4><div class=\"toggle_container \"><br \/>\n<p>Bu metinde okudu\u011funuz, <a href=\"\/tr\/the-message\/important-terms#aa\">Melekler Meclisinin El\u00e7i<\/a> <a href=\"https:\/\/www.newmessage.org\/tr\/who-is-marshall-vian-summers\/\">Marshall Vian Summers<\/a> arac\u0131l\u0131\u011f\u0131yla konu\u015ftu\u011fu orijinal s\u00f6z\u00fcn yaz\u0131ya ge\u00e7irilmi\u015f halidir. <\/p>\n<p>Burada, kelimelerin \u00f6tesinde var olan, Tanr\u0131\u2019n\u0131n orjinal ileti\u015fimi, d\u00fcnyay\u0131 g\u00f6zeten Melekler Meclisi taraf\u0131ndan insan diline ve anlay\u0131\u015f\u0131na \u00e7evrilmi\u015ftir. Melekler Meclisi daha sonra Tanr\u0131\u2019n\u0131n mesaj\u0131n\u0131 El\u00e7i arac\u0131l\u0131\u011f\u0131yla iletir ve bunda yaz\u0131ya d\u00f6k\u00fcl\u00fcr ve size ve t\u00fcm insanl\u0131\u011fa sunulur.<\/p>\n<p>Bu harikulade s\u00fcre\u00e7te Vahyin Sesi tekrar konu\u015fuyor. Kelime ve <a href=\"\/tr\/the-message\/important-terms#voice\">Ses<\/a> d\u00fcnyada. Tarihte ilk kez sizin ve d\u00fcnyan\u0131n tecr\u00fcbe edebilmesi i\u00e7in s\u00f6zl\u00fc vahyin \u00f6zg\u00fcn kay\u0131tlar\u0131 mevcut.<\/p>\n<br \/>\n<\/div><\/div><br \/>\n<\/div>\n<div id=\"tabs-2\"><br \/>\nOkuyucuya not:<br \/>\nBu \u00e7eviri, orijinal \u0130ngilizce metni \u00e7evirmek i\u00e7in g\u00f6n\u00fcll\u00fc olan Yeni Mesaj \u00f6\u011frencileri taraf\u0131ndan Derne\u011fe sa\u011flanm\u0131\u015ft\u0131r. Bu \u00e7eviriyi, insanlar\u0131n bu yeni formda kendi dillerinde bir araya getirme \u015fans\u0131 bulabilmeleri i\u00e7in bu ilk haliyle d\u00fcnyaya sunuyoruz.<br \/>\n<\/div>\n\t\t\t\t<div align=\"right\">\n\t\t\t<div class=\"fb-like\" data-href=\"\" data-layout=\"button_count\" data-action=\"like\" data-show-faces=\"false\" data-share=\"false\"><\/div>\n\t\t\t<div class=\"fb-share-button\" data-layout=\"button_count\"> <\/div>\n\t\t\t<div class=\"fb_iframe_widget\"><a href=\"https:\/\/twitter.com\/godsnewmessage?ref_src=twsrc%5Etfw\" class=\"twitter-follow-button\" data-show-count=\"false\">Follow @godsnewmessage<\/a><script async src=\"https:\/\/platform.twitter.com\/widgets.js\" charset=\"utf-8\"><\/script><\/div>\n\t\t\t<\/div> <\/div> \n\n<p>Pek \u00e7ok ki\u015finin etraflar\u0131nda olup bitenin fark\u0131nda olmamas\u0131 trajiktir. Kendi d\u00fc\u015f\u00fcnceleri, sorunlar\u0131 ve kayg\u0131lar\u0131 ile me\u015fguld\u00fcrler. En ak\u0131ll\u0131 yarat\u0131\u011f\u0131n b\u00f6yle ak\u0131ls\u0131z bir \u015fekilde i\u015flemesi dikkate de\u011fer bir \u015feydir. Bu alanda hayvanlar, havadaki ku\u015flar bile her zaman \u00e7evrelerini izleyip, her zaman durduklar\u0131 yeri kontrol edip bakarlar. Tabii ki onlar, bunu hayatta kalmak i\u00e7in yapmaktad\u0131rlar. Ama insanl\u0131k \u00e7ok uzun s\u00fcredir zengin \u00fclkelerde korunakl\u0131 hayat\u0131n ini\u015f \u00e7\u0131k\u0131\u015flar\u0131 aras\u0131nda, otorite fig\u00fcrleri \u00fczerinden ger\u00e7e\u011fi tan\u0131mlayarak, g\u00fcvenerek ve yal\u0131t\u0131m sa\u011flayarak do\u011fal yeteneklerinin \u00e7o\u011funu ve keskinli\u011fini kaybetmi\u015ftir.<\/p>\n<p>Bu korku i\u00e7inde ya\u015fam de\u011fildir. Bu basit\u00e7e fark edilen, \u00e7evrenizde etraf\u0131n\u0131zda olup bitenin fark\u0131ndal\u0131\u011f\u0131d\u0131r. D\u00fc\u015f\u00fcncelerin, duygular\u0131n ve insanlar\u0131n tutumlar\u0131n\u0131n fark\u0131nda olup sizin ili\u015fkilendirdi\u011finiz, kimle \u00e7al\u0131\u015ft\u0131\u011f\u0131n\u0131zla ya da sizin etraf\u0131n\u0131zda olan\u0131, dikkatli bir anlay\u0131\u015f, objektif bir muhakemeyle de\u011ferlendirmenizdir. Bu muhakeme \u00e7ok \u00f6nemlidir \u00e7\u00fcnk\u00fc size gelecekteki sorunlarla ilgili \u00f6n bir uyar\u0131 verir. Ortamdaki ve kendi fark\u0131ndal\u0131k ve g\u00fcvenilirliklerini anlat\u0131r. Bir arada \u00e7al\u0131\u015fan insanlar\u0131n aras\u0131ndaki dinami\u011fin fark\u0131nda olursunuz. Ve en \u00f6nemlisi, etraf\u0131ndaki d\u00fcnyay\u0131 alg\u0131lad\u0131\u011f\u0131n\u0131z gibi kendi i\u00e7inizdeki bilgiye de yan\u0131t verebilirsiniz.<\/p>\n<p>Bu, akla bir netlik gerektirir. S\u00fcrekli hayal edilen bir durum de\u011fil, merakla umutla ve sorunu kendi akl\u0131n\u0131zda \u00e7\u00f6zd\u00fc\u011f\u00fcn\u00fcz bir durum. Bulundu\u011funuz mevcut durum, birlikte oldu\u011funuz ki\u015fiyle mevcut durumunuzu ve \u00e7evrenizi ay\u0131rt edersiniz. Bu ya\u015fad\u0131\u011f\u0131n\u0131z zihinsel ortam nedeniyle, \u00f6zellikle insanlar i\u00e7in \u00f6nemlidir d\u00fc\u015f\u00fcnce ve \u00e7evre etkisi, karma\u015f\u0131k ve duygusal y\u00f6nden insanlar \u00fczerinde b\u00fcy\u00fck bir etkisi vard\u0131r ve bu insanlar\u0131n ya\u015famlar\u0131nda ki deneyim b\u00fcy\u00fck sonu\u00e7lar\u0131 birlikte getirir.<\/p>\n<p>Burada ruhsal uygulaman\u0131n par\u00e7as\u0131 olarak siz ve \u00e7evrenizdeki d\u00fcnyaya ve ko\u015fullar\u0131na b\u00fcy\u00fck bir objektiflikle bakarak bir g\u00f6zetleme kulesini ekmektir. Nesnellik ile ko\u015fullara bakarak, herhangi bir sorun ortaya \u00e7\u0131kmadan \u00f6nce ay\u0131rt ederek, \u00fczerinize gelmeden \u00f6nce tehlikeleri ay\u0131rt ederek ve etraf\u0131n\u0131zdaki insanlar\u0131n do\u011fas\u0131n\u0131 ve niyetlerini ay\u0131rt ederek ve kendi i\u00e7inde olan ke\u015ffedilen g\u00fcc\u00fcn ve bilginin varl\u0131\u011f\u0131n\u0131 veya bunlardan herhangi birini\u2026 Bu \u00f6z obsesyon ve bir panzehirdir. Ger\u00e7ekten her t\u00fcrl\u00fc saplant\u0131ya ve kendi i\u00e7 deneyiminize dikkat edemezsiniz \u00e7\u00fcnk\u00fc siz d\u00fcnya etraf\u0131nda ve di\u011fer \u015feylerle me\u015fgul edilirsiniz.<\/p>\n<p>D\u00fcnyan\u0131n ufkundan bakarak seyir kulenizde y\u00fckselmek i\u00e7in buradas\u0131n\u0131z; Acil ko\u015fullar\u0131n\u0131za bakmak; ortaya \u00e7\u0131kan tehlikeler, problemler ve f\u0131rsatlar i\u00e7in uyan\u0131k olmak, sadece, arada bir yapt\u0131\u011f\u0131n\u0131z bir \u015fey de\u011fildir. Ger\u00e7ekte ruhsal uygulama bir dizi becerileri geli\u015ftirme par\u00e7as\u0131d\u0131r. Burada, dikkatli olmak i\u00e7in zihninizi sakinle\u015ftirmeyi uygulars\u0131n\u0131z. Etraf\u0131n\u0131zdaki durumlara ve d\u00fcnyaya tepki g\u00f6sterme veya hemen yarg\u0131lama yerine burada, daha objektif olarak onlar\u0131 ay\u0131rt etmeye ba\u015flars\u0131n\u0131z. Kendi tepkilerinizi ve d\u00fcrt\u00fclerinizi kontrol edebilirsiniz ki b\u00f6ylece fark\u0131nda olabilirsiniz.<\/p>\n<p>Bu, \u015fimdi \u00f6zellikle \u00f6nemlidir \u00e7\u00fcnk\u00fc insanl\u0131k, ge\u00e7mi\u015fte b\u00f6yle \u015feyleri kar\u015f\u0131layabilen herhangi birisinin veya varl\u0131kl\u0131 uluslar\u0131n i\u00e7inde yal\u0131t\u0131lm\u0131\u015f insanlar, daha f\u0131rt\u0131nal\u0131 ve zor bir d\u00fcnyay\u0131 \u015fimdi kar\u015f\u0131lamak zorunda olacaklar\u0131 zamanlara girmektedir. Azalan kaynaklar\u0131n bir d\u00fcnyas\u0131, uluslar\u0131n aras\u0131nda daha b\u00fcy\u00fck rekabetin bir d\u00fcnyas\u0131, bir\u00e7ok strese sahip olacak ve meydan okuyacak bir d\u00fcnya. A\u015fklar\u0131n\u0131z, fantezileriniz ve r\u00fcyalar\u0131n\u0131zda kaybolamazs\u0131n\u0131z ve b\u00f6yle bir d\u00fcnyada bunu yapamazs\u0131n\u0131z. Bu y\u00fczden Seyir kulesi, \u015fimdi sizin i\u00e7in her zamankinden daha \u00f6nemli hale gelmi\u015ftir.<\/p>\n<p>De\u011fi\u015fimin b\u00fcy\u00fck dalgalar\u0131 d\u00fcnyaya geliyor. D\u00fcnya t\u00fcm bu zamanda tek bir noktaya do\u011fru y\u00f6nelen bir dizi \u00e7apraz ak\u0131mlar olu\u015fturan ve b\u00f6ylece karma\u015f\u0131k ve etkile\u015fimli ak\u0131mlar\u0131 neredeyse herkes i\u00e7in ay\u0131rt etmek imkans\u0131z olacakken \u015feyler nas\u0131l bir oyun oynayacakt\u0131r.<\/p>\n<p>Bu dalgalar \u00e7ok g\u00fc\u00e7l\u00fcd\u00fcr. Bunlar sizi i\u015finizden, servetinizden, f\u0131rsatlardan ve hatta a\u015f\u0131r\u0131 durumlarda ya\u015fam\u0131n\u0131zdan mahrum edebilir. Bunlardan habersiz ve dikkatsiz olmak a\u00e7\u0131k\u00e7a aptall\u0131k ve ak\u0131ls\u0131zl\u0131kt\u0131r. Basit\u00e7e yolunda olmayan \u015feyler hakk\u0131nda \u015fikayet etmek veya insanlar\u0131 k\u0131namak mevcut durumlar\u0131n zorluklar\u0131ndan sorumlu tutmak ger\u00e7ek\u00e7i de\u011fildir. O bir fark\u0131ndal\u0131k durumu ya da a\u00e7\u0131k bir g\u00f6zlem de\u011fildir.<\/p>\n<p>D\u00fcnyadan ka\u00e7\u0131nmak, etraf\u0131nda olup biteni reddetmek veya kendinizi korumak ya da hayat\u0131n\u0131z\u0131 me\u015fgul etmeyi, fantezileri denemek, a\u00e7\u0131k\u00e7a ak\u0131ls\u0131z ve kendinden-yok edicidir. Bir\u00e7ok ki\u015fi i\u00e7in nas\u0131l b\u00f6yle durumlar taraf\u0131ndan gafil yakalan\u0131yorlar ve durumlar\u0131n\u0131 seziyor tahmin ediyor de\u011fillerdi ve onlar haz\u0131rl\u0131ks\u0131zd\u0131? Etraf\u0131n\u0131zdaki d\u00fcnyaya bak\u0131n ve insanlar\u0131n birdenbire ekonomik ya\u015famlar\u0131ndaki de\u011fi\u015fimlere, iklim de\u011fi\u015fikliklerine, toplumsal de\u011fi\u015fimlerden i\u00e7inde ya\u015fad\u0131klar\u0131 d\u00fcnya veya siyasi makyajlara nas\u0131l yakaland\u0131klar\u0131n\u0131 g\u00f6receksiniz. E\u011fer izlemiyorsan\u0131z sonra hayat devam edecek ve sizin sollayacakt\u0131r. \u00c7\u00fcnk\u00fc siz bunun i\u00e7in haz\u0131rl\u0131ks\u0131z olup bunu tahmin etmediniz. Ve bunun sizin \u00fczerinizde \u00e7o\u011fu zaman y\u0131k\u0131c\u0131 b\u00fcy\u00fck etkisi olacakt\u0131r.<\/p>\n<p>B\u00fct\u00fcn ya\u015fam\u0131 veren yarat\u0131c\u0131n\u0131n size verdi\u011fi b\u00fcy\u00fck zeka, g\u00fc\u00e7 ve varl\u0131\u011f\u0131 Bilgiyle sizin i\u00e7inizdedir. Zihin ki alt\u0131nda-bir zihin, d\u00fc\u015f\u00fcnd\u00fc\u011f\u00fcn\u00fcz bilge ve g\u00fc\u00e7l\u00fc bir zihin, bir zihin o d\u00fcnya taraf\u0131ndan bozulmu\u015f de\u011fildir.<\/p>\n<p>Bu zihin sizi korumak i\u00e7in, size rehberlik etmek i\u00e7in burada ve hayat ve ili\u015fkileri, daha b\u00fcy\u00fck ba\u015far\u0131lar i\u00e7in size yol g\u00f6sterecek. Bilgi, bu \u015fekilde kendini g\u00f6sterecek ve e\u011fer ger\u00e7ekten kendi i\u00e7 deneyimi varsa onun te\u015fviklerini ve s\u0131n\u0131rlamalar\u0131n\u0131 ve onun etkisini ve rehberli\u011fini hissedeceksiniz. Ancak mevcut de\u011filse, e\u011fer her zaman dalg\u0131n ve her zaman me\u015fgulseniz, \u00e7\u0131lg\u0131n bir ki\u015fi gibi ko\u015fturup e\u011fer ba\u015fkalar\u0131n\u0131n beklentileri ve ihtiya\u00e7lar taraf\u0131ndan veya kendi g\u00fcvensizli\u011finiz taraf\u0131ndan y\u00f6nlendiriliyorsan\u0131z i\u00e7inizdeki ve di\u011ferlerindeki bilginin ifadelerini duymayacak, deneyimlemeyeceksiniz.<\/p>\n<p>Sosyal bir ortamda, birileri onlar\u0131n \u00f6nemli g\u00f6rd\u00fc\u011f\u00fc bir \u015feyi arkada\u015flar\u0131 ya da tan\u0131d\u0131klar\u0131na anlatabilir ve kimse ger\u00e7ekten bunu duymak istemeyebilir. Kimse onunla u\u011fra\u015fmak istemeyebilir. Insanlar onu reddederler, inkar ederler ya da sadece ka\u00e7\u0131n\u0131rlar. Burada pek \u00e7ok durumu, her bireyin sahip oldu\u011fu daha derin zekas\u0131n\u0131, toplumsal tutum taraf\u0131ndan nas\u0131l engellendi\u011fini ve \u00e7evrelerindeki insanlar\u0131n genel zihinsel engellerini g\u00f6rebilirsiniz.<\/p>\n<p>Burada insanlar baz\u0131 \u015feyler hakk\u0131nda konu\u015fmak istemezler. Onlar baz\u0131 \u015feyleri d\u00fc\u015f\u00fcnmek istemezler. Onlar kendilerinden ve kendi deneyimlerinden, bu d\u00fcnyadan korkarlar. Onlar kendi yaratt\u0131klar\u0131 kendi k\u00fc\u00e7\u00fck d\u00fcnyalar\u0131nda kendi d\u00fc\u015f\u00fcnceleri, umutlar\u0131, korkular\u0131 ve d\u00fc\u015fk\u00fcnl\u00fckleriyle ya\u015famak isterler. Bu hayatta-d\u00fcnya taraf\u0131ndan rahats\u0131z edilip dizginlenmeden kesintisiz ya\u015famak isterler. Bu a\u00e7\u0131k\u00e7a ve kendini y\u0131k\u0131c\u0131 ve ak\u0131ls\u0131zcad\u0131r. \u00c7\u00fcnk\u00fc siz ya\u015fam\u0131n bir par\u00e7as\u0131s\u0131n\u0131z. Ya\u015fama kat\u0131lmak i\u00e7in d\u00fcnyaya g\u00f6nderildiniz. Deneyimlerinizin fark\u0131nda olarak ve \u00e7evrenizdeki d\u00fcnyan\u0131n derinli\u011fiyle ve i\u00e7inizdeki bilginin size rehberli\u011fiyle buradad\u0131r.<\/p>\n<p>\u00c7ok a\u00e7\u0131k bir \u015fekilde burada insanlar\u0131n \u00f6zverileri, i\u00e7lerindeki bilginin ger\u00e7e\u011fiyle b\u00fcy\u00fck bir kar\u015f\u0131tl\u0131kla ve son derece farkl\u0131 y\u00f6nlere hareket ediyor. Burada r\u00fcyalar\u0131n\u0131z\u0131 s\u00f6ylemek, \u00e7evrenizdeki habersiz ortam\u0131n\u0131z\u0131n derecesini tan\u0131mak, insanlar\u0131n ve kendi derin deneyim, o ruhsal prati\u011fin ve kendi i\u00e7inizdeki bilginin g\u00fcc\u00fcyle ve \u00e7evrenizdeki d\u00fcnya yeniden ba\u011flant\u0131y\u0131 g\u00f6rmek \u00e7ok \u00f6nemlidir.<\/p>\n<p>\u00c7eviri devam etmektedir\u2026<\/p>\n","protected":false},"excerpt":{"rendered":"<p>Pek \u00e7ok ki\u015finin etraflar\u0131nda olup bitenin fark\u0131nda olmamas\u0131 trajiktir. Kendi d\u00fc\u015f\u00fcnceleri, sorunlar\u0131 ve kayg\u0131lar\u0131 ile me\u015fguld\u00fcrler. En ak\u0131ll\u0131 yarat\u0131\u011f\u0131n b\u00f6yle ak\u0131ls\u0131z bir \u015fekilde i\u015flemesi dikkate de\u011fer bir \u015feydir. Bu alanda hayvanlar, havadaki ku\u015flar bile her zaman \u00e7evrelerini izleyip, her zaman durduklar\u0131 yeri kontrol edip bakarlar. Tabii ki onlar, bunu hayatta kalmak i\u00e7in yapmaktad\u0131rlar. Ama insanl\u0131k\u2026 <a class=\"read-more\" href=\"https:\/\/www.v6.newmessage.org\/tr\/about-text-shortcode\/\"><span>Read More<\/span><\/a><\/p>\n","protected":false},"author":62,"featured_media":0,"parent":16358,"menu_order":0,"comment_status":"closed","ping_status":"closed","template":"template-leftsidebar.php","meta":{"_monsterinsights_skip_tracking":false,"_monsterinsights_sitenote_active":false,"_monsterinsights_sitenote_note":"","_monsterinsights_sitenote_category":0,"footnotes":""},"categories":[501,30,76],"tags":[878,877],"_links":{"self":[{"href":"https:\/\/www.v6.newmessage.org\/tr\/wp-json\/wp\/v2\/pages\/27735"}],"collection":[{"href":"https:\/\/www.v6.newmessage.org\/tr\/wp-json\/wp\/v2\/pages"}],"about":[{"href":"https:\/\/www.v6.newmessage.org\/tr\/wp-json\/wp\/v2\/types\/page"}],"author":[{"embeddable":true,"href":"https:\/\/www.v6.newmessage.org\/tr\/wp-json\/wp\/v2\/users\/62"}],"replies":[{"embeddable":true,"href":"https:\/\/www.v6.newmessage.org\/tr\/wp-json\/wp\/v2\/comments?post=27735"}],"version-history":[{"count":2,"href":"https:\/\/www.v6.newmessage.org\/tr\/wp-json\/wp\/v2\/pages\/27735\/revisions"}],"predecessor-version":[{"id":27737,"href":"https:\/\/www.v6.newmessage.org\/tr\/wp-json\/wp\/v2\/pages\/27735\/revisions\/27737"}],"up":[{"embeddable":true,"href":"https:\/\/www.v6.newmessage.org\/tr\/wp-json\/wp\/v2\/pages\/16358"}],"wp:attachment":[{"href":"https:\/\/www.v6.newmessage.org\/tr\/wp-json\/wp\/v2\/media?parent=27735"}],"wp:term":[{"taxonomy":"category","embeddable":true,"href":"https:\/\/www.v6.newmessage.org\/tr\/wp-json\/wp\/v2\/categories?post=27735"},{"taxonomy":"post_tag","embeddable":true,"href":"https:\/\/www.v6.newmessage.org\/tr\/wp-json\/wp\/v2\/tags?post=27735"}],"curies":[{"name":"wp","href":"https:\/\/api.w.org\/{rel}","templated":true}]}}