{"id":27733,"date":"2019-01-17T09:45:10","date_gmt":"2019-01-17T09:45:10","guid":{"rendered":"http:\/\/www.newmessage.org\/turkish\/?page_id=27733"},"modified":"2019-01-17T09:45:10","modified_gmt":"2019-01-17T09:45:10","slug":"the-first-commitment","status":"publish","type":"page","link":"https:\/\/www.v6.newmessage.org\/tr\/the-message\/other-revelations\/the-first-commitment\/","title":{"rendered":"\u0130lk Sorumluluk"},"content":{"rendered":"<div><!-- 4.1 Verse --><\/div>\n<div class=\"tabgroup \"><ul class=\"tabs\"><li><a href=\"#tabs-1\">Vahiy<\/a><\/li>\n<li><a href=\"#tabs-2\">Not<\/a><\/li><\/ul>\n <div id=\"tabs-1\"><\/p>\n<p class=\"revelation_details\"><em> Marshall Vian Summers\u2019a<br \/>\n25 Eyl\u00fcl 2008 \u2019de<br \/>\nBoulder, Colorado\u2019da<br \/>\nVahiy edildi\u011fi \u015fekilde <\/em><\/p>\n<div class=\"toggle toggle-white\"><h4 class=\"trigger \"><span class=\"t_ico\"><\/span><a href=\"#\">Bu metin hakk\u0131nda<\/a><\/h4><div class=\"toggle_container \"><br \/>\n<p>Bu metinde okudu\u011funuz, <a href=\"\/tr\/the-message\/important-terms#aa\">Melekler Meclisinin El\u00e7i<\/a> <a href=\"https:\/\/www.newmessage.org\/tr\/who-is-marshall-vian-summers\/\">Marshall Vian Summers<\/a> arac\u0131l\u0131\u011f\u0131yla konu\u015ftu\u011fu orijinal s\u00f6z\u00fcn yaz\u0131ya ge\u00e7irilmi\u015f halidir. <\/p>\n<p>Burada, kelimelerin \u00f6tesinde var olan, Tanr\u0131\u2019n\u0131n orjinal ileti\u015fimi, d\u00fcnyay\u0131 g\u00f6zeten Melekler Meclisi taraf\u0131ndan insan diline ve anlay\u0131\u015f\u0131na \u00e7evrilmi\u015ftir. Melekler Meclisi daha sonra Tanr\u0131\u2019n\u0131n mesaj\u0131n\u0131 El\u00e7i arac\u0131l\u0131\u011f\u0131yla iletir ve bunda yaz\u0131ya d\u00f6k\u00fcl\u00fcr ve size ve t\u00fcm insanl\u0131\u011fa sunulur.<\/p>\n<p>Bu harikulade s\u00fcre\u00e7te Vahyin Sesi tekrar konu\u015fuyor. Kelime ve <a href=\"\/tr\/the-message\/important-terms#voice\">Ses<\/a> d\u00fcnyada. Tarihte ilk kez sizin ve d\u00fcnyan\u0131n tecr\u00fcbe edebilmesi i\u00e7in s\u00f6zl\u00fc vahyin \u00f6zg\u00fcn kay\u0131tlar\u0131 mevcut.<\/p>\n<br \/>\n<\/div><\/div><br \/>\n<\/div>\n<div id=\"tabs-2\"><br \/>\nOkuyucuya not:<br \/>\nBu \u00e7eviri, orijinal \u0130ngilizce metni \u00e7evirmek i\u00e7in g\u00f6n\u00fcll\u00fc olan Yeni Mesaj \u00f6\u011frencileri taraf\u0131ndan Derne\u011fe sa\u011flanm\u0131\u015ft\u0131r. Bu \u00e7eviriyi, insanlar\u0131n bu yeni formda kendi dillerinde bir araya getirme \u015fans\u0131 bulabilmeleri i\u00e7in bu ilk haliyle d\u00fcnyaya sunuyoruz.<br \/>\n<\/div>\n\t\t\t\t<div align=\"right\">\n\t\t\t<div class=\"fb-like\" data-href=\"\" data-layout=\"button_count\" data-action=\"like\" data-show-faces=\"false\" data-share=\"false\"><\/div>\n\t\t\t<div class=\"fb-share-button\" data-layout=\"button_count\"> <\/div>\n\t\t\t<div class=\"fb_iframe_widget\"><a href=\"https:\/\/twitter.com\/godsnewmessage?ref_src=twsrc%5Etfw\" class=\"twitter-follow-button\" data-show-count=\"false\">Follow @godsnewmessage<\/a><script async src=\"https:\/\/platform.twitter.com\/widgets.js\" charset=\"utf-8\"><\/script><\/div>\n\t\t\t<\/div> <\/div> \n<br \/>\nTanr\u0131&#8217;yla birincil bir ili\u015fkiniz vard\u0131r ve Tanr\u0131&#8217;n\u0131n,  i\u00e7inizdeki derin zekayla, daha derin bir zihinle bilgiye \u00e7a\u011fr\u0131lan bu ili\u015fkiyi deneyimlersiniz. Bu, sizin en birincil ili\u015fki ve sorumlulu\u011funuzdur. \u0130nan\u00e7lar\u0131n veya kurumlar\u0131n bir ili\u015fkisi de\u011fildir. Bu ille de bir ideoloji yada \u00f6zellikle bir dinle ili\u015fkisi de\u011fildir.  Ger\u00e7ekte, o en saf anlamda, sizin Tanr\u0131&#8217;yla ili\u015fkinizdir.<\/p>\n<p>\u0130nsanlar bu ili\u015fkiyi olduk\u00e7a ikincil bir durumda tutarlar.  Kendi ailelerine ikincil, kendi ki\u015fisel ilgilerine ikincil, s\u0131k s\u0131k siyasi veya k\u00fclt\u00fcrel derneklerine,  kendi ulusal kimlik ya da k\u00fclt\u00fcrel kimliklerini veya miraslar\u0131na ikincildir.  Ama ger\u00e7ekten, bu ili\u015fki en temel ili\u015fkinizdir. Birincil sorumlulu\u011funuzdur. Bu ili\u015fkiye, yan\u0131t verme yetene\u011finizdir.<\/p>\n<p>Tanr\u0131 Bilgi arac\u0131l\u0131\u011f\u0131yla konu\u015fur. O sizin iyi ahlaki duygunuz vicdan\u0131n\u0131zd\u0131r. Bu davran\u0131\u015flar\u0131 etkileyen veya dikte ettirilene g\u00f6re inan\u0131lan veya k\u0131\u015fk\u0131rt\u0131lm\u0131\u015f bir duygu veya belirli bir k\u00fclt\u00fcr de\u011ferlerine g\u00f6re bir sosyal duygu de\u011fildir. Bu \u00e7ok derin bir adalet ve d\u00fcr\u00fcstl\u00fck duygusudur. Bu varl\u0131k sizin do\u011fan\u0131zda vard\u0131r. Sizin bilincinizin temelidir. O, size neyin do\u011fru ve neyin yanl\u0131\u015f oldu\u011funu anlat\u0131r. Bu ya\u015fam\u0131n etik anlay\u0131\u015f\u0131 ve di\u011ferlerinin kat\u0131l\u0131m\u0131 i\u00e7in temel olu\u015fturmaktad\u0131r.<\/p>\n<p>\u00c7ocuklar\u0131m\u0131z\u0131 yeti\u015ftirme g\u00f6revimizken ve baz\u0131 durumlarda, ya\u015flanan ebeveynlerimize bak\u0131yorken de ilk sorumlulu\u011fumuz Bilgidir. Bu Allah\u2019la ba\u011f\u0131m\u0131zd\u0131r.   Ve tabii ki, Allah sizin ulus veya k\u00fclt\u00fcr\u00fcn\u00fcz\u00fcn kapsaml\u0131 etkisinden veya arkada\u015f aileniz den \u00e7ok farkl\u0131 bir otoritedir.<\/p>\n<p>E\u011fer ger\u00e7ekten Tanr\u0131, ili\u015fkilerinizin merkezindeyse, ya\u015famda sorumlulu\u011fumuzun birincil odak noktas\u0131ndad\u0131r sonra b\u00fcy\u00fck bir kar\u015f\u0131tl\u0131k belirleyebilirsiniz. Kendi g\u00f6revlerinize ve ba\u015fkalar\u0131n\u0131n y\u00fck\u00fcml\u00fcl\u00fcklerine ve i\u00e7inde ya\u015fad\u0131\u011f\u0131n\u0131z \u00fclke i\u00e7in.<\/p>\n<p>Bu nedenlerden biridir. Bu insanlar, Tanr\u0131 ile ili\u015fkisini \u00e7ok fazla arka planda tutarlar ya da sadece kavramsal olarak d\u00fc\u015f\u00fcn\u00fcrler, onlar sadece baz\u0131 inan\u00e7lar\u0131, fikirleri veya kurumlar\u0131 ile ili\u015fkileri oldu\u011funu d\u00fc\u015f\u00fcnmektedirler. Ama derin deneyimi ya\u015fam\u0131\u015f insanlar i\u00e7in, bu ger\u00e7ekten her \u015feyin mukayesesinde bilgiyi kurar. Bu de\u011ferler ve ki\u015finin ba\u011fl\u0131l\u0131\u011f\u0131 \u00e7ok derin bir de\u011ferlendirme gerektirir. Kendiniz ile uzla\u015fmadan iki efendiye hizmet edemedi\u011finiz i\u00e7in kendi i\u00e7inizde Bilginin g\u00fc\u00e7 ve varl\u0131\u011f\u0131yla ile temas kaybedersiniz.<\/p>\n<p>Bilgi olmadan, tabi ki, ya\u015fama ba\u011fl\u0131l\u0131k hissetmeli ya\u015famla ba\u011fl\u0131 oldu\u011funu, kendilerinin d\u0131\u015f\u0131nda daha b\u00fcy\u00fck bir \u015feyin par\u00e7as\u0131 olduklar\u0131n\u0131 hissetmelidirler. Bilginin bir fark\u0131ndal\u0131\u011f\u0131 olmadan bu, insanlar\u0131n ne yapt\u0131\u011f\u0131d\u0131r. Onlar, inan\u00e7larla, kurumlarla, di\u011fer insanlarla, sosyal hareketlerle, siyasal hareketlerle kendilerini uyumland\u0131rmaktad\u0131rlar. Onlar, dinsel inan\u00e7lar ve kurumlarla kendilerini uygun hale getirirler. \u00c7\u00fcnk\u00fc onlar, kendilerinden daha<\/p>\n<p>b\u00fcy\u00fck bir \u015feyin par\u00e7as\u0131 olmal\u0131d\u0131r. Ya da onlar\u0131n ya\u015fam izolasyonu dayan\u0131lmaz hale gelir.<\/p>\n<p>Bu bir \u00e7ok insan\u0131n durumudur. Bunu her yerde g\u00f6r\u00fcyoruz. Onlar, ba\u015fka \u015feyler i\u00e7in ger\u00e7ekten Bilgi ait bir ba\u011fl\u0131l\u0131k ba\u011fl\u0131l\u0131klar\u0131n\u0131 d\u00f6k\u00fcm var. Belki de \u00e7ok kararl\u0131y\u0131z ve ba\u011fl\u0131l\u0131k i\u00e7inde sayg\u0131l\u0131, ama siz bir t\u00fcr ama\u00e7 olmadan ya\u015fayamazs\u0131n\u0131z, \u00e7\u00fcnk\u00fc ama\u00e7 ya\u015fam\u0131n kendisidir. Onlar onlar\u0131 ya\u015famda odak denge ve ama\u00e7 i\u00e7in kullan\u0131rlar.<\/p>\n<p>B\u00f6ylece, Bilgi i\u00e7in ad\u0131mlar\u0131 atmaya ba\u015flad\u0131\u011f\u0131n\u0131zda, daha b\u00fcy\u00fck bir zeka oldu\u011funu ve daha derin bir hayat\u0131n mevcudiyetinin fark\u0131na var\u0131rs\u0131n\u0131z.<br \/>\nBu, do\u011fal bir ihtiyac\u0131, ona ba\u011flanma ihtiyac\u0131n\u0131 hisseder ve size bir fark\u0131ndal\u0131k kazan\u0131lmas\u0131n\u0131 hissettirir. Bu hayatta ger\u00e7ekten ne oldu\u011funuz ve neden d\u00fcnyada oldu\u011funuz ve ger\u00e7ekte burada olman\u0131z\u0131n ne anlam\u0131n\u0131 oldu\u011fu\u2026<\/p>\n<p>Bu her \u015feyle g\u00f6rev, y\u00fck\u00fcml\u00fcl\u00fck ve ba\u011fl\u0131l\u0131klar\u0131n aksini olu\u015fturur. Ve bir\u00e7ok insan hayatlar\u0131n\u0131n farkl\u0131 ba\u015fka bir noktaya, y\u00f6ne gitmesine korkarlar. Onlar ger\u00e7ekten hayatlar\u0131n\u0131n farkl\u0131 yerlerindedirler.  Kendilerini ve ba\u011fl\u0131l\u0131klar\u0131n\u0131 farkl\u0131 bir y\u00f6ne kendilerini adam\u0131\u015flard\u0131r.<\/p>\n<p>Ba\u011fl\u0131l\u0131kta bu sorun esast\u0131r. Ve bu, b\u00fct\u00fcnl\u00fck kayna\u011f\u0131 tamamen bu hayat\u0131n\u0131z\u0131n merkezi oldu\u011fu i\u00e7in Bilgiye d\u00f6nmek istemeniz do\u011fal ve sizin g\u00fc\u00e7 kayna\u011f\u0131n\u0131zd\u0131r. Bu hayat\u0131n anlam\u0131n\u0131 ve amac\u0131 verir ve sizi etraf\u0131n\u0131zdaki d\u00fcnyan\u0131n b\u00fct\u00fcn etkilerinden sizi \u00f6zg\u00fcr k\u0131lar.  Bu k\u00f6t\u00fcl\u00fc\u011f\u00fcn ve ba\u011f\u0131ml\u0131l\u0131\u011f\u0131n panzehiridir.<\/p>\n<p>Do\u011fal olarak bilgiye \u00e7ekildi\u011finiz gibi her \u015feyi s\u0131\u011f ve hayal k\u0131r\u0131kl\u0131\u011f\u0131 i\u00e7inde bulabilirsiniz. Kendi deneyimleriniz yoluyla sizin ya\u015fam\u0131n\u0131za yans\u0131tmak i\u00e7in getirdi\u011fi zevkler ve d\u00fcnyadaki ac\u0131lar\u0131n, ruhunuzun derin ihtiyac\u0131n\u0131 kar\u015f\u0131lamak i\u00e7in, sizi tatmin etmek ve derinli\u011fe ula\u015fmak olmad\u0131\u011f\u0131n\u0131 \u00f6\u011frenirsiniz. Ve bu size de\u011ferleri, eylemlerinizi ve ba\u015fkalar\u0131yla ili\u015fkilerinizin anlam\u0131n\u0131n yeniden fark\u0131ndal\u0131\u011f\u0131n\u0131 getirir.<\/p>\n<p>Bu \u00e7ekim en do\u011fal \u00e7ekim iken kendinizi garip bir \u015fekilde kendi yaratt\u0131\u011f\u0131n\u0131z d\u00fcnyada  bulacaks\u0131n\u0131z. Kendinizi verdi\u011finiz ki\u015fi, yer ve \u015feyler daha fazla mukayeseyle vurgulan\u0131r. Burada, diren\u00e7 vard\u0131r; Bilgiye do\u011fal \u00e7ekiminize diren\u00e7 vard\u0131r. Bilmek istiyorsunuz ama fikirlerinizin de\u011fi\u015fiminden korkuyorsunuz, inan\u00e7lar\u0131n\u0131z hatta kendiniz ile ilgili b\u00fct\u00fcn fikirlerinizden bile,  bilmeye korkuyorsunuz fakat bilgi bu \u015feylere ba\u011fl\u0131 de\u011fildir. Sizin ko\u015fullar\u0131n\u0131z, mali g\u00fcvenlik, sosyal a\u011f ve siyasi ba\u011fl\u0131l\u0131k i\u00e7in ne anlama geldi\u011finden korkuyor olabilirsiniz.<\/p>\n<p>Bilgi, bu \u015feylere ba\u011fl\u0131 de\u011fildir. \u00d6zde, \u00f6zg\u00fcrd\u00fcr, ama siz, de\u011filsiniz. Sizin, \u00f6zg\u00fcr olan bir \u015feyle ili\u015fkiye gelebildi\u011finiz tek yol, kendinizden \u00f6zg\u00fcr olmakt\u0131r. \u00d6zg\u00fcr olmayanlar, olan taraf\u0131ndan korkutulur. Onlar, y\u0131ld\u0131r\u0131l\u0131r; rahats\u0131zd\u0131r. O, kendi s\u0131n\u0131rlamalar\u0131 ve ko\u015fullar\u0131 kar\u015f\u0131s\u0131nda onlar\u0131 zorlar.<\/p>\n<p>\u0130\u00e7inizdeki bilgi, \u00f6zg\u00fcrd\u00fcr, ama siz de\u011filsiniz. Bu ba\u015flang\u0131\u00e7 noktas\u0131nda Bilgiye ad\u0131mlar\u0131 almay\u0131 kabul etmelisiniz. Belki siz \u00f6zg\u00fcr bir \u00fclkede ya\u015f\u0131yorsunuz ve sizin ki\u015fisel \u00f6zg\u00fcrl\u00fckleriniz, ne yapt\u0131\u011f\u0131n\u0131z, nereye gitti\u011finiz ve kimle ortak oldu\u011funuz kimle benzetebildi\u011finiz hakk\u0131nda egzersiz yapabilirsiniz. Ancak Bilgi \u00f6zg\u00fcr-size ba\u011fl\u0131 de\u011fildir, siz s\u0131n\u0131rl\u0131 olup, kontrol edilirsiniz.<\/p>\n<p>E\u011fer ya\u015fl\u0131 iseniz, muhtemelen d\u00fcnyada daha b\u00fcy\u00fck ama\u00e7  ile ilgisi olmayabilen bir\u00e7ok \u015feyi kendinize taahh\u00fct ettiniz. Bilgi i\u00e7inizde ki bu b\u00fcy\u00fck amaca taahh\u00fctt\u00fcr hen\u00fcz ke\u015ffedilmemi\u015f b\u00fcy\u00fck amac\u0131n\u0131zd\u0131r. O sadece \u00f6zg\u00fcr olma duygusuyla ger\u00e7ekte ne oldu\u011fu ve  ya\u015fam\u0131 destekleyeci anlam\u0131 olan ama, \u00f6zg\u00fcrd\u00fcr. Ve bu \u015fimdiye kadar olandan \u00e7ok farkl\u0131 olabilir.<\/p>\n<p>E\u011fer ya\u015fam\u0131n\u0131zdan oldu\u011fu gibi ho\u015fnutsuz iseniz, o zaman bu Bilgi i\u00e7in bir te\u015fvik olacakt\u0131r. \u00d6zg\u00fcrl\u00fck ve amac\u0131 bulmak isteyeceksiniz. Ama yine de hayat\u0131n\u0131z\u0131n g\u00fczel bir noktaya kadar rahat oldu\u011funu d\u00fc\u015f\u00fcn\u00fcyorsan\u0131z ve  Bilgi size b\u00fcy\u00fck bir tehdit gibi g\u00f6z\u00fckecektir. Kendiniz bundan ka\u00e7\u0131n\u0131yor olacaks\u0131n\u0131z ve   bu trajiktir \u00e7\u00fcnk\u00fc kendinizi \u00f6nleyeceksiniz. Derin duygular\u0131n\u0131zdan, duygusal d\u00fcr\u00fcstl\u00fck, kendi b\u00fct\u00fcnl\u00fc\u011f\u00fcn\u00fcz ve en temel derin de\u011ferlerinizden ka\u00e7\u0131nmakt\u0131r..<\/p>\n<p>Bu insanlar\u0131n kendilerine yabanc\u0131 olmas\u0131d\u0131r. Onlar d\u0131\u015far\u0131daki \u015feyler ile \u00f6zde\u015fle\u015fmi\u015flerdir, ancak i\u00e7eride kendileri ile \u00e7ok az ili\u015fkileri vard\u0131r. Bunlar serbest de\u011fildir. Onlar da ne oldu\u011funu ve bunlar\u0131n derin e\u011fim takip etmek, kim olmak \u00f6zg\u00fcr de\u011fildir. Onlar d\u0131\u015f\u0131nda serbest olsa bile ve d\u00fcnyada nadir hareketinin siyasal ve toplumsal \u00f6zg\u00fcrl\u00fck var, bu \u00f6zg\u00fcrl\u00fck kendi do\u011fas\u0131n\u0131n derinliklerine bulmuyor. Ve b\u00f6ylece \u00f6zg\u00fcr de\u011fildir. Onlar kim ve ne olduklar\u0131 ve en derin e\u011filimleri hakk\u0131nda \u00f6zg\u00fcr de\u011fillerdir. Onlar d\u0131\u015fta, siyasi ve sosyal olarak \u00f6zg\u00fcr olsalar bile ki bu, d\u00fcnyada nadirdir. Bu \u00f6zg\u00fcrl\u00fck, ki\u015finin kendi do\u011fas\u0131n\u0131n derinliklerine ula\u015famaz ve bundan dolay\u0131 onlar \u00f6zg\u00fcr de\u011fildir.<\/p>\n<p>Onlar g\u00f6rmek, bilmek  ve orada ger\u00e7ekten ne oldu\u011funu hissetmek i\u00e7in \u00f6zg\u00fcr de\u011fildirler. Onlar fikirlerine tabidir. Onlar taahh\u00fctlerine tabidir. Onlar kendi inan\u00e7 ve ili\u015fkilerine ba\u011fl\u0131d\u0131rlar. Onlar tercihlerine ve ba\u015fkalar\u0131n\u0131n arzular\u0131na ba\u011fl\u0131d\u0131rlar.<br \/>\nOnlara verilen \u00f6neme, gruba, k\u00fclt\u00fcrlerine, inan\u00e7lar\u0131na ya da ailelerine ba\u011fl\u0131d\u0131rlar.<br \/>\nOnlar, zor olan d\u0131\u015f \u00f6zg\u00fcrl\u00fc\u011f\u00fc elde etseler bile, onlar kendileri i\u00e7inde kendilerine yabanc\u0131lard\u0131r.<\/p>\n<p>Bu, ger\u00e7ekten b\u00fct\u00fcn ac\u0131n\u0131n kayna\u011f\u0131d\u0131r, e\u011fer asla, ger\u00e7ek mutlulu\u011fu veya memnuniyeti kendine yabanc\u0131ysan\u0131z bulamayabilirsiniz. Bu i\u00e7inizdeki daha derin, sizin ak\u0131l ve anlay\u0131\u015f\u0131n\u0131z\u0131n, inan\u00e7lar\u0131n\u0131z\u0131n ve fikirlerinizin, al\u0131\u015fkanl\u0131klar\u0131n\u0131z\u0131n ve ger\u00e7ek ki\u015fili\u011finizin \u00e7ok \u00f6tesinde daha derindir. B\u00f6ylece, mutlulu\u011fun pe\u015finde bir hayat kurabilirsiniz ama ger\u00e7ekten ger\u00e7ek bir hayat de\u011fildir. O, ger\u00e7ekten y\u00fcrekten ba\u011fl\u0131 oldu\u011funuz, ruhunuzun ba\u011fl\u0131 oldu\u011fu bir hayat de\u011fildir Kendi zihninizde bile ona ba\u011fl\u0131 de\u011filsiniz.<\/p>\n<p>Bu y\u00fczden Bilgiye ad\u0131mlar\u0131 almaya ba\u015flamak ve bilginin do\u011fal cazibesini hissetmek ve bu cazibeye yan\u0131t vermek, olu\u015fturdu\u011funuz ba\u015fka \u015feylerin yeniden de\u011ferlendirilmesi anlam\u0131na gelir. Bilgi onlara ba\u011fl\u0131 de\u011fildir. Bildi\u011finiz gibi bu hayat\u0131n\u0131z\u0131n belki de sadece \u00e7ok k\u00fc\u00e7\u00fck bir k\u0131sm\u0131n\u0131 ger\u00e7ekten vurgular ve daha derin do\u011fan\u0131z\u0131 temsil eder. Hayat\u0131n\u0131z\u0131n geri kalan\u0131nda ne yapabilirsiniz? Taahh\u00fctleriniz ve sorumluluklar\u0131n\u0131z vard\u0131r. Belki de bakmak zorunda oldu\u011funuz bir aileniz veya y\u00f6netti\u011finiz bir i\u015finiz vard\u0131r.<\/p>\n<p>Burada sizin inanc\u0131n\u0131zla  bilgi  size k\u0131lavuzluk edecektir. Bildi\u011finiz gibi Bilgi mevcudiyeti yok etmeyecektir. Olu\u015fturdu\u011funuz ya\u015fam\u0131n \u00e7izgisi olmayacak fakat  \u015fimdiye kadar akl\u0131n\u0131zda toplad\u0131\u011f\u0131n\u0131z, \u00f6\u011frendikleriniz ve becerilerinizle b\u00fct\u00fcn her \u015feyi alarak hayat\u0131n\u0131z\u0131n ger\u00e7ek dersini bir araya getirecektir. Ve bu \u00e7o\u011fu zaman, farkl\u0131 bir y\u00f6nde ilerleyen farkl\u0131 bir anlay\u0131\u015f ve bir dizi daha derin de\u011ferlerdir.<\/p>\n<p>Ya\u015fam\u0131n gizemini izlemeyi se\u00e7mekte korkmu\u015f ve \u015f\u00fcpheli hissedeceksiniz, bilgi her zaman, akl\u0131n kavrama \u00f6tesinde \u00e7ok gizemli olacakt\u0131r. Bilgi, insanlarla ili\u015fkilerinizi tekrar kuracaks\u0131n\u0131z. yerler, mallar\u0131n\u0131z, k\u00fclt\u00fcr\u00fcn\u00fcz, aileniz, h\u00fck\u00fcmetiniz ve t\u00fcm d\u00fcnyayla. Ama ortaya \u00e7\u0131kmas\u0131 i\u00e7in buna izin vermelisiniz.<\/p>\n<p>Akl\u0131n\u0131zla d\u00fcnyay\u0131 g\u00f6rmektesiniz. Arzular\u0131n\u0131zdan dolay\u0131 \u015feylere de\u011fer bi\u00e7mektesiniz \u00e7\u00fcnk\u00fc arzulara ve korkulara sahip olmaman\u0131n ama bilginin, \u00e7ok farkl\u0131 bir vurgusu vard\u0131r. Onun amac\u0131, d\u00fcnyaya daha b\u00fcy\u00fck amac\u0131n ve hizmetin, fark edilebildi\u011fi insanlar ve yerler ve ko\u015fullara sizi almakt\u0131r.<\/p>\n<p>Bu ders ve ya\u015fam niteli\u011fi de\u011fi\u015ftirecektir. Bu daha b\u00fcy\u00fck amac\u0131 temsil etmeyen herhangi bir y\u00fck\u00fcml\u00fcl\u00fck veya isteklerden sizi \u00f6zg\u00fcr b\u0131rakacakt\u0131r. Ve , bundan dolay\u0131 temelde, Bilgi devrimcidir. O, kendi i\u00e7inizde ve d\u0131\u015f hayat\u0131n\u0131zda bir devrimi temsil eder,  de\u011ferleri ve \u00f6ncelikleri de\u011fi\u015ftirir. Do\u011fal olarak d\u0131\u015fa y\u00f6neltilen bir ya\u015famdan ziyade daha \u00e7ok i\u00e7e y\u00f6nelen bir de\u011fi\u015fimdir.<\/p>\n<p>\u00c7eviri devam etmektedir&#8230;<\/p>\n","protected":false},"excerpt":{"rendered":"<p>Tanr\u0131&#8217;yla birincil bir ili\u015fkiniz vard\u0131r ve Tanr\u0131&#8217;n\u0131n, i\u00e7inizdeki derin zekayla, daha derin bir zihinle bilgiye \u00e7a\u011fr\u0131lan bu ili\u015fkiyi deneyimlersiniz. Bu, sizin en birincil ili\u015fki ve sorumlulu\u011funuzdur. \u0130nan\u00e7lar\u0131n veya kurumlar\u0131n bir ili\u015fkisi de\u011fildir. Bu ille de bir ideoloji yada \u00f6zellikle bir dinle ili\u015fkisi de\u011fildir. Ger\u00e7ekte, o en saf anlamda, sizin Tanr\u0131&#8217;yla ili\u015fkinizdir. \u0130nsanlar bu ili\u015fkiyi olduk\u00e7a\u2026 <a class=\"read-more\" href=\"https:\/\/www.v6.newmessage.org\/tr\/about-text-shortcode\/\"><span>Read More<\/span><\/a><\/p>\n","protected":false},"author":62,"featured_media":0,"parent":16358,"menu_order":0,"comment_status":"closed","ping_status":"closed","template":"template-leftsidebar.php","meta":{"_monsterinsights_skip_tracking":false,"_monsterinsights_sitenote_active":false,"_monsterinsights_sitenote_note":"","_monsterinsights_sitenote_category":0,"footnotes":""},"categories":[501,30,76],"tags":[876,359],"_links":{"self":[{"href":"https:\/\/www.v6.newmessage.org\/tr\/wp-json\/wp\/v2\/pages\/27733"}],"collection":[{"href":"https:\/\/www.v6.newmessage.org\/tr\/wp-json\/wp\/v2\/pages"}],"about":[{"href":"https:\/\/www.v6.newmessage.org\/tr\/wp-json\/wp\/v2\/types\/page"}],"author":[{"embeddable":true,"href":"https:\/\/www.v6.newmessage.org\/tr\/wp-json\/wp\/v2\/users\/62"}],"replies":[{"embeddable":true,"href":"https:\/\/www.v6.newmessage.org\/tr\/wp-json\/wp\/v2\/comments?post=27733"}],"version-history":[{"count":1,"href":"https:\/\/www.v6.newmessage.org\/tr\/wp-json\/wp\/v2\/pages\/27733\/revisions"}],"predecessor-version":[{"id":27734,"href":"https:\/\/www.v6.newmessage.org\/tr\/wp-json\/wp\/v2\/pages\/27733\/revisions\/27734"}],"up":[{"embeddable":true,"href":"https:\/\/www.v6.newmessage.org\/tr\/wp-json\/wp\/v2\/pages\/16358"}],"wp:attachment":[{"href":"https:\/\/www.v6.newmessage.org\/tr\/wp-json\/wp\/v2\/media?parent=27733"}],"wp:term":[{"taxonomy":"category","embeddable":true,"href":"https:\/\/www.v6.newmessage.org\/tr\/wp-json\/wp\/v2\/categories?post=27733"},{"taxonomy":"post_tag","embeddable":true,"href":"https:\/\/www.v6.newmessage.org\/tr\/wp-json\/wp\/v2\/tags?post=27733"}],"curies":[{"name":"wp","href":"https:\/\/api.w.org\/{rel}","templated":true}]}}