{"id":27692,"date":"2019-01-17T05:12:22","date_gmt":"2019-01-17T05:12:22","guid":{"rendered":"http:\/\/www.newmessage.org\/turkish\/?page_id=27692"},"modified":"2019-01-17T06:49:31","modified_gmt":"2019-01-17T06:49:31","slug":"new-message-for-religious-leaders","status":"publish","type":"page","link":"https:\/\/www.v6.newmessage.org\/tr\/the-message\/other-revelations\/new-message-for-religious-leaders\/","title":{"rendered":"D\u00fcnya Dini Liderleri i\u00e7in Yeni Mesaj"},"content":{"rendered":"<div><!-- 4.1 Verse --><\/div>\n\n<div class=\"tabgroup \"><ul class=\"tabs\"><li><a href=\"#tabs-1\">Vahiy<\/a><\/li>\n<li><a href=\"#tabs-2\">Not<\/a><\/li><\/ul>\n <div id=\"tabs-1\"><\/p>\n<p class=\"revelation_details\"><em> Marshall Vian Summers\u2019a<br \/>\n28 May\u0131s 2006\u2019de<br \/>\nBoulder, Colorado\u2019da<br \/>\nVahiy edildi\u011fi \u015fekilde <\/em><\/p>\n<div class=\"toggle toggle-white\"><h4 class=\"trigger \"><span class=\"t_ico\"><\/span><a href=\"#\">Bu metin hakk\u0131nda<\/a><\/h4><div class=\"toggle_container \"><br \/>\n<p>Bu metinde okudu\u011funuz, <a href=\"\/tr\/the-message\/important-terms#aa\">Melekler Meclisinin El\u00e7i<\/a> <a href=\"https:\/\/www.newmessage.org\/tr\/who-is-marshall-vian-summers\/\">Marshall Vian Summers<\/a> arac\u0131l\u0131\u011f\u0131yla konu\u015ftu\u011fu orijinal s\u00f6z\u00fcn yaz\u0131ya ge\u00e7irilmi\u015f halidir. <\/p>\n<p>Burada, kelimelerin \u00f6tesinde var olan, Tanr\u0131\u2019n\u0131n orjinal ileti\u015fimi, d\u00fcnyay\u0131 g\u00f6zeten Melekler Meclisi taraf\u0131ndan insan diline ve anlay\u0131\u015f\u0131na \u00e7evrilmi\u015ftir. Melekler Meclisi daha sonra Tanr\u0131\u2019n\u0131n mesaj\u0131n\u0131 El\u00e7i arac\u0131l\u0131\u011f\u0131yla iletir ve bunda yaz\u0131ya d\u00f6k\u00fcl\u00fcr ve size ve t\u00fcm insanl\u0131\u011fa sunulur.<\/p>\n<p>Bu harikulade s\u00fcre\u00e7te Vahyin Sesi tekrar konu\u015fuyor. Kelime ve <a href=\"\/tr\/the-message\/important-terms#voice\">Ses<\/a> d\u00fcnyada. Tarihte ilk kez sizin ve d\u00fcnyan\u0131n tecr\u00fcbe edebilmesi i\u00e7in s\u00f6zl\u00fc vahyin \u00f6zg\u00fcn kay\u0131tlar\u0131 mevcut.<\/p>\n<br \/>\n<\/div><\/div><br \/>\n<\/div>\n<div id=\"tabs-2\"><br \/>\nOkuyucuya not:<br \/>\nBu \u00e7eviri, orijinal \u0130ngilizce metni \u00e7evirmek i\u00e7in g\u00f6n\u00fcll\u00fc olan Yeni Mesaj \u00f6\u011frencileri taraf\u0131ndan Derne\u011fe sa\u011flanm\u0131\u015ft\u0131r. Bu \u00e7eviriyi, insanlar\u0131n bu yeni formda kendi dillerinde bir araya getirme \u015fans\u0131 bulabilmeleri i\u00e7in bu ilk haliyle d\u00fcnyaya sunuyoruz.<br \/>\n<\/div>\n\t\t\t\t<div align=\"right\">\n\t\t\t<div class=\"fb-like\" data-href=\"\" data-layout=\"button_count\" data-action=\"like\" data-show-faces=\"false\" data-share=\"false\"><\/div>\n\t\t\t<div class=\"fb-share-button\" data-layout=\"button_count\"> <\/div>\n\t\t\t<div class=\"fb_iframe_widget\"><a href=\"https:\/\/twitter.com\/godsnewmessage?ref_src=twsrc%5Etfw\" class=\"twitter-follow-button\" data-show-count=\"false\">Follow @godsnewmessage<\/a><script async src=\"https:\/\/platform.twitter.com\/widgets.js\" charset=\"utf-8\"><\/script><\/div>\n\t\t\t<\/div> <\/div> \n\n<p>Bu d\u00fcnyan\u0131n dini liderleri i\u00e7in bir mesajd\u0131r. \u0130nsanl\u0131\u011f\u0131n ilerlemesi ve koruma i\u00e7in d\u00fcnyaya yollanan Tanr\u0131&#8217;dan yeni mesaj\u0131n par\u00e7as\u0131d\u0131r.<\/p>\n<p>Yeni mesaj\u0131n, bu b\u00fcy\u00fck ruhsal \u00f6\u011fretilerin, insanl\u0131k i\u00e7in daha b\u00fcy\u00fck birli\u011fi sa\u011flamak, ihtiya\u00e7 duyulan birbirleriyle uyumu getirilme gereksinimleri vard\u0131r.Dinler asla birbirleriyle yar\u0131\u015fmak i\u00e7in de\u011fildir.<\/p>\n<p>\u0130nsanl\u0131\u011f\u0131n gelece\u011fi bir tak\u0131m b\u00fcy\u00fck deneme ile y\u00fczle\u015fecektir. Azalan kaynaklar, \u00e7evresel bozulma, artan rekabet, \u00e7at\u0131\u015fma ve sava\u015f riski olan bir d\u00fcnyada ya\u015faman\u0131n olas\u0131l\u0131\u011f\u0131yla y\u00fczle\u015fecektir. D\u00fcnya \u00f6tesi g\u00fc\u00e7lerin, insan zay\u0131fl\u0131\u011f\u0131 ve \u00e7at\u0131\u015fmas\u0131ndan kendi ama\u00e7lar\u0131 i\u00e7in yararlanmas\u0131 ile kar\u015f\u0131 kar\u015f\u0131yad\u0131r.<\/p>\n<p>Bu noktada, t\u00fcm bunlar\u0131 g\u00f6rebilen d\u00fcnyada \u00e7ok az insan vard\u0131r. Ama de\u011fi\u015fimin b\u00fcy\u00fck dalgalar\u0131 gibi onlar, k\u0131y\u0131lar\u0131n\u0131za yakla\u015fmaktad\u0131r ve onlar ya\u015famlar\u0131, gelecek ve t\u00fcm d\u00fcnya halklar\u0131n\u0131n kaderini etkileyecektir.<\/p>\n<p>Yeni mesaj, k\u0131smen, b\u00fct\u00fcn d\u00fcnya dinlerinin \u00f6nemini bildirmek ve onlar\u0131n b\u00fct\u00fcn\u00fcyle, Tanr\u0131 taraf\u0131ndan ba\u015flat\u0131ld\u0131\u011f\u0131n\u0131 ilan etmek i\u00e7in buradad\u0131r. Ancak bug\u00fcne kadar onlar orijinal niyetten sapm\u0131\u015f olsada onlar, insanl\u0131\u011f\u0131n gelece\u011fi ve iyi-ya\u015fam\u0131 i\u00e7in hala \u00f6nemlidir.<\/p>\n<p>Tanr\u0131 \u00e7ok ak\u0131ll\u0131d\u0131r, insan ailesi i\u00e7in neyin \u00e7al\u0131\u015faca\u011f\u0131n\u0131 iyi bilmektedir. Bu insan ailesinin yazar\u0131 olarak kesinlikle, anlam ifade eder. Bundan dolay\u0131 belirtilmesi gereken ilk \u015fey a\u00e7\u0131kt\u0131r, b\u00fct\u00fcn d\u00fcnyan\u0131n dinlerinin, Tanr\u0131 taraf\u0131ndan ba\u015flat\u0131ld\u0131\u011f\u0131d\u0131r. Onlar, tarihte kritik zamanlarda farkl\u0131 insanlara verilen b\u00fct\u00fcn yap\u0131 ta\u015flar\u0131d\u0131r, insan ailesinin toplam geli\u015fiminde de\u011fi\u015fimi i\u015faret etmektedir.<\/p>\n<p>Bir din, do\u011fru, kalanlar yanl\u0131\u015f de\u011fildir, Bu, Tanr\u0131 i\u00e7in olamaz, o d\u00fcnyadaki her ki\u015finin bir \u00f6\u011fretiyi, bir \u00f6\u011fretmeni, bir peygamberi veya bir haberciyi izleyemeyece\u011fini biliyor. \u0130nsanlar hala inan\u00e7lar\u0131n\u0131 ger\u00e7ek inan\u00e7 ya da yaln\u0131zca inan\u00e7, en do\u011fru inan\u00e7 ya da son vahiy oldu\u011funu d\u00fc\u015f\u00fcnerek her zaman bu hatay\u0131 yapmaktad\u0131rlar. Ama bu b\u00fct\u00fcn\u00fcyle, hediyelerin b\u00fcy\u00fck bir dizisinin par\u00e7as\u0131 ve insan ailesine mesajlard\u0131r.<\/p>\n<p>Maalesef, b\u00fct\u00fcn mesajlardaki Tanr\u0131sal niyet, d\u00fcnyadaki dinsel g\u00f6reneklerin, hem b\u00fcy\u00fck hem de k\u00fc\u00e7\u00fck, bu g\u00f6reneklerin temsilcileri olan insanlar\u0131n niyetleri taraf\u0131ndan de\u011fi\u015ftirilmi\u015f, unutulmu\u015f, g\u00f6lgelenmi\u015ftir. Saf olmayan bozulan veya ki\u015fisel ve siyasal avantajlar i\u00e7in kullan\u0131lan bir \u015fey \u00e7ok uzun s\u00fcre d\u00fcnyada kalamaz.<\/p>\n<p>Yine de, Tanr\u0131, bunu anlar. Tanr\u0131, bilgi olmadan, yarat\u0131c\u0131n\u0131n, t\u00fcm insanl\u0131kta zihin ve kalplerinin i\u00e7inde yerle\u015ftirdi\u011fi daha b\u00fcy\u00fck zekan\u0131n bir fark\u0131ndal\u0131\u011f\u0131 olmadan, insanlar\u0131n, bencilce, ak\u0131ls\u0131zca ve yok edici bir \u015fekilde hareket edece\u011fini fark etmektedir. Onlar, ak\u0131l \u00f6ng\u00f6r\u00fc, bilgelik olmadan ve hesap vermeden hareket edecektir. Lakin burada hi\u00e7bir k\u0131nama yoktur. Tanr\u0131, insanl\u0131\u011f\u0131n, yeteri kadar geli\u015fmemi\u015f, ak\u0131ll\u0131, ilerlememi\u015f oldu\u011funu bilir. D\u00fcnyan\u0131n en b\u00fcy\u00fck g\u00f6reneklerinin her birinin niyetini saf\u00e7a s\u00fcrd\u00fcrmek i\u00e7in yeteri kadar ileri de\u011fildir. Bu y\u00fczden, ceza fikrinin, burada hi\u00e7bir dayana\u011f\u0131 yoktur.<\/p>\n<p>Din konusunda, suistimal ve belirli bir miktarda yanl\u0131\u015f anlama her zaman olu\u015faca\u011f\u0131 kabul edilmelidir. \u0130nsanlar, kendi ama\u00e7lar\u0131 i\u00e7in, kendi yararlar\u0131na, onlar\u0131n ger\u00e7ek ilahi do\u011fas\u0131 ya da de\u011fil sonu\u00e7 ne olursa olsun insanlar dini kendi yararlar\u0131na kullan\u0131rlar. B\u00fct\u00fcn ya\u015fam\u0131n yarat\u0131c\u0131s\u0131, bunu bilir ve bunu anlar.<\/p>\n<p>Burada ilk olarak anla\u015f\u0131lmas\u0131 gereken \u00f6nemli \u015fey, birbirlerini k\u00fc\u00e7\u00fck d\u00fc\u015f\u00fcrmesine, birbirleriyle rekabetlerine ra\u011fmen, ger\u00e7ekte tek do\u011fru inan\u00e7 oldu\u011fu ilan olsada aslnda b\u00fct\u00fcn dinlerin Tanr\u0131 taraf\u0131ndan ba\u015flat\u0131ld\u0131\u011f\u0131d\u0131r. Tanr\u0131, hepsine y\u00fckseli\u015fi vermi\u015ftir. Denize akan bir\u00e7ok nehir gibi, b\u00fct\u00fcn topraklar d\u00fcnyan\u0131n b\u00fct\u00fcn insanlar\u0131n\u0131 beslemek i\u00e7indir.<\/p>\n<p>Sadece kendi inanc\u0131nda ger\u00e7ekten olgun olan biri, bunu g\u00f6rebilir. Aksi halde rekabet, inkar, ele\u015ftiri, nefret ve g\u00fcvensizlikle hareket ederek, di\u011fer dinlere kar\u015f\u0131 inan\u00e7lar\u0131n\u0131 savunmak gerekti\u011fini hissederler. Kesinlikle bu b\u00fct\u00fcn konularda her zaman oldu. Ama ger\u00e7ek Tanr\u0131&#8217;n\u0131n t\u00fcm dinlerin yaratt\u0131\u011f\u0131d\u0131r. Ve hepsi \u0130lahi huzurda zihne ama\u00e7 ve insanlar\u0131n kalplerine farkl\u0131 k\u00fclt\u00fcrler i\u00e7inde, farkl\u0131 iklimlerde, tarihin t\u00fcm d\u00f6nemlerinde \u00e7ok farkl\u0131 toplumsal al\u0131\u015fkanl\u0131klara ve davran\u0131\u015flara hizmet getirmek i\u00e7indir.<\/p>\n<p>\u0130kinci olarak anla\u015f\u0131lmas\u0131 gereken \u015fey, b\u00fct\u00fcn d\u00fcnyan\u0131n dinleri, birbirleriyle rekabet i\u00e7in de\u011fil, ama insanl\u0131\u011fa hizmet etmek i\u00e7in buradad\u0131r. Bu ifade i\u00e7in, kalbe gidilmeli ve dinin \u00f6z\u00fcn\u00fcn ne oldu\u011fu, din ve ruhsall\u0131k aras\u0131ndaki fark\u0131n anla\u015f\u0131lmas\u0131 gerekir.<\/p>\n<p>Dinsellik her insan\u0131n i\u00e7inde ya\u015fayan manevi ger\u00e7eklik ve zekad\u0131r. T\u00fcm ya\u015fam\u0131n yarat\u0131c\u0131s\u0131ndan her ki\u015fiye verilen budur. Yeni mesajda, dinselli\u011fe, bilgi denilmektedir. \u00c7\u00fcnk\u00fc bu daha derin zekan\u0131n kullanma yetene\u011fi ile ilgilidir, bu daha derin bilinci, b\u00fct\u00fcnl\u00fckle g\u00f6rmek, bilmek ve hareket etmek ve kullan\u0131lmas\u0131n\u0131 anlat\u0131l\u0131r.<\/p>\n<p>Din olu\u015fturulmu\u015f olan maneviyat\u0131n payla\u015f\u0131ld\u0131\u011f\u0131, ifade edildi\u011fi bir \u00e7evreyi yaratmak ve deneyimleme f\u0131rsat\u0131 vermektir. Ruhun i\u00e7inde ya\u015fad\u0131\u011f\u0131 bir ev gibidir: Bir yap\u0131, bir yol, bir ba\u011flam, bir y\u00f6n. Dinin amac\u0131 budur.<\/p>\n<p>\u00c7eviri devam etmektedir.<\/p>\n","protected":false},"excerpt":{"rendered":"<p>Bu d\u00fcnyan\u0131n dini liderleri i\u00e7in bir mesajd\u0131r. \u0130nsanl\u0131\u011f\u0131n ilerlemesi ve koruma i\u00e7in d\u00fcnyaya yollanan Tanr\u0131&#8217;dan yeni mesaj\u0131n par\u00e7as\u0131d\u0131r. Yeni mesaj\u0131n, bu b\u00fcy\u00fck ruhsal \u00f6\u011fretilerin, insanl\u0131k i\u00e7in daha b\u00fcy\u00fck birli\u011fi sa\u011flamak, ihtiya\u00e7 duyulan birbirleriyle uyumu getirilme gereksinimleri vard\u0131r.Dinler asla birbirleriyle yar\u0131\u015fmak i\u00e7in de\u011fildir. \u0130nsanl\u0131\u011f\u0131n gelece\u011fi bir tak\u0131m b\u00fcy\u00fck deneme ile y\u00fczle\u015fecektir. Azalan kaynaklar, \u00e7evresel bozulma, artan\u2026 <a class=\"read-more\" href=\"https:\/\/www.v6.newmessage.org\/tr\/about-text-shortcode\/\"><span>Read More<\/span><\/a><\/p>\n","protected":false},"author":62,"featured_media":0,"parent":16358,"menu_order":0,"comment_status":"closed","ping_status":"closed","template":"template-leftsidebar.php","meta":{"_monsterinsights_skip_tracking":false,"_monsterinsights_sitenote_active":false,"_monsterinsights_sitenote_note":"","_monsterinsights_sitenote_category":0,"footnotes":""},"categories":[501,30,76],"tags":[863,862],"_links":{"self":[{"href":"https:\/\/www.v6.newmessage.org\/tr\/wp-json\/wp\/v2\/pages\/27692"}],"collection":[{"href":"https:\/\/www.v6.newmessage.org\/tr\/wp-json\/wp\/v2\/pages"}],"about":[{"href":"https:\/\/www.v6.newmessage.org\/tr\/wp-json\/wp\/v2\/types\/page"}],"author":[{"embeddable":true,"href":"https:\/\/www.v6.newmessage.org\/tr\/wp-json\/wp\/v2\/users\/62"}],"replies":[{"embeddable":true,"href":"https:\/\/www.v6.newmessage.org\/tr\/wp-json\/wp\/v2\/comments?post=27692"}],"version-history":[{"count":1,"href":"https:\/\/www.v6.newmessage.org\/tr\/wp-json\/wp\/v2\/pages\/27692\/revisions"}],"predecessor-version":[{"id":27693,"href":"https:\/\/www.v6.newmessage.org\/tr\/wp-json\/wp\/v2\/pages\/27692\/revisions\/27693"}],"up":[{"embeddable":true,"href":"https:\/\/www.v6.newmessage.org\/tr\/wp-json\/wp\/v2\/pages\/16358"}],"wp:attachment":[{"href":"https:\/\/www.v6.newmessage.org\/tr\/wp-json\/wp\/v2\/media?parent=27692"}],"wp:term":[{"taxonomy":"category","embeddable":true,"href":"https:\/\/www.v6.newmessage.org\/tr\/wp-json\/wp\/v2\/categories?post=27692"},{"taxonomy":"post_tag","embeddable":true,"href":"https:\/\/www.v6.newmessage.org\/tr\/wp-json\/wp\/v2\/tags?post=27692"}],"curies":[{"name":"wp","href":"https:\/\/api.w.org\/{rel}","templated":true}]}}