{"id":27690,"date":"2019-01-17T05:07:06","date_gmt":"2019-01-17T05:07:06","guid":{"rendered":"http:\/\/www.newmessage.org\/turkish\/?page_id=27690"},"modified":"2019-01-17T06:50:11","modified_gmt":"2019-01-17T06:50:11","slug":"the-reconciliation","status":"publish","type":"page","link":"https:\/\/www.v6.newmessage.org\/tr\/the-message\/other-revelations\/the-reconciliation\/","title":{"rendered":"Uzla\u015fma"},"content":{"rendered":"<div><!-- 4.1 Verse --><\/div>\n\n<div class=\"tabgroup \"><ul class=\"tabs\"><li><a href=\"#tabs-1\">Vahiy<\/a><\/li>\n<li><a href=\"#tabs-2\">Not<\/a><\/li><\/ul>\n <div id=\"tabs-1\"><\/p>\n<p class=\"revelation_details\"><em> Marshall Vian Summers\u2019a<br \/>\n2 May\u0131s 2011\u2019de<br \/>\nBoulder, Colorado\u2019da<br \/>\nVahiy edildi\u011fi \u015fekilde <\/em><\/p>\n<div class=\"toggle toggle-white\"><h4 class=\"trigger \"><span class=\"t_ico\"><\/span><a href=\"#\">Bu metin hakk\u0131nda<\/a><\/h4><div class=\"toggle_container \"><br \/>\n<p>Bu metinde okudu\u011funuz, <a href=\"\/tr\/the-message\/important-terms#aa\">Melekler Meclisinin El\u00e7i<\/a> <a href=\"https:\/\/www.newmessage.org\/tr\/who-is-marshall-vian-summers\/\">Marshall Vian Summers<\/a> arac\u0131l\u0131\u011f\u0131yla konu\u015ftu\u011fu orijinal s\u00f6z\u00fcn yaz\u0131ya ge\u00e7irilmi\u015f halidir. <\/p>\n<p>Burada, kelimelerin \u00f6tesinde var olan, Tanr\u0131\u2019n\u0131n orjinal ileti\u015fimi, d\u00fcnyay\u0131 g\u00f6zeten Melekler Meclisi taraf\u0131ndan insan diline ve anlay\u0131\u015f\u0131na \u00e7evrilmi\u015ftir. Melekler Meclisi daha sonra Tanr\u0131\u2019n\u0131n mesaj\u0131n\u0131 El\u00e7i arac\u0131l\u0131\u011f\u0131yla iletir ve bunda yaz\u0131ya d\u00f6k\u00fcl\u00fcr ve size ve t\u00fcm insanl\u0131\u011fa sunulur.<\/p>\n<p>Bu harikulade s\u00fcre\u00e7te Vahyin Sesi tekrar konu\u015fuyor. Kelime ve <a href=\"\/tr\/the-message\/important-terms#voice\">Ses<\/a> d\u00fcnyada. Tarihte ilk kez sizin ve d\u00fcnyan\u0131n tecr\u00fcbe edebilmesi i\u00e7in s\u00f6zl\u00fc vahyin \u00f6zg\u00fcn kay\u0131tlar\u0131 mevcut.<\/p>\n<br \/>\n<\/div><\/div><br \/>\n<\/div>\n<div id=\"tabs-2\"><br \/>\nOkuyucuya not:<br \/>\nBu \u00e7eviri, orijinal \u0130ngilizce metni \u00e7evirmek i\u00e7in g\u00f6n\u00fcll\u00fc olan Yeni Mesaj \u00f6\u011frencileri taraf\u0131ndan Derne\u011fe sa\u011flanm\u0131\u015ft\u0131r. Bu \u00e7eviriyi, insanlar\u0131n bu yeni formda kendi dillerinde bir araya getirme \u015fans\u0131 bulabilmeleri i\u00e7in bu ilk haliyle d\u00fcnyaya sunuyoruz.<br \/>\n<\/div>\n\t\t\t\t<div align=\"right\">\n\t\t\t<div class=\"fb-like\" data-href=\"\" data-layout=\"button_count\" data-action=\"like\" data-show-faces=\"false\" data-share=\"false\"><\/div>\n\t\t\t<div class=\"fb-share-button\" data-layout=\"button_count\"> <\/div>\n\t\t\t<div class=\"fb_iframe_widget\"><a href=\"https:\/\/twitter.com\/godsnewmessage?ref_src=twsrc%5Etfw\" class=\"twitter-follow-button\" data-show-count=\"false\">Follow @godsnewmessage<\/a><script async src=\"https:\/\/platform.twitter.com\/widgets.js\" charset=\"utf-8\"><\/script><\/div>\n\t\t\t<\/div> <\/div> \n\n<p>Sizler bir ayr\u0131l\u0131kta ya\u015f\u0131yorsunuz. Yarat\u0131l\u0131\u015f\u0131n kendisinden, kayna\u011f\u0131ndan ve hatta sizin ger\u00e7ek do\u011fan\u0131zdan bile bir ayr\u0131l\u0131ktas\u0131n\u0131z. D\u00fcnya deneyimi ile ko\u015fulland\u0131r\u0131lm\u0131\u015f zihninizde, zihninizin farkl\u0131 bir par\u00e7as\u0131 \u015feklinde ya\u015f\u0131yorsunuz.<\/p>\n<p>Fikirleriniz ve bedeninizle kendinizi tan\u0131ml\u0131yorsunuz. Kendinize bir ad veriyor ve g\u00f6r\u00fcn\u00fc\u015fte kendinizi etraf\u0131n\u0131zdaki herkesten ay\u0131r\u0131yorsunuz. Sizler bir ayr\u0131l\u0131kta ya\u015f\u0131yorsunuz.<\/p>\n<p>Siz ruhsal Aileniz taraf\u0131ndan bir ama\u00e7 i\u00e7in buraya g\u00f6nderildiniz. Ya\u015fam\u0131n\u0131zda bu d\u00fcnya ko\u015fullar\u0131 i\u00e7inde benzersiz bir \u015fekilde hizmet etmek amac\u0131 ile d\u00fcnyaya geldiniz.<\/p>\n<p>Bir ayr\u0131l\u0131k durumu ya\u015f\u0131yorsunuz ama hala Kayna\u011fa ba\u011fl\u0131s\u0131n\u0131z. Siz hala, sizi d\u00fcnyaya g\u00f6nderenlerle ba\u011flant\u0131l\u0131s\u0131n\u0131z. Siz hala, Yarat\u0131l\u0131\u015fa ba\u011fl\u0131s\u0131n\u0131z.<\/p>\n<p>Ger\u00e7ekten bir insan olman\u0131n ne anlama geldi\u011fi, kendi do\u011fan\u0131zda \u00e7eli\u015fkilidir. Bu \u00e7eli\u015fki size ya\u015fam vaadi verir. Daha b\u00fcy\u00fck bir amaca y\u00f6nelik olarak geldi\u011finiz, bulamad\u0131\u011f\u0131n\u0131z bir ama\u00e7, ger\u00e7ekten de\u011fi\u015ftiremeyece\u011finiz bir ama\u00e7, derin do\u011fan\u0131zda, ruhunuz d\u00fczeyinde kararl\u0131d\u0131r.<\/p>\n<p>Bu durumda olmasayd\u0131, o zaman d\u00fcnyada kaybolacakt\u0131n\u0131z. Fiziksel evrenin bir par\u00e7as\u0131 olacakt\u0131n\u0131z.<\/p>\n<p>Hayat\u0131n\u0131z\u0131n i\u00e7sel anlam\u0131 ya da ba\u015fkalar\u0131n\u0131n tahminlerinin \u00f6tesinde de\u011ferine ba\u011fl\u0131 olmayacakt\u0131. Hayat bo\u015f ve anlams\u0131z g\u00f6r\u00fcnecekti. Ve \u015fartlar ne olursa olsun, zengin ya da fakir, Ayr\u0131l\u0131k ger\u00e7e\u011fi her zaman size kaybetme korkusu, korku, zarar g\u00f6rme korkusu, yoksunluk korkusu, y\u0131k\u0131m korkusu \u00fcretecekti.<\/p>\n<p>\u0130nsanlar\u0131n hayat\u0131n\u0131 y\u00f6neten bu korku, kendi kararlar\u0131n\u0131 belirlerken, ne kadar k\u00fc\u00e7\u00fck olursa olsun mutlulu\u011fu g\u00f6lgeler, s\u00fcrekli anksiyete, pi\u015fmanl\u0131k duygular\u0131n\u0131 olu\u015fturur.<\/p>\n<p>Bu \u00f6zlem ve yapamama ve d\u00fcnyada her ki\u015finin deneyiminin bir par\u00e7as\u0131d\u0131r.<\/p>\n<p>Ayr\u0131l\u0131k asla ger\u00e7ekten yarat\u0131lmam\u0131\u015ft\u0131r. Kayna\u011f\u0131n\u0131zdan ayr\u0131lamazs\u0131n\u0131z. Bu y\u00fczden Cehennem ve lanet yoktur. Sadece uzla\u015fma s\u00fcreci vard\u0131r. Sonu\u00e7ta, ne kadar uzun s\u00fcrerse s\u00fcrs\u00fcn bu sonu\u00e7tur. \u00c7eli\u015fki ve kararlar\u0131n\u0131zda i\u00e7inizdeki hangi sesi dinleyeceksiniz?<\/p>\n<p>Tanr\u0131 size derin bir vicdan vermi\u015ftir bu sosyal bir vicdan de\u011fildir ama i\u00e7sel bir vicdand\u0131r. Bu bizim Bilgi dedi\u011fimiz derin bir zekan\u0131n par\u00e7as\u0131d\u0131r.<\/p>\n<p>Kar\u0131\u015f\u0131k de\u011fildir. Bu \u00e7at\u0131\u015fma de\u011fildir. D\u00fcnyadan korkmak ya da hi\u00e7 i\u00e7in y\u0131kmak de\u011fildir. D\u00fcnya belirsiz olabilir, g\u00f6lgede olabilir, sizi oradan uzakla\u015ft\u0131rabilir fakat o kendi i\u00e7inde tamd\u0131r. Yarat\u0131l\u0131\u015f kendisinin bir par\u00e7as\u0131 olan k\u0131sm\u0131d\u0131r.<\/p>\n<p>\u00c7eviri Devam edecek&#8230;<\/p>\n","protected":false},"excerpt":{"rendered":"<p>Sizler bir ayr\u0131l\u0131kta ya\u015f\u0131yorsunuz. Yarat\u0131l\u0131\u015f\u0131n kendisinden, kayna\u011f\u0131ndan ve hatta sizin ger\u00e7ek do\u011fan\u0131zdan bile bir ayr\u0131l\u0131ktas\u0131n\u0131z. D\u00fcnya deneyimi ile ko\u015fulland\u0131r\u0131lm\u0131\u015f zihninizde, zihninizin farkl\u0131 bir par\u00e7as\u0131 \u015feklinde ya\u015f\u0131yorsunuz. Fikirleriniz ve bedeninizle kendinizi tan\u0131ml\u0131yorsunuz. Kendinize bir ad veriyor ve g\u00f6r\u00fcn\u00fc\u015fte kendinizi etraf\u0131n\u0131zdaki herkesten ay\u0131r\u0131yorsunuz. Sizler bir ayr\u0131l\u0131kta ya\u015f\u0131yorsunuz. Siz ruhsal Aileniz taraf\u0131ndan bir ama\u00e7 i\u00e7in buraya g\u00f6nderildiniz. Ya\u015fam\u0131n\u0131zda\u2026 <a class=\"read-more\" href=\"https:\/\/www.v6.newmessage.org\/tr\/about-text-shortcode\/\"><span>Read More<\/span><\/a><\/p>\n","protected":false},"author":62,"featured_media":0,"parent":16358,"menu_order":0,"comment_status":"closed","ping_status":"closed","template":"template-leftsidebar.php","meta":{"_monsterinsights_skip_tracking":false,"_monsterinsights_sitenote_active":false,"_monsterinsights_sitenote_note":"","_monsterinsights_sitenote_category":0,"footnotes":""},"categories":[501,30,76],"tags":[394,861],"_links":{"self":[{"href":"https:\/\/www.v6.newmessage.org\/tr\/wp-json\/wp\/v2\/pages\/27690"}],"collection":[{"href":"https:\/\/www.v6.newmessage.org\/tr\/wp-json\/wp\/v2\/pages"}],"about":[{"href":"https:\/\/www.v6.newmessage.org\/tr\/wp-json\/wp\/v2\/types\/page"}],"author":[{"embeddable":true,"href":"https:\/\/www.v6.newmessage.org\/tr\/wp-json\/wp\/v2\/users\/62"}],"replies":[{"embeddable":true,"href":"https:\/\/www.v6.newmessage.org\/tr\/wp-json\/wp\/v2\/comments?post=27690"}],"version-history":[{"count":1,"href":"https:\/\/www.v6.newmessage.org\/tr\/wp-json\/wp\/v2\/pages\/27690\/revisions"}],"predecessor-version":[{"id":27691,"href":"https:\/\/www.v6.newmessage.org\/tr\/wp-json\/wp\/v2\/pages\/27690\/revisions\/27691"}],"up":[{"embeddable":true,"href":"https:\/\/www.v6.newmessage.org\/tr\/wp-json\/wp\/v2\/pages\/16358"}],"wp:attachment":[{"href":"https:\/\/www.v6.newmessage.org\/tr\/wp-json\/wp\/v2\/media?parent=27690"}],"wp:term":[{"taxonomy":"category","embeddable":true,"href":"https:\/\/www.v6.newmessage.org\/tr\/wp-json\/wp\/v2\/categories?post=27690"},{"taxonomy":"post_tag","embeddable":true,"href":"https:\/\/www.v6.newmessage.org\/tr\/wp-json\/wp\/v2\/tags?post=27690"}],"curies":[{"name":"wp","href":"https:\/\/api.w.org\/{rel}","templated":true}]}}