{"id":27546,"date":"2019-01-09T05:18:29","date_gmt":"2019-01-09T05:18:29","guid":{"rendered":"http:\/\/www.newmessage.org\/turkish\/?page_id=27546"},"modified":"2022-08-30T06:37:13","modified_gmt":"2022-08-30T06:37:13","slug":"preparing-for-the-greater-community","status":"publish","type":"page","link":"https:\/\/www.v6.newmessage.org\/tr\/the-message\/volume-2\/preparing-for-the-greater-community\/","title":{"rendered":"Preparing for the Greater Community"},"content":{"rendered":"<h2><strong><img loading=\"lazy\" decoding=\"async\" class=\"alignright size-medium\" src=\"\/wp-content\/uploads\/2014\/10\/The-New-Message-from-God-Volume-4-215x300.png\" alt=\"\" width=\"215\" height=\"300\" \/><\/strong><\/h2>\n<p><em>Preparing for the Greater Community<\/em> is an upcoming new book to be released by The Society for the New Message. We are including three chapters at this time as part of the current Free School Session. The remainder of the book will be available soon. We will send an announcement to you by email as soon as this book is released, and will update this book web page to include all chapters.<\/p>\n<p>If you haven&#8217;t already subscribed to the New Message Mailing List and would like to receive news and updates about new releases, please do so by <a href=\"#anchor\">scrolling down<\/a> to the <strong>Signup to Mailing List<\/strong> on the left sidebar and enter your email address.<\/p>\n<p><em>Preparing for the Greater Community<\/em> is a book of <a title=\"Volume 2\" href=\"\/the-message\/volume-2\">Volume 2<\/a>\u00a0of the New Message from God.<\/p>\n<p><span style=\"color: #525252; line-height: 1.5;\"><div class=\"toggle toggle-white\"><h4 class=\"trigger \"><span class=\"t_ico\"><\/span><a href=\"#\">More about the volumes of the New Message from God<\/a><\/h4><div class=\"toggle_container \"><br \/>\n<div data-post-id='24520' class='insert-page insert-page-24520 '><\/div><\/div><\/div><\/span><\/p>\n<div class=\"background-color-bridesmaid padding-20\">\n<h2 style=\"text-align: left;\"><span style=\"color: #525252;\">Table of Contents<\/span><\/h2>\n<p><a href=\"\/the-message\/volume-2\/preparing-for-the-greater-community\/preparing-for-the-greater-community-intro\">Introduction<\/a><\/p>\n<p>Chapter 1: <a href=\"\/the-message\/volume-2\/preparing-for-the-greater-community\/life-beyond-solar-system\">What is the Greater Community?<\/a><\/p>\n<p>Chapter 2: <a href=\"\/the-message\/volume-2\/preparing-for-the-greater-community\/human-isolation-over\">The Greater Community Presence in the World<\/a><\/p>\n<p>Chapter 3: <a href=\"https:\/\/www.newmessage.org\/tr\/the-message\/volume-2\/preparing-for-the-greater-community\/essential-truths-about-the-greater-community\/\">B\u00fcy\u00fck Toplum Hakk\u0131nda Temel Ger\u00e7ekler<\/a><\/p>\n<p>Chapter 4: <a href=\"\/the-message\/volume-2\/preparing-for-the-greater-community\/group-mind\">Greater Community Intelligence and the Mental Environment<\/a><\/p>\n<p>Chapter 5: <a href=\"\/the-message\/volume-2\/preparing-for-the-greater-community\/trade-commerce-competition\">Resources, Trade and Competition in the Greater Community<\/a><\/p>\n<p>Chapter 6: <a href=\"\/the-message\/volume-2\/preparing-for-the-greater-community\/meaning-spiritual-development\">The Meaning of Spiritual Development in the Greater Community<\/a><\/p>\n<p>Chapter 7: <a href=\"https:\/\/www.newmessage.org\/tr\/the-message\/volume-2\/preparing-for-the-greater-community\/the-great-challenge-awaiting-humanity\/\">\u0130nsanl\u0131\u011f\u0131 Bekleyen B\u00fcy\u00fck M\u00fccadele<\/a><\/p>\n<p>Chapter 8: <a href=\"\/the-message\/volume-2\/preparing-for-the-greater-community\/higher-vantage-point\">Developing a Greater Community Perspective and Understanding<\/a><\/p>\n<p>Chapter 9: <a href=\"https:\/\/www.newmessage.org\/tr\/the-message\/volume-2\/preparing-for-the-greater-community\/finding-knowledge\/\">\u0130lmi Bulmak<\/a><\/p>\n<p>Chapter 10: <a href=\"\/the-message\/volume-2\/preparing-for-the-greater-community\/gaining-strength-inner-authority\">Gaining Strength and Influence in the Mental Environment<\/a><\/p>\n<p>Chapter 11: <a href=\"\/the-message\/volume-2\/preparing-for-the-greater-community\/discernment-how-to-see\">Developing Clarity and Discernment<\/a><\/p>\n<p>Chapter 12: <a href=\"\/the-message\/volume-2\/preparing-for-the-greater-community\/beyond-human-religion\">Going Beyond the Limits of Human Religion and Belief<\/a><\/p>\n<p>Chapter 13: <a href=\"\/the-message\/volume-2\/preparing-for-the-greater-community\/responses-definition-intelligence\">Human Responses to the Greater Community<\/a><\/p>\n<p>Chapter 14: <a href=\"\/the-message\/volume-2\/preparing-for-the-greater-community\/developing-strength-wisdom\">Developing Certainty, Strength and Wisdom<\/a><\/p>\n<p>Chapter 15: <a href=\"\/the-message\/volume-2\/preparing-for-the-greater-community\/greater-honesty-mind\">Developing Greater Honesty<\/a><\/p>\n<p>Chapter 16: <a href=\"\/the-message\/volume-2\/preparing-for-the-greater-community\/great-relationships-destiny\">Relationships, Destiny and Calling<\/a><\/p>\n<p>Chapter 17: <a href=\"\/the-message\/volume-2\/preparing-for-the-greater-community\/beginning-preparation-respond-calling\">Beginning the Preparation<\/a><\/p>\n<p><a href=\"\/the-message\/volume-2\/preparing-for-the-greater-community\/guidelines-for-preparing-for-the-greater-community\">Guidelines for Preparing for the Greater Community<\/a><\/p>\n<\/div>\n","protected":false},"excerpt":{"rendered":"<p>Preparing for the Greater Community is an upcoming new book to be released by The Society for the New Message. We are including three chapters at this time as part of the current Free School Session. The remainder of the book will be available soon. We will send an announcement to you by email as\u2026 <a class=\"read-more\" href=\"https:\/\/www.v6.newmessage.org\/tr\/the-message\/volume-2\/preparing-for-the-greater-community\/\"><span>Read More<\/span><\/a><\/p>\n","protected":false},"author":62,"featured_media":0,"parent":16312,"menu_order":0,"comment_status":"closed","ping_status":"closed","template":"template-leftsidebar.php","meta":{"_monsterinsights_skip_tracking":false,"_monsterinsights_sitenote_active":false,"_monsterinsights_sitenote_note":"","_monsterinsights_sitenote_category":0,"footnotes":""},"categories":[930,467],"tags":[305],"_links":{"self":[{"href":"https:\/\/www.v6.newmessage.org\/tr\/wp-json\/wp\/v2\/pages\/27546"}],"collection":[{"href":"https:\/\/www.v6.newmessage.org\/tr\/wp-json\/wp\/v2\/pages"}],"about":[{"href":"https:\/\/www.v6.newmessage.org\/tr\/wp-json\/wp\/v2\/types\/page"}],"author":[{"embeddable":true,"href":"https:\/\/www.v6.newmessage.org\/tr\/wp-json\/wp\/v2\/users\/62"}],"replies":[{"embeddable":true,"href":"https:\/\/www.v6.newmessage.org\/tr\/wp-json\/wp\/v2\/comments?post=27546"}],"version-history":[{"count":4,"href":"https:\/\/www.v6.newmessage.org\/tr\/wp-json\/wp\/v2\/pages\/27546\/revisions"}],"predecessor-version":[{"id":28117,"href":"https:\/\/www.v6.newmessage.org\/tr\/wp-json\/wp\/v2\/pages\/27546\/revisions\/28117"}],"up":[{"embeddable":true,"href":"https:\/\/www.v6.newmessage.org\/tr\/wp-json\/wp\/v2\/pages\/16312"}],"wp:attachment":[{"href":"https:\/\/www.v6.newmessage.org\/tr\/wp-json\/wp\/v2\/media?parent=27546"}],"wp:term":[{"taxonomy":"category","embeddable":true,"href":"https:\/\/www.v6.newmessage.org\/tr\/wp-json\/wp\/v2\/categories?post=27546"},{"taxonomy":"post_tag","embeddable":true,"href":"https:\/\/www.v6.newmessage.org\/tr\/wp-json\/wp\/v2\/tags?post=27546"}],"curies":[{"name":"wp","href":"https:\/\/api.w.org\/{rel}","templated":true}]}}