{"id":27026,"date":"2017-01-23T17:11:41","date_gmt":"2017-01-23T17:11:41","guid":{"rendered":"http:\/\/www.newmessage.org\/bahasa-international\/?page_id=27026"},"modified":"2024-12-12T07:06:56","modified_gmt":"2024-12-12T07:06:56","slug":"the-new-life","status":"publish","type":"page","link":"https:\/\/www.v6.newmessage.org\/tr\/the-message\/volume-1\/the-new-life\/","title":{"rendered":"Yeni Bir Ya\u015fama Yolculuk"},"content":{"rendered":"<p><img decoding=\"async\" class=\"alignright size-full wp-image-38318 imgborder\" src=\"https:\/\/www.newmessage.org\/wp-content\/uploads\/2019\/03\/Book-5_JNL_color.jpg\" alt=\"\" \/><br \/>\n<em>The Journey to a New Life<\/em> opens before you the journey to discovering your higher purpose and greater relationships in life. With this, <em>The Journey to a New Life<\/em> reveals the true cause of the inner confusion, isolation and suffering felt by people around the world and the pathway of resolution that the Creator of all life is now providing.<\/p>\n<p>Here God is calling you to awaken from the dream and nightmare of Separation and to begin a new journey in life where you discover and build your connection to Knowledge, the deeper spiritual mind that God has placed within you to guide and protect you. This journey of awakening and return will bring you back to your original purpose for entering the world, the memory of those who sent you and the greater contribution you are meant to provide.<\/p>\n<p>Here a sacred process begins that has the power to free you from the past and prepare you for a new and greater life in the future.<\/p>\n<p>Each chapter of <em>The Journey to a New Life<\/em> is a revelation given from the Source, compiled into this text by the Messenger <a href=\"\/gods-messenger\">Marshall Vian Summers<\/a>.<\/p>\n<p><em>The Journey to a New Life is the fifth book of <a href=\"\/the-message\/volume-1\">Volume 1<\/a>\u00a0of The New Message from God.<\/em><\/p>\n<p style=\"text-align: left;\"><div class=\"toggle toggle-white\"><h4 class=\"trigger \"><span class=\"t_ico\"><\/span><a href=\"#\">More about the volumes of the New Message from God<\/a><\/h4><div class=\"toggle_container \"><br \/>\n<div data-post-id='24520' class='insert-page insert-page-24520 '><\/div><br \/>\n<\/div><\/div>\n<div class=\"background-color-bridesmaid padding-20\">\n<h2 style=\"text-align: left;\"><span style=\"color: #525252;\">\u0130\u00e7indekiler<\/span><\/h2>\n<p><a class=\"text-color-gray-8\">Giri\u015f<\/a><br \/>\nB\u00f6l\u00fcm 1: <a href=\"https:\/\/www.v6.newmessage.org\/tr\/the-message\/volume-1\/the-new-life\/the-awakening\/\">Uyan\u0131\u015f<\/a><br \/>\nB\u00f6l\u00fcm 2: <a href=\"https:\/\/www.v6.newmessage.org\/tr\/the-message\/volume-1\/the-new-life\/the-freedom-journey\/\">\u00d6zg\u00fcrl\u00fck Yolculu\u011fu<\/a><br \/>\nB\u00f6l\u00fcm 3: <a href=\"https:\/\/www.v6.newmessage.org\/tr\/the-message\/volume-1\/the-new-life\/the-prison\/\">Hapishane<\/a><br \/>\nB\u00f6l\u00fcm 4: <a href=\"https:\/\/www.v6.newmessage.org\/tr\/the-message\/volume-1\/the-new-life\/the-revolution\/\">Devrim<\/a><br \/>\nB\u00f6l\u00fcm 5: <a href=\"https:\/\/www.v6.newmessage.org\/tr\/the-message\/volume-1\/the-new-life\/the-turning-point\/\">D\u00f6n\u00fcm Noktas\u0131<\/a><br \/>\nB\u00f6l\u00fcm 6: <a href=\"https:\/\/www.newmessage.org\/tr\/the-message\/volume-1\/the-new-life\/the-gift-of-a-new-life\/\">Yeni Bir Ya\u015fam Hediyesi<\/a><br \/>\nB\u00f6l\u00fcm 7: <a href=\"https:\/\/www.newmessage.org\/tr\/the-message\/volume-1\/the-new-life\/the-journey-to-a-new-life\/\">Yeni Bir Hayata Yolculuk<\/a><br \/>\nB\u00f6l\u00fcm 8: <a href=\"https:\/\/www.v6.newmessage.org\/tr\/the-message\/volume-1\/the-new-life\/your-purpose-and-destiny\/\">Amac\u0131n\u0131z ve Kaderiniz<\/a><br \/>\nB\u00f6l\u00fcm 9: <a href=\"https:\/\/www.v6.newmessage.org\/tr\/the-message\/volume-1\/the-new-life\/bridge-new-life\/\">Yeni Bir Hayata K\u00f6pr\u00fc Kurmak<\/a><br \/>\nB\u00f6l\u00fcm 10: Cesaret ve Haz\u0131rlanma \u0130radesi<br \/>\nB\u00f6l\u00fcm 11: G\u00fc\u00e7 ve Diren\u00e7 Geli\u015ftirmek<br \/>\nB\u00f6l\u00fcm 12: D\u00fcnyada Daha B\u00fcy\u00fck Bir Role Haz\u0131rlanmak<br \/>\nB\u00f6l\u00fcm 13: B\u00fcy\u00fck Ger\u00e7ek<br \/>\nB\u00f6l\u00fcm 14: Daha B\u00fcy\u00fck Bir Ama\u00e7 i\u00e7in Buradas\u0131n\u0131z<\/p>\n<\/div>\n","protected":false},"excerpt":{"rendered":"<p>The Journey to a New Life opens before you the journey to discovering your higher purpose and greater relationships in life. With this, The Journey to a New Life reveals the true cause of the inner confusion, isolation and suffering felt by people around the world and the pathway of resolution that the Creator of\u2026 <a class=\"read-more\" href=\"https:\/\/www.v6.newmessage.org\/tr\/the-message\/volume-1\/the-new-life\/\"><span>Read More<\/span><\/a><\/p>\n","protected":false},"author":22,"featured_media":0,"parent":16287,"menu_order":0,"comment_status":"closed","ping_status":"closed","template":"template-leftsidebar.php","meta":{"_monsterinsights_skip_tracking":false,"_monsterinsights_sitenote_active":false,"_monsterinsights_sitenote_note":"","_monsterinsights_sitenote_category":0,"footnotes":""},"categories":[462,460],"tags":[609,778],"_links":{"self":[{"href":"https:\/\/www.v6.newmessage.org\/tr\/wp-json\/wp\/v2\/pages\/27026"}],"collection":[{"href":"https:\/\/www.v6.newmessage.org\/tr\/wp-json\/wp\/v2\/pages"}],"about":[{"href":"https:\/\/www.v6.newmessage.org\/tr\/wp-json\/wp\/v2\/types\/page"}],"author":[{"embeddable":true,"href":"https:\/\/www.v6.newmessage.org\/tr\/wp-json\/wp\/v2\/users\/22"}],"replies":[{"embeddable":true,"href":"https:\/\/www.v6.newmessage.org\/tr\/wp-json\/wp\/v2\/comments?post=27026"}],"version-history":[{"count":22,"href":"https:\/\/www.v6.newmessage.org\/tr\/wp-json\/wp\/v2\/pages\/27026\/revisions"}],"predecessor-version":[{"id":28383,"href":"https:\/\/www.v6.newmessage.org\/tr\/wp-json\/wp\/v2\/pages\/27026\/revisions\/28383"}],"up":[{"embeddable":true,"href":"https:\/\/www.v6.newmessage.org\/tr\/wp-json\/wp\/v2\/pages\/16287"}],"wp:attachment":[{"href":"https:\/\/www.v6.newmessage.org\/tr\/wp-json\/wp\/v2\/media?parent=27026"}],"wp:term":[{"taxonomy":"category","embeddable":true,"href":"https:\/\/www.v6.newmessage.org\/tr\/wp-json\/wp\/v2\/categories?post=27026"},{"taxonomy":"post_tag","embeddable":true,"href":"https:\/\/www.v6.newmessage.org\/tr\/wp-json\/wp\/v2\/tags?post=27026"}],"curies":[{"name":"wp","href":"https:\/\/api.w.org\/{rel}","templated":true}]}}