{"id":22380,"date":"2015-08-21T04:45:58","date_gmt":"2015-08-21T04:45:58","guid":{"rendered":"http:\/\/www.newmessage.org\/?page_id=22380"},"modified":"2019-01-16T00:47:19","modified_gmt":"2019-01-16T00:47:19","slug":"important-terms","status":"publish","type":"page","link":"https:\/\/www.v6.newmessage.org\/tr\/important-terms\/","title":{"rendered":"\u00d6nemli Terimler"},"content":{"rendered":"<p>Tanr\u0131&#8217;dan Gelen Yeni Mesaj, d\u00fcnyam\u0131z\u0131n insanl\u0131k tarihinin ve evriminin en b\u00fcy\u00fck e\u015fi\u011finde durdu\u011funu ortaya koymaktad\u0131r. Bu e\u015fikte, Tanr\u0131&#8217;n\u0131n Yeni Mesaj\u0131 geldi. Hen\u00fcz fark\u0131nda olmad\u0131\u011f\u0131m\u0131z ve haz\u0131rl\u0131ks\u0131z oldu\u011fumuz d\u00fcnyaya yakla\u015fan de\u011fi\u015fiklikleri ve d\u00fcnyam\u0131z\u0131n \u00f6tesinde, B\u00fcy\u00fck Camiadaki  kaderimizi ortaya \u00e7\u0131kar\u0131yor.<\/p>\n<p>Burada Vahiy, belirli tan\u0131d\u0131k terimleri daha geni\u015f bir ba\u011flamda terimleri yeniden tan\u0131mlamakta, ve insanl\u0131k ailesi i\u00e7in yeni olan di\u011fer terimleri ortaya koymaktad\u0131r. Yeni Mesaj\u0131n metinlerini okurken bu terimleri anlamak \u00f6nemlidir.<br \/>\n<a name=\"god\"><\/a><br \/>\n<strong>Tanr\u0131<\/strong>, Yeni Mesajda, t\u00fcm ya\u015fam\u0131n Kayna\u011f\u0131 ve evrendeki say\u0131s\u0131z \u0131rk\u0131n Yarat\u0131c\u0131s\u0131 olarak ortaya \u00e7\u0131kar. Burada Tanr\u0131&#8217;n\u0131n b\u00fcy\u00fck ger\u00e7ekli\u011fi, bu d\u00fcnyadaki t\u00fcm ya\u015fam\u0131n ve evrendeki b\u00fct\u00fcn ya\u015fam\u0131n geni\u015fletilmi\u015f ba\u011flam\u0131nda a\u00e7\u0131\u011fa \u00e7\u0131kar\u0131l\u0131r. Bu daha geni\u015f ba\u011flamda, Tanr\u0131 ve Tanr\u0131&#8217;n\u0131n G\u00fc\u00e7 ve Varl\u0131\u011f\u0131n\u0131n anlay\u0131\u015f\u0131m\u0131z\u0131n i\u00e7eri\u011fini ya\u015famlar\u0131m\u0131zda yeniden tan\u0131mlamaktad\u0131r. Yeni Mesaj, Tanr\u0131&#8217;n\u0131n d\u00fcnyam\u0131zda ne yapt\u0131\u011f\u0131n\u0131 anlamak i\u00e7in, Tanr\u0131&#8217;n\u0131n t\u00fcm evrende ne yapt\u0131\u011f\u0131n\u0131 anlamal\u0131y\u0131z demektedir. Bu, ilk kez Tanr\u0131&#8217;dan Yeni Mesaj ile ortaya \u00e7\u0131k\u0131yor. Yeni Mesajda, Tanr\u0131 bir \u015fahsiyet ya da tekil bir fark\u0131ndal\u0131k de\u011fil, onun yerine t\u00fcm teolojinin ve dini anlay\u0131\u015f\u0131n s\u0131n\u0131rl\u0131 s\u0131n\u0131rlar\u0131n\u0131n \u00f6tesinde var olan t\u00fcm ya\u015fama n\u00fcfuz eden yayg\u0131n bir g\u00fc\u00e7 ve ger\u00e7ekliktir. Tanr\u0131, her bireyin i\u00e7inde ya\u015fayan \u0130lim g\u00fcc\u00fcyle onlar\u0131n en derin k\u0131sm\u0131na konu\u015fur.<br \/>\n<a name=\"separation\"><\/a><br \/>\n<strong>Ayr\u0131l\u0131k, <\/strong>s\u00fcrekli devam eden, Tanr\u0131\u2019dan ayr\u0131 kalma durumu ve ko\u015fuludur. Ayr\u0131l\u0131k, Yarat\u0131l\u0131\u015f\u0131n bir k\u0131sm\u0131, Ayr\u0131l\u0131k durumunda ya\u015famak i\u00e7in Tanr\u0131&#8217;dan ayr\u0131 olma \u00f6zg\u00fcrl\u00fc\u011f\u00fcne sahip olmay\u0131 istedikten sonra ba\u015flad\u0131. Sonu\u00e7 olarak, Tanr\u0131, evrim ge\u00e7iren d\u00fcnyam\u0131z\u0131 ve geni\u015fleyen evreni, Ayr\u0131lanlar\u0131n birbirinden farkl\u0131 bi\u00e7imlerde ve yerlerde ya\u015famas\u0131 i\u00e7in yaratt\u0131. Ayr\u0131l\u0131ktan \u00f6nce, t\u00fcm ya\u015fam zamans\u0131z saf bir birlik halindeydi. \u0130\u015fte, Ayr\u0131l\u0131kta ya\u015fayan herkesin hizmet, yard\u0131mla\u015fma ve \u0130limi ke\u015ffi ile d\u00f6nece\u011fi \u015fey, Tanr\u0131 ile as\u0131l olan bu birliktir. Tanr\u0131\u2019n\u0131n d\u00fcnyam\u0131zda ve t\u00fcm evrendeki amac\u0131 herkesin Tanr\u0131 ile hala ba\u011flant\u0131daki par\u00e7as\u0131 olan \u0130lim vas\u0131tas\u0131yla Ayr\u0131lanlar\u0131 geri kazanmakt\u0131r.<br \/>\n<a name=\"knowledge\"><\/a><br \/>\n<strong>\u0130lim, <\/strong> herkesin i\u00e7inde ke\u015ffedilmeyi bekleyen derin manevi ak\u0131l ve zekad\u0131r. \u0130lim, hi\u00e7bir zaman Tanr\u0131&#8217;y\u0131 terk etmemi\u015f olan ebedi par\u00e7am\u0131z\u0131 temsil eder. Tanr\u0131dan Gelen Yeni Mesaj\u0131n ortaya \u00e7\u0131karmak i\u00e7in burada oldu\u011fu \u0130lim, Yeni Mesajda, insanl\u0131k i\u00e7in b\u00fcy\u00fck bir umut olarak ve her insan\u0131n kalbindeki i\u00e7sel g\u00fc\u00e7 olarak bahsedilir. \u0130lim akl\u0131n \u00f6tesinde mevcuttur. \u0130lmin tek ba\u015f\u0131na her birimize, ya\u015fam\u0131m\u0131zdaki y\u00fcce ama\u00e7 ve kaderimiz olan ili\u015fkilere do\u011fru rehberlik etme g\u00fcc\u00fc vard\u0131r.<br \/>\n<a name=\"aa\"><\/a><br \/>\n<strong>Melekler Meclisi <\/strong>d\u00fcnyam\u0131z\u0131 g\u00f6zeten y\u00fcce Melekler Varl\u0131\u011f\u0131d\u0131r. Bu Tanr\u0131 taraf\u0131ndan, evrendeki b\u00fct\u00fcn ayr\u0131l\u0131k durumunda olan ya\u015fam\u0131n geri kazan\u0131lmas\u0131n\u0131 ve geri d\u00f6n\u00fc\u015f\u00fcn\u00fc g\u00f6zetmek i\u00e7in kurulmu\u015f bir ili\u015fki ve hizmet hiyerar\u015fisinin bir b\u00f6l\u00fcm\u00fcd\u00fcr. Canl\u0131 ya\u015fam\u0131n oldu\u011fu her d\u00fcnya bir Melekler Meclisi taraf\u0131ndan g\u00f6zetilir. D\u00fcnyam\u0131za g\u00f6zeten Meclis, zaman\u0131m\u0131z i\u00e7in Tanr\u0131&#8217;n\u0131n Vahyini, Tanr\u0131&#8217;dan Gelen Yeni Mesaj ile ortaya koyup, insan dili ve anlay\u0131\u015f\u0131na \u00e7evirdi. Melekler Meclisi terimi Melekler ve Melek Varl\u0131\u011f\u0131 terimleriyle e\u015f anlaml\u0131d\u0131r.<br \/>\n<a name=\"nmfg\"><\/a><br \/>\n<strong>Tanr\u0131\u2019dan Gelen Yeni Mesaj<\/strong>, hem zaman\u0131m\u0131z hem de gelecek zamanlar i\u00e7in, Tanr\u0131\u2019n\u0131n d\u00fcnya insanlar\u0131na verdi\u011fi \u00f6zg\u00fcn bir Vahiy ve ileti\u015fimdir. Yeni Mesaj, t\u00fcm ya\u015fam\u0131n Yarat\u0131c\u0131s\u0131ndan t\u00fcm uluslardan ve dinlerden insanlara bir arma\u011fan ve Tanr\u0131&#8217;n\u0131n \u0130radesini ve \u0130nsanl\u0131k ailesi i\u00e7in bir sonraki b\u00fcy\u00fck Plan&#8217;\u0131n\u0131 temsil eder. Yeni Mesaj 9000&#8217;in \u00fczerinde sayfadan olu\u015fuyor ve k\u00fcresel haberle\u015fmenin ve b\u00fcy\u00fcyen k\u00fcresel fark\u0131ndal\u0131\u011f\u0131n oldu\u011fu g\u00fcn\u00fcm\u00fcz okur yazar d\u00fcnyas\u0131na verilen verilen d\u00fcnyan\u0131n en b\u00fcy\u00fck Vahiy&#8217;idir. Yeni Mesaj, herhangi bir ge\u00e7mi\u015f gelene\u011fin bir dal\u0131 veya reformasyonu de\u011fildir. Ya\u015fam dolu bir evrende B\u00fcy\u00fck Camiaya kat\u0131lman\u0131n e\u015fi\u011finde olan ve d\u00fcnyas\u0131nda b\u00fcy\u00fck istikrars\u0131zl\u0131k ve \u00e7alkant\u0131larla kar\u015f\u0131 kar\u015f\u0131ya kalan insanl\u0131k i\u00e7in Tanr\u0131&#8217;dan Gelen Yeni Bir Mesajd\u0131r.<br \/>\n<a name=\"voice\"><\/a><br \/>\n<strong>Vahyin Sesi<\/strong>, Melekler Meclisi&#8217;nin birle\u015fik sesidir ve bu g\u00f6rev i\u00e7in d\u00fcnyaya g\u00f6nderilen bir El\u00e7i arac\u0131l\u0131\u011f\u0131yla Tanr\u0131\u2019n\u0131n mesaj\u0131n\u0131 iletir. Burada Meclis, bir \u00e7ok sesi tek bir ki\u015fi olarak konu\u015fur. Tarihte ilk kez, Tanr\u0131\u2019n\u0131n El\u00e7isi arac\u0131l\u0131\u011f\u0131yla konu\u015fan Vahy&#8217;in Sesi\u2019nin sesini duyabiliyorsunuz. Ge\u00e7mi\u015fte b\u00fct\u00fcn Tanr\u0131&#8217;n\u0131n El\u00e7iler ile konu\u015fmu\u015f olan bu Sestir. Vahiy S\u00f6z\u00fc ve Sesi, yeniden d\u00fcnyadad\u0131r.<br \/>\n<a name=\"messenger\"><\/a><br \/>\n<strong>El\u00e7i<\/strong>, Tanr\u0131&#8217;dan Gelen Yeni Mesaj\u0131 almak i\u00e7in Melekler Meclisi taraf\u0131ndan se\u00e7ilen, haz\u0131rlanan ve d\u00fcnyaya g\u00f6nderilen ki\u015fidir. Bu sefer i\u00e7in El\u00e7i Marshall Vian Summers\u2019d\u0131r. D\u00fcnyada hi\u00e7 bir makam\u0131 olmayan al\u00e7ak g\u00f6n\u00fcll\u00fc bu adam hayat\u0131ndaki bu \u00f6nemli rol\u00fc ve amac\u0131 ger\u00e7ekle\u015ftirebilmek i\u00e7in uzun ve zorlu bir haz\u0131rl\u0131k safhas\u0131ndan ge\u00e7mi\u015ftir. Tanr\u0131\u2019n\u0131n kat\u0131ks\u0131z Vahyini almak, korumak ve d\u00fcnyaya sunmak i\u00e7in b\u00fcy\u00fck bir y\u00fck, sorumluluk ve l\u00fctufla vazifelendirilmi\u015ftir. Tanr\u0131\u2019n\u0131n El\u00e7ilerinden, ak\u0131ll\u0131 ya\u015fam ile dolu olan evreni B\u00fcy\u00fck Camia ger\u00e7ekli\u011fini ortaya \u00e7\u0131kartan ilk ki\u015fidir. El\u00e7i, otuz y\u0131l\u0131 a\u015fk\u0131n bir s\u00fcredir Vahiy s\u00fcreci ile me\u015fguld\u00fcr. \u015eu an d\u00fcnyada ve hayattad\u0131r.<br \/>\n<a name=\"seal\"><\/a><br \/>\n<strong>Peygamberlerin M\u00fchr\u00fc<\/strong>, bir El\u00e7i\u2019nin ya\u015fam\u0131n\u0131n sonunda Tanr\u0131 taraf\u0131ndan kurulan bir m\u00fch\u00fcrd\u00fcr. Vahy&#8217;i, Tanr\u0131\u2019n\u0131n ileti\u015fimine ilaveler ya da de\u011fi\u015fime kar\u015f\u0131 koruyarak, safl\u0131kla m\u00fch\u00fcrler. Peygamberlerin M\u00fchr\u00fc sadece Tanr\u0131 taraf\u0131ndan kurulur ve sadece Tanr\u0131, insanl\u0131\u011f\u0131n evriminde ve ortaya \u00e7\u0131kaca\u011f\u0131 e\u015fiklerde, Tanr\u0131&#8217;n\u0131n yeniden konu\u015fmay\u0131 se\u00e7ti\u011fi zaman tek ba\u015f\u0131na k\u0131rabilir.<br \/>\n<a name=\"presence\"><\/a><br \/>\n<strong>Mevcudiyet<\/strong>, birey i\u00e7indeki \u0130lmin varl\u0131\u011f\u0131n\u0131, Melekler Meclisi&#8217;nin varl\u0131\u011f\u0131n\u0131 veya nihai olarak Tanr\u0131&#8217;n\u0131n Varl\u0131\u011f\u0131n\u0131 ifade edebilir. Bu \u00fc\u00e7 ger\u00e7ekli\u011fin varl\u0131\u011f\u0131, ya\u015famdaki gizemleri izleyerek ve Tanr\u0131&#8217;n\u0131n ge\u00e7mi\u015f Vahiylerinden birini ya da Tanr\u0131&#8217;n\u0131n D\u00fcnya i\u00e7in Yeni Vahy&#8217;ini \u00f6\u011frenerek ve uygulayarak bulabilece\u011finiz, ya\u015fam\u0131 de\u011fi\u015ftiren bir l\u00fctuf ve ili\u015fki deneyimi sunar. Yeni Vahiy, hayat\u0131n\u0131zda bu Varl\u0131\u011f\u0131n g\u00fcc\u00fcn\u00fc deneyimlemek i\u00e7in modern bir yol sunuyor.<br \/>\n<a name=\"stk\"><\/a><br \/>\n<strong>\u0130lime Giden Ad\u0131mlar<\/strong>, Tanr\u0131 taraf\u0131ndan d\u00fcnyaya \u015fimdi ilk kez verilen kadim bir manevi uygulama kitab\u0131d\u0131r. Bu gizemli yolculu\u011fa \u00e7\u0131kan her bir ki\u015fi, ya\u015famlar\u0131ndaki y\u00fcce ama\u00e7lar\u0131na ve \u00e7a\u011fr\u0131lar\u0131na ula\u015fmalar\u0131na yol a\u00e7acak olan \u0130lmin g\u00fcc\u00fcn\u00fcn ke\u015ffine ve derin bir i\u00e7sel bilmeye y\u00f6neltilmi\u015ftir.<br \/>\n<a name=\"gc\"><\/a><br \/>\n<strong>B\u00fcy\u00fck Camia, <\/strong>d\u00fcnyam\u0131z\u0131n her zaman i\u00e7inde var oldu\u011fu hayatla dolu olan b\u00fcy\u00fck evrendir. B\u00fcy\u00fck Camia, evrendeki her t\u00fcrl\u00fc geli\u015fme ve evrim a\u015famas\u0131nda olan ak\u0131ll\u0131 canl\u0131lar\u0131n bulundu\u011fu t\u00fcm gezegenleri kapsar. Yeni Mesaj, insanl\u0131\u011f\u0131n geli\u015fiminin erken ve ergen bir d\u00f6neminde oldu\u011funu ve insanl\u0131\u011f\u0131n B\u00fcy\u00fck Camia&#8217;ya girmeye haz\u0131rlanma zaman\u0131n\u0131n geldi\u011fini ortaya koymaktad\u0131r. Burada uzay\u0131n e\u015fi\u011finde duran insanl\u0131k evrende, hatta kendi d\u00fcnyas\u0131nda yaln\u0131z olmad\u0131\u011f\u0131n\u0131 ke\u015ffetti\u011fi bir yerdedir.<br \/>\n<a name=\"darkness\"><\/a><br \/>\n<strong>B\u00fcy\u00fck Karanl\u0131k<\/strong>, B\u00fcy\u00fck Camia\u2019n\u0131n baz\u0131 \u0131rklar\u0131 taraf\u0131ndan zay\u0131f ve b\u00f6l\u00fcnm\u00fc\u015f bir insanl\u0131ktan faydalanmak i\u00e7in y\u00fcr\u00fctt\u00fc\u011f\u00fc M\u00fcdahele\u2019dir. Bu, insan ailesinin, De\u011fi\u015fimin B\u00fcy\u00fck Dalgalar\u0131 kar\u015f\u0131s\u0131nda, artan bir \u00e7\u00f6k\u00fcnt\u00fc ve d\u00fczensizlik d\u00f6nemine girdi\u011fi bir zamanda ortaya \u00e7\u0131k\u0131yor. M\u00fcdahale, kendini iyi niyetli ve kurtar\u0131c\u0131 bir g\u00fc\u00e7 olarak sunarken, ger\u00e7ekte nihai hedefi, insan \u00f6zg\u00fcrl\u00fc\u011f\u00fcn\u00fc ve kendi kaderini tayin etme g\u00fcc\u00fcn\u00fcn alt\u0131n\u0131 oymak ve d\u00fcnya ile kaynaklar\u0131n\u0131 kontrol alt\u0131na almakt\u0131r. Yeni Mesaj, M\u00fcdahalenin, giderek artan karga\u015fa, \u00e7at\u0131\u015fma ve savunmas\u0131zl\u0131k zaman\u0131nda olan insanlar\u0131n ak\u0131llar\u0131nda ve kalplerinde etkisini gizlice kurmaya \u00e7al\u0131\u015ft\u0131\u011f\u0131n\u0131 ortaya koymaktad\u0131r. Bu d\u00fcnyan\u0131n yerli halklar\u0131 olarak, bu M\u00fcdahaleye kar\u015f\u0131 \u00e7\u0131kmaya, ba\u015fkalar\u0131n\u0131 uyarmaya ve e\u011fitmeye, b\u00f6ylece insan ailesini b\u00fcy\u00fck bir ortak ama\u00e7 do\u011frultusunda birle\u015ftirmeye ve D\u00fcnyam\u0131z\u0131, B\u00fcy\u00fck Camiadaki ya\u015fam\u0131n zorluklar\u0131na ve f\u0131rsatlar\u0131na haz\u0131rlamaya davet ediyoruz.<br \/>\n<a name=\"gwoc\"><\/a><br \/>\n<strong>De\u011fi\u015fimin B\u00fcy\u00fck Dalgalar\u0131,<\/strong> \u015fu anda d\u00fcnyaya yakla\u015fan g\u00fc\u00e7l\u00fc \u00e7evresel, ekonomik ve sosyal g\u00fc\u00e7ler k\u00fcmesidir. B\u00fcy\u00fck Dalgalar, insanl\u0131\u011f\u0131n d\u00fcnyay\u0131, \u00e7evresini ve kaynaklar\u0131n\u0131 yanl\u0131\u015f a\u015f\u0131r\u0131 d\u00fczeydeki kullan\u0131m\u0131n\u0131n\u0131n bir sonucudur. B\u00fcy\u00fck Dalgalar, d\u00fcnyan\u0131n y\u00fcz\u00fcn\u00fc b\u00fcy\u00fck \u00f6l\u00e7\u00fcde de\u011fi\u015ftirmeye, ekonomik istikrars\u0131zl\u0131\u011fa, kontrolden \u00e7\u0131km\u0131\u015f iklim de\u011fi\u015fikli\u011fine, \u015fiddetli havaya ve tar\u0131m arazisi ve tatl\u0131 su kaynaklar\u0131n\u0131n kayb\u0131na yol a\u00e7arak, b\u00fcy\u00fck bir zorluk ve insan \u0131st\u0131rab\u0131na sahip bir d\u00fcnya yaratma g\u00fcc\u00fcne sahiptir. B\u00fcy\u00fck Dalgalar d\u00fcnyan\u0131n sonu ya da k\u0131yamet olay\u0131 de\u011fil, bunun yerine yeni bir d\u00fcnya durumuna ge\u00e7i\u015f d\u00f6nemidir. Yeni Mesaj, d\u00fcnya i\u00e7in neyin geldi\u011fini ve yeterince insan taraf\u0131ndan yap\u0131lmas\u0131 gereken b\u00fcy\u00fck bir haz\u0131rl\u0131\u011f\u0131 ortaya koyuyor. \u0130nsanl\u0131\u011f\u0131 \u015fimdi, insan medeniyetinin muhafaza ve himayesi gereklili\u011finden do\u011fan birlikteli\u011fe ve i\u015fbirli\u011fine \u00e7a\u011f\u0131r\u0131yor.<br \/>\n<a name=\"me\"><\/a><br \/>\n<strong>Zihinsel Ortam<\/strong>, fiziksel ortama paralel olarak var olan bir d\u00fc\u015f\u00fcnce ve duygu ortam\u0131d\u0131r. Zihinsel ortam, \u0130limle g\u00fc\u00e7l\u00fc hale gelene kadar bize hakim olabilecek, d\u00fc\u015f\u00fcncemizi ve duygular\u0131m\u0131z\u0131 etkileyen g\u00fc\u00e7ler i\u00e7erir.<br \/>\n<a name=\"purpose\"><\/a><br \/>\n<strong>Y\u00fcksek Ama\u00e7<\/strong>, her insan\u0131n d\u00fcnyaya yapaca\u011f\u0131 \u00f6zel katk\u0131y\u0131 ve bu amac\u0131n ger\u00e7ekle\u015ftirilmesini sa\u011flayacak \u00f6zel ili\u015fkiler demektir. Bireylerin i\u00e7indeki \u0130lim, onlar\u0131n y\u00fcksek ama\u00e7lar\u0131n\u0131 ve kaderlerini bulundurur. Sadece ak\u0131l taraf\u0131ndan tespit edilemez. Tam olarak ger\u00e7ekle\u015fmesi i\u00e7in ke\u015ffedilmeli, takip edilmeli ve ba\u015fkalar\u0131na hizmet \u015feklinde sunulmal\u0131d\u0131r. D\u00fcnyan\u0131n, bu y\u00fcksek amac\u0131n daha \u00f6nce hi\u00e7 olmad\u0131\u011f\u0131 kadar \u00e7ok insan taraf\u0131ndan g\u00f6sterilmesine ihtiyac\u0131 var.<br \/>\n<a name=\"family\"><\/a><br \/>\n<strong>Manevi Aile,<\/strong> Tanr\u0131\u2019ya nihai d\u00f6n\u00fc\u015f\u00fcm\u00fczle sonu\u00e7lanacak, t\u00fcm bireylerin beraber daha y\u00fcce bir birlik ve ili\u015fki i\u00e7inde \u00e7al\u0131\u015fmas\u0131n\u0131 m\u00fcmk\u00fcn k\u0131lan, uzun bir zaman diliminde \u00fcstlenilen ve Ayr\u0131l\u0131k\u2019tan sonra yarat\u0131lan k\u00fc\u00e7\u00fck \u00e7al\u0131\u015fma gruplar\u0131n\u0131 temsil ediyor. Manevi Ailemiz, Ayr\u0131l\u0131k s\u00fcresince yolculu\u011fumuz s\u0131ras\u0131nda \u0130lim arac\u0131l\u0131\u011f\u0131yla geri kazand\u0131\u011f\u0131m\u0131z ili\u015fkileri temsil eder. Manevi Ailemizin baz\u0131 \u00fcyeleri d\u00fcnyada ve baz\u0131lar\u0131 d\u00fcnyan\u0131n \u00f6tesindedir. Manevi Aileler, Ayr\u0131l\u0131kta ya\u015fayan herkesi \u00f6zg\u00fcrle\u015ftirmek ve yeniden bir araya getirmek i\u00e7in Tanr\u0131\u2019n\u0131n Gizemli Plan\u0131n\u0131n bir par\u00e7as\u0131d\u0131r.<br \/>\n<a name=\"home\"><\/a><br \/>\n<strong>Kadim Evimiz<\/strong><br \/>\nKadim Evimiz, Manevi Ailemiz, Meclis ve Tanr\u0131 ile bir ba\u011flant\u0131 ve ili\u015fki halidir. Bazen Cennet diye de\u011finilen Kadim Evimiz, d\u00fcnyaya girmeden \u00f6nce sahip oldu\u011fumuz ve bu hayattan sonra geri d\u00f6nece\u011fimiz bir fark\u0131ndal\u0131k ve ili\u015fki durumudur.<\/p>\n","protected":false},"excerpt":{"rendered":"<p>Tanr\u0131&#8217;dan Gelen Yeni Mesaj, d\u00fcnyam\u0131z\u0131n insanl\u0131k tarihinin ve evriminin en b\u00fcy\u00fck e\u015fi\u011finde durdu\u011funu ortaya koymaktad\u0131r. Bu e\u015fikte, Tanr\u0131&#8217;n\u0131n Yeni Mesaj\u0131 geldi. Hen\u00fcz fark\u0131nda olmad\u0131\u011f\u0131m\u0131z ve haz\u0131rl\u0131ks\u0131z oldu\u011fumuz d\u00fcnyaya yakla\u015fan de\u011fi\u015fiklikleri ve d\u00fcnyam\u0131z\u0131n \u00f6tesinde, B\u00fcy\u00fck Camiadaki kaderimizi ortaya \u00e7\u0131kar\u0131yor. Burada Vahiy, belirli tan\u0131d\u0131k terimleri daha geni\u015f bir ba\u011flamda terimleri yeniden tan\u0131mlamakta, ve insanl\u0131k ailesi i\u00e7in yeni\u2026 <a class=\"read-more\" href=\"https:\/\/www.v6.newmessage.org\/tr\/important-terms\/\"><span>Read More<\/span><\/a><\/p>\n","protected":false},"author":32,"featured_media":0,"parent":0,"menu_order":12,"comment_status":"closed","ping_status":"closed","template":"template-leftsidebar.php","meta":{"_monsterinsights_skip_tracking":false,"_monsterinsights_sitenote_active":false,"_monsterinsights_sitenote_note":"","_monsterinsights_sitenote_category":0,"footnotes":""},"categories":[],"tags":[254,784],"_links":{"self":[{"href":"https:\/\/www.v6.newmessage.org\/tr\/wp-json\/wp\/v2\/pages\/22380"}],"collection":[{"href":"https:\/\/www.v6.newmessage.org\/tr\/wp-json\/wp\/v2\/pages"}],"about":[{"href":"https:\/\/www.v6.newmessage.org\/tr\/wp-json\/wp\/v2\/types\/page"}],"author":[{"embeddable":true,"href":"https:\/\/www.v6.newmessage.org\/tr\/wp-json\/wp\/v2\/users\/32"}],"replies":[{"embeddable":true,"href":"https:\/\/www.v6.newmessage.org\/tr\/wp-json\/wp\/v2\/comments?post=22380"}],"version-history":[{"count":21,"href":"https:\/\/www.v6.newmessage.org\/tr\/wp-json\/wp\/v2\/pages\/22380\/revisions"}],"predecessor-version":[{"id":27629,"href":"https:\/\/www.v6.newmessage.org\/tr\/wp-json\/wp\/v2\/pages\/22380\/revisions\/27629"}],"wp:attachment":[{"href":"https:\/\/www.v6.newmessage.org\/tr\/wp-json\/wp\/v2\/media?parent=22380"}],"wp:term":[{"taxonomy":"category","embeddable":true,"href":"https:\/\/www.v6.newmessage.org\/tr\/wp-json\/wp\/v2\/categories?post=22380"},{"taxonomy":"post_tag","embeddable":true,"href":"https:\/\/www.v6.newmessage.org\/tr\/wp-json\/wp\/v2\/tags?post=22380"}],"curies":[{"name":"wp","href":"https:\/\/api.w.org\/{rel}","templated":true}]}}