{"id":22376,"date":"2015-08-21T04:41:41","date_gmt":"2015-08-21T04:41:41","guid":{"rendered":"http:\/\/www.newmessage.org\/?page_id=22376"},"modified":"2019-04-08T04:49:03","modified_gmt":"2019-04-08T04:49:03","slug":"about-the-process-of-revelation","status":"publish","type":"page","link":"https:\/\/www.v6.newmessage.org\/tr\/about-the-process-of-revelation\/","title":{"rendered":"Vahiy S\u00fcreci Hakk\u0131nda"},"content":{"rendered":"<p><a href=\"\/\/www.newmessage.org\/wp-content\/uploads\/2015\/08\/Volume-1-CD-Cover1.jpg\"><img loading=\"lazy\" decoding=\"async\" class=\"imgborder alignright \" src=\"\/\/www.newmessage.org\/wp-content\/uploads\/2015\/08\/Volume-1-CD-Cover1-172x300.jpg\" alt=\"The New Message from God\" width=\"250\" height=\"435\" \/><\/a><\/p>\n<p>Tanr\u0131\u2019dan Gelen Yeni Mesaj\u0131n metinleri, \u00f6zg\u00fcn olarak <u><a href=\"https:\/\/www.newmessage.org\/tr\/important-terms\/#aa\">Melekler Meclisi<\/a><\/u>\u2019nin sesinin El\u00e7i Marshall Vian Summer\u2019\u0131n vas\u0131tas\u0131yla konu\u015fulmas\u0131d\u0131r. \u0130lahi Vahyin bu s\u00fcreci 1983 y\u0131l\u0131ndan beri ger\u00e7ekle\u015fiyor. Vahiy bug\u00fcne kadar devam etmektedir.<\/p>\n<p>Burada, kelimelerin \u00f6tesinde var olan Tanr\u0131&#8217;n\u0131n \u00f6zg\u00fcn ileti\u015fimi, d\u00fcnyay\u0131 g\u00f6zeten <u><a href=\"https:\/\/www.newmessage.org\/tr\/important-terms\/#aa\">Melekler Meclisi<\/a><\/u> taraf\u0131ndan insan diline ve anlay\u0131\u015f\u0131na \u00e7evrilir. Meclis, daha sonra ses olarak anr\u0131\u2019n\u0131n Mesaj\u0131n\u0131 El\u00e7i\u2019nin vas\u0131tas\u0131yla konu\u015fur. Kaydedilen, yaz\u0131ya d\u00f6k\u00fclen ve vahiy metinlerinin haz\u0131r bulundu\u011fu geni\u015f k\u00fct\u00fcphanede, <u><a href=\"about:blank\">www.NewMessage.org<\/a><\/u> da sunulur.<\/p>\n<p>Bununla beraber, tarihte ilk defa, <u><a href=\"https:\/\/www.newmessage.org\/tr\/important-terms#voice\">Vahyin Sesi<\/a><\/u>&#8216;nin \u00f6zg\u00fcn kay\u0131tlar\u0131n\u0131 yani ge\u00e7mi\u015fin el\u00e7i ve peygamberlerine konu\u015fan ve \u015fu an Yeni El\u00e7i\u2019ye konu\u015fan Ses\u2019i dinleyebilirsiniz. Vahyin as\u0131l kay\u0131tlar\u0131 yakalanmam\u0131\u015f ve saf haliyle sunulmam\u0131\u015ft\u0131r.<\/p>\n<p>S\u00f6z ve Ses \u015fu an d\u00fcnyadad\u0131r. Tarihte ilk kez, siz ve t\u00fcm insanlar,<u><a href=\"https:\/\/www.newmessage.org\/tr\/important-terms#voice\"> Vahiy&#8217;in orijinal Sesi<\/a><\/u>&#8216;nin kayd\u0131n\u0131 duyabilirsiniz. Bu Ses, bir bireyin sesi de\u011fil, b\u00fct\u00fcn <u><a href=\"https:\/\/www.newmessage.org\/tr\/important-terms#aa\">Melekler Meclisi<\/a><\/u>&#8216;nin bir araya gelip tek olarak konu\u015fmas\u0131d\u0131r.<\/p>\n<p>Burada insanl\u0131k, El\u00e7i taraf\u0131ndan konu\u015fuldu\u011fu bi\u00e7imde kaydedilen, yaz\u0131ya d\u00f6k\u00fclen ve derlenen ve d\u00fcnyaya sunulan <u><a href=\"https:\/\/www.newmessage.org\/tr\/the-revelation-continues-to-this-day\/\">Tanr\u0131\u2019n\u0131n Vahyini<\/a><\/u> orijinal bir bi\u00e7imde alabilirsiniz.<\/p>\n<p>Yeni Mesaj\u0131n t\u00fcm kitaplar\u0131nda yer alan metnin kayna\u011f\u0131 olan <u><a href=\"https:\/\/www.newmessage.org\/tr\/important-terms#voice\">Vahiy Sesi<\/a><\/u>&#8216;ni duymak i\u00e7in l\u00fctfen <u><a href=\"https:\/\/www.newmessage.org\/experience\">www.NewMessage.org\/experience<\/a><\/u> adresini ziyaret edin. Sesin \u00f6zg\u00fcn ses kay\u0131tlar\u0131 \u015fimdi t\u00fcm insanlar taraf\u0131ndan kullan\u0131labilir hale getiriliyor.<\/p>\n<p>Bu Vahiy hediyesinin al\u0131c\u0131s\u0131 olas\u0131n\u0131z ve bu g\u00fc\u00e7l\u00fc mesaj\u0131 kendiniz ve hayat\u0131n\u0131z i\u00e7in almaya a\u00e7\u0131k olas\u0131n\u0131z.<\/p>\n","protected":false},"excerpt":{"rendered":"<p>Tanr\u0131\u2019dan Gelen Yeni Mesaj\u0131n metinleri, \u00f6zg\u00fcn olarak Melekler Meclisi\u2019nin sesinin El\u00e7i Marshall Vian Summer\u2019\u0131n vas\u0131tas\u0131yla konu\u015fulmas\u0131d\u0131r. \u0130lahi Vahyin bu s\u00fcreci 1983 y\u0131l\u0131ndan beri ger\u00e7ekle\u015fiyor. Vahiy bug\u00fcne kadar devam etmektedir. Burada, kelimelerin \u00f6tesinde var olan Tanr\u0131&#8217;n\u0131n \u00f6zg\u00fcn ileti\u015fimi, d\u00fcnyay\u0131 g\u00f6zeten Melekler Meclisi taraf\u0131ndan insan diline ve anlay\u0131\u015f\u0131na \u00e7evrilir. Meclis, daha sonra ses olarak anr\u0131\u2019n\u0131n Mesaj\u0131n\u0131 El\u00e7i\u2019nin\u2026 <a class=\"read-more\" href=\"https:\/\/www.v6.newmessage.org\/tr\/about-the-process-of-revelation\/\"><span>Read More<\/span><\/a><\/p>\n","protected":false},"author":32,"featured_media":0,"parent":0,"menu_order":5,"comment_status":"closed","ping_status":"closed","template":"template-leftsidebar.php","meta":{"_monsterinsights_skip_tracking":false,"_monsterinsights_sitenote_active":false,"_monsterinsights_sitenote_note":"","_monsterinsights_sitenote_category":0,"footnotes":""},"categories":[],"tags":[628,785],"_links":{"self":[{"href":"https:\/\/www.v6.newmessage.org\/tr\/wp-json\/wp\/v2\/pages\/22376"}],"collection":[{"href":"https:\/\/www.v6.newmessage.org\/tr\/wp-json\/wp\/v2\/pages"}],"about":[{"href":"https:\/\/www.v6.newmessage.org\/tr\/wp-json\/wp\/v2\/types\/page"}],"author":[{"embeddable":true,"href":"https:\/\/www.v6.newmessage.org\/tr\/wp-json\/wp\/v2\/users\/32"}],"replies":[{"embeddable":true,"href":"https:\/\/www.v6.newmessage.org\/tr\/wp-json\/wp\/v2\/comments?post=22376"}],"version-history":[{"count":20,"href":"https:\/\/www.v6.newmessage.org\/tr\/wp-json\/wp\/v2\/pages\/22376\/revisions"}],"predecessor-version":[{"id":27921,"href":"https:\/\/www.v6.newmessage.org\/tr\/wp-json\/wp\/v2\/pages\/22376\/revisions\/27921"}],"wp:attachment":[{"href":"https:\/\/www.v6.newmessage.org\/tr\/wp-json\/wp\/v2\/media?parent=22376"}],"wp:term":[{"taxonomy":"category","embeddable":true,"href":"https:\/\/www.v6.newmessage.org\/tr\/wp-json\/wp\/v2\/categories?post=22376"},{"taxonomy":"post_tag","embeddable":true,"href":"https:\/\/www.v6.newmessage.org\/tr\/wp-json\/wp\/v2\/tags?post=22376"}],"curies":[{"name":"wp","href":"https:\/\/api.w.org\/{rel}","templated":true}]}}