{"id":223,"date":"2012-05-21T22:15:49","date_gmt":"2012-05-21T22:15:49","guid":{"rendered":"http:\/\/wp.www.newmessage.org\/?p=223"},"modified":"2019-01-17T02:44:21","modified_gmt":"2019-01-17T02:44:21","slug":"what-the-world-needs-now","status":"publish","type":"page","link":"https:\/\/www.v6.newmessage.org\/tr\/about-new-message\/faq\/what-the-world-needs-now\/","title":{"rendered":"Yeni Mesaj, bana ne sormaktad\u0131r?"},"content":{"rendered":"<p>Yeni Mesaj sizden d\u00fcr\u00fcstl\u00fck, samimiyet, sorumluluk ve ba\u011fl\u0131l\u0131kla, herkesin kendi ya\u015fam\u0131n\u0131 kurmas\u0131 gerekti\u011fini her \u015feyi topluluklar, k\u00f6yler, \u015fehirler ve D\u00fcnyada uluslar\u0131 aras\u0131nda kurmas\u0131n\u0131 talep eder.<\/p>\n<p>Yeni Mesaj, kendi ve d\u00fcnyan\u0131n ihtiya\u00e7lar\u0131n\u0131 onurland\u0131rman\u0131z\u0131, t\u00fcm d\u00fcnyan\u0131n ihtiya\u00e7 duydu\u011fu ve t\u00fcm insanl\u0131\u011f\u0131n yarar\u0131na olan, yarat\u0131c\u0131n\u0131n d\u00fcnyaya g\u00f6nderdi\u011fi bereket ve haz\u0131rl\u0131\u011f\u0131n\u0131 tan\u0131man\u0131z ve alman\u0131z\u0131 istemektedir.<\/p>\n<p>Bu herkese \u00e7ok g\u00f6r\u00fcn\u00fcyorsa, o zaman onlar kendi ihtiya\u00e7lar\u0131n\u0131n fark\u0131na varamaz ve tan\u0131yamazlar. Onlar sadece ruh, g\u00f6n\u00fcl ihtiya\u00e7lar\u0131n\u0131 anlamaya gelmediler. Onlar istekleri ve korkular\u0131yla me\u015fguld\u00fcrler. Hen\u00fcz onlar, ya\u015fam ama\u00e7lar\u0131n\u0131 bulmalar\u0131 gere\u011fini tan\u0131ma noktas\u0131na ula\u015f\u0131lm\u0131\u015f de\u011fillerdir. Onlar\u0131n doyum ve mutluluklar\u0131 i\u00e7in katk\u0131lar\u0131 gereklidir. Onlar\u0131n ya\u015famlar\u0131n\u0131n hayati \u00f6nem ta\u015f\u0131yan anlam\u0131n\u0131 ve amac\u0131n\u0131 hissedebilirler s\u0131rayla da kendilerini d\u00fcnyan\u0131n korunmas\u0131na vermeleri gerekir.<\/p>\n<p>Tanr\u0131&#8217;dan Yeni Mesaj\u0131 d\u00fc\u015f\u00fcn\u00fcn uygulay\u0131n ve ya\u015famaya ba\u015flay\u0131n, Yeni Mesaj\u0131 okuyun, de\u011ferlendirinuygulamaya ba\u015flayarak onu ya\u015fay\u0131n. Sundu\u011fu nimetleri, g\u00fcc\u00fcn\u00fc kendi yarar\u0131n\u0131za al\u0131n. O ya\u015fam\u0131n\u0131zda ki g\u00fc\u00e7t\u00fcr.<\/p>\n<p>Yeni Mesaj, ba\u015fkalar\u0131yla payla\u015farak ve saf formunu s\u00fcrd\u00fcrerek, de\u011fi\u015ftirmeden veya ba\u015fka bir \u015fey ile kar\u015f\u0131la\u015ft\u0131rmadan korunmas\u0131n\u0131 ister.<\/p>\n<p>Asl\u0131nda, sizin Allah&#8217;tan, Yeni Mesaj\u0131 alman\u0131z ve tan\u0131kl\u0131k etmeniz istenir. ve e\u011fer alabilirseniz o l\u00fctuftur. Ve bunu savunman\u0131z istenir, Savunma d\u00fcnyadaki korumad\u0131r.<\/p>\n<p>Yeni Mesaj\u0131, kendi ve d\u00fcnyan\u0131n ihtiya\u00e7lar\u0131 i\u00e7in alman\u0131z istenir. Bunun sizin anlay\u0131\u015f\u0131n\u0131z olmas\u0131na izin verin.<\/p>\n","protected":false},"excerpt":{"rendered":"<p>Yeni Mesaj sizden d\u00fcr\u00fcstl\u00fck, samimiyet, sorumluluk ve ba\u011fl\u0131l\u0131kla, herkesin kendi ya\u015fam\u0131n\u0131 kurmas\u0131 gerekti\u011fini her \u015feyi topluluklar, k\u00f6yler, \u015fehirler ve D\u00fcnyada uluslar\u0131 aras\u0131nda kurmas\u0131n\u0131 talep eder. Yeni Mesaj, kendi ve d\u00fcnyan\u0131n ihtiya\u00e7lar\u0131n\u0131 onurland\u0131rman\u0131z\u0131, t\u00fcm d\u00fcnyan\u0131n ihtiya\u00e7 duydu\u011fu ve t\u00fcm insanl\u0131\u011f\u0131n yarar\u0131na olan, yarat\u0131c\u0131n\u0131n d\u00fcnyaya g\u00f6nderdi\u011fi bereket ve haz\u0131rl\u0131\u011f\u0131n\u0131 tan\u0131man\u0131z ve alman\u0131z\u0131 istemektedir. Bu herkese \u00e7ok g\u00f6r\u00fcn\u00fcyorsa,\u2026 <a class=\"read-more\" href=\"https:\/\/www.v6.newmessage.org\/tr\/about-new-message\/faq\/what-the-world-needs-now\/\"><span>Read More<\/span><\/a><\/p>\n","protected":false},"author":1,"featured_media":0,"parent":12778,"menu_order":8,"comment_status":"closed","ping_status":"closed","template":"template-leftsidebar.php","meta":{"_monsterinsights_skip_tracking":false,"_monsterinsights_sitenote_active":false,"_monsterinsights_sitenote_note":"","_monsterinsights_sitenote_category":0,"footnotes":""},"categories":[61],"tags":[855,846,415,854],"_links":{"self":[{"href":"https:\/\/www.v6.newmessage.org\/tr\/wp-json\/wp\/v2\/pages\/223"}],"collection":[{"href":"https:\/\/www.v6.newmessage.org\/tr\/wp-json\/wp\/v2\/pages"}],"about":[{"href":"https:\/\/www.v6.newmessage.org\/tr\/wp-json\/wp\/v2\/types\/page"}],"author":[{"embeddable":true,"href":"https:\/\/www.v6.newmessage.org\/tr\/wp-json\/wp\/v2\/users\/1"}],"replies":[{"embeddable":true,"href":"https:\/\/www.v6.newmessage.org\/tr\/wp-json\/wp\/v2\/comments?post=223"}],"version-history":[{"count":7,"href":"https:\/\/www.v6.newmessage.org\/tr\/wp-json\/wp\/v2\/pages\/223\/revisions"}],"predecessor-version":[{"id":27672,"href":"https:\/\/www.v6.newmessage.org\/tr\/wp-json\/wp\/v2\/pages\/223\/revisions\/27672"}],"up":[{"embeddable":true,"href":"https:\/\/www.v6.newmessage.org\/tr\/wp-json\/wp\/v2\/pages\/12778"}],"wp:attachment":[{"href":"https:\/\/www.v6.newmessage.org\/tr\/wp-json\/wp\/v2\/media?parent=223"}],"wp:term":[{"taxonomy":"category","embeddable":true,"href":"https:\/\/www.v6.newmessage.org\/tr\/wp-json\/wp\/v2\/categories?post=223"},{"taxonomy":"post_tag","embeddable":true,"href":"https:\/\/www.v6.newmessage.org\/tr\/wp-json\/wp\/v2\/tags?post=223"}],"curies":[{"name":"wp","href":"https:\/\/api.w.org\/{rel}","templated":true}]}}