{"id":221,"date":"2011-04-24T11:30:40","date_gmt":"2011-04-24T11:30:40","guid":{"rendered":"http:\/\/wp.www.newmessage.org\/?p=221"},"modified":"2019-01-17T02:40:49","modified_gmt":"2019-01-17T02:40:49","slug":"human-freedom","status":"publish","type":"page","link":"https:\/\/www.v6.newmessage.org\/tr\/about-new-message\/faq\/human-freedom\/","title":{"rendered":"Yeni Mesaj neyin savunucusudur?"},"content":{"rendered":"<p>1. \u00d6zg\u00fcrl\u00fck- \u00d6\u011frenmeyi in\u015fa etmek, s\u00fcrd\u00fcrmek ve korumak i\u00e7in bireysel \u00f6zg\u00fcrl\u00fck ve insanl\u0131\u011f\u0131n toplu \u00f6zg\u00fcrl\u00fc\u011f\u00fc ve benzeri g\u00f6r\u00fclmemi\u015f zorluklar kar\u015f\u0131s\u0131ndaki \u00f6zg\u00fcrl\u00fc\u011f\u00fc i\u00e7indir.<\/p>\n<p>2. \u0130nsan birli\u011fi, i\u015fbirli\u011fi ve sava\u015f ve \u00e7at\u0131\u015fmalar\u0131n durmas\u0131, d\u0131\u015far\u0131da olan y\u00fcksek ahlak ve idealler de\u011fil, insanl\u0131\u011f\u0131n kolektif ya\u015fam\u0131 i\u00e7in y\u00fcksek ahlak ve idealler.<\/p>\n<p>3. \u00c7evre restorasyonu ve \u00e7evre korumas\u0131n\u0131n s\u00fcrd\u00fcr\u00fclebilirli\u011fi ve insanl\u0131\u011f\u0131n gelece\u011fe sahip olabilmesi i\u00e7in rekabet yerine, d\u00fcnyada azalan kaynaklar\u0131n payla\u015f\u0131m\u0131, b\u00f6ylece sava\u015ftan ka\u00e7\u0131nmak.<\/p>\n<p>4. Bilginin \u00f6nceli\u011fi bireyin i\u00e7indedir. Bilgi Yarat\u0131c\u0131&#8217;n\u0131n B\u00fcy\u00fck ba\u011f\u0131\u015f\u0131d\u0131r. Bir ruhsal deneyimle, insanl\u0131\u011f\u0131n ruhsal birli\u011fini ifade etmesini sa\u011flayarak i\u00e7inizde ya\u015far. Irk, k\u00fclt\u00fcr, ulus ve dinin b\u00fct\u00fcn b\u00f6l\u00fcnmelerin \u00f6tesindedir. Bilgi tek ba\u015f\u0131na bireysel olarak rehberlik etmek ve korumak ve insanl\u0131\u011f\u0131 birle\u015ftirmek ve etkinle\u015ftirmek i\u00e7in ileriye yeni bir yol sa\u011flay\u0131c\u0131 g\u00fcc\u00fc bulunmaktad\u0131r.<\/p>\n<p>5. T\u00fcm D\u00fcnya dinleri bar\u0131\u015f\u00e7\u0131l ve bir arada ya\u015fam ve i\u015fbirli\u011fi i\u00e7in Tanr\u0131 taraf\u0131ndan ba\u015flanm\u0131\u015ft\u0131r. Birbirleriyle rekabet ve \u00e7at\u0131\u015fma i\u00e7inde olmas\u0131 asla ama\u00e7lanmam\u0131\u015ft\u0131r .<\/p>\n<p>6.Fiziksel bir \u00e7evrede zihinsel olarak g\u00fc\u00e7l\u00fc olunmal\u0131d\u0131r. Fiziksel \u00e7evrenin yan\u0131 s\u0131ra, zihinsel bir ortamda ya\u015f\u0131yoruz. Zihinsel ortamda yayg\u0131n olan d\u00fc\u015f\u00fcnceler ve etkisi, hepimizin i\u00e7inde ya\u015fad\u0131\u011f\u0131 ortamd\u0131r. \u00d6zg\u00fcrce d\u00fc\u015f\u00fcnmek, se\u00e7ici olmak ve zihinsel g\u00fcd\u00fcmlemelere kar\u015f\u0131 gelebilmek i\u00e7in, zihinsel ortam\u0131 \u00f6\u011frenmeli ve i\u00e7imizde bir g\u00fc\u00e7 haline gelmemiz gerekir. Bilgiye Ad\u0131mlar, Yeni Mesaj\u0131n Uygulama kitab\u0131, bunu \u00f6\u011fretir.<\/p>\n<p>7. B\u00fcy\u00fck Toplum i\u00e7in haz\u0131rlanmak &#8211; \u0130zolasyonumuz sona ermi\u015ftir. Yeni Mesaj\u0131n kehaneti Evrende insanl\u0131\u011f\u0131n, hatta kendi d\u00fcnyas\u0131 i\u00e7inde bile yaln\u0131z olmad\u0131\u011f\u0131n\u0131 ortaya koymakt\u0131r. Yeni Mesajla evrendeki zeki ya\u015famla B\u00fcy\u00fck Toplumla kar\u015f\u0131la\u015fmadan \u00f6nce ger\u00e7eklik, tehlike ve f\u0131rsatlar i\u00e7in, bireyleri ve uluslar\u0131 ger\u00e7e\u011fe haz\u0131rlamak i\u00e7in buradad\u0131r.<br \/>\nBu d\u00fcnyadaki yerli halklar gibi, m\u00fcdahale ile ilk kar\u015f\u0131la\u015ft\u0131\u011f\u0131nda bilgelik ve sezgi g\u00fc\u00e7leriyle ve kendi angajman kurallar\u0131n\u0131 kurmas\u0131 gerekir.<\/p>\n<p>8.De\u011fi\u015fimin B\u00fcy\u00fck Dalgalar\u0131na haz\u0131rlanmak.<br \/>\nYeni Mesaj\u0131n kehaneti De\u011fi\u015fimin B\u00fcy\u00fck Dalgalar\u0131 insanl\u0131k tarihinde g\u00f6r\u00fclmemi\u015f bir durum yaratarak, t\u00fcm insanl\u0131k ailesinin \u00fczerine birle\u015ferek yakla\u015fmaktad\u0131r. B\u00fcy\u00fck Dalgalar aras\u0131nda iklim de\u011fi\u015fikli\u011fi ve hava felaketleri, azalan enerji kaynaklar\u0131, ciddi \u00e7evresel bozulma, azalan g\u0131da \u00fcretimi, ekonomik istikrars\u0131zl\u0131k ve d\u00fcnyan\u0131n geri kalan kaynaklar\u0131 \u00fczerindeki rekabet, b\u00fcy\u00fcyen \u00e7at\u0131\u015fma ve sava\u015f tehditi bulunmaktad\u0131r. B\u00fcy\u00fck Dalgalar, zengin \u00fclkelerde bile, d\u00fcnya \u00e7ap\u0131nda b\u00fcy\u00fck bir istikrars\u0131zl\u0131k yaratacakt\u0131r. B\u00fcy\u00fck Toplum ger\u00e7e\u011fi tan\u0131yarak gelen De\u011fi\u015fimin B\u00fcy\u00fck Dalgalar\u0131na haz\u0131rlanmal\u0131d\u0131r. De\u011fi\u015fimin B\u00fcy\u00fck Dalgalar\u0131 \u00e7a\u011f\u0131m\u0131z\u0131n en b\u00fcy\u00fck ihtiya\u00e7lar\u0131n\u0131 temsil eder. Yeni Mesaj \u00f6n\u00fcm\u00fczdeki zor zamanlara haz\u0131rlanmam\u0131z i\u00e7in gelmi\u015ftir.<\/p>\n<p>9 &#8211; \u0130htiyac\u0131 olan bir d\u00fcnya i\u00e7in katk\u0131da bulunmak.<br \/>\nGer\u00e7ek mutluluk, buraya yapmak i\u00e7in geldi\u011finiz \u015feyin sonucudur. Bunu ba\u015farmak i\u00e7in, d\u00fc\u015f\u00fcnen zihninizi i\u00e7inizdeki daha derin zihninizdeki bilgiyle birle\u015ftirmeniz ve d\u00fcnyada misyonu yerine getirmek i\u00e7in bilgelik ve g\u00fcc\u00fc geli\u015ftirmenizdir.<\/p>\n<p>10. Ya\u015fam\u0131n d\u00f6rt aya\u011f\u0131n\u0131 in\u015faa etmek.<br \/>\nYa\u015fam\u0131n\u0131zda, ya\u015fam\u0131 destekleyen ve g\u00fc\u00e7, istikrar ve denge sa\u011flayan, d\u00f6rt ayakl\u0131 bir masa gibi, d\u00f6rt ayak vard\u0131r:<br \/>\n&#8211; \u0130li\u015fkiler Aya\u011f\u0131,<br \/>\n&#8211; Sa\u011fl\u0131k Aya\u011f\u0131,<br \/>\n&#8211; \u0130\u015f &amp; Sa\u011flay\u0131c\u0131lar Aya\u011f\u0131,<br \/>\n&#8211; Ruhsal Geli\u015fim Aya\u011f\u0131,<br \/>\nYeni Mesaj ya\u015fam\u0131n d\u00f6rt aya\u011f\u0131n\u0131n ger\u00e7ekten ne anlama geldi\u011fini ve nas\u0131l g\u00fc\u00e7lendirilece\u011fini ve korunabilece\u011fini ortaya koymaktad\u0131r. B\u00fcy\u00fck Dalgalara dayanacak ve ba\u015fkalar\u0131 i\u00e7in bir g\u00fc\u00e7 kayna\u011f\u0131 olmaya muktedir g\u00fc\u00e7l\u00fc aya\u011f\u0131 gerektirecektir.<\/p>\n<p>11. \u0130li\u015fkilerin Y\u00fcksek Amac\u0131.<br \/>\nBir misyonla do\u011fdunuz. Bilgi, bu misyonu bulman\u0131za ve yerine getirmenize yard\u0131m edecektir. Sonu\u00e7 olarak, ya\u015fam\u0131n\u0131zda tan\u0131\u015farak ba\u011flanaca\u011f\u0131n\u0131z baz\u0131 bireyler vard\u0131r. Daha derin bir d\u00fczeyde, bu sizin ili\u015fkide aray\u0131\u015f\u0131n\u0131z\u0131 temsil eder. Yeni mesajda bunlara y\u00fcksek ama\u00e7l\u0131 ili\u015fkiler denir. Yeni Mesaj, di\u011fer her t\u00fcrl\u00fc cazibe ve y\u00fck\u00fcml\u00fcl\u00fc\u011f\u00fcn \u00f6tesinde, bu bireyleri nas\u0131l bulaca\u011f\u0131n\u0131z\u0131 ve nas\u0131l anlayaca\u011f\u0131n\u0131z\u0131 size \u00f6\u011fretir.<br \/>\nBu misyonu yaln\u0131z olarak yerine getiremezsiniz. Misyonun kaderini, kendi ile uyum i\u00e7inde, b\u00fct\u00fcnl\u00fc\u011f\u00fc olan, ola\u011fan\u00fcst\u00fc d\u00fcr\u00fcst ili\u015fkiler gerektirecektir. Bu \u015feyleri savunan yeni bir vasiyetname olmas\u0131 gerekir.<br \/>\nTanr\u0131&#8217;dan Yeni Mesaj, ge\u00e7mi\u015ften gelen \u00e7at\u0131\u015fmalar ve anla\u015fmazl\u0131klar\u0131n \u00f6tesine, inan\u00e7 ve varsay\u0131mlar\u0131n t\u00fcm\u00fcn\u00fcn \u00f6tesine ge\u00e7er, yeni bir vasiyetname, yeni bir anlay\u0131\u015f, yeni bir yoldur.<\/p>\n<p>Yeni Mesaj bilgelik, \u00f6zg\u00fcrl\u00fck, insanl\u0131k, ruhsall\u0131k ve \u00e7a\u011f\u0131m\u0131z\u0131n en b\u00fcy\u00fck ihtiya\u00e7lar\u0131na dayal\u0131 ama\u00e7, birlik ve i\u015fbirli\u011fini savunur.<\/p>\n","protected":false},"excerpt":{"rendered":"<p>1. \u00d6zg\u00fcrl\u00fck- \u00d6\u011frenmeyi in\u015fa etmek, s\u00fcrd\u00fcrmek ve korumak i\u00e7in bireysel \u00f6zg\u00fcrl\u00fck ve insanl\u0131\u011f\u0131n toplu \u00f6zg\u00fcrl\u00fc\u011f\u00fc ve benzeri g\u00f6r\u00fclmemi\u015f zorluklar kar\u015f\u0131s\u0131ndaki \u00f6zg\u00fcrl\u00fc\u011f\u00fc i\u00e7indir. 2. \u0130nsan birli\u011fi, i\u015fbirli\u011fi ve sava\u015f ve \u00e7at\u0131\u015fmalar\u0131n durmas\u0131, d\u0131\u015far\u0131da olan y\u00fcksek ahlak ve idealler de\u011fil, insanl\u0131\u011f\u0131n kolektif ya\u015fam\u0131 i\u00e7in y\u00fcksek ahlak ve idealler. 3. \u00c7evre restorasyonu ve \u00e7evre korumas\u0131n\u0131n s\u00fcrd\u00fcr\u00fclebilirli\u011fi ve insanl\u0131\u011f\u0131n\u2026 <a class=\"read-more\" href=\"https:\/\/www.v6.newmessage.org\/tr\/about-new-message\/faq\/human-freedom\/\"><span>Read More<\/span><\/a><\/p>\n","protected":false},"author":1,"featured_media":0,"parent":12778,"menu_order":7,"comment_status":"closed","ping_status":"closed","template":"template-leftsidebar.php","meta":{"_monsterinsights_skip_tracking":false,"_monsterinsights_sitenote_active":false,"_monsterinsights_sitenote_note":"","_monsterinsights_sitenote_category":0,"footnotes":""},"categories":[61],"tags":[846,414,853],"_links":{"self":[{"href":"https:\/\/www.v6.newmessage.org\/tr\/wp-json\/wp\/v2\/pages\/221"}],"collection":[{"href":"https:\/\/www.v6.newmessage.org\/tr\/wp-json\/wp\/v2\/pages"}],"about":[{"href":"https:\/\/www.v6.newmessage.org\/tr\/wp-json\/wp\/v2\/types\/page"}],"author":[{"embeddable":true,"href":"https:\/\/www.v6.newmessage.org\/tr\/wp-json\/wp\/v2\/users\/1"}],"replies":[{"embeddable":true,"href":"https:\/\/www.v6.newmessage.org\/tr\/wp-json\/wp\/v2\/comments?post=221"}],"version-history":[{"count":14,"href":"https:\/\/www.v6.newmessage.org\/tr\/wp-json\/wp\/v2\/pages\/221\/revisions"}],"predecessor-version":[{"id":27670,"href":"https:\/\/www.v6.newmessage.org\/tr\/wp-json\/wp\/v2\/pages\/221\/revisions\/27670"}],"up":[{"embeddable":true,"href":"https:\/\/www.v6.newmessage.org\/tr\/wp-json\/wp\/v2\/pages\/12778"}],"wp:attachment":[{"href":"https:\/\/www.v6.newmessage.org\/tr\/wp-json\/wp\/v2\/media?parent=221"}],"wp:term":[{"taxonomy":"category","embeddable":true,"href":"https:\/\/www.v6.newmessage.org\/tr\/wp-json\/wp\/v2\/categories?post=221"},{"taxonomy":"post_tag","embeddable":true,"href":"https:\/\/www.v6.newmessage.org\/tr\/wp-json\/wp\/v2\/tags?post=221"}],"curies":[{"name":"wp","href":"https:\/\/api.w.org\/{rel}","templated":true}]}}