{"id":16492,"date":"2014-10-29T23:53:02","date_gmt":"2014-10-29T23:53:02","guid":{"rendered":"http:\/\/www.newmessage.org\/?page_id=16492"},"modified":"2021-02-09T22:10:17","modified_gmt":"2021-02-09T22:10:17","slug":"pure-religion","status":"publish","type":"page","link":"https:\/\/www.v6.newmessage.org\/tr\/the-message\/volume-1\/pure-religion\/","title":{"rendered":"Saf Din"},"content":{"rendered":"<p><img loading=\"lazy\" decoding=\"async\" class=\"imgborder alignright\" src=\"\/\/www.newmessage.org\/wp-content\/uploads\/2014\/10\/the-pure-religion-205x300.jpg\" alt=\"\" width=\"231\" height=\"339\" \/><\/p>\n<p>Saf Din, d\u00fcnya dinlerinin daha derin y\u00fcre\u011fini ve anlam\u0131n\u0131 ve bu zamanda d\u00fcnyadaki t\u00fcm inan\u00e7 geleneklerinden t\u00fcm insanlara hitap etmeye \u00e7al\u0131\u015fan Tanr\u0131&#8217;n\u0131n G\u00fcc\u00fc ve Varl\u0131\u011f\u0131n\u0131 yeniden ortaya \u00e7\u0131karmak i\u00e7in Tanr\u0131&#8217;dan verilen bir vahiy kitab\u0131d\u0131r.<\/p>\n<p>Saf Din, Ayr\u0131l\u0131k&#8217;\u0131n ba\u015flang\u0131c\u0131nda Tanr\u0131 taraf\u0131ndan ba\u015flat\u0131lan ve daha sonra ak\u0131ll\u0131 ya\u015fam\u0131n var oldu\u011fu evrendeki t\u00fcm d\u00fcnyalara sokulan, uyan\u0131\u015f, kurtulu\u015f ve Yaradan&#8217;a d\u00f6n\u00fc\u015f\u00fcn zamans\u0131z yoludur. Saf Din, Tanr\u0131&#8217;dan ayr\u0131 bir durumda ya\u015faman\u0131n bu d\u00fcnyadaki din tarihinde yaratt\u0131\u011f\u0131 trajedi ve \u0131st\u0131raba Tanr\u0131&#8217;n\u0131n cevab\u0131d\u0131r. Bu, Tanr\u0131&#8217;dan t\u00fcm ya\u015fama canl\u0131 ileti\u015fimdir, Ayr\u0131l\u0131k i\u00e7inde ya\u015fayan herkesi Tanr\u0131&#8217;n\u0131n birli\u011fine geri d\u00f6nmeye \u00e7a\u011f\u0131r\u0131r ve bir d\u00f6n\u00fc\u015f yolu sunar.<\/p>\n<p>Tanr\u0131 insanl\u0131\u011fa yeni bir Vahiy ula\u015ft\u0131rarak tekrar konu\u015ftu. Bu Vahiy, t\u00fcm d\u00fcnya dinlerinin kalbinde yatan saf maneviyat\u0131n do\u011frudan bir yans\u0131mas\u0131d\u0131r.<\/p>\n<p>Yeni Mesaj, hi\u00e7 kimsenin kendi dininin tek ger\u00e7ek din oldu\u011funu iddia edemeyece\u011fini ilan ediyor. Bunun yerine, d\u00fcnyadaki her insana Tanr\u0131&#8217;n\u0131n saf ve gizemli \u00e7a\u011fr\u0131s\u0131 vard\u0131r. Bu \u00e7a\u011fr\u0131, Hristiyan, M\u00fcsl\u00fcman, Yahudi, Budist, ba\u015fka bir dine mensup veya belirli bir inanc\u0131 olmayan bir ki\u015fi olsun, t\u00fcm insanlara ses \u00e7\u0131kar\u0131r. Bu, her insan\u0131 inan\u00e7 s\u0131n\u0131rlar\u0131n\u0131n \u00f6tesine ge\u00e7meye ve d\u00fcnyada daha derin deneyime, daha b\u00fcy\u00fck ili\u015fkiye ve daha y\u00fcksek amaca sahip bir hayata girmeye \u00e7a\u011f\u0131ran i\u00e7sel bir \u00e7a\u011fr\u0131d\u0131r.<\/p>\n<p>Tanr\u0131&#8217;dan Yeni Bir Mesaj d\u00fcnyaya geldi. \u0130nsanl\u0131k tarihi boyunca ve tezah\u00fcr eden evrenin ba\u015flang\u0131c\u0131ndan beri var olan Tanr\u0131 ile zamans\u0131z saf ba\u011flant\u0131n\u0131n bir ifadesidir. \u0130nsanl\u0131\u011f\u0131n art\u0131k yanl\u0131\u015f anla\u015f\u0131lmalar, otorite ve yozla\u015fma taraf\u0131ndan engellenmeyen bu saf deneyime do\u011frudan eri\u015fimi var. \u015eimdi d\u00fcnyaya yeniden girdi.<\/p>\n<p>Saf Din, Tanr\u0131&#8217;dan Yeni Mesaj&#8217;\u0131n 1. cildinin yedinci kitab\u0131d\u0131r.<\/p>\n<p style=\"text-align: left;\"><div class=\"toggle toggle-white\"><h4 class=\"trigger \"><span class=\"t_ico\"><\/span><a href=\"#\">More about the volumes of the New Message from God<\/a><\/h4><div class=\"toggle_container \"><br \/>\n<div data-post-id='24520' class='insert-page insert-page-24520 '><\/div><br \/>\n<\/div><\/div>\n<div class=\"background-color-bridesmaid padding-20\">\n<h2 style=\"text-align: left;\"><span style=\"color: #525252;\"><\/p>\n<h4>\u0130\u00e7erik tablosu<\/h4>\n<p><a href=\"https:\/\/www.newmessage.org\/tr\/the-message\/volume-1\/pure-religion\/introduction\/\">Giri\u015f<\/a><br \/>\n1: <a href=\"https:\/\/www.newmessage.org\/tr\/the-message\/volume-1\/pure-religion\/the-pure-religion\/\">Saf Din<\/a><br \/>\n2: <a href=\"https:\/\/www.newmessage.org\/tr\/the-message\/volume-1\/pure-religion\/the-great-faith\/\">B\u00fcy\u00fck \u0130nan\u00e7<\/a><br \/>\n3: <a href=\"https:\/\/www.newmessage.org\/tr\/the-message\/volume-1\/pure-religion\/the-sacred\/\">Kutsal<\/a><br \/>\n4: <a href=\"\/the-message\/volume-1\/pure-religion\/gods-ancient-covenant-with-humanity\">God&#8217;s Ancient Covenant with Humanity<\/a><br \/>\n5: <a href=\"https:\/\/www.newmessage.org\/tr\/the-message\/volume-1\/pure-religion\/the-purpose-of-religion\/\">Dinin Amac\u0131<\/a><br \/>\n6: <a href=\"https:\/\/www.newmessage.org\/tr\/the-message\/volume-1\/pure-religion\/gods-new-message-for-the-worlds-religions\/\">Tanr\u0131\u2019n\u0131n D\u00fcnya Dinleri \u0130\u00e7in Yeni Mesaji<\/a><br \/>\n7: <a href=\"https:\/\/www.newmessage.org\/tr\/the-message\/volume-1\/pure-religion\/religious-fundamentalism\/\">K\u00f6ktendincilik<\/a><br \/>\n8: <a href=\"https:\/\/www.newmessage.org\/tr\/the-message\/volume-1\/pure-religion\/religious-violence\/\">Dini \u015eiddet<\/a><br \/>\n9: <a href=\"https:\/\/www.newmessage.org\/tr\/the-message\/volume-1\/pure-religion\/heaven-and-hell\/\">Cennet ve Cehennem<\/a><br \/>\n10: <a href=\"https:\/\/www.newmessage.org\/tr\/the-message\/volume-1\/pure-religion\/sin-error-and-redemption\/\">G\u00fcnah, Hata ve Kefaret<\/a><br \/>\n11: <a href=\"https:\/\/www.newmessage.org\/tr\/the-message\/volume-1\/pure-religion\/the-miracle\/\">Mucize<\/a><br \/>\n12: <a href=\"https:\/\/www.newmessage.org\/tr\/the-message\/volume-1\/pure-religion\/spiritual-families\/\">Manevi Aileler ve Tanr\u0131&#8217;n\u0131n Plan\u0131<\/a><br \/>\n13: <a href=\"https:\/\/www.newmessage.org\/tr\/the-message\/volume-1\/pure-religion\/the-redeemer\/\">Kef\u00e2ret<\/a><\/p>\n<\/div>\n","protected":false},"excerpt":{"rendered":"<p>Saf Din, d\u00fcnya dinlerinin daha derin y\u00fcre\u011fini ve anlam\u0131n\u0131 ve bu zamanda d\u00fcnyadaki t\u00fcm inan\u00e7 geleneklerinden t\u00fcm insanlara hitap etmeye \u00e7al\u0131\u015fan Tanr\u0131&#8217;n\u0131n G\u00fcc\u00fc ve Varl\u0131\u011f\u0131n\u0131 yeniden ortaya \u00e7\u0131karmak i\u00e7in Tanr\u0131&#8217;dan verilen bir vahiy kitab\u0131d\u0131r. Saf Din, Ayr\u0131l\u0131k&#8217;\u0131n ba\u015flang\u0131c\u0131nda Tanr\u0131 taraf\u0131ndan ba\u015flat\u0131lan ve daha sonra ak\u0131ll\u0131 ya\u015fam\u0131n var oldu\u011fu evrendeki t\u00fcm d\u00fcnyalara sokulan, uyan\u0131\u015f, kurtulu\u015f ve\u2026 <a class=\"read-more\" href=\"https:\/\/www.v6.newmessage.org\/tr\/the-message\/volume-1\/pure-religion\/\"><span>Read More<\/span><\/a><\/p>\n","protected":false},"author":1,"featured_media":0,"parent":16287,"menu_order":1,"comment_status":"closed","ping_status":"closed","template":"template-leftsidebar.php","meta":{"_monsterinsights_skip_tracking":false,"_monsterinsights_sitenote_active":false,"_monsterinsights_sitenote_note":"","_monsterinsights_sitenote_category":0,"footnotes":""},"categories":[466,460],"tags":[779,641,632],"_links":{"self":[{"href":"https:\/\/www.v6.newmessage.org\/tr\/wp-json\/wp\/v2\/pages\/16492"}],"collection":[{"href":"https:\/\/www.v6.newmessage.org\/tr\/wp-json\/wp\/v2\/pages"}],"about":[{"href":"https:\/\/www.v6.newmessage.org\/tr\/wp-json\/wp\/v2\/types\/page"}],"author":[{"embeddable":true,"href":"https:\/\/www.v6.newmessage.org\/tr\/wp-json\/wp\/v2\/users\/1"}],"replies":[{"embeddable":true,"href":"https:\/\/www.v6.newmessage.org\/tr\/wp-json\/wp\/v2\/comments?post=16492"}],"version-history":[{"count":60,"href":"https:\/\/www.v6.newmessage.org\/tr\/wp-json\/wp\/v2\/pages\/16492\/revisions"}],"predecessor-version":[{"id":28056,"href":"https:\/\/www.v6.newmessage.org\/tr\/wp-json\/wp\/v2\/pages\/16492\/revisions\/28056"}],"up":[{"embeddable":true,"href":"https:\/\/www.v6.newmessage.org\/tr\/wp-json\/wp\/v2\/pages\/16287"}],"wp:attachment":[{"href":"https:\/\/www.v6.newmessage.org\/tr\/wp-json\/wp\/v2\/media?parent=16492"}],"wp:term":[{"taxonomy":"category","embeddable":true,"href":"https:\/\/www.v6.newmessage.org\/tr\/wp-json\/wp\/v2\/categories?post=16492"},{"taxonomy":"post_tag","embeddable":true,"href":"https:\/\/www.v6.newmessage.org\/tr\/wp-json\/wp\/v2\/tags?post=16492"}],"curies":[{"name":"wp","href":"https:\/\/api.w.org\/{rel}","templated":true}]}}